{"id":3360,"date":"2025-05-21T13:45:18","date_gmt":"2025-05-21T12:45:18","guid":{"rendered":"https:\/\/mersatradedz.com\/?post_type=product&#038;p=3360"},"modified":"2025-05-21T13:45:18","modified_gmt":"2025-05-21T12:45:18","slug":"toner-canon-070","status":"publish","type":"product","link":"https:\/\/mersatradedz.com\/ar\/product\/toner-canon-070\/","title":{"rendered":"Toner Canon 070"},"content":{"rendered":"<h3 data-start=\"706\" data-end=\"846\"><strong data-start=\"706\" data-end=\"728\">Texte net et dense<\/strong><\/h3>\n<p class=\"\" data-start=\"706\" data-end=\"846\">Le Canon 070 produit un noir profond, parfait pour les documents professionnels, rapports et impressions de bureau.<\/p>\n<h3 data-start=\"848\" data-end=\"922\"><strong data-start=\"848\" data-end=\"874\">Compatibilit\u00e9 compl\u00e8te<\/strong><\/h3>\n<p class=\"\" data-start=\"848\" data-end=\"922\">Compatible avec les imprimantes suivantes :<\/p>\n<ul data-start=\"923\" data-end=\"1056\">\n<li class=\"\" data-start=\"923\" data-end=\"950\">\n<p class=\"\" data-start=\"925\" data-end=\"950\">Canon i-SENSYS LBP236dw<\/p>\n<\/li>\n<li class=\"\" data-start=\"951\" data-end=\"1056\">\n<p class=\"\" data-start=\"953\" data-end=\"1056\">Canon i-SENSYS MF451dw \/ MF453dw \/ MF455dw<br data-start=\"995\" data-end=\"998\" \/>Installation imm\u00e9diate, sans configuration suppl\u00e9mentaire.<\/p>\n<\/li>\n<\/ul>\n<p>Canon LBP 240 S\u00e9ries , Canon LBP 243dw , Canon LBP 246dw , Canon LBP 247dw , Canon MF 460 S\u00e9ries , Canon MF 461dw , Canon MF 462dw , Canon MF 463dw , Canon MF 465dw , Canon i-Sensys LBP240 S\u00e9ries , Canon i-Sensys LBP243 , Canon i-Sensys LBP243dw , Canon i-Sensys LBP246dw , Canon i-Sensys LBP247dw , Canon i-Sensys MF460 S\u00e9ries , Canon i-Sensys MF461dw , Canon i-Sensys MF462dw , Canon i-Sensys MF463dw , Canon i-Sensys MF465dw<\/p>\n<h3 data-start=\"1058\" data-end=\"1215\"><strong data-start=\"1058\" data-end=\"1076\">Haute capacit\u00e9<\/strong><\/h3>\n<p class=\"\" data-start=\"1058\" data-end=\"1215\">Avec un rendement jusqu\u2019\u00e0 <strong data-start=\"1105\" data-end=\"1120\">3 000 pages<\/strong> (\u00e0 5 % de couverture), ce toner convient parfaitement \u00e0 une utilisation quotidienne intensive.<\/p>\n<h3 data-start=\"1217\" data-end=\"1361\"><strong data-start=\"1217\" data-end=\"1246\">Simplicit\u00e9 d\u2019installation<\/strong><\/h3>\n<p class=\"\" data-start=\"1217\" data-end=\"1361\">Le Canon 070 est facile \u00e0 ins\u00e9rer et d\u00e9tect\u00e9 instantan\u00e9ment par l\u2019imprimante. Aucun risque de fuite ou d\u2019erreur.<\/p>\n<h3 data-start=\"1363\" data-end=\"1397\"><strong data-start=\"1363\" data-end=\"1395\">Caract\u00e9ristiques principales<\/strong><\/h3>\n<ul data-start=\"1398\" data-end=\"1564\">\n<li class=\"\" data-start=\"1398\" data-end=\"1420\">\n<p class=\"\" data-start=\"1400\" data-end=\"1420\">Mod\u00e8le : Canon 070<\/p>\n<\/li>\n<li class=\"\" data-start=\"1421\" data-end=\"1439\">\n<p class=\"\" data-start=\"1423\" data-end=\"1439\">Couleur : Noir<\/p>\n<\/li>\n<li class=\"\" data-start=\"1440\" data-end=\"1474\">\n<p class=\"\" data-start=\"1442\" data-end=\"1474\">Technologie : laser monochrome<\/p>\n<\/li>\n<li class=\"\" data-start=\"1475\" data-end=\"1510\">\n<p class=\"\" data-start=\"1477\" data-end=\"1510\">Rendement : jusqu\u2019\u00e0 3 000 pages<\/p>\n<\/li>\n<li class=\"\" data-start=\"1511\" data-end=\"1564\">\n<p class=\"\" data-start=\"1513\" data-end=\"1564\">Compatibilit\u00e9 : i-SENSYS LBP236, MF451, MF455, etc.<\/p>\n<\/li>\n<\/ul>\n<h3 data-start=\"1566\" data-end=\"1725\"><strong data-start=\"1566\" data-end=\"1585\">Fiabilit\u00e9 Canon<\/strong><\/h3>\n<p class=\"\" data-start=\"1566\" data-end=\"1725\">Con\u00e7u pour durer, le Canon 070 assure une qualit\u00e9 constante de la premi\u00e8re \u00e0 la derni\u00e8re page, tout en optimisant le co\u00fbt par impression.<\/p>","protected":false},"excerpt":{"rendered":"<p class=\"\" data-start=\"316\" data-end=\"632\">Le toner Canon 070 noir garantit une impression nette, professionnelle et constante. Con\u00e7u pour les imprimantes Canon i-SENSYS de nouvelle g\u00e9n\u00e9ration, il offre un rendement d\u2019environ 3 000 pages. Id\u00e9al pour les environnements professionnels exigeants, il associe fiabilit\u00e9, installation rapide et qualit\u00e9 sup\u00e9rieure.<\/p>","protected":false},"featured_media":3361,"comment_status":"open","ping_status":"closed","template":"","meta":{"_monsterinsights_skip_tracking":false,"_monsterinsights_sitenote_active":false,"_monsterinsights_sitenote_note":"","_monsterinsights_sitenote_category":0},"product_brand":[826],"product_cat":[15],"product_tag":[236,994,995,996,997,998,999,1000,1001,1002,1003,985,986,987,988,989,990,991,992,993,876,849,254],"class_list":{"0":"post-3360","1":"product","2":"type-product","3":"status-publish","4":"has-post-thumbnail","6":"product_brand-canon","7":"product_cat-uncategorized","8":"product_tag-canon","9":"product_tag-canon-i-sensys-lbp240-series","10":"product_tag-canon-i-sensys-lbp243","11":"product_tag-canon-i-sensys-lbp243dw","12":"product_tag-canon-i-sensys-lbp246dw","13":"product_tag-canon-i-sensys-lbp247dw","14":"product_tag-canon-i-sensys-mf460-series","15":"product_tag-canon-i-sensys-mf461dw","16":"product_tag-canon-i-sensys-mf462dw","17":"product_tag-canon-i-sensys-mf463dw","18":"product_tag-canon-i-sensys-mf465dw","19":"product_tag-canon-lbp-240-series","20":"product_tag-canon-lbp-243dw","21":"product_tag-canon-lbp-246dw","22":"product_tag-canon-lbp-247dw","23":"product_tag-canon-mf-460-series","24":"product_tag-canon-mf-461dw","25":"product_tag-canon-mf-462dw","26":"product_tag-canon-mf-463dw","27":"product_tag-canon-mf-465dw","28":"product_tag-compatible","29":"product_tag-consomable","30":"product_tag-toner","32":"first","33":"instock","34":"purchasable","35":"product-type-simple"},"yoast_head":"<!-- This site is optimized with the Yoast SEO plugin v27.4 - https:\/\/yoast.com\/product\/yoast-seo-wordpress\/ -->\n<title>Toner Canon 070 - mersatradedz<\/title>\n<meta name=\"robots\" content=\"index, follow, max-snippet:-1, max-image-preview:large, max-video-preview:-1\" \/>\n<link rel=\"canonical\" href=\"https:\/\/mersatradedz.com\/ar\/product\/toner-canon-070\/\" \/>\n<meta property=\"og:locale\" content=\"ar_AR\" \/>\n<meta property=\"og:type\" content=\"article\" \/>\n<meta property=\"og:title\" content=\"Toner Canon 070 - mersatradedz\" \/>\n<meta property=\"og:description\" content=\"Le toner Canon 070 noir garantit une impression nette, professionnelle et constante. Con\u00e7u pour les imprimantes Canon i-SENSYS de nouvelle g\u00e9n\u00e9ration, il offre un rendement d\u2019environ 3 000 pages. Id\u00e9al pour les environnements professionnels exigeants, il associe fiabilit\u00e9, installation rapide et qualit\u00e9 sup\u00e9rieure.\" \/>\n<meta property=\"og:url\" content=\"https:\/\/mersatradedz.com\/ar\/product\/toner-canon-070\/\" \/>\n<meta property=\"og:site_name\" content=\"mersatradedz\" \/>\n<meta property=\"article:publisher\" content=\"https:\/\/www.facebook.com\/ntbidz\" \/>\n<meta property=\"og:image\" content=\"https:\/\/mersatradedz.com\/wp-content\/uploads\/2025\/05\/0115396_compatible-canon-070-black-toner-cartridge-48bd5d4d-1aee-4ccf-a1b5-cc8970a5da43_625jpg.jpeg\" \/>\n\t<meta property=\"og:image:width\" content=\"625\" \/>\n\t<meta property=\"og:image:height\" content=\"625\" \/>\n\t<meta property=\"og:image:type\" content=\"image\/jpeg\" \/>\n<meta name=\"twitter:card\" content=\"summary_large_image\" \/>\n<meta name=\"twitter:label1\" content=\"\u0648\u0642\u062a \u0627\u0644\u0642\u0631\u0627\u0621\u0629 \u0627\u0644\u0645\u064f\u0642\u062f\u0651\u0631\" \/>\n\t<meta name=\"twitter:data1\" content=\"\u062f\u0642\u064a\u0642\u0629 \u0648\u0627\u062d\u062f\u0629\" \/>\n<script type=\"application\/ld+json\" class=\"yoast-schema-graph\">{\"@context\":\"https:\\\/\\\/schema.org\",\"@graph\":[{\"@type\":\"WebPage\",\"@id\":\"https:\\\/\\\/mersatradedz.com\\\/product\\\/toner-canon-070\\\/\",\"url\":\"https:\\\/\\\/mersatradedz.com\\\/product\\\/toner-canon-070\\\/\",\"name\":\"Toner Canon 070 - mersatradedz\",\"isPartOf\":{\"@id\":\"https:\\\/\\\/mersatradedz.com\\\/#website\"},\"primaryImageOfPage\":{\"@id\":\"https:\\\/\\\/mersatradedz.com\\\/product\\\/toner-canon-070\\\/#primaryimage\"},\"image\":{\"@id\":\"https:\\\/\\\/mersatradedz.com\\\/product\\\/toner-canon-070\\\/#primaryimage\"},\"thumbnailUrl\":\"https:\\\/\\\/mersatradedz.com\\\/wp-content\\\/uploads\\\/2025\\\/05\\\/0115396_compatible-canon-070-black-toner-cartridge-48bd5d4d-1aee-4ccf-a1b5-cc8970a5da43_625jpg.jpeg\",\"datePublished\":\"2025-05-21T12:45:18+00:00\",\"breadcrumb\":{\"@id\":\"https:\\\/\\\/mersatradedz.com\\\/product\\\/toner-canon-070\\\/#breadcrumb\"},\"inLanguage\":\"ar\",\"potentialAction\":[{\"@type\":\"ReadAction\",\"target\":[\"https:\\\/\\\/mersatradedz.com\\\/product\\\/toner-canon-070\\\/\"]}]},{\"@type\":\"ImageObject\",\"inLanguage\":\"ar\",\"@id\":\"https:\\\/\\\/mersatradedz.com\\\/product\\\/toner-canon-070\\\/#primaryimage\",\"url\":\"https:\\\/\\\/mersatradedz.com\\\/wp-content\\\/uploads\\\/2025\\\/05\\\/0115396_compatible-canon-070-black-toner-cartridge-48bd5d4d-1aee-4ccf-a1b5-cc8970a5da43_625jpg.jpeg\",\"contentUrl\":\"https:\\\/\\\/mersatradedz.com\\\/wp-content\\\/uploads\\\/2025\\\/05\\\/0115396_compatible-canon-070-black-toner-cartridge-48bd5d4d-1aee-4ccf-a1b5-cc8970a5da43_625jpg.jpeg\",\"width\":625,\"height\":625},{\"@type\":\"BreadcrumbList\",\"@id\":\"https:\\\/\\\/mersatradedz.com\\\/product\\\/toner-canon-070\\\/#breadcrumb\",\"itemListElement\":[{\"@type\":\"ListItem\",\"position\":1,\"name\":\"Home\",\"item\":\"https:\\\/\\\/mersatradedz.com\\\/ar\\\/\"},{\"@type\":\"ListItem\",\"position\":2,\"name\":\"Boutique\",\"item\":\"https:\\\/\\\/mersatradedz.com\\\/shop\\\/\"},{\"@type\":\"ListItem\",\"position\":3,\"name\":\"Toner Canon 070\"}]},{\"@type\":\"WebSite\",\"@id\":\"https:\\\/\\\/mersatradedz.com\\\/#website\",\"url\":\"https:\\\/\\\/mersatradedz.com\\\/\",\"name\":\"mersatradedz\",\"description\":\"\",\"publisher\":{\"@id\":\"https:\\\/\\\/mersatradedz.com\\\/#organization\"},\"potentialAction\":[{\"@type\":\"SearchAction\",\"target\":{\"@type\":\"EntryPoint\",\"urlTemplate\":\"https:\\\/\\\/mersatradedz.com\\\/?s={search_term_string}\"},\"query-input\":{\"@type\":\"PropertyValueSpecification\",\"valueRequired\":true,\"valueName\":\"search_term_string\"}}],\"inLanguage\":\"ar\"},{\"@type\":\"Organization\",\"@id\":\"https:\\\/\\\/mersatradedz.com\\\/#organization\",\"name\":\"mersa trade\",\"url\":\"https:\\\/\\\/mersatradedz.com\\\/\",\"logo\":{\"@type\":\"ImageObject\",\"inLanguage\":\"ar\",\"@id\":\"https:\\\/\\\/mersatradedz.com\\\/#\\\/schema\\\/logo\\\/image\\\/\",\"url\":\"https:\\\/\\\/mersatradedz.com\\\/wp-content\\\/uploads\\\/2023\\\/07\\\/cropped-1684191296456.jpg\",\"contentUrl\":\"https:\\\/\\\/mersatradedz.com\\\/wp-content\\\/uploads\\\/2023\\\/07\\\/cropped-1684191296456.jpg\",\"width\":1451,\"height\":955,\"caption\":\"mersa trade\"},\"image\":{\"@id\":\"https:\\\/\\\/mersatradedz.com\\\/#\\\/schema\\\/logo\\\/image\\\/\"},\"sameAs\":[\"https:\\\/\\\/www.facebook.com\\\/ntbidz\"]}]}<\/script>\n<!-- \/ Yoast SEO plugin. -->","yoast_head_json":{"title":"Toner Canon 070 - mersatradedz","robots":{"index":"index","follow":"follow","max-snippet":"max-snippet:-1","max-image-preview":"max-image-preview:large","max-video-preview":"max-video-preview:-1"},"canonical":"https:\/\/mersatradedz.com\/ar\/product\/toner-canon-070\/","og_locale":"ar_AR","og_type":"article","og_title":"Toner Canon 070 - mersatradedz","og_description":"Le toner Canon 070 noir garantit une impression nette, professionnelle et constante. Con\u00e7u pour les imprimantes Canon i-SENSYS de nouvelle g\u00e9n\u00e9ration, il offre un rendement d\u2019environ 3 000 pages. Id\u00e9al pour les environnements professionnels exigeants, il associe fiabilit\u00e9, installation rapide et qualit\u00e9 sup\u00e9rieure.","og_url":"https:\/\/mersatradedz.com\/ar\/product\/toner-canon-070\/","og_site_name":"mersatradedz","article_publisher":"https:\/\/www.facebook.com\/ntbidz","og_image":[{"width":625,"height":625,"url":"https:\/\/mersatradedz.com\/wp-content\/uploads\/2025\/05\/0115396_compatible-canon-070-black-toner-cartridge-48bd5d4d-1aee-4ccf-a1b5-cc8970a5da43_625jpg.jpeg","type":"image\/jpeg"}],"twitter_card":"summary_large_image","twitter_misc":{"\u0648\u0642\u062a \u0627\u0644\u0642\u0631\u0627\u0621\u0629 \u0627\u0644\u0645\u064f\u0642\u062f\u0651\u0631":"\u062f\u0642\u064a\u0642\u0629 \u0648\u0627\u062d\u062f\u0629"},"schema":{"@context":"https:\/\/schema.org","@graph":[{"@type":"WebPage","@id":"https:\/\/mersatradedz.com\/product\/toner-canon-070\/","url":"https:\/\/mersatradedz.com\/product\/toner-canon-070\/","name":"Toner Canon 070 - mersatradedz","isPartOf":{"@id":"https:\/\/mersatradedz.com\/#website"},"primaryImageOfPage":{"@id":"https:\/\/mersatradedz.com\/product\/toner-canon-070\/#primaryimage"},"image":{"@id":"https:\/\/mersatradedz.com\/product\/toner-canon-070\/#primaryimage"},"thumbnailUrl":"https:\/\/mersatradedz.com\/wp-content\/uploads\/2025\/05\/0115396_compatible-canon-070-black-toner-cartridge-48bd5d4d-1aee-4ccf-a1b5-cc8970a5da43_625jpg.jpeg","datePublished":"2025-05-21T12:45:18+00:00","breadcrumb":{"@id":"https:\/\/mersatradedz.com\/product\/toner-canon-070\/#breadcrumb"},"inLanguage":"ar","potentialAction":[{"@type":"ReadAction","target":["https:\/\/mersatradedz.com\/product\/toner-canon-070\/"]}]},{"@type":"ImageObject","inLanguage":"ar","@id":"https:\/\/mersatradedz.com\/product\/toner-canon-070\/#primaryimage","url":"https:\/\/mersatradedz.com\/wp-content\/uploads\/2025\/05\/0115396_compatible-canon-070-black-toner-cartridge-48bd5d4d-1aee-4ccf-a1b5-cc8970a5da43_625jpg.jpeg","contentUrl":"https:\/\/mersatradedz.com\/wp-content\/uploads\/2025\/05\/0115396_compatible-canon-070-black-toner-cartridge-48bd5d4d-1aee-4ccf-a1b5-cc8970a5da43_625jpg.jpeg","width":625,"height":625},{"@type":"BreadcrumbList","@id":"https:\/\/mersatradedz.com\/product\/toner-canon-070\/#breadcrumb","itemListElement":[{"@type":"ListItem","position":1,"name":"Home","item":"https:\/\/mersatradedz.com\/ar\/"},{"@type":"ListItem","position":2,"name":"Boutique","item":"https:\/\/mersatradedz.com\/shop\/"},{"@type":"ListItem","position":3,"name":"Toner Canon 070"}]},{"@type":"WebSite","@id":"https:\/\/mersatradedz.com\/#website","url":"https:\/\/mersatradedz.com\/","name":"mersatradedz","description":"","publisher":{"@id":"https:\/\/mersatradedz.com\/#organization"},"potentialAction":[{"@type":"SearchAction","target":{"@type":"EntryPoint","urlTemplate":"https:\/\/mersatradedz.com\/?s={search_term_string}"},"query-input":{"@type":"PropertyValueSpecification","valueRequired":true,"valueName":"search_term_string"}}],"inLanguage":"ar"},{"@type":"Organization","@id":"https:\/\/mersatradedz.com\/#organization","name":"mersa trade","url":"https:\/\/mersatradedz.com\/","logo":{"@type":"ImageObject","inLanguage":"ar","@id":"https:\/\/mersatradedz.com\/#\/schema\/logo\/image\/","url":"https:\/\/mersatradedz.com\/wp-content\/uploads\/2023\/07\/cropped-1684191296456.jpg","contentUrl":"https:\/\/mersatradedz.com\/wp-content\/uploads\/2023\/07\/cropped-1684191296456.jpg","width":1451,"height":955,"caption":"mersa trade"},"image":{"@id":"https:\/\/mersatradedz.com\/#\/schema\/logo\/image\/"},"sameAs":["https:\/\/www.facebook.com\/ntbidz"]}]}},"jetpack_sharing_enabled":true,"_links":{"self":[{"href":"https:\/\/mersatradedz.com\/ar\/wp-json\/wp\/v2\/product\/3360","targetHints":{"allow":["GET"]}}],"collection":[{"href":"https:\/\/mersatradedz.com\/ar\/wp-json\/wp\/v2\/product"}],"about":[{"href":"https:\/\/mersatradedz.com\/ar\/wp-json\/wp\/v2\/types\/product"}],"replies":[{"embeddable":true,"href":"https:\/\/mersatradedz.com\/ar\/wp-json\/wp\/v2\/comments?post=3360"}],"wp:featuredmedia":[{"embeddable":true,"href":"https:\/\/mersatradedz.com\/ar\/wp-json\/wp\/v2\/media\/3361"}],"wp:attachment":[{"href":"https:\/\/mersatradedz.com\/ar\/wp-json\/wp\/v2\/media?parent=3360"}],"wp:term":[{"taxonomy":"product_brand","embeddable":true,"href":"https:\/\/mersatradedz.com\/ar\/wp-json\/wp\/v2\/product_brand?post=3360"},{"taxonomy":"product_cat","embeddable":true,"href":"https:\/\/mersatradedz.com\/ar\/wp-json\/wp\/v2\/product_cat?post=3360"},{"taxonomy":"product_tag","embeddable":true,"href":"https:\/\/mersatradedz.com\/ar\/wp-json\/wp\/v2\/product_tag?post=3360"}],"curies":[{"name":"wp","href":"https:\/\/api.w.org\/{rel}","templated":true}]}}