{"id":3362,"date":"2025-05-21T13:53:04","date_gmt":"2025-05-21T12:53:04","guid":{"rendered":"https:\/\/mersatradedz.com\/?post_type=product&#038;p=3362"},"modified":"2025-05-21T13:53:04","modified_gmt":"2025-05-21T12:53:04","slug":"toner-canon-071","status":"publish","type":"product","link":"https:\/\/mersatradedz.com\/ar\/product\/toner-canon-071\/","title":{"rendered":"Toner Canon 071"},"content":{"rendered":"<h3 data-start=\"719\" data-end=\"875\"><strong data-start=\"719\" data-end=\"741\">Texte clair et net<\/strong><\/h3>\n<p class=\"\" data-start=\"719\" data-end=\"875\">Le Canon 071 imprime avec pr\u00e9cision, offrant des r\u00e9sultats professionnels pour les documents administratifs, rapports ou courriers.<\/p>\n<h3 data-start=\"877\" data-end=\"952\"><strong data-start=\"877\" data-end=\"903\">Compatibilit\u00e9 parfaite<\/strong><\/h3>\n<p class=\"\" data-start=\"877\" data-end=\"952\">Fonctionne avec les mod\u00e8les Canon suivants :<\/p>\n<ul data-start=\"953\" data-end=\"1104\">\n<li class=\"\" data-start=\"953\" data-end=\"980\">\n<p class=\"\" data-start=\"955\" data-end=\"980\">Canon i-SENSYS LBP122dw<\/p>\n<\/li>\n<li class=\"\" data-start=\"981\" data-end=\"1104\">\n<p class=\"\" data-start=\"983\" data-end=\"1104\">Canon i-SENSYS MF272dw \/ MF275dw<br data-start=\"1015\" data-end=\"1018\" \/>Ce toner s\u2019adapte parfaitement aux imprimantes laser compactes de nouvelle g\u00e9n\u00e9ration.<\/p>\n<\/li>\n<\/ul>\n<p style=\"padding-left: 40px\">Canon MF 270 , Canon MF 272dw , Canon MF 275dw , Canon i-Sensys MF270 , Canon i-Sensys MF272dw , Canon i-Sensys MF275dw<\/p>\n<h3 data-start=\"1106\" data-end=\"1266\"><strong data-start=\"1106\" data-end=\"1128\">Rendement pratique<\/strong><\/h3>\n<p class=\"\" data-start=\"1106\" data-end=\"1266\">Jusqu\u2019\u00e0 <strong data-start=\"1139\" data-end=\"1154\">1 200 pages<\/strong> (\u00e0 5 % de couverture), id\u00e9al pour les petites entreprises, les t\u00e9l\u00e9travailleurs ou un usage personnel intensif.<\/p>\n<h3 data-start=\"1268\" data-end=\"1401\"><strong data-start=\"1268\" data-end=\"1291\">Installation rapide<\/strong><\/h3>\n<p class=\"\" data-start=\"1268\" data-end=\"1401\">Cartouche simple \u00e0 ins\u00e9rer, reconnue imm\u00e9diatement par l\u2019imprimante. Aucune configuration complexe requise.<\/p>\n<h3 data-start=\"1403\" data-end=\"1437\"><strong data-start=\"1403\" data-end=\"1435\">Caract\u00e9ristiques principales<\/strong><\/h3>\n<ul data-start=\"1438\" data-end=\"1598\">\n<li class=\"\" data-start=\"1438\" data-end=\"1460\">\n<p class=\"\" data-start=\"1440\" data-end=\"1460\">Mod\u00e8le : Canon 071<\/p>\n<\/li>\n<li class=\"\" data-start=\"1461\" data-end=\"1479\">\n<p class=\"\" data-start=\"1463\" data-end=\"1479\">Couleur : Noir<\/p>\n<\/li>\n<li class=\"\" data-start=\"1480\" data-end=\"1514\">\n<p class=\"\" data-start=\"1482\" data-end=\"1514\">Technologie : laser monochrome<\/p>\n<\/li>\n<li class=\"\" data-start=\"1515\" data-end=\"1550\">\n<p class=\"\" data-start=\"1517\" data-end=\"1550\">Rendement : jusqu\u2019\u00e0 1 200 pages<\/p>\n<\/li>\n<li class=\"\" data-start=\"1551\" data-end=\"1598\">\n<p class=\"\" data-start=\"1553\" data-end=\"1598\">Compatibilit\u00e9 : i-SENSYS LBP122, MF272, MF275<\/p>\n<\/li>\n<\/ul>\n<h3 data-start=\"1600\" data-end=\"1757\"><strong data-start=\"1600\" data-end=\"1621\">Qualit\u00e9 constante<\/strong><\/h3>\n<p class=\"\" data-start=\"1600\" data-end=\"1757\">Canon 071 garantit une performance stable et une impression fluide \u00e0 chaque page, tout en assurant un excellent rapport qualit\u00e9\/prix.<\/p>","protected":false},"excerpt":{"rendered":"<p class=\"\" data-start=\"327\" data-end=\"645\">Le toner Canon 071 noir fournit des impressions nettes et r\u00e9guli\u00e8res, id\u00e9ales pour les documents professionnels. Compatible avec les imprimantes Canon i-SENSYS compactes, il offre un rendement allant jusqu\u2019\u00e0 1 200 pages. Une solution fiable, facile \u00e0 installer et parfaitement adapt\u00e9e aux besoins quotidiens du bureau.<\/p>","protected":false},"featured_media":3363,"comment_status":"open","ping_status":"closed","template":"","meta":{"_monsterinsights_skip_tracking":false,"_monsterinsights_sitenote_active":false,"_monsterinsights_sitenote_note":"","_monsterinsights_sitenote_category":0},"product_brand":[826],"product_cat":[224],"product_tag":[1010,236,1007,1008,1009,1004,1005,1006,876,849,852,870,403],"class_list":{"0":"post-3362","1":"product","2":"type-product","3":"status-publish","4":"has-post-thumbnail","6":"product_brand-canon","7":"product_cat-consemable","8":"product_tag-black","9":"product_tag-canon","10":"product_tag-canon-i-sensys-mf270","11":"product_tag-canon-i-sensys-mf272dw","12":"product_tag-canon-i-sensys-mf275dw","13":"product_tag-canon-mf-270","14":"product_tag-canon-mf-272dw","15":"product_tag-canon-mf-275dw","16":"product_tag-compatible","17":"product_tag-consomable","18":"product_tag-laser","19":"product_tag-lazer","20":"product_tag-noir","22":"first","23":"instock","24":"purchasable","25":"product-type-simple"},"yoast_head":"<!-- This site is optimized with the Yoast SEO plugin v27.4 - https:\/\/yoast.com\/product\/yoast-seo-wordpress\/ -->\n<title>Toner Canon 071 - mersatradedz<\/title>\n<meta name=\"robots\" content=\"index, follow, max-snippet:-1, max-image-preview:large, max-video-preview:-1\" \/>\n<link rel=\"canonical\" href=\"https:\/\/mersatradedz.com\/ar\/product\/toner-canon-071\/\" \/>\n<meta property=\"og:locale\" content=\"ar_AR\" \/>\n<meta property=\"og:type\" content=\"article\" \/>\n<meta property=\"og:title\" content=\"Toner Canon 071 - mersatradedz\" \/>\n<meta property=\"og:description\" content=\"Le toner Canon 071 noir fournit des impressions nettes et r\u00e9guli\u00e8res, id\u00e9ales pour les documents professionnels. Compatible avec les imprimantes Canon i-SENSYS compactes, il offre un rendement allant jusqu\u2019\u00e0 1 200 pages. Une solution fiable, facile \u00e0 installer et parfaitement adapt\u00e9e aux besoins quotidiens du bureau.\" \/>\n<meta property=\"og:url\" content=\"https:\/\/mersatradedz.com\/ar\/product\/toner-canon-071\/\" \/>\n<meta property=\"og:site_name\" content=\"mersatradedz\" \/>\n<meta property=\"article:publisher\" content=\"https:\/\/www.facebook.com\/ntbidz\" \/>\n<meta property=\"og:image\" content=\"https:\/\/mersatradedz.com\/wp-content\/uploads\/2025\/05\/TTP-071_0.jpeg\" \/>\n\t<meta property=\"og:image:width\" content=\"1000\" \/>\n\t<meta property=\"og:image:height\" content=\"1000\" \/>\n\t<meta property=\"og:image:type\" content=\"image\/jpeg\" \/>\n<meta name=\"twitter:card\" content=\"summary_large_image\" \/>\n<meta name=\"twitter:label1\" content=\"\u0648\u0642\u062a \u0627\u0644\u0642\u0631\u0627\u0621\u0629 \u0627\u0644\u0645\u064f\u0642\u062f\u0651\u0631\" \/>\n\t<meta name=\"twitter:data1\" content=\"\u062f\u0642\u064a\u0642\u0629 \u0648\u0627\u062d\u062f\u0629\" \/>\n<script type=\"application\/ld+json\" class=\"yoast-schema-graph\">{\"@context\":\"https:\\\/\\\/schema.org\",\"@graph\":[{\"@type\":\"WebPage\",\"@id\":\"https:\\\/\\\/mersatradedz.com\\\/product\\\/toner-canon-071\\\/\",\"url\":\"https:\\\/\\\/mersatradedz.com\\\/product\\\/toner-canon-071\\\/\",\"name\":\"Toner Canon 071 - mersatradedz\",\"isPartOf\":{\"@id\":\"https:\\\/\\\/mersatradedz.com\\\/#website\"},\"primaryImageOfPage\":{\"@id\":\"https:\\\/\\\/mersatradedz.com\\\/product\\\/toner-canon-071\\\/#primaryimage\"},\"image\":{\"@id\":\"https:\\\/\\\/mersatradedz.com\\\/product\\\/toner-canon-071\\\/#primaryimage\"},\"thumbnailUrl\":\"https:\\\/\\\/mersatradedz.com\\\/wp-content\\\/uploads\\\/2025\\\/05\\\/TTP-071_0.jpeg\",\"datePublished\":\"2025-05-21T12:53:04+00:00\",\"breadcrumb\":{\"@id\":\"https:\\\/\\\/mersatradedz.com\\\/product\\\/toner-canon-071\\\/#breadcrumb\"},\"inLanguage\":\"ar\",\"potentialAction\":[{\"@type\":\"ReadAction\",\"target\":[\"https:\\\/\\\/mersatradedz.com\\\/product\\\/toner-canon-071\\\/\"]}]},{\"@type\":\"ImageObject\",\"inLanguage\":\"ar\",\"@id\":\"https:\\\/\\\/mersatradedz.com\\\/product\\\/toner-canon-071\\\/#primaryimage\",\"url\":\"https:\\\/\\\/mersatradedz.com\\\/wp-content\\\/uploads\\\/2025\\\/05\\\/TTP-071_0.jpeg\",\"contentUrl\":\"https:\\\/\\\/mersatradedz.com\\\/wp-content\\\/uploads\\\/2025\\\/05\\\/TTP-071_0.jpeg\",\"width\":1000,\"height\":1000},{\"@type\":\"BreadcrumbList\",\"@id\":\"https:\\\/\\\/mersatradedz.com\\\/product\\\/toner-canon-071\\\/#breadcrumb\",\"itemListElement\":[{\"@type\":\"ListItem\",\"position\":1,\"name\":\"Home\",\"item\":\"https:\\\/\\\/mersatradedz.com\\\/ar\\\/\"},{\"@type\":\"ListItem\",\"position\":2,\"name\":\"Boutique\",\"item\":\"https:\\\/\\\/mersatradedz.com\\\/shop\\\/\"},{\"@type\":\"ListItem\",\"position\":3,\"name\":\"Toner Canon 071\"}]},{\"@type\":\"WebSite\",\"@id\":\"https:\\\/\\\/mersatradedz.com\\\/#website\",\"url\":\"https:\\\/\\\/mersatradedz.com\\\/\",\"name\":\"mersatradedz\",\"description\":\"\",\"publisher\":{\"@id\":\"https:\\\/\\\/mersatradedz.com\\\/#organization\"},\"potentialAction\":[{\"@type\":\"SearchAction\",\"target\":{\"@type\":\"EntryPoint\",\"urlTemplate\":\"https:\\\/\\\/mersatradedz.com\\\/?s={search_term_string}\"},\"query-input\":{\"@type\":\"PropertyValueSpecification\",\"valueRequired\":true,\"valueName\":\"search_term_string\"}}],\"inLanguage\":\"ar\"},{\"@type\":\"Organization\",\"@id\":\"https:\\\/\\\/mersatradedz.com\\\/#organization\",\"name\":\"mersa trade\",\"url\":\"https:\\\/\\\/mersatradedz.com\\\/\",\"logo\":{\"@type\":\"ImageObject\",\"inLanguage\":\"ar\",\"@id\":\"https:\\\/\\\/mersatradedz.com\\\/#\\\/schema\\\/logo\\\/image\\\/\",\"url\":\"https:\\\/\\\/mersatradedz.com\\\/wp-content\\\/uploads\\\/2023\\\/07\\\/cropped-1684191296456.jpg\",\"contentUrl\":\"https:\\\/\\\/mersatradedz.com\\\/wp-content\\\/uploads\\\/2023\\\/07\\\/cropped-1684191296456.jpg\",\"width\":1451,\"height\":955,\"caption\":\"mersa trade\"},\"image\":{\"@id\":\"https:\\\/\\\/mersatradedz.com\\\/#\\\/schema\\\/logo\\\/image\\\/\"},\"sameAs\":[\"https:\\\/\\\/www.facebook.com\\\/ntbidz\"]}]}<\/script>\n<!-- \/ Yoast SEO plugin. -->","yoast_head_json":{"title":"Toner Canon 071 - mersatradedz","robots":{"index":"index","follow":"follow","max-snippet":"max-snippet:-1","max-image-preview":"max-image-preview:large","max-video-preview":"max-video-preview:-1"},"canonical":"https:\/\/mersatradedz.com\/ar\/product\/toner-canon-071\/","og_locale":"ar_AR","og_type":"article","og_title":"Toner Canon 071 - mersatradedz","og_description":"Le toner Canon 071 noir fournit des impressions nettes et r\u00e9guli\u00e8res, id\u00e9ales pour les documents professionnels. Compatible avec les imprimantes Canon i-SENSYS compactes, il offre un rendement allant jusqu\u2019\u00e0 1 200 pages. Une solution fiable, facile \u00e0 installer et parfaitement adapt\u00e9e aux besoins quotidiens du bureau.","og_url":"https:\/\/mersatradedz.com\/ar\/product\/toner-canon-071\/","og_site_name":"mersatradedz","article_publisher":"https:\/\/www.facebook.com\/ntbidz","og_image":[{"width":1000,"height":1000,"url":"https:\/\/mersatradedz.com\/wp-content\/uploads\/2025\/05\/TTP-071_0.jpeg","type":"image\/jpeg"}],"twitter_card":"summary_large_image","twitter_misc":{"\u0648\u0642\u062a \u0627\u0644\u0642\u0631\u0627\u0621\u0629 \u0627\u0644\u0645\u064f\u0642\u062f\u0651\u0631":"\u062f\u0642\u064a\u0642\u0629 \u0648\u0627\u062d\u062f\u0629"},"schema":{"@context":"https:\/\/schema.org","@graph":[{"@type":"WebPage","@id":"https:\/\/mersatradedz.com\/product\/toner-canon-071\/","url":"https:\/\/mersatradedz.com\/product\/toner-canon-071\/","name":"Toner Canon 071 - mersatradedz","isPartOf":{"@id":"https:\/\/mersatradedz.com\/#website"},"primaryImageOfPage":{"@id":"https:\/\/mersatradedz.com\/product\/toner-canon-071\/#primaryimage"},"image":{"@id":"https:\/\/mersatradedz.com\/product\/toner-canon-071\/#primaryimage"},"thumbnailUrl":"https:\/\/mersatradedz.com\/wp-content\/uploads\/2025\/05\/TTP-071_0.jpeg","datePublished":"2025-05-21T12:53:04+00:00","breadcrumb":{"@id":"https:\/\/mersatradedz.com\/product\/toner-canon-071\/#breadcrumb"},"inLanguage":"ar","potentialAction":[{"@type":"ReadAction","target":["https:\/\/mersatradedz.com\/product\/toner-canon-071\/"]}]},{"@type":"ImageObject","inLanguage":"ar","@id":"https:\/\/mersatradedz.com\/product\/toner-canon-071\/#primaryimage","url":"https:\/\/mersatradedz.com\/wp-content\/uploads\/2025\/05\/TTP-071_0.jpeg","contentUrl":"https:\/\/mersatradedz.com\/wp-content\/uploads\/2025\/05\/TTP-071_0.jpeg","width":1000,"height":1000},{"@type":"BreadcrumbList","@id":"https:\/\/mersatradedz.com\/product\/toner-canon-071\/#breadcrumb","itemListElement":[{"@type":"ListItem","position":1,"name":"Home","item":"https:\/\/mersatradedz.com\/ar\/"},{"@type":"ListItem","position":2,"name":"Boutique","item":"https:\/\/mersatradedz.com\/shop\/"},{"@type":"ListItem","position":3,"name":"Toner Canon 071"}]},{"@type":"WebSite","@id":"https:\/\/mersatradedz.com\/#website","url":"https:\/\/mersatradedz.com\/","name":"mersatradedz","description":"","publisher":{"@id":"https:\/\/mersatradedz.com\/#organization"},"potentialAction":[{"@type":"SearchAction","target":{"@type":"EntryPoint","urlTemplate":"https:\/\/mersatradedz.com\/?s={search_term_string}"},"query-input":{"@type":"PropertyValueSpecification","valueRequired":true,"valueName":"search_term_string"}}],"inLanguage":"ar"},{"@type":"Organization","@id":"https:\/\/mersatradedz.com\/#organization","name":"mersa trade","url":"https:\/\/mersatradedz.com\/","logo":{"@type":"ImageObject","inLanguage":"ar","@id":"https:\/\/mersatradedz.com\/#\/schema\/logo\/image\/","url":"https:\/\/mersatradedz.com\/wp-content\/uploads\/2023\/07\/cropped-1684191296456.jpg","contentUrl":"https:\/\/mersatradedz.com\/wp-content\/uploads\/2023\/07\/cropped-1684191296456.jpg","width":1451,"height":955,"caption":"mersa trade"},"image":{"@id":"https:\/\/mersatradedz.com\/#\/schema\/logo\/image\/"},"sameAs":["https:\/\/www.facebook.com\/ntbidz"]}]}},"jetpack_sharing_enabled":true,"_links":{"self":[{"href":"https:\/\/mersatradedz.com\/ar\/wp-json\/wp\/v2\/product\/3362","targetHints":{"allow":["GET"]}}],"collection":[{"href":"https:\/\/mersatradedz.com\/ar\/wp-json\/wp\/v2\/product"}],"about":[{"href":"https:\/\/mersatradedz.com\/ar\/wp-json\/wp\/v2\/types\/product"}],"replies":[{"embeddable":true,"href":"https:\/\/mersatradedz.com\/ar\/wp-json\/wp\/v2\/comments?post=3362"}],"wp:featuredmedia":[{"embeddable":true,"href":"https:\/\/mersatradedz.com\/ar\/wp-json\/wp\/v2\/media\/3363"}],"wp:attachment":[{"href":"https:\/\/mersatradedz.com\/ar\/wp-json\/wp\/v2\/media?parent=3362"}],"wp:term":[{"taxonomy":"product_brand","embeddable":true,"href":"https:\/\/mersatradedz.com\/ar\/wp-json\/wp\/v2\/product_brand?post=3362"},{"taxonomy":"product_cat","embeddable":true,"href":"https:\/\/mersatradedz.com\/ar\/wp-json\/wp\/v2\/product_cat?post=3362"},{"taxonomy":"product_tag","embeddable":true,"href":"https:\/\/mersatradedz.com\/ar\/wp-json\/wp\/v2\/product_tag?post=3362"}],"curies":[{"name":"wp","href":"https:\/\/api.w.org\/{rel}","templated":true}]}}