{"id":3364,"date":"2025-05-21T14:07:45","date_gmt":"2025-05-21T13:07:45","guid":{"rendered":"https:\/\/mersatradedz.com\/?post_type=product&#038;p=3364"},"modified":"2025-05-21T14:10:03","modified_gmt":"2025-05-21T13:10:03","slug":"toner-canon-c-exv-14","status":"publish","type":"product","link":"https:\/\/mersatradedz.com\/ar\/product\/toner-canon-c-exv-14\/","title":{"rendered":"Toner CANON C-EXV 14"},"content":{"rendered":"<h3 data-start=\"728\" data-end=\"882\"><strong data-start=\"728\" data-end=\"755\">Qualit\u00e9 professionnelle<\/strong><\/h3>\n<p class=\"\" data-start=\"728\" data-end=\"882\">Le Canon C-EXV 14 garantit une reproduction fid\u00e8le du texte et des images, avec un noir intense et homog\u00e8ne sur chaque page.<\/p>\n<h3 data-start=\"884\" data-end=\"956\"><strong data-start=\"884\" data-end=\"911\">Imprimantes compatibles<\/strong><\/h3>\n<p class=\"\" data-start=\"884\" data-end=\"956\">Con\u00e7u pour les copieurs Canon suivants :<\/p>\n<p style=\"padding-left: 40px\">Canon IR 2016 , Canon imageRUNNER 2016 , Canon IR 2016i , Canon imageRUNNER 2016i , Canon IR 2016j , Canon imageRUNNER 2016j , Canon imageRUNNER 2018i , Canon IR 2018i , Canon IR 2020 , Canon imageRUNNER 2020 , Canon imageRUNNER 2022 , Canon IR 2022 , Canon imageRUNNER 2025 , Canon IR 2025 , Canon imageRUNNER 2030 , Canon IR 2030 , Canon imageRUNNER 2318 , Canon IR 2318 , Canon imageRUNNER 2420 , Canon IR 2420 , Canon imageRUNNER 2422 , Canon IR 2422<\/p>\n<h3 data-start=\"1089\" data-end=\"1243\"><strong data-start=\"1089\" data-end=\"1107\">Haute capacit\u00e9<\/strong><\/h3>\n<p class=\"\" data-start=\"1089\" data-end=\"1243\">Avec un rendement jusqu\u2019\u00e0 <strong data-start=\"1136\" data-end=\"1151\">8 300 pages<\/strong>, ce toner est id\u00e9al pour les entreprises et institutions avec un volume d\u2019impression \u00e9lev\u00e9.<\/p>\n<h3 data-start=\"1245\" data-end=\"1381\"><strong data-start=\"1245\" data-end=\"1273\">Simplicit\u00e9 d\u2019utilisation<\/strong><\/h3>\n<p class=\"\" data-start=\"1245\" data-end=\"1381\">Le remplacement est rapide et propre. Il suffit d\u2019ouvrir le compartiment pr\u00e9vu et d\u2019ins\u00e9rer la cartouche.<\/p>\n<h3 data-start=\"1383\" data-end=\"1417\"><strong data-start=\"1383\" data-end=\"1415\">Caract\u00e9ristiques principales<\/strong><\/h3>\n<ul data-start=\"1418\" data-end=\"1579\">\n<li class=\"\" data-start=\"1418\" data-end=\"1445\">\n<p class=\"\" data-start=\"1420\" data-end=\"1445\">Mod\u00e8le : Canon C-EXV 14<\/p>\n<\/li>\n<li class=\"\" data-start=\"1446\" data-end=\"1464\">\n<p class=\"\" data-start=\"1448\" data-end=\"1464\">Couleur : Noir<\/p>\n<\/li>\n<li class=\"\" data-start=\"1465\" data-end=\"1499\">\n<p class=\"\" data-start=\"1467\" data-end=\"1499\">Technologie : laser monochrome<\/p>\n<\/li>\n<li class=\"\" data-start=\"1500\" data-end=\"1535\">\n<p class=\"\" data-start=\"1502\" data-end=\"1535\">Rendement : jusqu\u2019\u00e0 8 300 pages<\/p>\n<\/li>\n<li class=\"\" data-start=\"1536\" data-end=\"1579\">\n<p class=\"\" data-start=\"1538\" data-end=\"1579\">Compatibilit\u00e9 : Canon iR 2016, 2020, etc.<\/p>\n<\/li>\n<\/ul>\n<h3 data-start=\"1581\" data-end=\"1719\"><strong data-start=\"1581\" data-end=\"1606\">\u00c9conomie et fiabilit\u00e9<\/strong><\/h3>\n<p class=\"\" data-start=\"1581\" data-end=\"1719\">Le C-EXV 14 offre un excellent rapport rendement\/prix tout en assurant une qualit\u00e9 constante, page apr\u00e8s page.<\/p>","protected":false},"excerpt":{"rendered":"<p>Le toner Canon C-EXV 14 noir est con\u00e7u pour offrir des impressions nettes, profondes et durables sur les syst\u00e8mes multifonctions Canon. Avec une capacit\u00e9 \u00e9lev\u00e9e pouvant atteindre jusqu\u2019\u00e0 8 300 pages, il r\u00e9pond aux besoins des bureaux \u00e0 fort volume d\u2019impression. Performance constante, compatibilit\u00e9 parfaite et qualit\u00e9 professionnelle.<\/p>","protected":false},"featured_media":3365,"comment_status":"open","ping_status":"closed","template":"","meta":{"_monsterinsights_skip_tracking":false,"_monsterinsights_sitenote_active":false,"_monsterinsights_sitenote_note":"","_monsterinsights_sitenote_category":0},"product_brand":[826],"product_cat":[224],"product_tag":[236,1052,1054,1056,1057,1060,1061,1063,1065,1067,1069,1071,1051,1053,1055,1058,1059,1062,1064,1066,1068,1070,1072,876,849,1073,1074,1075,852,870,403,837,254],"class_list":{"0":"post-3364","1":"product","2":"type-product","3":"status-publish","4":"has-post-thumbnail","6":"product_brand-canon","7":"product_cat-consemable","8":"product_tag-canon","9":"product_tag-canon-imagerunner-2016","10":"product_tag-canon-imagerunner-2016i","11":"product_tag-canon-imagerunner-2016j","12":"product_tag-canon-imagerunner-2018i","13":"product_tag-canon-imagerunner-2020","14":"product_tag-canon-imagerunner-2022","15":"product_tag-canon-imagerunner-2025","16":"product_tag-canon-imagerunner-2030","17":"product_tag-canon-imagerunner-2318","18":"product_tag-canon-imagerunner-2420","19":"product_tag-canon-imagerunner-2422","20":"product_tag-canon-ir-2016","21":"product_tag-canon-ir-2016i","22":"product_tag-canon-ir-2016j","23":"product_tag-canon-ir-2018i","24":"product_tag-canon-ir-2020","25":"product_tag-canon-ir-2022","26":"product_tag-canon-ir-2025","27":"product_tag-canon-ir-2030","28":"product_tag-canon-ir-2318","29":"product_tag-canon-ir-2420","30":"product_tag-canon-ir-2422","31":"product_tag-compatible","32":"product_tag-consomable","33":"product_tag-exv","34":"product_tag-exv14","35":"product_tag-image-runner","36":"product_tag-laser","37":"product_tag-lazer","38":"product_tag-noir","39":"product_tag-noir-et-blanc","40":"product_tag-toner","42":"first","43":"instock","44":"purchasable","45":"product-type-simple"},"yoast_head":"<!-- This site is optimized with the Yoast SEO plugin v27.4 - https:\/\/yoast.com\/product\/yoast-seo-wordpress\/ -->\n<title>Toner CANON C-EXV 14 - mersatradedz<\/title>\n<meta name=\"robots\" content=\"index, follow, max-snippet:-1, max-image-preview:large, max-video-preview:-1\" \/>\n<link rel=\"canonical\" href=\"https:\/\/mersatradedz.com\/ar\/product\/toner-canon-c-exv-14\/\" \/>\n<meta property=\"og:locale\" content=\"ar_AR\" \/>\n<meta property=\"og:type\" content=\"article\" \/>\n<meta property=\"og:title\" content=\"Toner CANON C-EXV 14 - mersatradedz\" \/>\n<meta property=\"og:description\" content=\"Le toner Canon C-EXV 14 noir est con\u00e7u pour offrir des impressions nettes, profondes et durables sur les syst\u00e8mes multifonctions Canon. Avec une capacit\u00e9 \u00e9lev\u00e9e pouvant atteindre jusqu\u2019\u00e0 8 300 pages, il r\u00e9pond aux besoins des bureaux \u00e0 fort volume d\u2019impression. Performance constante, compatibilit\u00e9 parfaite et qualit\u00e9 professionnelle.\" \/>\n<meta property=\"og:url\" content=\"https:\/\/mersatradedz.com\/ar\/product\/toner-canon-c-exv-14\/\" \/>\n<meta property=\"og:site_name\" content=\"mersatradedz\" \/>\n<meta property=\"article:publisher\" content=\"https:\/\/www.facebook.com\/ntbidz\" \/>\n<meta property=\"article:modified_time\" content=\"2025-05-21T13:10:03+00:00\" \/>\n<meta property=\"og:image\" content=\"https:\/\/mersatradedz.com\/wp-content\/uploads\/2025\/05\/canon-c-exv5-c-exv14-lot-de-2-toners-generiques-equivalents-aux-modeles-canon-c-exv5-c-exv14-noirs.webp\" \/>\n\t<meta property=\"og:image:width\" content=\"560\" \/>\n\t<meta property=\"og:image:height\" content=\"560\" \/>\n\t<meta property=\"og:image:type\" content=\"image\/webp\" \/>\n<meta name=\"twitter:card\" content=\"summary_large_image\" \/>\n<meta name=\"twitter:label1\" content=\"\u0648\u0642\u062a \u0627\u0644\u0642\u0631\u0627\u0621\u0629 \u0627\u0644\u0645\u064f\u0642\u062f\u0651\u0631\" \/>\n\t<meta name=\"twitter:data1\" content=\"\u062f\u0642\u064a\u0642\u0629 \u0648\u0627\u062d\u062f\u0629\" \/>\n<script type=\"application\/ld+json\" class=\"yoast-schema-graph\">{\"@context\":\"https:\\\/\\\/schema.org\",\"@graph\":[{\"@type\":\"WebPage\",\"@id\":\"https:\\\/\\\/mersatradedz.com\\\/product\\\/toner-canon-c-exv-14\\\/\",\"url\":\"https:\\\/\\\/mersatradedz.com\\\/product\\\/toner-canon-c-exv-14\\\/\",\"name\":\"Toner CANON C-EXV 14 - mersatradedz\",\"isPartOf\":{\"@id\":\"https:\\\/\\\/mersatradedz.com\\\/#website\"},\"primaryImageOfPage\":{\"@id\":\"https:\\\/\\\/mersatradedz.com\\\/product\\\/toner-canon-c-exv-14\\\/#primaryimage\"},\"image\":{\"@id\":\"https:\\\/\\\/mersatradedz.com\\\/product\\\/toner-canon-c-exv-14\\\/#primaryimage\"},\"thumbnailUrl\":\"https:\\\/\\\/mersatradedz.com\\\/wp-content\\\/uploads\\\/2025\\\/05\\\/canon-c-exv5-c-exv14-lot-de-2-toners-generiques-equivalents-aux-modeles-canon-c-exv5-c-exv14-noirs.webp\",\"datePublished\":\"2025-05-21T13:07:45+00:00\",\"dateModified\":\"2025-05-21T13:10:03+00:00\",\"breadcrumb\":{\"@id\":\"https:\\\/\\\/mersatradedz.com\\\/product\\\/toner-canon-c-exv-14\\\/#breadcrumb\"},\"inLanguage\":\"ar\",\"potentialAction\":[{\"@type\":\"ReadAction\",\"target\":[\"https:\\\/\\\/mersatradedz.com\\\/product\\\/toner-canon-c-exv-14\\\/\"]}]},{\"@type\":\"ImageObject\",\"inLanguage\":\"ar\",\"@id\":\"https:\\\/\\\/mersatradedz.com\\\/product\\\/toner-canon-c-exv-14\\\/#primaryimage\",\"url\":\"https:\\\/\\\/mersatradedz.com\\\/wp-content\\\/uploads\\\/2025\\\/05\\\/canon-c-exv5-c-exv14-lot-de-2-toners-generiques-equivalents-aux-modeles-canon-c-exv5-c-exv14-noirs.webp\",\"contentUrl\":\"https:\\\/\\\/mersatradedz.com\\\/wp-content\\\/uploads\\\/2025\\\/05\\\/canon-c-exv5-c-exv14-lot-de-2-toners-generiques-equivalents-aux-modeles-canon-c-exv5-c-exv14-noirs.webp\",\"width\":560,\"height\":560},{\"@type\":\"BreadcrumbList\",\"@id\":\"https:\\\/\\\/mersatradedz.com\\\/product\\\/toner-canon-c-exv-14\\\/#breadcrumb\",\"itemListElement\":[{\"@type\":\"ListItem\",\"position\":1,\"name\":\"Home\",\"item\":\"https:\\\/\\\/mersatradedz.com\\\/ar\\\/\"},{\"@type\":\"ListItem\",\"position\":2,\"name\":\"Boutique\",\"item\":\"https:\\\/\\\/mersatradedz.com\\\/shop\\\/\"},{\"@type\":\"ListItem\",\"position\":3,\"name\":\"Toner CANON C-EXV 14\"}]},{\"@type\":\"WebSite\",\"@id\":\"https:\\\/\\\/mersatradedz.com\\\/#website\",\"url\":\"https:\\\/\\\/mersatradedz.com\\\/\",\"name\":\"mersatradedz\",\"description\":\"\",\"publisher\":{\"@id\":\"https:\\\/\\\/mersatradedz.com\\\/#organization\"},\"potentialAction\":[{\"@type\":\"SearchAction\",\"target\":{\"@type\":\"EntryPoint\",\"urlTemplate\":\"https:\\\/\\\/mersatradedz.com\\\/?s={search_term_string}\"},\"query-input\":{\"@type\":\"PropertyValueSpecification\",\"valueRequired\":true,\"valueName\":\"search_term_string\"}}],\"inLanguage\":\"ar\"},{\"@type\":\"Organization\",\"@id\":\"https:\\\/\\\/mersatradedz.com\\\/#organization\",\"name\":\"mersa trade\",\"url\":\"https:\\\/\\\/mersatradedz.com\\\/\",\"logo\":{\"@type\":\"ImageObject\",\"inLanguage\":\"ar\",\"@id\":\"https:\\\/\\\/mersatradedz.com\\\/#\\\/schema\\\/logo\\\/image\\\/\",\"url\":\"https:\\\/\\\/mersatradedz.com\\\/wp-content\\\/uploads\\\/2023\\\/07\\\/cropped-1684191296456.jpg\",\"contentUrl\":\"https:\\\/\\\/mersatradedz.com\\\/wp-content\\\/uploads\\\/2023\\\/07\\\/cropped-1684191296456.jpg\",\"width\":1451,\"height\":955,\"caption\":\"mersa trade\"},\"image\":{\"@id\":\"https:\\\/\\\/mersatradedz.com\\\/#\\\/schema\\\/logo\\\/image\\\/\"},\"sameAs\":[\"https:\\\/\\\/www.facebook.com\\\/ntbidz\"]}]}<\/script>\n<!-- \/ Yoast SEO plugin. -->","yoast_head_json":{"title":"Toner CANON C-EXV 14 - mersatradedz","robots":{"index":"index","follow":"follow","max-snippet":"max-snippet:-1","max-image-preview":"max-image-preview:large","max-video-preview":"max-video-preview:-1"},"canonical":"https:\/\/mersatradedz.com\/ar\/product\/toner-canon-c-exv-14\/","og_locale":"ar_AR","og_type":"article","og_title":"Toner CANON C-EXV 14 - mersatradedz","og_description":"Le toner Canon C-EXV 14 noir est con\u00e7u pour offrir des impressions nettes, profondes et durables sur les syst\u00e8mes multifonctions Canon. Avec une capacit\u00e9 \u00e9lev\u00e9e pouvant atteindre jusqu\u2019\u00e0 8 300 pages, il r\u00e9pond aux besoins des bureaux \u00e0 fort volume d\u2019impression. Performance constante, compatibilit\u00e9 parfaite et qualit\u00e9 professionnelle.","og_url":"https:\/\/mersatradedz.com\/ar\/product\/toner-canon-c-exv-14\/","og_site_name":"mersatradedz","article_publisher":"https:\/\/www.facebook.com\/ntbidz","article_modified_time":"2025-05-21T13:10:03+00:00","og_image":[{"width":560,"height":560,"url":"https:\/\/mersatradedz.com\/wp-content\/uploads\/2025\/05\/canon-c-exv5-c-exv14-lot-de-2-toners-generiques-equivalents-aux-modeles-canon-c-exv5-c-exv14-noirs.webp","type":"image\/webp"}],"twitter_card":"summary_large_image","twitter_misc":{"\u0648\u0642\u062a \u0627\u0644\u0642\u0631\u0627\u0621\u0629 \u0627\u0644\u0645\u064f\u0642\u062f\u0651\u0631":"\u062f\u0642\u064a\u0642\u0629 \u0648\u0627\u062d\u062f\u0629"},"schema":{"@context":"https:\/\/schema.org","@graph":[{"@type":"WebPage","@id":"https:\/\/mersatradedz.com\/product\/toner-canon-c-exv-14\/","url":"https:\/\/mersatradedz.com\/product\/toner-canon-c-exv-14\/","name":"Toner CANON C-EXV 14 - mersatradedz","isPartOf":{"@id":"https:\/\/mersatradedz.com\/#website"},"primaryImageOfPage":{"@id":"https:\/\/mersatradedz.com\/product\/toner-canon-c-exv-14\/#primaryimage"},"image":{"@id":"https:\/\/mersatradedz.com\/product\/toner-canon-c-exv-14\/#primaryimage"},"thumbnailUrl":"https:\/\/mersatradedz.com\/wp-content\/uploads\/2025\/05\/canon-c-exv5-c-exv14-lot-de-2-toners-generiques-equivalents-aux-modeles-canon-c-exv5-c-exv14-noirs.webp","datePublished":"2025-05-21T13:07:45+00:00","dateModified":"2025-05-21T13:10:03+00:00","breadcrumb":{"@id":"https:\/\/mersatradedz.com\/product\/toner-canon-c-exv-14\/#breadcrumb"},"inLanguage":"ar","potentialAction":[{"@type":"ReadAction","target":["https:\/\/mersatradedz.com\/product\/toner-canon-c-exv-14\/"]}]},{"@type":"ImageObject","inLanguage":"ar","@id":"https:\/\/mersatradedz.com\/product\/toner-canon-c-exv-14\/#primaryimage","url":"https:\/\/mersatradedz.com\/wp-content\/uploads\/2025\/05\/canon-c-exv5-c-exv14-lot-de-2-toners-generiques-equivalents-aux-modeles-canon-c-exv5-c-exv14-noirs.webp","contentUrl":"https:\/\/mersatradedz.com\/wp-content\/uploads\/2025\/05\/canon-c-exv5-c-exv14-lot-de-2-toners-generiques-equivalents-aux-modeles-canon-c-exv5-c-exv14-noirs.webp","width":560,"height":560},{"@type":"BreadcrumbList","@id":"https:\/\/mersatradedz.com\/product\/toner-canon-c-exv-14\/#breadcrumb","itemListElement":[{"@type":"ListItem","position":1,"name":"Home","item":"https:\/\/mersatradedz.com\/ar\/"},{"@type":"ListItem","position":2,"name":"Boutique","item":"https:\/\/mersatradedz.com\/shop\/"},{"@type":"ListItem","position":3,"name":"Toner CANON C-EXV 14"}]},{"@type":"WebSite","@id":"https:\/\/mersatradedz.com\/#website","url":"https:\/\/mersatradedz.com\/","name":"mersatradedz","description":"","publisher":{"@id":"https:\/\/mersatradedz.com\/#organization"},"potentialAction":[{"@type":"SearchAction","target":{"@type":"EntryPoint","urlTemplate":"https:\/\/mersatradedz.com\/?s={search_term_string}"},"query-input":{"@type":"PropertyValueSpecification","valueRequired":true,"valueName":"search_term_string"}}],"inLanguage":"ar"},{"@type":"Organization","@id":"https:\/\/mersatradedz.com\/#organization","name":"mersa trade","url":"https:\/\/mersatradedz.com\/","logo":{"@type":"ImageObject","inLanguage":"ar","@id":"https:\/\/mersatradedz.com\/#\/schema\/logo\/image\/","url":"https:\/\/mersatradedz.com\/wp-content\/uploads\/2023\/07\/cropped-1684191296456.jpg","contentUrl":"https:\/\/mersatradedz.com\/wp-content\/uploads\/2023\/07\/cropped-1684191296456.jpg","width":1451,"height":955,"caption":"mersa trade"},"image":{"@id":"https:\/\/mersatradedz.com\/#\/schema\/logo\/image\/"},"sameAs":["https:\/\/www.facebook.com\/ntbidz"]}]}},"jetpack_sharing_enabled":true,"_links":{"self":[{"href":"https:\/\/mersatradedz.com\/ar\/wp-json\/wp\/v2\/product\/3364","targetHints":{"allow":["GET"]}}],"collection":[{"href":"https:\/\/mersatradedz.com\/ar\/wp-json\/wp\/v2\/product"}],"about":[{"href":"https:\/\/mersatradedz.com\/ar\/wp-json\/wp\/v2\/types\/product"}],"replies":[{"embeddable":true,"href":"https:\/\/mersatradedz.com\/ar\/wp-json\/wp\/v2\/comments?post=3364"}],"wp:featuredmedia":[{"embeddable":true,"href":"https:\/\/mersatradedz.com\/ar\/wp-json\/wp\/v2\/media\/3365"}],"wp:attachment":[{"href":"https:\/\/mersatradedz.com\/ar\/wp-json\/wp\/v2\/media?parent=3364"}],"wp:term":[{"taxonomy":"product_brand","embeddable":true,"href":"https:\/\/mersatradedz.com\/ar\/wp-json\/wp\/v2\/product_brand?post=3364"},{"taxonomy":"product_cat","embeddable":true,"href":"https:\/\/mersatradedz.com\/ar\/wp-json\/wp\/v2\/product_cat?post=3364"},{"taxonomy":"product_tag","embeddable":true,"href":"https:\/\/mersatradedz.com\/ar\/wp-json\/wp\/v2\/product_tag?post=3364"}],"curies":[{"name":"wp","href":"https:\/\/api.w.org\/{rel}","templated":true}]}}