{"id":3366,"date":"2025-05-21T14:20:30","date_gmt":"2025-05-21T13:20:30","guid":{"rendered":"https:\/\/mersatradedz.com\/?post_type=product&#038;p=3366"},"modified":"2025-05-21T14:20:53","modified_gmt":"2025-05-21T13:20:53","slug":"toner-canon-c-exv-42","status":"publish","type":"product","link":"https:\/\/mersatradedz.com\/ar\/product\/toner-canon-c-exv-42\/","title":{"rendered":"Toner Canon C-EXV 42"},"content":{"rendered":"<h3 data-start=\"702\" data-end=\"848\"><strong data-start=\"702\" data-end=\"727\">Impression de qualit\u00e9<\/strong><\/h3>\n<p class=\"\" data-start=\"702\" data-end=\"848\">Le Canon C-EXV 42 offre un noir dense, parfait pour les documents texte et graphiques, avec une excellente lisibilit\u00e9.<\/p>\n<h3 data-start=\"850\" data-end=\"908\"><strong data-start=\"850\" data-end=\"873\">Compatibilit\u00e9 Canon<\/strong><\/h3>\n<p class=\"\" data-start=\"850\" data-end=\"908\">Compatible avec les copieurs :<\/p>\n<p class=\"\" style=\"padding-left: 40px\" data-start=\"911\" data-end=\"926\">Canon iR 2202, Canon iR 2202N, Canon IR 2202i, Canon IR 2204f, Canon IR 2204n, Canon IR\u00a02206if<\/p>\n<h3 data-start=\"1013\" data-end=\"1159\"><strong data-start=\"1013\" data-end=\"1032\">Grande capacit\u00e9<\/strong><\/h3>\n<p class=\"\" data-start=\"1013\" data-end=\"1159\">Avec un rendement d\u2019environ <strong data-start=\"1063\" data-end=\"1079\">10 200 pages<\/strong> (\u00e0 5 % de couverture), ce toner est con\u00e7u pour les volumes d\u2019impression \u00e9lev\u00e9s.<\/p>\n<h3 data-start=\"1161\" data-end=\"1273\"><strong data-start=\"1161\" data-end=\"1183\">Utilisation simple<\/strong><\/h3>\n<p class=\"\" data-start=\"1161\" data-end=\"1273\">Remplacement rapide et sans bavures. Le toner est reconnu imm\u00e9diatement par l\u2019appareil.<\/p>\n<h3 data-start=\"1275\" data-end=\"1309\"><strong data-start=\"1275\" data-end=\"1307\">Caract\u00e9ristiques principales<\/strong><\/h3>\n<ul data-start=\"1310\" data-end=\"1467\">\n<li class=\"\" data-start=\"1310\" data-end=\"1337\">\n<p class=\"\" data-start=\"1312\" data-end=\"1337\">Mod\u00e8le : Canon C-EXV 42<\/p>\n<\/li>\n<li class=\"\" data-start=\"1338\" data-end=\"1356\">\n<p class=\"\" data-start=\"1340\" data-end=\"1356\">Couleur : Noir<\/p>\n<\/li>\n<li class=\"\" data-start=\"1357\" data-end=\"1391\">\n<p class=\"\" data-start=\"1359\" data-end=\"1391\">Technologie : laser monochrome<\/p>\n<\/li>\n<li class=\"\" data-start=\"1392\" data-end=\"1428\">\n<p class=\"\" data-start=\"1394\" data-end=\"1428\">Rendement : jusqu\u2019\u00e0 10 200 pages<\/p>\n<\/li>\n<li class=\"\" data-start=\"1429\" data-end=\"1467\">\n<p class=\"\" data-start=\"1431\" data-end=\"1467\">Compatibilit\u00e9 : Canon iR 2202, 2202N<\/p>\n<\/li>\n<\/ul>\n<h3 data-start=\"1469\" data-end=\"1625\"><strong data-start=\"1469\" data-end=\"1493\">Fiable et \u00e9conomique<\/strong><\/h3>\n<p class=\"\" data-start=\"1469\" data-end=\"1625\">Le C-EXV 42 combine performance constante, co\u00fbt r\u00e9duit par page et qualit\u00e9 Canon reconnue, pour un usage professionnel quotidien.<\/p>","protected":false},"excerpt":{"rendered":"<p class=\"\" data-start=\"333\" data-end=\"628\">Le toner Canon C-EXV 42 noir assure une qualit\u00e9 d\u2019impression professionnelle et fiable. Con\u00e7u pour les imprimantes multifonctions Canon, il offre un rendement \u00e9lev\u00e9 jusqu\u2019\u00e0 10 200 pages. Facile \u00e0 installer, il garantit un noir net et constant, id\u00e9al pour les environnements de travail exigeants.<\/p>","protected":false},"featured_media":3367,"comment_status":"open","ping_status":"closed","template":"","meta":{"_monsterinsights_skip_tracking":false,"_monsterinsights_sitenote_active":false,"_monsterinsights_sitenote_note":"","_monsterinsights_sitenote_category":0},"product_brand":[826],"product_cat":[224],"product_tag":[236,1076,1078,1077,1079,1080,1081,876,849,1073,1083,1082,1075,312,852,870,254],"class_list":{"0":"post-3366","1":"product","2":"type-product","3":"status-publish","4":"has-post-thumbnail","6":"product_brand-canon","7":"product_cat-consemable","8":"product_tag-canon","9":"product_tag-canon-ir-2202","10":"product_tag-canon-ir-2202i","11":"product_tag-canon-ir-2202n","12":"product_tag-canon-ir-2204f","13":"product_tag-canon-ir-2204n","14":"product_tag-canon-ir-2206if","15":"product_tag-compatible","16":"product_tag-consomable","17":"product_tag-exv","18":"product_tag-exv42","19":"product_tag-image","20":"product_tag-image-runner","21":"product_tag-imprimant","22":"product_tag-laser","23":"product_tag-lazer","24":"product_tag-toner","26":"first","27":"instock","28":"shipping-taxable","29":"purchasable","30":"product-type-simple"},"yoast_head":"<!-- This site is optimized with the Yoast SEO plugin v27.4 - https:\/\/yoast.com\/product\/yoast-seo-wordpress\/ -->\n<title>Toner Canon C-EXV 42 - mersatradedz<\/title>\n<meta name=\"robots\" content=\"index, follow, max-snippet:-1, max-image-preview:large, max-video-preview:-1\" \/>\n<link rel=\"canonical\" href=\"https:\/\/mersatradedz.com\/ar\/product\/toner-canon-c-exv-42\/\" \/>\n<meta property=\"og:locale\" content=\"ar_AR\" \/>\n<meta property=\"og:type\" content=\"article\" \/>\n<meta property=\"og:title\" content=\"Toner Canon C-EXV 42 - mersatradedz\" \/>\n<meta property=\"og:description\" content=\"Le toner Canon C-EXV 42 noir assure une qualit\u00e9 d\u2019impression professionnelle et fiable. Con\u00e7u pour les imprimantes multifonctions Canon, il offre un rendement \u00e9lev\u00e9 jusqu\u2019\u00e0 10 200 pages. Facile \u00e0 installer, il garantit un noir net et constant, id\u00e9al pour les environnements de travail exigeants.\" \/>\n<meta property=\"og:url\" content=\"https:\/\/mersatradedz.com\/ar\/product\/toner-canon-c-exv-42\/\" \/>\n<meta property=\"og:site_name\" content=\"mersatradedz\" \/>\n<meta property=\"article:publisher\" content=\"https:\/\/www.facebook.com\/ntbidz\" \/>\n<meta property=\"article:modified_time\" content=\"2025-05-21T13:20:53+00:00\" \/>\n<meta property=\"og:image\" content=\"https:\/\/mersatradedz.com\/wp-content\/uploads\/2025\/05\/1895_exv42bk.jpg\" \/>\n\t<meta property=\"og:image:width\" content=\"700\" \/>\n\t<meta property=\"og:image:height\" content=\"700\" \/>\n\t<meta property=\"og:image:type\" content=\"image\/jpeg\" \/>\n<meta name=\"twitter:card\" content=\"summary_large_image\" \/>\n<meta name=\"twitter:label1\" content=\"\u0648\u0642\u062a \u0627\u0644\u0642\u0631\u0627\u0621\u0629 \u0627\u0644\u0645\u064f\u0642\u062f\u0651\u0631\" \/>\n\t<meta name=\"twitter:data1\" content=\"\u062f\u0642\u064a\u0642\u0629 \u0648\u0627\u062d\u062f\u0629\" \/>\n<script type=\"application\/ld+json\" class=\"yoast-schema-graph\">{\"@context\":\"https:\\\/\\\/schema.org\",\"@graph\":[{\"@type\":\"WebPage\",\"@id\":\"https:\\\/\\\/mersatradedz.com\\\/product\\\/toner-canon-c-exv-42\\\/\",\"url\":\"https:\\\/\\\/mersatradedz.com\\\/product\\\/toner-canon-c-exv-42\\\/\",\"name\":\"Toner Canon C-EXV 42 - mersatradedz\",\"isPartOf\":{\"@id\":\"https:\\\/\\\/mersatradedz.com\\\/#website\"},\"primaryImageOfPage\":{\"@id\":\"https:\\\/\\\/mersatradedz.com\\\/product\\\/toner-canon-c-exv-42\\\/#primaryimage\"},\"image\":{\"@id\":\"https:\\\/\\\/mersatradedz.com\\\/product\\\/toner-canon-c-exv-42\\\/#primaryimage\"},\"thumbnailUrl\":\"https:\\\/\\\/mersatradedz.com\\\/wp-content\\\/uploads\\\/2025\\\/05\\\/1895_exv42bk.jpg\",\"datePublished\":\"2025-05-21T13:20:30+00:00\",\"dateModified\":\"2025-05-21T13:20:53+00:00\",\"breadcrumb\":{\"@id\":\"https:\\\/\\\/mersatradedz.com\\\/product\\\/toner-canon-c-exv-42\\\/#breadcrumb\"},\"inLanguage\":\"ar\",\"potentialAction\":[{\"@type\":\"ReadAction\",\"target\":[\"https:\\\/\\\/mersatradedz.com\\\/product\\\/toner-canon-c-exv-42\\\/\"]}]},{\"@type\":\"ImageObject\",\"inLanguage\":\"ar\",\"@id\":\"https:\\\/\\\/mersatradedz.com\\\/product\\\/toner-canon-c-exv-42\\\/#primaryimage\",\"url\":\"https:\\\/\\\/mersatradedz.com\\\/wp-content\\\/uploads\\\/2025\\\/05\\\/1895_exv42bk.jpg\",\"contentUrl\":\"https:\\\/\\\/mersatradedz.com\\\/wp-content\\\/uploads\\\/2025\\\/05\\\/1895_exv42bk.jpg\",\"width\":700,\"height\":700},{\"@type\":\"BreadcrumbList\",\"@id\":\"https:\\\/\\\/mersatradedz.com\\\/product\\\/toner-canon-c-exv-42\\\/#breadcrumb\",\"itemListElement\":[{\"@type\":\"ListItem\",\"position\":1,\"name\":\"Home\",\"item\":\"https:\\\/\\\/mersatradedz.com\\\/ar\\\/\"},{\"@type\":\"ListItem\",\"position\":2,\"name\":\"Boutique\",\"item\":\"https:\\\/\\\/mersatradedz.com\\\/shop\\\/\"},{\"@type\":\"ListItem\",\"position\":3,\"name\":\"Toner Canon C-EXV 42\"}]},{\"@type\":\"WebSite\",\"@id\":\"https:\\\/\\\/mersatradedz.com\\\/#website\",\"url\":\"https:\\\/\\\/mersatradedz.com\\\/\",\"name\":\"mersatradedz\",\"description\":\"\",\"publisher\":{\"@id\":\"https:\\\/\\\/mersatradedz.com\\\/#organization\"},\"potentialAction\":[{\"@type\":\"SearchAction\",\"target\":{\"@type\":\"EntryPoint\",\"urlTemplate\":\"https:\\\/\\\/mersatradedz.com\\\/?s={search_term_string}\"},\"query-input\":{\"@type\":\"PropertyValueSpecification\",\"valueRequired\":true,\"valueName\":\"search_term_string\"}}],\"inLanguage\":\"ar\"},{\"@type\":\"Organization\",\"@id\":\"https:\\\/\\\/mersatradedz.com\\\/#organization\",\"name\":\"mersa trade\",\"url\":\"https:\\\/\\\/mersatradedz.com\\\/\",\"logo\":{\"@type\":\"ImageObject\",\"inLanguage\":\"ar\",\"@id\":\"https:\\\/\\\/mersatradedz.com\\\/#\\\/schema\\\/logo\\\/image\\\/\",\"url\":\"https:\\\/\\\/mersatradedz.com\\\/wp-content\\\/uploads\\\/2023\\\/07\\\/cropped-1684191296456.jpg\",\"contentUrl\":\"https:\\\/\\\/mersatradedz.com\\\/wp-content\\\/uploads\\\/2023\\\/07\\\/cropped-1684191296456.jpg\",\"width\":1451,\"height\":955,\"caption\":\"mersa trade\"},\"image\":{\"@id\":\"https:\\\/\\\/mersatradedz.com\\\/#\\\/schema\\\/logo\\\/image\\\/\"},\"sameAs\":[\"https:\\\/\\\/www.facebook.com\\\/ntbidz\"]}]}<\/script>\n<!-- \/ Yoast SEO plugin. -->","yoast_head_json":{"title":"Toner Canon C-EXV 42 - mersatradedz","robots":{"index":"index","follow":"follow","max-snippet":"max-snippet:-1","max-image-preview":"max-image-preview:large","max-video-preview":"max-video-preview:-1"},"canonical":"https:\/\/mersatradedz.com\/ar\/product\/toner-canon-c-exv-42\/","og_locale":"ar_AR","og_type":"article","og_title":"Toner Canon C-EXV 42 - mersatradedz","og_description":"Le toner Canon C-EXV 42 noir assure une qualit\u00e9 d\u2019impression professionnelle et fiable. Con\u00e7u pour les imprimantes multifonctions Canon, il offre un rendement \u00e9lev\u00e9 jusqu\u2019\u00e0 10 200 pages. Facile \u00e0 installer, il garantit un noir net et constant, id\u00e9al pour les environnements de travail exigeants.","og_url":"https:\/\/mersatradedz.com\/ar\/product\/toner-canon-c-exv-42\/","og_site_name":"mersatradedz","article_publisher":"https:\/\/www.facebook.com\/ntbidz","article_modified_time":"2025-05-21T13:20:53+00:00","og_image":[{"width":700,"height":700,"url":"https:\/\/mersatradedz.com\/wp-content\/uploads\/2025\/05\/1895_exv42bk.jpg","type":"image\/jpeg"}],"twitter_card":"summary_large_image","twitter_misc":{"\u0648\u0642\u062a \u0627\u0644\u0642\u0631\u0627\u0621\u0629 \u0627\u0644\u0645\u064f\u0642\u062f\u0651\u0631":"\u062f\u0642\u064a\u0642\u0629 \u0648\u0627\u062d\u062f\u0629"},"schema":{"@context":"https:\/\/schema.org","@graph":[{"@type":"WebPage","@id":"https:\/\/mersatradedz.com\/product\/toner-canon-c-exv-42\/","url":"https:\/\/mersatradedz.com\/product\/toner-canon-c-exv-42\/","name":"Toner Canon C-EXV 42 - mersatradedz","isPartOf":{"@id":"https:\/\/mersatradedz.com\/#website"},"primaryImageOfPage":{"@id":"https:\/\/mersatradedz.com\/product\/toner-canon-c-exv-42\/#primaryimage"},"image":{"@id":"https:\/\/mersatradedz.com\/product\/toner-canon-c-exv-42\/#primaryimage"},"thumbnailUrl":"https:\/\/mersatradedz.com\/wp-content\/uploads\/2025\/05\/1895_exv42bk.jpg","datePublished":"2025-05-21T13:20:30+00:00","dateModified":"2025-05-21T13:20:53+00:00","breadcrumb":{"@id":"https:\/\/mersatradedz.com\/product\/toner-canon-c-exv-42\/#breadcrumb"},"inLanguage":"ar","potentialAction":[{"@type":"ReadAction","target":["https:\/\/mersatradedz.com\/product\/toner-canon-c-exv-42\/"]}]},{"@type":"ImageObject","inLanguage":"ar","@id":"https:\/\/mersatradedz.com\/product\/toner-canon-c-exv-42\/#primaryimage","url":"https:\/\/mersatradedz.com\/wp-content\/uploads\/2025\/05\/1895_exv42bk.jpg","contentUrl":"https:\/\/mersatradedz.com\/wp-content\/uploads\/2025\/05\/1895_exv42bk.jpg","width":700,"height":700},{"@type":"BreadcrumbList","@id":"https:\/\/mersatradedz.com\/product\/toner-canon-c-exv-42\/#breadcrumb","itemListElement":[{"@type":"ListItem","position":1,"name":"Home","item":"https:\/\/mersatradedz.com\/ar\/"},{"@type":"ListItem","position":2,"name":"Boutique","item":"https:\/\/mersatradedz.com\/shop\/"},{"@type":"ListItem","position":3,"name":"Toner Canon C-EXV 42"}]},{"@type":"WebSite","@id":"https:\/\/mersatradedz.com\/#website","url":"https:\/\/mersatradedz.com\/","name":"mersatradedz","description":"","publisher":{"@id":"https:\/\/mersatradedz.com\/#organization"},"potentialAction":[{"@type":"SearchAction","target":{"@type":"EntryPoint","urlTemplate":"https:\/\/mersatradedz.com\/?s={search_term_string}"},"query-input":{"@type":"PropertyValueSpecification","valueRequired":true,"valueName":"search_term_string"}}],"inLanguage":"ar"},{"@type":"Organization","@id":"https:\/\/mersatradedz.com\/#organization","name":"mersa trade","url":"https:\/\/mersatradedz.com\/","logo":{"@type":"ImageObject","inLanguage":"ar","@id":"https:\/\/mersatradedz.com\/#\/schema\/logo\/image\/","url":"https:\/\/mersatradedz.com\/wp-content\/uploads\/2023\/07\/cropped-1684191296456.jpg","contentUrl":"https:\/\/mersatradedz.com\/wp-content\/uploads\/2023\/07\/cropped-1684191296456.jpg","width":1451,"height":955,"caption":"mersa trade"},"image":{"@id":"https:\/\/mersatradedz.com\/#\/schema\/logo\/image\/"},"sameAs":["https:\/\/www.facebook.com\/ntbidz"]}]}},"jetpack_sharing_enabled":true,"_links":{"self":[{"href":"https:\/\/mersatradedz.com\/ar\/wp-json\/wp\/v2\/product\/3366","targetHints":{"allow":["GET"]}}],"collection":[{"href":"https:\/\/mersatradedz.com\/ar\/wp-json\/wp\/v2\/product"}],"about":[{"href":"https:\/\/mersatradedz.com\/ar\/wp-json\/wp\/v2\/types\/product"}],"replies":[{"embeddable":true,"href":"https:\/\/mersatradedz.com\/ar\/wp-json\/wp\/v2\/comments?post=3366"}],"wp:featuredmedia":[{"embeddable":true,"href":"https:\/\/mersatradedz.com\/ar\/wp-json\/wp\/v2\/media\/3367"}],"wp:attachment":[{"href":"https:\/\/mersatradedz.com\/ar\/wp-json\/wp\/v2\/media?parent=3366"}],"wp:term":[{"taxonomy":"product_brand","embeddable":true,"href":"https:\/\/mersatradedz.com\/ar\/wp-json\/wp\/v2\/product_brand?post=3366"},{"taxonomy":"product_cat","embeddable":true,"href":"https:\/\/mersatradedz.com\/ar\/wp-json\/wp\/v2\/product_cat?post=3366"},{"taxonomy":"product_tag","embeddable":true,"href":"https:\/\/mersatradedz.com\/ar\/wp-json\/wp\/v2\/product_tag?post=3366"}],"curies":[{"name":"wp","href":"https:\/\/api.w.org\/{rel}","templated":true}]}}