{"id":3372,"date":"2025-05-21T15:09:20","date_gmt":"2025-05-21T14:09:20","guid":{"rendered":"https:\/\/mersatradedz.com\/?post_type=product&#038;p=3372"},"modified":"2025-05-21T15:09:20","modified_gmt":"2025-05-21T14:09:20","slug":"toner-canon-q5949a-q5553a","status":"publish","type":"product","link":"https:\/\/mersatradedz.com\/ar\/product\/toner-canon-q5949a-q5553a\/","title":{"rendered":"Toner Canon Q5949A \/ Q5553A"},"content":{"rendered":"<h3 data-start=\"563\" data-end=\"718\"><strong data-start=\"563\" data-end=\"586\">Texte net et pr\u00e9cis<\/strong><\/h3>\n<p class=\"\" data-start=\"563\" data-end=\"718\">Le toner Q5949A \/ Q5553A produit des impressions monochromes claires, id\u00e9ales pour les rapports, factures ou documents de bureau.<\/p>\n<h3 data-start=\"720\" data-end=\"766\"><strong data-start=\"720\" data-end=\"744\">Compatibilit\u00e9 fiable<\/strong><\/h3>\n<p class=\"\" data-start=\"720\" data-end=\"766\">Compatible avec :<\/p>\n<ul data-start=\"767\" data-end=\"905\">\n<li class=\"\" data-start=\"767\" data-end=\"795\">\n<p class=\"\" data-start=\"769\" data-end=\"795\">Canon LBP-3300, LBP-3460<\/p>\n<\/li>\n<li class=\"\" data-start=\"796\" data-end=\"905\">\n<p class=\"\" data-start=\"798\" data-end=\"905\">Hp LaserJet 1160 , Hp LaserJet 1320 , Hp LaserJet 1320N , Hp LaserJet 1320NW , Hp LaserJet 1320TN , Hp LaserJet 3390 , Hp LaserJet 3392<br data-start=\"855\" data-end=\"858\" \/>Remplacement rapide avec d\u00e9tection automatique.<\/p>\n<\/li>\n<\/ul>\n<h3 data-start=\"907\" data-end=\"1055\"><strong data-start=\"907\" data-end=\"928\">Rendement optimal<\/strong><\/h3>\n<p class=\"\" data-start=\"907\" data-end=\"1055\">Jusqu\u2019\u00e0 <strong data-start=\"939\" data-end=\"954\">2 500 pages<\/strong> \u00e0 5 % de couverture. Parfait pour les impressions r\u00e9guli\u00e8res \u00e0 usage professionnel ou administratif.<\/p>\n<h3 data-start=\"1057\" data-end=\"1162\"><strong data-start=\"1057\" data-end=\"1079\">Utilisation simple<\/strong><\/h3>\n<p class=\"\" data-start=\"1057\" data-end=\"1162\">Installation facile, sans risque de taches. Fonctionnement silencieux et fluide.<\/p>\n<h3 data-start=\"1164\" data-end=\"1198\"><strong data-start=\"1164\" data-end=\"1196\">Caract\u00e9ristiques principales<\/strong><\/h3>\n<ul data-start=\"1199\" data-end=\"1389\">\n<li class=\"\" data-start=\"1199\" data-end=\"1233\">\n<p class=\"\" data-start=\"1201\" data-end=\"1233\">Mod\u00e8le : Canon Q5949A \/ Q5553A<\/p>\n<\/li>\n<li class=\"\" data-start=\"1234\" data-end=\"1252\">\n<p class=\"\" data-start=\"1236\" data-end=\"1252\">Couleur : Noir<\/p>\n<\/li>\n<li class=\"\" data-start=\"1253\" data-end=\"1287\">\n<p class=\"\" data-start=\"1255\" data-end=\"1287\">Technologie : laser monochrome<\/p>\n<\/li>\n<li class=\"\" data-start=\"1288\" data-end=\"1323\">\n<p class=\"\" data-start=\"1290\" data-end=\"1323\">Rendement : jusqu\u2019\u00e0 2 500 pages<\/p>\n<\/li>\n<li class=\"\" data-start=\"1324\" data-end=\"1389\">\n<p class=\"\" data-start=\"1326\" data-end=\"1389\">Compatibilit\u00e9 : Canon LBP-3300, 3460 \/ HP LaserJet 1320, P2015\u2026<\/p>\n<\/li>\n<\/ul>\n<h3 data-start=\"1391\" data-end=\"1555\"><strong data-start=\"1391\" data-end=\"1414\">Qualit\u00e9 et \u00e9conomie<\/strong><\/h3>\n<p class=\"\" data-start=\"1391\" data-end=\"1555\">Ce toner Canon garantit un excellent rapport co\u00fbt\/page, une qualit\u00e9 constante, et une solution fiable pour un usage intensif au quotidien.<\/p>","protected":false},"excerpt":{"rendered":"<p class=\"\" data-start=\"189\" data-end=\"489\">Le toner Canon Q5949A \/ Q5553A noir assure une qualit\u00e9 d\u2019impression professionnelle, nette et constante. Con\u00e7u pour les imprimantes laser Canon et HP, il offre un rendement allant jusqu\u2019\u00e0 2 500 pages. Id\u00e9al pour les environnements de travail exigeants, il combine fiabilit\u00e9 et facilit\u00e9 d\u2019utilisation.<\/p>","protected":false},"featured_media":3373,"comment_status":"open","ping_status":"closed","template":"","meta":{"_monsterinsights_skip_tracking":false,"_monsterinsights_sitenote_active":false,"_monsterinsights_sitenote_note":"","_monsterinsights_sitenote_category":0},"product_brand":[826,848],"product_cat":[224],"product_tag":[236,1118,876,849,34,1111,1112,1113,1114,1115,1116,1117,852,870,1119,254],"class_list":{"0":"post-3372","1":"product","2":"type-product","3":"status-publish","4":"has-post-thumbnail","6":"product_brand-canon","7":"product_brand-hp","8":"product_cat-consemable","9":"product_tag-canon","10":"product_tag-canon-lbp-3300","11":"product_tag-compatible","12":"product_tag-consomable","13":"product_tag-hp","14":"product_tag-hp-laserjet-1160","15":"product_tag-hp-laserjet-1320","16":"product_tag-hp-laserjet-1320n","17":"product_tag-hp-laserjet-1320nw","18":"product_tag-hp-laserjet-1320tn","19":"product_tag-hp-laserjet-3390","20":"product_tag-hp-laserjet-3392","21":"product_tag-laser","22":"product_tag-lazer","23":"product_tag-lbp-3460","24":"product_tag-toner","26":"first","27":"instock","28":"shipping-taxable","29":"purchasable","30":"product-type-simple"},"yoast_head":"<!-- This site is optimized with the Yoast SEO plugin v27.4 - https:\/\/yoast.com\/product\/yoast-seo-wordpress\/ -->\n<title>Toner Canon Q5949A \/ Q5553A - mersatradedz<\/title>\n<meta name=\"robots\" content=\"index, follow, max-snippet:-1, max-image-preview:large, max-video-preview:-1\" \/>\n<link rel=\"canonical\" href=\"https:\/\/mersatradedz.com\/ar\/product\/toner-canon-q5949a-q5553a\/\" \/>\n<meta property=\"og:locale\" content=\"ar_AR\" \/>\n<meta property=\"og:type\" content=\"article\" \/>\n<meta property=\"og:title\" content=\"Toner Canon Q5949A \/ Q5553A - mersatradedz\" \/>\n<meta property=\"og:description\" content=\"Le toner Canon Q5949A \/ Q5553A noir assure une qualit\u00e9 d\u2019impression professionnelle, nette et constante. Con\u00e7u pour les imprimantes laser Canon et HP, il offre un rendement allant jusqu\u2019\u00e0 2 500 pages. Id\u00e9al pour les environnements de travail exigeants, il combine fiabilit\u00e9 et facilit\u00e9 d\u2019utilisation.\" \/>\n<meta property=\"og:url\" content=\"https:\/\/mersatradedz.com\/ar\/product\/toner-canon-q5949a-q5553a\/\" \/>\n<meta property=\"og:site_name\" content=\"mersatradedz\" \/>\n<meta property=\"article:publisher\" content=\"https:\/\/www.facebook.com\/ntbidz\" \/>\n<meta property=\"og:image\" content=\"https:\/\/mersatradedz.com\/wp-content\/uploads\/2025\/05\/1508_49abk.jpg\" \/>\n\t<meta property=\"og:image:width\" content=\"700\" \/>\n\t<meta property=\"og:image:height\" content=\"700\" \/>\n\t<meta property=\"og:image:type\" content=\"image\/jpeg\" \/>\n<meta name=\"twitter:card\" content=\"summary_large_image\" \/>\n<meta name=\"twitter:label1\" content=\"\u0648\u0642\u062a \u0627\u0644\u0642\u0631\u0627\u0621\u0629 \u0627\u0644\u0645\u064f\u0642\u062f\u0651\u0631\" \/>\n\t<meta name=\"twitter:data1\" content=\"\u062f\u0642\u064a\u0642\u0629 \u0648\u0627\u062d\u062f\u0629\" \/>\n<script type=\"application\/ld+json\" class=\"yoast-schema-graph\">{\"@context\":\"https:\\\/\\\/schema.org\",\"@graph\":[{\"@type\":\"WebPage\",\"@id\":\"https:\\\/\\\/mersatradedz.com\\\/product\\\/toner-canon-q5949a-q5553a\\\/\",\"url\":\"https:\\\/\\\/mersatradedz.com\\\/product\\\/toner-canon-q5949a-q5553a\\\/\",\"name\":\"Toner Canon Q5949A \\\/ Q5553A - mersatradedz\",\"isPartOf\":{\"@id\":\"https:\\\/\\\/mersatradedz.com\\\/#website\"},\"primaryImageOfPage\":{\"@id\":\"https:\\\/\\\/mersatradedz.com\\\/product\\\/toner-canon-q5949a-q5553a\\\/#primaryimage\"},\"image\":{\"@id\":\"https:\\\/\\\/mersatradedz.com\\\/product\\\/toner-canon-q5949a-q5553a\\\/#primaryimage\"},\"thumbnailUrl\":\"https:\\\/\\\/mersatradedz.com\\\/wp-content\\\/uploads\\\/2025\\\/05\\\/1508_49abk.jpg\",\"datePublished\":\"2025-05-21T14:09:20+00:00\",\"breadcrumb\":{\"@id\":\"https:\\\/\\\/mersatradedz.com\\\/product\\\/toner-canon-q5949a-q5553a\\\/#breadcrumb\"},\"inLanguage\":\"ar\",\"potentialAction\":[{\"@type\":\"ReadAction\",\"target\":[\"https:\\\/\\\/mersatradedz.com\\\/product\\\/toner-canon-q5949a-q5553a\\\/\"]}]},{\"@type\":\"ImageObject\",\"inLanguage\":\"ar\",\"@id\":\"https:\\\/\\\/mersatradedz.com\\\/product\\\/toner-canon-q5949a-q5553a\\\/#primaryimage\",\"url\":\"https:\\\/\\\/mersatradedz.com\\\/wp-content\\\/uploads\\\/2025\\\/05\\\/1508_49abk.jpg\",\"contentUrl\":\"https:\\\/\\\/mersatradedz.com\\\/wp-content\\\/uploads\\\/2025\\\/05\\\/1508_49abk.jpg\",\"width\":700,\"height\":700},{\"@type\":\"BreadcrumbList\",\"@id\":\"https:\\\/\\\/mersatradedz.com\\\/product\\\/toner-canon-q5949a-q5553a\\\/#breadcrumb\",\"itemListElement\":[{\"@type\":\"ListItem\",\"position\":1,\"name\":\"Home\",\"item\":\"https:\\\/\\\/mersatradedz.com\\\/ar\\\/\"},{\"@type\":\"ListItem\",\"position\":2,\"name\":\"Boutique\",\"item\":\"https:\\\/\\\/mersatradedz.com\\\/shop\\\/\"},{\"@type\":\"ListItem\",\"position\":3,\"name\":\"Toner Canon Q5949A \\\/ Q5553A\"}]},{\"@type\":\"WebSite\",\"@id\":\"https:\\\/\\\/mersatradedz.com\\\/#website\",\"url\":\"https:\\\/\\\/mersatradedz.com\\\/\",\"name\":\"mersatradedz\",\"description\":\"\",\"publisher\":{\"@id\":\"https:\\\/\\\/mersatradedz.com\\\/#organization\"},\"potentialAction\":[{\"@type\":\"SearchAction\",\"target\":{\"@type\":\"EntryPoint\",\"urlTemplate\":\"https:\\\/\\\/mersatradedz.com\\\/?s={search_term_string}\"},\"query-input\":{\"@type\":\"PropertyValueSpecification\",\"valueRequired\":true,\"valueName\":\"search_term_string\"}}],\"inLanguage\":\"ar\"},{\"@type\":\"Organization\",\"@id\":\"https:\\\/\\\/mersatradedz.com\\\/#organization\",\"name\":\"mersa trade\",\"url\":\"https:\\\/\\\/mersatradedz.com\\\/\",\"logo\":{\"@type\":\"ImageObject\",\"inLanguage\":\"ar\",\"@id\":\"https:\\\/\\\/mersatradedz.com\\\/#\\\/schema\\\/logo\\\/image\\\/\",\"url\":\"https:\\\/\\\/mersatradedz.com\\\/wp-content\\\/uploads\\\/2023\\\/07\\\/cropped-1684191296456.jpg\",\"contentUrl\":\"https:\\\/\\\/mersatradedz.com\\\/wp-content\\\/uploads\\\/2023\\\/07\\\/cropped-1684191296456.jpg\",\"width\":1451,\"height\":955,\"caption\":\"mersa trade\"},\"image\":{\"@id\":\"https:\\\/\\\/mersatradedz.com\\\/#\\\/schema\\\/logo\\\/image\\\/\"},\"sameAs\":[\"https:\\\/\\\/www.facebook.com\\\/ntbidz\"]}]}<\/script>\n<!-- \/ Yoast SEO plugin. -->","yoast_head_json":{"title":"Toner Canon Q5949A \/ Q5553A - mersatradedz","robots":{"index":"index","follow":"follow","max-snippet":"max-snippet:-1","max-image-preview":"max-image-preview:large","max-video-preview":"max-video-preview:-1"},"canonical":"https:\/\/mersatradedz.com\/ar\/product\/toner-canon-q5949a-q5553a\/","og_locale":"ar_AR","og_type":"article","og_title":"Toner Canon Q5949A \/ Q5553A - mersatradedz","og_description":"Le toner Canon Q5949A \/ Q5553A noir assure une qualit\u00e9 d\u2019impression professionnelle, nette et constante. Con\u00e7u pour les imprimantes laser Canon et HP, il offre un rendement allant jusqu\u2019\u00e0 2 500 pages. Id\u00e9al pour les environnements de travail exigeants, il combine fiabilit\u00e9 et facilit\u00e9 d\u2019utilisation.","og_url":"https:\/\/mersatradedz.com\/ar\/product\/toner-canon-q5949a-q5553a\/","og_site_name":"mersatradedz","article_publisher":"https:\/\/www.facebook.com\/ntbidz","og_image":[{"width":700,"height":700,"url":"https:\/\/mersatradedz.com\/wp-content\/uploads\/2025\/05\/1508_49abk.jpg","type":"image\/jpeg"}],"twitter_card":"summary_large_image","twitter_misc":{"\u0648\u0642\u062a \u0627\u0644\u0642\u0631\u0627\u0621\u0629 \u0627\u0644\u0645\u064f\u0642\u062f\u0651\u0631":"\u062f\u0642\u064a\u0642\u0629 \u0648\u0627\u062d\u062f\u0629"},"schema":{"@context":"https:\/\/schema.org","@graph":[{"@type":"WebPage","@id":"https:\/\/mersatradedz.com\/product\/toner-canon-q5949a-q5553a\/","url":"https:\/\/mersatradedz.com\/product\/toner-canon-q5949a-q5553a\/","name":"Toner Canon Q5949A \/ Q5553A - mersatradedz","isPartOf":{"@id":"https:\/\/mersatradedz.com\/#website"},"primaryImageOfPage":{"@id":"https:\/\/mersatradedz.com\/product\/toner-canon-q5949a-q5553a\/#primaryimage"},"image":{"@id":"https:\/\/mersatradedz.com\/product\/toner-canon-q5949a-q5553a\/#primaryimage"},"thumbnailUrl":"https:\/\/mersatradedz.com\/wp-content\/uploads\/2025\/05\/1508_49abk.jpg","datePublished":"2025-05-21T14:09:20+00:00","breadcrumb":{"@id":"https:\/\/mersatradedz.com\/product\/toner-canon-q5949a-q5553a\/#breadcrumb"},"inLanguage":"ar","potentialAction":[{"@type":"ReadAction","target":["https:\/\/mersatradedz.com\/product\/toner-canon-q5949a-q5553a\/"]}]},{"@type":"ImageObject","inLanguage":"ar","@id":"https:\/\/mersatradedz.com\/product\/toner-canon-q5949a-q5553a\/#primaryimage","url":"https:\/\/mersatradedz.com\/wp-content\/uploads\/2025\/05\/1508_49abk.jpg","contentUrl":"https:\/\/mersatradedz.com\/wp-content\/uploads\/2025\/05\/1508_49abk.jpg","width":700,"height":700},{"@type":"BreadcrumbList","@id":"https:\/\/mersatradedz.com\/product\/toner-canon-q5949a-q5553a\/#breadcrumb","itemListElement":[{"@type":"ListItem","position":1,"name":"Home","item":"https:\/\/mersatradedz.com\/ar\/"},{"@type":"ListItem","position":2,"name":"Boutique","item":"https:\/\/mersatradedz.com\/shop\/"},{"@type":"ListItem","position":3,"name":"Toner Canon Q5949A \/ Q5553A"}]},{"@type":"WebSite","@id":"https:\/\/mersatradedz.com\/#website","url":"https:\/\/mersatradedz.com\/","name":"mersatradedz","description":"","publisher":{"@id":"https:\/\/mersatradedz.com\/#organization"},"potentialAction":[{"@type":"SearchAction","target":{"@type":"EntryPoint","urlTemplate":"https:\/\/mersatradedz.com\/?s={search_term_string}"},"query-input":{"@type":"PropertyValueSpecification","valueRequired":true,"valueName":"search_term_string"}}],"inLanguage":"ar"},{"@type":"Organization","@id":"https:\/\/mersatradedz.com\/#organization","name":"mersa trade","url":"https:\/\/mersatradedz.com\/","logo":{"@type":"ImageObject","inLanguage":"ar","@id":"https:\/\/mersatradedz.com\/#\/schema\/logo\/image\/","url":"https:\/\/mersatradedz.com\/wp-content\/uploads\/2023\/07\/cropped-1684191296456.jpg","contentUrl":"https:\/\/mersatradedz.com\/wp-content\/uploads\/2023\/07\/cropped-1684191296456.jpg","width":1451,"height":955,"caption":"mersa trade"},"image":{"@id":"https:\/\/mersatradedz.com\/#\/schema\/logo\/image\/"},"sameAs":["https:\/\/www.facebook.com\/ntbidz"]}]}},"jetpack_sharing_enabled":true,"_links":{"self":[{"href":"https:\/\/mersatradedz.com\/ar\/wp-json\/wp\/v2\/product\/3372","targetHints":{"allow":["GET"]}}],"collection":[{"href":"https:\/\/mersatradedz.com\/ar\/wp-json\/wp\/v2\/product"}],"about":[{"href":"https:\/\/mersatradedz.com\/ar\/wp-json\/wp\/v2\/types\/product"}],"replies":[{"embeddable":true,"href":"https:\/\/mersatradedz.com\/ar\/wp-json\/wp\/v2\/comments?post=3372"}],"wp:featuredmedia":[{"embeddable":true,"href":"https:\/\/mersatradedz.com\/ar\/wp-json\/wp\/v2\/media\/3373"}],"wp:attachment":[{"href":"https:\/\/mersatradedz.com\/ar\/wp-json\/wp\/v2\/media?parent=3372"}],"wp:term":[{"taxonomy":"product_brand","embeddable":true,"href":"https:\/\/mersatradedz.com\/ar\/wp-json\/wp\/v2\/product_brand?post=3372"},{"taxonomy":"product_cat","embeddable":true,"href":"https:\/\/mersatradedz.com\/ar\/wp-json\/wp\/v2\/product_cat?post=3372"},{"taxonomy":"product_tag","embeddable":true,"href":"https:\/\/mersatradedz.com\/ar\/wp-json\/wp\/v2\/product_tag?post=3372"}],"curies":[{"name":"wp","href":"https:\/\/api.w.org\/{rel}","templated":true}]}}