{"id":3374,"date":"2025-05-21T15:27:12","date_gmt":"2025-05-21T14:27:12","guid":{"rendered":"https:\/\/mersatradedz.com\/?post_type=product&#038;p=3374"},"modified":"2025-05-21T15:27:13","modified_gmt":"2025-05-21T14:27:13","slug":"toner-hp-canon-ce310a-ce3111a-ce312a-ce313a","status":"publish","type":"product","link":"https:\/\/mersatradedz.com\/ar\/product\/toner-hp-canon-ce310a-ce3111a-ce312a-ce313a\/","title":{"rendered":"Toner HP \/ Canon CE310A \/ CE3111A \/ CE312A \/ CE313A"},"content":{"rendered":"<h3 data-start=\"739\" data-end=\"917\"><strong data-start=\"739\" data-end=\"774\">Qualit\u00e9 couleur professionnelle<\/strong><\/h3>\n<p class=\"\" data-start=\"739\" data-end=\"917\">Chaque cartouche du pack Canon 310 offre des couleurs vives, pr\u00e9cises et stables. Les tons sont fid\u00e8les, sans bavure, pour un rendu optimal.<\/p>\n<h3 data-start=\"919\" data-end=\"961\"><strong data-start=\"919\" data-end=\"940\">Pack complet CMYK<\/strong><\/h3>\n<p class=\"\" data-start=\"919\" data-end=\"961\">Le pack inclut :<\/p>\n<ul data-start=\"962\" data-end=\"1120\">\n<li class=\"\" data-start=\"962\" data-end=\"986\">\n<p class=\"\" data-start=\"964\" data-end=\"986\">1 Toner Noir (Black)<\/p>\n<\/li>\n<li class=\"\" data-start=\"987\" data-end=\"1003\">\n<p class=\"\" data-start=\"989\" data-end=\"1003\">1 Toner Cyan<\/p>\n<\/li>\n<li class=\"\" data-start=\"1004\" data-end=\"1023\">\n<p class=\"\" data-start=\"1006\" data-end=\"1023\">1 Toner Magenta<\/p>\n<\/li>\n<li class=\"\" data-start=\"1024\" data-end=\"1120\">\n<p class=\"\" data-start=\"1026\" data-end=\"1120\">1 Toner Jaune<br data-start=\"1039\" data-end=\"1042\" \/>Optimis\u00e9 pour fonctionner en synergie sur les imprimantes Canon laser couleur.<\/p>\n<\/li>\n<\/ul>\n<h3 data-start=\"1122\" data-end=\"1186\"><strong data-start=\"1122\" data-end=\"1148\">Compatibilit\u00e9 parfaite<\/strong><\/h3>\n<p class=\"\" data-start=\"1122\" data-end=\"1186\">Compatible avec les imprimantes :<\/p>\n<p style=\"padding-left: 40px\" data-start=\"1122\" data-end=\"1186\">Hp LaserJet Pro 100 M175a , Hp LaserJet Pro 100 M175nw , Hp LaserJet Pro 100 MFP M175nw , Hp CP 1025 , Hp CP 1025nw , Hp Color LaserJet CP1025 , Hp LaserJet Pro CP1025 , Hp Color LaserJet CP1025nw , Hp LaserJet Pro CP1025nw , Canon i-Sensys LBP7010C , Canon i-Sensys LBP7018C , Hp LaserJet Pro M275 mfp , Hp LaserJet Pro TopShot<\/p>\n<h3 data-start=\"1350\" data-end=\"1520\"><strong data-start=\"1350\" data-end=\"1369\">Rendement \u00e9lev\u00e9<\/strong><\/h3>\n<p class=\"\" data-start=\"1350\" data-end=\"1520\">Chaque cartouche offre un rendement de <strong data-start=\"1411\" data-end=\"1442\">environ 6 000 \u00e0 7 000 pages<\/strong> (selon la couleur, \u00e0 5 % de couverture), parfait pour les volumes importants.<\/p>\n<h3 data-start=\"1522\" data-end=\"1555\"><strong data-start=\"1522\" data-end=\"1553\">Caract\u00e9ristiques techniques<\/strong><\/h3>\n<ul data-start=\"1556\" data-end=\"1776\">\n<li class=\"\" data-start=\"1556\" data-end=\"1589\">\n<p class=\"\" data-start=\"1558\" data-end=\"1589\">Mod\u00e8le : Pack Toner Canon 310<\/p>\n<\/li>\n<li class=\"\" data-start=\"1590\" data-end=\"1631\">\n<p class=\"\" data-start=\"1592\" data-end=\"1631\">Couleurs : Cyan, Magenta, Jaune, Noir<\/p>\n<\/li>\n<li class=\"\" data-start=\"1632\" data-end=\"1663\">\n<p class=\"\" data-start=\"1634\" data-end=\"1663\">Technologie : laser couleur<\/p>\n<\/li>\n<li class=\"\" data-start=\"1664\" data-end=\"1730\">\n<p class=\"\" data-start=\"1666\" data-end=\"1730\">Rendement : jusqu\u2019\u00e0 7 000 pages (noir), 6 000 pages (couleurs)<\/p>\n<\/li>\n<li class=\"\" data-start=\"1731\" data-end=\"1776\">\n<p class=\"\" data-start=\"1733\" data-end=\"1776\">Compatibilit\u00e9 : Canon LBP-7780Cx, LBP-5280\u2026<\/p>\n<\/li>\n<\/ul>\n<h3 data-start=\"1778\" data-end=\"1962\"><strong data-start=\"1778\" data-end=\"1806\">Performance et fiabilit\u00e9<\/strong><\/h3>\n<p class=\"\" data-start=\"1778\" data-end=\"1962\">Ce pack garantit une impression continue de qualit\u00e9, un rendement constant, et une excellente compatibilit\u00e9. Un choix \u00e9conomique pour les professionnels.<\/p>","protected":false},"excerpt":{"rendered":"<p>Le pack toner 310 contient les quatre couleurs essentielles (Cyan, Magenta, Jaune et Noir) pour des impressions couleur nettes et durables. Con\u00e7u pour les imprimantes laser Canon, il garantit une qualit\u00e9 professionnelle et un rendement \u00e9lev\u00e9, id\u00e9al pour les bureaux exigeants et les environnements de production graphique.<\/p>","protected":false},"featured_media":3375,"comment_status":"open","ping_status":"closed","template":"","meta":{"_monsterinsights_skip_tracking":false,"_monsterinsights_sitenote_active":false,"_monsterinsights_sitenote_note":"","_monsterinsights_sitenote_category":0},"product_brand":[826,848],"product_cat":[224],"product_tag":[236,1129,1130,876,849,34,1125,1127,1123,1124,1120,1121,1122,1126,1128,1131,1132,852,870,254],"class_list":{"0":"post-3374","1":"product","2":"type-product","3":"status-publish","4":"has-post-thumbnail","6":"product_brand-canon","7":"product_brand-hp","8":"product_cat-consemable","9":"product_tag-canon","10":"product_tag-canon-i-sensys-lbp7010c","11":"product_tag-canon-i-sensys-lbp7018c","12":"product_tag-compatible","13":"product_tag-consomable","14":"product_tag-hp","15":"product_tag-hp-color-laserjet-cp1025","16":"product_tag-hp-color-laserjet-cp1025nw","17":"product_tag-hp-cp-1025","18":"product_tag-hp-cp-1025nw","19":"product_tag-hp-laserjet-pro-100-m175a","20":"product_tag-hp-laserjet-pro-100-m175nw","21":"product_tag-hp-laserjet-pro-100-mfp-m175nw","22":"product_tag-hp-laserjet-pro-cp1025","23":"product_tag-hp-laserjet-pro-cp1025nw","24":"product_tag-hp-laserjet-pro-m275-mfp","25":"product_tag-hp-laserjet-pro-topshot","26":"product_tag-laser","27":"product_tag-lazer","28":"product_tag-toner","30":"first","31":"instock","32":"shipping-taxable","33":"product-type-simple"},"yoast_head":"<!-- This site is optimized with the Yoast SEO plugin v27.4 - https:\/\/yoast.com\/product\/yoast-seo-wordpress\/ -->\n<title>Toner HP \/ Canon CE310A \/ CE3111A \/ CE312A \/ CE313A - mersatradedz<\/title>\n<meta name=\"robots\" content=\"index, follow, max-snippet:-1, max-image-preview:large, max-video-preview:-1\" \/>\n<link rel=\"canonical\" href=\"https:\/\/mersatradedz.com\/ar\/product\/toner-hp-canon-ce310a-ce3111a-ce312a-ce313a\/\" \/>\n<meta property=\"og:locale\" content=\"ar_AR\" \/>\n<meta property=\"og:type\" content=\"article\" \/>\n<meta property=\"og:title\" content=\"Toner HP \/ Canon CE310A \/ CE3111A \/ CE312A \/ CE313A - mersatradedz\" \/>\n<meta property=\"og:description\" content=\"Le pack toner 310 contient les quatre couleurs essentielles (Cyan, Magenta, Jaune et Noir) pour des impressions couleur nettes et durables. Con\u00e7u pour les imprimantes laser Canon, il garantit une qualit\u00e9 professionnelle et un rendement \u00e9lev\u00e9, id\u00e9al pour les bureaux exigeants et les environnements de production graphique.\" \/>\n<meta property=\"og:url\" content=\"https:\/\/mersatradedz.com\/ar\/product\/toner-hp-canon-ce310a-ce3111a-ce312a-ce313a\/\" \/>\n<meta property=\"og:site_name\" content=\"mersatradedz\" \/>\n<meta property=\"article:publisher\" content=\"https:\/\/www.facebook.com\/ntbidz\" \/>\n<meta property=\"article:modified_time\" content=\"2025-05-21T14:27:13+00:00\" \/>\n<meta name=\"twitter:card\" content=\"summary_large_image\" \/>\n<meta name=\"twitter:label1\" content=\"\u0648\u0642\u062a \u0627\u0644\u0642\u0631\u0627\u0621\u0629 \u0627\u0644\u0645\u064f\u0642\u062f\u0651\u0631\" \/>\n\t<meta name=\"twitter:data1\" content=\"\u062f\u0642\u064a\u0642\u0629 \u0648\u0627\u062d\u062f\u0629\" \/>\n<script type=\"application\/ld+json\" class=\"yoast-schema-graph\">{\"@context\":\"https:\\\/\\\/schema.org\",\"@graph\":[{\"@type\":\"WebPage\",\"@id\":\"https:\\\/\\\/mersatradedz.com\\\/product\\\/toner-hp-canon-ce310a-ce3111a-ce312a-ce313a\\\/\",\"url\":\"https:\\\/\\\/mersatradedz.com\\\/product\\\/toner-hp-canon-ce310a-ce3111a-ce312a-ce313a\\\/\",\"name\":\"Toner HP \\\/ Canon CE310A \\\/ CE3111A \\\/ CE312A \\\/ CE313A - mersatradedz\",\"isPartOf\":{\"@id\":\"https:\\\/\\\/mersatradedz.com\\\/#website\"},\"primaryImageOfPage\":{\"@id\":\"https:\\\/\\\/mersatradedz.com\\\/product\\\/toner-hp-canon-ce310a-ce3111a-ce312a-ce313a\\\/#primaryimage\"},\"image\":{\"@id\":\"https:\\\/\\\/mersatradedz.com\\\/product\\\/toner-hp-canon-ce310a-ce3111a-ce312a-ce313a\\\/#primaryimage\"},\"thumbnailUrl\":\"https:\\\/\\\/mersatradedz.com\\\/wp-content\\\/uploads\\\/2025\\\/05\\\/CE310-CF350A-Laser-Toner-Cartridge-for-HP-Color-Laserjet-Cp1025-M275nw-M175A-M176n-M177fw-Canon-Lbp7010c-Lbp7018c.avif\",\"datePublished\":\"2025-05-21T14:27:12+00:00\",\"dateModified\":\"2025-05-21T14:27:13+00:00\",\"breadcrumb\":{\"@id\":\"https:\\\/\\\/mersatradedz.com\\\/product\\\/toner-hp-canon-ce310a-ce3111a-ce312a-ce313a\\\/#breadcrumb\"},\"inLanguage\":\"ar\",\"potentialAction\":[{\"@type\":\"ReadAction\",\"target\":[\"https:\\\/\\\/mersatradedz.com\\\/product\\\/toner-hp-canon-ce310a-ce3111a-ce312a-ce313a\\\/\"]}]},{\"@type\":\"ImageObject\",\"inLanguage\":\"ar\",\"@id\":\"https:\\\/\\\/mersatradedz.com\\\/product\\\/toner-hp-canon-ce310a-ce3111a-ce312a-ce313a\\\/#primaryimage\",\"url\":\"https:\\\/\\\/mersatradedz.com\\\/wp-content\\\/uploads\\\/2025\\\/05\\\/CE310-CF350A-Laser-Toner-Cartridge-for-HP-Color-Laserjet-Cp1025-M275nw-M175A-M176n-M177fw-Canon-Lbp7010c-Lbp7018c.avif\",\"contentUrl\":\"https:\\\/\\\/mersatradedz.com\\\/wp-content\\\/uploads\\\/2025\\\/05\\\/CE310-CF350A-Laser-Toner-Cartridge-for-HP-Color-Laserjet-Cp1025-M275nw-M175A-M176n-M177fw-Canon-Lbp7010c-Lbp7018c.avif\",\"width\":750,\"height\":750},{\"@type\":\"BreadcrumbList\",\"@id\":\"https:\\\/\\\/mersatradedz.com\\\/product\\\/toner-hp-canon-ce310a-ce3111a-ce312a-ce313a\\\/#breadcrumb\",\"itemListElement\":[{\"@type\":\"ListItem\",\"position\":1,\"name\":\"Home\",\"item\":\"https:\\\/\\\/mersatradedz.com\\\/ar\\\/\"},{\"@type\":\"ListItem\",\"position\":2,\"name\":\"Boutique\",\"item\":\"https:\\\/\\\/mersatradedz.com\\\/shop\\\/\"},{\"@type\":\"ListItem\",\"position\":3,\"name\":\"Toner HP \\\/ Canon CE310A \\\/ CE3111A \\\/ CE312A \\\/ CE313A\"}]},{\"@type\":\"WebSite\",\"@id\":\"https:\\\/\\\/mersatradedz.com\\\/#website\",\"url\":\"https:\\\/\\\/mersatradedz.com\\\/\",\"name\":\"mersatradedz\",\"description\":\"\",\"publisher\":{\"@id\":\"https:\\\/\\\/mersatradedz.com\\\/#organization\"},\"potentialAction\":[{\"@type\":\"SearchAction\",\"target\":{\"@type\":\"EntryPoint\",\"urlTemplate\":\"https:\\\/\\\/mersatradedz.com\\\/?s={search_term_string}\"},\"query-input\":{\"@type\":\"PropertyValueSpecification\",\"valueRequired\":true,\"valueName\":\"search_term_string\"}}],\"inLanguage\":\"ar\"},{\"@type\":\"Organization\",\"@id\":\"https:\\\/\\\/mersatradedz.com\\\/#organization\",\"name\":\"mersa trade\",\"url\":\"https:\\\/\\\/mersatradedz.com\\\/\",\"logo\":{\"@type\":\"ImageObject\",\"inLanguage\":\"ar\",\"@id\":\"https:\\\/\\\/mersatradedz.com\\\/#\\\/schema\\\/logo\\\/image\\\/\",\"url\":\"https:\\\/\\\/mersatradedz.com\\\/wp-content\\\/uploads\\\/2023\\\/07\\\/cropped-1684191296456.jpg\",\"contentUrl\":\"https:\\\/\\\/mersatradedz.com\\\/wp-content\\\/uploads\\\/2023\\\/07\\\/cropped-1684191296456.jpg\",\"width\":1451,\"height\":955,\"caption\":\"mersa trade\"},\"image\":{\"@id\":\"https:\\\/\\\/mersatradedz.com\\\/#\\\/schema\\\/logo\\\/image\\\/\"},\"sameAs\":[\"https:\\\/\\\/www.facebook.com\\\/ntbidz\"]}]}<\/script>\n<!-- \/ Yoast SEO plugin. -->","yoast_head_json":{"title":"Toner HP \/ Canon CE310A \/ CE3111A \/ CE312A \/ CE313A - mersatradedz","robots":{"index":"index","follow":"follow","max-snippet":"max-snippet:-1","max-image-preview":"max-image-preview:large","max-video-preview":"max-video-preview:-1"},"canonical":"https:\/\/mersatradedz.com\/ar\/product\/toner-hp-canon-ce310a-ce3111a-ce312a-ce313a\/","og_locale":"ar_AR","og_type":"article","og_title":"Toner HP \/ Canon CE310A \/ CE3111A \/ CE312A \/ CE313A - mersatradedz","og_description":"Le pack toner 310 contient les quatre couleurs essentielles (Cyan, Magenta, Jaune et Noir) pour des impressions couleur nettes et durables. Con\u00e7u pour les imprimantes laser Canon, il garantit une qualit\u00e9 professionnelle et un rendement \u00e9lev\u00e9, id\u00e9al pour les bureaux exigeants et les environnements de production graphique.","og_url":"https:\/\/mersatradedz.com\/ar\/product\/toner-hp-canon-ce310a-ce3111a-ce312a-ce313a\/","og_site_name":"mersatradedz","article_publisher":"https:\/\/www.facebook.com\/ntbidz","article_modified_time":"2025-05-21T14:27:13+00:00","twitter_card":"summary_large_image","twitter_misc":{"\u0648\u0642\u062a \u0627\u0644\u0642\u0631\u0627\u0621\u0629 \u0627\u0644\u0645\u064f\u0642\u062f\u0651\u0631":"\u062f\u0642\u064a\u0642\u0629 \u0648\u0627\u062d\u062f\u0629"},"schema":{"@context":"https:\/\/schema.org","@graph":[{"@type":"WebPage","@id":"https:\/\/mersatradedz.com\/product\/toner-hp-canon-ce310a-ce3111a-ce312a-ce313a\/","url":"https:\/\/mersatradedz.com\/product\/toner-hp-canon-ce310a-ce3111a-ce312a-ce313a\/","name":"Toner HP \/ Canon CE310A \/ CE3111A \/ CE312A \/ CE313A - mersatradedz","isPartOf":{"@id":"https:\/\/mersatradedz.com\/#website"},"primaryImageOfPage":{"@id":"https:\/\/mersatradedz.com\/product\/toner-hp-canon-ce310a-ce3111a-ce312a-ce313a\/#primaryimage"},"image":{"@id":"https:\/\/mersatradedz.com\/product\/toner-hp-canon-ce310a-ce3111a-ce312a-ce313a\/#primaryimage"},"thumbnailUrl":"https:\/\/mersatradedz.com\/wp-content\/uploads\/2025\/05\/CE310-CF350A-Laser-Toner-Cartridge-for-HP-Color-Laserjet-Cp1025-M275nw-M175A-M176n-M177fw-Canon-Lbp7010c-Lbp7018c.avif","datePublished":"2025-05-21T14:27:12+00:00","dateModified":"2025-05-21T14:27:13+00:00","breadcrumb":{"@id":"https:\/\/mersatradedz.com\/product\/toner-hp-canon-ce310a-ce3111a-ce312a-ce313a\/#breadcrumb"},"inLanguage":"ar","potentialAction":[{"@type":"ReadAction","target":["https:\/\/mersatradedz.com\/product\/toner-hp-canon-ce310a-ce3111a-ce312a-ce313a\/"]}]},{"@type":"ImageObject","inLanguage":"ar","@id":"https:\/\/mersatradedz.com\/product\/toner-hp-canon-ce310a-ce3111a-ce312a-ce313a\/#primaryimage","url":"https:\/\/mersatradedz.com\/wp-content\/uploads\/2025\/05\/CE310-CF350A-Laser-Toner-Cartridge-for-HP-Color-Laserjet-Cp1025-M275nw-M175A-M176n-M177fw-Canon-Lbp7010c-Lbp7018c.avif","contentUrl":"https:\/\/mersatradedz.com\/wp-content\/uploads\/2025\/05\/CE310-CF350A-Laser-Toner-Cartridge-for-HP-Color-Laserjet-Cp1025-M275nw-M175A-M176n-M177fw-Canon-Lbp7010c-Lbp7018c.avif","width":750,"height":750},{"@type":"BreadcrumbList","@id":"https:\/\/mersatradedz.com\/product\/toner-hp-canon-ce310a-ce3111a-ce312a-ce313a\/#breadcrumb","itemListElement":[{"@type":"ListItem","position":1,"name":"Home","item":"https:\/\/mersatradedz.com\/ar\/"},{"@type":"ListItem","position":2,"name":"Boutique","item":"https:\/\/mersatradedz.com\/shop\/"},{"@type":"ListItem","position":3,"name":"Toner HP \/ Canon CE310A \/ CE3111A \/ CE312A \/ CE313A"}]},{"@type":"WebSite","@id":"https:\/\/mersatradedz.com\/#website","url":"https:\/\/mersatradedz.com\/","name":"mersatradedz","description":"","publisher":{"@id":"https:\/\/mersatradedz.com\/#organization"},"potentialAction":[{"@type":"SearchAction","target":{"@type":"EntryPoint","urlTemplate":"https:\/\/mersatradedz.com\/?s={search_term_string}"},"query-input":{"@type":"PropertyValueSpecification","valueRequired":true,"valueName":"search_term_string"}}],"inLanguage":"ar"},{"@type":"Organization","@id":"https:\/\/mersatradedz.com\/#organization","name":"mersa trade","url":"https:\/\/mersatradedz.com\/","logo":{"@type":"ImageObject","inLanguage":"ar","@id":"https:\/\/mersatradedz.com\/#\/schema\/logo\/image\/","url":"https:\/\/mersatradedz.com\/wp-content\/uploads\/2023\/07\/cropped-1684191296456.jpg","contentUrl":"https:\/\/mersatradedz.com\/wp-content\/uploads\/2023\/07\/cropped-1684191296456.jpg","width":1451,"height":955,"caption":"mersa trade"},"image":{"@id":"https:\/\/mersatradedz.com\/#\/schema\/logo\/image\/"},"sameAs":["https:\/\/www.facebook.com\/ntbidz"]}]}},"jetpack_sharing_enabled":true,"_links":{"self":[{"href":"https:\/\/mersatradedz.com\/ar\/wp-json\/wp\/v2\/product\/3374","targetHints":{"allow":["GET"]}}],"collection":[{"href":"https:\/\/mersatradedz.com\/ar\/wp-json\/wp\/v2\/product"}],"about":[{"href":"https:\/\/mersatradedz.com\/ar\/wp-json\/wp\/v2\/types\/product"}],"replies":[{"embeddable":true,"href":"https:\/\/mersatradedz.com\/ar\/wp-json\/wp\/v2\/comments?post=3374"}],"wp:featuredmedia":[{"embeddable":true,"href":"https:\/\/mersatradedz.com\/ar\/wp-json\/wp\/v2\/media\/3375"}],"wp:attachment":[{"href":"https:\/\/mersatradedz.com\/ar\/wp-json\/wp\/v2\/media?parent=3374"}],"wp:term":[{"taxonomy":"product_brand","embeddable":true,"href":"https:\/\/mersatradedz.com\/ar\/wp-json\/wp\/v2\/product_brand?post=3374"},{"taxonomy":"product_cat","embeddable":true,"href":"https:\/\/mersatradedz.com\/ar\/wp-json\/wp\/v2\/product_cat?post=3374"},{"taxonomy":"product_tag","embeddable":true,"href":"https:\/\/mersatradedz.com\/ar\/wp-json\/wp\/v2\/product_tag?post=3374"}],"curies":[{"name":"wp","href":"https:\/\/api.w.org\/{rel}","templated":true}]}}