{"id":3377,"date":"2025-05-21T15:36:41","date_gmt":"2025-05-21T14:36:41","guid":{"rendered":"https:\/\/mersatradedz.com\/?post_type=product&#038;p=3377"},"modified":"2025-05-21T15:36:41","modified_gmt":"2025-05-21T14:36:41","slug":"toner-canon-mf443-057","status":"publish","type":"product","link":"https:\/\/mersatradedz.com\/ar\/product\/toner-canon-mf443-057\/","title":{"rendered":"Toner Canon MF443 &#8211; 057"},"content":{"rendered":"<p class=\"\" data-start=\"687\" data-end=\"852\"><strong data-start=\"687\" data-end=\"712\">Impression de qualit\u00e9<\/strong><br data-start=\"712\" data-end=\"715\" \/>Le toner Canon 057 produit des textes nets et des noirs profonds, parfaits pour les rapports, documents professionnels et administratifs.<\/p>\n<p class=\"\" data-start=\"854\" data-end=\"935\"><strong data-start=\"854\" data-end=\"879\">Compatibilit\u00e9 assur\u00e9e<\/strong><br data-start=\"879\" data-end=\"882\" \/>Ce toner est con\u00e7u pour les imprimantes suivantes :<\/p>\n<p style=\"padding-left: 40px\">Canon i-Sensys LBP220 Series , Canon i-Sensys LBP223dw , Canon i-Sensys LBP226dw , Canon i-Sensys LBP228dw , Canon i-Sensys LBP228x , Canon i-Sensys MF440 Series , Canon i-Sensys MF443dw , Canon i-Sensys MF445dw , Canon i-Sensys MF446x , Canon i-Sensys MF449dw , Canon i-Sensys MF449x , Canon i-Sensys MF455dw<\/p>\n<p class=\"\" data-start=\"1124\" data-end=\"1276\"><strong data-start=\"1124\" data-end=\"1146\">Rendement optimis\u00e9<\/strong><br data-start=\"1146\" data-end=\"1149\" \/>Jusqu\u2019\u00e0 <strong data-start=\"1157\" data-end=\"1172\">3 100 pages<\/strong> \u00e0 5 % de couverture. Adapt\u00e9 aux volumes d\u2019impression r\u00e9guliers dans les bureaux ou petites entreprises.<\/p>\n<p class=\"\" data-start=\"1278\" data-end=\"1417\"><strong data-start=\"1278\" data-end=\"1301\">Installation rapide<\/strong><br data-start=\"1301\" data-end=\"1304\" \/>Cartouche pr\u00eate \u00e0 l\u2019emploi, ins\u00e9rable facilement. D\u00e9tection automatique par l\u2019imprimante et impression imm\u00e9diate.<\/p>\n<p class=\"\" data-start=\"1419\" data-end=\"1452\"><strong data-start=\"1419\" data-end=\"1450\">Caract\u00e9ristiques techniques<\/strong><\/p>\n<ul data-start=\"1453\" data-end=\"1613\">\n<li class=\"\" data-start=\"1453\" data-end=\"1475\">\n<p class=\"\" data-start=\"1455\" data-end=\"1475\">Mod\u00e8le : Canon 057<\/p>\n<\/li>\n<li class=\"\" data-start=\"1476\" data-end=\"1494\">\n<p class=\"\" data-start=\"1478\" data-end=\"1494\">Couleur : Noir<\/p>\n<\/li>\n<li class=\"\" data-start=\"1495\" data-end=\"1529\">\n<p class=\"\" data-start=\"1497\" data-end=\"1529\">Technologie : Laser monochrome<\/p>\n<\/li>\n<li class=\"\" data-start=\"1530\" data-end=\"1565\">\n<p class=\"\" data-start=\"1532\" data-end=\"1565\">Rendement : jusqu\u2019\u00e0 3 100 pages<\/p>\n<\/li>\n<li class=\"\" data-start=\"1566\" data-end=\"1613\">\n<p class=\"\" data-start=\"1568\" data-end=\"1613\">Compatibilit\u00e9 : S\u00e9rie Canon i-SENSYS MF \/ LBP<\/p>\n<\/li>\n<\/ul>\n<p class=\"\" data-start=\"1615\" data-end=\"1742\"><strong data-start=\"1615\" data-end=\"1636\">Performance Canon<\/strong><br data-start=\"1636\" data-end=\"1639\" \/>Le Canon 057 combine performance, fiabilit\u00e9 et ma\u00eetrise des co\u00fbts d\u2019impression pour les professionnels.<\/p>","protected":false},"excerpt":{"rendered":"<p>Le toner Canon 057 noir offre une impression laser pr\u00e9cise et professionnelle, avec un rendement allant jusqu\u2019\u00e0 <strong data-start=\"437\" data-end=\"452\">3 100 pages<\/strong>. Id\u00e9al pour les utilisateurs exigeants, il est compatible avec plusieurs mod\u00e8les i-SENSYS. Installation simple, performance constante et fiabilit\u00e9 sign\u00e9e Canon.<\/p>","protected":false},"featured_media":3378,"comment_status":"open","ping_status":"closed","template":"","meta":{"_monsterinsights_skip_tracking":false,"_monsterinsights_sitenote_active":false,"_monsterinsights_sitenote_note":"","_monsterinsights_sitenote_category":0},"product_brand":[826],"product_cat":[224],"product_tag":[236,1147,1148,1149,1150,1151,1152,1153,1154,1155,1156,1157,1158,876,849,852,870,254],"class_list":{"0":"post-3377","1":"product","2":"type-product","3":"status-publish","4":"has-post-thumbnail","6":"product_brand-canon","7":"product_cat-consemable","8":"product_tag-canon","9":"product_tag-canon-i-sensys-lbp220-series","10":"product_tag-canon-i-sensys-lbp223dw","11":"product_tag-canon-i-sensys-lbp226dw","12":"product_tag-canon-i-sensys-lbp228dw","13":"product_tag-canon-i-sensys-lbp228x","14":"product_tag-canon-i-sensys-mf440-series","15":"product_tag-canon-i-sensys-mf443dw","16":"product_tag-canon-i-sensys-mf445dw","17":"product_tag-canon-i-sensys-mf446x","18":"product_tag-canon-i-sensys-mf449dw","19":"product_tag-canon-i-sensys-mf449x","20":"product_tag-canon-i-sensys-mf455dw","21":"product_tag-compatible","22":"product_tag-consomable","23":"product_tag-laser","24":"product_tag-lazer","25":"product_tag-toner","27":"first","28":"instock","29":"shipping-taxable","30":"purchasable","31":"product-type-simple"},"yoast_head":"<!-- This site is optimized with the Yoast SEO plugin v27.4 - https:\/\/yoast.com\/product\/yoast-seo-wordpress\/ -->\n<title>Toner Canon MF443 - 057 - mersatradedz<\/title>\n<meta name=\"robots\" content=\"index, follow, max-snippet:-1, max-image-preview:large, max-video-preview:-1\" \/>\n<link rel=\"canonical\" href=\"https:\/\/mersatradedz.com\/ar\/product\/toner-canon-mf443-057\/\" \/>\n<meta property=\"og:locale\" content=\"ar_AR\" \/>\n<meta property=\"og:type\" content=\"article\" \/>\n<meta property=\"og:title\" content=\"Toner Canon MF443 - 057 - mersatradedz\" \/>\n<meta property=\"og:description\" content=\"Le toner Canon 057 noir offre une impression laser pr\u00e9cise et professionnelle, avec un rendement allant jusqu\u2019\u00e0 3 100 pages. Id\u00e9al pour les utilisateurs exigeants, il est compatible avec plusieurs mod\u00e8les i-SENSYS. Installation simple, performance constante et fiabilit\u00e9 sign\u00e9e Canon.\" \/>\n<meta property=\"og:url\" content=\"https:\/\/mersatradedz.com\/ar\/product\/toner-canon-mf443-057\/\" \/>\n<meta property=\"og:site_name\" content=\"mersatradedz\" \/>\n<meta property=\"article:publisher\" content=\"https:\/\/www.facebook.com\/ntbidz\" \/>\n<meta property=\"og:image\" content=\"https:\/\/mersatradedz.com\/wp-content\/uploads\/2025\/05\/canon-057-1jpeg.webp\" \/>\n\t<meta property=\"og:image:width\" content=\"1000\" \/>\n\t<meta property=\"og:image:height\" content=\"1000\" \/>\n\t<meta property=\"og:image:type\" content=\"image\/webp\" \/>\n<meta name=\"twitter:card\" content=\"summary_large_image\" \/>\n<meta name=\"twitter:label1\" content=\"\u0648\u0642\u062a \u0627\u0644\u0642\u0631\u0627\u0621\u0629 \u0627\u0644\u0645\u064f\u0642\u062f\u0651\u0631\" \/>\n\t<meta name=\"twitter:data1\" content=\"\u062f\u0642\u064a\u0642\u0629 \u0648\u0627\u062d\u062f\u0629\" \/>\n<script type=\"application\/ld+json\" class=\"yoast-schema-graph\">{\"@context\":\"https:\\\/\\\/schema.org\",\"@graph\":[{\"@type\":\"WebPage\",\"@id\":\"https:\\\/\\\/mersatradedz.com\\\/product\\\/toner-canon-mf443-057\\\/\",\"url\":\"https:\\\/\\\/mersatradedz.com\\\/product\\\/toner-canon-mf443-057\\\/\",\"name\":\"Toner Canon MF443 - 057 - mersatradedz\",\"isPartOf\":{\"@id\":\"https:\\\/\\\/mersatradedz.com\\\/#website\"},\"primaryImageOfPage\":{\"@id\":\"https:\\\/\\\/mersatradedz.com\\\/product\\\/toner-canon-mf443-057\\\/#primaryimage\"},\"image\":{\"@id\":\"https:\\\/\\\/mersatradedz.com\\\/product\\\/toner-canon-mf443-057\\\/#primaryimage\"},\"thumbnailUrl\":\"https:\\\/\\\/mersatradedz.com\\\/wp-content\\\/uploads\\\/2025\\\/05\\\/canon-057-1jpeg.webp\",\"datePublished\":\"2025-05-21T14:36:41+00:00\",\"breadcrumb\":{\"@id\":\"https:\\\/\\\/mersatradedz.com\\\/product\\\/toner-canon-mf443-057\\\/#breadcrumb\"},\"inLanguage\":\"ar\",\"potentialAction\":[{\"@type\":\"ReadAction\",\"target\":[\"https:\\\/\\\/mersatradedz.com\\\/product\\\/toner-canon-mf443-057\\\/\"]}]},{\"@type\":\"ImageObject\",\"inLanguage\":\"ar\",\"@id\":\"https:\\\/\\\/mersatradedz.com\\\/product\\\/toner-canon-mf443-057\\\/#primaryimage\",\"url\":\"https:\\\/\\\/mersatradedz.com\\\/wp-content\\\/uploads\\\/2025\\\/05\\\/canon-057-1jpeg.webp\",\"contentUrl\":\"https:\\\/\\\/mersatradedz.com\\\/wp-content\\\/uploads\\\/2025\\\/05\\\/canon-057-1jpeg.webp\",\"width\":1000,\"height\":1000},{\"@type\":\"BreadcrumbList\",\"@id\":\"https:\\\/\\\/mersatradedz.com\\\/product\\\/toner-canon-mf443-057\\\/#breadcrumb\",\"itemListElement\":[{\"@type\":\"ListItem\",\"position\":1,\"name\":\"Home\",\"item\":\"https:\\\/\\\/mersatradedz.com\\\/ar\\\/\"},{\"@type\":\"ListItem\",\"position\":2,\"name\":\"Boutique\",\"item\":\"https:\\\/\\\/mersatradedz.com\\\/shop\\\/\"},{\"@type\":\"ListItem\",\"position\":3,\"name\":\"Toner Canon MF443 &#8211; 057\"}]},{\"@type\":\"WebSite\",\"@id\":\"https:\\\/\\\/mersatradedz.com\\\/#website\",\"url\":\"https:\\\/\\\/mersatradedz.com\\\/\",\"name\":\"mersatradedz\",\"description\":\"\",\"publisher\":{\"@id\":\"https:\\\/\\\/mersatradedz.com\\\/#organization\"},\"potentialAction\":[{\"@type\":\"SearchAction\",\"target\":{\"@type\":\"EntryPoint\",\"urlTemplate\":\"https:\\\/\\\/mersatradedz.com\\\/?s={search_term_string}\"},\"query-input\":{\"@type\":\"PropertyValueSpecification\",\"valueRequired\":true,\"valueName\":\"search_term_string\"}}],\"inLanguage\":\"ar\"},{\"@type\":\"Organization\",\"@id\":\"https:\\\/\\\/mersatradedz.com\\\/#organization\",\"name\":\"mersa trade\",\"url\":\"https:\\\/\\\/mersatradedz.com\\\/\",\"logo\":{\"@type\":\"ImageObject\",\"inLanguage\":\"ar\",\"@id\":\"https:\\\/\\\/mersatradedz.com\\\/#\\\/schema\\\/logo\\\/image\\\/\",\"url\":\"https:\\\/\\\/mersatradedz.com\\\/wp-content\\\/uploads\\\/2023\\\/07\\\/cropped-1684191296456.jpg\",\"contentUrl\":\"https:\\\/\\\/mersatradedz.com\\\/wp-content\\\/uploads\\\/2023\\\/07\\\/cropped-1684191296456.jpg\",\"width\":1451,\"height\":955,\"caption\":\"mersa trade\"},\"image\":{\"@id\":\"https:\\\/\\\/mersatradedz.com\\\/#\\\/schema\\\/logo\\\/image\\\/\"},\"sameAs\":[\"https:\\\/\\\/www.facebook.com\\\/ntbidz\"]}]}<\/script>\n<!-- \/ Yoast SEO plugin. -->","yoast_head_json":{"title":"Toner Canon MF443 - 057 - mersatradedz","robots":{"index":"index","follow":"follow","max-snippet":"max-snippet:-1","max-image-preview":"max-image-preview:large","max-video-preview":"max-video-preview:-1"},"canonical":"https:\/\/mersatradedz.com\/ar\/product\/toner-canon-mf443-057\/","og_locale":"ar_AR","og_type":"article","og_title":"Toner Canon MF443 - 057 - mersatradedz","og_description":"Le toner Canon 057 noir offre une impression laser pr\u00e9cise et professionnelle, avec un rendement allant jusqu\u2019\u00e0 3 100 pages. Id\u00e9al pour les utilisateurs exigeants, il est compatible avec plusieurs mod\u00e8les i-SENSYS. Installation simple, performance constante et fiabilit\u00e9 sign\u00e9e Canon.","og_url":"https:\/\/mersatradedz.com\/ar\/product\/toner-canon-mf443-057\/","og_site_name":"mersatradedz","article_publisher":"https:\/\/www.facebook.com\/ntbidz","og_image":[{"width":1000,"height":1000,"url":"https:\/\/mersatradedz.com\/wp-content\/uploads\/2025\/05\/canon-057-1jpeg.webp","type":"image\/webp"}],"twitter_card":"summary_large_image","twitter_misc":{"\u0648\u0642\u062a \u0627\u0644\u0642\u0631\u0627\u0621\u0629 \u0627\u0644\u0645\u064f\u0642\u062f\u0651\u0631":"\u062f\u0642\u064a\u0642\u0629 \u0648\u0627\u062d\u062f\u0629"},"schema":{"@context":"https:\/\/schema.org","@graph":[{"@type":"WebPage","@id":"https:\/\/mersatradedz.com\/product\/toner-canon-mf443-057\/","url":"https:\/\/mersatradedz.com\/product\/toner-canon-mf443-057\/","name":"Toner Canon MF443 - 057 - mersatradedz","isPartOf":{"@id":"https:\/\/mersatradedz.com\/#website"},"primaryImageOfPage":{"@id":"https:\/\/mersatradedz.com\/product\/toner-canon-mf443-057\/#primaryimage"},"image":{"@id":"https:\/\/mersatradedz.com\/product\/toner-canon-mf443-057\/#primaryimage"},"thumbnailUrl":"https:\/\/mersatradedz.com\/wp-content\/uploads\/2025\/05\/canon-057-1jpeg.webp","datePublished":"2025-05-21T14:36:41+00:00","breadcrumb":{"@id":"https:\/\/mersatradedz.com\/product\/toner-canon-mf443-057\/#breadcrumb"},"inLanguage":"ar","potentialAction":[{"@type":"ReadAction","target":["https:\/\/mersatradedz.com\/product\/toner-canon-mf443-057\/"]}]},{"@type":"ImageObject","inLanguage":"ar","@id":"https:\/\/mersatradedz.com\/product\/toner-canon-mf443-057\/#primaryimage","url":"https:\/\/mersatradedz.com\/wp-content\/uploads\/2025\/05\/canon-057-1jpeg.webp","contentUrl":"https:\/\/mersatradedz.com\/wp-content\/uploads\/2025\/05\/canon-057-1jpeg.webp","width":1000,"height":1000},{"@type":"BreadcrumbList","@id":"https:\/\/mersatradedz.com\/product\/toner-canon-mf443-057\/#breadcrumb","itemListElement":[{"@type":"ListItem","position":1,"name":"Home","item":"https:\/\/mersatradedz.com\/ar\/"},{"@type":"ListItem","position":2,"name":"Boutique","item":"https:\/\/mersatradedz.com\/shop\/"},{"@type":"ListItem","position":3,"name":"Toner Canon MF443 &#8211; 057"}]},{"@type":"WebSite","@id":"https:\/\/mersatradedz.com\/#website","url":"https:\/\/mersatradedz.com\/","name":"mersatradedz","description":"","publisher":{"@id":"https:\/\/mersatradedz.com\/#organization"},"potentialAction":[{"@type":"SearchAction","target":{"@type":"EntryPoint","urlTemplate":"https:\/\/mersatradedz.com\/?s={search_term_string}"},"query-input":{"@type":"PropertyValueSpecification","valueRequired":true,"valueName":"search_term_string"}}],"inLanguage":"ar"},{"@type":"Organization","@id":"https:\/\/mersatradedz.com\/#organization","name":"mersa trade","url":"https:\/\/mersatradedz.com\/","logo":{"@type":"ImageObject","inLanguage":"ar","@id":"https:\/\/mersatradedz.com\/#\/schema\/logo\/image\/","url":"https:\/\/mersatradedz.com\/wp-content\/uploads\/2023\/07\/cropped-1684191296456.jpg","contentUrl":"https:\/\/mersatradedz.com\/wp-content\/uploads\/2023\/07\/cropped-1684191296456.jpg","width":1451,"height":955,"caption":"mersa trade"},"image":{"@id":"https:\/\/mersatradedz.com\/#\/schema\/logo\/image\/"},"sameAs":["https:\/\/www.facebook.com\/ntbidz"]}]}},"jetpack_sharing_enabled":true,"_links":{"self":[{"href":"https:\/\/mersatradedz.com\/ar\/wp-json\/wp\/v2\/product\/3377","targetHints":{"allow":["GET"]}}],"collection":[{"href":"https:\/\/mersatradedz.com\/ar\/wp-json\/wp\/v2\/product"}],"about":[{"href":"https:\/\/mersatradedz.com\/ar\/wp-json\/wp\/v2\/types\/product"}],"replies":[{"embeddable":true,"href":"https:\/\/mersatradedz.com\/ar\/wp-json\/wp\/v2\/comments?post=3377"}],"wp:featuredmedia":[{"embeddable":true,"href":"https:\/\/mersatradedz.com\/ar\/wp-json\/wp\/v2\/media\/3378"}],"wp:attachment":[{"href":"https:\/\/mersatradedz.com\/ar\/wp-json\/wp\/v2\/media?parent=3377"}],"wp:term":[{"taxonomy":"product_brand","embeddable":true,"href":"https:\/\/mersatradedz.com\/ar\/wp-json\/wp\/v2\/product_brand?post=3377"},{"taxonomy":"product_cat","embeddable":true,"href":"https:\/\/mersatradedz.com\/ar\/wp-json\/wp\/v2\/product_cat?post=3377"},{"taxonomy":"product_tag","embeddable":true,"href":"https:\/\/mersatradedz.com\/ar\/wp-json\/wp\/v2\/product_tag?post=3377"}],"curies":[{"name":"wp","href":"https:\/\/api.w.org\/{rel}","templated":true}]}}