{"id":3379,"date":"2025-05-21T16:39:28","date_gmt":"2025-05-21T15:39:28","guid":{"rendered":"https:\/\/mersatradedz.com\/?post_type=product&#038;p=3379"},"modified":"2025-05-21T16:39:28","modified_gmt":"2025-05-21T15:39:28","slug":"pack-toner-cb540-cb541-cb542-cb543","status":"publish","type":"product","link":"https:\/\/mersatradedz.com\/ar\/product\/pack-toner-cb540-cb541-cb542-cb543\/","title":{"rendered":"Pack Toner CB540 \/ CB541 \/ CB542 \/ CB543"},"content":{"rendered":"<h3 data-start=\"768\" data-end=\"959\"><strong data-start=\"768\" data-end=\"795\">Qualit\u00e9 professionnelle<\/strong><\/h3>\n<p class=\"\" data-start=\"768\" data-end=\"959\">Chaque toner de ce pack assure des impressions nettes, des couleurs pr\u00e9cises et un rendu homog\u00e8ne, parfait pour les documents d\u2019entreprise ou supports marketing.<\/p>\n<h3 data-start=\"961\" data-end=\"1004\"><strong data-start=\"961\" data-end=\"982\">Pack complet CMYK<\/strong><\/h3>\n<p class=\"\" data-start=\"961\" data-end=\"1004\">Le lot comprend :<\/p>\n<ul data-start=\"1005\" data-end=\"1134\">\n<li class=\"\" data-start=\"1005\" data-end=\"1022\">\n<p class=\"\" data-start=\"1007\" data-end=\"1022\">CB540A : Noir<\/p>\n<\/li>\n<li class=\"\" data-start=\"1023\" data-end=\"1040\">\n<p class=\"\" data-start=\"1025\" data-end=\"1040\">CB541A : Cyan<\/p>\n<\/li>\n<li class=\"\" data-start=\"1041\" data-end=\"1059\">\n<p class=\"\" data-start=\"1043\" data-end=\"1059\">CB542A : Jaune<\/p>\n<\/li>\n<li class=\"\" data-start=\"1060\" data-end=\"1134\">\n<p class=\"\" data-start=\"1062\" data-end=\"1134\">CB543A : Magenta<br data-start=\"1078\" data-end=\"1081\" \/>Con\u00e7u pour une impression couleur fluide et uniforme.<\/p>\n<\/li>\n<\/ul>\n<h3 data-start=\"1136\" data-end=\"1208\"><strong data-start=\"1136\" data-end=\"1161\">Compatibilit\u00e9 \u00e9tendue<\/strong><\/h3>\n<p class=\"\" data-start=\"1136\" data-end=\"1208\">Compatible avec plusieurs imprimantes HP :<\/p>\n<p style=\"padding-left: 40px\">Hp CP 1215 , Hp CM 1312 , Hp CM 1312 mfp , Hp CP 1515 , Hp CP 1515N , Hp CP 1518 , Hp CP 1518n , Hp Color LaserJet CM1312 , Hp Color LaserJet CM1312 mfp , Hp Color LaserJet CP1215 , Hp Color LaserJet CP1515 , Hp Color LaserJet CP1515n , Hp Color LaserJet CP1518 , Hp Color LaserJet CP1518n<\/p>\n<p style=\"padding-left: 40px\">MF8230, MF623<\/p>\n<h3 data-start=\"1359\" data-end=\"1378\"><strong data-start=\"1359\" data-end=\"1376\">Bon rendement<\/strong><\/h3>\n<ul data-start=\"1379\" data-end=\"1540\">\n<li class=\"\" data-start=\"1379\" data-end=\"1422\">\n<p class=\"\" data-start=\"1381\" data-end=\"1422\">Noir (CB540A) : jusqu\u2019\u00e0 <strong data-start=\"1405\" data-end=\"1420\">2 200 pages<\/strong><\/p>\n<\/li>\n<li class=\"\" data-start=\"1423\" data-end=\"1540\">\n<p class=\"\" data-start=\"1425\" data-end=\"1540\">Couleurs (CB541A\/42A\/43A) : jusqu\u2019\u00e0 <strong data-start=\"1461\" data-end=\"1476\">1 400 pages<\/strong> chacune<br data-start=\"1484\" data-end=\"1487\" \/>Convient aux besoins r\u00e9guliers en impression couleur.<\/p>\n<\/li>\n<\/ul>\n<h3 data-start=\"1542\" data-end=\"1575\"><strong data-start=\"1542\" data-end=\"1573\">Caract\u00e9ristiques techniques<\/strong><\/h3>\n<ul data-start=\"1576\" data-end=\"1797\">\n<li class=\"\" data-start=\"1576\" data-end=\"1622\">\n<p class=\"\" data-start=\"1578\" data-end=\"1622\">R\u00e9f\u00e9rences : CB540 \/ CB541 \/ CB542 \/ CB543<\/p>\n<\/li>\n<li class=\"\" data-start=\"1623\" data-end=\"1654\">\n<p class=\"\" data-start=\"1625\" data-end=\"1654\">Technologie : Laser couleur<\/p>\n<\/li>\n<li class=\"\" data-start=\"1655\" data-end=\"1696\">\n<p class=\"\" data-start=\"1657\" data-end=\"1696\">Couleurs : Noir, Cyan, Magenta, Jaune<\/p>\n<\/li>\n<li class=\"\" data-start=\"1697\" data-end=\"1748\">\n<p class=\"\" data-start=\"1699\" data-end=\"1748\">Compatibilit\u00e9 : HP CP1215, CP1515n, CM1312 MFP\u2026<\/p>\n<\/li>\n<li class=\"\" data-start=\"1749\" data-end=\"1797\">\n<p class=\"\" data-start=\"1751\" data-end=\"1797\">Rendement total : plus de 6 000 pages cumul\u00e9es<\/p>\n<\/li>\n<\/ul>\n<h3 data-start=\"1799\" data-end=\"1969\"><strong data-start=\"1799\" data-end=\"1823\">\u00c9conomique et fiable<\/strong><\/h3>\n<p class=\"\" data-start=\"1799\" data-end=\"1969\">Ce pack assure des impressions stables, une installation simple et une gestion des consommables optimis\u00e9e, le tout \u00e0 un co\u00fbt par page ma\u00eetris\u00e9.<\/p>","protected":false},"excerpt":{"rendered":"<p>Le pack toner HP CB540 \/ CB541 \/ CB542 \/ CB543 contient les quatre couleurs n\u00e9cessaires pour une impression laser couleur de qualit\u00e9 professionnelle. Compatible avec plusieurs imprimantes HP Color LaserJet, ce lot garantit fiabilit\u00e9, couleurs \u00e9clatantes et un rendement optimal pour les environnements professionnels.<\/p>","protected":false},"featured_media":3380,"comment_status":"open","ping_status":"closed","template":"","meta":{"_monsterinsights_skip_tracking":false,"_monsterinsights_sitenote_active":false,"_monsterinsights_sitenote_note":"","_monsterinsights_sitenote_category":0},"product_brand":[826,848],"product_cat":[224],"product_tag":[236,876,849,34,1160,1161,1166,1167,1168,1169,1170,1171,1172,1159,1162,1163,1164,1165,852,870,1174,1173,254],"class_list":{"0":"post-3379","1":"product","2":"type-product","3":"status-publish","4":"has-post-thumbnail","6":"product_brand-canon","7":"product_brand-hp","8":"product_cat-consemable","9":"product_tag-canon","10":"product_tag-compatible","11":"product_tag-consomable","12":"product_tag-hp","13":"product_tag-hp-cm-1312","14":"product_tag-hp-cm-1312-mfp","15":"product_tag-hp-color-laserjet-cm1312","16":"product_tag-hp-color-laserjet-cm1312-mfp","17":"product_tag-hp-color-laserjet-cp1215","18":"product_tag-hp-color-laserjet-cp1515","19":"product_tag-hp-color-laserjet-cp1515n","20":"product_tag-hp-color-laserjet-cp1518","21":"product_tag-hp-color-laserjet-cp1518n","22":"product_tag-hp-cp-1215","23":"product_tag-hp-cp-1515","24":"product_tag-hp-cp-1515n","25":"product_tag-hp-cp-1518","26":"product_tag-hp-cp-1518n","27":"product_tag-laser","28":"product_tag-lazer","29":"product_tag-mf623","30":"product_tag-mf8230","31":"product_tag-toner","33":"first","34":"instock","35":"purchasable","36":"product-type-simple"},"yoast_head":"<!-- This site is optimized with the Yoast SEO plugin v27.4 - https:\/\/yoast.com\/product\/yoast-seo-wordpress\/ -->\n<title>Pack Toner CB540 \/ CB541 \/ CB542 \/ CB543 - mersatradedz<\/title>\n<meta name=\"robots\" content=\"index, follow, max-snippet:-1, max-image-preview:large, max-video-preview:-1\" \/>\n<link rel=\"canonical\" href=\"https:\/\/mersatradedz.com\/ar\/product\/pack-toner-cb540-cb541-cb542-cb543\/\" \/>\n<meta property=\"og:locale\" content=\"ar_AR\" \/>\n<meta property=\"og:type\" content=\"article\" \/>\n<meta property=\"og:title\" content=\"Pack Toner CB540 \/ CB541 \/ CB542 \/ CB543 - mersatradedz\" \/>\n<meta property=\"og:description\" content=\"Le pack toner HP CB540 \/ CB541 \/ CB542 \/ CB543 contient les quatre couleurs n\u00e9cessaires pour une impression laser couleur de qualit\u00e9 professionnelle. Compatible avec plusieurs imprimantes HP Color LaserJet, ce lot garantit fiabilit\u00e9, couleurs \u00e9clatantes et un rendement optimal pour les environnements professionnels.\" \/>\n<meta property=\"og:url\" content=\"https:\/\/mersatradedz.com\/ar\/product\/pack-toner-cb540-cb541-cb542-cb543\/\" \/>\n<meta property=\"og:site_name\" content=\"mersatradedz\" \/>\n<meta property=\"article:publisher\" content=\"https:\/\/www.facebook.com\/ntbidz\" \/>\n<meta property=\"og:image\" content=\"https:\/\/mersatradedz.com\/wp-content\/uploads\/2025\/05\/hp-cb540-cb541-cb542-cb543-lot-de-4-toners-generiques-equivalents-aux-modeles-hp-125a-noir-cyan-magenta-et-jaune.webp\" \/>\n\t<meta property=\"og:image:width\" content=\"1032\" \/>\n\t<meta property=\"og:image:height\" content=\"862\" \/>\n\t<meta property=\"og:image:type\" content=\"image\/webp\" \/>\n<meta name=\"twitter:card\" content=\"summary_large_image\" \/>\n<meta name=\"twitter:label1\" content=\"\u0648\u0642\u062a \u0627\u0644\u0642\u0631\u0627\u0621\u0629 \u0627\u0644\u0645\u064f\u0642\u062f\u0651\u0631\" \/>\n\t<meta name=\"twitter:data1\" content=\"\u062f\u0642\u064a\u0642\u0629 \u0648\u0627\u062d\u062f\u0629\" \/>\n<script type=\"application\/ld+json\" class=\"yoast-schema-graph\">{\"@context\":\"https:\\\/\\\/schema.org\",\"@graph\":[{\"@type\":\"WebPage\",\"@id\":\"https:\\\/\\\/mersatradedz.com\\\/product\\\/pack-toner-cb540-cb541-cb542-cb543\\\/\",\"url\":\"https:\\\/\\\/mersatradedz.com\\\/product\\\/pack-toner-cb540-cb541-cb542-cb543\\\/\",\"name\":\"Pack Toner CB540 \\\/ CB541 \\\/ CB542 \\\/ CB543 - mersatradedz\",\"isPartOf\":{\"@id\":\"https:\\\/\\\/mersatradedz.com\\\/#website\"},\"primaryImageOfPage\":{\"@id\":\"https:\\\/\\\/mersatradedz.com\\\/product\\\/pack-toner-cb540-cb541-cb542-cb543\\\/#primaryimage\"},\"image\":{\"@id\":\"https:\\\/\\\/mersatradedz.com\\\/product\\\/pack-toner-cb540-cb541-cb542-cb543\\\/#primaryimage\"},\"thumbnailUrl\":\"https:\\\/\\\/mersatradedz.com\\\/wp-content\\\/uploads\\\/2025\\\/05\\\/hp-cb540-cb541-cb542-cb543-lot-de-4-toners-generiques-equivalents-aux-modeles-hp-125a-noir-cyan-magenta-et-jaune.webp\",\"datePublished\":\"2025-05-21T15:39:28+00:00\",\"breadcrumb\":{\"@id\":\"https:\\\/\\\/mersatradedz.com\\\/product\\\/pack-toner-cb540-cb541-cb542-cb543\\\/#breadcrumb\"},\"inLanguage\":\"ar\",\"potentialAction\":[{\"@type\":\"ReadAction\",\"target\":[\"https:\\\/\\\/mersatradedz.com\\\/product\\\/pack-toner-cb540-cb541-cb542-cb543\\\/\"]}]},{\"@type\":\"ImageObject\",\"inLanguage\":\"ar\",\"@id\":\"https:\\\/\\\/mersatradedz.com\\\/product\\\/pack-toner-cb540-cb541-cb542-cb543\\\/#primaryimage\",\"url\":\"https:\\\/\\\/mersatradedz.com\\\/wp-content\\\/uploads\\\/2025\\\/05\\\/hp-cb540-cb541-cb542-cb543-lot-de-4-toners-generiques-equivalents-aux-modeles-hp-125a-noir-cyan-magenta-et-jaune.webp\",\"contentUrl\":\"https:\\\/\\\/mersatradedz.com\\\/wp-content\\\/uploads\\\/2025\\\/05\\\/hp-cb540-cb541-cb542-cb543-lot-de-4-toners-generiques-equivalents-aux-modeles-hp-125a-noir-cyan-magenta-et-jaune.webp\",\"width\":1032,\"height\":862},{\"@type\":\"BreadcrumbList\",\"@id\":\"https:\\\/\\\/mersatradedz.com\\\/product\\\/pack-toner-cb540-cb541-cb542-cb543\\\/#breadcrumb\",\"itemListElement\":[{\"@type\":\"ListItem\",\"position\":1,\"name\":\"Home\",\"item\":\"https:\\\/\\\/mersatradedz.com\\\/ar\\\/\"},{\"@type\":\"ListItem\",\"position\":2,\"name\":\"Boutique\",\"item\":\"https:\\\/\\\/mersatradedz.com\\\/shop\\\/\"},{\"@type\":\"ListItem\",\"position\":3,\"name\":\"Pack Toner CB540 \\\/ CB541 \\\/ CB542 \\\/ CB543\"}]},{\"@type\":\"WebSite\",\"@id\":\"https:\\\/\\\/mersatradedz.com\\\/#website\",\"url\":\"https:\\\/\\\/mersatradedz.com\\\/\",\"name\":\"mersatradedz\",\"description\":\"\",\"publisher\":{\"@id\":\"https:\\\/\\\/mersatradedz.com\\\/#organization\"},\"potentialAction\":[{\"@type\":\"SearchAction\",\"target\":{\"@type\":\"EntryPoint\",\"urlTemplate\":\"https:\\\/\\\/mersatradedz.com\\\/?s={search_term_string}\"},\"query-input\":{\"@type\":\"PropertyValueSpecification\",\"valueRequired\":true,\"valueName\":\"search_term_string\"}}],\"inLanguage\":\"ar\"},{\"@type\":\"Organization\",\"@id\":\"https:\\\/\\\/mersatradedz.com\\\/#organization\",\"name\":\"mersa trade\",\"url\":\"https:\\\/\\\/mersatradedz.com\\\/\",\"logo\":{\"@type\":\"ImageObject\",\"inLanguage\":\"ar\",\"@id\":\"https:\\\/\\\/mersatradedz.com\\\/#\\\/schema\\\/logo\\\/image\\\/\",\"url\":\"https:\\\/\\\/mersatradedz.com\\\/wp-content\\\/uploads\\\/2023\\\/07\\\/cropped-1684191296456.jpg\",\"contentUrl\":\"https:\\\/\\\/mersatradedz.com\\\/wp-content\\\/uploads\\\/2023\\\/07\\\/cropped-1684191296456.jpg\",\"width\":1451,\"height\":955,\"caption\":\"mersa trade\"},\"image\":{\"@id\":\"https:\\\/\\\/mersatradedz.com\\\/#\\\/schema\\\/logo\\\/image\\\/\"},\"sameAs\":[\"https:\\\/\\\/www.facebook.com\\\/ntbidz\"]}]}<\/script>\n<!-- \/ Yoast SEO plugin. -->","yoast_head_json":{"title":"Pack Toner CB540 \/ CB541 \/ CB542 \/ CB543 - mersatradedz","robots":{"index":"index","follow":"follow","max-snippet":"max-snippet:-1","max-image-preview":"max-image-preview:large","max-video-preview":"max-video-preview:-1"},"canonical":"https:\/\/mersatradedz.com\/ar\/product\/pack-toner-cb540-cb541-cb542-cb543\/","og_locale":"ar_AR","og_type":"article","og_title":"Pack Toner CB540 \/ CB541 \/ CB542 \/ CB543 - mersatradedz","og_description":"Le pack toner HP CB540 \/ CB541 \/ CB542 \/ CB543 contient les quatre couleurs n\u00e9cessaires pour une impression laser couleur de qualit\u00e9 professionnelle. Compatible avec plusieurs imprimantes HP Color LaserJet, ce lot garantit fiabilit\u00e9, couleurs \u00e9clatantes et un rendement optimal pour les environnements professionnels.","og_url":"https:\/\/mersatradedz.com\/ar\/product\/pack-toner-cb540-cb541-cb542-cb543\/","og_site_name":"mersatradedz","article_publisher":"https:\/\/www.facebook.com\/ntbidz","og_image":[{"width":1032,"height":862,"url":"https:\/\/mersatradedz.com\/wp-content\/uploads\/2025\/05\/hp-cb540-cb541-cb542-cb543-lot-de-4-toners-generiques-equivalents-aux-modeles-hp-125a-noir-cyan-magenta-et-jaune.webp","type":"image\/webp"}],"twitter_card":"summary_large_image","twitter_misc":{"\u0648\u0642\u062a \u0627\u0644\u0642\u0631\u0627\u0621\u0629 \u0627\u0644\u0645\u064f\u0642\u062f\u0651\u0631":"\u062f\u0642\u064a\u0642\u0629 \u0648\u0627\u062d\u062f\u0629"},"schema":{"@context":"https:\/\/schema.org","@graph":[{"@type":"WebPage","@id":"https:\/\/mersatradedz.com\/product\/pack-toner-cb540-cb541-cb542-cb543\/","url":"https:\/\/mersatradedz.com\/product\/pack-toner-cb540-cb541-cb542-cb543\/","name":"Pack Toner CB540 \/ CB541 \/ CB542 \/ CB543 - mersatradedz","isPartOf":{"@id":"https:\/\/mersatradedz.com\/#website"},"primaryImageOfPage":{"@id":"https:\/\/mersatradedz.com\/product\/pack-toner-cb540-cb541-cb542-cb543\/#primaryimage"},"image":{"@id":"https:\/\/mersatradedz.com\/product\/pack-toner-cb540-cb541-cb542-cb543\/#primaryimage"},"thumbnailUrl":"https:\/\/mersatradedz.com\/wp-content\/uploads\/2025\/05\/hp-cb540-cb541-cb542-cb543-lot-de-4-toners-generiques-equivalents-aux-modeles-hp-125a-noir-cyan-magenta-et-jaune.webp","datePublished":"2025-05-21T15:39:28+00:00","breadcrumb":{"@id":"https:\/\/mersatradedz.com\/product\/pack-toner-cb540-cb541-cb542-cb543\/#breadcrumb"},"inLanguage":"ar","potentialAction":[{"@type":"ReadAction","target":["https:\/\/mersatradedz.com\/product\/pack-toner-cb540-cb541-cb542-cb543\/"]}]},{"@type":"ImageObject","inLanguage":"ar","@id":"https:\/\/mersatradedz.com\/product\/pack-toner-cb540-cb541-cb542-cb543\/#primaryimage","url":"https:\/\/mersatradedz.com\/wp-content\/uploads\/2025\/05\/hp-cb540-cb541-cb542-cb543-lot-de-4-toners-generiques-equivalents-aux-modeles-hp-125a-noir-cyan-magenta-et-jaune.webp","contentUrl":"https:\/\/mersatradedz.com\/wp-content\/uploads\/2025\/05\/hp-cb540-cb541-cb542-cb543-lot-de-4-toners-generiques-equivalents-aux-modeles-hp-125a-noir-cyan-magenta-et-jaune.webp","width":1032,"height":862},{"@type":"BreadcrumbList","@id":"https:\/\/mersatradedz.com\/product\/pack-toner-cb540-cb541-cb542-cb543\/#breadcrumb","itemListElement":[{"@type":"ListItem","position":1,"name":"Home","item":"https:\/\/mersatradedz.com\/ar\/"},{"@type":"ListItem","position":2,"name":"Boutique","item":"https:\/\/mersatradedz.com\/shop\/"},{"@type":"ListItem","position":3,"name":"Pack Toner CB540 \/ CB541 \/ CB542 \/ CB543"}]},{"@type":"WebSite","@id":"https:\/\/mersatradedz.com\/#website","url":"https:\/\/mersatradedz.com\/","name":"mersatradedz","description":"","publisher":{"@id":"https:\/\/mersatradedz.com\/#organization"},"potentialAction":[{"@type":"SearchAction","target":{"@type":"EntryPoint","urlTemplate":"https:\/\/mersatradedz.com\/?s={search_term_string}"},"query-input":{"@type":"PropertyValueSpecification","valueRequired":true,"valueName":"search_term_string"}}],"inLanguage":"ar"},{"@type":"Organization","@id":"https:\/\/mersatradedz.com\/#organization","name":"mersa trade","url":"https:\/\/mersatradedz.com\/","logo":{"@type":"ImageObject","inLanguage":"ar","@id":"https:\/\/mersatradedz.com\/#\/schema\/logo\/image\/","url":"https:\/\/mersatradedz.com\/wp-content\/uploads\/2023\/07\/cropped-1684191296456.jpg","contentUrl":"https:\/\/mersatradedz.com\/wp-content\/uploads\/2023\/07\/cropped-1684191296456.jpg","width":1451,"height":955,"caption":"mersa trade"},"image":{"@id":"https:\/\/mersatradedz.com\/#\/schema\/logo\/image\/"},"sameAs":["https:\/\/www.facebook.com\/ntbidz"]}]}},"jetpack_sharing_enabled":true,"_links":{"self":[{"href":"https:\/\/mersatradedz.com\/ar\/wp-json\/wp\/v2\/product\/3379","targetHints":{"allow":["GET"]}}],"collection":[{"href":"https:\/\/mersatradedz.com\/ar\/wp-json\/wp\/v2\/product"}],"about":[{"href":"https:\/\/mersatradedz.com\/ar\/wp-json\/wp\/v2\/types\/product"}],"replies":[{"embeddable":true,"href":"https:\/\/mersatradedz.com\/ar\/wp-json\/wp\/v2\/comments?post=3379"}],"wp:featuredmedia":[{"embeddable":true,"href":"https:\/\/mersatradedz.com\/ar\/wp-json\/wp\/v2\/media\/3380"}],"wp:attachment":[{"href":"https:\/\/mersatradedz.com\/ar\/wp-json\/wp\/v2\/media?parent=3379"}],"wp:term":[{"taxonomy":"product_brand","embeddable":true,"href":"https:\/\/mersatradedz.com\/ar\/wp-json\/wp\/v2\/product_brand?post=3379"},{"taxonomy":"product_cat","embeddable":true,"href":"https:\/\/mersatradedz.com\/ar\/wp-json\/wp\/v2\/product_cat?post=3379"},{"taxonomy":"product_tag","embeddable":true,"href":"https:\/\/mersatradedz.com\/ar\/wp-json\/wp\/v2\/product_tag?post=3379"}],"curies":[{"name":"wp","href":"https:\/\/api.w.org\/{rel}","templated":true}]}}