{"id":3402,"date":"2025-05-22T11:21:59","date_gmt":"2025-05-22T10:21:59","guid":{"rendered":"https:\/\/mersatradedz.com\/?post_type=product&#038;p=3402"},"modified":"2025-05-22T11:22:00","modified_gmt":"2025-05-22T10:22:00","slug":"toner-hp-cf217a-17a","status":"publish","type":"product","link":"https:\/\/mersatradedz.com\/ar\/product\/toner-hp-cf217a-17a\/","title":{"rendered":"Toner HP CF217A (17A)"},"content":{"rendered":"<h3 data-start=\"640\" data-end=\"757\"><strong data-start=\"640\" data-end=\"654\">Qualit\u00e9 HP<\/strong><\/h3>\n<p class=\"\" data-start=\"640\" data-end=\"757\">Ce toner produit des impressions en noir profond, avec des textes nets et des documents sans bavure.<\/p>\n<h3 data-start=\"759\" data-end=\"818\"><strong data-start=\"759\" data-end=\"784\">Compatibilit\u00e9 assur\u00e9e<\/strong><\/h3>\n<p class=\"\" data-start=\"759\" data-end=\"818\">Compatible avec les mod\u00e8les :<\/p>\n<p style=\"padding-left: 40px\">Hp LaserJet Pro M102 Series , Hp LaserJet Pro M102a , Hp LaserJet Pro M102w , Hp LaserJet Pro M132 Series , Hp LaserJet Pro M134 Series , Hp LaserJet Pro MFP M130 Series , Hp LaserJet Pro MFP M130a , Hp LaserJet Pro MFP M130fn , Hp LaserJet Pro MFP M130fw , Hp LaserJet Pro MFP M130nw<\/p>\n<h3 data-start=\"975\" data-end=\"1110\"><strong data-start=\"975\" data-end=\"992\">Bon rendement<\/strong><\/h3>\n<p class=\"\" data-start=\"975\" data-end=\"1110\">Jusqu\u2019\u00e0 <strong data-start=\"1003\" data-end=\"1018\">1 600 pages<\/strong> \u00e0 5 % de couverture. Id\u00e9al pour les petites entreprises et l\u2019usage professionnel quotidien.<\/p>\n<h3 data-start=\"1112\" data-end=\"1214\"><strong data-start=\"1112\" data-end=\"1134\">Utilisation facile<\/strong><\/h3>\n<p class=\"\" data-start=\"1112\" data-end=\"1214\">Cartouche compacte, facile \u00e0 manipuler et \u00e0 remplacer. Aucun risque de fuite.<\/p>\n<h3 data-start=\"1216\" data-end=\"1247\"><strong data-start=\"1216\" data-end=\"1245\">Sp\u00e9cifications techniques<\/strong><\/h3>\n<ul data-start=\"1248\" data-end=\"1403\">\n<li class=\"\" data-start=\"1248\" data-end=\"1276\">\n<p class=\"\" data-start=\"1250\" data-end=\"1276\">R\u00e9f\u00e9rence : CF217A (17A)<\/p>\n<\/li>\n<li class=\"\" data-start=\"1277\" data-end=\"1295\">\n<p class=\"\" data-start=\"1279\" data-end=\"1295\">Couleur : Noir<\/p>\n<\/li>\n<li class=\"\" data-start=\"1296\" data-end=\"1330\">\n<p class=\"\" data-start=\"1298\" data-end=\"1330\">Technologie : Laser monochrome<\/p>\n<\/li>\n<li class=\"\" data-start=\"1331\" data-end=\"1357\">\n<p class=\"\" data-start=\"1333\" data-end=\"1357\">Capacit\u00e9 : 1 600 pages<\/p>\n<\/li>\n<li class=\"\" data-start=\"1358\" data-end=\"1403\">\n<p class=\"\" data-start=\"1360\" data-end=\"1403\">Compatibilit\u00e9 : HP LaserJet Pro M102 \/ M130<\/p>\n<\/li>\n<\/ul>\n<h3 data-start=\"1405\" data-end=\"1550\"><strong data-start=\"1405\" data-end=\"1427\">Fiabilit\u00e9 garantie<\/strong><\/h3>\n<p class=\"\" data-start=\"1405\" data-end=\"1550\">Con\u00e7u par HP pour offrir des performances constantes, une grande fiabilit\u00e9 et pr\u00e9server la dur\u00e9e de vie de l\u2019imprimante.<\/p>","protected":false},"excerpt":{"rendered":"<p>Le toner HP 17A (CF217A) offre une qualit\u00e9 d\u2019impression laser nette et professionnelle. Con\u00e7u pour les imprimantes HP LaserJet Pro M102 et M130, il garantit un rendement jusqu\u2019\u00e0 <strong data-start=\"504\" data-end=\"519\">1 600 pages<\/strong>, id\u00e9al pour les usages bureautiques r\u00e9guliers.<\/p>","protected":false},"featured_media":3404,"comment_status":"open","ping_status":"closed","template":"","meta":{"_monsterinsights_skip_tracking":false,"_monsterinsights_sitenote_active":false,"_monsterinsights_sitenote_note":"","_monsterinsights_sitenote_category":0},"product_brand":[826,848],"product_cat":[224],"product_tag":[1246,876,849,34,1236,1237,1238,1239,1240,1241,1242,1243,1244,1245,852,254],"class_list":{"0":"post-3402","1":"product","2":"type-product","3":"status-publish","4":"has-post-thumbnail","6":"product_brand-canon","7":"product_brand-hp","8":"product_cat-consemable","9":"product_tag-cano","10":"product_tag-compatible","11":"product_tag-consomable","12":"product_tag-hp","13":"product_tag-hp-laserjet-pro-m102-series","14":"product_tag-hp-laserjet-pro-m102a","15":"product_tag-hp-laserjet-pro-m102w","16":"product_tag-hp-laserjet-pro-m132-series","17":"product_tag-hp-laserjet-pro-m134-series","18":"product_tag-hp-laserjet-pro-mfp-m130-series","19":"product_tag-hp-laserjet-pro-mfp-m130a","20":"product_tag-hp-laserjet-pro-mfp-m130fn","21":"product_tag-hp-laserjet-pro-mfp-m130fw","22":"product_tag-hp-laserjet-pro-mfp-m130nw","23":"product_tag-laser","24":"product_tag-toner","26":"first","27":"instock","28":"purchasable","29":"product-type-simple"},"yoast_head":"<!-- This site is optimized with the Yoast SEO plugin v27.4 - https:\/\/yoast.com\/product\/yoast-seo-wordpress\/ -->\n<title>Toner HP CF217A (17A) - mersatradedz<\/title>\n<meta name=\"robots\" content=\"index, follow, max-snippet:-1, max-image-preview:large, max-video-preview:-1\" \/>\n<link rel=\"canonical\" href=\"https:\/\/mersatradedz.com\/ar\/product\/toner-hp-cf217a-17a\/\" \/>\n<meta property=\"og:locale\" content=\"ar_AR\" \/>\n<meta property=\"og:type\" content=\"article\" \/>\n<meta property=\"og:title\" content=\"Toner HP CF217A (17A) - mersatradedz\" \/>\n<meta property=\"og:description\" content=\"Le toner HP 17A (CF217A) offre une qualit\u00e9 d\u2019impression laser nette et professionnelle. Con\u00e7u pour les imprimantes HP LaserJet Pro M102 et M130, il garantit un rendement jusqu\u2019\u00e0 1 600 pages, id\u00e9al pour les usages bureautiques r\u00e9guliers.\" \/>\n<meta property=\"og:url\" content=\"https:\/\/mersatradedz.com\/ar\/product\/toner-hp-cf217a-17a\/\" \/>\n<meta property=\"og:site_name\" content=\"mersatradedz\" \/>\n<meta property=\"article:publisher\" content=\"https:\/\/www.facebook.com\/ntbidz\" \/>\n<meta property=\"article:modified_time\" content=\"2025-05-22T10:22:00+00:00\" \/>\n<meta property=\"og:image\" content=\"https:\/\/mersatradedz.com\/wp-content\/uploads\/2025\/05\/TONER-LASER-COMPATIBLE-HP-17A-CF217A.webp\" \/>\n\t<meta property=\"og:image:width\" content=\"600\" \/>\n\t<meta property=\"og:image:height\" content=\"600\" \/>\n\t<meta property=\"og:image:type\" content=\"image\/webp\" \/>\n<meta name=\"twitter:card\" content=\"summary_large_image\" \/>\n<meta name=\"twitter:label1\" content=\"\u0648\u0642\u062a \u0627\u0644\u0642\u0631\u0627\u0621\u0629 \u0627\u0644\u0645\u064f\u0642\u062f\u0651\u0631\" \/>\n\t<meta name=\"twitter:data1\" content=\"\u062f\u0642\u064a\u0642\u0629 \u0648\u0627\u062d\u062f\u0629\" \/>\n<script type=\"application\/ld+json\" class=\"yoast-schema-graph\">{\"@context\":\"https:\\\/\\\/schema.org\",\"@graph\":[{\"@type\":\"WebPage\",\"@id\":\"https:\\\/\\\/mersatradedz.com\\\/product\\\/toner-hp-cf217a-17a\\\/\",\"url\":\"https:\\\/\\\/mersatradedz.com\\\/product\\\/toner-hp-cf217a-17a\\\/\",\"name\":\"Toner HP CF217A (17A) - mersatradedz\",\"isPartOf\":{\"@id\":\"https:\\\/\\\/mersatradedz.com\\\/#website\"},\"primaryImageOfPage\":{\"@id\":\"https:\\\/\\\/mersatradedz.com\\\/product\\\/toner-hp-cf217a-17a\\\/#primaryimage\"},\"image\":{\"@id\":\"https:\\\/\\\/mersatradedz.com\\\/product\\\/toner-hp-cf217a-17a\\\/#primaryimage\"},\"thumbnailUrl\":\"https:\\\/\\\/mersatradedz.com\\\/wp-content\\\/uploads\\\/2025\\\/05\\\/TONER-LASER-COMPATIBLE-HP-17A-CF217A.webp\",\"datePublished\":\"2025-05-22T10:21:59+00:00\",\"dateModified\":\"2025-05-22T10:22:00+00:00\",\"breadcrumb\":{\"@id\":\"https:\\\/\\\/mersatradedz.com\\\/product\\\/toner-hp-cf217a-17a\\\/#breadcrumb\"},\"inLanguage\":\"ar\",\"potentialAction\":[{\"@type\":\"ReadAction\",\"target\":[\"https:\\\/\\\/mersatradedz.com\\\/product\\\/toner-hp-cf217a-17a\\\/\"]}]},{\"@type\":\"ImageObject\",\"inLanguage\":\"ar\",\"@id\":\"https:\\\/\\\/mersatradedz.com\\\/product\\\/toner-hp-cf217a-17a\\\/#primaryimage\",\"url\":\"https:\\\/\\\/mersatradedz.com\\\/wp-content\\\/uploads\\\/2025\\\/05\\\/TONER-LASER-COMPATIBLE-HP-17A-CF217A.webp\",\"contentUrl\":\"https:\\\/\\\/mersatradedz.com\\\/wp-content\\\/uploads\\\/2025\\\/05\\\/TONER-LASER-COMPATIBLE-HP-17A-CF217A.webp\",\"width\":600,\"height\":600},{\"@type\":\"BreadcrumbList\",\"@id\":\"https:\\\/\\\/mersatradedz.com\\\/product\\\/toner-hp-cf217a-17a\\\/#breadcrumb\",\"itemListElement\":[{\"@type\":\"ListItem\",\"position\":1,\"name\":\"Home\",\"item\":\"https:\\\/\\\/mersatradedz.com\\\/ar\\\/\"},{\"@type\":\"ListItem\",\"position\":2,\"name\":\"Boutique\",\"item\":\"https:\\\/\\\/mersatradedz.com\\\/shop\\\/\"},{\"@type\":\"ListItem\",\"position\":3,\"name\":\"Toner HP CF217A (17A)\"}]},{\"@type\":\"WebSite\",\"@id\":\"https:\\\/\\\/mersatradedz.com\\\/#website\",\"url\":\"https:\\\/\\\/mersatradedz.com\\\/\",\"name\":\"mersatradedz\",\"description\":\"\",\"publisher\":{\"@id\":\"https:\\\/\\\/mersatradedz.com\\\/#organization\"},\"potentialAction\":[{\"@type\":\"SearchAction\",\"target\":{\"@type\":\"EntryPoint\",\"urlTemplate\":\"https:\\\/\\\/mersatradedz.com\\\/?s={search_term_string}\"},\"query-input\":{\"@type\":\"PropertyValueSpecification\",\"valueRequired\":true,\"valueName\":\"search_term_string\"}}],\"inLanguage\":\"ar\"},{\"@type\":\"Organization\",\"@id\":\"https:\\\/\\\/mersatradedz.com\\\/#organization\",\"name\":\"mersa trade\",\"url\":\"https:\\\/\\\/mersatradedz.com\\\/\",\"logo\":{\"@type\":\"ImageObject\",\"inLanguage\":\"ar\",\"@id\":\"https:\\\/\\\/mersatradedz.com\\\/#\\\/schema\\\/logo\\\/image\\\/\",\"url\":\"https:\\\/\\\/mersatradedz.com\\\/wp-content\\\/uploads\\\/2023\\\/07\\\/cropped-1684191296456.jpg\",\"contentUrl\":\"https:\\\/\\\/mersatradedz.com\\\/wp-content\\\/uploads\\\/2023\\\/07\\\/cropped-1684191296456.jpg\",\"width\":1451,\"height\":955,\"caption\":\"mersa trade\"},\"image\":{\"@id\":\"https:\\\/\\\/mersatradedz.com\\\/#\\\/schema\\\/logo\\\/image\\\/\"},\"sameAs\":[\"https:\\\/\\\/www.facebook.com\\\/ntbidz\"]}]}<\/script>\n<!-- \/ Yoast SEO plugin. -->","yoast_head_json":{"title":"Toner HP CF217A (17A) - mersatradedz","robots":{"index":"index","follow":"follow","max-snippet":"max-snippet:-1","max-image-preview":"max-image-preview:large","max-video-preview":"max-video-preview:-1"},"canonical":"https:\/\/mersatradedz.com\/ar\/product\/toner-hp-cf217a-17a\/","og_locale":"ar_AR","og_type":"article","og_title":"Toner HP CF217A (17A) - mersatradedz","og_description":"Le toner HP 17A (CF217A) offre une qualit\u00e9 d\u2019impression laser nette et professionnelle. Con\u00e7u pour les imprimantes HP LaserJet Pro M102 et M130, il garantit un rendement jusqu\u2019\u00e0 1 600 pages, id\u00e9al pour les usages bureautiques r\u00e9guliers.","og_url":"https:\/\/mersatradedz.com\/ar\/product\/toner-hp-cf217a-17a\/","og_site_name":"mersatradedz","article_publisher":"https:\/\/www.facebook.com\/ntbidz","article_modified_time":"2025-05-22T10:22:00+00:00","og_image":[{"width":600,"height":600,"url":"https:\/\/mersatradedz.com\/wp-content\/uploads\/2025\/05\/TONER-LASER-COMPATIBLE-HP-17A-CF217A.webp","type":"image\/webp"}],"twitter_card":"summary_large_image","twitter_misc":{"\u0648\u0642\u062a \u0627\u0644\u0642\u0631\u0627\u0621\u0629 \u0627\u0644\u0645\u064f\u0642\u062f\u0651\u0631":"\u062f\u0642\u064a\u0642\u0629 \u0648\u0627\u062d\u062f\u0629"},"schema":{"@context":"https:\/\/schema.org","@graph":[{"@type":"WebPage","@id":"https:\/\/mersatradedz.com\/product\/toner-hp-cf217a-17a\/","url":"https:\/\/mersatradedz.com\/product\/toner-hp-cf217a-17a\/","name":"Toner HP CF217A (17A) - mersatradedz","isPartOf":{"@id":"https:\/\/mersatradedz.com\/#website"},"primaryImageOfPage":{"@id":"https:\/\/mersatradedz.com\/product\/toner-hp-cf217a-17a\/#primaryimage"},"image":{"@id":"https:\/\/mersatradedz.com\/product\/toner-hp-cf217a-17a\/#primaryimage"},"thumbnailUrl":"https:\/\/mersatradedz.com\/wp-content\/uploads\/2025\/05\/TONER-LASER-COMPATIBLE-HP-17A-CF217A.webp","datePublished":"2025-05-22T10:21:59+00:00","dateModified":"2025-05-22T10:22:00+00:00","breadcrumb":{"@id":"https:\/\/mersatradedz.com\/product\/toner-hp-cf217a-17a\/#breadcrumb"},"inLanguage":"ar","potentialAction":[{"@type":"ReadAction","target":["https:\/\/mersatradedz.com\/product\/toner-hp-cf217a-17a\/"]}]},{"@type":"ImageObject","inLanguage":"ar","@id":"https:\/\/mersatradedz.com\/product\/toner-hp-cf217a-17a\/#primaryimage","url":"https:\/\/mersatradedz.com\/wp-content\/uploads\/2025\/05\/TONER-LASER-COMPATIBLE-HP-17A-CF217A.webp","contentUrl":"https:\/\/mersatradedz.com\/wp-content\/uploads\/2025\/05\/TONER-LASER-COMPATIBLE-HP-17A-CF217A.webp","width":600,"height":600},{"@type":"BreadcrumbList","@id":"https:\/\/mersatradedz.com\/product\/toner-hp-cf217a-17a\/#breadcrumb","itemListElement":[{"@type":"ListItem","position":1,"name":"Home","item":"https:\/\/mersatradedz.com\/ar\/"},{"@type":"ListItem","position":2,"name":"Boutique","item":"https:\/\/mersatradedz.com\/shop\/"},{"@type":"ListItem","position":3,"name":"Toner HP CF217A (17A)"}]},{"@type":"WebSite","@id":"https:\/\/mersatradedz.com\/#website","url":"https:\/\/mersatradedz.com\/","name":"mersatradedz","description":"","publisher":{"@id":"https:\/\/mersatradedz.com\/#organization"},"potentialAction":[{"@type":"SearchAction","target":{"@type":"EntryPoint","urlTemplate":"https:\/\/mersatradedz.com\/?s={search_term_string}"},"query-input":{"@type":"PropertyValueSpecification","valueRequired":true,"valueName":"search_term_string"}}],"inLanguage":"ar"},{"@type":"Organization","@id":"https:\/\/mersatradedz.com\/#organization","name":"mersa trade","url":"https:\/\/mersatradedz.com\/","logo":{"@type":"ImageObject","inLanguage":"ar","@id":"https:\/\/mersatradedz.com\/#\/schema\/logo\/image\/","url":"https:\/\/mersatradedz.com\/wp-content\/uploads\/2023\/07\/cropped-1684191296456.jpg","contentUrl":"https:\/\/mersatradedz.com\/wp-content\/uploads\/2023\/07\/cropped-1684191296456.jpg","width":1451,"height":955,"caption":"mersa trade"},"image":{"@id":"https:\/\/mersatradedz.com\/#\/schema\/logo\/image\/"},"sameAs":["https:\/\/www.facebook.com\/ntbidz"]}]}},"jetpack_sharing_enabled":true,"_links":{"self":[{"href":"https:\/\/mersatradedz.com\/ar\/wp-json\/wp\/v2\/product\/3402","targetHints":{"allow":["GET"]}}],"collection":[{"href":"https:\/\/mersatradedz.com\/ar\/wp-json\/wp\/v2\/product"}],"about":[{"href":"https:\/\/mersatradedz.com\/ar\/wp-json\/wp\/v2\/types\/product"}],"replies":[{"embeddable":true,"href":"https:\/\/mersatradedz.com\/ar\/wp-json\/wp\/v2\/comments?post=3402"}],"wp:featuredmedia":[{"embeddable":true,"href":"https:\/\/mersatradedz.com\/ar\/wp-json\/wp\/v2\/media\/3404"}],"wp:attachment":[{"href":"https:\/\/mersatradedz.com\/ar\/wp-json\/wp\/v2\/media?parent=3402"}],"wp:term":[{"taxonomy":"product_brand","embeddable":true,"href":"https:\/\/mersatradedz.com\/ar\/wp-json\/wp\/v2\/product_brand?post=3402"},{"taxonomy":"product_cat","embeddable":true,"href":"https:\/\/mersatradedz.com\/ar\/wp-json\/wp\/v2\/product_cat?post=3402"},{"taxonomy":"product_tag","embeddable":true,"href":"https:\/\/mersatradedz.com\/ar\/wp-json\/wp\/v2\/product_tag?post=3402"}],"curies":[{"name":"wp","href":"https:\/\/api.w.org\/{rel}","templated":true}]}}