{"id":3405,"date":"2025-05-22T11:37:28","date_gmt":"2025-05-22T10:37:28","guid":{"rendered":"https:\/\/mersatradedz.com\/?post_type=product&#038;p=3405"},"modified":"2025-05-22T11:37:28","modified_gmt":"2025-05-22T10:37:28","slug":"toner-hp-cf216a-16a","status":"publish","type":"product","link":"https:\/\/mersatradedz.com\/ar\/product\/toner-hp-cf216a-16a\/","title":{"rendered":"Toner HP CF216A (16A)"},"content":{"rendered":"<h3 data-start=\"649\" data-end=\"803\"><strong data-start=\"649\" data-end=\"674\">Impression de qualit\u00e9<\/strong><\/h3>\n<p class=\"\" data-start=\"649\" data-end=\"803\">Le toner CF216A garantit des documents nets, un noir intense et une fiabilit\u00e9 constante, m\u00eame lors d\u2019impressions volumineuses.<\/p>\n<h3 data-start=\"805\" data-end=\"867\"><strong data-start=\"805\" data-end=\"833\">Compatibilit\u00e9 entreprise<\/strong><\/h3>\n<p class=\"\" data-start=\"805\" data-end=\"867\">Compatible avec les mod\u00e8les :<\/p>\n<p style=\"padding-left: 40px\" data-start=\"805\" data-end=\"867\">Hp Color LaserJet Pro M155nw , Hp Color LaserJet Pro M180 Series , Hp Color LaserJet Pro M182n , Hp Color LaserJet Pro M182nw , Hp Color LaserJet Pro MFP M183fw<\/p>\n<h3 data-start=\"1066\" data-end=\"1222\"><strong data-start=\"1066\" data-end=\"1085\">Rendement \u00e9lev\u00e9<\/strong><\/h3>\n<p class=\"\" data-start=\"1066\" data-end=\"1222\">Jusqu\u2019\u00e0 <strong data-start=\"1096\" data-end=\"1112\">1 000 pages<\/strong> \u00e0 5 % de couverture. Parfait pour les services administratifs, les \u00e9tablissements et les grandes entreprises.<\/p>\n<h3 data-start=\"1224\" data-end=\"1353\"><strong data-start=\"1224\" data-end=\"1250\">Facilit\u00e9 d\u2019utilisation<\/strong><\/h3>\n<p class=\"\" data-start=\"1224\" data-end=\"1353\">Cartouche robuste, con\u00e7ue pour \u00eatre remplac\u00e9e proprement et rapidement sans interruption des t\u00e2ches.<\/p>\n<h3 data-start=\"1355\" data-end=\"1379\"><strong data-start=\"1355\" data-end=\"1377\">Donn\u00e9es techniques<\/strong><\/h3>\n<ul data-start=\"1380\" data-end=\"1523\">\n<li class=\"\" data-start=\"1380\" data-end=\"1408\">\n<p class=\"\" data-start=\"1382\" data-end=\"1408\">R\u00e9f\u00e9rence : CF216A (16A)<\/p>\n<\/li>\n<li class=\"\" data-start=\"1409\" data-end=\"1427\">\n<p class=\"\" data-start=\"1411\" data-end=\"1427\">Couleur : Noir<\/p>\n<\/li>\n<li class=\"\" data-start=\"1428\" data-end=\"1462\">\n<p class=\"\" data-start=\"1430\" data-end=\"1462\">Technologie : Laser monochrome<\/p>\n<\/li>\n<li class=\"\" data-start=\"1463\" data-end=\"1490\">\n<p class=\"\" data-start=\"1465\" data-end=\"1490\">Capacit\u00e9 : 1 000 pages<\/p>\n<\/li>\n<li class=\"\" data-start=\"1491\" data-end=\"1523\">\n<p class=\"\" data-start=\"1493\" data-end=\"1523\">Compatibilit\u00e9 : HP M806 \/ M830<\/p>\n<\/li>\n<\/ul>\n<h3 data-start=\"1525\" data-end=\"1667\"><strong data-start=\"1525\" data-end=\"1541\">Fiabilit\u00e9 HP<\/strong><\/h3>\n<p class=\"\" data-start=\"1525\" data-end=\"1667\">Une performance optimis\u00e9e pour les environnements professionnels intensifs. Qualit\u00e9 constante du premier au dernier tirage.<\/p>","protected":false},"excerpt":{"rendered":"<p>Le toner HP 16A (CF216A) noir offre une impression laser de qualit\u00e9 professionnelle. Con\u00e7u pour les imprimantes LaserJet Enterprise, il permet un rendement jusqu\u2019\u00e0 <strong data-start=\"492\" data-end=\"508\">1 000 pages<\/strong>, id\u00e9al pour les entreprises ayant des volumes d\u2019impression \u00e9lev\u00e9s.<\/p>","protected":false},"featured_media":3406,"comment_status":"open","ping_status":"closed","template":"","meta":{"_monsterinsights_skip_tracking":false,"_monsterinsights_sitenote_active":false,"_monsterinsights_sitenote_note":"","_monsterinsights_sitenote_category":0},"product_brand":[826,848],"product_cat":[224],"product_tag":[876,849,1252,1253,1254,1255,1256,852,870,254],"class_list":{"0":"post-3405","1":"product","2":"type-product","3":"status-publish","4":"has-post-thumbnail","6":"product_brand-canon","7":"product_brand-hp","8":"product_cat-consemable","9":"product_tag-compatible","10":"product_tag-consomable","11":"product_tag-hp-color-laserjet-pro-m155nw","12":"product_tag-hp-color-laserjet-pro-m180-series","13":"product_tag-hp-color-laserjet-pro-m182n","14":"product_tag-hp-color-laserjet-pro-m182nw","15":"product_tag-hp-color-laserjet-pro-mfp-m183fw","16":"product_tag-laser","17":"product_tag-lazer","18":"product_tag-toner","20":"first","21":"instock","22":"purchasable","23":"product-type-simple"},"yoast_head":"<!-- This site is optimized with the Yoast SEO plugin v27.4 - https:\/\/yoast.com\/product\/yoast-seo-wordpress\/ -->\n<title>Toner HP CF216A (16A) - mersatradedz<\/title>\n<meta name=\"robots\" content=\"index, follow, max-snippet:-1, max-image-preview:large, max-video-preview:-1\" \/>\n<link rel=\"canonical\" href=\"https:\/\/mersatradedz.com\/ar\/product\/toner-hp-cf216a-16a\/\" \/>\n<meta property=\"og:locale\" content=\"ar_AR\" \/>\n<meta property=\"og:type\" content=\"article\" \/>\n<meta property=\"og:title\" content=\"Toner HP CF216A (16A) - mersatradedz\" \/>\n<meta property=\"og:description\" content=\"Le toner HP 16A (CF216A) noir offre une impression laser de qualit\u00e9 professionnelle. Con\u00e7u pour les imprimantes LaserJet Enterprise, il permet un rendement jusqu\u2019\u00e0 1 000 pages, id\u00e9al pour les entreprises ayant des volumes d\u2019impression \u00e9lev\u00e9s.\" \/>\n<meta property=\"og:url\" content=\"https:\/\/mersatradedz.com\/ar\/product\/toner-hp-cf216a-16a\/\" \/>\n<meta property=\"og:site_name\" content=\"mersatradedz\" \/>\n<meta property=\"article:publisher\" content=\"https:\/\/www.facebook.com\/ntbidz\" \/>\n<meta property=\"og:image\" content=\"https:\/\/mersatradedz.com\/wp-content\/uploads\/2025\/05\/HP216ABlackTonerCartridge1050pagesOriginalW2410ASingle-pack3_800x.webp\" \/>\n\t<meta property=\"og:image:width\" content=\"800\" \/>\n\t<meta property=\"og:image:height\" content=\"800\" \/>\n\t<meta property=\"og:image:type\" content=\"image\/webp\" \/>\n<meta name=\"twitter:card\" content=\"summary_large_image\" \/>\n<meta name=\"twitter:label1\" content=\"\u0648\u0642\u062a \u0627\u0644\u0642\u0631\u0627\u0621\u0629 \u0627\u0644\u0645\u064f\u0642\u062f\u0651\u0631\" \/>\n\t<meta name=\"twitter:data1\" content=\"\u062f\u0642\u064a\u0642\u0629 \u0648\u0627\u062d\u062f\u0629\" \/>\n<script type=\"application\/ld+json\" class=\"yoast-schema-graph\">{\"@context\":\"https:\\\/\\\/schema.org\",\"@graph\":[{\"@type\":\"WebPage\",\"@id\":\"https:\\\/\\\/mersatradedz.com\\\/product\\\/toner-hp-cf216a-16a\\\/\",\"url\":\"https:\\\/\\\/mersatradedz.com\\\/product\\\/toner-hp-cf216a-16a\\\/\",\"name\":\"Toner HP CF216A (16A) - mersatradedz\",\"isPartOf\":{\"@id\":\"https:\\\/\\\/mersatradedz.com\\\/#website\"},\"primaryImageOfPage\":{\"@id\":\"https:\\\/\\\/mersatradedz.com\\\/product\\\/toner-hp-cf216a-16a\\\/#primaryimage\"},\"image\":{\"@id\":\"https:\\\/\\\/mersatradedz.com\\\/product\\\/toner-hp-cf216a-16a\\\/#primaryimage\"},\"thumbnailUrl\":\"https:\\\/\\\/mersatradedz.com\\\/wp-content\\\/uploads\\\/2025\\\/05\\\/HP216ABlackTonerCartridge1050pagesOriginalW2410ASingle-pack3_800x.webp\",\"datePublished\":\"2025-05-22T10:37:28+00:00\",\"breadcrumb\":{\"@id\":\"https:\\\/\\\/mersatradedz.com\\\/product\\\/toner-hp-cf216a-16a\\\/#breadcrumb\"},\"inLanguage\":\"ar\",\"potentialAction\":[{\"@type\":\"ReadAction\",\"target\":[\"https:\\\/\\\/mersatradedz.com\\\/product\\\/toner-hp-cf216a-16a\\\/\"]}]},{\"@type\":\"ImageObject\",\"inLanguage\":\"ar\",\"@id\":\"https:\\\/\\\/mersatradedz.com\\\/product\\\/toner-hp-cf216a-16a\\\/#primaryimage\",\"url\":\"https:\\\/\\\/mersatradedz.com\\\/wp-content\\\/uploads\\\/2025\\\/05\\\/HP216ABlackTonerCartridge1050pagesOriginalW2410ASingle-pack3_800x.webp\",\"contentUrl\":\"https:\\\/\\\/mersatradedz.com\\\/wp-content\\\/uploads\\\/2025\\\/05\\\/HP216ABlackTonerCartridge1050pagesOriginalW2410ASingle-pack3_800x.webp\",\"width\":800,\"height\":800},{\"@type\":\"BreadcrumbList\",\"@id\":\"https:\\\/\\\/mersatradedz.com\\\/product\\\/toner-hp-cf216a-16a\\\/#breadcrumb\",\"itemListElement\":[{\"@type\":\"ListItem\",\"position\":1,\"name\":\"Home\",\"item\":\"https:\\\/\\\/mersatradedz.com\\\/ar\\\/\"},{\"@type\":\"ListItem\",\"position\":2,\"name\":\"Boutique\",\"item\":\"https:\\\/\\\/mersatradedz.com\\\/shop\\\/\"},{\"@type\":\"ListItem\",\"position\":3,\"name\":\"Toner HP CF216A (16A)\"}]},{\"@type\":\"WebSite\",\"@id\":\"https:\\\/\\\/mersatradedz.com\\\/#website\",\"url\":\"https:\\\/\\\/mersatradedz.com\\\/\",\"name\":\"mersatradedz\",\"description\":\"\",\"publisher\":{\"@id\":\"https:\\\/\\\/mersatradedz.com\\\/#organization\"},\"potentialAction\":[{\"@type\":\"SearchAction\",\"target\":{\"@type\":\"EntryPoint\",\"urlTemplate\":\"https:\\\/\\\/mersatradedz.com\\\/?s={search_term_string}\"},\"query-input\":{\"@type\":\"PropertyValueSpecification\",\"valueRequired\":true,\"valueName\":\"search_term_string\"}}],\"inLanguage\":\"ar\"},{\"@type\":\"Organization\",\"@id\":\"https:\\\/\\\/mersatradedz.com\\\/#organization\",\"name\":\"mersa trade\",\"url\":\"https:\\\/\\\/mersatradedz.com\\\/\",\"logo\":{\"@type\":\"ImageObject\",\"inLanguage\":\"ar\",\"@id\":\"https:\\\/\\\/mersatradedz.com\\\/#\\\/schema\\\/logo\\\/image\\\/\",\"url\":\"https:\\\/\\\/mersatradedz.com\\\/wp-content\\\/uploads\\\/2023\\\/07\\\/cropped-1684191296456.jpg\",\"contentUrl\":\"https:\\\/\\\/mersatradedz.com\\\/wp-content\\\/uploads\\\/2023\\\/07\\\/cropped-1684191296456.jpg\",\"width\":1451,\"height\":955,\"caption\":\"mersa trade\"},\"image\":{\"@id\":\"https:\\\/\\\/mersatradedz.com\\\/#\\\/schema\\\/logo\\\/image\\\/\"},\"sameAs\":[\"https:\\\/\\\/www.facebook.com\\\/ntbidz\"]}]}<\/script>\n<!-- \/ Yoast SEO plugin. -->","yoast_head_json":{"title":"Toner HP CF216A (16A) - mersatradedz","robots":{"index":"index","follow":"follow","max-snippet":"max-snippet:-1","max-image-preview":"max-image-preview:large","max-video-preview":"max-video-preview:-1"},"canonical":"https:\/\/mersatradedz.com\/ar\/product\/toner-hp-cf216a-16a\/","og_locale":"ar_AR","og_type":"article","og_title":"Toner HP CF216A (16A) - mersatradedz","og_description":"Le toner HP 16A (CF216A) noir offre une impression laser de qualit\u00e9 professionnelle. Con\u00e7u pour les imprimantes LaserJet Enterprise, il permet un rendement jusqu\u2019\u00e0 1 000 pages, id\u00e9al pour les entreprises ayant des volumes d\u2019impression \u00e9lev\u00e9s.","og_url":"https:\/\/mersatradedz.com\/ar\/product\/toner-hp-cf216a-16a\/","og_site_name":"mersatradedz","article_publisher":"https:\/\/www.facebook.com\/ntbidz","og_image":[{"width":800,"height":800,"url":"https:\/\/mersatradedz.com\/wp-content\/uploads\/2025\/05\/HP216ABlackTonerCartridge1050pagesOriginalW2410ASingle-pack3_800x.webp","type":"image\/webp"}],"twitter_card":"summary_large_image","twitter_misc":{"\u0648\u0642\u062a \u0627\u0644\u0642\u0631\u0627\u0621\u0629 \u0627\u0644\u0645\u064f\u0642\u062f\u0651\u0631":"\u062f\u0642\u064a\u0642\u0629 \u0648\u0627\u062d\u062f\u0629"},"schema":{"@context":"https:\/\/schema.org","@graph":[{"@type":"WebPage","@id":"https:\/\/mersatradedz.com\/product\/toner-hp-cf216a-16a\/","url":"https:\/\/mersatradedz.com\/product\/toner-hp-cf216a-16a\/","name":"Toner HP CF216A (16A) - mersatradedz","isPartOf":{"@id":"https:\/\/mersatradedz.com\/#website"},"primaryImageOfPage":{"@id":"https:\/\/mersatradedz.com\/product\/toner-hp-cf216a-16a\/#primaryimage"},"image":{"@id":"https:\/\/mersatradedz.com\/product\/toner-hp-cf216a-16a\/#primaryimage"},"thumbnailUrl":"https:\/\/mersatradedz.com\/wp-content\/uploads\/2025\/05\/HP216ABlackTonerCartridge1050pagesOriginalW2410ASingle-pack3_800x.webp","datePublished":"2025-05-22T10:37:28+00:00","breadcrumb":{"@id":"https:\/\/mersatradedz.com\/product\/toner-hp-cf216a-16a\/#breadcrumb"},"inLanguage":"ar","potentialAction":[{"@type":"ReadAction","target":["https:\/\/mersatradedz.com\/product\/toner-hp-cf216a-16a\/"]}]},{"@type":"ImageObject","inLanguage":"ar","@id":"https:\/\/mersatradedz.com\/product\/toner-hp-cf216a-16a\/#primaryimage","url":"https:\/\/mersatradedz.com\/wp-content\/uploads\/2025\/05\/HP216ABlackTonerCartridge1050pagesOriginalW2410ASingle-pack3_800x.webp","contentUrl":"https:\/\/mersatradedz.com\/wp-content\/uploads\/2025\/05\/HP216ABlackTonerCartridge1050pagesOriginalW2410ASingle-pack3_800x.webp","width":800,"height":800},{"@type":"BreadcrumbList","@id":"https:\/\/mersatradedz.com\/product\/toner-hp-cf216a-16a\/#breadcrumb","itemListElement":[{"@type":"ListItem","position":1,"name":"Home","item":"https:\/\/mersatradedz.com\/ar\/"},{"@type":"ListItem","position":2,"name":"Boutique","item":"https:\/\/mersatradedz.com\/shop\/"},{"@type":"ListItem","position":3,"name":"Toner HP CF216A (16A)"}]},{"@type":"WebSite","@id":"https:\/\/mersatradedz.com\/#website","url":"https:\/\/mersatradedz.com\/","name":"mersatradedz","description":"","publisher":{"@id":"https:\/\/mersatradedz.com\/#organization"},"potentialAction":[{"@type":"SearchAction","target":{"@type":"EntryPoint","urlTemplate":"https:\/\/mersatradedz.com\/?s={search_term_string}"},"query-input":{"@type":"PropertyValueSpecification","valueRequired":true,"valueName":"search_term_string"}}],"inLanguage":"ar"},{"@type":"Organization","@id":"https:\/\/mersatradedz.com\/#organization","name":"mersa trade","url":"https:\/\/mersatradedz.com\/","logo":{"@type":"ImageObject","inLanguage":"ar","@id":"https:\/\/mersatradedz.com\/#\/schema\/logo\/image\/","url":"https:\/\/mersatradedz.com\/wp-content\/uploads\/2023\/07\/cropped-1684191296456.jpg","contentUrl":"https:\/\/mersatradedz.com\/wp-content\/uploads\/2023\/07\/cropped-1684191296456.jpg","width":1451,"height":955,"caption":"mersa trade"},"image":{"@id":"https:\/\/mersatradedz.com\/#\/schema\/logo\/image\/"},"sameAs":["https:\/\/www.facebook.com\/ntbidz"]}]}},"jetpack_sharing_enabled":true,"_links":{"self":[{"href":"https:\/\/mersatradedz.com\/ar\/wp-json\/wp\/v2\/product\/3405","targetHints":{"allow":["GET"]}}],"collection":[{"href":"https:\/\/mersatradedz.com\/ar\/wp-json\/wp\/v2\/product"}],"about":[{"href":"https:\/\/mersatradedz.com\/ar\/wp-json\/wp\/v2\/types\/product"}],"replies":[{"embeddable":true,"href":"https:\/\/mersatradedz.com\/ar\/wp-json\/wp\/v2\/comments?post=3405"}],"wp:featuredmedia":[{"embeddable":true,"href":"https:\/\/mersatradedz.com\/ar\/wp-json\/wp\/v2\/media\/3406"}],"wp:attachment":[{"href":"https:\/\/mersatradedz.com\/ar\/wp-json\/wp\/v2\/media?parent=3405"}],"wp:term":[{"taxonomy":"product_brand","embeddable":true,"href":"https:\/\/mersatradedz.com\/ar\/wp-json\/wp\/v2\/product_brand?post=3405"},{"taxonomy":"product_cat","embeddable":true,"href":"https:\/\/mersatradedz.com\/ar\/wp-json\/wp\/v2\/product_cat?post=3405"},{"taxonomy":"product_tag","embeddable":true,"href":"https:\/\/mersatradedz.com\/ar\/wp-json\/wp\/v2\/product_tag?post=3405"}],"curies":[{"name":"wp","href":"https:\/\/api.w.org\/{rel}","templated":true}]}}