{"id":3407,"date":"2025-05-22T11:44:01","date_gmt":"2025-05-22T10:44:01","guid":{"rendered":"https:\/\/mersatradedz.com\/?post_type=product&#038;p=3407"},"modified":"2025-05-22T11:45:37","modified_gmt":"2025-05-22T10:45:37","slug":"toner-hp-cf244a-44a","status":"publish","type":"product","link":"https:\/\/mersatradedz.com\/ar\/product\/toner-hp-cf244a-44a\/","title":{"rendered":"Toner HP CF244A (44A)"},"content":{"rendered":"<p class=\"\" data-start=\"639\" data-end=\"798\"><strong data-start=\"639\" data-end=\"652\">Texte net<\/strong><br data-start=\"652\" data-end=\"655\" \/>Le toner HP CF244A produit des impressions professionnelles, avec des noirs pr\u00e9cis et sans bavures, parfaits pour les documents administratifs.<\/p>\n<p class=\"\" data-start=\"800\" data-end=\"869\"><strong data-start=\"800\" data-end=\"826\">Compatibilit\u00e9 parfaite<\/strong><br data-start=\"826\" data-end=\"829\" \/>Compatible avec les mod\u00e8les suivants :<\/p>\n<p class=\"\" style=\"padding-left: 40px\" data-start=\"872\" data-end=\"901\">Hp LaserJet Pro M15 , Hp LaserJet Pro M15a , Hp LaserJet Pro M15w , Hp LaserJet Pro M16 , Hp LaserJet Pro M16a , Hp LaserJet Pro M16w , Hp LaserJet Pro M17 , Hp LaserJet Pro M17a , Hp LaserJet Pro M17w , Hp LaserJet Pro MFP M28 , Hp LaserJet Pro MFP M28 M31 , Hp LaserJet Pro MFP M28a , Hp LaserJet Pro MFP M28w , Hp LaserJet Pro MFP M29 , Hp LaserJet Pro MFP M29a , Hp LaserJet Pro MFP M29w<\/p>\n<p class=\"\" data-start=\"986\" data-end=\"1118\"><strong data-start=\"986\" data-end=\"1006\">Rendement adapt\u00e9<\/strong><br data-start=\"1006\" data-end=\"1009\" \/>Jusqu\u2019\u00e0 <strong data-start=\"1017\" data-end=\"1032\">1 000 pages<\/strong> \u00e0 5 % de couverture. Id\u00e9al pour les petites structures et les utilisateurs r\u00e9guliers.<\/p>\n<p class=\"\" data-start=\"1120\" data-end=\"1228\"><strong data-start=\"1120\" data-end=\"1142\">Utilisation simple<\/strong><br data-start=\"1142\" data-end=\"1145\" \/>Cartouche l\u00e9g\u00e8re, propre et facile \u00e0 remplacer. Aucun entretien particulier requis.<\/p>\n<p class=\"\" data-start=\"1230\" data-end=\"1255\"><strong data-start=\"1230\" data-end=\"1253\">Sp\u00e9cifications cl\u00e9s<\/strong><\/p>\n<ul data-start=\"1256\" data-end=\"1403\">\n<li class=\"\" data-start=\"1256\" data-end=\"1284\">\n<p class=\"\" data-start=\"1258\" data-end=\"1284\">R\u00e9f\u00e9rence : CF244A (44A)<\/p>\n<\/li>\n<li class=\"\" data-start=\"1285\" data-end=\"1303\">\n<p class=\"\" data-start=\"1287\" data-end=\"1303\">Couleur : Noir<\/p>\n<\/li>\n<li class=\"\" data-start=\"1304\" data-end=\"1338\">\n<p class=\"\" data-start=\"1306\" data-end=\"1338\">Technologie : Laser monochrome<\/p>\n<\/li>\n<li class=\"\" data-start=\"1339\" data-end=\"1365\">\n<p class=\"\" data-start=\"1341\" data-end=\"1365\">Capacit\u00e9 : 1 000 pages<\/p>\n<\/li>\n<li class=\"\" data-start=\"1366\" data-end=\"1403\">\n<p class=\"\" data-start=\"1368\" data-end=\"1403\">Compatibilit\u00e9 : HP M15 \/ M28 Series<\/p>\n<\/li>\n<\/ul>\n<p class=\"\" data-start=\"1405\" data-end=\"1543\"><strong data-start=\"1405\" data-end=\"1423\">Performance HP<\/strong><br data-start=\"1423\" data-end=\"1426\" \/>Une fiabilit\u00e9 constante et une qualit\u00e9 garantie. Prot\u00e8ge votre imprimante tout en maintenant une productivit\u00e9 fluide.<\/p>","protected":false},"excerpt":{"rendered":"<p>Le toner HP 44A (CF244A) noir offre une impression laser de qualit\u00e9, nette et r\u00e9guli\u00e8re. Con\u00e7u pour les imprimantes HP LaserJet Pro M15 et MFP M28, il propose un rendement jusqu\u2019\u00e0 <strong data-start=\"491\" data-end=\"506\">1 000 pages<\/strong>, id\u00e9al pour une utilisation \u00e0 domicile ou en petit bureau.<\/p>","protected":false},"featured_media":3408,"comment_status":"open","ping_status":"closed","template":"","meta":{"_monsterinsights_skip_tracking":false,"_monsterinsights_sitenote_active":false,"_monsterinsights_sitenote_note":"","_monsterinsights_sitenote_category":0},"product_brand":[848],"product_cat":[224],"product_tag":[876,849,34,1257,1258,1259,1260,1261,1262,1263,1264,1265,1266,1267,1268,1269,1270,1271,1272,852,254],"class_list":{"0":"post-3407","1":"product","2":"type-product","3":"status-publish","4":"has-post-thumbnail","6":"product_brand-hp","7":"product_cat-consemable","8":"product_tag-compatible","9":"product_tag-consomable","10":"product_tag-hp","11":"product_tag-hp-laserjet-pro-m15","12":"product_tag-hp-laserjet-pro-m15a","13":"product_tag-hp-laserjet-pro-m15w","14":"product_tag-hp-laserjet-pro-m16","15":"product_tag-hp-laserjet-pro-m16a","16":"product_tag-hp-laserjet-pro-m16w","17":"product_tag-hp-laserjet-pro-m17","18":"product_tag-hp-laserjet-pro-m17a","19":"product_tag-hp-laserjet-pro-m17w","20":"product_tag-hp-laserjet-pro-mfp-m28","21":"product_tag-hp-laserjet-pro-mfp-m28-m31","22":"product_tag-hp-laserjet-pro-mfp-m28a","23":"product_tag-hp-laserjet-pro-mfp-m28w","24":"product_tag-hp-laserjet-pro-mfp-m29","25":"product_tag-hp-laserjet-pro-mfp-m29a","26":"product_tag-hp-laserjet-pro-mfp-m29w","27":"product_tag-laser","28":"product_tag-toner","30":"first","31":"instock","32":"shipping-taxable","33":"purchasable","34":"product-type-simple"},"yoast_head":"<!-- This site is optimized with the Yoast SEO plugin v27.4 - https:\/\/yoast.com\/product\/yoast-seo-wordpress\/ -->\n<title>Toner HP CF244A (44A) - mersatradedz<\/title>\n<meta name=\"robots\" content=\"index, follow, max-snippet:-1, max-image-preview:large, max-video-preview:-1\" \/>\n<link rel=\"canonical\" href=\"https:\/\/mersatradedz.com\/ar\/product\/toner-hp-cf244a-44a\/\" \/>\n<meta property=\"og:locale\" content=\"ar_AR\" \/>\n<meta property=\"og:type\" content=\"article\" \/>\n<meta property=\"og:title\" content=\"Toner HP CF244A (44A) - mersatradedz\" \/>\n<meta property=\"og:description\" content=\"Le toner HP 44A (CF244A) noir offre une impression laser de qualit\u00e9, nette et r\u00e9guli\u00e8re. Con\u00e7u pour les imprimantes HP LaserJet Pro M15 et MFP M28, il propose un rendement jusqu\u2019\u00e0 1 000 pages, id\u00e9al pour une utilisation \u00e0 domicile ou en petit bureau.\" \/>\n<meta property=\"og:url\" content=\"https:\/\/mersatradedz.com\/ar\/product\/toner-hp-cf244a-44a\/\" \/>\n<meta property=\"og:site_name\" content=\"mersatradedz\" \/>\n<meta property=\"article:publisher\" content=\"https:\/\/www.facebook.com\/ntbidz\" \/>\n<meta property=\"article:modified_time\" content=\"2025-05-22T10:45:37+00:00\" \/>\n<meta property=\"og:image\" content=\"https:\/\/mersatradedz.com\/wp-content\/uploads\/2025\/05\/toner-generique-equivalent-au-modele-hp-44a-cf244a-noir-1000-pages.webp\" \/>\n\t<meta property=\"og:image:width\" content=\"1032\" \/>\n\t<meta property=\"og:image:height\" content=\"862\" \/>\n\t<meta property=\"og:image:type\" content=\"image\/webp\" \/>\n<meta name=\"twitter:card\" content=\"summary_large_image\" \/>\n<meta name=\"twitter:label1\" content=\"\u0648\u0642\u062a \u0627\u0644\u0642\u0631\u0627\u0621\u0629 \u0627\u0644\u0645\u064f\u0642\u062f\u0651\u0631\" \/>\n\t<meta name=\"twitter:data1\" content=\"\u062f\u0642\u064a\u0642\u0629 \u0648\u0627\u062d\u062f\u0629\" \/>\n<script type=\"application\/ld+json\" class=\"yoast-schema-graph\">{\"@context\":\"https:\\\/\\\/schema.org\",\"@graph\":[{\"@type\":\"WebPage\",\"@id\":\"https:\\\/\\\/mersatradedz.com\\\/product\\\/toner-hp-cf244a-44a\\\/\",\"url\":\"https:\\\/\\\/mersatradedz.com\\\/product\\\/toner-hp-cf244a-44a\\\/\",\"name\":\"Toner HP CF244A (44A) - mersatradedz\",\"isPartOf\":{\"@id\":\"https:\\\/\\\/mersatradedz.com\\\/#website\"},\"primaryImageOfPage\":{\"@id\":\"https:\\\/\\\/mersatradedz.com\\\/product\\\/toner-hp-cf244a-44a\\\/#primaryimage\"},\"image\":{\"@id\":\"https:\\\/\\\/mersatradedz.com\\\/product\\\/toner-hp-cf244a-44a\\\/#primaryimage\"},\"thumbnailUrl\":\"https:\\\/\\\/mersatradedz.com\\\/wp-content\\\/uploads\\\/2025\\\/05\\\/toner-generique-equivalent-au-modele-hp-44a-cf244a-noir-1000-pages.webp\",\"datePublished\":\"2025-05-22T10:44:01+00:00\",\"dateModified\":\"2025-05-22T10:45:37+00:00\",\"breadcrumb\":{\"@id\":\"https:\\\/\\\/mersatradedz.com\\\/product\\\/toner-hp-cf244a-44a\\\/#breadcrumb\"},\"inLanguage\":\"ar\",\"potentialAction\":[{\"@type\":\"ReadAction\",\"target\":[\"https:\\\/\\\/mersatradedz.com\\\/product\\\/toner-hp-cf244a-44a\\\/\"]}]},{\"@type\":\"ImageObject\",\"inLanguage\":\"ar\",\"@id\":\"https:\\\/\\\/mersatradedz.com\\\/product\\\/toner-hp-cf244a-44a\\\/#primaryimage\",\"url\":\"https:\\\/\\\/mersatradedz.com\\\/wp-content\\\/uploads\\\/2025\\\/05\\\/toner-generique-equivalent-au-modele-hp-44a-cf244a-noir-1000-pages.webp\",\"contentUrl\":\"https:\\\/\\\/mersatradedz.com\\\/wp-content\\\/uploads\\\/2025\\\/05\\\/toner-generique-equivalent-au-modele-hp-44a-cf244a-noir-1000-pages.webp\",\"width\":1032,\"height\":862},{\"@type\":\"BreadcrumbList\",\"@id\":\"https:\\\/\\\/mersatradedz.com\\\/product\\\/toner-hp-cf244a-44a\\\/#breadcrumb\",\"itemListElement\":[{\"@type\":\"ListItem\",\"position\":1,\"name\":\"Home\",\"item\":\"https:\\\/\\\/mersatradedz.com\\\/ar\\\/\"},{\"@type\":\"ListItem\",\"position\":2,\"name\":\"Boutique\",\"item\":\"https:\\\/\\\/mersatradedz.com\\\/shop\\\/\"},{\"@type\":\"ListItem\",\"position\":3,\"name\":\"Toner HP CF244A (44A)\"}]},{\"@type\":\"WebSite\",\"@id\":\"https:\\\/\\\/mersatradedz.com\\\/#website\",\"url\":\"https:\\\/\\\/mersatradedz.com\\\/\",\"name\":\"mersatradedz\",\"description\":\"\",\"publisher\":{\"@id\":\"https:\\\/\\\/mersatradedz.com\\\/#organization\"},\"potentialAction\":[{\"@type\":\"SearchAction\",\"target\":{\"@type\":\"EntryPoint\",\"urlTemplate\":\"https:\\\/\\\/mersatradedz.com\\\/?s={search_term_string}\"},\"query-input\":{\"@type\":\"PropertyValueSpecification\",\"valueRequired\":true,\"valueName\":\"search_term_string\"}}],\"inLanguage\":\"ar\"},{\"@type\":\"Organization\",\"@id\":\"https:\\\/\\\/mersatradedz.com\\\/#organization\",\"name\":\"mersa trade\",\"url\":\"https:\\\/\\\/mersatradedz.com\\\/\",\"logo\":{\"@type\":\"ImageObject\",\"inLanguage\":\"ar\",\"@id\":\"https:\\\/\\\/mersatradedz.com\\\/#\\\/schema\\\/logo\\\/image\\\/\",\"url\":\"https:\\\/\\\/mersatradedz.com\\\/wp-content\\\/uploads\\\/2023\\\/07\\\/cropped-1684191296456.jpg\",\"contentUrl\":\"https:\\\/\\\/mersatradedz.com\\\/wp-content\\\/uploads\\\/2023\\\/07\\\/cropped-1684191296456.jpg\",\"width\":1451,\"height\":955,\"caption\":\"mersa trade\"},\"image\":{\"@id\":\"https:\\\/\\\/mersatradedz.com\\\/#\\\/schema\\\/logo\\\/image\\\/\"},\"sameAs\":[\"https:\\\/\\\/www.facebook.com\\\/ntbidz\"]}]}<\/script>\n<!-- \/ Yoast SEO plugin. -->","yoast_head_json":{"title":"Toner HP CF244A (44A) - mersatradedz","robots":{"index":"index","follow":"follow","max-snippet":"max-snippet:-1","max-image-preview":"max-image-preview:large","max-video-preview":"max-video-preview:-1"},"canonical":"https:\/\/mersatradedz.com\/ar\/product\/toner-hp-cf244a-44a\/","og_locale":"ar_AR","og_type":"article","og_title":"Toner HP CF244A (44A) - mersatradedz","og_description":"Le toner HP 44A (CF244A) noir offre une impression laser de qualit\u00e9, nette et r\u00e9guli\u00e8re. Con\u00e7u pour les imprimantes HP LaserJet Pro M15 et MFP M28, il propose un rendement jusqu\u2019\u00e0 1 000 pages, id\u00e9al pour une utilisation \u00e0 domicile ou en petit bureau.","og_url":"https:\/\/mersatradedz.com\/ar\/product\/toner-hp-cf244a-44a\/","og_site_name":"mersatradedz","article_publisher":"https:\/\/www.facebook.com\/ntbidz","article_modified_time":"2025-05-22T10:45:37+00:00","og_image":[{"width":1032,"height":862,"url":"https:\/\/mersatradedz.com\/wp-content\/uploads\/2025\/05\/toner-generique-equivalent-au-modele-hp-44a-cf244a-noir-1000-pages.webp","type":"image\/webp"}],"twitter_card":"summary_large_image","twitter_misc":{"\u0648\u0642\u062a \u0627\u0644\u0642\u0631\u0627\u0621\u0629 \u0627\u0644\u0645\u064f\u0642\u062f\u0651\u0631":"\u062f\u0642\u064a\u0642\u0629 \u0648\u0627\u062d\u062f\u0629"},"schema":{"@context":"https:\/\/schema.org","@graph":[{"@type":"WebPage","@id":"https:\/\/mersatradedz.com\/product\/toner-hp-cf244a-44a\/","url":"https:\/\/mersatradedz.com\/product\/toner-hp-cf244a-44a\/","name":"Toner HP CF244A (44A) - mersatradedz","isPartOf":{"@id":"https:\/\/mersatradedz.com\/#website"},"primaryImageOfPage":{"@id":"https:\/\/mersatradedz.com\/product\/toner-hp-cf244a-44a\/#primaryimage"},"image":{"@id":"https:\/\/mersatradedz.com\/product\/toner-hp-cf244a-44a\/#primaryimage"},"thumbnailUrl":"https:\/\/mersatradedz.com\/wp-content\/uploads\/2025\/05\/toner-generique-equivalent-au-modele-hp-44a-cf244a-noir-1000-pages.webp","datePublished":"2025-05-22T10:44:01+00:00","dateModified":"2025-05-22T10:45:37+00:00","breadcrumb":{"@id":"https:\/\/mersatradedz.com\/product\/toner-hp-cf244a-44a\/#breadcrumb"},"inLanguage":"ar","potentialAction":[{"@type":"ReadAction","target":["https:\/\/mersatradedz.com\/product\/toner-hp-cf244a-44a\/"]}]},{"@type":"ImageObject","inLanguage":"ar","@id":"https:\/\/mersatradedz.com\/product\/toner-hp-cf244a-44a\/#primaryimage","url":"https:\/\/mersatradedz.com\/wp-content\/uploads\/2025\/05\/toner-generique-equivalent-au-modele-hp-44a-cf244a-noir-1000-pages.webp","contentUrl":"https:\/\/mersatradedz.com\/wp-content\/uploads\/2025\/05\/toner-generique-equivalent-au-modele-hp-44a-cf244a-noir-1000-pages.webp","width":1032,"height":862},{"@type":"BreadcrumbList","@id":"https:\/\/mersatradedz.com\/product\/toner-hp-cf244a-44a\/#breadcrumb","itemListElement":[{"@type":"ListItem","position":1,"name":"Home","item":"https:\/\/mersatradedz.com\/ar\/"},{"@type":"ListItem","position":2,"name":"Boutique","item":"https:\/\/mersatradedz.com\/shop\/"},{"@type":"ListItem","position":3,"name":"Toner HP CF244A (44A)"}]},{"@type":"WebSite","@id":"https:\/\/mersatradedz.com\/#website","url":"https:\/\/mersatradedz.com\/","name":"mersatradedz","description":"","publisher":{"@id":"https:\/\/mersatradedz.com\/#organization"},"potentialAction":[{"@type":"SearchAction","target":{"@type":"EntryPoint","urlTemplate":"https:\/\/mersatradedz.com\/?s={search_term_string}"},"query-input":{"@type":"PropertyValueSpecification","valueRequired":true,"valueName":"search_term_string"}}],"inLanguage":"ar"},{"@type":"Organization","@id":"https:\/\/mersatradedz.com\/#organization","name":"mersa trade","url":"https:\/\/mersatradedz.com\/","logo":{"@type":"ImageObject","inLanguage":"ar","@id":"https:\/\/mersatradedz.com\/#\/schema\/logo\/image\/","url":"https:\/\/mersatradedz.com\/wp-content\/uploads\/2023\/07\/cropped-1684191296456.jpg","contentUrl":"https:\/\/mersatradedz.com\/wp-content\/uploads\/2023\/07\/cropped-1684191296456.jpg","width":1451,"height":955,"caption":"mersa trade"},"image":{"@id":"https:\/\/mersatradedz.com\/#\/schema\/logo\/image\/"},"sameAs":["https:\/\/www.facebook.com\/ntbidz"]}]}},"jetpack_sharing_enabled":true,"_links":{"self":[{"href":"https:\/\/mersatradedz.com\/ar\/wp-json\/wp\/v2\/product\/3407","targetHints":{"allow":["GET"]}}],"collection":[{"href":"https:\/\/mersatradedz.com\/ar\/wp-json\/wp\/v2\/product"}],"about":[{"href":"https:\/\/mersatradedz.com\/ar\/wp-json\/wp\/v2\/types\/product"}],"replies":[{"embeddable":true,"href":"https:\/\/mersatradedz.com\/ar\/wp-json\/wp\/v2\/comments?post=3407"}],"wp:featuredmedia":[{"embeddable":true,"href":"https:\/\/mersatradedz.com\/ar\/wp-json\/wp\/v2\/media\/3408"}],"wp:attachment":[{"href":"https:\/\/mersatradedz.com\/ar\/wp-json\/wp\/v2\/media?parent=3407"}],"wp:term":[{"taxonomy":"product_brand","embeddable":true,"href":"https:\/\/mersatradedz.com\/ar\/wp-json\/wp\/v2\/product_brand?post=3407"},{"taxonomy":"product_cat","embeddable":true,"href":"https:\/\/mersatradedz.com\/ar\/wp-json\/wp\/v2\/product_cat?post=3407"},{"taxonomy":"product_tag","embeddable":true,"href":"https:\/\/mersatradedz.com\/ar\/wp-json\/wp\/v2\/product_tag?post=3407"}],"curies":[{"name":"wp","href":"https:\/\/api.w.org\/{rel}","templated":true}]}}