{"id":3409,"date":"2025-05-22T11:52:24","date_gmt":"2025-05-22T10:52:24","guid":{"rendered":"https:\/\/mersatradedz.com\/?post_type=product&#038;p=3409"},"modified":"2025-05-22T11:52:25","modified_gmt":"2025-05-22T10:52:25","slug":"toner-hp-80a-cf280a","status":"publish","type":"product","link":"https:\/\/mersatradedz.com\/ar\/product\/toner-hp-80a-cf280a\/","title":{"rendered":"Toner HP 80A (CF280A)"},"content":{"rendered":"<h3 data-start=\"652\" data-end=\"811\"><strong data-start=\"652\" data-end=\"679\">Qualit\u00e9 professionnelle<\/strong><\/h3>\n<p class=\"\" data-start=\"652\" data-end=\"811\">Le toner HP 80A produit des documents clairs avec un noir profond, id\u00e9al pour les rapports, factures ou documents administratifs.<\/p>\n<h3 data-start=\"813\" data-end=\"860\"><strong data-start=\"813\" data-end=\"838\">Compatibilit\u00e9 pr\u00e9cise<\/strong><\/h3>\n<p class=\"\" data-start=\"813\" data-end=\"860\">Compatible avec :<\/p>\n<p class=\"\" style=\"padding-left: 40px\" data-start=\"863\" data-end=\"915\">Hp LaserJet Pro 400 M401 , Hp LaserJet Pro 400 M401a , Hp LaserJet Pro 400 M401d , Hp LaserJet Pro 400 M401dn , Hp LaserJet Pro 400 M401dw , Hp LaserJet Pro 400 M425 , Hp LaserJet Pro 400 MFP M425dn , Hp LaserJet Pro 400 MFP M425dw<\/p>\n<h3 data-start=\"1014\" data-end=\"1156\"><strong data-start=\"1014\" data-end=\"1031\">Bon rendement<\/strong><\/h3>\n<p class=\"\" data-start=\"1014\" data-end=\"1156\">Jusqu\u2019\u00e0 <strong data-start=\"1042\" data-end=\"1057\">2 700 pages<\/strong> \u00e0 5 % de couverture. Convient aux bureaux et entreprises ayant des besoins d&rsquo;impression r\u00e9guliers.<\/p>\n<h3 data-start=\"1158\" data-end=\"1293\"><strong data-start=\"1158\" data-end=\"1180\">Utilisation fiable<\/strong><\/h3>\n<p class=\"\" data-start=\"1158\" data-end=\"1293\">Cartouche robuste, facile \u00e0 installer, sans risque de fuite. Garantit une qualit\u00e9 constante du d\u00e9but \u00e0 la fin.<\/p>\n<h3 data-start=\"1295\" data-end=\"1316\"><strong data-start=\"1295\" data-end=\"1314\">Fiche technique<\/strong><\/h3>\n<ul data-start=\"1317\" data-end=\"1459\">\n<li class=\"\" data-start=\"1317\" data-end=\"1345\">\n<p class=\"\" data-start=\"1319\" data-end=\"1345\">R\u00e9f\u00e9rence : CF280A (80A)<\/p>\n<\/li>\n<li class=\"\" data-start=\"1346\" data-end=\"1364\">\n<p class=\"\" data-start=\"1348\" data-end=\"1364\">Couleur : Noir<\/p>\n<\/li>\n<li class=\"\" data-start=\"1365\" data-end=\"1399\">\n<p class=\"\" data-start=\"1367\" data-end=\"1399\">Technologie : Laser monochrome<\/p>\n<\/li>\n<li class=\"\" data-start=\"1400\" data-end=\"1426\">\n<p class=\"\" data-start=\"1402\" data-end=\"1426\">Capacit\u00e9 : 2 700 pages<\/p>\n<\/li>\n<li class=\"\" data-start=\"1427\" data-end=\"1459\">\n<p class=\"\" data-start=\"1429\" data-end=\"1459\">Compatibilit\u00e9 : HP M401 \/ M425<\/p>\n<\/li>\n<\/ul>\n<h3 data-start=\"1461\" data-end=\"1592\"><strong data-start=\"1461\" data-end=\"1477\">Fiabilit\u00e9 HP<\/strong><\/h3>\n<p class=\"\" data-start=\"1461\" data-end=\"1592\">Toner original con\u00e7u pour offrir performance et durabilit\u00e9, tout en optimisant la long\u00e9vit\u00e9 de votre imprimante.<\/p>","protected":false},"excerpt":{"rendered":"<p>Le toner HP 80A (CF280A) noir assure des impressions nettes et professionnelles. Con\u00e7u pour les imprimantes HP LaserJet Pro 400, il offre un rendement jusqu\u2019\u00e0 <strong data-start=\"482\" data-end=\"497\">2 700 pages<\/strong>, parfait pour les environnements de bureau avec un volume d&rsquo;impression r\u00e9gulier.<\/p>","protected":false},"featured_media":3410,"comment_status":"open","ping_status":"closed","template":"","meta":{"_monsterinsights_skip_tracking":false,"_monsterinsights_sitenote_active":false,"_monsterinsights_sitenote_note":"","_monsterinsights_sitenote_category":0},"product_brand":[826,848],"product_cat":[224],"product_tag":[876,849,1273,1274,1275,1276,1277,1278,1279,1280,254],"class_list":{"0":"post-3409","1":"product","2":"type-product","3":"status-publish","4":"has-post-thumbnail","6":"product_brand-canon","7":"product_brand-hp","8":"product_cat-consemable","9":"product_tag-compatible","10":"product_tag-consomable","11":"product_tag-hp-laserjet-pro-400-m401","12":"product_tag-hp-laserjet-pro-400-m401a","13":"product_tag-hp-laserjet-pro-400-m401d","14":"product_tag-hp-laserjet-pro-400-m401dn","15":"product_tag-hp-laserjet-pro-400-m401dw","16":"product_tag-hp-laserjet-pro-400-m425","17":"product_tag-hp-laserjet-pro-400-mfp-m425dn","18":"product_tag-hp-laserjet-pro-400-mfp-m425dw","19":"product_tag-toner","21":"first","22":"instock","23":"purchasable","24":"product-type-simple"},"yoast_head":"<!-- This site is optimized with the Yoast SEO plugin v27.4 - https:\/\/yoast.com\/product\/yoast-seo-wordpress\/ -->\n<title>Toner HP 80A (CF280A) - mersatradedz<\/title>\n<meta name=\"robots\" content=\"index, follow, max-snippet:-1, max-image-preview:large, max-video-preview:-1\" \/>\n<link rel=\"canonical\" href=\"https:\/\/mersatradedz.com\/ar\/product\/toner-hp-80a-cf280a\/\" \/>\n<meta property=\"og:locale\" content=\"ar_AR\" \/>\n<meta property=\"og:type\" content=\"article\" \/>\n<meta property=\"og:title\" content=\"Toner HP 80A (CF280A) - mersatradedz\" \/>\n<meta property=\"og:description\" content=\"Le toner HP 80A (CF280A) noir assure des impressions nettes et professionnelles. Con\u00e7u pour les imprimantes HP LaserJet Pro 400, il offre un rendement jusqu\u2019\u00e0 2 700 pages, parfait pour les environnements de bureau avec un volume d&#039;impression r\u00e9gulier.\" \/>\n<meta property=\"og:url\" content=\"https:\/\/mersatradedz.com\/ar\/product\/toner-hp-80a-cf280a\/\" \/>\n<meta property=\"og:site_name\" content=\"mersatradedz\" \/>\n<meta property=\"article:publisher\" content=\"https:\/\/www.facebook.com\/ntbidz\" \/>\n<meta property=\"article:modified_time\" content=\"2025-05-22T10:52:25+00:00\" \/>\n<meta property=\"og:image\" content=\"https:\/\/mersatradedz.com\/wp-content\/uploads\/2025\/05\/hp-80a-toner-generique-equivalent-au-modele-hp-cf280a-pour-hp-laserjet-pro-noir.webp\" \/>\n\t<meta property=\"og:image:width\" content=\"560\" \/>\n\t<meta property=\"og:image:height\" content=\"560\" \/>\n\t<meta property=\"og:image:type\" content=\"image\/webp\" \/>\n<meta name=\"twitter:card\" content=\"summary_large_image\" \/>\n<meta name=\"twitter:label1\" content=\"\u0648\u0642\u062a \u0627\u0644\u0642\u0631\u0627\u0621\u0629 \u0627\u0644\u0645\u064f\u0642\u062f\u0651\u0631\" \/>\n\t<meta name=\"twitter:data1\" content=\"\u062f\u0642\u064a\u0642\u0629 \u0648\u0627\u062d\u062f\u0629\" \/>\n<script type=\"application\/ld+json\" class=\"yoast-schema-graph\">{\"@context\":\"https:\\\/\\\/schema.org\",\"@graph\":[{\"@type\":\"WebPage\",\"@id\":\"https:\\\/\\\/mersatradedz.com\\\/product\\\/toner-hp-80a-cf280a\\\/\",\"url\":\"https:\\\/\\\/mersatradedz.com\\\/product\\\/toner-hp-80a-cf280a\\\/\",\"name\":\"Toner HP 80A (CF280A) - mersatradedz\",\"isPartOf\":{\"@id\":\"https:\\\/\\\/mersatradedz.com\\\/#website\"},\"primaryImageOfPage\":{\"@id\":\"https:\\\/\\\/mersatradedz.com\\\/product\\\/toner-hp-80a-cf280a\\\/#primaryimage\"},\"image\":{\"@id\":\"https:\\\/\\\/mersatradedz.com\\\/product\\\/toner-hp-80a-cf280a\\\/#primaryimage\"},\"thumbnailUrl\":\"https:\\\/\\\/mersatradedz.com\\\/wp-content\\\/uploads\\\/2025\\\/05\\\/hp-80a-toner-generique-equivalent-au-modele-hp-cf280a-pour-hp-laserjet-pro-noir.webp\",\"datePublished\":\"2025-05-22T10:52:24+00:00\",\"dateModified\":\"2025-05-22T10:52:25+00:00\",\"breadcrumb\":{\"@id\":\"https:\\\/\\\/mersatradedz.com\\\/product\\\/toner-hp-80a-cf280a\\\/#breadcrumb\"},\"inLanguage\":\"ar\",\"potentialAction\":[{\"@type\":\"ReadAction\",\"target\":[\"https:\\\/\\\/mersatradedz.com\\\/product\\\/toner-hp-80a-cf280a\\\/\"]}]},{\"@type\":\"ImageObject\",\"inLanguage\":\"ar\",\"@id\":\"https:\\\/\\\/mersatradedz.com\\\/product\\\/toner-hp-80a-cf280a\\\/#primaryimage\",\"url\":\"https:\\\/\\\/mersatradedz.com\\\/wp-content\\\/uploads\\\/2025\\\/05\\\/hp-80a-toner-generique-equivalent-au-modele-hp-cf280a-pour-hp-laserjet-pro-noir.webp\",\"contentUrl\":\"https:\\\/\\\/mersatradedz.com\\\/wp-content\\\/uploads\\\/2025\\\/05\\\/hp-80a-toner-generique-equivalent-au-modele-hp-cf280a-pour-hp-laserjet-pro-noir.webp\",\"width\":560,\"height\":560},{\"@type\":\"BreadcrumbList\",\"@id\":\"https:\\\/\\\/mersatradedz.com\\\/product\\\/toner-hp-80a-cf280a\\\/#breadcrumb\",\"itemListElement\":[{\"@type\":\"ListItem\",\"position\":1,\"name\":\"Home\",\"item\":\"https:\\\/\\\/mersatradedz.com\\\/ar\\\/\"},{\"@type\":\"ListItem\",\"position\":2,\"name\":\"Boutique\",\"item\":\"https:\\\/\\\/mersatradedz.com\\\/shop\\\/\"},{\"@type\":\"ListItem\",\"position\":3,\"name\":\"Toner HP 80A (CF280A)\"}]},{\"@type\":\"WebSite\",\"@id\":\"https:\\\/\\\/mersatradedz.com\\\/#website\",\"url\":\"https:\\\/\\\/mersatradedz.com\\\/\",\"name\":\"mersatradedz\",\"description\":\"\",\"publisher\":{\"@id\":\"https:\\\/\\\/mersatradedz.com\\\/#organization\"},\"potentialAction\":[{\"@type\":\"SearchAction\",\"target\":{\"@type\":\"EntryPoint\",\"urlTemplate\":\"https:\\\/\\\/mersatradedz.com\\\/?s={search_term_string}\"},\"query-input\":{\"@type\":\"PropertyValueSpecification\",\"valueRequired\":true,\"valueName\":\"search_term_string\"}}],\"inLanguage\":\"ar\"},{\"@type\":\"Organization\",\"@id\":\"https:\\\/\\\/mersatradedz.com\\\/#organization\",\"name\":\"mersa trade\",\"url\":\"https:\\\/\\\/mersatradedz.com\\\/\",\"logo\":{\"@type\":\"ImageObject\",\"inLanguage\":\"ar\",\"@id\":\"https:\\\/\\\/mersatradedz.com\\\/#\\\/schema\\\/logo\\\/image\\\/\",\"url\":\"https:\\\/\\\/mersatradedz.com\\\/wp-content\\\/uploads\\\/2023\\\/07\\\/cropped-1684191296456.jpg\",\"contentUrl\":\"https:\\\/\\\/mersatradedz.com\\\/wp-content\\\/uploads\\\/2023\\\/07\\\/cropped-1684191296456.jpg\",\"width\":1451,\"height\":955,\"caption\":\"mersa trade\"},\"image\":{\"@id\":\"https:\\\/\\\/mersatradedz.com\\\/#\\\/schema\\\/logo\\\/image\\\/\"},\"sameAs\":[\"https:\\\/\\\/www.facebook.com\\\/ntbidz\"]}]}<\/script>\n<!-- \/ Yoast SEO plugin. -->","yoast_head_json":{"title":"Toner HP 80A (CF280A) - mersatradedz","robots":{"index":"index","follow":"follow","max-snippet":"max-snippet:-1","max-image-preview":"max-image-preview:large","max-video-preview":"max-video-preview:-1"},"canonical":"https:\/\/mersatradedz.com\/ar\/product\/toner-hp-80a-cf280a\/","og_locale":"ar_AR","og_type":"article","og_title":"Toner HP 80A (CF280A) - mersatradedz","og_description":"Le toner HP 80A (CF280A) noir assure des impressions nettes et professionnelles. Con\u00e7u pour les imprimantes HP LaserJet Pro 400, il offre un rendement jusqu\u2019\u00e0 2 700 pages, parfait pour les environnements de bureau avec un volume d'impression r\u00e9gulier.","og_url":"https:\/\/mersatradedz.com\/ar\/product\/toner-hp-80a-cf280a\/","og_site_name":"mersatradedz","article_publisher":"https:\/\/www.facebook.com\/ntbidz","article_modified_time":"2025-05-22T10:52:25+00:00","og_image":[{"width":560,"height":560,"url":"https:\/\/mersatradedz.com\/wp-content\/uploads\/2025\/05\/hp-80a-toner-generique-equivalent-au-modele-hp-cf280a-pour-hp-laserjet-pro-noir.webp","type":"image\/webp"}],"twitter_card":"summary_large_image","twitter_misc":{"\u0648\u0642\u062a \u0627\u0644\u0642\u0631\u0627\u0621\u0629 \u0627\u0644\u0645\u064f\u0642\u062f\u0651\u0631":"\u062f\u0642\u064a\u0642\u0629 \u0648\u0627\u062d\u062f\u0629"},"schema":{"@context":"https:\/\/schema.org","@graph":[{"@type":"WebPage","@id":"https:\/\/mersatradedz.com\/product\/toner-hp-80a-cf280a\/","url":"https:\/\/mersatradedz.com\/product\/toner-hp-80a-cf280a\/","name":"Toner HP 80A (CF280A) - mersatradedz","isPartOf":{"@id":"https:\/\/mersatradedz.com\/#website"},"primaryImageOfPage":{"@id":"https:\/\/mersatradedz.com\/product\/toner-hp-80a-cf280a\/#primaryimage"},"image":{"@id":"https:\/\/mersatradedz.com\/product\/toner-hp-80a-cf280a\/#primaryimage"},"thumbnailUrl":"https:\/\/mersatradedz.com\/wp-content\/uploads\/2025\/05\/hp-80a-toner-generique-equivalent-au-modele-hp-cf280a-pour-hp-laserjet-pro-noir.webp","datePublished":"2025-05-22T10:52:24+00:00","dateModified":"2025-05-22T10:52:25+00:00","breadcrumb":{"@id":"https:\/\/mersatradedz.com\/product\/toner-hp-80a-cf280a\/#breadcrumb"},"inLanguage":"ar","potentialAction":[{"@type":"ReadAction","target":["https:\/\/mersatradedz.com\/product\/toner-hp-80a-cf280a\/"]}]},{"@type":"ImageObject","inLanguage":"ar","@id":"https:\/\/mersatradedz.com\/product\/toner-hp-80a-cf280a\/#primaryimage","url":"https:\/\/mersatradedz.com\/wp-content\/uploads\/2025\/05\/hp-80a-toner-generique-equivalent-au-modele-hp-cf280a-pour-hp-laserjet-pro-noir.webp","contentUrl":"https:\/\/mersatradedz.com\/wp-content\/uploads\/2025\/05\/hp-80a-toner-generique-equivalent-au-modele-hp-cf280a-pour-hp-laserjet-pro-noir.webp","width":560,"height":560},{"@type":"BreadcrumbList","@id":"https:\/\/mersatradedz.com\/product\/toner-hp-80a-cf280a\/#breadcrumb","itemListElement":[{"@type":"ListItem","position":1,"name":"Home","item":"https:\/\/mersatradedz.com\/ar\/"},{"@type":"ListItem","position":2,"name":"Boutique","item":"https:\/\/mersatradedz.com\/shop\/"},{"@type":"ListItem","position":3,"name":"Toner HP 80A (CF280A)"}]},{"@type":"WebSite","@id":"https:\/\/mersatradedz.com\/#website","url":"https:\/\/mersatradedz.com\/","name":"mersatradedz","description":"","publisher":{"@id":"https:\/\/mersatradedz.com\/#organization"},"potentialAction":[{"@type":"SearchAction","target":{"@type":"EntryPoint","urlTemplate":"https:\/\/mersatradedz.com\/?s={search_term_string}"},"query-input":{"@type":"PropertyValueSpecification","valueRequired":true,"valueName":"search_term_string"}}],"inLanguage":"ar"},{"@type":"Organization","@id":"https:\/\/mersatradedz.com\/#organization","name":"mersa trade","url":"https:\/\/mersatradedz.com\/","logo":{"@type":"ImageObject","inLanguage":"ar","@id":"https:\/\/mersatradedz.com\/#\/schema\/logo\/image\/","url":"https:\/\/mersatradedz.com\/wp-content\/uploads\/2023\/07\/cropped-1684191296456.jpg","contentUrl":"https:\/\/mersatradedz.com\/wp-content\/uploads\/2023\/07\/cropped-1684191296456.jpg","width":1451,"height":955,"caption":"mersa trade"},"image":{"@id":"https:\/\/mersatradedz.com\/#\/schema\/logo\/image\/"},"sameAs":["https:\/\/www.facebook.com\/ntbidz"]}]}},"jetpack_sharing_enabled":true,"_links":{"self":[{"href":"https:\/\/mersatradedz.com\/ar\/wp-json\/wp\/v2\/product\/3409","targetHints":{"allow":["GET"]}}],"collection":[{"href":"https:\/\/mersatradedz.com\/ar\/wp-json\/wp\/v2\/product"}],"about":[{"href":"https:\/\/mersatradedz.com\/ar\/wp-json\/wp\/v2\/types\/product"}],"replies":[{"embeddable":true,"href":"https:\/\/mersatradedz.com\/ar\/wp-json\/wp\/v2\/comments?post=3409"}],"wp:featuredmedia":[{"embeddable":true,"href":"https:\/\/mersatradedz.com\/ar\/wp-json\/wp\/v2\/media\/3410"}],"wp:attachment":[{"href":"https:\/\/mersatradedz.com\/ar\/wp-json\/wp\/v2\/media?parent=3409"}],"wp:term":[{"taxonomy":"product_brand","embeddable":true,"href":"https:\/\/mersatradedz.com\/ar\/wp-json\/wp\/v2\/product_brand?post=3409"},{"taxonomy":"product_cat","embeddable":true,"href":"https:\/\/mersatradedz.com\/ar\/wp-json\/wp\/v2\/product_cat?post=3409"},{"taxonomy":"product_tag","embeddable":true,"href":"https:\/\/mersatradedz.com\/ar\/wp-json\/wp\/v2\/product_tag?post=3409"}],"curies":[{"name":"wp","href":"https:\/\/api.w.org\/{rel}","templated":true}]}}