{"id":3426,"date":"2025-05-24T14:31:47","date_gmt":"2025-05-24T13:31:47","guid":{"rendered":"https:\/\/mersatradedz.com\/?post_type=product&#038;p=3426"},"modified":"2025-10-23T08:44:28","modified_gmt":"2025-10-23T07:44:28","slug":"epson-ecotank-l3250","status":"publish","type":"product","link":"https:\/\/mersatradedz.com\/ar\/product\/epson-ecotank-l3250\/","title":{"rendered":"Epson EcoTank L3250"},"content":{"rendered":"<h3 data-start=\"771\" data-end=\"935\"><strong data-start=\"771\" data-end=\"795\">Multifonction 3-en-1<\/strong><\/h3>\n<p data-start=\"771\" data-end=\"935\">L\u2019Epson L3250 combine impression, num\u00e9risation et copie dans un format compact, parfait pour un usage quotidien \u00e0 la maison ou au bureau.<\/p>\n<h3 data-start=\"937\" data-end=\"1097\"><img fetchpriority=\"high\" decoding=\"async\" class=\"wp-image-3428 aligncenter\" src=\"https:\/\/mersatradedz.com\/wp-content\/uploads\/2025\/05\/EPSON-ECOTANK-L3250-300x300.jpg\" alt=\"\" width=\"621\" height=\"621\" srcset=\"https:\/\/mersatradedz.com\/wp-content\/uploads\/2025\/05\/EPSON-ECOTANK-L3250-300x300.jpg 300w, https:\/\/mersatradedz.com\/wp-content\/uploads\/2025\/05\/EPSON-ECOTANK-L3250-150x150.jpg 150w, https:\/\/mersatradedz.com\/wp-content\/uploads\/2025\/05\/EPSON-ECOTANK-L3250-12x12.jpg 12w, https:\/\/mersatradedz.com\/wp-content\/uploads\/2025\/05\/EPSON-ECOTANK-L3250-600x600.jpg 600w, https:\/\/mersatradedz.com\/wp-content\/uploads\/2025\/05\/EPSON-ECOTANK-L3250-100x100.jpg 100w, https:\/\/mersatradedz.com\/wp-content\/uploads\/2025\/05\/EPSON-ECOTANK-L3250-64x64.jpg 64w, https:\/\/mersatradedz.com\/wp-content\/uploads\/2025\/05\/EPSON-ECOTANK-L3250.jpg 650w\" sizes=\"(max-width: 621px) 100vw, 621px\" \/><\/h3>\n<h3 data-start=\"937\" data-end=\"1097\"><strong data-start=\"937\" data-end=\"960\">Technologie EcoTank<\/strong><\/h3>\n<p data-start=\"937\" data-end=\"1097\">Gr\u00e2ce \u00e0 ses r\u00e9servoirs d\u2019encre rechargeables, cette imprimante \u00e9limine le besoin de cartouches. Une solution \u00e9conomique et \u00e9cologique.<\/p>\n<h3 data-start=\"1099\" data-end=\"1264\"><img decoding=\"async\" class=\"wp-image-3429 aligncenter\" src=\"https:\/\/mersatradedz.com\/wp-content\/uploads\/2025\/05\/Imprimante-Epson-L3250-Couleur-3en1-avec-Wi-Fi-image-09-300x300.webp\" alt=\"\" width=\"622\" height=\"622\" srcset=\"https:\/\/mersatradedz.com\/wp-content\/uploads\/2025\/05\/Imprimante-Epson-L3250-Couleur-3en1-avec-Wi-Fi-image-09-300x300.webp 300w, https:\/\/mersatradedz.com\/wp-content\/uploads\/2025\/05\/Imprimante-Epson-L3250-Couleur-3en1-avec-Wi-Fi-image-09-150x150.webp 150w, https:\/\/mersatradedz.com\/wp-content\/uploads\/2025\/05\/Imprimante-Epson-L3250-Couleur-3en1-avec-Wi-Fi-image-09-768x768.webp 768w, https:\/\/mersatradedz.com\/wp-content\/uploads\/2025\/05\/Imprimante-Epson-L3250-Couleur-3en1-avec-Wi-Fi-image-09-12x12.webp 12w, https:\/\/mersatradedz.com\/wp-content\/uploads\/2025\/05\/Imprimante-Epson-L3250-Couleur-3en1-avec-Wi-Fi-image-09-600x600.webp 600w, https:\/\/mersatradedz.com\/wp-content\/uploads\/2025\/05\/Imprimante-Epson-L3250-Couleur-3en1-avec-Wi-Fi-image-09-100x100.webp 100w, https:\/\/mersatradedz.com\/wp-content\/uploads\/2025\/05\/Imprimante-Epson-L3250-Couleur-3en1-avec-Wi-Fi-image-09-64x64.webp 64w, https:\/\/mersatradedz.com\/wp-content\/uploads\/2025\/05\/Imprimante-Epson-L3250-Couleur-3en1-avec-Wi-Fi-image-09.webp 800w\" sizes=\"(max-width: 622px) 100vw, 622px\" \/><\/h3>\n<h3 data-start=\"1099\" data-end=\"1264\"><strong data-start=\"1099\" data-end=\"1123\">Excellente autonomie<\/strong><\/h3>\n<p data-start=\"1099\" data-end=\"1264\">Chaque recharge permet d\u2019imprimer jusqu\u2019\u00e0 <strong data-start=\"1168\" data-end=\"1191\">4 500 pages en noir<\/strong> et <strong data-start=\"1195\" data-end=\"1221\">7 500 pages en couleur<\/strong>, r\u00e9duisant les interruptions et les co\u00fbts.<\/p>\n<h3 data-start=\"1266\" data-end=\"1417\"><img decoding=\"async\" class=\"wp-image-3431 aligncenter\" src=\"https:\/\/mersatradedz.com\/wp-content\/uploads\/2025\/05\/epson-ecotank-l3250-front-printing-with-inks-view-300x192.jpg\" alt=\"\" width=\"622\" height=\"398\" srcset=\"https:\/\/mersatradedz.com\/wp-content\/uploads\/2025\/05\/epson-ecotank-l3250-front-printing-with-inks-view-300x192.jpg 300w, https:\/\/mersatradedz.com\/wp-content\/uploads\/2025\/05\/epson-ecotank-l3250-front-printing-with-inks-view-18x12.jpg 18w, https:\/\/mersatradedz.com\/wp-content\/uploads\/2025\/05\/epson-ecotank-l3250-front-printing-with-inks-view-64x41.jpg 64w, https:\/\/mersatradedz.com\/wp-content\/uploads\/2025\/05\/epson-ecotank-l3250-front-printing-with-inks-view.jpg 550w\" sizes=\"(max-width: 622px) 100vw, 622px\" \/><\/h3>\n<h3 data-start=\"1266\" data-end=\"1417\"><strong data-start=\"1266\" data-end=\"1290\">Connectivit\u00e9 moderne<\/strong><\/h3>\n<p data-start=\"1266\" data-end=\"1417\">Wi-Fi, Wi-Fi Direct et application mobile Epson Smart Panel. Impression facile depuis smartphones, tablettes ou ordinateurs.<\/p>\n<h3 data-start=\"1419\" data-end=\"1450\"><img loading=\"lazy\" decoding=\"async\" class=\"wp-image-3430 aligncenter\" src=\"https:\/\/mersatradedz.com\/wp-content\/uploads\/2025\/05\/i754950-300x169.jpg\" alt=\"\" width=\"623\" height=\"351\" srcset=\"https:\/\/mersatradedz.com\/wp-content\/uploads\/2025\/05\/i754950-300x169.jpg 300w, https:\/\/mersatradedz.com\/wp-content\/uploads\/2025\/05\/i754950-18x10.jpg 18w, https:\/\/mersatradedz.com\/wp-content\/uploads\/2025\/05\/i754950-600x338.jpg 600w, https:\/\/mersatradedz.com\/wp-content\/uploads\/2025\/05\/i754950-64x36.jpg 64w, https:\/\/mersatradedz.com\/wp-content\/uploads\/2025\/05\/i754950.jpg 640w\" sizes=\"(max-width: 623px) 100vw, 623px\" \/><\/h3>\n<h3 data-start=\"1419\" data-end=\"1450\"><strong data-start=\"1419\" data-end=\"1448\">Sp\u00e9cifications techniques<\/strong><\/h3>\n<ul data-start=\"1451\" data-end=\"1688\">\n<li data-start=\"1451\" data-end=\"1481\">\n<p data-start=\"1453\" data-end=\"1481\">Type : Jet d\u2019encre couleur<\/p>\n<\/li>\n<li data-start=\"1482\" data-end=\"1521\">\n<p data-start=\"1484\" data-end=\"1521\">Fonctions : Impression, Scan, Copie<\/p>\n<\/li>\n<li data-start=\"1522\" data-end=\"1558\">\n<p data-start=\"1524\" data-end=\"1558\">Vitesse : Jusqu\u2019\u00e0 10 ppm en noir<\/p>\n<\/li>\n<li data-start=\"1559\" data-end=\"1591\">\n<p data-start=\"1561\" data-end=\"1591\">R\u00e9solution : 5760 x 1440 dpi<\/p>\n<\/li>\n<li data-start=\"1592\" data-end=\"1634\">\n<p data-start=\"1594\" data-end=\"1634\">Connexion : USB \/ Wi-Fi \/ Wi-Fi Direct<\/p>\n<\/li>\n<li data-start=\"1635\" data-end=\"1688\">\n<p data-start=\"1637\" data-end=\"1688\">Encre : Bouteilles 103 (Noir, Cyan, Magenta, Jaune)<\/p>\n<\/li>\n<\/ul>\n<h3 data-start=\"1690\" data-end=\"1834\"><strong data-start=\"1690\" data-end=\"1709\">Fiabilit\u00e9 Epson<\/strong><\/h3>\n<p data-start=\"1690\" data-end=\"1834\">L\u2019EcoTank L3250 est con\u00e7ue pour durer, avec une qualit\u00e9 constante et une r\u00e9duction significative des co\u00fbts d\u2019exploitation.<\/p>","protected":false},"excerpt":{"rendered":"<p>L\u2019Epson EcoTank L3250 est une imprimante multifonction sans cartouche, id\u00e9ale pour les particuliers et petites entreprises. Gr\u00e2ce \u00e0 son syst\u00e8me de r\u00e9servoirs rechargeables, elle offre une impression \u00e9conomique, rapide et de haute qualit\u00e9, en noir et en couleur.<\/p>","protected":false},"featured_media":2200,"comment_status":"open","ping_status":"closed","template":"","meta":{"_monsterinsights_skip_tracking":false,"_monsterinsights_sitenote_active":false,"_monsterinsights_sitenote_note":"","_monsterinsights_sitenote_category":0},"product_brand":[1185],"product_cat":[308,785],"product_tag":[901,1315,872,1319,871,1310,1309,1312,227,1317,784,1313,1314,1311,1320,1318,1316],"class_list":{"0":"post-3426","1":"product","2":"type-product","3":"status-publish","4":"has-post-thumbnail","6":"product_brand-epson","7":"product_cat-impriment","8":"product_cat-sublimation","9":"product_tag-901","10":"product_tag-a4","11":"product_tag-color","12":"product_tag-copie","13":"product_tag-couleur","14":"product_tag-ecotank","15":"product_tag-ecotenk","16":"product_tag-encre","17":"product_tag-epson","18":"product_tag-impression","19":"product_tag-imprimante","20":"product_tag-ink","21":"product_tag-jet-dencre","22":"product_tag-l3250","23":"product_tag-multifonction","24":"product_tag-scan","25":"product_tag-sublimation","27":"first","28":"outofstock","29":"purchasable","30":"product-type-simple"},"yoast_head":"<!-- This site is optimized with the Yoast SEO plugin v27.3 - https:\/\/yoast.com\/product\/yoast-seo-wordpress\/ -->\n<title>Epson EcoTank L3250 - mersatradedz<\/title>\n<meta name=\"robots\" content=\"index, follow, max-snippet:-1, max-image-preview:large, max-video-preview:-1\" \/>\n<link rel=\"canonical\" href=\"https:\/\/mersatradedz.com\/ar\/product\/epson-ecotank-l3250\/\" \/>\n<meta property=\"og:locale\" content=\"ar_AR\" \/>\n<meta property=\"og:type\" content=\"article\" \/>\n<meta property=\"og:title\" content=\"Epson EcoTank L3250 - mersatradedz\" \/>\n<meta property=\"og:description\" content=\"L\u2019Epson EcoTank L3250 est une imprimante multifonction sans cartouche, id\u00e9ale pour les particuliers et petites entreprises. Gr\u00e2ce \u00e0 son syst\u00e8me de r\u00e9servoirs rechargeables, elle offre une impression \u00e9conomique, rapide et de haute qualit\u00e9, en noir et en couleur.\" \/>\n<meta property=\"og:url\" content=\"https:\/\/mersatradedz.com\/ar\/product\/epson-ecotank-l3250\/\" \/>\n<meta property=\"og:site_name\" content=\"mersatradedz\" \/>\n<meta property=\"article:publisher\" content=\"https:\/\/www.facebook.com\/ntbidz\" \/>\n<meta property=\"article:modified_time\" content=\"2025-10-23T07:44:28+00:00\" \/>\n<meta property=\"og:image\" content=\"https:\/\/mersatradedz.com\/wp-content\/uploads\/2024\/02\/1000048021.jpg\" \/>\n\t<meta property=\"og:image:width\" content=\"554\" \/>\n\t<meta property=\"og:image:height\" content=\"554\" \/>\n\t<meta property=\"og:image:type\" content=\"image\/jpeg\" \/>\n<meta name=\"twitter:card\" content=\"summary_large_image\" \/>\n<meta name=\"twitter:label1\" content=\"\u0648\u0642\u062a \u0627\u0644\u0642\u0631\u0627\u0621\u0629 \u0627\u0644\u0645\u064f\u0642\u062f\u0651\u0631\" \/>\n\t<meta name=\"twitter:data1\" content=\"\u062f\u0642\u064a\u0642\u0629 \u0648\u0627\u062d\u062f\u0629\" \/>\n<script type=\"application\/ld+json\" class=\"yoast-schema-graph\">{\"@context\":\"https:\\\/\\\/schema.org\",\"@graph\":[{\"@type\":\"WebPage\",\"@id\":\"https:\\\/\\\/mersatradedz.com\\\/product\\\/epson-ecotank-l3250\\\/\",\"url\":\"https:\\\/\\\/mersatradedz.com\\\/product\\\/epson-ecotank-l3250\\\/\",\"name\":\"Epson EcoTank L3250 - mersatradedz\",\"isPartOf\":{\"@id\":\"https:\\\/\\\/mersatradedz.com\\\/#website\"},\"primaryImageOfPage\":{\"@id\":\"https:\\\/\\\/mersatradedz.com\\\/product\\\/epson-ecotank-l3250\\\/#primaryimage\"},\"image\":{\"@id\":\"https:\\\/\\\/mersatradedz.com\\\/product\\\/epson-ecotank-l3250\\\/#primaryimage\"},\"thumbnailUrl\":\"https:\\\/\\\/mersatradedz.com\\\/wp-content\\\/uploads\\\/2024\\\/02\\\/1000048021.jpg\",\"datePublished\":\"2025-05-24T13:31:47+00:00\",\"dateModified\":\"2025-10-23T07:44:28+00:00\",\"breadcrumb\":{\"@id\":\"https:\\\/\\\/mersatradedz.com\\\/product\\\/epson-ecotank-l3250\\\/#breadcrumb\"},\"inLanguage\":\"ar\",\"potentialAction\":[{\"@type\":\"ReadAction\",\"target\":[\"https:\\\/\\\/mersatradedz.com\\\/product\\\/epson-ecotank-l3250\\\/\"]}]},{\"@type\":\"ImageObject\",\"inLanguage\":\"ar\",\"@id\":\"https:\\\/\\\/mersatradedz.com\\\/product\\\/epson-ecotank-l3250\\\/#primaryimage\",\"url\":\"https:\\\/\\\/mersatradedz.com\\\/wp-content\\\/uploads\\\/2024\\\/02\\\/1000048021.jpg\",\"contentUrl\":\"https:\\\/\\\/mersatradedz.com\\\/wp-content\\\/uploads\\\/2024\\\/02\\\/1000048021.jpg\",\"width\":554,\"height\":554},{\"@type\":\"BreadcrumbList\",\"@id\":\"https:\\\/\\\/mersatradedz.com\\\/product\\\/epson-ecotank-l3250\\\/#breadcrumb\",\"itemListElement\":[{\"@type\":\"ListItem\",\"position\":1,\"name\":\"Home\",\"item\":\"https:\\\/\\\/mersatradedz.com\\\/ar\\\/\"},{\"@type\":\"ListItem\",\"position\":2,\"name\":\"Boutique\",\"item\":\"https:\\\/\\\/mersatradedz.com\\\/shop\\\/\"},{\"@type\":\"ListItem\",\"position\":3,\"name\":\"Epson EcoTank L3250\"}]},{\"@type\":\"WebSite\",\"@id\":\"https:\\\/\\\/mersatradedz.com\\\/#website\",\"url\":\"https:\\\/\\\/mersatradedz.com\\\/\",\"name\":\"mersatradedz\",\"description\":\"\",\"publisher\":{\"@id\":\"https:\\\/\\\/mersatradedz.com\\\/#organization\"},\"potentialAction\":[{\"@type\":\"SearchAction\",\"target\":{\"@type\":\"EntryPoint\",\"urlTemplate\":\"https:\\\/\\\/mersatradedz.com\\\/?s={search_term_string}\"},\"query-input\":{\"@type\":\"PropertyValueSpecification\",\"valueRequired\":true,\"valueName\":\"search_term_string\"}}],\"inLanguage\":\"ar\"},{\"@type\":\"Organization\",\"@id\":\"https:\\\/\\\/mersatradedz.com\\\/#organization\",\"name\":\"mersa trade\",\"url\":\"https:\\\/\\\/mersatradedz.com\\\/\",\"logo\":{\"@type\":\"ImageObject\",\"inLanguage\":\"ar\",\"@id\":\"https:\\\/\\\/mersatradedz.com\\\/#\\\/schema\\\/logo\\\/image\\\/\",\"url\":\"https:\\\/\\\/mersatradedz.com\\\/wp-content\\\/uploads\\\/2023\\\/07\\\/cropped-1684191296456.jpg\",\"contentUrl\":\"https:\\\/\\\/mersatradedz.com\\\/wp-content\\\/uploads\\\/2023\\\/07\\\/cropped-1684191296456.jpg\",\"width\":1451,\"height\":955,\"caption\":\"mersa trade\"},\"image\":{\"@id\":\"https:\\\/\\\/mersatradedz.com\\\/#\\\/schema\\\/logo\\\/image\\\/\"},\"sameAs\":[\"https:\\\/\\\/www.facebook.com\\\/ntbidz\"]}]}<\/script>\n<!-- \/ Yoast SEO plugin. -->","yoast_head_json":{"title":"Epson EcoTank L3250 - mersatradedz","robots":{"index":"index","follow":"follow","max-snippet":"max-snippet:-1","max-image-preview":"max-image-preview:large","max-video-preview":"max-video-preview:-1"},"canonical":"https:\/\/mersatradedz.com\/ar\/product\/epson-ecotank-l3250\/","og_locale":"ar_AR","og_type":"article","og_title":"Epson EcoTank L3250 - mersatradedz","og_description":"L\u2019Epson EcoTank L3250 est une imprimante multifonction sans cartouche, id\u00e9ale pour les particuliers et petites entreprises. Gr\u00e2ce \u00e0 son syst\u00e8me de r\u00e9servoirs rechargeables, elle offre une impression \u00e9conomique, rapide et de haute qualit\u00e9, en noir et en couleur.","og_url":"https:\/\/mersatradedz.com\/ar\/product\/epson-ecotank-l3250\/","og_site_name":"mersatradedz","article_publisher":"https:\/\/www.facebook.com\/ntbidz","article_modified_time":"2025-10-23T07:44:28+00:00","og_image":[{"width":554,"height":554,"url":"https:\/\/mersatradedz.com\/wp-content\/uploads\/2024\/02\/1000048021.jpg","type":"image\/jpeg"}],"twitter_card":"summary_large_image","twitter_misc":{"\u0648\u0642\u062a \u0627\u0644\u0642\u0631\u0627\u0621\u0629 \u0627\u0644\u0645\u064f\u0642\u062f\u0651\u0631":"\u062f\u0642\u064a\u0642\u0629 \u0648\u0627\u062d\u062f\u0629"},"schema":{"@context":"https:\/\/schema.org","@graph":[{"@type":"WebPage","@id":"https:\/\/mersatradedz.com\/product\/epson-ecotank-l3250\/","url":"https:\/\/mersatradedz.com\/product\/epson-ecotank-l3250\/","name":"Epson EcoTank L3250 - mersatradedz","isPartOf":{"@id":"https:\/\/mersatradedz.com\/#website"},"primaryImageOfPage":{"@id":"https:\/\/mersatradedz.com\/product\/epson-ecotank-l3250\/#primaryimage"},"image":{"@id":"https:\/\/mersatradedz.com\/product\/epson-ecotank-l3250\/#primaryimage"},"thumbnailUrl":"https:\/\/mersatradedz.com\/wp-content\/uploads\/2024\/02\/1000048021.jpg","datePublished":"2025-05-24T13:31:47+00:00","dateModified":"2025-10-23T07:44:28+00:00","breadcrumb":{"@id":"https:\/\/mersatradedz.com\/product\/epson-ecotank-l3250\/#breadcrumb"},"inLanguage":"ar","potentialAction":[{"@type":"ReadAction","target":["https:\/\/mersatradedz.com\/product\/epson-ecotank-l3250\/"]}]},{"@type":"ImageObject","inLanguage":"ar","@id":"https:\/\/mersatradedz.com\/product\/epson-ecotank-l3250\/#primaryimage","url":"https:\/\/mersatradedz.com\/wp-content\/uploads\/2024\/02\/1000048021.jpg","contentUrl":"https:\/\/mersatradedz.com\/wp-content\/uploads\/2024\/02\/1000048021.jpg","width":554,"height":554},{"@type":"BreadcrumbList","@id":"https:\/\/mersatradedz.com\/product\/epson-ecotank-l3250\/#breadcrumb","itemListElement":[{"@type":"ListItem","position":1,"name":"Home","item":"https:\/\/mersatradedz.com\/ar\/"},{"@type":"ListItem","position":2,"name":"Boutique","item":"https:\/\/mersatradedz.com\/shop\/"},{"@type":"ListItem","position":3,"name":"Epson EcoTank L3250"}]},{"@type":"WebSite","@id":"https:\/\/mersatradedz.com\/#website","url":"https:\/\/mersatradedz.com\/","name":"mersatradedz","description":"","publisher":{"@id":"https:\/\/mersatradedz.com\/#organization"},"potentialAction":[{"@type":"SearchAction","target":{"@type":"EntryPoint","urlTemplate":"https:\/\/mersatradedz.com\/?s={search_term_string}"},"query-input":{"@type":"PropertyValueSpecification","valueRequired":true,"valueName":"search_term_string"}}],"inLanguage":"ar"},{"@type":"Organization","@id":"https:\/\/mersatradedz.com\/#organization","name":"mersa trade","url":"https:\/\/mersatradedz.com\/","logo":{"@type":"ImageObject","inLanguage":"ar","@id":"https:\/\/mersatradedz.com\/#\/schema\/logo\/image\/","url":"https:\/\/mersatradedz.com\/wp-content\/uploads\/2023\/07\/cropped-1684191296456.jpg","contentUrl":"https:\/\/mersatradedz.com\/wp-content\/uploads\/2023\/07\/cropped-1684191296456.jpg","width":1451,"height":955,"caption":"mersa trade"},"image":{"@id":"https:\/\/mersatradedz.com\/#\/schema\/logo\/image\/"},"sameAs":["https:\/\/www.facebook.com\/ntbidz"]}]}},"jetpack_sharing_enabled":true,"_links":{"self":[{"href":"https:\/\/mersatradedz.com\/ar\/wp-json\/wp\/v2\/product\/3426","targetHints":{"allow":["GET"]}}],"collection":[{"href":"https:\/\/mersatradedz.com\/ar\/wp-json\/wp\/v2\/product"}],"about":[{"href":"https:\/\/mersatradedz.com\/ar\/wp-json\/wp\/v2\/types\/product"}],"replies":[{"embeddable":true,"href":"https:\/\/mersatradedz.com\/ar\/wp-json\/wp\/v2\/comments?post=3426"}],"wp:featuredmedia":[{"embeddable":true,"href":"https:\/\/mersatradedz.com\/ar\/wp-json\/wp\/v2\/media\/2200"}],"wp:attachment":[{"href":"https:\/\/mersatradedz.com\/ar\/wp-json\/wp\/v2\/media?parent=3426"}],"wp:term":[{"taxonomy":"product_brand","embeddable":true,"href":"https:\/\/mersatradedz.com\/ar\/wp-json\/wp\/v2\/product_brand?post=3426"},{"taxonomy":"product_cat","embeddable":true,"href":"https:\/\/mersatradedz.com\/ar\/wp-json\/wp\/v2\/product_cat?post=3426"},{"taxonomy":"product_tag","embeddable":true,"href":"https:\/\/mersatradedz.com\/ar\/wp-json\/wp\/v2\/product_tag?post=3426"}],"curies":[{"name":"wp","href":"https:\/\/api.w.org\/{rel}","templated":true}]}}