{"id":3463,"date":"2025-06-29T10:00:18","date_gmt":"2025-06-29T09:00:18","guid":{"rendered":"https:\/\/mersatradedz.com\/?post_type=product&#038;p=3463"},"modified":"2025-06-29T10:30:34","modified_gmt":"2025-06-29T09:30:34","slug":"chargeur-manettes-play-station-4","status":"publish","type":"product","link":"https:\/\/mersatradedz.com\/ar\/product\/chargeur-manettes-play-station-4\/","title":{"rendered":"Chargeur Manettes Play Station 4"},"content":{"rendered":"<h3 data-start=\"632\" data-end=\"780\"><strong data-start=\"632\" data-end=\"658\">Double recharge rapide<\/strong><\/h3>\n<p data-start=\"632\" data-end=\"780\">Permet de recharger <strong data-start=\"681\" data-end=\"704\">1 ou 2 manettes PS4<\/strong> en m\u00eame temps, avec un temps de charge complet en <strong data-start=\"755\" data-end=\"771\">2 \u00e0 3 heures<\/strong> environ.<\/p>\n<p data-start=\"632\" data-end=\"780\"><img fetchpriority=\"high\" decoding=\"async\" class=\"aligncenter\" src=\"https:\/\/dz.jumia.is\/unsafe\/fit-in\/500x500\/filters:fill(white)\/product\/95\/8171\/1.jpg?6827\" alt=\"Support Chargeur Double Usb Pour Manette Ps4 - Noir - Prix en Alg\u00e9rie | Jumia DZ\" width=\"622\" height=\"622\" \/><\/p>\n<h3 data-start=\"782\" data-end=\"948\"><strong data-start=\"782\" data-end=\"802\">Connexion facile<\/strong><\/h3>\n<p data-start=\"782\" data-end=\"948\">Branchement via <strong data-start=\"821\" data-end=\"839\">port micro-USB<\/strong> ou <strong data-start=\"843\" data-end=\"863\">connecteur d\u00e9di\u00e9<\/strong>, aucun logiciel requis. Compatible avec toutes les versions de manettes DualShock 4.<\/p>\n<p data-start=\"782\" data-end=\"948\"><img decoding=\"async\" class=\"aligncenter\" src=\"https:\/\/gaminguniversshop.com\/cdn\/shop\/products\/double-chargeur-pour-manette-ps4-nanobot-880-gaming-univers-15757100580967_1200x1200.jpg?v=1598819299\" alt=\"Double Chargeur Pour Manette Ps4 Nanobot 880 | Gaming Univers\" width=\"622\" height=\"622\" \/><\/p>\n<h3 data-start=\"1095\" data-end=\"1228\"><strong data-start=\"1095\" data-end=\"1113\">Design compact<\/strong><\/h3>\n<p data-start=\"1095\" data-end=\"1228\">Structure l\u00e9g\u00e8re et stable, id\u00e9ale pour garder vos manettes toujours pr\u00eates, sans encombrer votre espace gaming.<\/p>\n<p data-start=\"1095\" data-end=\"1228\"><img decoding=\"async\" class=\"aligncenter\" src=\"https:\/\/gaminguniversshop.com\/cdn\/shop\/products\/double-chargeur-pour-manette-ps4-nanobot-880-gaming-univers-15757100515431_1200x1200.jpg?v=1598819246\" alt=\"Double Chargeur Pour Manette Ps4 Nanobot 880 | Gaming Univers\" width=\"622\" height=\"540\" \/><\/p>\n<h3 data-start=\"1230\" data-end=\"1388\"><strong data-start=\"1230\" data-end=\"1253\">Protection int\u00e9gr\u00e9e<\/strong><\/h3>\n<p data-start=\"1230\" data-end=\"1388\">Syst\u00e8me de <strong data-start=\"1267\" data-end=\"1340\">protection contre la surtension, la surchauffe et les courts-circuits<\/strong> pour pr\u00e9server la dur\u00e9e de vie de vos manettes.<\/p>\n<h3 data-start=\"1390\" data-end=\"1421\"><strong data-start=\"1390\" data-end=\"1419\">Sp\u00e9cifications techniques<\/strong><\/h3>\n<ul data-start=\"1422\" data-end=\"1682\">\n<li data-start=\"1422\" data-end=\"1465\">\n<p data-start=\"1424\" data-end=\"1465\">Capacit\u00e9 : 2 manettes PS4 simultan\u00e9ment<\/p>\n<\/li>\n<li data-start=\"1466\" data-end=\"1531\">\n<p data-start=\"1468\" data-end=\"1531\">Alimentation : USB 5V (adaptateur secteur ou port console\/PC)<\/p>\n<\/li>\n<li data-start=\"1532\" data-end=\"1566\">\n<p data-start=\"1534\" data-end=\"1566\">Temps de charge : 2 \u00e0 3 heures<\/p>\n<\/li>\n<li data-start=\"1598\" data-end=\"1634\">\n<p data-start=\"1600\" data-end=\"1634\">Dimensions : compact et portable<\/p>\n<\/li>\n<li data-start=\"1635\" data-end=\"1682\">\n<p data-start=\"1637\" data-end=\"1682\">Compatibilit\u00e9 : DualShock 4 (toutes versions)<\/p>\n<\/li>\n<\/ul>\n<h3 data-start=\"1684\" data-end=\"1848\"><strong data-start=\"1684\" data-end=\"1714\">Accessoire essentiel gamer<\/strong><\/h3>\n<p data-start=\"1684\" data-end=\"1848\">Ce chargeur PS4 est l\u2019accessoire id\u00e9al pour les <strong data-start=\"1765\" data-end=\"1786\">joueurs r\u00e9guliers<\/strong> qui veulent garder leurs manettes toujours pr\u00eates \u00e0 l&rsquo;action.<\/p>","protected":false},"excerpt":{"rendered":"<p data-start=\"339\" data-end=\"558\">Ce <strong data-start=\"342\" data-end=\"372\">chargeur pour manettes PS4<\/strong> est une station pratique et rapide pour recharger jusqu\u2019\u00e0 deux manettes simultan\u00e9ment. Compact, stable et facile \u00e0 utiliser, il est parfait pour garder votre setup gaming bien organis\u00e9.<\/p>","protected":false},"featured_media":3469,"comment_status":"open","ping_status":"closed","template":"","meta":{"_monsterinsights_skip_tracking":false,"_monsterinsights_sitenote_active":false,"_monsterinsights_sitenote_note":"","_monsterinsights_sitenote_category":0},"product_brand":[],"product_cat":[779],"product_tag":[],"class_list":{"0":"post-3463","1":"product","2":"type-product","3":"status-publish","4":"has-post-thumbnail","6":"product_cat-accessoir-gaming","8":"first","9":"instock","10":"sale","11":"purchasable","12":"product-type-simple"},"yoast_head":"<!-- This site is optimized with the Yoast SEO plugin v27.4 - https:\/\/yoast.com\/product\/yoast-seo-wordpress\/ -->\n<title>Chargeur Manettes Play Station 4 - mersatradedz<\/title>\n<meta name=\"robots\" content=\"index, follow, max-snippet:-1, max-image-preview:large, max-video-preview:-1\" \/>\n<link rel=\"canonical\" href=\"https:\/\/mersatradedz.com\/ar\/product\/chargeur-manettes-play-station-4\/\" \/>\n<meta property=\"og:locale\" content=\"ar_AR\" \/>\n<meta property=\"og:type\" content=\"article\" \/>\n<meta property=\"og:title\" content=\"Chargeur Manettes Play Station 4 - mersatradedz\" \/>\n<meta property=\"og:description\" content=\"Ce chargeur pour manettes PS4 est une station pratique et rapide pour recharger jusqu\u2019\u00e0 deux manettes simultan\u00e9ment. Compact, stable et facile \u00e0 utiliser, il est parfait pour garder votre setup gaming bien organis\u00e9.\" \/>\n<meta property=\"og:url\" content=\"https:\/\/mersatradedz.com\/ar\/product\/chargeur-manettes-play-station-4\/\" \/>\n<meta property=\"og:site_name\" content=\"mersatradedz\" \/>\n<meta property=\"article:publisher\" content=\"https:\/\/www.facebook.com\/ntbidz\" \/>\n<meta property=\"article:modified_time\" content=\"2025-06-29T09:30:34+00:00\" \/>\n<meta property=\"og:image\" content=\"https:\/\/mersatradedz.com\/wp-content\/uploads\/2025\/06\/1.jpg\" \/>\n\t<meta property=\"og:image:width\" content=\"500\" \/>\n\t<meta property=\"og:image:height\" content=\"500\" \/>\n\t<meta property=\"og:image:type\" content=\"image\/jpeg\" \/>\n<meta name=\"twitter:card\" content=\"summary_large_image\" \/>\n<meta name=\"twitter:label1\" content=\"\u0648\u0642\u062a \u0627\u0644\u0642\u0631\u0627\u0621\u0629 \u0627\u0644\u0645\u064f\u0642\u062f\u0651\u0631\" \/>\n\t<meta name=\"twitter:data1\" content=\"\u062f\u0642\u064a\u0642\u0629 \u0648\u0627\u062d\u062f\u0629\" \/>\n<script type=\"application\/ld+json\" class=\"yoast-schema-graph\">{\"@context\":\"https:\\\/\\\/schema.org\",\"@graph\":[{\"@type\":\"WebPage\",\"@id\":\"https:\\\/\\\/mersatradedz.com\\\/product\\\/chargeur-manettes-play-station-4\\\/\",\"url\":\"https:\\\/\\\/mersatradedz.com\\\/product\\\/chargeur-manettes-play-station-4\\\/\",\"name\":\"Chargeur Manettes Play Station 4 - mersatradedz\",\"isPartOf\":{\"@id\":\"https:\\\/\\\/mersatradedz.com\\\/#website\"},\"primaryImageOfPage\":{\"@id\":\"https:\\\/\\\/mersatradedz.com\\\/product\\\/chargeur-manettes-play-station-4\\\/#primaryimage\"},\"image\":{\"@id\":\"https:\\\/\\\/mersatradedz.com\\\/product\\\/chargeur-manettes-play-station-4\\\/#primaryimage\"},\"thumbnailUrl\":\"https:\\\/\\\/mersatradedz.com\\\/wp-content\\\/uploads\\\/2025\\\/06\\\/1.jpg\",\"datePublished\":\"2025-06-29T09:00:18+00:00\",\"dateModified\":\"2025-06-29T09:30:34+00:00\",\"breadcrumb\":{\"@id\":\"https:\\\/\\\/mersatradedz.com\\\/product\\\/chargeur-manettes-play-station-4\\\/#breadcrumb\"},\"inLanguage\":\"ar\",\"potentialAction\":[{\"@type\":\"ReadAction\",\"target\":[\"https:\\\/\\\/mersatradedz.com\\\/product\\\/chargeur-manettes-play-station-4\\\/\"]}]},{\"@type\":\"ImageObject\",\"inLanguage\":\"ar\",\"@id\":\"https:\\\/\\\/mersatradedz.com\\\/product\\\/chargeur-manettes-play-station-4\\\/#primaryimage\",\"url\":\"https:\\\/\\\/mersatradedz.com\\\/wp-content\\\/uploads\\\/2025\\\/06\\\/1.jpg\",\"contentUrl\":\"https:\\\/\\\/mersatradedz.com\\\/wp-content\\\/uploads\\\/2025\\\/06\\\/1.jpg\",\"width\":500,\"height\":500},{\"@type\":\"BreadcrumbList\",\"@id\":\"https:\\\/\\\/mersatradedz.com\\\/product\\\/chargeur-manettes-play-station-4\\\/#breadcrumb\",\"itemListElement\":[{\"@type\":\"ListItem\",\"position\":1,\"name\":\"Home\",\"item\":\"https:\\\/\\\/mersatradedz.com\\\/ar\\\/\"},{\"@type\":\"ListItem\",\"position\":2,\"name\":\"Boutique\",\"item\":\"https:\\\/\\\/mersatradedz.com\\\/shop\\\/\"},{\"@type\":\"ListItem\",\"position\":3,\"name\":\"Chargeur Manettes Play Station 4\"}]},{\"@type\":\"WebSite\",\"@id\":\"https:\\\/\\\/mersatradedz.com\\\/#website\",\"url\":\"https:\\\/\\\/mersatradedz.com\\\/\",\"name\":\"mersatradedz\",\"description\":\"\",\"publisher\":{\"@id\":\"https:\\\/\\\/mersatradedz.com\\\/#organization\"},\"potentialAction\":[{\"@type\":\"SearchAction\",\"target\":{\"@type\":\"EntryPoint\",\"urlTemplate\":\"https:\\\/\\\/mersatradedz.com\\\/?s={search_term_string}\"},\"query-input\":{\"@type\":\"PropertyValueSpecification\",\"valueRequired\":true,\"valueName\":\"search_term_string\"}}],\"inLanguage\":\"ar\"},{\"@type\":\"Organization\",\"@id\":\"https:\\\/\\\/mersatradedz.com\\\/#organization\",\"name\":\"mersa trade\",\"url\":\"https:\\\/\\\/mersatradedz.com\\\/\",\"logo\":{\"@type\":\"ImageObject\",\"inLanguage\":\"ar\",\"@id\":\"https:\\\/\\\/mersatradedz.com\\\/#\\\/schema\\\/logo\\\/image\\\/\",\"url\":\"https:\\\/\\\/mersatradedz.com\\\/wp-content\\\/uploads\\\/2023\\\/07\\\/cropped-1684191296456.jpg\",\"contentUrl\":\"https:\\\/\\\/mersatradedz.com\\\/wp-content\\\/uploads\\\/2023\\\/07\\\/cropped-1684191296456.jpg\",\"width\":1451,\"height\":955,\"caption\":\"mersa trade\"},\"image\":{\"@id\":\"https:\\\/\\\/mersatradedz.com\\\/#\\\/schema\\\/logo\\\/image\\\/\"},\"sameAs\":[\"https:\\\/\\\/www.facebook.com\\\/ntbidz\"]}]}<\/script>\n<!-- \/ Yoast SEO plugin. -->","yoast_head_json":{"title":"Chargeur Manettes Play Station 4 - mersatradedz","robots":{"index":"index","follow":"follow","max-snippet":"max-snippet:-1","max-image-preview":"max-image-preview:large","max-video-preview":"max-video-preview:-1"},"canonical":"https:\/\/mersatradedz.com\/ar\/product\/chargeur-manettes-play-station-4\/","og_locale":"ar_AR","og_type":"article","og_title":"Chargeur Manettes Play Station 4 - mersatradedz","og_description":"Ce chargeur pour manettes PS4 est une station pratique et rapide pour recharger jusqu\u2019\u00e0 deux manettes simultan\u00e9ment. Compact, stable et facile \u00e0 utiliser, il est parfait pour garder votre setup gaming bien organis\u00e9.","og_url":"https:\/\/mersatradedz.com\/ar\/product\/chargeur-manettes-play-station-4\/","og_site_name":"mersatradedz","article_publisher":"https:\/\/www.facebook.com\/ntbidz","article_modified_time":"2025-06-29T09:30:34+00:00","og_image":[{"width":500,"height":500,"url":"https:\/\/mersatradedz.com\/wp-content\/uploads\/2025\/06\/1.jpg","type":"image\/jpeg"}],"twitter_card":"summary_large_image","twitter_misc":{"\u0648\u0642\u062a \u0627\u0644\u0642\u0631\u0627\u0621\u0629 \u0627\u0644\u0645\u064f\u0642\u062f\u0651\u0631":"\u062f\u0642\u064a\u0642\u0629 \u0648\u0627\u062d\u062f\u0629"},"schema":{"@context":"https:\/\/schema.org","@graph":[{"@type":"WebPage","@id":"https:\/\/mersatradedz.com\/product\/chargeur-manettes-play-station-4\/","url":"https:\/\/mersatradedz.com\/product\/chargeur-manettes-play-station-4\/","name":"Chargeur Manettes Play Station 4 - mersatradedz","isPartOf":{"@id":"https:\/\/mersatradedz.com\/#website"},"primaryImageOfPage":{"@id":"https:\/\/mersatradedz.com\/product\/chargeur-manettes-play-station-4\/#primaryimage"},"image":{"@id":"https:\/\/mersatradedz.com\/product\/chargeur-manettes-play-station-4\/#primaryimage"},"thumbnailUrl":"https:\/\/mersatradedz.com\/wp-content\/uploads\/2025\/06\/1.jpg","datePublished":"2025-06-29T09:00:18+00:00","dateModified":"2025-06-29T09:30:34+00:00","breadcrumb":{"@id":"https:\/\/mersatradedz.com\/product\/chargeur-manettes-play-station-4\/#breadcrumb"},"inLanguage":"ar","potentialAction":[{"@type":"ReadAction","target":["https:\/\/mersatradedz.com\/product\/chargeur-manettes-play-station-4\/"]}]},{"@type":"ImageObject","inLanguage":"ar","@id":"https:\/\/mersatradedz.com\/product\/chargeur-manettes-play-station-4\/#primaryimage","url":"https:\/\/mersatradedz.com\/wp-content\/uploads\/2025\/06\/1.jpg","contentUrl":"https:\/\/mersatradedz.com\/wp-content\/uploads\/2025\/06\/1.jpg","width":500,"height":500},{"@type":"BreadcrumbList","@id":"https:\/\/mersatradedz.com\/product\/chargeur-manettes-play-station-4\/#breadcrumb","itemListElement":[{"@type":"ListItem","position":1,"name":"Home","item":"https:\/\/mersatradedz.com\/ar\/"},{"@type":"ListItem","position":2,"name":"Boutique","item":"https:\/\/mersatradedz.com\/shop\/"},{"@type":"ListItem","position":3,"name":"Chargeur Manettes Play Station 4"}]},{"@type":"WebSite","@id":"https:\/\/mersatradedz.com\/#website","url":"https:\/\/mersatradedz.com\/","name":"mersatradedz","description":"","publisher":{"@id":"https:\/\/mersatradedz.com\/#organization"},"potentialAction":[{"@type":"SearchAction","target":{"@type":"EntryPoint","urlTemplate":"https:\/\/mersatradedz.com\/?s={search_term_string}"},"query-input":{"@type":"PropertyValueSpecification","valueRequired":true,"valueName":"search_term_string"}}],"inLanguage":"ar"},{"@type":"Organization","@id":"https:\/\/mersatradedz.com\/#organization","name":"mersa trade","url":"https:\/\/mersatradedz.com\/","logo":{"@type":"ImageObject","inLanguage":"ar","@id":"https:\/\/mersatradedz.com\/#\/schema\/logo\/image\/","url":"https:\/\/mersatradedz.com\/wp-content\/uploads\/2023\/07\/cropped-1684191296456.jpg","contentUrl":"https:\/\/mersatradedz.com\/wp-content\/uploads\/2023\/07\/cropped-1684191296456.jpg","width":1451,"height":955,"caption":"mersa trade"},"image":{"@id":"https:\/\/mersatradedz.com\/#\/schema\/logo\/image\/"},"sameAs":["https:\/\/www.facebook.com\/ntbidz"]}]}},"jetpack_sharing_enabled":true,"_links":{"self":[{"href":"https:\/\/mersatradedz.com\/ar\/wp-json\/wp\/v2\/product\/3463","targetHints":{"allow":["GET"]}}],"collection":[{"href":"https:\/\/mersatradedz.com\/ar\/wp-json\/wp\/v2\/product"}],"about":[{"href":"https:\/\/mersatradedz.com\/ar\/wp-json\/wp\/v2\/types\/product"}],"replies":[{"embeddable":true,"href":"https:\/\/mersatradedz.com\/ar\/wp-json\/wp\/v2\/comments?post=3463"}],"wp:featuredmedia":[{"embeddable":true,"href":"https:\/\/mersatradedz.com\/ar\/wp-json\/wp\/v2\/media\/3469"}],"wp:attachment":[{"href":"https:\/\/mersatradedz.com\/ar\/wp-json\/wp\/v2\/media?parent=3463"}],"wp:term":[{"taxonomy":"product_brand","embeddable":true,"href":"https:\/\/mersatradedz.com\/ar\/wp-json\/wp\/v2\/product_brand?post=3463"},{"taxonomy":"product_cat","embeddable":true,"href":"https:\/\/mersatradedz.com\/ar\/wp-json\/wp\/v2\/product_cat?post=3463"},{"taxonomy":"product_tag","embeddable":true,"href":"https:\/\/mersatradedz.com\/ar\/wp-json\/wp\/v2\/product_tag?post=3463"}],"curies":[{"name":"wp","href":"https:\/\/api.w.org\/{rel}","templated":true}]}}