{"id":3472,"date":"2025-06-29T11:29:58","date_gmt":"2025-06-29T10:29:58","guid":{"rendered":"https:\/\/mersatradedz.com\/?post_type=product&#038;p=3472"},"modified":"2025-06-29T11:48:05","modified_gmt":"2025-06-29T10:48:05","slug":"processeur-amd-ryzen-5-5600g","status":"publish","type":"product","link":"https:\/\/mersatradedz.com\/ar\/product\/processeur-amd-ryzen-5-5600g\/","title":{"rendered":"Processeur AMD Ryzen 5 5600G"},"content":{"rendered":"<h3 data-start=\"693\" data-end=\"880\"><strong data-start=\"693\" data-end=\"724\">Processeur avec GPU int\u00e9gr\u00e9<\/strong><\/h3>\n<p data-start=\"693\" data-end=\"880\">Le Ryzen 5 5600G int\u00e8gre des <strong data-start=\"756\" data-end=\"784\">graphiques Radeon Vega 7<\/strong>, permettant de jouer \u00e0 des jeux l\u00e9gers ou d&rsquo;utiliser des logiciels sans carte graphique d\u00e9di\u00e9e.<\/p>\n<h3 data-start=\"882\" data-end=\"1077\"><strong data-start=\"882\" data-end=\"905\">6 c\u0153urs, 12 threads<\/strong><\/h3>\n<p data-start=\"882\" data-end=\"1077\">Con\u00e7u avec <strong data-start=\"919\" data-end=\"954\">6 c\u0153urs physiques et 12 threads<\/strong>, il offre une excellente performance pour la <strong data-start=\"1000\" data-end=\"1031\">productivit\u00e9, le multit\u00e2che<\/strong> et les charges de travail l\u00e9g\u00e8res \u00e0 moyennes.<\/p>\n<h3 data-start=\"882\" data-end=\"1077\"><strong data-start=\"1079\" data-end=\"1098\">Gravure en 7 nm<\/strong><\/h3>\n<p data-start=\"882\" data-end=\"1077\">Bas\u00e9 sur l\u2019architecture <strong data-start=\"1125\" data-end=\"1134\">Zen 3<\/strong> et grav\u00e9 en <strong data-start=\"1147\" data-end=\"1155\">7 nm<\/strong>, il assure une <strong data-start=\"1171\" data-end=\"1207\">meilleure efficacit\u00e9 \u00e9nerg\u00e9tique<\/strong> et une <strong data-start=\"1215\" data-end=\"1242\">r\u00e9duction de la chaleur<\/strong>.<\/p>\n<p data-start=\"882\" data-end=\"1077\"><img fetchpriority=\"high\" decoding=\"async\" class=\"aligncenter\" src=\"https:\/\/upload.wikimedia.org\/wikipedia\/commons\/thumb\/d\/dd\/Zen_2_vs_Zen_3_CCD_Layout.jpg\/500px-Zen_2_vs_Zen_3_CCD_Layout.jpg\" alt=\"Zen 3 - Wikipedia\" width=\"622\" height=\"347\" \/><\/p>\n<h3 data-start=\"1245\" data-end=\"1429\"><strong data-start=\"1245\" data-end=\"1281\">Parfait pour les setups sans GPU<\/strong><\/h3>\n<p data-start=\"1245\" data-end=\"1429\">Le 5600G est id\u00e9al pour les <strong data-start=\"1312\" data-end=\"1342\">PC compacts ou \u00e9conomiques<\/strong>, en attente d\u2019une carte graphique d\u00e9di\u00e9e ou pour un usage bureautique\/graphique l\u00e9ger.<\/p>\n<h3 data-start=\"1431\" data-end=\"1462\"><strong data-start=\"1431\" data-end=\"1460\">Sp\u00e9cifications techniques<\/strong><\/h3>\n<ul data-start=\"1463\" data-end=\"1739\">\n<li data-start=\"1463\" data-end=\"1491\">\n<p data-start=\"1465\" data-end=\"1491\">Architecture : AMD Zen 3<\/p>\n<\/li>\n<li data-start=\"1492\" data-end=\"1510\">\n<p data-start=\"1494\" data-end=\"1510\">Gravure : 7 nm<\/p>\n<\/li>\n<li data-start=\"1511\" data-end=\"1553\">\n<p data-start=\"1513\" data-end=\"1553\">C\u0153urs \/ Threads : 6 c\u0153urs \/ 12 threads<\/p>\n<\/li>\n<li data-start=\"1554\" data-end=\"1585\">\n<p data-start=\"1556\" data-end=\"1585\">Fr\u00e9quence de base : 3.9 GHz<\/p>\n<\/li>\n<li data-start=\"1586\" data-end=\"1623\">\n<p data-start=\"1588\" data-end=\"1623\">Fr\u00e9quence Boost : jusqu\u2019\u00e0 4.4 GHz<\/p>\n<\/li>\n<li data-start=\"1624\" data-end=\"1644\">\n<p data-start=\"1626\" data-end=\"1644\">Cache L3 : 16 Mo<\/p>\n<\/li>\n<li data-start=\"1645\" data-end=\"1669\">\n<p data-start=\"1647\" data-end=\"1669\">iGPU : Radeon Vega 7<\/p>\n<\/li>\n<li data-start=\"1670\" data-end=\"1683\">\n<p data-start=\"1672\" data-end=\"1683\">TDP : 65W<\/p>\n<\/li>\n<li data-start=\"1684\" data-end=\"1700\">\n<p data-start=\"1686\" data-end=\"1700\">Socket : AM4<\/p>\n<\/li>\n<li data-start=\"1701\" data-end=\"1739\">\n<p data-start=\"1703\" data-end=\"1739\">Ventirad : <strong data-start=\"1714\" data-end=\"1732\">Wraith Stealth<\/strong> inclus<\/p>\n<\/li>\n<\/ul>\n<p><img decoding=\"async\" class=\"aligncenter\" src=\"https:\/\/ae01.alicdn.com\/kf\/S349eeb4d46004e109c77158366d8aac61.jpg\" alt=\"Amd Ryzen 5 5600g Radeon Graphics 3.90 Ghz | Amd Ryzen 5 5600g Good Gaming - New - Aliexpress\" width=\"622\" height=\"622\" \/><\/p>\n<h3 data-start=\"1741\" data-end=\"1909\"><strong data-start=\"1741\" data-end=\"1764\">Solution tout-en-un<\/strong><\/h3>\n<p data-start=\"1741\" data-end=\"1909\">Le <strong data-start=\"1770\" data-end=\"1787\">Ryzen 5 5600G<\/strong> est une excellente option pour ceux qui veulent <strong data-start=\"1836\" data-end=\"1863\">puissance et simplicit\u00e9<\/strong>, sans compromis sur les performances de base.<\/p>","protected":false},"excerpt":{"rendered":"<p data-start=\"353\" data-end=\"619\">Le <strong data-start=\"356\" data-end=\"373\">Ryzen 5 5600G<\/strong> est un processeur <strong data-start=\"392\" data-end=\"445\">6 c\u0153urs avec carte graphique int\u00e9gr\u00e9e Radeon Vega<\/strong>, parfait pour les PC bureautiques et gaming sans carte graphique d\u00e9di\u00e9e. Il combine <strong data-start=\"530\" data-end=\"568\">puissance, polyvalence et \u00e9conomie<\/strong>, id\u00e9al pour les configs compactes et performantes.<\/p>","protected":false},"featured_media":3473,"comment_status":"open","ping_status":"closed","template":"","meta":{"_monsterinsights_skip_tracking":false,"_monsterinsights_sitenote_active":false,"_monsterinsights_sitenote_note":"","_monsterinsights_sitenote_category":0},"product_brand":[],"product_cat":[779],"product_tag":[1336,1337,1340,1338,1339,1335],"class_list":{"0":"post-3472","1":"product","2":"type-product","3":"status-publish","4":"has-post-thumbnail","6":"product_cat-accessoir-gaming","7":"product_tag-1336","8":"product_tag-5600g","9":"product_tag-amd","10":"product_tag-cpu","11":"product_tag-processeur","12":"product_tag-ryzen","14":"first","15":"instock","16":"purchasable","17":"product-type-simple"},"yoast_head":"<!-- This site is optimized with the Yoast SEO plugin v27.4 - https:\/\/yoast.com\/product\/yoast-seo-wordpress\/ -->\n<title>Processeur AMD Ryzen 5 5600G - mersatradedz<\/title>\n<meta name=\"robots\" content=\"index, follow, max-snippet:-1, max-image-preview:large, max-video-preview:-1\" \/>\n<link rel=\"canonical\" href=\"https:\/\/mersatradedz.com\/ar\/product\/processeur-amd-ryzen-5-5600g\/\" \/>\n<meta property=\"og:locale\" content=\"ar_AR\" \/>\n<meta property=\"og:type\" content=\"article\" \/>\n<meta property=\"og:title\" content=\"Processeur AMD Ryzen 5 5600G - mersatradedz\" \/>\n<meta property=\"og:description\" content=\"Le Ryzen 5 5600G est un processeur 6 c\u0153urs avec carte graphique int\u00e9gr\u00e9e Radeon Vega, parfait pour les PC bureautiques et gaming sans carte graphique d\u00e9di\u00e9e. Il combine puissance, polyvalence et \u00e9conomie, id\u00e9al pour les configs compactes et performantes.\" \/>\n<meta property=\"og:url\" content=\"https:\/\/mersatradedz.com\/ar\/product\/processeur-amd-ryzen-5-5600g\/\" \/>\n<meta property=\"og:site_name\" content=\"mersatradedz\" \/>\n<meta property=\"article:publisher\" content=\"https:\/\/www.facebook.com\/ntbidz\" \/>\n<meta property=\"article:modified_time\" content=\"2025-06-29T10:48:05+00:00\" \/>\n<meta property=\"og:image\" content=\"https:\/\/mersatradedz.com\/wp-content\/uploads\/2025\/06\/amd-ryzen-5-5600g-500x500-1.webp\" \/>\n\t<meta property=\"og:image:width\" content=\"500\" \/>\n\t<meta property=\"og:image:height\" content=\"500\" \/>\n\t<meta property=\"og:image:type\" content=\"image\/webp\" \/>\n<meta name=\"twitter:card\" content=\"summary_large_image\" \/>\n<meta name=\"twitter:label1\" content=\"\u0648\u0642\u062a \u0627\u0644\u0642\u0631\u0627\u0621\u0629 \u0627\u0644\u0645\u064f\u0642\u062f\u0651\u0631\" \/>\n\t<meta name=\"twitter:data1\" content=\"\u062f\u0642\u064a\u0642\u0629 \u0648\u0627\u062d\u062f\u0629\" \/>\n<script type=\"application\/ld+json\" class=\"yoast-schema-graph\">{\"@context\":\"https:\\\/\\\/schema.org\",\"@graph\":[{\"@type\":\"WebPage\",\"@id\":\"https:\\\/\\\/mersatradedz.com\\\/product\\\/processeur-amd-ryzen-5-5600g\\\/\",\"url\":\"https:\\\/\\\/mersatradedz.com\\\/product\\\/processeur-amd-ryzen-5-5600g\\\/\",\"name\":\"Processeur AMD Ryzen 5 5600G - mersatradedz\",\"isPartOf\":{\"@id\":\"https:\\\/\\\/mersatradedz.com\\\/#website\"},\"primaryImageOfPage\":{\"@id\":\"https:\\\/\\\/mersatradedz.com\\\/product\\\/processeur-amd-ryzen-5-5600g\\\/#primaryimage\"},\"image\":{\"@id\":\"https:\\\/\\\/mersatradedz.com\\\/product\\\/processeur-amd-ryzen-5-5600g\\\/#primaryimage\"},\"thumbnailUrl\":\"https:\\\/\\\/mersatradedz.com\\\/wp-content\\\/uploads\\\/2025\\\/06\\\/amd-ryzen-5-5600g-500x500-1.webp\",\"datePublished\":\"2025-06-29T10:29:58+00:00\",\"dateModified\":\"2025-06-29T10:48:05+00:00\",\"breadcrumb\":{\"@id\":\"https:\\\/\\\/mersatradedz.com\\\/product\\\/processeur-amd-ryzen-5-5600g\\\/#breadcrumb\"},\"inLanguage\":\"ar\",\"potentialAction\":[{\"@type\":\"ReadAction\",\"target\":[\"https:\\\/\\\/mersatradedz.com\\\/product\\\/processeur-amd-ryzen-5-5600g\\\/\"]}]},{\"@type\":\"ImageObject\",\"inLanguage\":\"ar\",\"@id\":\"https:\\\/\\\/mersatradedz.com\\\/product\\\/processeur-amd-ryzen-5-5600g\\\/#primaryimage\",\"url\":\"https:\\\/\\\/mersatradedz.com\\\/wp-content\\\/uploads\\\/2025\\\/06\\\/amd-ryzen-5-5600g-500x500-1.webp\",\"contentUrl\":\"https:\\\/\\\/mersatradedz.com\\\/wp-content\\\/uploads\\\/2025\\\/06\\\/amd-ryzen-5-5600g-500x500-1.webp\",\"width\":500,\"height\":500},{\"@type\":\"BreadcrumbList\",\"@id\":\"https:\\\/\\\/mersatradedz.com\\\/product\\\/processeur-amd-ryzen-5-5600g\\\/#breadcrumb\",\"itemListElement\":[{\"@type\":\"ListItem\",\"position\":1,\"name\":\"Home\",\"item\":\"https:\\\/\\\/mersatradedz.com\\\/ar\\\/\"},{\"@type\":\"ListItem\",\"position\":2,\"name\":\"Boutique\",\"item\":\"https:\\\/\\\/mersatradedz.com\\\/shop\\\/\"},{\"@type\":\"ListItem\",\"position\":3,\"name\":\"Processeur AMD Ryzen 5 5600G\"}]},{\"@type\":\"WebSite\",\"@id\":\"https:\\\/\\\/mersatradedz.com\\\/#website\",\"url\":\"https:\\\/\\\/mersatradedz.com\\\/\",\"name\":\"mersatradedz\",\"description\":\"\",\"publisher\":{\"@id\":\"https:\\\/\\\/mersatradedz.com\\\/#organization\"},\"potentialAction\":[{\"@type\":\"SearchAction\",\"target\":{\"@type\":\"EntryPoint\",\"urlTemplate\":\"https:\\\/\\\/mersatradedz.com\\\/?s={search_term_string}\"},\"query-input\":{\"@type\":\"PropertyValueSpecification\",\"valueRequired\":true,\"valueName\":\"search_term_string\"}}],\"inLanguage\":\"ar\"},{\"@type\":\"Organization\",\"@id\":\"https:\\\/\\\/mersatradedz.com\\\/#organization\",\"name\":\"mersa trade\",\"url\":\"https:\\\/\\\/mersatradedz.com\\\/\",\"logo\":{\"@type\":\"ImageObject\",\"inLanguage\":\"ar\",\"@id\":\"https:\\\/\\\/mersatradedz.com\\\/#\\\/schema\\\/logo\\\/image\\\/\",\"url\":\"https:\\\/\\\/mersatradedz.com\\\/wp-content\\\/uploads\\\/2023\\\/07\\\/cropped-1684191296456.jpg\",\"contentUrl\":\"https:\\\/\\\/mersatradedz.com\\\/wp-content\\\/uploads\\\/2023\\\/07\\\/cropped-1684191296456.jpg\",\"width\":1451,\"height\":955,\"caption\":\"mersa trade\"},\"image\":{\"@id\":\"https:\\\/\\\/mersatradedz.com\\\/#\\\/schema\\\/logo\\\/image\\\/\"},\"sameAs\":[\"https:\\\/\\\/www.facebook.com\\\/ntbidz\"]}]}<\/script>\n<!-- \/ Yoast SEO plugin. -->","yoast_head_json":{"title":"Processeur AMD Ryzen 5 5600G - mersatradedz","robots":{"index":"index","follow":"follow","max-snippet":"max-snippet:-1","max-image-preview":"max-image-preview:large","max-video-preview":"max-video-preview:-1"},"canonical":"https:\/\/mersatradedz.com\/ar\/product\/processeur-amd-ryzen-5-5600g\/","og_locale":"ar_AR","og_type":"article","og_title":"Processeur AMD Ryzen 5 5600G - mersatradedz","og_description":"Le Ryzen 5 5600G est un processeur 6 c\u0153urs avec carte graphique int\u00e9gr\u00e9e Radeon Vega, parfait pour les PC bureautiques et gaming sans carte graphique d\u00e9di\u00e9e. Il combine puissance, polyvalence et \u00e9conomie, id\u00e9al pour les configs compactes et performantes.","og_url":"https:\/\/mersatradedz.com\/ar\/product\/processeur-amd-ryzen-5-5600g\/","og_site_name":"mersatradedz","article_publisher":"https:\/\/www.facebook.com\/ntbidz","article_modified_time":"2025-06-29T10:48:05+00:00","og_image":[{"width":500,"height":500,"url":"https:\/\/mersatradedz.com\/wp-content\/uploads\/2025\/06\/amd-ryzen-5-5600g-500x500-1.webp","type":"image\/webp"}],"twitter_card":"summary_large_image","twitter_misc":{"\u0648\u0642\u062a \u0627\u0644\u0642\u0631\u0627\u0621\u0629 \u0627\u0644\u0645\u064f\u0642\u062f\u0651\u0631":"\u062f\u0642\u064a\u0642\u0629 \u0648\u0627\u062d\u062f\u0629"},"schema":{"@context":"https:\/\/schema.org","@graph":[{"@type":"WebPage","@id":"https:\/\/mersatradedz.com\/product\/processeur-amd-ryzen-5-5600g\/","url":"https:\/\/mersatradedz.com\/product\/processeur-amd-ryzen-5-5600g\/","name":"Processeur AMD Ryzen 5 5600G - mersatradedz","isPartOf":{"@id":"https:\/\/mersatradedz.com\/#website"},"primaryImageOfPage":{"@id":"https:\/\/mersatradedz.com\/product\/processeur-amd-ryzen-5-5600g\/#primaryimage"},"image":{"@id":"https:\/\/mersatradedz.com\/product\/processeur-amd-ryzen-5-5600g\/#primaryimage"},"thumbnailUrl":"https:\/\/mersatradedz.com\/wp-content\/uploads\/2025\/06\/amd-ryzen-5-5600g-500x500-1.webp","datePublished":"2025-06-29T10:29:58+00:00","dateModified":"2025-06-29T10:48:05+00:00","breadcrumb":{"@id":"https:\/\/mersatradedz.com\/product\/processeur-amd-ryzen-5-5600g\/#breadcrumb"},"inLanguage":"ar","potentialAction":[{"@type":"ReadAction","target":["https:\/\/mersatradedz.com\/product\/processeur-amd-ryzen-5-5600g\/"]}]},{"@type":"ImageObject","inLanguage":"ar","@id":"https:\/\/mersatradedz.com\/product\/processeur-amd-ryzen-5-5600g\/#primaryimage","url":"https:\/\/mersatradedz.com\/wp-content\/uploads\/2025\/06\/amd-ryzen-5-5600g-500x500-1.webp","contentUrl":"https:\/\/mersatradedz.com\/wp-content\/uploads\/2025\/06\/amd-ryzen-5-5600g-500x500-1.webp","width":500,"height":500},{"@type":"BreadcrumbList","@id":"https:\/\/mersatradedz.com\/product\/processeur-amd-ryzen-5-5600g\/#breadcrumb","itemListElement":[{"@type":"ListItem","position":1,"name":"Home","item":"https:\/\/mersatradedz.com\/ar\/"},{"@type":"ListItem","position":2,"name":"Boutique","item":"https:\/\/mersatradedz.com\/shop\/"},{"@type":"ListItem","position":3,"name":"Processeur AMD Ryzen 5 5600G"}]},{"@type":"WebSite","@id":"https:\/\/mersatradedz.com\/#website","url":"https:\/\/mersatradedz.com\/","name":"mersatradedz","description":"","publisher":{"@id":"https:\/\/mersatradedz.com\/#organization"},"potentialAction":[{"@type":"SearchAction","target":{"@type":"EntryPoint","urlTemplate":"https:\/\/mersatradedz.com\/?s={search_term_string}"},"query-input":{"@type":"PropertyValueSpecification","valueRequired":true,"valueName":"search_term_string"}}],"inLanguage":"ar"},{"@type":"Organization","@id":"https:\/\/mersatradedz.com\/#organization","name":"mersa trade","url":"https:\/\/mersatradedz.com\/","logo":{"@type":"ImageObject","inLanguage":"ar","@id":"https:\/\/mersatradedz.com\/#\/schema\/logo\/image\/","url":"https:\/\/mersatradedz.com\/wp-content\/uploads\/2023\/07\/cropped-1684191296456.jpg","contentUrl":"https:\/\/mersatradedz.com\/wp-content\/uploads\/2023\/07\/cropped-1684191296456.jpg","width":1451,"height":955,"caption":"mersa trade"},"image":{"@id":"https:\/\/mersatradedz.com\/#\/schema\/logo\/image\/"},"sameAs":["https:\/\/www.facebook.com\/ntbidz"]}]}},"jetpack_sharing_enabled":true,"_links":{"self":[{"href":"https:\/\/mersatradedz.com\/ar\/wp-json\/wp\/v2\/product\/3472","targetHints":{"allow":["GET"]}}],"collection":[{"href":"https:\/\/mersatradedz.com\/ar\/wp-json\/wp\/v2\/product"}],"about":[{"href":"https:\/\/mersatradedz.com\/ar\/wp-json\/wp\/v2\/types\/product"}],"replies":[{"embeddable":true,"href":"https:\/\/mersatradedz.com\/ar\/wp-json\/wp\/v2\/comments?post=3472"}],"wp:featuredmedia":[{"embeddable":true,"href":"https:\/\/mersatradedz.com\/ar\/wp-json\/wp\/v2\/media\/3473"}],"wp:attachment":[{"href":"https:\/\/mersatradedz.com\/ar\/wp-json\/wp\/v2\/media?parent=3472"}],"wp:term":[{"taxonomy":"product_brand","embeddable":true,"href":"https:\/\/mersatradedz.com\/ar\/wp-json\/wp\/v2\/product_brand?post=3472"},{"taxonomy":"product_cat","embeddable":true,"href":"https:\/\/mersatradedz.com\/ar\/wp-json\/wp\/v2\/product_cat?post=3472"},{"taxonomy":"product_tag","embeddable":true,"href":"https:\/\/mersatradedz.com\/ar\/wp-json\/wp\/v2\/product_tag?post=3472"}],"curies":[{"name":"wp","href":"https:\/\/api.w.org\/{rel}","templated":true}]}}