{"id":3481,"date":"2025-06-29T16:01:12","date_gmt":"2025-06-29T15:01:12","guid":{"rendered":"https:\/\/mersatradedz.com\/?post_type=product&#038;p=3481"},"modified":"2025-06-29T16:01:12","modified_gmt":"2025-06-29T15:01:12","slug":"disue-dur-dahwa-ssd-256go-m-2-nvme","status":"publish","type":"product","link":"https:\/\/mersatradedz.com\/ar\/product\/disue-dur-dahwa-ssd-256go-m-2-nvme\/","title":{"rendered":"Disue Dur Dahwa SSD 256GO M.2 NVMe"},"content":{"rendered":"<h3 data-start=\"674\" data-end=\"843\"><strong data-start=\"674\" data-end=\"700\">Stockage haute vitesse<\/strong><\/h3>\n<p data-start=\"674\" data-end=\"843\">Gr\u00e2ce \u00e0 l\u2019interface <strong data-start=\"723\" data-end=\"735\">M.2 NVMe<\/strong>, ce SSD offre des vitesses bien sup\u00e9rieures \u00e0 un disque SATA classique, parfait pour les syst\u00e8mes modernes.<\/p>\n<h3 data-start=\"845\" data-end=\"977\"><strong data-start=\"845\" data-end=\"864\">Capacit\u00e9 256 Go<\/strong><\/h3>\n<p data-start=\"845\" data-end=\"977\">Espace suffisant pour le syst\u00e8me d\u2019exploitation, les logiciels essentiels et quelques jeux ou fichiers lourds.<\/p>\n<h3 data-start=\"979\" data-end=\"1144\"><strong data-start=\"979\" data-end=\"1006\">Performances optimis\u00e9es<\/strong><\/h3>\n<p data-start=\"979\" data-end=\"1144\">Vitesses de lecture allant jusqu\u2019\u00e0 <strong data-start=\"1044\" data-end=\"1057\">2000 Mo\/s<\/strong> (selon le mod\u00e8le exact), id\u00e9ales pour r\u00e9duire le temps de chargement des applications.<\/p>\n<h3 data-start=\"1146\" data-end=\"1313\"><strong data-start=\"1146\" data-end=\"1168\">Format compact M.2<\/strong><\/h3>\n<p data-start=\"1146\" data-end=\"1313\">Format <strong data-start=\"1178\" data-end=\"1186\">2280<\/strong>, compatible avec la majorit\u00e9 des cartes m\u00e8res r\u00e9centes. Aucune connectique n\u00e9cessaire, installation directe sur la carte m\u00e8re.<\/p>\n<h3 data-start=\"1315\" data-end=\"1452\"><strong data-start=\"1315\" data-end=\"1340\">Silencieux et \u00e9conome<\/strong><\/h3>\n<p data-start=\"1315\" data-end=\"1452\">Fonctionnement sans bruit, faible consommation d\u2019\u00e9nergie et aucune pi\u00e8ce mobile, pour une fiabilit\u00e9 maximale.<\/p>\n<h3 data-start=\"1454\" data-end=\"1485\"><strong data-start=\"1454\" data-end=\"1483\">Sp\u00e9cifications techniques<\/strong><\/h3>\n<ul data-start=\"1486\" data-end=\"1821\">\n<li data-start=\"1486\" data-end=\"1507\">\n<p data-start=\"1488\" data-end=\"1507\">Capacit\u00e9 : 256 Go<\/p>\n<\/li>\n<li data-start=\"1508\" data-end=\"1545\">\n<p data-start=\"1510\" data-end=\"1545\">Interface : M.2 NVMe PCIe Gen3 x4<\/p>\n<\/li>\n<li data-start=\"1546\" data-end=\"1563\">\n<p data-start=\"1548\" data-end=\"1563\">Format : 2280<\/p>\n<\/li>\n<li data-start=\"1564\" data-end=\"1603\">\n<p data-start=\"1566\" data-end=\"1603\">Vitesse lecture : jusqu\u2019\u00e0 2000 Mo\/s<\/p>\n<\/li>\n<li data-start=\"1604\" data-end=\"1659\">\n<p data-start=\"1606\" data-end=\"1659\">Vitesse \u00e9criture : jusqu\u2019\u00e0 1200 Mo\/s (selon mod\u00e8le)<\/p>\n<\/li>\n<li data-start=\"1660\" data-end=\"1689\">\n<p data-start=\"1662\" data-end=\"1689\">Type m\u00e9moire : NAND Flash<\/p>\n<\/li>\n<li data-start=\"1690\" data-end=\"1722\">\n<p data-start=\"1692\" data-end=\"1722\">MTBF : +1.5 million d\u2019heures<\/p>\n<\/li>\n<li data-start=\"1723\" data-end=\"1759\">\n<p data-start=\"1725\" data-end=\"1759\">R\u00e9sistance : Chocs et vibrations<\/p>\n<\/li>\n<li data-start=\"1760\" data-end=\"1821\">\n<p data-start=\"1762\" data-end=\"1821\">Compatibilit\u00e9 : Windows \/ Linux \/ Mac (via carte m\u00e8re NVMe)<\/p>\n<\/li>\n<\/ul>\n<h3 data-start=\"1823\" data-end=\"1995\"><strong data-start=\"1823\" data-end=\"1851\">Am\u00e9lioration instantan\u00e9e<\/strong><\/h3>\n<p data-start=\"1823\" data-end=\"1995\">Le <strong data-start=\"1857\" data-end=\"1882\">Dahua SSD 256 Go NVMe<\/strong> est un excellent choix pour donner un second souffle \u00e0 votre ordinateur avec <strong data-start=\"1960\" data-end=\"1994\">rapidit\u00e9, fiabilit\u00e9 et silence<\/strong>.<\/p>","protected":false},"excerpt":{"rendered":"<p data-start=\"362\" data-end=\"600\">Le <strong data-start=\"365\" data-end=\"394\">Dahua SSD 256 Go M.2 NVMe<\/strong> est un disque ultra-rapide et compact, id\u00e9al pour booster la r\u00e9activit\u00e9 de votre PC. Il garantit des temps de d\u00e9marrage courts, des chargements rapides et une excellente durabilit\u00e9 pour un usage quotidien.<\/p>","protected":false},"featured_media":3482,"comment_status":"open","ping_status":"closed","template":"","meta":{"_monsterinsights_skip_tracking":false,"_monsterinsights_sitenote_active":false,"_monsterinsights_sitenote_note":"","_monsterinsights_sitenote_category":0},"product_brand":[1347],"product_cat":[779,1341],"product_tag":[],"class_list":{"0":"post-3481","1":"product","2":"type-product","3":"status-publish","4":"has-post-thumbnail","6":"product_brand-dahwa","7":"product_cat-accessoir-gaming","8":"product_cat-composant-pc","10":"first","11":"instock","12":"purchasable","13":"product-type-simple"},"yoast_head":"<!-- This site is optimized with the Yoast SEO plugin v27.4 - https:\/\/yoast.com\/product\/yoast-seo-wordpress\/ -->\n<title>Disue Dur Dahwa SSD 256GO M.2 NVMe - mersatradedz<\/title>\n<meta name=\"robots\" content=\"index, follow, max-snippet:-1, max-image-preview:large, max-video-preview:-1\" \/>\n<link rel=\"canonical\" href=\"https:\/\/mersatradedz.com\/ar\/product\/disue-dur-dahwa-ssd-256go-m-2-nvme\/\" \/>\n<meta property=\"og:locale\" content=\"ar_AR\" \/>\n<meta property=\"og:type\" content=\"article\" \/>\n<meta property=\"og:title\" content=\"Disue Dur Dahwa SSD 256GO M.2 NVMe - mersatradedz\" \/>\n<meta property=\"og:description\" content=\"Le Dahua SSD 256 Go M.2 NVMe est un disque ultra-rapide et compact, id\u00e9al pour booster la r\u00e9activit\u00e9 de votre PC. Il garantit des temps de d\u00e9marrage courts, des chargements rapides et une excellente durabilit\u00e9 pour un usage quotidien.\" \/>\n<meta property=\"og:url\" content=\"https:\/\/mersatradedz.com\/ar\/product\/disue-dur-dahwa-ssd-256go-m-2-nvme\/\" \/>\n<meta property=\"og:site_name\" content=\"mersatradedz\" \/>\n<meta property=\"article:publisher\" content=\"https:\/\/www.facebook.com\/ntbidz\" \/>\n<meta property=\"og:image\" content=\"https:\/\/mersatradedz.com\/wp-content\/uploads\/2025\/06\/1TB-SSD-DAHUA-C800A-NEW-PACKED-WiTH-WARRANTY12.jpg\" \/>\n\t<meta property=\"og:image:width\" content=\"1000\" \/>\n\t<meta property=\"og:image:height\" content=\"1000\" \/>\n\t<meta property=\"og:image:type\" content=\"image\/jpeg\" \/>\n<meta name=\"twitter:card\" content=\"summary_large_image\" \/>\n<meta name=\"twitter:label1\" content=\"\u0648\u0642\u062a \u0627\u0644\u0642\u0631\u0627\u0621\u0629 \u0627\u0644\u0645\u064f\u0642\u062f\u0651\u0631\" \/>\n\t<meta name=\"twitter:data1\" content=\"\u062f\u0642\u064a\u0642\u0629 \u0648\u0627\u062d\u062f\u0629\" \/>\n<script type=\"application\/ld+json\" class=\"yoast-schema-graph\">{\"@context\":\"https:\\\/\\\/schema.org\",\"@graph\":[{\"@type\":\"WebPage\",\"@id\":\"https:\\\/\\\/mersatradedz.com\\\/product\\\/disue-dur-dahwa-ssd-256go-m-2-nvme\\\/\",\"url\":\"https:\\\/\\\/mersatradedz.com\\\/product\\\/disue-dur-dahwa-ssd-256go-m-2-nvme\\\/\",\"name\":\"Disue Dur Dahwa SSD 256GO M.2 NVMe - mersatradedz\",\"isPartOf\":{\"@id\":\"https:\\\/\\\/mersatradedz.com\\\/#website\"},\"primaryImageOfPage\":{\"@id\":\"https:\\\/\\\/mersatradedz.com\\\/product\\\/disue-dur-dahwa-ssd-256go-m-2-nvme\\\/#primaryimage\"},\"image\":{\"@id\":\"https:\\\/\\\/mersatradedz.com\\\/product\\\/disue-dur-dahwa-ssd-256go-m-2-nvme\\\/#primaryimage\"},\"thumbnailUrl\":\"https:\\\/\\\/mersatradedz.com\\\/wp-content\\\/uploads\\\/2025\\\/06\\\/1TB-SSD-DAHUA-C800A-NEW-PACKED-WiTH-WARRANTY12.jpg\",\"datePublished\":\"2025-06-29T15:01:12+00:00\",\"breadcrumb\":{\"@id\":\"https:\\\/\\\/mersatradedz.com\\\/product\\\/disue-dur-dahwa-ssd-256go-m-2-nvme\\\/#breadcrumb\"},\"inLanguage\":\"ar\",\"potentialAction\":[{\"@type\":\"ReadAction\",\"target\":[\"https:\\\/\\\/mersatradedz.com\\\/product\\\/disue-dur-dahwa-ssd-256go-m-2-nvme\\\/\"]}]},{\"@type\":\"ImageObject\",\"inLanguage\":\"ar\",\"@id\":\"https:\\\/\\\/mersatradedz.com\\\/product\\\/disue-dur-dahwa-ssd-256go-m-2-nvme\\\/#primaryimage\",\"url\":\"https:\\\/\\\/mersatradedz.com\\\/wp-content\\\/uploads\\\/2025\\\/06\\\/1TB-SSD-DAHUA-C800A-NEW-PACKED-WiTH-WARRANTY12.jpg\",\"contentUrl\":\"https:\\\/\\\/mersatradedz.com\\\/wp-content\\\/uploads\\\/2025\\\/06\\\/1TB-SSD-DAHUA-C800A-NEW-PACKED-WiTH-WARRANTY12.jpg\",\"width\":1000,\"height\":1000},{\"@type\":\"BreadcrumbList\",\"@id\":\"https:\\\/\\\/mersatradedz.com\\\/product\\\/disue-dur-dahwa-ssd-256go-m-2-nvme\\\/#breadcrumb\",\"itemListElement\":[{\"@type\":\"ListItem\",\"position\":1,\"name\":\"Home\",\"item\":\"https:\\\/\\\/mersatradedz.com\\\/ar\\\/\"},{\"@type\":\"ListItem\",\"position\":2,\"name\":\"Boutique\",\"item\":\"https:\\\/\\\/mersatradedz.com\\\/shop\\\/\"},{\"@type\":\"ListItem\",\"position\":3,\"name\":\"Disue Dur Dahwa SSD 256GO M.2 NVMe\"}]},{\"@type\":\"WebSite\",\"@id\":\"https:\\\/\\\/mersatradedz.com\\\/#website\",\"url\":\"https:\\\/\\\/mersatradedz.com\\\/\",\"name\":\"mersatradedz\",\"description\":\"\",\"publisher\":{\"@id\":\"https:\\\/\\\/mersatradedz.com\\\/#organization\"},\"potentialAction\":[{\"@type\":\"SearchAction\",\"target\":{\"@type\":\"EntryPoint\",\"urlTemplate\":\"https:\\\/\\\/mersatradedz.com\\\/?s={search_term_string}\"},\"query-input\":{\"@type\":\"PropertyValueSpecification\",\"valueRequired\":true,\"valueName\":\"search_term_string\"}}],\"inLanguage\":\"ar\"},{\"@type\":\"Organization\",\"@id\":\"https:\\\/\\\/mersatradedz.com\\\/#organization\",\"name\":\"mersa trade\",\"url\":\"https:\\\/\\\/mersatradedz.com\\\/\",\"logo\":{\"@type\":\"ImageObject\",\"inLanguage\":\"ar\",\"@id\":\"https:\\\/\\\/mersatradedz.com\\\/#\\\/schema\\\/logo\\\/image\\\/\",\"url\":\"https:\\\/\\\/mersatradedz.com\\\/wp-content\\\/uploads\\\/2023\\\/07\\\/cropped-1684191296456.jpg\",\"contentUrl\":\"https:\\\/\\\/mersatradedz.com\\\/wp-content\\\/uploads\\\/2023\\\/07\\\/cropped-1684191296456.jpg\",\"width\":1451,\"height\":955,\"caption\":\"mersa trade\"},\"image\":{\"@id\":\"https:\\\/\\\/mersatradedz.com\\\/#\\\/schema\\\/logo\\\/image\\\/\"},\"sameAs\":[\"https:\\\/\\\/www.facebook.com\\\/ntbidz\"]}]}<\/script>\n<!-- \/ Yoast SEO plugin. -->","yoast_head_json":{"title":"Disue Dur Dahwa SSD 256GO M.2 NVMe - mersatradedz","robots":{"index":"index","follow":"follow","max-snippet":"max-snippet:-1","max-image-preview":"max-image-preview:large","max-video-preview":"max-video-preview:-1"},"canonical":"https:\/\/mersatradedz.com\/ar\/product\/disue-dur-dahwa-ssd-256go-m-2-nvme\/","og_locale":"ar_AR","og_type":"article","og_title":"Disue Dur Dahwa SSD 256GO M.2 NVMe - mersatradedz","og_description":"Le Dahua SSD 256 Go M.2 NVMe est un disque ultra-rapide et compact, id\u00e9al pour booster la r\u00e9activit\u00e9 de votre PC. Il garantit des temps de d\u00e9marrage courts, des chargements rapides et une excellente durabilit\u00e9 pour un usage quotidien.","og_url":"https:\/\/mersatradedz.com\/ar\/product\/disue-dur-dahwa-ssd-256go-m-2-nvme\/","og_site_name":"mersatradedz","article_publisher":"https:\/\/www.facebook.com\/ntbidz","og_image":[{"width":1000,"height":1000,"url":"https:\/\/mersatradedz.com\/wp-content\/uploads\/2025\/06\/1TB-SSD-DAHUA-C800A-NEW-PACKED-WiTH-WARRANTY12.jpg","type":"image\/jpeg"}],"twitter_card":"summary_large_image","twitter_misc":{"\u0648\u0642\u062a \u0627\u0644\u0642\u0631\u0627\u0621\u0629 \u0627\u0644\u0645\u064f\u0642\u062f\u0651\u0631":"\u062f\u0642\u064a\u0642\u0629 \u0648\u0627\u062d\u062f\u0629"},"schema":{"@context":"https:\/\/schema.org","@graph":[{"@type":"WebPage","@id":"https:\/\/mersatradedz.com\/product\/disue-dur-dahwa-ssd-256go-m-2-nvme\/","url":"https:\/\/mersatradedz.com\/product\/disue-dur-dahwa-ssd-256go-m-2-nvme\/","name":"Disue Dur Dahwa SSD 256GO M.2 NVMe - mersatradedz","isPartOf":{"@id":"https:\/\/mersatradedz.com\/#website"},"primaryImageOfPage":{"@id":"https:\/\/mersatradedz.com\/product\/disue-dur-dahwa-ssd-256go-m-2-nvme\/#primaryimage"},"image":{"@id":"https:\/\/mersatradedz.com\/product\/disue-dur-dahwa-ssd-256go-m-2-nvme\/#primaryimage"},"thumbnailUrl":"https:\/\/mersatradedz.com\/wp-content\/uploads\/2025\/06\/1TB-SSD-DAHUA-C800A-NEW-PACKED-WiTH-WARRANTY12.jpg","datePublished":"2025-06-29T15:01:12+00:00","breadcrumb":{"@id":"https:\/\/mersatradedz.com\/product\/disue-dur-dahwa-ssd-256go-m-2-nvme\/#breadcrumb"},"inLanguage":"ar","potentialAction":[{"@type":"ReadAction","target":["https:\/\/mersatradedz.com\/product\/disue-dur-dahwa-ssd-256go-m-2-nvme\/"]}]},{"@type":"ImageObject","inLanguage":"ar","@id":"https:\/\/mersatradedz.com\/product\/disue-dur-dahwa-ssd-256go-m-2-nvme\/#primaryimage","url":"https:\/\/mersatradedz.com\/wp-content\/uploads\/2025\/06\/1TB-SSD-DAHUA-C800A-NEW-PACKED-WiTH-WARRANTY12.jpg","contentUrl":"https:\/\/mersatradedz.com\/wp-content\/uploads\/2025\/06\/1TB-SSD-DAHUA-C800A-NEW-PACKED-WiTH-WARRANTY12.jpg","width":1000,"height":1000},{"@type":"BreadcrumbList","@id":"https:\/\/mersatradedz.com\/product\/disue-dur-dahwa-ssd-256go-m-2-nvme\/#breadcrumb","itemListElement":[{"@type":"ListItem","position":1,"name":"Home","item":"https:\/\/mersatradedz.com\/ar\/"},{"@type":"ListItem","position":2,"name":"Boutique","item":"https:\/\/mersatradedz.com\/shop\/"},{"@type":"ListItem","position":3,"name":"Disue Dur Dahwa SSD 256GO M.2 NVMe"}]},{"@type":"WebSite","@id":"https:\/\/mersatradedz.com\/#website","url":"https:\/\/mersatradedz.com\/","name":"mersatradedz","description":"","publisher":{"@id":"https:\/\/mersatradedz.com\/#organization"},"potentialAction":[{"@type":"SearchAction","target":{"@type":"EntryPoint","urlTemplate":"https:\/\/mersatradedz.com\/?s={search_term_string}"},"query-input":{"@type":"PropertyValueSpecification","valueRequired":true,"valueName":"search_term_string"}}],"inLanguage":"ar"},{"@type":"Organization","@id":"https:\/\/mersatradedz.com\/#organization","name":"mersa trade","url":"https:\/\/mersatradedz.com\/","logo":{"@type":"ImageObject","inLanguage":"ar","@id":"https:\/\/mersatradedz.com\/#\/schema\/logo\/image\/","url":"https:\/\/mersatradedz.com\/wp-content\/uploads\/2023\/07\/cropped-1684191296456.jpg","contentUrl":"https:\/\/mersatradedz.com\/wp-content\/uploads\/2023\/07\/cropped-1684191296456.jpg","width":1451,"height":955,"caption":"mersa trade"},"image":{"@id":"https:\/\/mersatradedz.com\/#\/schema\/logo\/image\/"},"sameAs":["https:\/\/www.facebook.com\/ntbidz"]}]}},"jetpack_sharing_enabled":true,"_links":{"self":[{"href":"https:\/\/mersatradedz.com\/ar\/wp-json\/wp\/v2\/product\/3481","targetHints":{"allow":["GET"]}}],"collection":[{"href":"https:\/\/mersatradedz.com\/ar\/wp-json\/wp\/v2\/product"}],"about":[{"href":"https:\/\/mersatradedz.com\/ar\/wp-json\/wp\/v2\/types\/product"}],"replies":[{"embeddable":true,"href":"https:\/\/mersatradedz.com\/ar\/wp-json\/wp\/v2\/comments?post=3481"}],"wp:featuredmedia":[{"embeddable":true,"href":"https:\/\/mersatradedz.com\/ar\/wp-json\/wp\/v2\/media\/3482"}],"wp:attachment":[{"href":"https:\/\/mersatradedz.com\/ar\/wp-json\/wp\/v2\/media?parent=3481"}],"wp:term":[{"taxonomy":"product_brand","embeddable":true,"href":"https:\/\/mersatradedz.com\/ar\/wp-json\/wp\/v2\/product_brand?post=3481"},{"taxonomy":"product_cat","embeddable":true,"href":"https:\/\/mersatradedz.com\/ar\/wp-json\/wp\/v2\/product_cat?post=3481"},{"taxonomy":"product_tag","embeddable":true,"href":"https:\/\/mersatradedz.com\/ar\/wp-json\/wp\/v2\/product_tag?post=3481"}],"curies":[{"name":"wp","href":"https:\/\/api.w.org\/{rel}","templated":true}]}}