{"id":3483,"date":"2025-06-29T16:05:35","date_gmt":"2025-06-29T15:05:35","guid":{"rendered":"https:\/\/mersatradedz.com\/?post_type=product&#038;p=3483"},"modified":"2025-06-29T16:05:35","modified_gmt":"2025-06-29T15:05:35","slug":"ram-ddr4-16-go-3200-mhz","status":"publish","type":"product","link":"https:\/\/mersatradedz.com\/ar\/product\/ram-ddr4-16-go-3200-mhz\/","title":{"rendered":"RAM DDR4 16 Go 3200 MHz"},"content":{"rendered":"<h3 data-start=\"637\" data-end=\"781\"><strong data-start=\"637\" data-end=\"661\">Haute capacit\u00e9 16 Go<\/strong><\/h3>\n<p data-start=\"637\" data-end=\"781\">Id\u00e9ale pour les utilisateurs exigeants : gaming, bureautique intensive, cr\u00e9ation de contenu ou virtualisation l\u00e9g\u00e8re.<\/p>\n<h3 data-start=\"783\" data-end=\"960\"><strong data-start=\"783\" data-end=\"805\">Fr\u00e9quence 3200 MHz<\/strong><\/h3>\n<p data-start=\"783\" data-end=\"960\">Fr\u00e9quence \u00e9lev\u00e9e assurant une <strong data-start=\"838\" data-end=\"863\">bande passante rapide<\/strong>, des temps de r\u00e9ponse r\u00e9duits et une meilleure fluidit\u00e9 dans les t\u00e2ches multit\u00e2ches ou les jeux.<\/p>\n<h3 data-start=\"962\" data-end=\"1093\"><strong data-start=\"962\" data-end=\"986\">Format standard DDR4<\/strong><\/h3>\n<p data-start=\"962\" data-end=\"1093\">Compatible avec la majorit\u00e9 des cartes m\u00e8res <strong data-start=\"1034\" data-end=\"1050\">DDR4 desktop<\/strong> (Intel et AMD), en simple ou dual channel.<\/p>\n<h3 data-start=\"1095\" data-end=\"1255\"><strong data-start=\"1095\" data-end=\"1117\">Stabilit\u00e9 garantie<\/strong><\/h3>\n<p data-start=\"1095\" data-end=\"1255\">Modules test\u00e9s pour leur <strong data-start=\"1145\" data-end=\"1175\">fiabilit\u00e9 et compatibilit\u00e9<\/strong>, avec une faible consommation d\u2019\u00e9nergie et une dissipation thermique ma\u00eetris\u00e9e.<\/p>\n<h3 data-start=\"1257\" data-end=\"1361\"><strong data-start=\"1257\" data-end=\"1280\">Installation facile<\/strong><\/h3>\n<p data-start=\"1257\" data-end=\"1361\">Format <strong data-start=\"1290\" data-end=\"1310\">DIMM 288 broches<\/strong>, plug &amp; play sur la plupart des PC fixes modernes.<\/p>\n<h3 data-start=\"1363\" data-end=\"1394\"><strong data-start=\"1363\" data-end=\"1392\">Sp\u00e9cifications techniques<\/strong><\/h3>\n<ul data-start=\"1395\" data-end=\"1662\">\n<li data-start=\"1395\" data-end=\"1415\">\n<p data-start=\"1397\" data-end=\"1415\">Capacit\u00e9 : 16 Go<\/p>\n<\/li>\n<li data-start=\"1416\" data-end=\"1431\">\n<p data-start=\"1418\" data-end=\"1431\">Type : DDR4<\/p>\n<\/li>\n<li data-start=\"1432\" data-end=\"1456\">\n<p data-start=\"1434\" data-end=\"1456\">Fr\u00e9quence : 3200 MHz<\/p>\n<\/li>\n<li data-start=\"1457\" data-end=\"1475\">\n<p data-start=\"1459\" data-end=\"1475\">Tension : 1.2V<\/p>\n<\/li>\n<li data-start=\"1476\" data-end=\"1508\">\n<p data-start=\"1478\" data-end=\"1508\">Format : DIMM (PC de bureau)<\/p>\n<\/li>\n<li data-start=\"1509\" data-end=\"1549\">\n<p data-start=\"1511\" data-end=\"1549\">Latence : CL16 ~ CL22 (selon marque)<\/p>\n<\/li>\n<li data-start=\"1550\" data-end=\"1592\">\n<p data-start=\"1552\" data-end=\"1592\">Compatibilit\u00e9 : AMD Ryzen \/ Intel Core<\/p>\n<\/li>\n<li data-start=\"1593\" data-end=\"1662\">\n<p data-start=\"1595\" data-end=\"1662\">Refroidissement : avec ou sans dissipateur thermique (selon mod\u00e8le)<\/p>\n<\/li>\n<\/ul>\n<h3 data-start=\"1664\" data-end=\"1836\"><strong data-start=\"1664\" data-end=\"1685\">Un boost imm\u00e9diat<\/strong><\/h3>\n<p data-start=\"1664\" data-end=\"1836\">La <strong data-start=\"1691\" data-end=\"1718\">RAM DDR4 3200 MHz 16 Go<\/strong> est le choix parfait pour <strong data-start=\"1745\" data-end=\"1767\">acc\u00e9l\u00e9rer votre PC<\/strong>, r\u00e9duire les ralentissements et am\u00e9liorer les performances globales.<\/p>","protected":false},"excerpt":{"rendered":"<p>Cette <strong data-start=\"356\" data-end=\"391\">m\u00e9moire RAM DDR4 16 Go 3200 MHz<\/strong> offre une excellente fluidit\u00e9 pour le multit\u00e2che, les jeux et les logiciels lourds. Compatible avec les PC modernes, elle permet un gain de performance imm\u00e9diat et stable.<\/p>","protected":false},"featured_media":3484,"comment_status":"open","ping_status":"closed","template":"","meta":{"_monsterinsights_skip_tracking":false,"_monsterinsights_sitenote_active":false,"_monsterinsights_sitenote_note":"","_monsterinsights_sitenote_category":0},"product_brand":[],"product_cat":[779,1341],"product_tag":[214,1351,1350,1349,1348],"class_list":{"0":"post-3483","1":"product","2":"type-product","3":"status-publish","4":"has-post-thumbnail","6":"product_cat-accessoir-gaming","7":"product_cat-composant-pc","8":"product_tag-214","9":"product_tag-16gb","10":"product_tag-16go","11":"product_tag-ddr4","12":"product_tag-ram","14":"first","15":"instock","16":"purchasable","17":"product-type-simple"},"yoast_head":"<!-- This site is optimized with the Yoast SEO plugin v27.4 - https:\/\/yoast.com\/product\/yoast-seo-wordpress\/ -->\n<title>RAM DDR4 16 Go 3200 MHz - mersatradedz<\/title>\n<meta name=\"robots\" content=\"index, follow, max-snippet:-1, max-image-preview:large, max-video-preview:-1\" \/>\n<link rel=\"canonical\" href=\"https:\/\/mersatradedz.com\/ar\/product\/ram-ddr4-16-go-3200-mhz\/\" \/>\n<meta property=\"og:locale\" content=\"ar_AR\" \/>\n<meta property=\"og:type\" content=\"article\" \/>\n<meta property=\"og:title\" content=\"RAM DDR4 16 Go 3200 MHz - mersatradedz\" \/>\n<meta property=\"og:description\" content=\"Cette m\u00e9moire RAM DDR4 16 Go 3200 MHz offre une excellente fluidit\u00e9 pour le multit\u00e2che, les jeux et les logiciels lourds. Compatible avec les PC modernes, elle permet un gain de performance imm\u00e9diat et stable.\" \/>\n<meta property=\"og:url\" content=\"https:\/\/mersatradedz.com\/ar\/product\/ram-ddr4-16-go-3200-mhz\/\" \/>\n<meta property=\"og:site_name\" content=\"mersatradedz\" \/>\n<meta property=\"article:publisher\" content=\"https:\/\/www.facebook.com\/ntbidz\" \/>\n<meta name=\"twitter:card\" content=\"summary_large_image\" \/>\n<meta name=\"twitter:label1\" content=\"\u0648\u0642\u062a \u0627\u0644\u0642\u0631\u0627\u0621\u0629 \u0627\u0644\u0645\u064f\u0642\u062f\u0651\u0631\" \/>\n\t<meta name=\"twitter:data1\" content=\"\u062f\u0642\u064a\u0642\u0629 \u0648\u0627\u062d\u062f\u0629\" \/>\n<script type=\"application\/ld+json\" class=\"yoast-schema-graph\">{\"@context\":\"https:\\\/\\\/schema.org\",\"@graph\":[{\"@type\":\"WebPage\",\"@id\":\"https:\\\/\\\/mersatradedz.com\\\/product\\\/ram-ddr4-16-go-3200-mhz\\\/\",\"url\":\"https:\\\/\\\/mersatradedz.com\\\/product\\\/ram-ddr4-16-go-3200-mhz\\\/\",\"name\":\"RAM DDR4 16 Go 3200 MHz - mersatradedz\",\"isPartOf\":{\"@id\":\"https:\\\/\\\/mersatradedz.com\\\/#website\"},\"primaryImageOfPage\":{\"@id\":\"https:\\\/\\\/mersatradedz.com\\\/product\\\/ram-ddr4-16-go-3200-mhz\\\/#primaryimage\"},\"image\":{\"@id\":\"https:\\\/\\\/mersatradedz.com\\\/product\\\/ram-ddr4-16-go-3200-mhz\\\/#primaryimage\"},\"thumbnailUrl\":\"https:\\\/\\\/mersatradedz.com\\\/wp-content\\\/uploads\\\/2025\\\/06\\\/1573.avif\",\"datePublished\":\"2025-06-29T15:05:35+00:00\",\"breadcrumb\":{\"@id\":\"https:\\\/\\\/mersatradedz.com\\\/product\\\/ram-ddr4-16-go-3200-mhz\\\/#breadcrumb\"},\"inLanguage\":\"ar\",\"potentialAction\":[{\"@type\":\"ReadAction\",\"target\":[\"https:\\\/\\\/mersatradedz.com\\\/product\\\/ram-ddr4-16-go-3200-mhz\\\/\"]}]},{\"@type\":\"ImageObject\",\"inLanguage\":\"ar\",\"@id\":\"https:\\\/\\\/mersatradedz.com\\\/product\\\/ram-ddr4-16-go-3200-mhz\\\/#primaryimage\",\"url\":\"https:\\\/\\\/mersatradedz.com\\\/wp-content\\\/uploads\\\/2025\\\/06\\\/1573.avif\",\"contentUrl\":\"https:\\\/\\\/mersatradedz.com\\\/wp-content\\\/uploads\\\/2025\\\/06\\\/1573.avif\",\"width\":1174,\"height\":1174},{\"@type\":\"BreadcrumbList\",\"@id\":\"https:\\\/\\\/mersatradedz.com\\\/product\\\/ram-ddr4-16-go-3200-mhz\\\/#breadcrumb\",\"itemListElement\":[{\"@type\":\"ListItem\",\"position\":1,\"name\":\"Home\",\"item\":\"https:\\\/\\\/mersatradedz.com\\\/ar\\\/\"},{\"@type\":\"ListItem\",\"position\":2,\"name\":\"Boutique\",\"item\":\"https:\\\/\\\/mersatradedz.com\\\/shop\\\/\"},{\"@type\":\"ListItem\",\"position\":3,\"name\":\"RAM DDR4 16 Go 3200 MHz\"}]},{\"@type\":\"WebSite\",\"@id\":\"https:\\\/\\\/mersatradedz.com\\\/#website\",\"url\":\"https:\\\/\\\/mersatradedz.com\\\/\",\"name\":\"mersatradedz\",\"description\":\"\",\"publisher\":{\"@id\":\"https:\\\/\\\/mersatradedz.com\\\/#organization\"},\"potentialAction\":[{\"@type\":\"SearchAction\",\"target\":{\"@type\":\"EntryPoint\",\"urlTemplate\":\"https:\\\/\\\/mersatradedz.com\\\/?s={search_term_string}\"},\"query-input\":{\"@type\":\"PropertyValueSpecification\",\"valueRequired\":true,\"valueName\":\"search_term_string\"}}],\"inLanguage\":\"ar\"},{\"@type\":\"Organization\",\"@id\":\"https:\\\/\\\/mersatradedz.com\\\/#organization\",\"name\":\"mersa trade\",\"url\":\"https:\\\/\\\/mersatradedz.com\\\/\",\"logo\":{\"@type\":\"ImageObject\",\"inLanguage\":\"ar\",\"@id\":\"https:\\\/\\\/mersatradedz.com\\\/#\\\/schema\\\/logo\\\/image\\\/\",\"url\":\"https:\\\/\\\/mersatradedz.com\\\/wp-content\\\/uploads\\\/2023\\\/07\\\/cropped-1684191296456.jpg\",\"contentUrl\":\"https:\\\/\\\/mersatradedz.com\\\/wp-content\\\/uploads\\\/2023\\\/07\\\/cropped-1684191296456.jpg\",\"width\":1451,\"height\":955,\"caption\":\"mersa trade\"},\"image\":{\"@id\":\"https:\\\/\\\/mersatradedz.com\\\/#\\\/schema\\\/logo\\\/image\\\/\"},\"sameAs\":[\"https:\\\/\\\/www.facebook.com\\\/ntbidz\"]}]}<\/script>\n<!-- \/ Yoast SEO plugin. -->","yoast_head_json":{"title":"RAM DDR4 16 Go 3200 MHz - mersatradedz","robots":{"index":"index","follow":"follow","max-snippet":"max-snippet:-1","max-image-preview":"max-image-preview:large","max-video-preview":"max-video-preview:-1"},"canonical":"https:\/\/mersatradedz.com\/ar\/product\/ram-ddr4-16-go-3200-mhz\/","og_locale":"ar_AR","og_type":"article","og_title":"RAM DDR4 16 Go 3200 MHz - mersatradedz","og_description":"Cette m\u00e9moire RAM DDR4 16 Go 3200 MHz offre une excellente fluidit\u00e9 pour le multit\u00e2che, les jeux et les logiciels lourds. Compatible avec les PC modernes, elle permet un gain de performance imm\u00e9diat et stable.","og_url":"https:\/\/mersatradedz.com\/ar\/product\/ram-ddr4-16-go-3200-mhz\/","og_site_name":"mersatradedz","article_publisher":"https:\/\/www.facebook.com\/ntbidz","twitter_card":"summary_large_image","twitter_misc":{"\u0648\u0642\u062a \u0627\u0644\u0642\u0631\u0627\u0621\u0629 \u0627\u0644\u0645\u064f\u0642\u062f\u0651\u0631":"\u062f\u0642\u064a\u0642\u0629 \u0648\u0627\u062d\u062f\u0629"},"schema":{"@context":"https:\/\/schema.org","@graph":[{"@type":"WebPage","@id":"https:\/\/mersatradedz.com\/product\/ram-ddr4-16-go-3200-mhz\/","url":"https:\/\/mersatradedz.com\/product\/ram-ddr4-16-go-3200-mhz\/","name":"RAM DDR4 16 Go 3200 MHz - mersatradedz","isPartOf":{"@id":"https:\/\/mersatradedz.com\/#website"},"primaryImageOfPage":{"@id":"https:\/\/mersatradedz.com\/product\/ram-ddr4-16-go-3200-mhz\/#primaryimage"},"image":{"@id":"https:\/\/mersatradedz.com\/product\/ram-ddr4-16-go-3200-mhz\/#primaryimage"},"thumbnailUrl":"https:\/\/mersatradedz.com\/wp-content\/uploads\/2025\/06\/1573.avif","datePublished":"2025-06-29T15:05:35+00:00","breadcrumb":{"@id":"https:\/\/mersatradedz.com\/product\/ram-ddr4-16-go-3200-mhz\/#breadcrumb"},"inLanguage":"ar","potentialAction":[{"@type":"ReadAction","target":["https:\/\/mersatradedz.com\/product\/ram-ddr4-16-go-3200-mhz\/"]}]},{"@type":"ImageObject","inLanguage":"ar","@id":"https:\/\/mersatradedz.com\/product\/ram-ddr4-16-go-3200-mhz\/#primaryimage","url":"https:\/\/mersatradedz.com\/wp-content\/uploads\/2025\/06\/1573.avif","contentUrl":"https:\/\/mersatradedz.com\/wp-content\/uploads\/2025\/06\/1573.avif","width":1174,"height":1174},{"@type":"BreadcrumbList","@id":"https:\/\/mersatradedz.com\/product\/ram-ddr4-16-go-3200-mhz\/#breadcrumb","itemListElement":[{"@type":"ListItem","position":1,"name":"Home","item":"https:\/\/mersatradedz.com\/ar\/"},{"@type":"ListItem","position":2,"name":"Boutique","item":"https:\/\/mersatradedz.com\/shop\/"},{"@type":"ListItem","position":3,"name":"RAM DDR4 16 Go 3200 MHz"}]},{"@type":"WebSite","@id":"https:\/\/mersatradedz.com\/#website","url":"https:\/\/mersatradedz.com\/","name":"mersatradedz","description":"","publisher":{"@id":"https:\/\/mersatradedz.com\/#organization"},"potentialAction":[{"@type":"SearchAction","target":{"@type":"EntryPoint","urlTemplate":"https:\/\/mersatradedz.com\/?s={search_term_string}"},"query-input":{"@type":"PropertyValueSpecification","valueRequired":true,"valueName":"search_term_string"}}],"inLanguage":"ar"},{"@type":"Organization","@id":"https:\/\/mersatradedz.com\/#organization","name":"mersa trade","url":"https:\/\/mersatradedz.com\/","logo":{"@type":"ImageObject","inLanguage":"ar","@id":"https:\/\/mersatradedz.com\/#\/schema\/logo\/image\/","url":"https:\/\/mersatradedz.com\/wp-content\/uploads\/2023\/07\/cropped-1684191296456.jpg","contentUrl":"https:\/\/mersatradedz.com\/wp-content\/uploads\/2023\/07\/cropped-1684191296456.jpg","width":1451,"height":955,"caption":"mersa trade"},"image":{"@id":"https:\/\/mersatradedz.com\/#\/schema\/logo\/image\/"},"sameAs":["https:\/\/www.facebook.com\/ntbidz"]}]}},"jetpack_sharing_enabled":true,"_links":{"self":[{"href":"https:\/\/mersatradedz.com\/ar\/wp-json\/wp\/v2\/product\/3483","targetHints":{"allow":["GET"]}}],"collection":[{"href":"https:\/\/mersatradedz.com\/ar\/wp-json\/wp\/v2\/product"}],"about":[{"href":"https:\/\/mersatradedz.com\/ar\/wp-json\/wp\/v2\/types\/product"}],"replies":[{"embeddable":true,"href":"https:\/\/mersatradedz.com\/ar\/wp-json\/wp\/v2\/comments?post=3483"}],"wp:featuredmedia":[{"embeddable":true,"href":"https:\/\/mersatradedz.com\/ar\/wp-json\/wp\/v2\/media\/3484"}],"wp:attachment":[{"href":"https:\/\/mersatradedz.com\/ar\/wp-json\/wp\/v2\/media?parent=3483"}],"wp:term":[{"taxonomy":"product_brand","embeddable":true,"href":"https:\/\/mersatradedz.com\/ar\/wp-json\/wp\/v2\/product_brand?post=3483"},{"taxonomy":"product_cat","embeddable":true,"href":"https:\/\/mersatradedz.com\/ar\/wp-json\/wp\/v2\/product_cat?post=3483"},{"taxonomy":"product_tag","embeddable":true,"href":"https:\/\/mersatradedz.com\/ar\/wp-json\/wp\/v2\/product_tag?post=3483"}],"curies":[{"name":"wp","href":"https:\/\/api.w.org\/{rel}","templated":true}]}}