{"id":3487,"date":"2025-07-07T14:10:13","date_gmt":"2025-07-07T13:10:13","guid":{"rendered":"https:\/\/mersatradedz.com\/?post_type=product&#038;p=3487"},"modified":"2025-07-07T14:10:14","modified_gmt":"2025-07-07T13:10:14","slug":"ecran-hp-v24vg5","status":"publish","type":"product","link":"https:\/\/mersatradedz.com\/ar\/product\/ecran-hp-v24vg5\/","title":{"rendered":"Ecran HP V24vG5"},"content":{"rendered":"<h3 data-start=\"680\" data-end=\"844\"><strong data-start=\"680\" data-end=\"701\">Affichage Full HD<\/strong><\/h3>\n<p data-start=\"680\" data-end=\"844\">\u00c9cran <strong data-start=\"710\" data-end=\"731\">24 pouces (23.8&Prime;)<\/strong> avec r\u00e9solution <strong data-start=\"748\" data-end=\"763\">1920 \u00d7 1080<\/strong>, id\u00e9al pour le multit\u00e2che, la navigation ou le visionnage de contenu multim\u00e9dia.<\/p>\n<h3 data-start=\"846\" data-end=\"995\"><strong data-start=\"846\" data-end=\"864\">Technologie VA<\/strong><\/h3>\n<p data-start=\"846\" data-end=\"995\">Dalle <strong data-start=\"873\" data-end=\"900\">VA (Vertical Alignment)<\/strong> pour des <strong data-start=\"910\" data-end=\"933\">contrastes profonds<\/strong> et des couleurs uniformes, avec de <strong data-start=\"969\" data-end=\"994\">bons angles de vision<\/strong>.<\/p>\n<h3 data-start=\"997\" data-end=\"1155\"><strong data-start=\"997\" data-end=\"1031\">Taux de rafra\u00eechissement 75 Hz<\/strong><\/h3>\n<p data-start=\"997\" data-end=\"1155\">Fluide et agr\u00e9able \u00e0 l\u2019\u0153il, gr\u00e2ce \u00e0 un <strong data-start=\"1073\" data-end=\"1102\">rafra\u00eechissement de 75 Hz<\/strong>, parfait pour une utilisation quotidienne prolong\u00e9e.<\/p>\n<h3 data-start=\"1157\" data-end=\"1305\"><strong data-start=\"1157\" data-end=\"1175\">Confort visuel<\/strong><\/h3>\n<p data-start=\"1157\" data-end=\"1305\">\u00c9quip\u00e9 de la technologie <strong data-start=\"1203\" data-end=\"1221\">Low Blue Light<\/strong> pour <strong data-start=\"1227\" data-end=\"1258\">r\u00e9duire la fatigue oculaire<\/strong>, surtout en environnement de travail prolong\u00e9.<\/p>\n<h3 data-start=\"1307\" data-end=\"1435\"><strong data-start=\"1307\" data-end=\"1332\">Connectivit\u00e9 pratique<\/strong><\/h3>\n<p data-start=\"1307\" data-end=\"1435\">Dispose de ports <strong data-start=\"1352\" data-end=\"1360\">HDMI<\/strong> et <strong data-start=\"1364\" data-end=\"1371\">VGA<\/strong>, compatible avec PC, laptops, consoles, et bo\u00eetiers multim\u00e9dia.<\/p>\n<h3 data-start=\"1437\" data-end=\"1591\"><strong data-start=\"1437\" data-end=\"1453\">Design \u00e9pur\u00e9<\/strong><\/h3>\n<p data-start=\"1437\" data-end=\"1591\">Bords fins, pied stable, finition noire \u00e9l\u00e9gante : un \u00e9cran \u00e0 la fois <strong data-start=\"1526\" data-end=\"1555\">fonctionnel et esth\u00e9tique<\/strong>, parfait pour les bureaux modernes.<\/p>\n<h3 data-start=\"1593\" data-end=\"1624\"><strong data-start=\"1593\" data-end=\"1622\">Sp\u00e9cifications techniques<\/strong><\/h3>\n<ul data-start=\"1625\" data-end=\"1918\">\n<li data-start=\"1625\" data-end=\"1653\">\n<p data-start=\"1627\" data-end=\"1653\">Taille : 23.8&Prime; (60.5 cm)<\/p>\n<\/li>\n<li data-start=\"1654\" data-end=\"1688\">\n<p data-start=\"1656\" data-end=\"1688\">R\u00e9solution : Full HD 1920\u00d71080<\/p>\n<\/li>\n<li data-start=\"1689\" data-end=\"1716\">\n<p data-start=\"1691\" data-end=\"1716\">Dalle : VA \u2013 antireflet<\/p>\n<\/li>\n<li data-start=\"1717\" data-end=\"1745\">\n<p data-start=\"1719\" data-end=\"1745\">Rafra\u00eechissement : 75 Hz<\/p>\n<\/li>\n<li data-start=\"1746\" data-end=\"1773\">\n<p data-start=\"1748\" data-end=\"1773\">Temps de r\u00e9ponse : 5 ms<\/p>\n<\/li>\n<li data-start=\"1774\" data-end=\"1800\">\n<p data-start=\"1776\" data-end=\"1800\">Ports : HDMI 1.4 \/ VGA<\/p>\n<\/li>\n<li data-start=\"1801\" data-end=\"1818\">\n<p data-start=\"1803\" data-end=\"1818\">Format : 16:9<\/p>\n<\/li>\n<li data-start=\"1819\" data-end=\"1847\">\n<p data-start=\"1821\" data-end=\"1847\">Angle de vue : 178\u00b0\/178\u00b0<\/p>\n<\/li>\n<li data-start=\"1848\" data-end=\"1883\">\n<p data-start=\"1850\" data-end=\"1883\">Montage mural : Compatible VESA<\/p>\n<\/li>\n<li data-start=\"1884\" data-end=\"1918\">\n<p data-start=\"1886\" data-end=\"1918\">R\u00e9glages : Inclinaison ajustable<\/p>\n<\/li>\n<\/ul>\n<h3 data-start=\"1920\" data-end=\"2073\"><strong data-start=\"1920\" data-end=\"1948\">Polyvalent et accessible<\/strong><\/h3>\n<p data-start=\"1920\" data-end=\"2073\">Le <strong data-start=\"1954\" data-end=\"1968\">HP V24v G5<\/strong> est un excellent choix pour un <strong data-start=\"2000\" data-end=\"2034\">\u00e9cran de travail ou de loisirs<\/strong>, avec un bon <strong data-start=\"2048\" data-end=\"2072\">rapport qualit\u00e9\/prix<\/strong>.<\/p>","protected":false},"excerpt":{"rendered":"<p data-start=\"346\" data-end=\"606\">L\u2019<strong data-start=\"348\" data-end=\"368\">\u00e9cran HP V24v G5<\/strong> est un moniteur <strong data-start=\"385\" data-end=\"406\">24 pouces Full HD<\/strong> au design \u00e9pur\u00e9, id\u00e9al pour la bureautique, les \u00e9tudes ou le divertissement. Il offre une <strong data-start=\"497\" data-end=\"540\">image nette, un confort visuel am\u00e9lior\u00e9<\/strong> et une connectique compl\u00e8te dans un format accessible et moderne.<\/p>","protected":false},"featured_media":3488,"comment_status":"open","ping_status":"closed","template":"","meta":{"_monsterinsights_skip_tracking":false,"_monsterinsights_sitenote_active":false,"_monsterinsights_sitenote_note":"","_monsterinsights_sitenote_category":0},"product_brand":[848],"product_cat":[724],"product_tag":[1352,1353,747,34],"class_list":{"0":"post-3487","1":"product","2":"type-product","3":"status-publish","4":"has-post-thumbnail","6":"product_brand-hp","7":"product_cat-ecran-data-show","8":"product_tag-1352","9":"product_tag-24-pouces","10":"product_tag-ecran","11":"product_tag-hp","13":"first","14":"instock","15":"sale","16":"purchasable","17":"product-type-simple"},"yoast_head":"<!-- This site is optimized with the Yoast SEO plugin v27.4 - https:\/\/yoast.com\/product\/yoast-seo-wordpress\/ -->\n<title>Ecran HP V24vG5 - mersatradedz<\/title>\n<meta name=\"robots\" content=\"index, follow, max-snippet:-1, max-image-preview:large, max-video-preview:-1\" \/>\n<link rel=\"canonical\" href=\"https:\/\/mersatradedz.com\/ar\/product\/ecran-hp-v24vg5\/\" \/>\n<meta property=\"og:locale\" content=\"ar_AR\" \/>\n<meta property=\"og:type\" content=\"article\" \/>\n<meta property=\"og:title\" content=\"Ecran HP V24vG5 - mersatradedz\" \/>\n<meta property=\"og:description\" content=\"L\u2019\u00e9cran HP V24v G5 est un moniteur 24 pouces Full HD au design \u00e9pur\u00e9, id\u00e9al pour la bureautique, les \u00e9tudes ou le divertissement. Il offre une image nette, un confort visuel am\u00e9lior\u00e9 et une connectique compl\u00e8te dans un format accessible et moderne.\" \/>\n<meta property=\"og:url\" content=\"https:\/\/mersatradedz.com\/ar\/product\/ecran-hp-v24vg5\/\" \/>\n<meta property=\"og:site_name\" content=\"mersatradedz\" \/>\n<meta property=\"article:publisher\" content=\"https:\/\/www.facebook.com\/ntbidz\" \/>\n<meta property=\"article:modified_time\" content=\"2025-07-07T13:10:14+00:00\" \/>\n<meta property=\"og:image\" content=\"https:\/\/mersatradedz.com\/wp-content\/uploads\/2025\/07\/20250707_120730-scaled.jpg\" \/>\n\t<meta property=\"og:image:width\" content=\"2560\" \/>\n\t<meta property=\"og:image:height\" content=\"1920\" \/>\n\t<meta property=\"og:image:type\" content=\"image\/jpeg\" \/>\n<meta name=\"twitter:card\" content=\"summary_large_image\" \/>\n<meta name=\"twitter:label1\" content=\"\u0648\u0642\u062a \u0627\u0644\u0642\u0631\u0627\u0621\u0629 \u0627\u0644\u0645\u064f\u0642\u062f\u0651\u0631\" \/>\n\t<meta name=\"twitter:data1\" content=\"\u062f\u0642\u064a\u0642\u0629 \u0648\u0627\u062d\u062f\u0629\" \/>\n<script type=\"application\/ld+json\" class=\"yoast-schema-graph\">{\"@context\":\"https:\\\/\\\/schema.org\",\"@graph\":[{\"@type\":\"WebPage\",\"@id\":\"https:\\\/\\\/mersatradedz.com\\\/product\\\/ecran-hp-v24vg5\\\/\",\"url\":\"https:\\\/\\\/mersatradedz.com\\\/product\\\/ecran-hp-v24vg5\\\/\",\"name\":\"Ecran HP V24vG5 - mersatradedz\",\"isPartOf\":{\"@id\":\"https:\\\/\\\/mersatradedz.com\\\/#website\"},\"primaryImageOfPage\":{\"@id\":\"https:\\\/\\\/mersatradedz.com\\\/product\\\/ecran-hp-v24vg5\\\/#primaryimage\"},\"image\":{\"@id\":\"https:\\\/\\\/mersatradedz.com\\\/product\\\/ecran-hp-v24vg5\\\/#primaryimage\"},\"thumbnailUrl\":\"https:\\\/\\\/mersatradedz.com\\\/wp-content\\\/uploads\\\/2025\\\/07\\\/20250707_120730-scaled.jpg\",\"datePublished\":\"2025-07-07T13:10:13+00:00\",\"dateModified\":\"2025-07-07T13:10:14+00:00\",\"breadcrumb\":{\"@id\":\"https:\\\/\\\/mersatradedz.com\\\/product\\\/ecran-hp-v24vg5\\\/#breadcrumb\"},\"inLanguage\":\"ar\",\"potentialAction\":[{\"@type\":\"ReadAction\",\"target\":[\"https:\\\/\\\/mersatradedz.com\\\/product\\\/ecran-hp-v24vg5\\\/\"]}]},{\"@type\":\"ImageObject\",\"inLanguage\":\"ar\",\"@id\":\"https:\\\/\\\/mersatradedz.com\\\/product\\\/ecran-hp-v24vg5\\\/#primaryimage\",\"url\":\"https:\\\/\\\/mersatradedz.com\\\/wp-content\\\/uploads\\\/2025\\\/07\\\/20250707_120730-scaled.jpg\",\"contentUrl\":\"https:\\\/\\\/mersatradedz.com\\\/wp-content\\\/uploads\\\/2025\\\/07\\\/20250707_120730-scaled.jpg\",\"width\":2560,\"height\":1920},{\"@type\":\"BreadcrumbList\",\"@id\":\"https:\\\/\\\/mersatradedz.com\\\/product\\\/ecran-hp-v24vg5\\\/#breadcrumb\",\"itemListElement\":[{\"@type\":\"ListItem\",\"position\":1,\"name\":\"Home\",\"item\":\"https:\\\/\\\/mersatradedz.com\\\/ar\\\/\"},{\"@type\":\"ListItem\",\"position\":2,\"name\":\"Boutique\",\"item\":\"https:\\\/\\\/mersatradedz.com\\\/shop\\\/\"},{\"@type\":\"ListItem\",\"position\":3,\"name\":\"Ecran HP V24vG5\"}]},{\"@type\":\"WebSite\",\"@id\":\"https:\\\/\\\/mersatradedz.com\\\/#website\",\"url\":\"https:\\\/\\\/mersatradedz.com\\\/\",\"name\":\"mersatradedz\",\"description\":\"\",\"publisher\":{\"@id\":\"https:\\\/\\\/mersatradedz.com\\\/#organization\"},\"potentialAction\":[{\"@type\":\"SearchAction\",\"target\":{\"@type\":\"EntryPoint\",\"urlTemplate\":\"https:\\\/\\\/mersatradedz.com\\\/?s={search_term_string}\"},\"query-input\":{\"@type\":\"PropertyValueSpecification\",\"valueRequired\":true,\"valueName\":\"search_term_string\"}}],\"inLanguage\":\"ar\"},{\"@type\":\"Organization\",\"@id\":\"https:\\\/\\\/mersatradedz.com\\\/#organization\",\"name\":\"mersa trade\",\"url\":\"https:\\\/\\\/mersatradedz.com\\\/\",\"logo\":{\"@type\":\"ImageObject\",\"inLanguage\":\"ar\",\"@id\":\"https:\\\/\\\/mersatradedz.com\\\/#\\\/schema\\\/logo\\\/image\\\/\",\"url\":\"https:\\\/\\\/mersatradedz.com\\\/wp-content\\\/uploads\\\/2023\\\/07\\\/cropped-1684191296456.jpg\",\"contentUrl\":\"https:\\\/\\\/mersatradedz.com\\\/wp-content\\\/uploads\\\/2023\\\/07\\\/cropped-1684191296456.jpg\",\"width\":1451,\"height\":955,\"caption\":\"mersa trade\"},\"image\":{\"@id\":\"https:\\\/\\\/mersatradedz.com\\\/#\\\/schema\\\/logo\\\/image\\\/\"},\"sameAs\":[\"https:\\\/\\\/www.facebook.com\\\/ntbidz\"]}]}<\/script>\n<!-- \/ Yoast SEO plugin. -->","yoast_head_json":{"title":"Ecran HP V24vG5 - mersatradedz","robots":{"index":"index","follow":"follow","max-snippet":"max-snippet:-1","max-image-preview":"max-image-preview:large","max-video-preview":"max-video-preview:-1"},"canonical":"https:\/\/mersatradedz.com\/ar\/product\/ecran-hp-v24vg5\/","og_locale":"ar_AR","og_type":"article","og_title":"Ecran HP V24vG5 - mersatradedz","og_description":"L\u2019\u00e9cran HP V24v G5 est un moniteur 24 pouces Full HD au design \u00e9pur\u00e9, id\u00e9al pour la bureautique, les \u00e9tudes ou le divertissement. Il offre une image nette, un confort visuel am\u00e9lior\u00e9 et une connectique compl\u00e8te dans un format accessible et moderne.","og_url":"https:\/\/mersatradedz.com\/ar\/product\/ecran-hp-v24vg5\/","og_site_name":"mersatradedz","article_publisher":"https:\/\/www.facebook.com\/ntbidz","article_modified_time":"2025-07-07T13:10:14+00:00","og_image":[{"width":2560,"height":1920,"url":"https:\/\/mersatradedz.com\/wp-content\/uploads\/2025\/07\/20250707_120730-scaled.jpg","type":"image\/jpeg"}],"twitter_card":"summary_large_image","twitter_misc":{"\u0648\u0642\u062a \u0627\u0644\u0642\u0631\u0627\u0621\u0629 \u0627\u0644\u0645\u064f\u0642\u062f\u0651\u0631":"\u062f\u0642\u064a\u0642\u0629 \u0648\u0627\u062d\u062f\u0629"},"schema":{"@context":"https:\/\/schema.org","@graph":[{"@type":"WebPage","@id":"https:\/\/mersatradedz.com\/product\/ecran-hp-v24vg5\/","url":"https:\/\/mersatradedz.com\/product\/ecran-hp-v24vg5\/","name":"Ecran HP V24vG5 - mersatradedz","isPartOf":{"@id":"https:\/\/mersatradedz.com\/#website"},"primaryImageOfPage":{"@id":"https:\/\/mersatradedz.com\/product\/ecran-hp-v24vg5\/#primaryimage"},"image":{"@id":"https:\/\/mersatradedz.com\/product\/ecran-hp-v24vg5\/#primaryimage"},"thumbnailUrl":"https:\/\/mersatradedz.com\/wp-content\/uploads\/2025\/07\/20250707_120730-scaled.jpg","datePublished":"2025-07-07T13:10:13+00:00","dateModified":"2025-07-07T13:10:14+00:00","breadcrumb":{"@id":"https:\/\/mersatradedz.com\/product\/ecran-hp-v24vg5\/#breadcrumb"},"inLanguage":"ar","potentialAction":[{"@type":"ReadAction","target":["https:\/\/mersatradedz.com\/product\/ecran-hp-v24vg5\/"]}]},{"@type":"ImageObject","inLanguage":"ar","@id":"https:\/\/mersatradedz.com\/product\/ecran-hp-v24vg5\/#primaryimage","url":"https:\/\/mersatradedz.com\/wp-content\/uploads\/2025\/07\/20250707_120730-scaled.jpg","contentUrl":"https:\/\/mersatradedz.com\/wp-content\/uploads\/2025\/07\/20250707_120730-scaled.jpg","width":2560,"height":1920},{"@type":"BreadcrumbList","@id":"https:\/\/mersatradedz.com\/product\/ecran-hp-v24vg5\/#breadcrumb","itemListElement":[{"@type":"ListItem","position":1,"name":"Home","item":"https:\/\/mersatradedz.com\/ar\/"},{"@type":"ListItem","position":2,"name":"Boutique","item":"https:\/\/mersatradedz.com\/shop\/"},{"@type":"ListItem","position":3,"name":"Ecran HP V24vG5"}]},{"@type":"WebSite","@id":"https:\/\/mersatradedz.com\/#website","url":"https:\/\/mersatradedz.com\/","name":"mersatradedz","description":"","publisher":{"@id":"https:\/\/mersatradedz.com\/#organization"},"potentialAction":[{"@type":"SearchAction","target":{"@type":"EntryPoint","urlTemplate":"https:\/\/mersatradedz.com\/?s={search_term_string}"},"query-input":{"@type":"PropertyValueSpecification","valueRequired":true,"valueName":"search_term_string"}}],"inLanguage":"ar"},{"@type":"Organization","@id":"https:\/\/mersatradedz.com\/#organization","name":"mersa trade","url":"https:\/\/mersatradedz.com\/","logo":{"@type":"ImageObject","inLanguage":"ar","@id":"https:\/\/mersatradedz.com\/#\/schema\/logo\/image\/","url":"https:\/\/mersatradedz.com\/wp-content\/uploads\/2023\/07\/cropped-1684191296456.jpg","contentUrl":"https:\/\/mersatradedz.com\/wp-content\/uploads\/2023\/07\/cropped-1684191296456.jpg","width":1451,"height":955,"caption":"mersa trade"},"image":{"@id":"https:\/\/mersatradedz.com\/#\/schema\/logo\/image\/"},"sameAs":["https:\/\/www.facebook.com\/ntbidz"]}]}},"jetpack_sharing_enabled":true,"_links":{"self":[{"href":"https:\/\/mersatradedz.com\/ar\/wp-json\/wp\/v2\/product\/3487","targetHints":{"allow":["GET"]}}],"collection":[{"href":"https:\/\/mersatradedz.com\/ar\/wp-json\/wp\/v2\/product"}],"about":[{"href":"https:\/\/mersatradedz.com\/ar\/wp-json\/wp\/v2\/types\/product"}],"replies":[{"embeddable":true,"href":"https:\/\/mersatradedz.com\/ar\/wp-json\/wp\/v2\/comments?post=3487"}],"wp:featuredmedia":[{"embeddable":true,"href":"https:\/\/mersatradedz.com\/ar\/wp-json\/wp\/v2\/media\/3488"}],"wp:attachment":[{"href":"https:\/\/mersatradedz.com\/ar\/wp-json\/wp\/v2\/media?parent=3487"}],"wp:term":[{"taxonomy":"product_brand","embeddable":true,"href":"https:\/\/mersatradedz.com\/ar\/wp-json\/wp\/v2\/product_brand?post=3487"},{"taxonomy":"product_cat","embeddable":true,"href":"https:\/\/mersatradedz.com\/ar\/wp-json\/wp\/v2\/product_cat?post=3487"},{"taxonomy":"product_tag","embeddable":true,"href":"https:\/\/mersatradedz.com\/ar\/wp-json\/wp\/v2\/product_tag?post=3487"}],"curies":[{"name":"wp","href":"https:\/\/api.w.org\/{rel}","templated":true}]}}