{"id":3495,"date":"2025-07-08T10:21:56","date_gmt":"2025-07-08T09:21:56","guid":{"rendered":"https:\/\/mersatradedz.com\/?post_type=product&#038;p=3495"},"modified":"2025-07-08T10:21:56","modified_gmt":"2025-07-08T09:21:56","slug":"toner-canon-c-exv-33-original","status":"publish","type":"product","link":"https:\/\/mersatradedz.com\/ar\/product\/toner-canon-c-exv-33-original\/","title":{"rendered":"Toner Canon C-EXV 33 &#8211; Original"},"content":{"rendered":"<h3 data-start=\"683\" data-end=\"869\"><strong data-start=\"683\" data-end=\"713\">Qualit\u00e9 d\u2019impression Canon<\/strong><\/h3>\n<p data-start=\"683\" data-end=\"869\">Avec le toner <strong data-start=\"730\" data-end=\"742\">C-EXV 33<\/strong>, vous b\u00e9n\u00e9ficiez de <strong data-start=\"763\" data-end=\"780\">textes pr\u00e9cis<\/strong>, de noirs profonds et d\u2019un <strong data-start=\"808\" data-end=\"827\">contraste \u00e9lev\u00e9<\/strong>, id\u00e9al pour les documents professionnels.<\/p>\n<h3 data-start=\"871\" data-end=\"1045\"><strong data-start=\"871\" data-end=\"894\">Cartouche originale<\/strong><\/h3>\n<p data-start=\"871\" data-end=\"1045\">Produit <strong data-start=\"905\" data-end=\"929\">100 % original Canon<\/strong>, assurant une <strong data-start=\"944\" data-end=\"970\">compatibilit\u00e9 parfaite<\/strong> et prot\u00e9geant votre copieur contre les d\u00e9fauts li\u00e9s aux toners g\u00e9n\u00e9riques.<\/p>\n<h3 data-start=\"1047\" data-end=\"1197\"><strong data-start=\"1047\" data-end=\"1066\">Rendement \u00e9lev\u00e9<\/strong><\/h3>\n<p data-start=\"1047\" data-end=\"1197\">Con\u00e7u pour les environnements \u00e0 <strong data-start=\"1101\" data-end=\"1129\">gros volume d\u2019impression<\/strong>, avec une capacit\u00e9 allant jusqu\u2019\u00e0 <strong data-start=\"1164\" data-end=\"1180\">14 600 pages<\/strong> (selon ISO\/IEC).<\/p>\n<h3 data-start=\"1199\" data-end=\"1283\"><strong data-start=\"1199\" data-end=\"1225\">Compatibilit\u00e9 copieurs<\/strong><\/h3>\n<p data-start=\"1199\" data-end=\"1283\">Compatible avec plusieurs copieurs Canon, notamment :<\/p>\n<ul data-start=\"1284\" data-end=\"1401\">\n<li data-start=\"1284\" data-end=\"1310\">\n<p data-start=\"1286\" data-end=\"1310\">Canon imageRUNNER 2520<\/p>\n<\/li>\n<li data-start=\"1311\" data-end=\"1337\">\n<p data-start=\"1313\" data-end=\"1337\">Canon imageRUNNER 2525<\/p>\n<\/li>\n<li data-start=\"1338\" data-end=\"1364\">\n<p data-start=\"1340\" data-end=\"1364\">Canon imageRUNNER 2530<\/p>\n<\/li>\n<li data-start=\"1365\" data-end=\"1401\">\n<p data-start=\"1367\" data-end=\"1401\">Et autres mod\u00e8les de la m\u00eame s\u00e9rie<\/p>\n<\/li>\n<\/ul>\n<h3 data-start=\"1403\" data-end=\"1528\"><strong data-start=\"1403\" data-end=\"1426\">Installation simple<\/strong><\/h3>\n<p data-start=\"1403\" data-end=\"1528\">Remplacement facile, sans risque de fuite ni de d\u00e9tection. Reconnaissance imm\u00e9diate par la machine.<\/p>\n<h3 data-start=\"1530\" data-end=\"1561\"><strong data-start=\"1530\" data-end=\"1559\">Sp\u00e9cifications techniques<\/strong><\/h3>\n<ul data-start=\"1562\" data-end=\"1800\">\n<li data-start=\"1562\" data-end=\"1589\">\n<p data-start=\"1564\" data-end=\"1589\">Mod\u00e8le : Canon C-EXV 33<\/p>\n<\/li>\n<li data-start=\"1590\" data-end=\"1608\">\n<p data-start=\"1592\" data-end=\"1608\">Couleur : Noir<\/p>\n<\/li>\n<li data-start=\"1609\" data-end=\"1634\">\n<p data-start=\"1611\" data-end=\"1634\">Type : Toner original<\/p>\n<\/li>\n<li data-start=\"1635\" data-end=\"1670\">\n<p data-start=\"1637\" data-end=\"1670\">Capacit\u00e9 : Environ 14 600 pages<\/p>\n<\/li>\n<li data-start=\"1671\" data-end=\"1719\">\n<p data-start=\"1673\" data-end=\"1719\">Compatibilit\u00e9 : Canon IR 2520 \/ 2525 \/ 2530\u2026<\/p>\n<\/li>\n<li data-start=\"1720\" data-end=\"1756\">\n<p data-start=\"1722\" data-end=\"1756\">Usage : Bureautique \/ entreprise<\/p>\n<\/li>\n<li data-start=\"1757\" data-end=\"1800\">\n<p data-start=\"1759\" data-end=\"1800\">Emballage : Bo\u00eete d\u2019origine scell\u00e9e Canon<\/p>\n<\/li>\n<\/ul>\n<h3 data-start=\"1802\" data-end=\"1960\"><strong data-start=\"1802\" data-end=\"1828\">Fiabilit\u00e9 et rendement<\/strong><\/h3>\n<p data-start=\"1802\" data-end=\"1960\">Le <strong data-start=\"1834\" data-end=\"1852\">Canon C-EXV 33<\/strong> est le <strong data-start=\"1860\" data-end=\"1899\">choix id\u00e9al pour les professionnels<\/strong>, combinant <strong data-start=\"1911\" data-end=\"1959\">long\u00e9vit\u00e9, qualit\u00e9 et s\u00e9curit\u00e9 d\u2019utilisation<\/strong>.<\/p>","protected":false},"excerpt":{"rendered":"<p>Qualit\u00e9 d\u2019impression Canon Avec le toner C-EXV 33, vous b\u00e9n\u00e9ficiez de textes pr\u00e9cis, de noirs profonds et d\u2019un contraste \u00e9lev\u00e9, id\u00e9al pour les documents professionnels. Cartouche originale Produit 100 % original Canon, assurant une compatibilit\u00e9 parfaite et prot\u00e9geant votre copieur contre les d\u00e9fauts li\u00e9s aux toners g\u00e9n\u00e9riques. Rendement \u00e9lev\u00e9 Con\u00e7u pour les environnements \u00e0 gros [&hellip;]<\/p>\n","protected":false},"featured_media":3497,"comment_status":"open","ping_status":"closed","template":"","meta":{"_monsterinsights_skip_tracking":false,"_monsterinsights_sitenote_active":false,"_monsterinsights_sitenote_note":"","_monsterinsights_sitenote_category":0},"product_brand":[826],"product_cat":[224],"product_tag":[1356,1355,1073,852,870,1354,254],"class_list":{"0":"post-3495","1":"product","2":"type-product","3":"status-publish","4":"has-post-thumbnail","6":"product_brand-canon","7":"product_cat-consemable","8":"product_tag-1356","9":"product_tag-cexv","10":"product_tag-exv","11":"product_tag-laser","12":"product_tag-lazer","13":"product_tag-original","14":"product_tag-toner","16":"first","17":"instock","18":"purchasable","19":"product-type-simple"},"yoast_head":"<!-- This site is optimized with the Yoast SEO plugin v27.4 - https:\/\/yoast.com\/product\/yoast-seo-wordpress\/ -->\n<title>Toner Canon C-EXV 33 - Original - mersatradedz<\/title>\n<meta name=\"robots\" content=\"index, follow, max-snippet:-1, max-image-preview:large, max-video-preview:-1\" \/>\n<link rel=\"canonical\" href=\"https:\/\/mersatradedz.com\/ar\/product\/toner-canon-c-exv-33-original\/\" \/>\n<meta property=\"og:locale\" content=\"ar_AR\" \/>\n<meta property=\"og:type\" content=\"article\" \/>\n<meta property=\"og:title\" content=\"Toner Canon C-EXV 33 - Original - mersatradedz\" \/>\n<meta property=\"og:description\" content=\"Qualit\u00e9 d\u2019impression Canon Avec le toner C-EXV 33, vous b\u00e9n\u00e9ficiez de textes pr\u00e9cis, de noirs profonds et d\u2019un contraste \u00e9lev\u00e9, id\u00e9al pour les documents professionnels. Cartouche originale Produit 100 % original Canon, assurant une compatibilit\u00e9 parfaite et prot\u00e9geant votre copieur contre les d\u00e9fauts li\u00e9s aux toners g\u00e9n\u00e9riques. Rendement \u00e9lev\u00e9 Con\u00e7u pour les environnements \u00e0 gros [&hellip;]\" \/>\n<meta property=\"og:url\" content=\"https:\/\/mersatradedz.com\/ar\/product\/toner-canon-c-exv-33-original\/\" \/>\n<meta property=\"og:site_name\" content=\"mersatradedz\" \/>\n<meta property=\"article:publisher\" content=\"https:\/\/www.facebook.com\/ntbidz\" \/>\n<meta property=\"og:image\" content=\"https:\/\/mersatradedz.com\/wp-content\/uploads\/2025\/07\/20250705_150938-scaled.jpg\" \/>\n\t<meta property=\"og:image:width\" content=\"2560\" \/>\n\t<meta property=\"og:image:height\" content=\"1920\" \/>\n\t<meta property=\"og:image:type\" content=\"image\/jpeg\" \/>\n<meta name=\"twitter:card\" content=\"summary_large_image\" \/>\n<meta name=\"twitter:label1\" content=\"\u0648\u0642\u062a \u0627\u0644\u0642\u0631\u0627\u0621\u0629 \u0627\u0644\u0645\u064f\u0642\u062f\u0651\u0631\" \/>\n\t<meta name=\"twitter:data1\" content=\"\u062f\u0642\u064a\u0642\u0629 \u0648\u0627\u062d\u062f\u0629\" \/>\n<script type=\"application\/ld+json\" class=\"yoast-schema-graph\">{\"@context\":\"https:\\\/\\\/schema.org\",\"@graph\":[{\"@type\":\"WebPage\",\"@id\":\"https:\\\/\\\/mersatradedz.com\\\/product\\\/toner-canon-c-exv-33-original\\\/\",\"url\":\"https:\\\/\\\/mersatradedz.com\\\/product\\\/toner-canon-c-exv-33-original\\\/\",\"name\":\"Toner Canon C-EXV 33 - Original - mersatradedz\",\"isPartOf\":{\"@id\":\"https:\\\/\\\/mersatradedz.com\\\/#website\"},\"primaryImageOfPage\":{\"@id\":\"https:\\\/\\\/mersatradedz.com\\\/product\\\/toner-canon-c-exv-33-original\\\/#primaryimage\"},\"image\":{\"@id\":\"https:\\\/\\\/mersatradedz.com\\\/product\\\/toner-canon-c-exv-33-original\\\/#primaryimage\"},\"thumbnailUrl\":\"https:\\\/\\\/mersatradedz.com\\\/wp-content\\\/uploads\\\/2025\\\/07\\\/20250705_150938-scaled.jpg\",\"datePublished\":\"2025-07-08T09:21:56+00:00\",\"breadcrumb\":{\"@id\":\"https:\\\/\\\/mersatradedz.com\\\/product\\\/toner-canon-c-exv-33-original\\\/#breadcrumb\"},\"inLanguage\":\"ar\",\"potentialAction\":[{\"@type\":\"ReadAction\",\"target\":[\"https:\\\/\\\/mersatradedz.com\\\/product\\\/toner-canon-c-exv-33-original\\\/\"]}]},{\"@type\":\"ImageObject\",\"inLanguage\":\"ar\",\"@id\":\"https:\\\/\\\/mersatradedz.com\\\/product\\\/toner-canon-c-exv-33-original\\\/#primaryimage\",\"url\":\"https:\\\/\\\/mersatradedz.com\\\/wp-content\\\/uploads\\\/2025\\\/07\\\/20250705_150938-scaled.jpg\",\"contentUrl\":\"https:\\\/\\\/mersatradedz.com\\\/wp-content\\\/uploads\\\/2025\\\/07\\\/20250705_150938-scaled.jpg\",\"width\":2560,\"height\":1920},{\"@type\":\"BreadcrumbList\",\"@id\":\"https:\\\/\\\/mersatradedz.com\\\/product\\\/toner-canon-c-exv-33-original\\\/#breadcrumb\",\"itemListElement\":[{\"@type\":\"ListItem\",\"position\":1,\"name\":\"Home\",\"item\":\"https:\\\/\\\/mersatradedz.com\\\/ar\\\/\"},{\"@type\":\"ListItem\",\"position\":2,\"name\":\"Boutique\",\"item\":\"https:\\\/\\\/mersatradedz.com\\\/shop\\\/\"},{\"@type\":\"ListItem\",\"position\":3,\"name\":\"Toner Canon C-EXV 33 &#8211; Original\"}]},{\"@type\":\"WebSite\",\"@id\":\"https:\\\/\\\/mersatradedz.com\\\/#website\",\"url\":\"https:\\\/\\\/mersatradedz.com\\\/\",\"name\":\"mersatradedz\",\"description\":\"\",\"publisher\":{\"@id\":\"https:\\\/\\\/mersatradedz.com\\\/#organization\"},\"potentialAction\":[{\"@type\":\"SearchAction\",\"target\":{\"@type\":\"EntryPoint\",\"urlTemplate\":\"https:\\\/\\\/mersatradedz.com\\\/?s={search_term_string}\"},\"query-input\":{\"@type\":\"PropertyValueSpecification\",\"valueRequired\":true,\"valueName\":\"search_term_string\"}}],\"inLanguage\":\"ar\"},{\"@type\":\"Organization\",\"@id\":\"https:\\\/\\\/mersatradedz.com\\\/#organization\",\"name\":\"mersa trade\",\"url\":\"https:\\\/\\\/mersatradedz.com\\\/\",\"logo\":{\"@type\":\"ImageObject\",\"inLanguage\":\"ar\",\"@id\":\"https:\\\/\\\/mersatradedz.com\\\/#\\\/schema\\\/logo\\\/image\\\/\",\"url\":\"https:\\\/\\\/mersatradedz.com\\\/wp-content\\\/uploads\\\/2023\\\/07\\\/cropped-1684191296456.jpg\",\"contentUrl\":\"https:\\\/\\\/mersatradedz.com\\\/wp-content\\\/uploads\\\/2023\\\/07\\\/cropped-1684191296456.jpg\",\"width\":1451,\"height\":955,\"caption\":\"mersa trade\"},\"image\":{\"@id\":\"https:\\\/\\\/mersatradedz.com\\\/#\\\/schema\\\/logo\\\/image\\\/\"},\"sameAs\":[\"https:\\\/\\\/www.facebook.com\\\/ntbidz\"]}]}<\/script>\n<!-- \/ Yoast SEO plugin. -->","yoast_head_json":{"title":"Toner Canon C-EXV 33 - Original - mersatradedz","robots":{"index":"index","follow":"follow","max-snippet":"max-snippet:-1","max-image-preview":"max-image-preview:large","max-video-preview":"max-video-preview:-1"},"canonical":"https:\/\/mersatradedz.com\/ar\/product\/toner-canon-c-exv-33-original\/","og_locale":"ar_AR","og_type":"article","og_title":"Toner Canon C-EXV 33 - Original - mersatradedz","og_description":"Qualit\u00e9 d\u2019impression Canon Avec le toner C-EXV 33, vous b\u00e9n\u00e9ficiez de textes pr\u00e9cis, de noirs profonds et d\u2019un contraste \u00e9lev\u00e9, id\u00e9al pour les documents professionnels. Cartouche originale Produit 100 % original Canon, assurant une compatibilit\u00e9 parfaite et prot\u00e9geant votre copieur contre les d\u00e9fauts li\u00e9s aux toners g\u00e9n\u00e9riques. Rendement \u00e9lev\u00e9 Con\u00e7u pour les environnements \u00e0 gros [&hellip;]","og_url":"https:\/\/mersatradedz.com\/ar\/product\/toner-canon-c-exv-33-original\/","og_site_name":"mersatradedz","article_publisher":"https:\/\/www.facebook.com\/ntbidz","og_image":[{"width":2560,"height":1920,"url":"https:\/\/mersatradedz.com\/wp-content\/uploads\/2025\/07\/20250705_150938-scaled.jpg","type":"image\/jpeg"}],"twitter_card":"summary_large_image","twitter_misc":{"\u0648\u0642\u062a \u0627\u0644\u0642\u0631\u0627\u0621\u0629 \u0627\u0644\u0645\u064f\u0642\u062f\u0651\u0631":"\u062f\u0642\u064a\u0642\u0629 \u0648\u0627\u062d\u062f\u0629"},"schema":{"@context":"https:\/\/schema.org","@graph":[{"@type":"WebPage","@id":"https:\/\/mersatradedz.com\/product\/toner-canon-c-exv-33-original\/","url":"https:\/\/mersatradedz.com\/product\/toner-canon-c-exv-33-original\/","name":"Toner Canon C-EXV 33 - Original - mersatradedz","isPartOf":{"@id":"https:\/\/mersatradedz.com\/#website"},"primaryImageOfPage":{"@id":"https:\/\/mersatradedz.com\/product\/toner-canon-c-exv-33-original\/#primaryimage"},"image":{"@id":"https:\/\/mersatradedz.com\/product\/toner-canon-c-exv-33-original\/#primaryimage"},"thumbnailUrl":"https:\/\/mersatradedz.com\/wp-content\/uploads\/2025\/07\/20250705_150938-scaled.jpg","datePublished":"2025-07-08T09:21:56+00:00","breadcrumb":{"@id":"https:\/\/mersatradedz.com\/product\/toner-canon-c-exv-33-original\/#breadcrumb"},"inLanguage":"ar","potentialAction":[{"@type":"ReadAction","target":["https:\/\/mersatradedz.com\/product\/toner-canon-c-exv-33-original\/"]}]},{"@type":"ImageObject","inLanguage":"ar","@id":"https:\/\/mersatradedz.com\/product\/toner-canon-c-exv-33-original\/#primaryimage","url":"https:\/\/mersatradedz.com\/wp-content\/uploads\/2025\/07\/20250705_150938-scaled.jpg","contentUrl":"https:\/\/mersatradedz.com\/wp-content\/uploads\/2025\/07\/20250705_150938-scaled.jpg","width":2560,"height":1920},{"@type":"BreadcrumbList","@id":"https:\/\/mersatradedz.com\/product\/toner-canon-c-exv-33-original\/#breadcrumb","itemListElement":[{"@type":"ListItem","position":1,"name":"Home","item":"https:\/\/mersatradedz.com\/ar\/"},{"@type":"ListItem","position":2,"name":"Boutique","item":"https:\/\/mersatradedz.com\/shop\/"},{"@type":"ListItem","position":3,"name":"Toner Canon C-EXV 33 &#8211; Original"}]},{"@type":"WebSite","@id":"https:\/\/mersatradedz.com\/#website","url":"https:\/\/mersatradedz.com\/","name":"mersatradedz","description":"","publisher":{"@id":"https:\/\/mersatradedz.com\/#organization"},"potentialAction":[{"@type":"SearchAction","target":{"@type":"EntryPoint","urlTemplate":"https:\/\/mersatradedz.com\/?s={search_term_string}"},"query-input":{"@type":"PropertyValueSpecification","valueRequired":true,"valueName":"search_term_string"}}],"inLanguage":"ar"},{"@type":"Organization","@id":"https:\/\/mersatradedz.com\/#organization","name":"mersa trade","url":"https:\/\/mersatradedz.com\/","logo":{"@type":"ImageObject","inLanguage":"ar","@id":"https:\/\/mersatradedz.com\/#\/schema\/logo\/image\/","url":"https:\/\/mersatradedz.com\/wp-content\/uploads\/2023\/07\/cropped-1684191296456.jpg","contentUrl":"https:\/\/mersatradedz.com\/wp-content\/uploads\/2023\/07\/cropped-1684191296456.jpg","width":1451,"height":955,"caption":"mersa trade"},"image":{"@id":"https:\/\/mersatradedz.com\/#\/schema\/logo\/image\/"},"sameAs":["https:\/\/www.facebook.com\/ntbidz"]}]}},"jetpack_sharing_enabled":true,"_links":{"self":[{"href":"https:\/\/mersatradedz.com\/ar\/wp-json\/wp\/v2\/product\/3495","targetHints":{"allow":["GET"]}}],"collection":[{"href":"https:\/\/mersatradedz.com\/ar\/wp-json\/wp\/v2\/product"}],"about":[{"href":"https:\/\/mersatradedz.com\/ar\/wp-json\/wp\/v2\/types\/product"}],"replies":[{"embeddable":true,"href":"https:\/\/mersatradedz.com\/ar\/wp-json\/wp\/v2\/comments?post=3495"}],"wp:featuredmedia":[{"embeddable":true,"href":"https:\/\/mersatradedz.com\/ar\/wp-json\/wp\/v2\/media\/3497"}],"wp:attachment":[{"href":"https:\/\/mersatradedz.com\/ar\/wp-json\/wp\/v2\/media?parent=3495"}],"wp:term":[{"taxonomy":"product_brand","embeddable":true,"href":"https:\/\/mersatradedz.com\/ar\/wp-json\/wp\/v2\/product_brand?post=3495"},{"taxonomy":"product_cat","embeddable":true,"href":"https:\/\/mersatradedz.com\/ar\/wp-json\/wp\/v2\/product_cat?post=3495"},{"taxonomy":"product_tag","embeddable":true,"href":"https:\/\/mersatradedz.com\/ar\/wp-json\/wp\/v2\/product_tag?post=3495"}],"curies":[{"name":"wp","href":"https:\/\/api.w.org\/{rel}","templated":true}]}}