{"id":3499,"date":"2025-07-08T10:46:43","date_gmt":"2025-07-08T09:46:43","guid":{"rendered":"https:\/\/mersatradedz.com\/?post_type=product&#038;p=3499"},"modified":"2025-07-08T10:48:27","modified_gmt":"2025-07-08T09:48:27","slug":"toner-canon-057-original","status":"publish","type":"product","link":"https:\/\/mersatradedz.com\/ar\/product\/toner-canon-057-original\/","title":{"rendered":"Toner Canon 057 &#8211; Original"},"content":{"rendered":"<h3 data-start=\"693\" data-end=\"889\"><strong data-start=\"693\" data-end=\"726\">Qualit\u00e9 professionnelle Canon<\/strong><\/h3>\n<p data-start=\"693\" data-end=\"889\">Le toner <strong data-start=\"738\" data-end=\"745\">057<\/strong> offre une <strong data-start=\"756\" data-end=\"778\">pr\u00e9cision optimale<\/strong> sur chaque page. Id\u00e9al pour les <strong data-start=\"811\" data-end=\"839\">documents professionnels<\/strong>, les rapports ou les impressions administratives.<\/p>\n<h3 data-start=\"891\" data-end=\"1060\"><strong data-start=\"891\" data-end=\"924\">Cartouche originale certifi\u00e9e<\/strong><\/h3>\n<p data-start=\"891\" data-end=\"1060\">Produit <strong data-start=\"935\" data-end=\"959\">100 % original Canon<\/strong>, assurant <strong data-start=\"970\" data-end=\"999\">compatibilit\u00e9, durabilit\u00e9<\/strong> et protection de votre imprimante contre l\u2019usure pr\u00e9matur\u00e9e.<\/p>\n<h3 data-start=\"1062\" data-end=\"1224\"><strong data-start=\"1062\" data-end=\"1081\">Rendement \u00e9lev\u00e9<\/strong><\/h3>\n<p data-start=\"1062\" data-end=\"1224\">Permet d\u2019imprimer jusqu\u2019\u00e0 <strong data-start=\"1110\" data-end=\"1125\">3 100 pages<\/strong> (ISO\/IEC), avec une version <strong data-start=\"1154\" data-end=\"1162\">057H<\/strong> disponible pour un rendement allant jusqu\u2019\u00e0 <strong data-start=\"1207\" data-end=\"1223\">10 000 pages<\/strong>.<\/p>\n<h3 data-start=\"1226\" data-end=\"1309\"><strong data-start=\"1226\" data-end=\"1255\">Compatibilit\u00e9 imprimantes<\/strong><\/h3>\n<p data-start=\"1226\" data-end=\"1309\">Compatible avec les imprimantes Canon suivantes :<\/p>\n<ul data-start=\"1310\" data-end=\"1452\">\n<li data-start=\"1310\" data-end=\"1337\">\n<p data-start=\"1312\" data-end=\"1337\">Canon i-SENSYS LBP220dw<\/p>\n<\/li>\n<li data-start=\"1338\" data-end=\"1365\">\n<p data-start=\"1340\" data-end=\"1365\">Canon i-SENSYS LBP230dw<\/p>\n<\/li>\n<li data-start=\"1366\" data-end=\"1392\">\n<p data-start=\"1368\" data-end=\"1392\">Canon i-SENSYS MF440dw<\/p>\n<\/li>\n<li data-start=\"1393\" data-end=\"1419\">\n<p data-start=\"1395\" data-end=\"1419\">Canon i-SENSYS MF450dw<\/p>\n<\/li>\n<li data-start=\"1420\" data-end=\"1452\">\n<p data-start=\"1422\" data-end=\"1452\">(et d\u2019autres de la m\u00eame s\u00e9rie)<\/p>\n<\/li>\n<\/ul>\n<h3 data-start=\"1454\" data-end=\"1596\"><strong data-start=\"1454\" data-end=\"1487\">Installation rapide et propre<\/strong><\/h3>\n<p data-start=\"1454\" data-end=\"1596\">Facile \u00e0 ins\u00e9rer, sans bavure ni manipulation complexe. L\u2019imprimante reconna\u00eet imm\u00e9diatement la cartouche.<\/p>\n<h3 data-start=\"1598\" data-end=\"1629\"><strong data-start=\"1598\" data-end=\"1627\">Sp\u00e9cifications techniques<\/strong><\/h3>\n<ul data-start=\"1630\" data-end=\"1888\">\n<li data-start=\"1630\" data-end=\"1663\">\n<p data-start=\"1632\" data-end=\"1663\">Mod\u00e8le : Canon 057 (3009C002)<\/p>\n<\/li>\n<li data-start=\"1664\" data-end=\"1682\">\n<p data-start=\"1666\" data-end=\"1682\">Couleur : Noir<\/p>\n<\/li>\n<li data-start=\"1683\" data-end=\"1714\">\n<p data-start=\"1685\" data-end=\"1714\">Type : Toner laser original<\/p>\n<\/li>\n<li data-start=\"1715\" data-end=\"1748\">\n<p data-start=\"1717\" data-end=\"1748\">Capacit\u00e9 : ~3 100 pages (ISO)<\/p>\n<\/li>\n<li data-start=\"1749\" data-end=\"1798\">\n<p data-start=\"1751\" data-end=\"1798\">Compatibilit\u00e9 : S\u00e9rie Canon i-SENSYS MF &amp; LBP<\/p>\n<\/li>\n<li data-start=\"1799\" data-end=\"1848\">\n<p data-start=\"1801\" data-end=\"1848\">Version haute capacit\u00e9 : 057H (~10 000 pages)<\/p>\n<\/li>\n<li data-start=\"1849\" data-end=\"1888\">\n<p data-start=\"1851\" data-end=\"1888\">Conditionnement : Bo\u00eete Canon scell\u00e9e<\/p>\n<\/li>\n<\/ul>\n<h3 data-start=\"1890\" data-end=\"2068\"><strong data-start=\"1890\" data-end=\"1914\">Fiable et \u00e9conomique<\/strong><\/h3>\n<p data-start=\"1890\" data-end=\"2068\">Le <strong data-start=\"1920\" data-end=\"1942\">Canon 057 original<\/strong> est le <strong data-start=\"1950\" data-end=\"2019\">choix id\u00e9al pour une impression nette, continue et sans compromis<\/strong>, aussi bien en entreprise qu\u2019en usage personnel.<\/p>","protected":false},"excerpt":{"rendered":"<p>Le <strong data-start=\"359\" data-end=\"387\">toner Canon 057 original<\/strong> garantit des impressions <strong data-start=\"413\" data-end=\"453\">professionnelles, nettes et durables<\/strong>. Con\u00e7u pour les imprimantes laser Canon, il offre un <strong data-start=\"507\" data-end=\"526\">rendement \u00e9lev\u00e9<\/strong> et une <strong data-start=\"534\" data-end=\"554\">fiabilit\u00e9 totale<\/strong>, id\u00e9al pour les entreprises et les environnements de production.<\/p>","protected":false},"featured_media":3500,"comment_status":"open","ping_status":"closed","template":"","meta":{"_monsterinsights_skip_tracking":false,"_monsterinsights_sitenote_active":false,"_monsterinsights_sitenote_note":"","_monsterinsights_sitenote_category":0},"product_brand":[826],"product_cat":[224],"product_tag":[1357,236,1096,849,852,851,1363,1358,1359,1364,869,1365,1360,1361,1366,1362,1354,868,254],"class_list":{"0":"post-3499","1":"product","2":"type-product","3":"status-publish","4":"has-post-thumbnail","6":"product_brand-canon","7":"product_cat-consemable","8":"product_tag-1357","9":"product_tag-canon","10":"product_tag-canon-i-sensys-lbp112","11":"product_tag-consomable","12":"product_tag-laser","13":"product_tag-lbp","14":"product_tag-lbp220dw","15":"product_tag-lbp223dw","16":"product_tag-lbp226dw","17":"product_tag-lbp230dw","18":"product_tag-mf","19":"product_tag-mf440dw","20":"product_tag-mf443dw","21":"product_tag-mf445dw","22":"product_tag-mf450dw","23":"product_tag-monochrome","24":"product_tag-original","25":"product_tag-sensys","26":"product_tag-toner","28":"first","29":"instock","30":"purchasable","31":"product-type-simple"},"yoast_head":"<!-- This site is optimized with the Yoast SEO plugin v27.4 - https:\/\/yoast.com\/product\/yoast-seo-wordpress\/ -->\n<title>Toner Canon 057 - Original - mersatradedz<\/title>\n<meta name=\"robots\" content=\"index, follow, max-snippet:-1, max-image-preview:large, max-video-preview:-1\" \/>\n<link rel=\"canonical\" href=\"https:\/\/mersatradedz.com\/ar\/product\/toner-canon-057-original\/\" \/>\n<meta property=\"og:locale\" content=\"ar_AR\" \/>\n<meta property=\"og:type\" content=\"article\" \/>\n<meta property=\"og:title\" content=\"Toner Canon 057 - Original - mersatradedz\" \/>\n<meta property=\"og:description\" content=\"Le toner Canon 057 original garantit des impressions professionnelles, nettes et durables. Con\u00e7u pour les imprimantes laser Canon, il offre un rendement \u00e9lev\u00e9 et une fiabilit\u00e9 totale, id\u00e9al pour les entreprises et les environnements de production.\" \/>\n<meta property=\"og:url\" content=\"https:\/\/mersatradedz.com\/ar\/product\/toner-canon-057-original\/\" \/>\n<meta property=\"og:site_name\" content=\"mersatradedz\" \/>\n<meta property=\"article:publisher\" content=\"https:\/\/www.facebook.com\/ntbidz\" \/>\n<meta property=\"article:modified_time\" content=\"2025-07-08T09:48:27+00:00\" \/>\n<meta property=\"og:image\" content=\"https:\/\/mersatradedz.com\/wp-content\/uploads\/2025\/07\/20250705_150521-scaled.jpg\" \/>\n\t<meta property=\"og:image:width\" content=\"1920\" \/>\n\t<meta property=\"og:image:height\" content=\"2560\" \/>\n\t<meta property=\"og:image:type\" content=\"image\/jpeg\" \/>\n<meta name=\"twitter:card\" content=\"summary_large_image\" \/>\n<meta name=\"twitter:label1\" content=\"\u0648\u0642\u062a \u0627\u0644\u0642\u0631\u0627\u0621\u0629 \u0627\u0644\u0645\u064f\u0642\u062f\u0651\u0631\" \/>\n\t<meta name=\"twitter:data1\" content=\"\u062f\u0642\u064a\u0642\u0629 \u0648\u0627\u062d\u062f\u0629\" \/>\n<script type=\"application\/ld+json\" class=\"yoast-schema-graph\">{\"@context\":\"https:\\\/\\\/schema.org\",\"@graph\":[{\"@type\":\"WebPage\",\"@id\":\"https:\\\/\\\/mersatradedz.com\\\/product\\\/toner-canon-057-original\\\/\",\"url\":\"https:\\\/\\\/mersatradedz.com\\\/product\\\/toner-canon-057-original\\\/\",\"name\":\"Toner Canon 057 - Original - mersatradedz\",\"isPartOf\":{\"@id\":\"https:\\\/\\\/mersatradedz.com\\\/#website\"},\"primaryImageOfPage\":{\"@id\":\"https:\\\/\\\/mersatradedz.com\\\/product\\\/toner-canon-057-original\\\/#primaryimage\"},\"image\":{\"@id\":\"https:\\\/\\\/mersatradedz.com\\\/product\\\/toner-canon-057-original\\\/#primaryimage\"},\"thumbnailUrl\":\"https:\\\/\\\/mersatradedz.com\\\/wp-content\\\/uploads\\\/2025\\\/07\\\/20250705_150521-scaled.jpg\",\"datePublished\":\"2025-07-08T09:46:43+00:00\",\"dateModified\":\"2025-07-08T09:48:27+00:00\",\"breadcrumb\":{\"@id\":\"https:\\\/\\\/mersatradedz.com\\\/product\\\/toner-canon-057-original\\\/#breadcrumb\"},\"inLanguage\":\"ar\",\"potentialAction\":[{\"@type\":\"ReadAction\",\"target\":[\"https:\\\/\\\/mersatradedz.com\\\/product\\\/toner-canon-057-original\\\/\"]}]},{\"@type\":\"ImageObject\",\"inLanguage\":\"ar\",\"@id\":\"https:\\\/\\\/mersatradedz.com\\\/product\\\/toner-canon-057-original\\\/#primaryimage\",\"url\":\"https:\\\/\\\/mersatradedz.com\\\/wp-content\\\/uploads\\\/2025\\\/07\\\/20250705_150521-scaled.jpg\",\"contentUrl\":\"https:\\\/\\\/mersatradedz.com\\\/wp-content\\\/uploads\\\/2025\\\/07\\\/20250705_150521-scaled.jpg\",\"width\":1920,\"height\":2560},{\"@type\":\"BreadcrumbList\",\"@id\":\"https:\\\/\\\/mersatradedz.com\\\/product\\\/toner-canon-057-original\\\/#breadcrumb\",\"itemListElement\":[{\"@type\":\"ListItem\",\"position\":1,\"name\":\"Home\",\"item\":\"https:\\\/\\\/mersatradedz.com\\\/ar\\\/\"},{\"@type\":\"ListItem\",\"position\":2,\"name\":\"Boutique\",\"item\":\"https:\\\/\\\/mersatradedz.com\\\/shop\\\/\"},{\"@type\":\"ListItem\",\"position\":3,\"name\":\"Toner Canon 057 &#8211; Original\"}]},{\"@type\":\"WebSite\",\"@id\":\"https:\\\/\\\/mersatradedz.com\\\/#website\",\"url\":\"https:\\\/\\\/mersatradedz.com\\\/\",\"name\":\"mersatradedz\",\"description\":\"\",\"publisher\":{\"@id\":\"https:\\\/\\\/mersatradedz.com\\\/#organization\"},\"potentialAction\":[{\"@type\":\"SearchAction\",\"target\":{\"@type\":\"EntryPoint\",\"urlTemplate\":\"https:\\\/\\\/mersatradedz.com\\\/?s={search_term_string}\"},\"query-input\":{\"@type\":\"PropertyValueSpecification\",\"valueRequired\":true,\"valueName\":\"search_term_string\"}}],\"inLanguage\":\"ar\"},{\"@type\":\"Organization\",\"@id\":\"https:\\\/\\\/mersatradedz.com\\\/#organization\",\"name\":\"mersa trade\",\"url\":\"https:\\\/\\\/mersatradedz.com\\\/\",\"logo\":{\"@type\":\"ImageObject\",\"inLanguage\":\"ar\",\"@id\":\"https:\\\/\\\/mersatradedz.com\\\/#\\\/schema\\\/logo\\\/image\\\/\",\"url\":\"https:\\\/\\\/mersatradedz.com\\\/wp-content\\\/uploads\\\/2023\\\/07\\\/cropped-1684191296456.jpg\",\"contentUrl\":\"https:\\\/\\\/mersatradedz.com\\\/wp-content\\\/uploads\\\/2023\\\/07\\\/cropped-1684191296456.jpg\",\"width\":1451,\"height\":955,\"caption\":\"mersa trade\"},\"image\":{\"@id\":\"https:\\\/\\\/mersatradedz.com\\\/#\\\/schema\\\/logo\\\/image\\\/\"},\"sameAs\":[\"https:\\\/\\\/www.facebook.com\\\/ntbidz\"]}]}<\/script>\n<!-- \/ Yoast SEO plugin. -->","yoast_head_json":{"title":"Toner Canon 057 - Original - mersatradedz","robots":{"index":"index","follow":"follow","max-snippet":"max-snippet:-1","max-image-preview":"max-image-preview:large","max-video-preview":"max-video-preview:-1"},"canonical":"https:\/\/mersatradedz.com\/ar\/product\/toner-canon-057-original\/","og_locale":"ar_AR","og_type":"article","og_title":"Toner Canon 057 - Original - mersatradedz","og_description":"Le toner Canon 057 original garantit des impressions professionnelles, nettes et durables. Con\u00e7u pour les imprimantes laser Canon, il offre un rendement \u00e9lev\u00e9 et une fiabilit\u00e9 totale, id\u00e9al pour les entreprises et les environnements de production.","og_url":"https:\/\/mersatradedz.com\/ar\/product\/toner-canon-057-original\/","og_site_name":"mersatradedz","article_publisher":"https:\/\/www.facebook.com\/ntbidz","article_modified_time":"2025-07-08T09:48:27+00:00","og_image":[{"width":1920,"height":2560,"url":"https:\/\/mersatradedz.com\/wp-content\/uploads\/2025\/07\/20250705_150521-scaled.jpg","type":"image\/jpeg"}],"twitter_card":"summary_large_image","twitter_misc":{"\u0648\u0642\u062a \u0627\u0644\u0642\u0631\u0627\u0621\u0629 \u0627\u0644\u0645\u064f\u0642\u062f\u0651\u0631":"\u062f\u0642\u064a\u0642\u0629 \u0648\u0627\u062d\u062f\u0629"},"schema":{"@context":"https:\/\/schema.org","@graph":[{"@type":"WebPage","@id":"https:\/\/mersatradedz.com\/product\/toner-canon-057-original\/","url":"https:\/\/mersatradedz.com\/product\/toner-canon-057-original\/","name":"Toner Canon 057 - Original - mersatradedz","isPartOf":{"@id":"https:\/\/mersatradedz.com\/#website"},"primaryImageOfPage":{"@id":"https:\/\/mersatradedz.com\/product\/toner-canon-057-original\/#primaryimage"},"image":{"@id":"https:\/\/mersatradedz.com\/product\/toner-canon-057-original\/#primaryimage"},"thumbnailUrl":"https:\/\/mersatradedz.com\/wp-content\/uploads\/2025\/07\/20250705_150521-scaled.jpg","datePublished":"2025-07-08T09:46:43+00:00","dateModified":"2025-07-08T09:48:27+00:00","breadcrumb":{"@id":"https:\/\/mersatradedz.com\/product\/toner-canon-057-original\/#breadcrumb"},"inLanguage":"ar","potentialAction":[{"@type":"ReadAction","target":["https:\/\/mersatradedz.com\/product\/toner-canon-057-original\/"]}]},{"@type":"ImageObject","inLanguage":"ar","@id":"https:\/\/mersatradedz.com\/product\/toner-canon-057-original\/#primaryimage","url":"https:\/\/mersatradedz.com\/wp-content\/uploads\/2025\/07\/20250705_150521-scaled.jpg","contentUrl":"https:\/\/mersatradedz.com\/wp-content\/uploads\/2025\/07\/20250705_150521-scaled.jpg","width":1920,"height":2560},{"@type":"BreadcrumbList","@id":"https:\/\/mersatradedz.com\/product\/toner-canon-057-original\/#breadcrumb","itemListElement":[{"@type":"ListItem","position":1,"name":"Home","item":"https:\/\/mersatradedz.com\/ar\/"},{"@type":"ListItem","position":2,"name":"Boutique","item":"https:\/\/mersatradedz.com\/shop\/"},{"@type":"ListItem","position":3,"name":"Toner Canon 057 &#8211; Original"}]},{"@type":"WebSite","@id":"https:\/\/mersatradedz.com\/#website","url":"https:\/\/mersatradedz.com\/","name":"mersatradedz","description":"","publisher":{"@id":"https:\/\/mersatradedz.com\/#organization"},"potentialAction":[{"@type":"SearchAction","target":{"@type":"EntryPoint","urlTemplate":"https:\/\/mersatradedz.com\/?s={search_term_string}"},"query-input":{"@type":"PropertyValueSpecification","valueRequired":true,"valueName":"search_term_string"}}],"inLanguage":"ar"},{"@type":"Organization","@id":"https:\/\/mersatradedz.com\/#organization","name":"mersa trade","url":"https:\/\/mersatradedz.com\/","logo":{"@type":"ImageObject","inLanguage":"ar","@id":"https:\/\/mersatradedz.com\/#\/schema\/logo\/image\/","url":"https:\/\/mersatradedz.com\/wp-content\/uploads\/2023\/07\/cropped-1684191296456.jpg","contentUrl":"https:\/\/mersatradedz.com\/wp-content\/uploads\/2023\/07\/cropped-1684191296456.jpg","width":1451,"height":955,"caption":"mersa trade"},"image":{"@id":"https:\/\/mersatradedz.com\/#\/schema\/logo\/image\/"},"sameAs":["https:\/\/www.facebook.com\/ntbidz"]}]}},"jetpack_sharing_enabled":true,"_links":{"self":[{"href":"https:\/\/mersatradedz.com\/ar\/wp-json\/wp\/v2\/product\/3499","targetHints":{"allow":["GET"]}}],"collection":[{"href":"https:\/\/mersatradedz.com\/ar\/wp-json\/wp\/v2\/product"}],"about":[{"href":"https:\/\/mersatradedz.com\/ar\/wp-json\/wp\/v2\/types\/product"}],"replies":[{"embeddable":true,"href":"https:\/\/mersatradedz.com\/ar\/wp-json\/wp\/v2\/comments?post=3499"}],"wp:featuredmedia":[{"embeddable":true,"href":"https:\/\/mersatradedz.com\/ar\/wp-json\/wp\/v2\/media\/3500"}],"wp:attachment":[{"href":"https:\/\/mersatradedz.com\/ar\/wp-json\/wp\/v2\/media?parent=3499"}],"wp:term":[{"taxonomy":"product_brand","embeddable":true,"href":"https:\/\/mersatradedz.com\/ar\/wp-json\/wp\/v2\/product_brand?post=3499"},{"taxonomy":"product_cat","embeddable":true,"href":"https:\/\/mersatradedz.com\/ar\/wp-json\/wp\/v2\/product_cat?post=3499"},{"taxonomy":"product_tag","embeddable":true,"href":"https:\/\/mersatradedz.com\/ar\/wp-json\/wp\/v2\/product_tag?post=3499"}],"curies":[{"name":"wp","href":"https:\/\/api.w.org\/{rel}","templated":true}]}}