{"id":3503,"date":"2025-07-08T11:10:01","date_gmt":"2025-07-08T10:10:01","guid":{"rendered":"https:\/\/mersatradedz.com\/?post_type=product&#038;p=3503"},"modified":"2025-07-08T11:12:53","modified_gmt":"2025-07-08T10:12:53","slug":"toner-epson-t9661-original","status":"publish","type":"product","link":"https:\/\/mersatradedz.com\/ar\/product\/toner-epson-t9661-original\/","title":{"rendered":"Toner Epson T9661 &#8211; Original"},"content":{"rendered":"<h3 data-start=\"651\" data-end=\"811\"><strong data-start=\"651\" data-end=\"681\">Qualit\u00e9 d\u2019impression Epson<\/strong><\/h3>\n<p data-start=\"651\" data-end=\"811\">Avec le <strong data-start=\"692\" data-end=\"712\">toner noir T9661<\/strong>, vous obtenez des documents aux textes nets, noirs profonds et durables, m\u00eame sur de gros volumes.<\/p>\n<h3 data-start=\"813\" data-end=\"967\"><strong data-start=\"813\" data-end=\"836\">Cartouche originale<\/strong><\/h3>\n<p data-start=\"813\" data-end=\"967\">Produit <strong data-start=\"847\" data-end=\"865\">certifi\u00e9 Epson<\/strong>, con\u00e7u pour une <strong data-start=\"882\" data-end=\"908\">compatibilit\u00e9 parfaite<\/strong>, sans risque d\u2019erreur ou de d\u00e9t\u00e9rioration de l\u2019imprimante.<\/p>\n<h3 data-start=\"969\" data-end=\"1122\"><strong data-start=\"969\" data-end=\"988\">Rendement \u00e9lev\u00e9<\/strong><\/h3>\n<p data-start=\"969\" data-end=\"1122\">Toner haute capacit\u00e9 pour un usage intensif en <strong data-start=\"1038\" data-end=\"1081\">bureaux, administrations ou entreprises<\/strong>, r\u00e9duisant la fr\u00e9quence de remplacement.<\/p>\n<h3 data-start=\"1124\" data-end=\"1248\"><strong data-start=\"1124\" data-end=\"1147\">Installation rapide<\/strong><\/h3>\n<p data-start=\"1124\" data-end=\"1248\">Facile \u00e0 ins\u00e9rer et imm\u00e9diatement reconnu par l\u2019imprimante. Aucun nettoyage ni r\u00e9glage n\u00e9cessaire.<\/p>\n<h3><strong data-start=\"1250\" data-end=\"1278\">Compatibilit\u00e9 imprimante<\/strong><\/h3>\n<p data-start=\"1250\" data-end=\"1416\">Compatible avec les <strong data-start=\"1301\" data-end=\"1336\">imprimantes Epson WorkForce Pro<\/strong> (mod\u00e8les exacts \u00e0 confirmer selon la version \u2014 ex. WF-M5690DWF, WF-M5190DW, Epson WF M5298DW , Epson WF M5299DW , Epson WF M5799DWF , Epson WorkForce Pro WF-M5298DW , Epson WorkForce Pro WF-M5299DW , Epson WorkForce Pro WF-M5799DWF<\/p>\n<h3 data-start=\"1418\" data-end=\"1449\"><strong data-start=\"1418\" data-end=\"1447\">Sp\u00e9cifications techniques<\/strong><\/h3>\n<ul data-start=\"1450\" data-end=\"1738\">\n<li data-start=\"1450\" data-end=\"1487\">\n<p data-start=\"1452\" data-end=\"1487\">Mod\u00e8le : Epson T9661 (C13T966140)<\/p>\n<\/li>\n<li data-start=\"1488\" data-end=\"1506\">\n<p data-start=\"1490\" data-end=\"1506\">Couleur : Noir<\/p>\n<\/li>\n<li data-start=\"1507\" data-end=\"1532\">\n<p data-start=\"1509\" data-end=\"1532\">Type : Toner original<\/p>\n<\/li>\n<li data-start=\"1533\" data-end=\"1604\">\n<p data-start=\"1535\" data-end=\"1604\">Capacit\u00e9 : Rendement \u00e9lev\u00e9 (environ 8 000 \u00e0 10 000 pages selon ISO)<\/p>\n<\/li>\n<li data-start=\"1605\" data-end=\"1658\">\n<p data-start=\"1607\" data-end=\"1658\">Compatibilit\u00e9 : Epson WorkForce Pro (selon s\u00e9rie)<\/p>\n<\/li>\n<li data-start=\"1659\" data-end=\"1698\">\n<p data-start=\"1661\" data-end=\"1698\">Usage : Professionnel \/ bureautique<\/p>\n<\/li>\n<li data-start=\"1699\" data-end=\"1738\">\n<p data-start=\"1701\" data-end=\"1738\">Conditionnement : Bo\u00eete scell\u00e9e Epson<\/p>\n<\/li>\n<\/ul>\n<h3 data-start=\"1740\" data-end=\"1921\"><strong data-start=\"1740\" data-end=\"1770\">Choix professionnel fiable<\/strong><\/h3>\n<p data-start=\"1740\" data-end=\"1921\">Le <strong data-start=\"1776\" data-end=\"1794\">T9661 original<\/strong> est la garantie d\u2019une impression <strong data-start=\"1828\" data-end=\"1867\">sans d\u00e9faut, sans bavure et durable<\/strong>, avec un excellent rapport qualit\u00e9\/prix \u00e0 long terme.<\/p>","protected":false},"excerpt":{"rendered":"<p data-start=\"363\" data-end=\"577\">Le <strong data-start=\"366\" data-end=\"396\">toner original Epson T9661<\/strong> garantit une impression professionnelle, nette et durable. Con\u00e7u sp\u00e9cifiquement pour les imprimantes compatibles Epson, il assure une performance constante et un rendement optimal.<\/p>","protected":false},"featured_media":3504,"comment_status":"open","ping_status":"closed","template":"","meta":{"_monsterinsights_skip_tracking":false,"_monsterinsights_sitenote_active":false,"_monsterinsights_sitenote_note":"","_monsterinsights_sitenote_category":0},"product_brand":[1185],"product_cat":[224],"product_tag":[1367,1368,849,227,1372,1373,1374,1375,1376,1377,1370,1362,1354,1369,254,1371],"class_list":{"0":"post-3503","1":"product","2":"type-product","3":"status-publish","4":"has-post-thumbnail","6":"product_brand-epson","7":"product_cat-consemable","8":"product_tag-1367","9":"product_tag-1368","10":"product_tag-consomable","11":"product_tag-epson","12":"product_tag-epson-wf-m5298dw","13":"product_tag-epson-wf-m5299dw","14":"product_tag-epson-wf-m5799dwf","15":"product_tag-epson-workforce-pro-wf-m5298dw","16":"product_tag-epson-workforce-pro-wf-m5299dw","17":"product_tag-epson-workforce-pro-wf-m5799dwf","18":"product_tag-m5690dwf","19":"product_tag-monochrome","20":"product_tag-original","21":"product_tag-t9661","22":"product_tag-toner","23":"product_tag-wf-m5190dw","25":"first","26":"instock","27":"purchasable","28":"product-type-simple"},"yoast_head":"<!-- This site is optimized with the Yoast SEO plugin v27.4 - https:\/\/yoast.com\/product\/yoast-seo-wordpress\/ -->\n<title>Toner Epson T9661 - Original - mersatradedz<\/title>\n<meta name=\"robots\" content=\"index, follow, max-snippet:-1, max-image-preview:large, max-video-preview:-1\" \/>\n<link rel=\"canonical\" href=\"https:\/\/mersatradedz.com\/ar\/product\/toner-epson-t9661-original\/\" \/>\n<meta property=\"og:locale\" content=\"ar_AR\" \/>\n<meta property=\"og:type\" content=\"article\" \/>\n<meta property=\"og:title\" content=\"Toner Epson T9661 - Original - mersatradedz\" \/>\n<meta property=\"og:description\" content=\"Le toner original Epson T9661 garantit une impression professionnelle, nette et durable. Con\u00e7u sp\u00e9cifiquement pour les imprimantes compatibles Epson, il assure une performance constante et un rendement optimal.\" \/>\n<meta property=\"og:url\" content=\"https:\/\/mersatradedz.com\/ar\/product\/toner-epson-t9661-original\/\" \/>\n<meta property=\"og:site_name\" content=\"mersatradedz\" \/>\n<meta property=\"article:publisher\" content=\"https:\/\/www.facebook.com\/ntbidz\" \/>\n<meta property=\"article:modified_time\" content=\"2025-07-08T10:12:53+00:00\" \/>\n<meta property=\"og:image\" content=\"https:\/\/mersatradedz.com\/wp-content\/uploads\/2025\/07\/20250705_150633-scaled.jpg\" \/>\n\t<meta property=\"og:image:width\" content=\"1920\" \/>\n\t<meta property=\"og:image:height\" content=\"2560\" \/>\n\t<meta property=\"og:image:type\" content=\"image\/jpeg\" \/>\n<meta name=\"twitter:card\" content=\"summary_large_image\" \/>\n<meta name=\"twitter:label1\" content=\"\u0648\u0642\u062a \u0627\u0644\u0642\u0631\u0627\u0621\u0629 \u0627\u0644\u0645\u064f\u0642\u062f\u0651\u0631\" \/>\n\t<meta name=\"twitter:data1\" content=\"\u062f\u0642\u064a\u0642\u0629 \u0648\u0627\u062d\u062f\u0629\" \/>\n<script type=\"application\/ld+json\" class=\"yoast-schema-graph\">{\"@context\":\"https:\\\/\\\/schema.org\",\"@graph\":[{\"@type\":\"WebPage\",\"@id\":\"https:\\\/\\\/mersatradedz.com\\\/product\\\/toner-epson-t9661-original\\\/\",\"url\":\"https:\\\/\\\/mersatradedz.com\\\/product\\\/toner-epson-t9661-original\\\/\",\"name\":\"Toner Epson T9661 - Original - mersatradedz\",\"isPartOf\":{\"@id\":\"https:\\\/\\\/mersatradedz.com\\\/#website\"},\"primaryImageOfPage\":{\"@id\":\"https:\\\/\\\/mersatradedz.com\\\/product\\\/toner-epson-t9661-original\\\/#primaryimage\"},\"image\":{\"@id\":\"https:\\\/\\\/mersatradedz.com\\\/product\\\/toner-epson-t9661-original\\\/#primaryimage\"},\"thumbnailUrl\":\"https:\\\/\\\/mersatradedz.com\\\/wp-content\\\/uploads\\\/2025\\\/07\\\/20250705_150633-scaled.jpg\",\"datePublished\":\"2025-07-08T10:10:01+00:00\",\"dateModified\":\"2025-07-08T10:12:53+00:00\",\"breadcrumb\":{\"@id\":\"https:\\\/\\\/mersatradedz.com\\\/product\\\/toner-epson-t9661-original\\\/#breadcrumb\"},\"inLanguage\":\"ar\",\"potentialAction\":[{\"@type\":\"ReadAction\",\"target\":[\"https:\\\/\\\/mersatradedz.com\\\/product\\\/toner-epson-t9661-original\\\/\"]}]},{\"@type\":\"ImageObject\",\"inLanguage\":\"ar\",\"@id\":\"https:\\\/\\\/mersatradedz.com\\\/product\\\/toner-epson-t9661-original\\\/#primaryimage\",\"url\":\"https:\\\/\\\/mersatradedz.com\\\/wp-content\\\/uploads\\\/2025\\\/07\\\/20250705_150633-scaled.jpg\",\"contentUrl\":\"https:\\\/\\\/mersatradedz.com\\\/wp-content\\\/uploads\\\/2025\\\/07\\\/20250705_150633-scaled.jpg\",\"width\":1920,\"height\":2560},{\"@type\":\"BreadcrumbList\",\"@id\":\"https:\\\/\\\/mersatradedz.com\\\/product\\\/toner-epson-t9661-original\\\/#breadcrumb\",\"itemListElement\":[{\"@type\":\"ListItem\",\"position\":1,\"name\":\"Home\",\"item\":\"https:\\\/\\\/mersatradedz.com\\\/ar\\\/\"},{\"@type\":\"ListItem\",\"position\":2,\"name\":\"Boutique\",\"item\":\"https:\\\/\\\/mersatradedz.com\\\/shop\\\/\"},{\"@type\":\"ListItem\",\"position\":3,\"name\":\"Toner Epson T9661 &#8211; Original\"}]},{\"@type\":\"WebSite\",\"@id\":\"https:\\\/\\\/mersatradedz.com\\\/#website\",\"url\":\"https:\\\/\\\/mersatradedz.com\\\/\",\"name\":\"mersatradedz\",\"description\":\"\",\"publisher\":{\"@id\":\"https:\\\/\\\/mersatradedz.com\\\/#organization\"},\"potentialAction\":[{\"@type\":\"SearchAction\",\"target\":{\"@type\":\"EntryPoint\",\"urlTemplate\":\"https:\\\/\\\/mersatradedz.com\\\/?s={search_term_string}\"},\"query-input\":{\"@type\":\"PropertyValueSpecification\",\"valueRequired\":true,\"valueName\":\"search_term_string\"}}],\"inLanguage\":\"ar\"},{\"@type\":\"Organization\",\"@id\":\"https:\\\/\\\/mersatradedz.com\\\/#organization\",\"name\":\"mersa trade\",\"url\":\"https:\\\/\\\/mersatradedz.com\\\/\",\"logo\":{\"@type\":\"ImageObject\",\"inLanguage\":\"ar\",\"@id\":\"https:\\\/\\\/mersatradedz.com\\\/#\\\/schema\\\/logo\\\/image\\\/\",\"url\":\"https:\\\/\\\/mersatradedz.com\\\/wp-content\\\/uploads\\\/2023\\\/07\\\/cropped-1684191296456.jpg\",\"contentUrl\":\"https:\\\/\\\/mersatradedz.com\\\/wp-content\\\/uploads\\\/2023\\\/07\\\/cropped-1684191296456.jpg\",\"width\":1451,\"height\":955,\"caption\":\"mersa trade\"},\"image\":{\"@id\":\"https:\\\/\\\/mersatradedz.com\\\/#\\\/schema\\\/logo\\\/image\\\/\"},\"sameAs\":[\"https:\\\/\\\/www.facebook.com\\\/ntbidz\"]}]}<\/script>\n<!-- \/ Yoast SEO plugin. -->","yoast_head_json":{"title":"Toner Epson T9661 - Original - mersatradedz","robots":{"index":"index","follow":"follow","max-snippet":"max-snippet:-1","max-image-preview":"max-image-preview:large","max-video-preview":"max-video-preview:-1"},"canonical":"https:\/\/mersatradedz.com\/ar\/product\/toner-epson-t9661-original\/","og_locale":"ar_AR","og_type":"article","og_title":"Toner Epson T9661 - Original - mersatradedz","og_description":"Le toner original Epson T9661 garantit une impression professionnelle, nette et durable. Con\u00e7u sp\u00e9cifiquement pour les imprimantes compatibles Epson, il assure une performance constante et un rendement optimal.","og_url":"https:\/\/mersatradedz.com\/ar\/product\/toner-epson-t9661-original\/","og_site_name":"mersatradedz","article_publisher":"https:\/\/www.facebook.com\/ntbidz","article_modified_time":"2025-07-08T10:12:53+00:00","og_image":[{"width":1920,"height":2560,"url":"https:\/\/mersatradedz.com\/wp-content\/uploads\/2025\/07\/20250705_150633-scaled.jpg","type":"image\/jpeg"}],"twitter_card":"summary_large_image","twitter_misc":{"\u0648\u0642\u062a \u0627\u0644\u0642\u0631\u0627\u0621\u0629 \u0627\u0644\u0645\u064f\u0642\u062f\u0651\u0631":"\u062f\u0642\u064a\u0642\u0629 \u0648\u0627\u062d\u062f\u0629"},"schema":{"@context":"https:\/\/schema.org","@graph":[{"@type":"WebPage","@id":"https:\/\/mersatradedz.com\/product\/toner-epson-t9661-original\/","url":"https:\/\/mersatradedz.com\/product\/toner-epson-t9661-original\/","name":"Toner Epson T9661 - Original - mersatradedz","isPartOf":{"@id":"https:\/\/mersatradedz.com\/#website"},"primaryImageOfPage":{"@id":"https:\/\/mersatradedz.com\/product\/toner-epson-t9661-original\/#primaryimage"},"image":{"@id":"https:\/\/mersatradedz.com\/product\/toner-epson-t9661-original\/#primaryimage"},"thumbnailUrl":"https:\/\/mersatradedz.com\/wp-content\/uploads\/2025\/07\/20250705_150633-scaled.jpg","datePublished":"2025-07-08T10:10:01+00:00","dateModified":"2025-07-08T10:12:53+00:00","breadcrumb":{"@id":"https:\/\/mersatradedz.com\/product\/toner-epson-t9661-original\/#breadcrumb"},"inLanguage":"ar","potentialAction":[{"@type":"ReadAction","target":["https:\/\/mersatradedz.com\/product\/toner-epson-t9661-original\/"]}]},{"@type":"ImageObject","inLanguage":"ar","@id":"https:\/\/mersatradedz.com\/product\/toner-epson-t9661-original\/#primaryimage","url":"https:\/\/mersatradedz.com\/wp-content\/uploads\/2025\/07\/20250705_150633-scaled.jpg","contentUrl":"https:\/\/mersatradedz.com\/wp-content\/uploads\/2025\/07\/20250705_150633-scaled.jpg","width":1920,"height":2560},{"@type":"BreadcrumbList","@id":"https:\/\/mersatradedz.com\/product\/toner-epson-t9661-original\/#breadcrumb","itemListElement":[{"@type":"ListItem","position":1,"name":"Home","item":"https:\/\/mersatradedz.com\/ar\/"},{"@type":"ListItem","position":2,"name":"Boutique","item":"https:\/\/mersatradedz.com\/shop\/"},{"@type":"ListItem","position":3,"name":"Toner Epson T9661 &#8211; Original"}]},{"@type":"WebSite","@id":"https:\/\/mersatradedz.com\/#website","url":"https:\/\/mersatradedz.com\/","name":"mersatradedz","description":"","publisher":{"@id":"https:\/\/mersatradedz.com\/#organization"},"potentialAction":[{"@type":"SearchAction","target":{"@type":"EntryPoint","urlTemplate":"https:\/\/mersatradedz.com\/?s={search_term_string}"},"query-input":{"@type":"PropertyValueSpecification","valueRequired":true,"valueName":"search_term_string"}}],"inLanguage":"ar"},{"@type":"Organization","@id":"https:\/\/mersatradedz.com\/#organization","name":"mersa trade","url":"https:\/\/mersatradedz.com\/","logo":{"@type":"ImageObject","inLanguage":"ar","@id":"https:\/\/mersatradedz.com\/#\/schema\/logo\/image\/","url":"https:\/\/mersatradedz.com\/wp-content\/uploads\/2023\/07\/cropped-1684191296456.jpg","contentUrl":"https:\/\/mersatradedz.com\/wp-content\/uploads\/2023\/07\/cropped-1684191296456.jpg","width":1451,"height":955,"caption":"mersa trade"},"image":{"@id":"https:\/\/mersatradedz.com\/#\/schema\/logo\/image\/"},"sameAs":["https:\/\/www.facebook.com\/ntbidz"]}]}},"jetpack_sharing_enabled":true,"_links":{"self":[{"href":"https:\/\/mersatradedz.com\/ar\/wp-json\/wp\/v2\/product\/3503","targetHints":{"allow":["GET"]}}],"collection":[{"href":"https:\/\/mersatradedz.com\/ar\/wp-json\/wp\/v2\/product"}],"about":[{"href":"https:\/\/mersatradedz.com\/ar\/wp-json\/wp\/v2\/types\/product"}],"replies":[{"embeddable":true,"href":"https:\/\/mersatradedz.com\/ar\/wp-json\/wp\/v2\/comments?post=3503"}],"wp:featuredmedia":[{"embeddable":true,"href":"https:\/\/mersatradedz.com\/ar\/wp-json\/wp\/v2\/media\/3504"}],"wp:attachment":[{"href":"https:\/\/mersatradedz.com\/ar\/wp-json\/wp\/v2\/media?parent=3503"}],"wp:term":[{"taxonomy":"product_brand","embeddable":true,"href":"https:\/\/mersatradedz.com\/ar\/wp-json\/wp\/v2\/product_brand?post=3503"},{"taxonomy":"product_cat","embeddable":true,"href":"https:\/\/mersatradedz.com\/ar\/wp-json\/wp\/v2\/product_cat?post=3503"},{"taxonomy":"product_tag","embeddable":true,"href":"https:\/\/mersatradedz.com\/ar\/wp-json\/wp\/v2\/product_tag?post=3503"}],"curies":[{"name":"wp","href":"https:\/\/api.w.org\/{rel}","templated":true}]}}