{"id":3633,"date":"2025-07-29T09:13:26","date_gmt":"2025-07-29T08:13:26","guid":{"rendered":"https:\/\/mersatradedz.com\/?post_type=product&#038;p=3633"},"modified":"2025-08-07T14:05:22","modified_gmt":"2025-08-07T13:05:22","slug":"compteuse-de-billets-nx%e2%80%91700b","status":"publish","type":"product","link":"https:\/\/mersatradedz.com\/ar\/product\/compteuse-de-billets-nx%e2%80%91700b\/","title":{"rendered":"Compteuse de Billets NX\u2011700B"},"content":{"rendered":"<h3 data-start=\"466\" data-end=\"494\">Pr\u00e9sentation g\u00e9n\u00e9rale<\/h3>\n<p style=\"padding-left: 40px;\" data-start=\"495\" data-end=\"532\"><span class=\"relative -mx-px my-[-0.2rem] rounded px-px py-[0.2rem] transition-colors duration-100 ease-in-out\">La <strong data-start=\"3\" data-end=\"14\">NX\u2011700B<\/strong> s\u2019adresse aux professionnels et commerces souhaitant optimiser la gestion de leurs esp\u00e8ces. Gr\u00e2ce \u00e0 son design vertical intuitif, elle offre un comptage fluide sans risque de bourrage ni de vol de billets.<\/span><\/p>\n<h3 data-start=\"534\" data-end=\"560\">Rapidit\u00e9 &amp; capacit\u00e9<\/h3>\n<ul data-start=\"561\" data-end=\"724\">\n<li data-start=\"561\" data-end=\"640\">\n<p data-start=\"563\" data-end=\"640\"><span class=\"relative -mx-px my-[-0.2rem] rounded px-px py-[0.2rem] transition-colors duration-100 ease-in-out\">Vitesse de<strong data-start=\"0\" data-end=\"38\" data-is-only-node=\"\"> 800 \u00e0 1\u202f900 billets\/min<\/strong><\/span><\/p>\n<\/li>\n<li data-start=\"561\" data-end=\"640\">Bac d\u2019alimentation <strong data-start=\"0\" data-end=\"43\" data-is-only-node=\"\">(~500 billets)<\/strong> et empileur (<strong>~200 billets<\/strong>) pour un traitement continu sans chargements fr\u00e9quents<\/li>\n<\/ul>\n<h3 data-start=\"726\" data-end=\"758\">\u00c9cran tactile &amp; ergonomie<\/h3>\n<ul data-start=\"759\" data-end=\"926\">\n<li data-start=\"759\" data-end=\"842\">\n<p data-start=\"761\" data-end=\"842\"><span class=\"relative -mx-px my-[-0.2rem] rounded px-px py-[0.2rem] transition-colors duration-100 ease-in-out\">\u00c9cran <strong data-start=\"14\" data-end=\"30\">4,3\u2033 couleur<\/strong> offrant une interface claire, y compris pour les totaux ou les alertes<\/span><\/p>\n<\/li>\n<li data-start=\"759\" data-end=\"842\">Construction l\u00e9g\u00e8re (<strong>~5\u202fkg<\/strong>), format vertical et poign\u00e9e int\u00e9gr\u00e9e pour faciliter la mobilit\u00e9 en poste<\/li>\n<\/ul>\n<p><img fetchpriority=\"high\" decoding=\"async\" class=\"wp-image-3640 aligncenter\" src=\"https:\/\/mersatradedz.com\/wp-content\/uploads\/2025\/07\/6-300x300.jpg\" alt=\"\" width=\"500\" height=\"500\" srcset=\"https:\/\/mersatradedz.com\/wp-content\/uploads\/2025\/07\/6-300x300.jpg 300w, https:\/\/mersatradedz.com\/wp-content\/uploads\/2025\/07\/6-1024x1024.jpg 1024w, https:\/\/mersatradedz.com\/wp-content\/uploads\/2025\/07\/6-150x150.jpg 150w, https:\/\/mersatradedz.com\/wp-content\/uploads\/2025\/07\/6-768x768.jpg 768w, https:\/\/mersatradedz.com\/wp-content\/uploads\/2025\/07\/6-12x12.jpg 12w, https:\/\/mersatradedz.com\/wp-content\/uploads\/2025\/07\/6-600x600.jpg 600w, https:\/\/mersatradedz.com\/wp-content\/uploads\/2025\/07\/6-100x100.jpg 100w, https:\/\/mersatradedz.com\/wp-content\/uploads\/2025\/07\/6-64x64.jpg 64w, https:\/\/mersatradedz.com\/wp-content\/uploads\/2025\/07\/6.jpg 1080w\" sizes=\"(max-width: 500px) 100vw, 500px\" \/><\/p>\n<h3 data-start=\"928\" data-end=\"961\">S\u00e9curit\u00e9 anti-faux billets<\/h3>\n<ul data-start=\"962\" data-end=\"1045\">\n<li data-start=\"962\" data-end=\"1045\">\n<p data-start=\"964\" data-end=\"1045\"><span class=\"relative -mx-px my-[-0.2rem] rounded px-px py-[0.2rem] transition-colors duration-100 ease-in-out\">D\u00e9tection sophistiqu\u00e9e via <strong data-start=\"37\" data-end=\"59\" data-is-last-node=\"\">UV, IR, MG, MT, DD<\/strong>, avec arr\u00eat automatique en cas de suspicion<\/span><\/p>\n<\/li>\n<\/ul>\n<h3 data-start=\"1047\" data-end=\"1071\">Modes de comptage<\/h3>\n<ul data-start=\"1072\" data-end=\"1199\">\n<li data-start=\"1072\" data-end=\"1155\">\n<p data-start=\"1074\" data-end=\"1155\"><span class=\"relative -mx-px my-[-0.2rem] rounded px-px py-[0.2rem] transition-colors duration-100 ease-in-out\">Comptage simple, addition cumul\u00e9e, mode lot (batch programmable entre <strong>1 et 999 billets<\/strong>)<\/span><\/p>\n<\/li>\n<li data-start=\"1072\" data-end=\"1155\"><span class=\"relative -mx-px my-[-0.2rem] rounded px-px py-[0.2rem] transition-colors duration-100 ease-in-out\">V\u00e9rification automatique des billets doubles ou mal plac\u00e9s<\/span><\/li>\n<\/ul>\n<p><img decoding=\"async\" class=\"wp-image-3639 aligncenter\" src=\"https:\/\/mersatradedz.com\/wp-content\/uploads\/2025\/07\/5-300x300.jpg\" alt=\"\" width=\"500\" height=\"500\" srcset=\"https:\/\/mersatradedz.com\/wp-content\/uploads\/2025\/07\/5-300x300.jpg 300w, https:\/\/mersatradedz.com\/wp-content\/uploads\/2025\/07\/5-1024x1024.jpg 1024w, https:\/\/mersatradedz.com\/wp-content\/uploads\/2025\/07\/5-150x150.jpg 150w, https:\/\/mersatradedz.com\/wp-content\/uploads\/2025\/07\/5-768x768.jpg 768w, https:\/\/mersatradedz.com\/wp-content\/uploads\/2025\/07\/5-12x12.jpg 12w, https:\/\/mersatradedz.com\/wp-content\/uploads\/2025\/07\/5-600x600.jpg 600w, https:\/\/mersatradedz.com\/wp-content\/uploads\/2025\/07\/5-100x100.jpg 100w, https:\/\/mersatradedz.com\/wp-content\/uploads\/2025\/07\/5-64x64.jpg 64w, https:\/\/mersatradedz.com\/wp-content\/uploads\/2025\/07\/5.jpg 1080w\" sizes=\"(max-width: 500px) 100vw, 500px\" \/><\/p>\n<h3 data-start=\"1318\" data-end=\"1350\">Sp\u00e9cifications techniques<\/h3>\n<ul data-start=\"1351\" data-end=\"1602\">\n<li data-start=\"1351\" data-end=\"1434\">\n<p data-start=\"1353\" data-end=\"1434\"><span class=\"relative -mx-px my-[-0.2rem] rounded px-px py-[0.2rem] transition-colors duration-100 ease-in-out\">Dimensions compactes (<strong>~240\u00d7260\u00d7250\u202fmm<\/strong>), poids <strong>~5\u202fkg<\/strong>\u00a0<\/span><\/p>\n<\/li>\n<\/ul>\n<ul data-start=\"1233\" data-end=\"1316\">\n<li data-start=\"1233\" data-end=\"1316\">\n<p data-start=\"1235\" data-end=\"1316\">Consommation \u00e9lectrique mod\u00e9r\u00e9e (<strong>&lt; 90\u202fW<\/strong>), et fonctionnement silencieux (<strong>&lt;\u202f60\u202fdB<\/strong>)<\/p>\n<\/li>\n<\/ul>\n","protected":false},"excerpt":{"rendered":"<p style=\"text-align: left;\"><span class=\"relative -mx-px my-[-0.2rem] rounded px-px py-[0.2rem] transition-colors duration-100 ease-in-out\">Vitesse de comptage de <strong data-start=\"23\" data-end=\"50\">800 \u00e0 1\u202f900 billets\/min<\/strong> \ud83d\udd51<\/span><\/p>\n<p style=\"text-align: left;\"><span class=\"relative -mx-px my-[-0.2rem] rounded px-px py-[0.2rem] transition-colors duration-100 ease-in-out\">Grand bac d\u2019alimentation (<strong>jusqu&rsquo;\u00e0<\/strong> <strong data-start=\"27\" data-end=\"42\" data-is-only-node=\"\">500 billets<\/strong>)<\/span><\/p>\n<p style=\"text-align: left;\"><span class=\"relative -mx-px my-[-0.2rem] rounded px-px py-[0.2rem] transition-colors duration-100 ease-in-out\">\u00c9cran couleur, navigation intuitive<\/span><\/p>\n<p style=\"text-align: left;\"><span class=\"relative -mx-px my-[-0.2rem] rounded px-px py-[0.2rem] transition-colors duration-100 ease-in-out\">D\u00e9tection avanc\u00e9e des faux billets : <strong data-start=\"37\" data-end=\"59\" data-is-last-node=\"\">UV, IR, MG, MT, DD<\/strong><\/span><\/p>\n<p style=\"text-align: left;\"><span class=\"relative -mx-px my-[-0.2rem] rounded px-px py-[0.2rem] transition-colors duration-100 ease-in-out\">Compatible avec de multiples devises et tailles de billets (110\u00d760 \u00e0 185\u00d790\u202fmm)\u00a0<\/span><\/p>\n","protected":false},"featured_media":3635,"comment_status":"open","ping_status":"closed","template":"","meta":{"_monsterinsights_skip_tracking":false,"_monsterinsights_sitenote_active":false,"_monsterinsights_sitenote_note":"","_monsterinsights_sitenote_category":0},"product_brand":[],"product_cat":[733],"product_tag":[],"class_list":{"0":"post-3633","1":"product","2":"type-product","3":"status-publish","4":"has-post-thumbnail","6":"product_cat-compteuse-de-billet","7":"product_shipping_class-7kg","9":"first","10":"instock","11":"purchasable","12":"product-type-simple"},"yoast_head":"<!-- This site is optimized with the Yoast SEO plugin v27.4 - https:\/\/yoast.com\/product\/yoast-seo-wordpress\/ -->\n<title>Compteuse de Billets NX\u2011700B - mersatradedz<\/title>\n<meta name=\"robots\" content=\"index, follow, max-snippet:-1, max-image-preview:large, max-video-preview:-1\" \/>\n<link rel=\"canonical\" href=\"https:\/\/mersatradedz.com\/ar\/product\/compteuse-de-billets-nx\u2011700b\/\" \/>\n<meta property=\"og:locale\" content=\"ar_AR\" \/>\n<meta property=\"og:type\" content=\"article\" \/>\n<meta property=\"og:title\" content=\"Compteuse de Billets NX\u2011700B - mersatradedz\" \/>\n<meta property=\"og:description\" content=\"Vitesse de comptage de 800 \u00e0 1\u202f900 billets\/min \ud83d\udd51 Grand bac d\u2019alimentation (jusqu&#039;\u00e0 500 billets) \u00c9cran couleur, navigation intuitive D\u00e9tection avanc\u00e9e des faux billets : UV, IR, MG, MT, DD Compatible avec de multiples devises et tailles de billets (110\u00d760 \u00e0 185\u00d790\u202fmm)\u00a0\" \/>\n<meta property=\"og:url\" content=\"https:\/\/mersatradedz.com\/ar\/product\/compteuse-de-billets-nx\u2011700b\/\" \/>\n<meta property=\"og:site_name\" content=\"mersatradedz\" \/>\n<meta property=\"article:publisher\" content=\"https:\/\/www.facebook.com\/ntbidz\" \/>\n<meta property=\"article:modified_time\" content=\"2025-08-07T13:05:22+00:00\" \/>\n<meta property=\"og:image\" content=\"https:\/\/mersatradedz.com\/wp-content\/uploads\/2025\/07\/1.jpg\" \/>\n\t<meta property=\"og:image:width\" content=\"1080\" \/>\n\t<meta property=\"og:image:height\" content=\"1080\" \/>\n\t<meta property=\"og:image:type\" content=\"image\/jpeg\" \/>\n<meta name=\"twitter:card\" content=\"summary_large_image\" \/>\n<meta name=\"twitter:label1\" content=\"\u0648\u0642\u062a \u0627\u0644\u0642\u0631\u0627\u0621\u0629 \u0627\u0644\u0645\u064f\u0642\u062f\u0651\u0631\" \/>\n\t<meta name=\"twitter:data1\" content=\"\u062f\u0642\u064a\u0642\u0629 \u0648\u0627\u062d\u062f\u0629\" \/>\n<script type=\"application\/ld+json\" class=\"yoast-schema-graph\">{\"@context\":\"https:\\\/\\\/schema.org\",\"@graph\":[{\"@type\":\"WebPage\",\"@id\":\"https:\\\/\\\/mersatradedz.com\\\/product\\\/compteuse-de-billets-nx%e2%80%91700b\\\/\",\"url\":\"https:\\\/\\\/mersatradedz.com\\\/product\\\/compteuse-de-billets-nx%e2%80%91700b\\\/\",\"name\":\"Compteuse de Billets NX\u2011700B - mersatradedz\",\"isPartOf\":{\"@id\":\"https:\\\/\\\/mersatradedz.com\\\/#website\"},\"primaryImageOfPage\":{\"@id\":\"https:\\\/\\\/mersatradedz.com\\\/product\\\/compteuse-de-billets-nx%e2%80%91700b\\\/#primaryimage\"},\"image\":{\"@id\":\"https:\\\/\\\/mersatradedz.com\\\/product\\\/compteuse-de-billets-nx%e2%80%91700b\\\/#primaryimage\"},\"thumbnailUrl\":\"https:\\\/\\\/mersatradedz.com\\\/wp-content\\\/uploads\\\/2025\\\/07\\\/1.jpg\",\"datePublished\":\"2025-07-29T08:13:26+00:00\",\"dateModified\":\"2025-08-07T13:05:22+00:00\",\"breadcrumb\":{\"@id\":\"https:\\\/\\\/mersatradedz.com\\\/product\\\/compteuse-de-billets-nx%e2%80%91700b\\\/#breadcrumb\"},\"inLanguage\":\"ar\",\"potentialAction\":[{\"@type\":\"ReadAction\",\"target\":[\"https:\\\/\\\/mersatradedz.com\\\/product\\\/compteuse-de-billets-nx%e2%80%91700b\\\/\"]}]},{\"@type\":\"ImageObject\",\"inLanguage\":\"ar\",\"@id\":\"https:\\\/\\\/mersatradedz.com\\\/product\\\/compteuse-de-billets-nx%e2%80%91700b\\\/#primaryimage\",\"url\":\"https:\\\/\\\/mersatradedz.com\\\/wp-content\\\/uploads\\\/2025\\\/07\\\/1.jpg\",\"contentUrl\":\"https:\\\/\\\/mersatradedz.com\\\/wp-content\\\/uploads\\\/2025\\\/07\\\/1.jpg\",\"width\":1080,\"height\":1080},{\"@type\":\"BreadcrumbList\",\"@id\":\"https:\\\/\\\/mersatradedz.com\\\/product\\\/compteuse-de-billets-nx%e2%80%91700b\\\/#breadcrumb\",\"itemListElement\":[{\"@type\":\"ListItem\",\"position\":1,\"name\":\"Home\",\"item\":\"https:\\\/\\\/mersatradedz.com\\\/ar\\\/\"},{\"@type\":\"ListItem\",\"position\":2,\"name\":\"Boutique\",\"item\":\"https:\\\/\\\/mersatradedz.com\\\/shop\\\/\"},{\"@type\":\"ListItem\",\"position\":3,\"name\":\"Compteuse de Billets NX\u2011700B\"}]},{\"@type\":\"WebSite\",\"@id\":\"https:\\\/\\\/mersatradedz.com\\\/#website\",\"url\":\"https:\\\/\\\/mersatradedz.com\\\/\",\"name\":\"mersatradedz\",\"description\":\"\",\"publisher\":{\"@id\":\"https:\\\/\\\/mersatradedz.com\\\/#organization\"},\"potentialAction\":[{\"@type\":\"SearchAction\",\"target\":{\"@type\":\"EntryPoint\",\"urlTemplate\":\"https:\\\/\\\/mersatradedz.com\\\/?s={search_term_string}\"},\"query-input\":{\"@type\":\"PropertyValueSpecification\",\"valueRequired\":true,\"valueName\":\"search_term_string\"}}],\"inLanguage\":\"ar\"},{\"@type\":\"Organization\",\"@id\":\"https:\\\/\\\/mersatradedz.com\\\/#organization\",\"name\":\"mersa trade\",\"url\":\"https:\\\/\\\/mersatradedz.com\\\/\",\"logo\":{\"@type\":\"ImageObject\",\"inLanguage\":\"ar\",\"@id\":\"https:\\\/\\\/mersatradedz.com\\\/#\\\/schema\\\/logo\\\/image\\\/\",\"url\":\"https:\\\/\\\/mersatradedz.com\\\/wp-content\\\/uploads\\\/2023\\\/07\\\/cropped-1684191296456.jpg\",\"contentUrl\":\"https:\\\/\\\/mersatradedz.com\\\/wp-content\\\/uploads\\\/2023\\\/07\\\/cropped-1684191296456.jpg\",\"width\":1451,\"height\":955,\"caption\":\"mersa trade\"},\"image\":{\"@id\":\"https:\\\/\\\/mersatradedz.com\\\/#\\\/schema\\\/logo\\\/image\\\/\"},\"sameAs\":[\"https:\\\/\\\/www.facebook.com\\\/ntbidz\"]}]}<\/script>\n<!-- \/ Yoast SEO plugin. -->","yoast_head_json":{"title":"Compteuse de Billets NX\u2011700B - mersatradedz","robots":{"index":"index","follow":"follow","max-snippet":"max-snippet:-1","max-image-preview":"max-image-preview:large","max-video-preview":"max-video-preview:-1"},"canonical":"https:\/\/mersatradedz.com\/ar\/product\/compteuse-de-billets-nx\u2011700b\/","og_locale":"ar_AR","og_type":"article","og_title":"Compteuse de Billets NX\u2011700B - mersatradedz","og_description":"Vitesse de comptage de 800 \u00e0 1\u202f900 billets\/min \ud83d\udd51 Grand bac d\u2019alimentation (jusqu'\u00e0 500 billets) \u00c9cran couleur, navigation intuitive D\u00e9tection avanc\u00e9e des faux billets : UV, IR, MG, MT, DD Compatible avec de multiples devises et tailles de billets (110\u00d760 \u00e0 185\u00d790\u202fmm)\u00a0","og_url":"https:\/\/mersatradedz.com\/ar\/product\/compteuse-de-billets-nx\u2011700b\/","og_site_name":"mersatradedz","article_publisher":"https:\/\/www.facebook.com\/ntbidz","article_modified_time":"2025-08-07T13:05:22+00:00","og_image":[{"width":1080,"height":1080,"url":"https:\/\/mersatradedz.com\/wp-content\/uploads\/2025\/07\/1.jpg","type":"image\/jpeg"}],"twitter_card":"summary_large_image","twitter_misc":{"\u0648\u0642\u062a \u0627\u0644\u0642\u0631\u0627\u0621\u0629 \u0627\u0644\u0645\u064f\u0642\u062f\u0651\u0631":"\u062f\u0642\u064a\u0642\u0629 \u0648\u0627\u062d\u062f\u0629"},"schema":{"@context":"https:\/\/schema.org","@graph":[{"@type":"WebPage","@id":"https:\/\/mersatradedz.com\/product\/compteuse-de-billets-nx%e2%80%91700b\/","url":"https:\/\/mersatradedz.com\/product\/compteuse-de-billets-nx%e2%80%91700b\/","name":"Compteuse de Billets NX\u2011700B - mersatradedz","isPartOf":{"@id":"https:\/\/mersatradedz.com\/#website"},"primaryImageOfPage":{"@id":"https:\/\/mersatradedz.com\/product\/compteuse-de-billets-nx%e2%80%91700b\/#primaryimage"},"image":{"@id":"https:\/\/mersatradedz.com\/product\/compteuse-de-billets-nx%e2%80%91700b\/#primaryimage"},"thumbnailUrl":"https:\/\/mersatradedz.com\/wp-content\/uploads\/2025\/07\/1.jpg","datePublished":"2025-07-29T08:13:26+00:00","dateModified":"2025-08-07T13:05:22+00:00","breadcrumb":{"@id":"https:\/\/mersatradedz.com\/product\/compteuse-de-billets-nx%e2%80%91700b\/#breadcrumb"},"inLanguage":"ar","potentialAction":[{"@type":"ReadAction","target":["https:\/\/mersatradedz.com\/product\/compteuse-de-billets-nx%e2%80%91700b\/"]}]},{"@type":"ImageObject","inLanguage":"ar","@id":"https:\/\/mersatradedz.com\/product\/compteuse-de-billets-nx%e2%80%91700b\/#primaryimage","url":"https:\/\/mersatradedz.com\/wp-content\/uploads\/2025\/07\/1.jpg","contentUrl":"https:\/\/mersatradedz.com\/wp-content\/uploads\/2025\/07\/1.jpg","width":1080,"height":1080},{"@type":"BreadcrumbList","@id":"https:\/\/mersatradedz.com\/product\/compteuse-de-billets-nx%e2%80%91700b\/#breadcrumb","itemListElement":[{"@type":"ListItem","position":1,"name":"Home","item":"https:\/\/mersatradedz.com\/ar\/"},{"@type":"ListItem","position":2,"name":"Boutique","item":"https:\/\/mersatradedz.com\/shop\/"},{"@type":"ListItem","position":3,"name":"Compteuse de Billets NX\u2011700B"}]},{"@type":"WebSite","@id":"https:\/\/mersatradedz.com\/#website","url":"https:\/\/mersatradedz.com\/","name":"mersatradedz","description":"","publisher":{"@id":"https:\/\/mersatradedz.com\/#organization"},"potentialAction":[{"@type":"SearchAction","target":{"@type":"EntryPoint","urlTemplate":"https:\/\/mersatradedz.com\/?s={search_term_string}"},"query-input":{"@type":"PropertyValueSpecification","valueRequired":true,"valueName":"search_term_string"}}],"inLanguage":"ar"},{"@type":"Organization","@id":"https:\/\/mersatradedz.com\/#organization","name":"mersa trade","url":"https:\/\/mersatradedz.com\/","logo":{"@type":"ImageObject","inLanguage":"ar","@id":"https:\/\/mersatradedz.com\/#\/schema\/logo\/image\/","url":"https:\/\/mersatradedz.com\/wp-content\/uploads\/2023\/07\/cropped-1684191296456.jpg","contentUrl":"https:\/\/mersatradedz.com\/wp-content\/uploads\/2023\/07\/cropped-1684191296456.jpg","width":1451,"height":955,"caption":"mersa trade"},"image":{"@id":"https:\/\/mersatradedz.com\/#\/schema\/logo\/image\/"},"sameAs":["https:\/\/www.facebook.com\/ntbidz"]}]}},"jetpack_sharing_enabled":true,"_links":{"self":[{"href":"https:\/\/mersatradedz.com\/ar\/wp-json\/wp\/v2\/product\/3633","targetHints":{"allow":["GET"]}}],"collection":[{"href":"https:\/\/mersatradedz.com\/ar\/wp-json\/wp\/v2\/product"}],"about":[{"href":"https:\/\/mersatradedz.com\/ar\/wp-json\/wp\/v2\/types\/product"}],"replies":[{"embeddable":true,"href":"https:\/\/mersatradedz.com\/ar\/wp-json\/wp\/v2\/comments?post=3633"}],"wp:featuredmedia":[{"embeddable":true,"href":"https:\/\/mersatradedz.com\/ar\/wp-json\/wp\/v2\/media\/3635"}],"wp:attachment":[{"href":"https:\/\/mersatradedz.com\/ar\/wp-json\/wp\/v2\/media?parent=3633"}],"wp:term":[{"taxonomy":"product_brand","embeddable":true,"href":"https:\/\/mersatradedz.com\/ar\/wp-json\/wp\/v2\/product_brand?post=3633"},{"taxonomy":"product_cat","embeddable":true,"href":"https:\/\/mersatradedz.com\/ar\/wp-json\/wp\/v2\/product_cat?post=3633"},{"taxonomy":"product_tag","embeddable":true,"href":"https:\/\/mersatradedz.com\/ar\/wp-json\/wp\/v2\/product_tag?post=3633"}],"curies":[{"name":"wp","href":"https:\/\/api.w.org\/{rel}","templated":true}]}}