{"id":3798,"date":"2025-08-14T11:46:19","date_gmt":"2025-08-14T10:46:19","guid":{"rendered":"https:\/\/mersatradedz.com\/?post_type=product&#038;p=3798"},"modified":"2025-08-14T12:29:26","modified_gmt":"2025-08-14T11:29:26","slug":"souris-gaming-jedel-wd109","status":"publish","type":"product","link":"https:\/\/mersatradedz.com\/ar\/product\/souris-gaming-jedel-wd109\/","title":{"rendered":"Souris Gaming Jedel WD109 \u2013 2.4GHz + Bluetooth"},"content":{"rendered":"<h2 data-start=\"631\" data-end=\"682\">Connectivit\u00e9 double mode pour plus de libert\u00e9<\/h2>\n<p style=\"padding-left: 40px;\" data-start=\"683\" data-end=\"897\">La <strong data-start=\"686\" data-end=\"700\">Jedel WD10<\/strong> offre une utilisation flexible gr\u00e2ce \u00e0 sa double connexion <strong data-start=\"760\" data-end=\"779\">sans fil 2.4GHz<\/strong> et <strong data-start=\"783\" data-end=\"796\">Bluetooth<\/strong>, permettant de passer rapidement d\u2019un PC \u00e0 un autre ou m\u00eame \u00e0 une tablette, sans c\u00e2ble encombrant.<\/p>\n<p data-start=\"683\" data-end=\"897\"><img fetchpriority=\"high\" decoding=\"async\" class=\"wp-image-3801 aligncenter\" src=\"https:\/\/mersatradedz.com\/wp-content\/uploads\/2025\/08\/3-1-300x300.jpg\" alt=\"\" width=\"500\" height=\"500\" srcset=\"https:\/\/mersatradedz.com\/wp-content\/uploads\/2025\/08\/3-1-300x300.jpg 300w, https:\/\/mersatradedz.com\/wp-content\/uploads\/2025\/08\/3-1-1024x1024.jpg 1024w, https:\/\/mersatradedz.com\/wp-content\/uploads\/2025\/08\/3-1-150x150.jpg 150w, https:\/\/mersatradedz.com\/wp-content\/uploads\/2025\/08\/3-1-768x768.jpg 768w, https:\/\/mersatradedz.com\/wp-content\/uploads\/2025\/08\/3-1-12x12.jpg 12w, https:\/\/mersatradedz.com\/wp-content\/uploads\/2025\/08\/3-1-600x600.jpg 600w, https:\/\/mersatradedz.com\/wp-content\/uploads\/2025\/08\/3-1-100x100.jpg 100w, https:\/\/mersatradedz.com\/wp-content\/uploads\/2025\/08\/3-1-64x64.jpg 64w, https:\/\/mersatradedz.com\/wp-content\/uploads\/2025\/08\/3-1.jpg 1080w\" sizes=\"(max-width: 500px) 100vw, 500px\" \/><\/p>\n<h2 data-start=\"899\" data-end=\"939\">Performance et pr\u00e9cision ajustable<\/h2>\n<p style=\"padding-left: 40px;\" data-start=\"940\" data-end=\"1194\">Avec une r\u00e9solution r\u00e9glable de <strong data-start=\"972\" data-end=\"990\">800 \u00e0 1600 DPI<\/strong>, cette souris s\u2019adapte aussi bien \u00e0 la bureautique qu\u2019aux jeux vid\u00e9o exigeant des mouvements rapides et pr\u00e9cis. Ses <strong data-start=\"1107\" data-end=\"1134\">7 boutons programmables<\/strong> offrent un contr\u00f4le \u00e9tendu pour vos macros et raccourcis.<\/p>\n<h2 data-start=\"1196\" data-end=\"1222\">Endurance et confort<\/h2>\n<ul data-start=\"1223\" data-end=\"1436\">\n<li data-start=\"1223\" data-end=\"1287\">\n<p data-start=\"1225\" data-end=\"1287\"><strong data-start=\"1225\" data-end=\"1253\">Batterie lithium 500 mAh<\/strong> offrant une autonomie prolong\u00e9e<\/p>\n<\/li>\n<li data-start=\"1288\" data-end=\"1342\">\n<p data-start=\"1290\" data-end=\"1342\"><strong data-start=\"1290\" data-end=\"1340\">Dur\u00e9e de vie des touches : 3 millions de clics<\/strong><\/p>\n<\/li>\n<li data-start=\"1343\" data-end=\"1436\">\n<p data-start=\"1345\" data-end=\"1436\"><strong data-start=\"1345\" data-end=\"1359\">Dimensions<\/strong> : 110 \u00d7 64,5 \u00d7 41 mm, parfaitement adapt\u00e9es \u00e0 la prise en main ergonomique<\/p>\n<\/li>\n<\/ul>\n<p><img decoding=\"async\" class=\"wp-image-3802 aligncenter\" src=\"https:\/\/mersatradedz.com\/wp-content\/uploads\/2025\/08\/4-1-300x300.jpg\" alt=\"\" width=\"500\" height=\"500\" srcset=\"https:\/\/mersatradedz.com\/wp-content\/uploads\/2025\/08\/4-1-300x300.jpg 300w, https:\/\/mersatradedz.com\/wp-content\/uploads\/2025\/08\/4-1-1024x1024.jpg 1024w, https:\/\/mersatradedz.com\/wp-content\/uploads\/2025\/08\/4-1-150x150.jpg 150w, https:\/\/mersatradedz.com\/wp-content\/uploads\/2025\/08\/4-1-768x768.jpg 768w, https:\/\/mersatradedz.com\/wp-content\/uploads\/2025\/08\/4-1-12x12.jpg 12w, https:\/\/mersatradedz.com\/wp-content\/uploads\/2025\/08\/4-1-600x600.jpg 600w, https:\/\/mersatradedz.com\/wp-content\/uploads\/2025\/08\/4-1-100x100.jpg 100w, https:\/\/mersatradedz.com\/wp-content\/uploads\/2025\/08\/4-1-64x64.jpg 64w, https:\/\/mersatradedz.com\/wp-content\/uploads\/2025\/08\/4-1.jpg 1080w\" sizes=\"(max-width: 500px) 100vw, 500px\" \/><\/p>\n<h2 data-start=\"1438\" data-end=\"1475\">Design gamer avec \u00e9clairage LED<\/h2>\n<p style=\"padding-left: 40px;\" data-start=\"1476\" data-end=\"1603\">Un style affirm\u00e9 avec un <strong data-start=\"1501\" data-end=\"1524\">logo grav\u00e9 au laser<\/strong> et un <strong data-start=\"1531\" data-end=\"1560\">\u00e9clairage LED multicolore<\/strong>, parfait pour compl\u00e9ter un setup gaming.<\/p>\n<h2 data-start=\"1605\" data-end=\"1640\">Sp\u00e9cifications principales :<\/h2>\n<ul data-start=\"1641\" data-end=\"1862\">\n<li data-start=\"1641\" data-end=\"1679\">\n<p data-start=\"1643\" data-end=\"1679\"><strong data-start=\"1643\" data-end=\"1656\">Connexion<\/strong> : 2.4GHz + Bluetooth<\/p>\n<\/li>\n<li data-start=\"1680\" data-end=\"1711\">\n<p data-start=\"1682\" data-end=\"1711\"><strong data-start=\"1682\" data-end=\"1689\">DPI<\/strong> : 800 \/ 1200 \/ 1600<\/p>\n<\/li>\n<li data-start=\"1712\" data-end=\"1751\">\n<p data-start=\"1714\" data-end=\"1751\"><strong data-start=\"1714\" data-end=\"1726\">Batterie<\/strong> : 500 mAh rechargeable<\/p>\n<\/li>\n<li data-start=\"1752\" data-end=\"1785\">\n<p data-start=\"1754\" data-end=\"1785\"><strong data-start=\"1754\" data-end=\"1765\">Boutons<\/strong> : 7 programmables<\/p>\n<\/li>\n<li data-start=\"1786\" data-end=\"1826\">\n<p data-start=\"1788\" data-end=\"1826\"><strong data-start=\"1788\" data-end=\"1802\">Durabilit\u00e9<\/strong> : 3 millions de clics<\/p>\n<\/li>\n<li data-start=\"1827\" data-end=\"1862\">\n<p data-start=\"1829\" data-end=\"1862\"><strong data-start=\"1829\" data-end=\"1839\">Taille<\/strong> : 110 \u00d7 64,5 \u00d7 41 mm<\/p>\n<\/li>\n<\/ul>","protected":false},"excerpt":{"rendered":"<p data-start=\"159\" data-end=\"225\"><strong data-start=\"159\" data-end=\"223\">Souris Gaming Jedel WD10 \ud83c\udfae \u2013 Sans fil 2.4GHz + Bluetooth \ud83d\udd04<\/strong><\/p>\n<p style=\"padding-left: 40px;\" data-start=\"229\" data-end=\"312\"><strong data-start=\"229\" data-end=\"244\">Double mode<\/strong> : connexion <strong data-start=\"257\" data-end=\"267\">2.4GHz<\/strong> ou <strong data-start=\"271\" data-end=\"284\">Bluetooth<\/strong> pour plus de flexibilit\u00e9<\/p>\n<p style=\"padding-left: 40px;\" data-start=\"315\" data-end=\"373\"><strong data-start=\"315\" data-end=\"342\">7 boutons programmables<\/strong> pour un contr\u00f4le optimal \ud83d\uddb1\ufe0f<\/p>\n<p style=\"padding-left: 40px;\" data-start=\"376\" data-end=\"426\">R\u00e9solution ajustable <strong data-start=\"397\" data-end=\"422\">800 \/ 1200 \/ 1600 DPI<\/strong> \u26a1<\/p>\n<p style=\"padding-left: 40px;\" data-start=\"429\" data-end=\"467\"><strong data-start=\"429\" data-end=\"449\">Batterie 500 mAh<\/strong> rechargeable \ud83d\udd0b<\/p>\n<p style=\"padding-left: 40px;\" data-start=\"470\" data-end=\"500\">\u00c9clairage LED multicolore \ud83c\udf08<\/p>\n<p style=\"padding-left: 40px;\" data-start=\"503\" data-end=\"570\">Conception ergonomique (110\u00d764.5\u00d741 mm) pour un confort prolong\u00e9<\/p>","protected":false},"featured_media":3799,"comment_status":"open","ping_status":"closed","template":"","meta":{"_monsterinsights_skip_tracking":false,"_monsterinsights_sitenote_active":false,"_monsterinsights_sitenote_note":"","_monsterinsights_sitenote_category":0},"product_brand":[],"product_cat":[779,24],"product_tag":[1428,1429,1430,1431,125,1427,1425,1433,57,25,1426,1432],"class_list":{"0":"post-3798","1":"product","2":"type-product","3":"status-publish","4":"has-post-thumbnail","6":"product_cat-accessoir-gaming","7":"product_cat-accessoire","8":"product_tag-2-4g","9":"product_tag-bleutooth","10":"product_tag-bt","11":"product_tag-dpi","12":"product_tag-gaming","13":"product_tag-jedel","14":"product_tag-mouse","15":"product_tag-san-fil","16":"product_tag-sans-fil","17":"product_tag-souris","18":"product_tag-wd109","19":"product_tag-wireless","21":"first","22":"instock","23":"sale","24":"purchasable","25":"product-type-simple"},"yoast_head":"<!-- This site is optimized with the Yoast SEO plugin v27.4 - https:\/\/yoast.com\/product\/yoast-seo-wordpress\/ -->\n<title>Souris Gaming Jedel WD109 \u2013 2.4GHz + Bluetooth - mersatradedz<\/title>\n<meta name=\"robots\" content=\"index, follow, max-snippet:-1, max-image-preview:large, max-video-preview:-1\" \/>\n<link rel=\"canonical\" href=\"https:\/\/mersatradedz.com\/ar\/product\/souris-gaming-jedel-wd109\/\" \/>\n<meta property=\"og:locale\" content=\"ar_AR\" \/>\n<meta property=\"og:type\" content=\"article\" \/>\n<meta property=\"og:title\" content=\"Souris Gaming Jedel WD109 \u2013 2.4GHz + Bluetooth - mersatradedz\" \/>\n<meta property=\"og:description\" content=\"Souris Gaming Jedel WD10 \ud83c\udfae \u2013 Sans fil 2.4GHz + Bluetooth \ud83d\udd04 Double mode : connexion 2.4GHz ou Bluetooth pour plus de flexibilit\u00e9 7 boutons programmables pour un contr\u00f4le optimal \ud83d\uddb1\ufe0f R\u00e9solution ajustable 800 \/ 1200 \/ 1600 DPI \u26a1 Batterie 500 mAh rechargeable \ud83d\udd0b \u00c9clairage LED multicolore \ud83c\udf08 Conception ergonomique (110\u00d764.5\u00d741 mm) pour un confort prolong\u00e9\" \/>\n<meta property=\"og:url\" content=\"https:\/\/mersatradedz.com\/ar\/product\/souris-gaming-jedel-wd109\/\" \/>\n<meta property=\"og:site_name\" content=\"mersatradedz\" \/>\n<meta property=\"article:publisher\" content=\"https:\/\/www.facebook.com\/ntbidz\" \/>\n<meta property=\"article:modified_time\" content=\"2025-08-14T11:29:26+00:00\" \/>\n<meta property=\"og:image\" content=\"https:\/\/mersatradedz.com\/wp-content\/uploads\/2025\/08\/1.jpg\" \/>\n\t<meta property=\"og:image:width\" content=\"1080\" \/>\n\t<meta property=\"og:image:height\" content=\"1080\" \/>\n\t<meta property=\"og:image:type\" content=\"image\/jpeg\" \/>\n<meta name=\"twitter:card\" content=\"summary_large_image\" \/>\n<meta name=\"twitter:label1\" content=\"\u0648\u0642\u062a \u0627\u0644\u0642\u0631\u0627\u0621\u0629 \u0627\u0644\u0645\u064f\u0642\u062f\u0651\u0631\" \/>\n\t<meta name=\"twitter:data1\" content=\"\u062f\u0642\u064a\u0642\u0629 \u0648\u0627\u062d\u062f\u0629\" \/>\n<script type=\"application\/ld+json\" class=\"yoast-schema-graph\">{\"@context\":\"https:\\\/\\\/schema.org\",\"@graph\":[{\"@type\":\"WebPage\",\"@id\":\"https:\\\/\\\/mersatradedz.com\\\/product\\\/souris-gaming-jedel-wd109\\\/\",\"url\":\"https:\\\/\\\/mersatradedz.com\\\/product\\\/souris-gaming-jedel-wd109\\\/\",\"name\":\"Souris Gaming Jedel WD109 \u2013 2.4GHz + Bluetooth - mersatradedz\",\"isPartOf\":{\"@id\":\"https:\\\/\\\/mersatradedz.com\\\/#website\"},\"primaryImageOfPage\":{\"@id\":\"https:\\\/\\\/mersatradedz.com\\\/product\\\/souris-gaming-jedel-wd109\\\/#primaryimage\"},\"image\":{\"@id\":\"https:\\\/\\\/mersatradedz.com\\\/product\\\/souris-gaming-jedel-wd109\\\/#primaryimage\"},\"thumbnailUrl\":\"https:\\\/\\\/mersatradedz.com\\\/wp-content\\\/uploads\\\/2025\\\/08\\\/1.jpg\",\"datePublished\":\"2025-08-14T10:46:19+00:00\",\"dateModified\":\"2025-08-14T11:29:26+00:00\",\"breadcrumb\":{\"@id\":\"https:\\\/\\\/mersatradedz.com\\\/product\\\/souris-gaming-jedel-wd109\\\/#breadcrumb\"},\"inLanguage\":\"ar\",\"potentialAction\":[{\"@type\":\"ReadAction\",\"target\":[\"https:\\\/\\\/mersatradedz.com\\\/product\\\/souris-gaming-jedel-wd109\\\/\"]}]},{\"@type\":\"ImageObject\",\"inLanguage\":\"ar\",\"@id\":\"https:\\\/\\\/mersatradedz.com\\\/product\\\/souris-gaming-jedel-wd109\\\/#primaryimage\",\"url\":\"https:\\\/\\\/mersatradedz.com\\\/wp-content\\\/uploads\\\/2025\\\/08\\\/1.jpg\",\"contentUrl\":\"https:\\\/\\\/mersatradedz.com\\\/wp-content\\\/uploads\\\/2025\\\/08\\\/1.jpg\",\"width\":1080,\"height\":1080},{\"@type\":\"BreadcrumbList\",\"@id\":\"https:\\\/\\\/mersatradedz.com\\\/product\\\/souris-gaming-jedel-wd109\\\/#breadcrumb\",\"itemListElement\":[{\"@type\":\"ListItem\",\"position\":1,\"name\":\"Home\",\"item\":\"https:\\\/\\\/mersatradedz.com\\\/ar\\\/\"},{\"@type\":\"ListItem\",\"position\":2,\"name\":\"Boutique\",\"item\":\"https:\\\/\\\/mersatradedz.com\\\/shop\\\/\"},{\"@type\":\"ListItem\",\"position\":3,\"name\":\"Souris Gaming Jedel WD109 \u2013 2.4GHz + Bluetooth\"}]},{\"@type\":\"WebSite\",\"@id\":\"https:\\\/\\\/mersatradedz.com\\\/#website\",\"url\":\"https:\\\/\\\/mersatradedz.com\\\/\",\"name\":\"mersatradedz\",\"description\":\"\",\"publisher\":{\"@id\":\"https:\\\/\\\/mersatradedz.com\\\/#organization\"},\"potentialAction\":[{\"@type\":\"SearchAction\",\"target\":{\"@type\":\"EntryPoint\",\"urlTemplate\":\"https:\\\/\\\/mersatradedz.com\\\/?s={search_term_string}\"},\"query-input\":{\"@type\":\"PropertyValueSpecification\",\"valueRequired\":true,\"valueName\":\"search_term_string\"}}],\"inLanguage\":\"ar\"},{\"@type\":\"Organization\",\"@id\":\"https:\\\/\\\/mersatradedz.com\\\/#organization\",\"name\":\"mersa trade\",\"url\":\"https:\\\/\\\/mersatradedz.com\\\/\",\"logo\":{\"@type\":\"ImageObject\",\"inLanguage\":\"ar\",\"@id\":\"https:\\\/\\\/mersatradedz.com\\\/#\\\/schema\\\/logo\\\/image\\\/\",\"url\":\"https:\\\/\\\/mersatradedz.com\\\/wp-content\\\/uploads\\\/2023\\\/07\\\/cropped-1684191296456.jpg\",\"contentUrl\":\"https:\\\/\\\/mersatradedz.com\\\/wp-content\\\/uploads\\\/2023\\\/07\\\/cropped-1684191296456.jpg\",\"width\":1451,\"height\":955,\"caption\":\"mersa trade\"},\"image\":{\"@id\":\"https:\\\/\\\/mersatradedz.com\\\/#\\\/schema\\\/logo\\\/image\\\/\"},\"sameAs\":[\"https:\\\/\\\/www.facebook.com\\\/ntbidz\"]}]}<\/script>\n<!-- \/ Yoast SEO plugin. -->","yoast_head_json":{"title":"Souris Gaming Jedel WD109 \u2013 2.4GHz + Bluetooth - mersatradedz","robots":{"index":"index","follow":"follow","max-snippet":"max-snippet:-1","max-image-preview":"max-image-preview:large","max-video-preview":"max-video-preview:-1"},"canonical":"https:\/\/mersatradedz.com\/ar\/product\/souris-gaming-jedel-wd109\/","og_locale":"ar_AR","og_type":"article","og_title":"Souris Gaming Jedel WD109 \u2013 2.4GHz + Bluetooth - mersatradedz","og_description":"Souris Gaming Jedel WD10 \ud83c\udfae \u2013 Sans fil 2.4GHz + Bluetooth \ud83d\udd04 Double mode : connexion 2.4GHz ou Bluetooth pour plus de flexibilit\u00e9 7 boutons programmables pour un contr\u00f4le optimal \ud83d\uddb1\ufe0f R\u00e9solution ajustable 800 \/ 1200 \/ 1600 DPI \u26a1 Batterie 500 mAh rechargeable \ud83d\udd0b \u00c9clairage LED multicolore \ud83c\udf08 Conception ergonomique (110\u00d764.5\u00d741 mm) pour un confort prolong\u00e9","og_url":"https:\/\/mersatradedz.com\/ar\/product\/souris-gaming-jedel-wd109\/","og_site_name":"mersatradedz","article_publisher":"https:\/\/www.facebook.com\/ntbidz","article_modified_time":"2025-08-14T11:29:26+00:00","og_image":[{"width":1080,"height":1080,"url":"https:\/\/mersatradedz.com\/wp-content\/uploads\/2025\/08\/1.jpg","type":"image\/jpeg"}],"twitter_card":"summary_large_image","twitter_misc":{"\u0648\u0642\u062a \u0627\u0644\u0642\u0631\u0627\u0621\u0629 \u0627\u0644\u0645\u064f\u0642\u062f\u0651\u0631":"\u062f\u0642\u064a\u0642\u0629 \u0648\u0627\u062d\u062f\u0629"},"schema":{"@context":"https:\/\/schema.org","@graph":[{"@type":"WebPage","@id":"https:\/\/mersatradedz.com\/product\/souris-gaming-jedel-wd109\/","url":"https:\/\/mersatradedz.com\/product\/souris-gaming-jedel-wd109\/","name":"Souris Gaming Jedel WD109 \u2013 2.4GHz + Bluetooth - mersatradedz","isPartOf":{"@id":"https:\/\/mersatradedz.com\/#website"},"primaryImageOfPage":{"@id":"https:\/\/mersatradedz.com\/product\/souris-gaming-jedel-wd109\/#primaryimage"},"image":{"@id":"https:\/\/mersatradedz.com\/product\/souris-gaming-jedel-wd109\/#primaryimage"},"thumbnailUrl":"https:\/\/mersatradedz.com\/wp-content\/uploads\/2025\/08\/1.jpg","datePublished":"2025-08-14T10:46:19+00:00","dateModified":"2025-08-14T11:29:26+00:00","breadcrumb":{"@id":"https:\/\/mersatradedz.com\/product\/souris-gaming-jedel-wd109\/#breadcrumb"},"inLanguage":"ar","potentialAction":[{"@type":"ReadAction","target":["https:\/\/mersatradedz.com\/product\/souris-gaming-jedel-wd109\/"]}]},{"@type":"ImageObject","inLanguage":"ar","@id":"https:\/\/mersatradedz.com\/product\/souris-gaming-jedel-wd109\/#primaryimage","url":"https:\/\/mersatradedz.com\/wp-content\/uploads\/2025\/08\/1.jpg","contentUrl":"https:\/\/mersatradedz.com\/wp-content\/uploads\/2025\/08\/1.jpg","width":1080,"height":1080},{"@type":"BreadcrumbList","@id":"https:\/\/mersatradedz.com\/product\/souris-gaming-jedel-wd109\/#breadcrumb","itemListElement":[{"@type":"ListItem","position":1,"name":"Home","item":"https:\/\/mersatradedz.com\/ar\/"},{"@type":"ListItem","position":2,"name":"Boutique","item":"https:\/\/mersatradedz.com\/shop\/"},{"@type":"ListItem","position":3,"name":"Souris Gaming Jedel WD109 \u2013 2.4GHz + Bluetooth"}]},{"@type":"WebSite","@id":"https:\/\/mersatradedz.com\/#website","url":"https:\/\/mersatradedz.com\/","name":"mersatradedz","description":"","publisher":{"@id":"https:\/\/mersatradedz.com\/#organization"},"potentialAction":[{"@type":"SearchAction","target":{"@type":"EntryPoint","urlTemplate":"https:\/\/mersatradedz.com\/?s={search_term_string}"},"query-input":{"@type":"PropertyValueSpecification","valueRequired":true,"valueName":"search_term_string"}}],"inLanguage":"ar"},{"@type":"Organization","@id":"https:\/\/mersatradedz.com\/#organization","name":"mersa trade","url":"https:\/\/mersatradedz.com\/","logo":{"@type":"ImageObject","inLanguage":"ar","@id":"https:\/\/mersatradedz.com\/#\/schema\/logo\/image\/","url":"https:\/\/mersatradedz.com\/wp-content\/uploads\/2023\/07\/cropped-1684191296456.jpg","contentUrl":"https:\/\/mersatradedz.com\/wp-content\/uploads\/2023\/07\/cropped-1684191296456.jpg","width":1451,"height":955,"caption":"mersa trade"},"image":{"@id":"https:\/\/mersatradedz.com\/#\/schema\/logo\/image\/"},"sameAs":["https:\/\/www.facebook.com\/ntbidz"]}]}},"jetpack_sharing_enabled":true,"_links":{"self":[{"href":"https:\/\/mersatradedz.com\/ar\/wp-json\/wp\/v2\/product\/3798","targetHints":{"allow":["GET"]}}],"collection":[{"href":"https:\/\/mersatradedz.com\/ar\/wp-json\/wp\/v2\/product"}],"about":[{"href":"https:\/\/mersatradedz.com\/ar\/wp-json\/wp\/v2\/types\/product"}],"replies":[{"embeddable":true,"href":"https:\/\/mersatradedz.com\/ar\/wp-json\/wp\/v2\/comments?post=3798"}],"wp:featuredmedia":[{"embeddable":true,"href":"https:\/\/mersatradedz.com\/ar\/wp-json\/wp\/v2\/media\/3799"}],"wp:attachment":[{"href":"https:\/\/mersatradedz.com\/ar\/wp-json\/wp\/v2\/media?parent=3798"}],"wp:term":[{"taxonomy":"product_brand","embeddable":true,"href":"https:\/\/mersatradedz.com\/ar\/wp-json\/wp\/v2\/product_brand?post=3798"},{"taxonomy":"product_cat","embeddable":true,"href":"https:\/\/mersatradedz.com\/ar\/wp-json\/wp\/v2\/product_cat?post=3798"},{"taxonomy":"product_tag","embeddable":true,"href":"https:\/\/mersatradedz.com\/ar\/wp-json\/wp\/v2\/product_tag?post=3798"}],"curies":[{"name":"wp","href":"https:\/\/api.w.org\/{rel}","templated":true}]}}