{"id":3892,"date":"2025-08-23T12:34:51","date_gmt":"2025-08-23T11:34:51","guid":{"rendered":"https:\/\/mersatradedz.com\/?post_type=product&#038;p=3892"},"modified":"2025-10-15T12:58:30","modified_gmt":"2025-10-15T11:58:30","slug":"encres-brother-btd60-bt5000","status":"publish","type":"product","link":"https:\/\/mersatradedz.com\/ar\/product\/encres-brother-btd60-bt5000\/","title":{"rendered":"Encres Brother BTD60 + BT5000"},"content":{"rendered":"<h2>Compatibilit\u00e9 \u00e9tendue avec les imprimantes Brother Ink-Tank<\/h2>\n<p style=\"padding-left: 40px;\" data-start=\"928\" data-end=\"1218\">Ce pack officiel Brother regroupe la bouteille noire <strong data-start=\"985\" data-end=\"996\">BTD60BK<\/strong> et les bouteilles couleur <strong data-start=\"1023\" data-end=\"1037\">BT5000 CMY<\/strong>, formant une solution compl\u00e8te pour les mod\u00e8les Ink-Tank Brother comme les DCP-T300 \/ T310, T220 \/ T420W, T500W \/ T510W \/ T520W, T700W \/ T710W, T800W \/ T810W \/ T820DW, MFC-T920DW \/ T910W \/ T4500DW, HL-T4000DW, et plusieurs autres<\/p>\n<h2 data-start=\"1220\" data-end=\"1267\">Capacit\u00e9 g\u00e9n\u00e9reuse, impression \u00e9conomique<\/h2>\n<ul data-start=\"1268\" data-end=\"1568\">\n<li data-start=\"1268\" data-end=\"1342\">\n<p data-start=\"1270\" data-end=\"1342\"><strong data-start=\"1270\" data-end=\"1288\">Noir (BTD60BK)<\/strong> : jusqu\u2019\u00e0 <strong data-start=\"1299\" data-end=\"1314\">6 500 pages<\/strong> selon le standard ISO\/IEC<\/p>\n<\/li>\n<li data-start=\"1343\" data-end=\"1568\">\n<p data-start=\"1345\" data-end=\"1568\"><strong data-start=\"1345\" data-end=\"1378\">Cyan, Magenta, Jaune (BT5000)<\/strong> : environ <strong data-start=\"1389\" data-end=\"1404\">5 000 pages<\/strong> par couleur<br data-start=\"1454\" data-end=\"1457\" \/>Ce haut rendement permet de r\u00e9duire nettement le co\u00fbt par page, id\u00e9al pour les volumes importants d\u2019impression.<\/p>\n<\/li>\n<\/ul>\n<h2 data-start=\"1570\" data-end=\"1614\">Qualit\u00e9 d\u2019impression fid\u00e8le et assur\u00e9e<\/h2>\n<p style=\"padding-left: 40px;\" data-start=\"1615\" data-end=\"1869\">Ces encres originales garantissent des couleurs vives et stables, une reproduction nette et sans bavure, pour des documents clairs et durables. Elles sont calibr\u00e9es pour pr\u00e9server la long\u00e9vit\u00e9 des t\u00eates d\u2019impression.<\/p>\n<h2 data-start=\"1871\" data-end=\"1921\">Installation facile &amp; fiabilit\u00e9 constructeur<\/h2>\n<p style=\"padding-left: 40px;\" data-start=\"1922\" data-end=\"2138\">Les bouteilles s\u2019ins\u00e8rent facilement dans le syst\u00e8me \u00e0 r\u00e9servoir de votre imprimante. En utilisant des consommables Brother, vous \u00e9vitez les probl\u00e8mes de compatibilit\u00e9 et profitez d\u2019une garantie constructeur intacte.<\/p>\n<hr data-start=\"2140\" data-end=\"2143\" \/>\n<h2 data-start=\"2145\" data-end=\"2162\">Points forts<\/h2>\n<div class=\"_tableContainer_sk2ct_1\">\n<div class=\"_tableWrapper_sk2ct_13 group flex w-fit flex-col-reverse\" tabindex=\"-1\">\n<table class=\"w-fit min-w-(--thread-content-width)\" data-start=\"2164\" data-end=\"2862\">\n<thead data-start=\"2164\" data-end=\"2263\">\n<tr data-start=\"2164\" data-end=\"2263\">\n<th data-start=\"2164\" data-end=\"2188\" data-col-size=\"sm\">Caract\u00e9ristique<\/th>\n<th data-start=\"2188\" data-end=\"2263\" data-col-size=\"md\">Description<\/th>\n<\/tr>\n<\/thead>\n<tbody data-start=\"2365\" data-end=\"2862\">\n<tr data-start=\"2365\" data-end=\"2463\">\n<td data-start=\"2365\" data-end=\"2389\" data-col-size=\"sm\">Pack complet<\/td>\n<td data-start=\"2389\" data-end=\"2463\" data-col-size=\"md\">Noir + Cyan, Magenta, Jaune \u2013 tout pour une recharge compl\u00e8te<\/td>\n<\/tr>\n<tr data-start=\"2464\" data-end=\"2563\">\n<td data-start=\"2464\" data-end=\"2488\" data-col-size=\"sm\">Rendement \u00e9lev\u00e9<\/td>\n<td data-start=\"2488\" data-end=\"2563\" data-col-size=\"md\">Jusqu\u2019\u00e0 6 500 pages en noir \/ 5 000 pages par couleur<\/td>\n<\/tr>\n<tr data-start=\"2564\" data-end=\"2663\">\n<td data-start=\"2564\" data-end=\"2588\" data-col-size=\"sm\">Qualit\u00e9 originale<\/td>\n<td data-col-size=\"md\" data-start=\"2588\" data-end=\"2663\">Encres authentic production pour texte net et couleurs \u00e9clatantes<\/td>\n<\/tr>\n<tr data-start=\"2664\" data-end=\"2763\">\n<td data-start=\"2664\" data-end=\"2688\" data-col-size=\"sm\">Compatibilit\u00e9 large<\/td>\n<td data-start=\"2688\" data-end=\"2763\" data-col-size=\"md\">Fonctionne avec la plupart des imprimantes Brother Ink-Tank<\/td>\n<\/tr>\n<tr data-start=\"2764\" data-end=\"2862\">\n<td data-start=\"2764\" data-end=\"2788\" data-col-size=\"sm\">Co\u00fbt par page r\u00e9duit<\/td>\n<td data-start=\"2788\" data-end=\"2862\" data-col-size=\"md\">Solution \u00e9conomique \u00e0 long terme pour usage intensif<\/td>\n<\/tr>\n<\/tbody>\n<\/table>\n<\/div>\n<\/div>","protected":false},"excerpt":{"rendered":"<p data-start=\"200\" data-end=\"283\"><strong data-start=\"200\" data-end=\"283\">Encre Brother BTD60 (Noir) + BT5000 (Couleurs) \u2013 pack \u00e9conomique 4 couleurs \ud83d\udda8\ufe0f<\/strong><\/p>\n<ul data-start=\"285\" data-end=\"809\">\n<li data-start=\"285\" data-end=\"426\">\n<p data-start=\"287\" data-end=\"426\">Recharge compl\u00e8te pour imprimantes \u00e0 r\u00e9servoir d\u2019encre Brother : cartouche noire <strong data-start=\"368\" data-end=\"379\">BTD60BK<\/strong> + bouteilles cyan, magenta, jaune <strong data-start=\"414\" data-end=\"424\">BT5000<\/strong><\/p>\n<\/li>\n<li data-start=\"427\" data-end=\"559\">\n<p data-start=\"429\" data-end=\"559\">Rendement \u00e9lev\u00e9 : jusqu\u2019\u00e0 <strong data-start=\"455\" data-end=\"488\">6 500 pages en noir (ISO\/IEC)<\/strong> et <strong data-start=\"492\" data-end=\"519\">5 000 pages par couleur<\/strong><\/p>\n<\/li>\n<li data-start=\"560\" data-end=\"669\">\n<p data-start=\"562\" data-end=\"669\">Impressions vibrantes et durables, sans bavure ni surcharge d\u2019encre<\/p>\n<\/li>\n<li data-start=\"670\" data-end=\"809\">\n<p data-start=\"672\" data-end=\"809\">Compatibles avec mod\u00e8les populaires : DCP-T300 \/ T310, T220 \/ T420W, T500W \/ T510W \/ T520W, T700W \/ T710W, T800W \/ T810W \/ T820DW, MFC-T920DW \/ T910W \/ T4500DW, HL-T4000DW, et bien d\u2019autres<\/p>\n<\/li>\n<\/ul>","protected":false},"featured_media":3893,"comment_status":"open","ping_status":"closed","template":"","meta":{"_monsterinsights_skip_tracking":false,"_monsterinsights_sitenote_active":false,"_monsterinsights_sitenote_note":"","_monsterinsights_sitenote_category":0},"product_brand":[],"product_cat":[224],"product_tag":[],"class_list":{"0":"post-3892","1":"product","2":"type-product","3":"status-publish","4":"has-post-thumbnail","6":"product_cat-consemable","8":"first","9":"instock","10":"shipping-taxable","11":"purchasable","12":"product-type-simple"},"yoast_head":"<!-- This site is optimized with the Yoast SEO plugin v27.4 - https:\/\/yoast.com\/product\/yoast-seo-wordpress\/ -->\n<title>Encres Brother BTD60 + BT5000 - mersatradedz<\/title>\n<meta name=\"robots\" content=\"index, follow, max-snippet:-1, max-image-preview:large, max-video-preview:-1\" \/>\n<link rel=\"canonical\" href=\"https:\/\/mersatradedz.com\/ar\/product\/encres-brother-btd60-bt5000\/\" \/>\n<meta property=\"og:locale\" content=\"ar_AR\" \/>\n<meta property=\"og:type\" content=\"article\" \/>\n<meta property=\"og:title\" content=\"Encres Brother BTD60 + BT5000 - mersatradedz\" \/>\n<meta property=\"og:description\" content=\"Encre Brother BTD60 (Noir) + BT5000 (Couleurs) \u2013 pack \u00e9conomique 4 couleurs \ud83d\udda8\ufe0f     Recharge compl\u00e8te pour imprimantes \u00e0 r\u00e9servoir d\u2019encre Brother : cartouche noire BTD60BK + bouteilles cyan, magenta, jaune BT5000    Rendement \u00e9lev\u00e9 : jusqu\u2019\u00e0 6 500 pages en noir (ISO\/IEC) et 5 000 pages par couleur    Impressions vibrantes et durables, sans bavure ni surcharge d\u2019encre    Compatibles avec mod\u00e8les populaires : DCP-T300 \/ T310, T220 \/ T420W, T500W \/ T510W \/ T520W, T700W \/ T710W, T800W \/ T810W \/ T820DW, MFC-T920DW \/ T910W \/ T4500DW, HL-T4000DW, et bien d\u2019autres\" \/>\n<meta property=\"og:url\" content=\"https:\/\/mersatradedz.com\/ar\/product\/encres-brother-btd60-bt5000\/\" \/>\n<meta property=\"og:site_name\" content=\"mersatradedz\" \/>\n<meta property=\"article:publisher\" content=\"https:\/\/www.facebook.com\/ntbidz\" \/>\n<meta property=\"article:modified_time\" content=\"2025-10-15T11:58:30+00:00\" \/>\n<meta name=\"twitter:card\" content=\"summary_large_image\" \/>\n<meta name=\"twitter:label1\" content=\"\u0648\u0642\u062a \u0627\u0644\u0642\u0631\u0627\u0621\u0629 \u0627\u0644\u0645\u064f\u0642\u062f\u0651\u0631\" \/>\n\t<meta name=\"twitter:data1\" content=\"\u062f\u0642\u064a\u0642\u0629 \u0648\u0627\u062d\u062f\u0629\" \/>\n<script type=\"application\/ld+json\" class=\"yoast-schema-graph\">{\"@context\":\"https:\\\/\\\/schema.org\",\"@graph\":[{\"@type\":\"WebPage\",\"@id\":\"https:\\\/\\\/mersatradedz.com\\\/product\\\/encres-brother-btd60-bt5000\\\/\",\"url\":\"https:\\\/\\\/mersatradedz.com\\\/product\\\/encres-brother-btd60-bt5000\\\/\",\"name\":\"Encres Brother BTD60 + BT5000 - mersatradedz\",\"isPartOf\":{\"@id\":\"https:\\\/\\\/mersatradedz.com\\\/#website\"},\"primaryImageOfPage\":{\"@id\":\"https:\\\/\\\/mersatradedz.com\\\/product\\\/encres-brother-btd60-bt5000\\\/#primaryimage\"},\"image\":{\"@id\":\"https:\\\/\\\/mersatradedz.com\\\/product\\\/encres-brother-btd60-bt5000\\\/#primaryimage\"},\"thumbnailUrl\":\"https:\\\/\\\/mersatradedz.com\\\/wp-content\\\/uploads\\\/2025\\\/08\\\/Bt-D60-Refill-Dye-Ink-for-Brother-DCP-T220-T310-T420W-T425W-T428W-T510W-T52-Printer.avif\",\"datePublished\":\"2025-08-23T11:34:51+00:00\",\"dateModified\":\"2025-10-15T11:58:30+00:00\",\"breadcrumb\":{\"@id\":\"https:\\\/\\\/mersatradedz.com\\\/product\\\/encres-brother-btd60-bt5000\\\/#breadcrumb\"},\"inLanguage\":\"ar\",\"potentialAction\":[{\"@type\":\"ReadAction\",\"target\":[\"https:\\\/\\\/mersatradedz.com\\\/product\\\/encres-brother-btd60-bt5000\\\/\"]}]},{\"@type\":\"ImageObject\",\"inLanguage\":\"ar\",\"@id\":\"https:\\\/\\\/mersatradedz.com\\\/product\\\/encres-brother-btd60-bt5000\\\/#primaryimage\",\"url\":\"https:\\\/\\\/mersatradedz.com\\\/wp-content\\\/uploads\\\/2025\\\/08\\\/Bt-D60-Refill-Dye-Ink-for-Brother-DCP-T220-T310-T420W-T425W-T428W-T510W-T52-Printer.avif\",\"contentUrl\":\"https:\\\/\\\/mersatradedz.com\\\/wp-content\\\/uploads\\\/2025\\\/08\\\/Bt-D60-Refill-Dye-Ink-for-Brother-DCP-T220-T310-T420W-T425W-T428W-T510W-T52-Printer.avif\",\"width\":2185,\"height\":1079},{\"@type\":\"BreadcrumbList\",\"@id\":\"https:\\\/\\\/mersatradedz.com\\\/product\\\/encres-brother-btd60-bt5000\\\/#breadcrumb\",\"itemListElement\":[{\"@type\":\"ListItem\",\"position\":1,\"name\":\"Home\",\"item\":\"https:\\\/\\\/mersatradedz.com\\\/ar\\\/\"},{\"@type\":\"ListItem\",\"position\":2,\"name\":\"Boutique\",\"item\":\"https:\\\/\\\/mersatradedz.com\\\/shop\\\/\"},{\"@type\":\"ListItem\",\"position\":3,\"name\":\"Encres Brother BTD60 + BT5000\"}]},{\"@type\":\"WebSite\",\"@id\":\"https:\\\/\\\/mersatradedz.com\\\/#website\",\"url\":\"https:\\\/\\\/mersatradedz.com\\\/\",\"name\":\"mersatradedz\",\"description\":\"\",\"publisher\":{\"@id\":\"https:\\\/\\\/mersatradedz.com\\\/#organization\"},\"potentialAction\":[{\"@type\":\"SearchAction\",\"target\":{\"@type\":\"EntryPoint\",\"urlTemplate\":\"https:\\\/\\\/mersatradedz.com\\\/?s={search_term_string}\"},\"query-input\":{\"@type\":\"PropertyValueSpecification\",\"valueRequired\":true,\"valueName\":\"search_term_string\"}}],\"inLanguage\":\"ar\"},{\"@type\":\"Organization\",\"@id\":\"https:\\\/\\\/mersatradedz.com\\\/#organization\",\"name\":\"mersa trade\",\"url\":\"https:\\\/\\\/mersatradedz.com\\\/\",\"logo\":{\"@type\":\"ImageObject\",\"inLanguage\":\"ar\",\"@id\":\"https:\\\/\\\/mersatradedz.com\\\/#\\\/schema\\\/logo\\\/image\\\/\",\"url\":\"https:\\\/\\\/mersatradedz.com\\\/wp-content\\\/uploads\\\/2023\\\/07\\\/cropped-1684191296456.jpg\",\"contentUrl\":\"https:\\\/\\\/mersatradedz.com\\\/wp-content\\\/uploads\\\/2023\\\/07\\\/cropped-1684191296456.jpg\",\"width\":1451,\"height\":955,\"caption\":\"mersa trade\"},\"image\":{\"@id\":\"https:\\\/\\\/mersatradedz.com\\\/#\\\/schema\\\/logo\\\/image\\\/\"},\"sameAs\":[\"https:\\\/\\\/www.facebook.com\\\/ntbidz\"]}]}<\/script>\n<!-- \/ Yoast SEO plugin. -->","yoast_head_json":{"title":"Encres Brother BTD60 + BT5000 - mersatradedz","robots":{"index":"index","follow":"follow","max-snippet":"max-snippet:-1","max-image-preview":"max-image-preview:large","max-video-preview":"max-video-preview:-1"},"canonical":"https:\/\/mersatradedz.com\/ar\/product\/encres-brother-btd60-bt5000\/","og_locale":"ar_AR","og_type":"article","og_title":"Encres Brother BTD60 + BT5000 - mersatradedz","og_description":"Encre Brother BTD60 (Noir) + BT5000 (Couleurs) \u2013 pack \u00e9conomique 4 couleurs \ud83d\udda8\ufe0f     Recharge compl\u00e8te pour imprimantes \u00e0 r\u00e9servoir d\u2019encre Brother : cartouche noire BTD60BK + bouteilles cyan, magenta, jaune BT5000    Rendement \u00e9lev\u00e9 : jusqu\u2019\u00e0 6 500 pages en noir (ISO\/IEC) et 5 000 pages par couleur    Impressions vibrantes et durables, sans bavure ni surcharge d\u2019encre    Compatibles avec mod\u00e8les populaires : DCP-T300 \/ T310, T220 \/ T420W, T500W \/ T510W \/ T520W, T700W \/ T710W, T800W \/ T810W \/ T820DW, MFC-T920DW \/ T910W \/ T4500DW, HL-T4000DW, et bien d\u2019autres","og_url":"https:\/\/mersatradedz.com\/ar\/product\/encres-brother-btd60-bt5000\/","og_site_name":"mersatradedz","article_publisher":"https:\/\/www.facebook.com\/ntbidz","article_modified_time":"2025-10-15T11:58:30+00:00","twitter_card":"summary_large_image","twitter_misc":{"\u0648\u0642\u062a \u0627\u0644\u0642\u0631\u0627\u0621\u0629 \u0627\u0644\u0645\u064f\u0642\u062f\u0651\u0631":"\u062f\u0642\u064a\u0642\u0629 \u0648\u0627\u062d\u062f\u0629"},"schema":{"@context":"https:\/\/schema.org","@graph":[{"@type":"WebPage","@id":"https:\/\/mersatradedz.com\/product\/encres-brother-btd60-bt5000\/","url":"https:\/\/mersatradedz.com\/product\/encres-brother-btd60-bt5000\/","name":"Encres Brother BTD60 + BT5000 - mersatradedz","isPartOf":{"@id":"https:\/\/mersatradedz.com\/#website"},"primaryImageOfPage":{"@id":"https:\/\/mersatradedz.com\/product\/encres-brother-btd60-bt5000\/#primaryimage"},"image":{"@id":"https:\/\/mersatradedz.com\/product\/encres-brother-btd60-bt5000\/#primaryimage"},"thumbnailUrl":"https:\/\/mersatradedz.com\/wp-content\/uploads\/2025\/08\/Bt-D60-Refill-Dye-Ink-for-Brother-DCP-T220-T310-T420W-T425W-T428W-T510W-T52-Printer.avif","datePublished":"2025-08-23T11:34:51+00:00","dateModified":"2025-10-15T11:58:30+00:00","breadcrumb":{"@id":"https:\/\/mersatradedz.com\/product\/encres-brother-btd60-bt5000\/#breadcrumb"},"inLanguage":"ar","potentialAction":[{"@type":"ReadAction","target":["https:\/\/mersatradedz.com\/product\/encres-brother-btd60-bt5000\/"]}]},{"@type":"ImageObject","inLanguage":"ar","@id":"https:\/\/mersatradedz.com\/product\/encres-brother-btd60-bt5000\/#primaryimage","url":"https:\/\/mersatradedz.com\/wp-content\/uploads\/2025\/08\/Bt-D60-Refill-Dye-Ink-for-Brother-DCP-T220-T310-T420W-T425W-T428W-T510W-T52-Printer.avif","contentUrl":"https:\/\/mersatradedz.com\/wp-content\/uploads\/2025\/08\/Bt-D60-Refill-Dye-Ink-for-Brother-DCP-T220-T310-T420W-T425W-T428W-T510W-T52-Printer.avif","width":2185,"height":1079},{"@type":"BreadcrumbList","@id":"https:\/\/mersatradedz.com\/product\/encres-brother-btd60-bt5000\/#breadcrumb","itemListElement":[{"@type":"ListItem","position":1,"name":"Home","item":"https:\/\/mersatradedz.com\/ar\/"},{"@type":"ListItem","position":2,"name":"Boutique","item":"https:\/\/mersatradedz.com\/shop\/"},{"@type":"ListItem","position":3,"name":"Encres Brother BTD60 + BT5000"}]},{"@type":"WebSite","@id":"https:\/\/mersatradedz.com\/#website","url":"https:\/\/mersatradedz.com\/","name":"mersatradedz","description":"","publisher":{"@id":"https:\/\/mersatradedz.com\/#organization"},"potentialAction":[{"@type":"SearchAction","target":{"@type":"EntryPoint","urlTemplate":"https:\/\/mersatradedz.com\/?s={search_term_string}"},"query-input":{"@type":"PropertyValueSpecification","valueRequired":true,"valueName":"search_term_string"}}],"inLanguage":"ar"},{"@type":"Organization","@id":"https:\/\/mersatradedz.com\/#organization","name":"mersa trade","url":"https:\/\/mersatradedz.com\/","logo":{"@type":"ImageObject","inLanguage":"ar","@id":"https:\/\/mersatradedz.com\/#\/schema\/logo\/image\/","url":"https:\/\/mersatradedz.com\/wp-content\/uploads\/2023\/07\/cropped-1684191296456.jpg","contentUrl":"https:\/\/mersatradedz.com\/wp-content\/uploads\/2023\/07\/cropped-1684191296456.jpg","width":1451,"height":955,"caption":"mersa trade"},"image":{"@id":"https:\/\/mersatradedz.com\/#\/schema\/logo\/image\/"},"sameAs":["https:\/\/www.facebook.com\/ntbidz"]}]}},"jetpack_sharing_enabled":true,"_links":{"self":[{"href":"https:\/\/mersatradedz.com\/ar\/wp-json\/wp\/v2\/product\/3892","targetHints":{"allow":["GET"]}}],"collection":[{"href":"https:\/\/mersatradedz.com\/ar\/wp-json\/wp\/v2\/product"}],"about":[{"href":"https:\/\/mersatradedz.com\/ar\/wp-json\/wp\/v2\/types\/product"}],"replies":[{"embeddable":true,"href":"https:\/\/mersatradedz.com\/ar\/wp-json\/wp\/v2\/comments?post=3892"}],"wp:featuredmedia":[{"embeddable":true,"href":"https:\/\/mersatradedz.com\/ar\/wp-json\/wp\/v2\/media\/3893"}],"wp:attachment":[{"href":"https:\/\/mersatradedz.com\/ar\/wp-json\/wp\/v2\/media?parent=3892"}],"wp:term":[{"taxonomy":"product_brand","embeddable":true,"href":"https:\/\/mersatradedz.com\/ar\/wp-json\/wp\/v2\/product_brand?post=3892"},{"taxonomy":"product_cat","embeddable":true,"href":"https:\/\/mersatradedz.com\/ar\/wp-json\/wp\/v2\/product_cat?post=3892"},{"taxonomy":"product_tag","embeddable":true,"href":"https:\/\/mersatradedz.com\/ar\/wp-json\/wp\/v2\/product_tag?post=3892"}],"curies":[{"name":"wp","href":"https:\/\/api.w.org\/{rel}","templated":true}]}}