{"id":4051,"date":"2025-12-08T11:57:32","date_gmt":"2025-12-08T10:57:32","guid":{"rendered":"https:\/\/mersatradedz.com\/?post_type=product&#038;p=4051"},"modified":"2026-01-14T09:30:16","modified_gmt":"2026-01-14T08:30:16","slug":"pack-encre-universelle-1l","status":"publish","type":"product","link":"https:\/\/mersatradedz.com\/ar\/product\/pack-encre-universelle-1l\/","title":{"rendered":"Pack Encre Universelle 1L"},"content":{"rendered":"<h3 data-start=\"578\" data-end=\"658\"><strong data-start=\"582\" data-end=\"656\">Pack Encre Universelle 1L \u2013 Haute Qualit\u00e9 pour Imprimantes Jet d\u2019Encre<\/strong><\/h3>\n<p style=\"padding-left: 40px;\" data-start=\"659\" data-end=\"954\">Le pack d\u2019encre universelle 1 litre est la solution id\u00e9ale pour les utilisateurs cherchant un excellent rapport qualit\u00e9\/prix tout en gardant une qualit\u00e9 d\u2019impression optimale. Cette encre est con\u00e7ue pour \u00eatre compatible avec une large gamme d\u2019imprimantes jet d\u2019encre Epson, Canon, Brother et HP.<\/p>\n<hr data-start=\"956\" data-end=\"959\" \/>\n<h3 data-start=\"961\" data-end=\"1000\"><strong data-start=\"965\" data-end=\"998\">\u2714\ufe0f Grande capacit\u00e9 &amp; \u00e9conomie<\/strong><\/h3>\n<p style=\"padding-left: 40px;\" data-start=\"1001\" data-end=\"1255\">Avec sa contenance g\u00e9n\u00e9reuse de <strong data-start=\"1033\" data-end=\"1039\">1L<\/strong>, ce pack permet de recharger plusieurs fois vos cartouches ou r\u00e9servoirs, r\u00e9duisant fortement le co\u00fbt par page. Parfait pour les environnements \u00e0 forte impression : bureaux, \u00e9coles, cybercaf\u00e9s et ateliers de tirage.<\/p>\n<hr data-start=\"1257\" data-end=\"1260\" \/>\n<h3 data-start=\"1262\" data-end=\"1302\"><strong data-start=\"1266\" data-end=\"1300\">\u2714\ufe0f Qualit\u00e9 d\u2019impression fiable<\/strong><\/h3>\n<p data-start=\"1303\" data-end=\"1320\">L\u2019encre offre :<\/p>\n<ul data-start=\"1321\" data-end=\"1501\">\n<li data-start=\"1321\" data-end=\"1354\">\n<p data-start=\"1323\" data-end=\"1354\">Des couleurs vives et stables<\/p>\n<\/li>\n<li data-start=\"1355\" data-end=\"1395\">\n<p data-start=\"1357\" data-end=\"1395\">Un noir profond pour des textes nets<\/p>\n<\/li>\n<li data-start=\"1396\" data-end=\"1438\">\n<p data-start=\"1398\" data-end=\"1438\">Une bonne r\u00e9sistance \u00e0 la d\u00e9coloration<\/p>\n<\/li>\n<li data-start=\"1439\" data-end=\"1501\">\n<p data-start=\"1441\" data-end=\"1501\">Une fluidit\u00e9 optimale pour \u00e9viter l\u2019encrassement des t\u00eates<\/p>\n<\/li>\n<\/ul>\n<hr data-start=\"1503\" data-end=\"1506\" \/>\n<h3 data-start=\"1508\" data-end=\"1546\"><strong data-start=\"1512\" data-end=\"1544\">\u2714\ufe0f Compatibilit\u00e9 universelle<\/strong><\/h3>\n<p data-start=\"1547\" data-end=\"1621\">Formul\u00e9e pour fonctionner avec la majorit\u00e9 des imprimantes jet d\u2019encre :<\/p>\n<ul data-start=\"1622\" data-end=\"1730\">\n<li data-start=\"1622\" data-end=\"1639\">\n<p data-start=\"1624\" data-end=\"1639\">Epson EcoTank<\/p>\n<\/li>\n<li data-start=\"1640\" data-end=\"1655\">\n<p data-start=\"1642\" data-end=\"1655\">Canon Pixma<\/p>\n<\/li>\n<li data-start=\"1656\" data-end=\"1677\">\n<p data-start=\"1658\" data-end=\"1677\">Brother DCP \/ MFC<\/p>\n<\/li>\n<li data-start=\"1678\" data-end=\"1730\">\n<p data-start=\"1680\" data-end=\"1730\">HP Inkjet &amp; DeskJet (selon mod\u00e8les \u00e0 r\u00e9servoir)*<\/p>\n<\/li>\n<\/ul>\n<hr data-start=\"1732\" data-end=\"1735\" \/>\n<h3 data-start=\"1737\" data-end=\"1776\"><strong data-start=\"1741\" data-end=\"1774\">\u2714\ufe0f Id\u00e9al pour tous les usages<\/strong><\/h3>\n<p style=\"padding-left: 40px;\" data-start=\"1777\" data-end=\"1906\">Que vous imprimiez des documents, photos, supports \u00e9ducatifs ou visuels marketing, cette encre offre un rendu propre et homog\u00e8ne.<\/p>\n<hr data-start=\"1908\" data-end=\"1911\" \/>\n<h3 data-start=\"1913\" data-end=\"1952\"><strong data-start=\"1917\" data-end=\"1950\">Un choix \u00e9conomique et fiable<\/strong><\/h3>\n<p style=\"padding-left: 40px;\" data-start=\"1953\" data-end=\"2100\">Le Pack Encre Universelle 1L combine qualit\u00e9, durabilit\u00e9 et \u00e9conomie, tout en restant tr\u00e8s simple \u00e0 utiliser pour des recharges rapides et propres.<\/p>","protected":false},"excerpt":{"rendered":"<p data-start=\"142\" data-end=\"212\"><strong data-start=\"142\" data-end=\"210\">\ud83d\udda8\ufe0f Pack Encre Universelle 1L \u2013 Couleurs Vives &amp; Rendement \u00c9lev\u00e9<\/strong><\/p>\n<p style=\"padding-left: 40px;\" data-start=\"214\" data-end=\"435\">\ud83d\udd39 Compatible avec la majorit\u00e9 des imprimantes jet d\u2019encre<br data-start=\"272\" data-end=\"275\" \/>\ud83d\udd39 Qualit\u00e9 d\u2019impression nette et durable<br data-start=\"315\" data-end=\"318\" \/>\ud83d\udd39 Grande capacit\u00e9 <strong data-start=\"337\" data-end=\"348\">1 litre<\/strong> pour un co\u00fbt d\u2019impression r\u00e9duit<br data-start=\"381\" data-end=\"384\" \/>\ud83d\udd39 Id\u00e9al pour bureaux, \u00e9coles et impression photo<\/p>\n<p data-start=\"437\" data-end=\"526\"><strong data-start=\"437\" data-end=\"526\">\u2728 Une solution \u00e9conomique pour recharger vos cartouches et maintenir une qualit\u00e9 pro.<\/strong><\/p>","protected":false},"featured_media":4038,"comment_status":"open","ping_status":"closed","template":"","meta":{"_monsterinsights_skip_tracking":false,"_monsterinsights_sitenote_active":false,"_monsterinsights_sitenote_note":"","_monsterinsights_sitenote_category":0},"product_brand":[],"product_cat":[224],"product_tag":[],"class_list":{"0":"post-4051","1":"product","2":"type-product","3":"status-publish","4":"has-post-thumbnail","6":"product_cat-consemable","8":"first","9":"instock","10":"shipping-taxable","11":"purchasable","12":"product-type-simple"},"yoast_head":"<!-- This site is optimized with the Yoast SEO plugin v27.4 - https:\/\/yoast.com\/product\/yoast-seo-wordpress\/ -->\n<title>Pack Encre Universelle 1L - mersatradedz<\/title>\n<meta name=\"robots\" content=\"index, follow, max-snippet:-1, max-image-preview:large, max-video-preview:-1\" \/>\n<link rel=\"canonical\" href=\"https:\/\/mersatradedz.com\/ar\/product\/pack-encre-universelle-1l\/\" \/>\n<meta property=\"og:locale\" content=\"ar_AR\" \/>\n<meta property=\"og:type\" content=\"article\" \/>\n<meta property=\"og:title\" content=\"Pack Encre Universelle 1L - mersatradedz\" \/>\n<meta property=\"og:description\" content=\"\ud83d\udda8\ufe0f Pack Encre Universelle 1L \u2013 Couleurs Vives &amp; Rendement \u00c9lev\u00e9 \ud83d\udd39 Compatible avec la majorit\u00e9 des imprimantes jet d\u2019encre\ud83d\udd39 Qualit\u00e9 d\u2019impression nette et durable\ud83d\udd39 Grande capacit\u00e9 1 litre pour un co\u00fbt d\u2019impression r\u00e9duit\ud83d\udd39 Id\u00e9al pour bureaux, \u00e9coles et impression photo \u2728 Une solution \u00e9conomique pour recharger vos cartouches et maintenir une qualit\u00e9 pro.\" \/>\n<meta property=\"og:url\" content=\"https:\/\/mersatradedz.com\/ar\/product\/pack-encre-universelle-1l\/\" \/>\n<meta property=\"og:site_name\" content=\"mersatradedz\" \/>\n<meta property=\"article:publisher\" content=\"https:\/\/www.facebook.com\/ntbidz\" \/>\n<meta property=\"article:modified_time\" content=\"2026-01-14T08:30:16+00:00\" \/>\n<meta property=\"og:image\" content=\"https:\/\/mersatradedz.com\/wp-content\/uploads\/2025\/11\/Encre-1L-e1765191220745.jpg\" \/>\n\t<meta property=\"og:image:width\" content=\"1080\" \/>\n\t<meta property=\"og:image:height\" content=\"1080\" \/>\n\t<meta property=\"og:image:type\" content=\"image\/jpeg\" \/>\n<meta name=\"twitter:card\" content=\"summary_large_image\" \/>\n<meta name=\"twitter:label1\" content=\"\u0648\u0642\u062a \u0627\u0644\u0642\u0631\u0627\u0621\u0629 \u0627\u0644\u0645\u064f\u0642\u062f\u0651\u0631\" \/>\n\t<meta name=\"twitter:data1\" content=\"\u062f\u0642\u064a\u0642\u062a\u0627\u0646\" \/>\n<script type=\"application\/ld+json\" class=\"yoast-schema-graph\">{\"@context\":\"https:\\\/\\\/schema.org\",\"@graph\":[{\"@type\":\"WebPage\",\"@id\":\"https:\\\/\\\/mersatradedz.com\\\/product\\\/pack-encre-universelle-1l\\\/\",\"url\":\"https:\\\/\\\/mersatradedz.com\\\/product\\\/pack-encre-universelle-1l\\\/\",\"name\":\"Pack Encre Universelle 1L - mersatradedz\",\"isPartOf\":{\"@id\":\"https:\\\/\\\/mersatradedz.com\\\/#website\"},\"primaryImageOfPage\":{\"@id\":\"https:\\\/\\\/mersatradedz.com\\\/product\\\/pack-encre-universelle-1l\\\/#primaryimage\"},\"image\":{\"@id\":\"https:\\\/\\\/mersatradedz.com\\\/product\\\/pack-encre-universelle-1l\\\/#primaryimage\"},\"thumbnailUrl\":\"https:\\\/\\\/mersatradedz.com\\\/wp-content\\\/uploads\\\/2025\\\/11\\\/Encre-1L-e1765191220745.jpg\",\"datePublished\":\"2025-12-08T10:57:32+00:00\",\"dateModified\":\"2026-01-14T08:30:16+00:00\",\"breadcrumb\":{\"@id\":\"https:\\\/\\\/mersatradedz.com\\\/product\\\/pack-encre-universelle-1l\\\/#breadcrumb\"},\"inLanguage\":\"ar\",\"potentialAction\":[{\"@type\":\"ReadAction\",\"target\":[\"https:\\\/\\\/mersatradedz.com\\\/product\\\/pack-encre-universelle-1l\\\/\"]}]},{\"@type\":\"ImageObject\",\"inLanguage\":\"ar\",\"@id\":\"https:\\\/\\\/mersatradedz.com\\\/product\\\/pack-encre-universelle-1l\\\/#primaryimage\",\"url\":\"https:\\\/\\\/mersatradedz.com\\\/wp-content\\\/uploads\\\/2025\\\/11\\\/Encre-1L-e1765191220745.jpg\",\"contentUrl\":\"https:\\\/\\\/mersatradedz.com\\\/wp-content\\\/uploads\\\/2025\\\/11\\\/Encre-1L-e1765191220745.jpg\",\"width\":1080,\"height\":1080},{\"@type\":\"BreadcrumbList\",\"@id\":\"https:\\\/\\\/mersatradedz.com\\\/product\\\/pack-encre-universelle-1l\\\/#breadcrumb\",\"itemListElement\":[{\"@type\":\"ListItem\",\"position\":1,\"name\":\"Home\",\"item\":\"https:\\\/\\\/mersatradedz.com\\\/ar\\\/\"},{\"@type\":\"ListItem\",\"position\":2,\"name\":\"Boutique\",\"item\":\"https:\\\/\\\/mersatradedz.com\\\/shop\\\/\"},{\"@type\":\"ListItem\",\"position\":3,\"name\":\"Pack Encre Universelle 1L\"}]},{\"@type\":\"WebSite\",\"@id\":\"https:\\\/\\\/mersatradedz.com\\\/#website\",\"url\":\"https:\\\/\\\/mersatradedz.com\\\/\",\"name\":\"mersatradedz\",\"description\":\"\",\"publisher\":{\"@id\":\"https:\\\/\\\/mersatradedz.com\\\/#organization\"},\"potentialAction\":[{\"@type\":\"SearchAction\",\"target\":{\"@type\":\"EntryPoint\",\"urlTemplate\":\"https:\\\/\\\/mersatradedz.com\\\/?s={search_term_string}\"},\"query-input\":{\"@type\":\"PropertyValueSpecification\",\"valueRequired\":true,\"valueName\":\"search_term_string\"}}],\"inLanguage\":\"ar\"},{\"@type\":\"Organization\",\"@id\":\"https:\\\/\\\/mersatradedz.com\\\/#organization\",\"name\":\"mersa trade\",\"url\":\"https:\\\/\\\/mersatradedz.com\\\/\",\"logo\":{\"@type\":\"ImageObject\",\"inLanguage\":\"ar\",\"@id\":\"https:\\\/\\\/mersatradedz.com\\\/#\\\/schema\\\/logo\\\/image\\\/\",\"url\":\"https:\\\/\\\/mersatradedz.com\\\/wp-content\\\/uploads\\\/2023\\\/07\\\/cropped-1684191296456.jpg\",\"contentUrl\":\"https:\\\/\\\/mersatradedz.com\\\/wp-content\\\/uploads\\\/2023\\\/07\\\/cropped-1684191296456.jpg\",\"width\":1451,\"height\":955,\"caption\":\"mersa trade\"},\"image\":{\"@id\":\"https:\\\/\\\/mersatradedz.com\\\/#\\\/schema\\\/logo\\\/image\\\/\"},\"sameAs\":[\"https:\\\/\\\/www.facebook.com\\\/ntbidz\"]}]}<\/script>\n<!-- \/ Yoast SEO plugin. -->","yoast_head_json":{"title":"Pack Encre Universelle 1L - mersatradedz","robots":{"index":"index","follow":"follow","max-snippet":"max-snippet:-1","max-image-preview":"max-image-preview:large","max-video-preview":"max-video-preview:-1"},"canonical":"https:\/\/mersatradedz.com\/ar\/product\/pack-encre-universelle-1l\/","og_locale":"ar_AR","og_type":"article","og_title":"Pack Encre Universelle 1L - mersatradedz","og_description":"\ud83d\udda8\ufe0f Pack Encre Universelle 1L \u2013 Couleurs Vives &amp; Rendement \u00c9lev\u00e9 \ud83d\udd39 Compatible avec la majorit\u00e9 des imprimantes jet d\u2019encre\ud83d\udd39 Qualit\u00e9 d\u2019impression nette et durable\ud83d\udd39 Grande capacit\u00e9 1 litre pour un co\u00fbt d\u2019impression r\u00e9duit\ud83d\udd39 Id\u00e9al pour bureaux, \u00e9coles et impression photo \u2728 Une solution \u00e9conomique pour recharger vos cartouches et maintenir une qualit\u00e9 pro.","og_url":"https:\/\/mersatradedz.com\/ar\/product\/pack-encre-universelle-1l\/","og_site_name":"mersatradedz","article_publisher":"https:\/\/www.facebook.com\/ntbidz","article_modified_time":"2026-01-14T08:30:16+00:00","og_image":[{"width":1080,"height":1080,"url":"https:\/\/mersatradedz.com\/wp-content\/uploads\/2025\/11\/Encre-1L-e1765191220745.jpg","type":"image\/jpeg"}],"twitter_card":"summary_large_image","twitter_misc":{"\u0648\u0642\u062a \u0627\u0644\u0642\u0631\u0627\u0621\u0629 \u0627\u0644\u0645\u064f\u0642\u062f\u0651\u0631":"\u062f\u0642\u064a\u0642\u062a\u0627\u0646"},"schema":{"@context":"https:\/\/schema.org","@graph":[{"@type":"WebPage","@id":"https:\/\/mersatradedz.com\/product\/pack-encre-universelle-1l\/","url":"https:\/\/mersatradedz.com\/product\/pack-encre-universelle-1l\/","name":"Pack Encre Universelle 1L - mersatradedz","isPartOf":{"@id":"https:\/\/mersatradedz.com\/#website"},"primaryImageOfPage":{"@id":"https:\/\/mersatradedz.com\/product\/pack-encre-universelle-1l\/#primaryimage"},"image":{"@id":"https:\/\/mersatradedz.com\/product\/pack-encre-universelle-1l\/#primaryimage"},"thumbnailUrl":"https:\/\/mersatradedz.com\/wp-content\/uploads\/2025\/11\/Encre-1L-e1765191220745.jpg","datePublished":"2025-12-08T10:57:32+00:00","dateModified":"2026-01-14T08:30:16+00:00","breadcrumb":{"@id":"https:\/\/mersatradedz.com\/product\/pack-encre-universelle-1l\/#breadcrumb"},"inLanguage":"ar","potentialAction":[{"@type":"ReadAction","target":["https:\/\/mersatradedz.com\/product\/pack-encre-universelle-1l\/"]}]},{"@type":"ImageObject","inLanguage":"ar","@id":"https:\/\/mersatradedz.com\/product\/pack-encre-universelle-1l\/#primaryimage","url":"https:\/\/mersatradedz.com\/wp-content\/uploads\/2025\/11\/Encre-1L-e1765191220745.jpg","contentUrl":"https:\/\/mersatradedz.com\/wp-content\/uploads\/2025\/11\/Encre-1L-e1765191220745.jpg","width":1080,"height":1080},{"@type":"BreadcrumbList","@id":"https:\/\/mersatradedz.com\/product\/pack-encre-universelle-1l\/#breadcrumb","itemListElement":[{"@type":"ListItem","position":1,"name":"Home","item":"https:\/\/mersatradedz.com\/ar\/"},{"@type":"ListItem","position":2,"name":"Boutique","item":"https:\/\/mersatradedz.com\/shop\/"},{"@type":"ListItem","position":3,"name":"Pack Encre Universelle 1L"}]},{"@type":"WebSite","@id":"https:\/\/mersatradedz.com\/#website","url":"https:\/\/mersatradedz.com\/","name":"mersatradedz","description":"","publisher":{"@id":"https:\/\/mersatradedz.com\/#organization"},"potentialAction":[{"@type":"SearchAction","target":{"@type":"EntryPoint","urlTemplate":"https:\/\/mersatradedz.com\/?s={search_term_string}"},"query-input":{"@type":"PropertyValueSpecification","valueRequired":true,"valueName":"search_term_string"}}],"inLanguage":"ar"},{"@type":"Organization","@id":"https:\/\/mersatradedz.com\/#organization","name":"mersa trade","url":"https:\/\/mersatradedz.com\/","logo":{"@type":"ImageObject","inLanguage":"ar","@id":"https:\/\/mersatradedz.com\/#\/schema\/logo\/image\/","url":"https:\/\/mersatradedz.com\/wp-content\/uploads\/2023\/07\/cropped-1684191296456.jpg","contentUrl":"https:\/\/mersatradedz.com\/wp-content\/uploads\/2023\/07\/cropped-1684191296456.jpg","width":1451,"height":955,"caption":"mersa trade"},"image":{"@id":"https:\/\/mersatradedz.com\/#\/schema\/logo\/image\/"},"sameAs":["https:\/\/www.facebook.com\/ntbidz"]}]}},"jetpack_sharing_enabled":true,"_links":{"self":[{"href":"https:\/\/mersatradedz.com\/ar\/wp-json\/wp\/v2\/product\/4051","targetHints":{"allow":["GET"]}}],"collection":[{"href":"https:\/\/mersatradedz.com\/ar\/wp-json\/wp\/v2\/product"}],"about":[{"href":"https:\/\/mersatradedz.com\/ar\/wp-json\/wp\/v2\/types\/product"}],"replies":[{"embeddable":true,"href":"https:\/\/mersatradedz.com\/ar\/wp-json\/wp\/v2\/comments?post=4051"}],"wp:featuredmedia":[{"embeddable":true,"href":"https:\/\/mersatradedz.com\/ar\/wp-json\/wp\/v2\/media\/4038"}],"wp:attachment":[{"href":"https:\/\/mersatradedz.com\/ar\/wp-json\/wp\/v2\/media?parent=4051"}],"wp:term":[{"taxonomy":"product_brand","embeddable":true,"href":"https:\/\/mersatradedz.com\/ar\/wp-json\/wp\/v2\/product_brand?post=4051"},{"taxonomy":"product_cat","embeddable":true,"href":"https:\/\/mersatradedz.com\/ar\/wp-json\/wp\/v2\/product_cat?post=4051"},{"taxonomy":"product_tag","embeddable":true,"href":"https:\/\/mersatradedz.com\/ar\/wp-json\/wp\/v2\/product_tag?post=4051"}],"curies":[{"name":"wp","href":"https:\/\/api.w.org\/{rel}","templated":true}]}}