{"id":4070,"date":"2026-05-14T11:10:54","date_gmt":"2026-05-14T10:10:54","guid":{"rendered":"https:\/\/mersatradedz.com\/?post_type=product&#038;p=4070"},"modified":"2026-05-14T17:58:44","modified_gmt":"2026-05-14T16:58:44","slug":"chaise-operateur-b613-chaise-de-bureau-ergonomique-professionnelle","status":"publish","type":"product","link":"https:\/\/mersatradedz.com\/ar\/product\/chaise-operateur-b613-chaise-de-bureau-ergonomique-professionnelle\/","title":{"rendered":"CHAISE OP\u00c9RATEUR B613 \u2013 Chaise de Bureau Ergonomique Professionnelle"},"content":{"rendered":"<p data-start=\"438\" data-end=\"699\">Apportez une touche de modernit\u00e9 et de confort \u00e0 votre bureau avec la <strong data-start=\"508\" data-end=\"533\">CHAISE OP\u00c9RATEUR B613<\/strong>. Con\u00e7ue pour les professionnels exigeants, cette chaise ergonomique offre un excellent soutien du dos et une assise confortable adapt\u00e9e aux longues heures de travail.<\/p>\n<p data-start=\"701\" data-end=\"941\">Son design contemporain s\u2019int\u00e8gre parfaitement dans les bureaux administratifs, open spaces, salles de r\u00e9union ou espaces de t\u00e9l\u00e9travail. Sa structure robuste et ses roulettes multidirectionnelles assurent stabilit\u00e9, mobilit\u00e9 et durabilit\u00e9.<\/p>\n<p data-start=\"943\" data-end=\"1112\">Gr\u00e2ce \u00e0 son syst\u00e8me de r\u00e9glage en hauteur et \u00e0 son dossier ergonomique, la B613 am\u00e9liore le confort de l\u2019utilisateur tout en favorisant une meilleure posture au travail<\/p>","protected":false},"excerpt":{"rendered":"<p>La CHAISE OP\u00c9RATEUR B613 combine confort, \u00e9l\u00e9gance et ergonomie pour r\u00e9pondre aux besoins des espaces de travail modernes. Gr\u00e2ce \u00e0 son design professionnel, son assise rembourr\u00e9e et sa hauteur r\u00e9glable, elle garantit une exp\u00e9rience de travail confortable au quotidien<\/p>","protected":false},"featured_media":4071,"comment_status":"open","ping_status":"closed","template":"","meta":{"_monsterinsights_skip_tracking":false,"_monsterinsights_sitenote_active":false,"_monsterinsights_sitenote_note":"","_monsterinsights_sitenote_category":0},"product_brand":[],"product_cat":[384],"product_tag":[],"class_list":{"0":"post-4070","1":"product","2":"type-product","3":"status-publish","4":"has-post-thumbnail","6":"product_cat-chaiserie","8":"first","9":"instock","10":"sale","11":"shipping-taxable","12":"purchasable","13":"product-type-simple"},"yoast_head":"<!-- This site is optimized with the Yoast SEO plugin v27.6 - https:\/\/yoast.com\/product\/yoast-seo-wordpress\/ -->\n<title>CHAISE OP\u00c9RATEUR B613 \u2013 Chaise de Bureau Ergonomique Professionnelle - mersatradedz<\/title>\n<meta name=\"robots\" content=\"index, follow, max-snippet:-1, max-image-preview:large, max-video-preview:-1\" \/>\n<link rel=\"canonical\" href=\"https:\/\/mersatradedz.com\/ar\/product\/chaise-operateur-b613-chaise-de-bureau-ergonomique-professionnelle\/\" \/>\n<meta property=\"og:locale\" content=\"ar_AR\" \/>\n<meta property=\"og:type\" content=\"article\" \/>\n<meta property=\"og:title\" content=\"CHAISE OP\u00c9RATEUR B613 \u2013 Chaise de Bureau Ergonomique Professionnelle - mersatradedz\" \/>\n<meta property=\"og:description\" content=\"La CHAISE OP\u00c9RATEUR B613 combine confort, \u00e9l\u00e9gance et ergonomie pour r\u00e9pondre aux besoins des espaces de travail modernes. Gr\u00e2ce \u00e0 son design professionnel, son assise rembourr\u00e9e et sa hauteur r\u00e9glable, elle garantit une exp\u00e9rience de travail confortable au quotidien\" \/>\n<meta property=\"og:url\" content=\"https:\/\/mersatradedz.com\/ar\/product\/chaise-operateur-b613-chaise-de-bureau-ergonomique-professionnelle\/\" \/>\n<meta property=\"og:site_name\" content=\"mersatradedz\" \/>\n<meta property=\"article:publisher\" content=\"https:\/\/www.facebook.com\/ntbidz\" \/>\n<meta property=\"article:modified_time\" content=\"2026-05-14T16:58:44+00:00\" \/>\n<meta property=\"og:image\" content=\"https:\/\/mersatradedz.com\/wp-content\/uploads\/2026\/05\/WhatsApp-Image-2026-05-03-at-15.25.31.jpeg\" \/>\n\t<meta property=\"og:image:width\" content=\"863\" \/>\n\t<meta property=\"og:image:height\" content=\"1080\" \/>\n\t<meta property=\"og:image:type\" content=\"image\/jpeg\" \/>\n<meta name=\"twitter:card\" content=\"summary_large_image\" \/>\n<meta name=\"twitter:label1\" content=\"\u0648\u0642\u062a \u0627\u0644\u0642\u0631\u0627\u0621\u0629 \u0627\u0644\u0645\u064f\u0642\u062f\u0651\u0631\" \/>\n\t<meta name=\"twitter:data1\" content=\"\u062f\u0642\u064a\u0642\u0629 \u0648\u0627\u062d\u062f\u0629\" \/>\n<script type=\"application\/ld+json\" class=\"yoast-schema-graph\">{\"@context\":\"https:\\\/\\\/schema.org\",\"@graph\":[{\"@type\":\"WebPage\",\"@id\":\"https:\\\/\\\/mersatradedz.com\\\/product\\\/chaise-operateur-b613-chaise-de-bureau-ergonomique-professionnelle\\\/\",\"url\":\"https:\\\/\\\/mersatradedz.com\\\/product\\\/chaise-operateur-b613-chaise-de-bureau-ergonomique-professionnelle\\\/\",\"name\":\"CHAISE OP\u00c9RATEUR B613 \u2013 Chaise de Bureau Ergonomique Professionnelle - mersatradedz\",\"isPartOf\":{\"@id\":\"https:\\\/\\\/mersatradedz.com\\\/#website\"},\"primaryImageOfPage\":{\"@id\":\"https:\\\/\\\/mersatradedz.com\\\/product\\\/chaise-operateur-b613-chaise-de-bureau-ergonomique-professionnelle\\\/#primaryimage\"},\"image\":{\"@id\":\"https:\\\/\\\/mersatradedz.com\\\/product\\\/chaise-operateur-b613-chaise-de-bureau-ergonomique-professionnelle\\\/#primaryimage\"},\"thumbnailUrl\":\"https:\\\/\\\/mersatradedz.com\\\/wp-content\\\/uploads\\\/2026\\\/05\\\/WhatsApp-Image-2026-05-03-at-15.25.31.jpeg\",\"datePublished\":\"2026-05-14T10:10:54+00:00\",\"dateModified\":\"2026-05-14T16:58:44+00:00\",\"breadcrumb\":{\"@id\":\"https:\\\/\\\/mersatradedz.com\\\/product\\\/chaise-operateur-b613-chaise-de-bureau-ergonomique-professionnelle\\\/#breadcrumb\"},\"inLanguage\":\"ar\",\"potentialAction\":[{\"@type\":\"ReadAction\",\"target\":[\"https:\\\/\\\/mersatradedz.com\\\/product\\\/chaise-operateur-b613-chaise-de-bureau-ergonomique-professionnelle\\\/\"]}]},{\"@type\":\"ImageObject\",\"inLanguage\":\"ar\",\"@id\":\"https:\\\/\\\/mersatradedz.com\\\/product\\\/chaise-operateur-b613-chaise-de-bureau-ergonomique-professionnelle\\\/#primaryimage\",\"url\":\"https:\\\/\\\/mersatradedz.com\\\/wp-content\\\/uploads\\\/2026\\\/05\\\/WhatsApp-Image-2026-05-03-at-15.25.31.jpeg\",\"contentUrl\":\"https:\\\/\\\/mersatradedz.com\\\/wp-content\\\/uploads\\\/2026\\\/05\\\/WhatsApp-Image-2026-05-03-at-15.25.31.jpeg\",\"width\":863,\"height\":1080},{\"@type\":\"BreadcrumbList\",\"@id\":\"https:\\\/\\\/mersatradedz.com\\\/product\\\/chaise-operateur-b613-chaise-de-bureau-ergonomique-professionnelle\\\/#breadcrumb\",\"itemListElement\":[{\"@type\":\"ListItem\",\"position\":1,\"name\":\"Home\",\"item\":\"https:\\\/\\\/mersatradedz.com\\\/ar\\\/\"},{\"@type\":\"ListItem\",\"position\":2,\"name\":\"Boutique\",\"item\":\"https:\\\/\\\/mersatradedz.com\\\/shop\\\/\"},{\"@type\":\"ListItem\",\"position\":3,\"name\":\"CHAISE OP\u00c9RATEUR B613 \u2013 Chaise de Bureau Ergonomique Professionnelle\"}]},{\"@type\":\"WebSite\",\"@id\":\"https:\\\/\\\/mersatradedz.com\\\/#website\",\"url\":\"https:\\\/\\\/mersatradedz.com\\\/\",\"name\":\"mersatradedz\",\"description\":\"\",\"publisher\":{\"@id\":\"https:\\\/\\\/mersatradedz.com\\\/#organization\"},\"potentialAction\":[{\"@type\":\"SearchAction\",\"target\":{\"@type\":\"EntryPoint\",\"urlTemplate\":\"https:\\\/\\\/mersatradedz.com\\\/?s={search_term_string}\"},\"query-input\":{\"@type\":\"PropertyValueSpecification\",\"valueRequired\":true,\"valueName\":\"search_term_string\"}}],\"inLanguage\":\"ar\"},{\"@type\":\"Organization\",\"@id\":\"https:\\\/\\\/mersatradedz.com\\\/#organization\",\"name\":\"mersa trade\",\"url\":\"https:\\\/\\\/mersatradedz.com\\\/\",\"logo\":{\"@type\":\"ImageObject\",\"inLanguage\":\"ar\",\"@id\":\"https:\\\/\\\/mersatradedz.com\\\/#\\\/schema\\\/logo\\\/image\\\/\",\"url\":\"https:\\\/\\\/mersatradedz.com\\\/wp-content\\\/uploads\\\/2023\\\/07\\\/cropped-1684191296456.jpg\",\"contentUrl\":\"https:\\\/\\\/mersatradedz.com\\\/wp-content\\\/uploads\\\/2023\\\/07\\\/cropped-1684191296456.jpg\",\"width\":1451,\"height\":955,\"caption\":\"mersa trade\"},\"image\":{\"@id\":\"https:\\\/\\\/mersatradedz.com\\\/#\\\/schema\\\/logo\\\/image\\\/\"},\"sameAs\":[\"https:\\\/\\\/www.facebook.com\\\/ntbidz\"]}]}<\/script>\n<!-- \/ Yoast SEO plugin. -->","yoast_head_json":{"title":"CHAISE OP\u00c9RATEUR B613 \u2013 Chaise de Bureau Ergonomique Professionnelle - mersatradedz","robots":{"index":"index","follow":"follow","max-snippet":"max-snippet:-1","max-image-preview":"max-image-preview:large","max-video-preview":"max-video-preview:-1"},"canonical":"https:\/\/mersatradedz.com\/ar\/product\/chaise-operateur-b613-chaise-de-bureau-ergonomique-professionnelle\/","og_locale":"ar_AR","og_type":"article","og_title":"CHAISE OP\u00c9RATEUR B613 \u2013 Chaise de Bureau Ergonomique Professionnelle - mersatradedz","og_description":"La CHAISE OP\u00c9RATEUR B613 combine confort, \u00e9l\u00e9gance et ergonomie pour r\u00e9pondre aux besoins des espaces de travail modernes. Gr\u00e2ce \u00e0 son design professionnel, son assise rembourr\u00e9e et sa hauteur r\u00e9glable, elle garantit une exp\u00e9rience de travail confortable au quotidien","og_url":"https:\/\/mersatradedz.com\/ar\/product\/chaise-operateur-b613-chaise-de-bureau-ergonomique-professionnelle\/","og_site_name":"mersatradedz","article_publisher":"https:\/\/www.facebook.com\/ntbidz","article_modified_time":"2026-05-14T16:58:44+00:00","og_image":[{"width":863,"height":1080,"url":"https:\/\/mersatradedz.com\/wp-content\/uploads\/2026\/05\/WhatsApp-Image-2026-05-03-at-15.25.31.jpeg","type":"image\/jpeg"}],"twitter_card":"summary_large_image","twitter_misc":{"\u0648\u0642\u062a \u0627\u0644\u0642\u0631\u0627\u0621\u0629 \u0627\u0644\u0645\u064f\u0642\u062f\u0651\u0631":"\u062f\u0642\u064a\u0642\u0629 \u0648\u0627\u062d\u062f\u0629"},"schema":{"@context":"https:\/\/schema.org","@graph":[{"@type":"WebPage","@id":"https:\/\/mersatradedz.com\/product\/chaise-operateur-b613-chaise-de-bureau-ergonomique-professionnelle\/","url":"https:\/\/mersatradedz.com\/product\/chaise-operateur-b613-chaise-de-bureau-ergonomique-professionnelle\/","name":"CHAISE OP\u00c9RATEUR B613 \u2013 Chaise de Bureau Ergonomique Professionnelle - mersatradedz","isPartOf":{"@id":"https:\/\/mersatradedz.com\/#website"},"primaryImageOfPage":{"@id":"https:\/\/mersatradedz.com\/product\/chaise-operateur-b613-chaise-de-bureau-ergonomique-professionnelle\/#primaryimage"},"image":{"@id":"https:\/\/mersatradedz.com\/product\/chaise-operateur-b613-chaise-de-bureau-ergonomique-professionnelle\/#primaryimage"},"thumbnailUrl":"https:\/\/mersatradedz.com\/wp-content\/uploads\/2026\/05\/WhatsApp-Image-2026-05-03-at-15.25.31.jpeg","datePublished":"2026-05-14T10:10:54+00:00","dateModified":"2026-05-14T16:58:44+00:00","breadcrumb":{"@id":"https:\/\/mersatradedz.com\/product\/chaise-operateur-b613-chaise-de-bureau-ergonomique-professionnelle\/#breadcrumb"},"inLanguage":"ar","potentialAction":[{"@type":"ReadAction","target":["https:\/\/mersatradedz.com\/product\/chaise-operateur-b613-chaise-de-bureau-ergonomique-professionnelle\/"]}]},{"@type":"ImageObject","inLanguage":"ar","@id":"https:\/\/mersatradedz.com\/product\/chaise-operateur-b613-chaise-de-bureau-ergonomique-professionnelle\/#primaryimage","url":"https:\/\/mersatradedz.com\/wp-content\/uploads\/2026\/05\/WhatsApp-Image-2026-05-03-at-15.25.31.jpeg","contentUrl":"https:\/\/mersatradedz.com\/wp-content\/uploads\/2026\/05\/WhatsApp-Image-2026-05-03-at-15.25.31.jpeg","width":863,"height":1080},{"@type":"BreadcrumbList","@id":"https:\/\/mersatradedz.com\/product\/chaise-operateur-b613-chaise-de-bureau-ergonomique-professionnelle\/#breadcrumb","itemListElement":[{"@type":"ListItem","position":1,"name":"Home","item":"https:\/\/mersatradedz.com\/ar\/"},{"@type":"ListItem","position":2,"name":"Boutique","item":"https:\/\/mersatradedz.com\/shop\/"},{"@type":"ListItem","position":3,"name":"CHAISE OP\u00c9RATEUR B613 \u2013 Chaise de Bureau Ergonomique Professionnelle"}]},{"@type":"WebSite","@id":"https:\/\/mersatradedz.com\/#website","url":"https:\/\/mersatradedz.com\/","name":"mersatradedz","description":"","publisher":{"@id":"https:\/\/mersatradedz.com\/#organization"},"potentialAction":[{"@type":"SearchAction","target":{"@type":"EntryPoint","urlTemplate":"https:\/\/mersatradedz.com\/?s={search_term_string}"},"query-input":{"@type":"PropertyValueSpecification","valueRequired":true,"valueName":"search_term_string"}}],"inLanguage":"ar"},{"@type":"Organization","@id":"https:\/\/mersatradedz.com\/#organization","name":"mersa trade","url":"https:\/\/mersatradedz.com\/","logo":{"@type":"ImageObject","inLanguage":"ar","@id":"https:\/\/mersatradedz.com\/#\/schema\/logo\/image\/","url":"https:\/\/mersatradedz.com\/wp-content\/uploads\/2023\/07\/cropped-1684191296456.jpg","contentUrl":"https:\/\/mersatradedz.com\/wp-content\/uploads\/2023\/07\/cropped-1684191296456.jpg","width":1451,"height":955,"caption":"mersa trade"},"image":{"@id":"https:\/\/mersatradedz.com\/#\/schema\/logo\/image\/"},"sameAs":["https:\/\/www.facebook.com\/ntbidz"]}]}},"jetpack_sharing_enabled":true,"_links":{"self":[{"href":"https:\/\/mersatradedz.com\/ar\/wp-json\/wp\/v2\/product\/4070","targetHints":{"allow":["GET"]}}],"collection":[{"href":"https:\/\/mersatradedz.com\/ar\/wp-json\/wp\/v2\/product"}],"about":[{"href":"https:\/\/mersatradedz.com\/ar\/wp-json\/wp\/v2\/types\/product"}],"replies":[{"embeddable":true,"href":"https:\/\/mersatradedz.com\/ar\/wp-json\/wp\/v2\/comments?post=4070"}],"wp:featuredmedia":[{"embeddable":true,"href":"https:\/\/mersatradedz.com\/ar\/wp-json\/wp\/v2\/media\/4071"}],"wp:attachment":[{"href":"https:\/\/mersatradedz.com\/ar\/wp-json\/wp\/v2\/media?parent=4070"}],"wp:term":[{"taxonomy":"product_brand","embeddable":true,"href":"https:\/\/mersatradedz.com\/ar\/wp-json\/wp\/v2\/product_brand?post=4070"},{"taxonomy":"product_cat","embeddable":true,"href":"https:\/\/mersatradedz.com\/ar\/wp-json\/wp\/v2\/product_cat?post=4070"},{"taxonomy":"product_tag","embeddable":true,"href":"https:\/\/mersatradedz.com\/ar\/wp-json\/wp\/v2\/product_tag?post=4070"}],"curies":[{"name":"wp","href":"https:\/\/api.w.org\/{rel}","templated":true}]}}