{"id":647,"date":"2023-05-19T19:53:40","date_gmt":"2023-05-19T19:53:40","guid":{"rendered":"https:\/\/mersatradedz.com\/?post_type=product&#038;p=647"},"modified":"2025-05-21T13:32:13","modified_gmt":"2025-05-21T12:32:13","slug":"toner-brother-tn2420","status":"publish","type":"product","link":"https:\/\/mersatradedz.com\/ar\/product\/toner-brother-tn2420\/","title":{"rendered":"Toner Brother TN2420"},"content":{"rendered":"<h3 data-start=\"721\" data-end=\"867\"><strong data-start=\"721\" data-end=\"747\">Texte pr\u00e9cis et propre<\/strong><\/h3>\n<p class=\"\" data-start=\"721\" data-end=\"867\">Le TN-2420 fournit un noir profond et uniforme, id\u00e9al pour les rapports, devis, factures et documents administratifs.<\/p>\n<h3 data-start=\"869\" data-end=\"949\"><strong data-start=\"869\" data-end=\"893\">Compatibilit\u00e9 fiable<\/strong><\/h3>\n<p class=\"\" data-start=\"869\" data-end=\"949\">Compatible avec les imprimantes Brother suivantes :<\/p>\n<ul data-start=\"950\" data-end=\"1101\">\n<li class=\"\" data-start=\"950\" data-end=\"1002\">\n<p class=\"\" data-start=\"952\" data-end=\"1002\">HL-L2310D, HL-L2350DW, HL-L2370DN, HL-L2375DW<\/p>\n<\/li>\n<li class=\"\" data-start=\"1003\" data-end=\"1045\">\n<p class=\"\" data-start=\"1005\" data-end=\"1045\">DCP-L2510D, DCP-L2530DW, DCP-L2550DN<\/p>\n<\/li>\n<li class=\"\" data-start=\"1046\" data-end=\"1101\">\n<p class=\"\" data-start=\"1048\" data-end=\"1101\">MFC-L2710DN, MFC-L2710DW, MFC-L2730DW, MFC-L2750DW<\/p>\n<\/li>\n<\/ul>\n<h3 data-start=\"1103\" data-end=\"1245\"><strong data-start=\"1103\" data-end=\"1122\">Rendement \u00e9lev\u00e9<\/strong><\/h3>\n<p class=\"\" data-start=\"1103\" data-end=\"1245\">Jusqu\u2019\u00e0 <strong data-start=\"1133\" data-end=\"1148\">3 000 pages<\/strong> d\u2019impression (\u00e0 5 % de couverture), parfait pour les entreprises ou utilisateurs \u00e0 grand volume.<\/p>\n<h3 data-start=\"1247\" data-end=\"1397\"><strong data-start=\"1247\" data-end=\"1275\">Installation sans effort<\/strong><\/h3>\n<p class=\"\" data-start=\"1247\" data-end=\"1397\">La cartouche s\u2019installe rapidement, sans bavure ni manipulation complexe. Compatible avec les tambours Brother DR-2400.<\/p>\n<h3 data-start=\"1399\" data-end=\"1433\"><strong data-start=\"1399\" data-end=\"1431\">Caract\u00e9ristiques principales<\/strong><\/h3>\n<ul data-start=\"1434\" data-end=\"1627\">\n<li class=\"\" data-start=\"1434\" data-end=\"1462\">\n<p class=\"\" data-start=\"1436\" data-end=\"1462\">Mod\u00e8le : Brother TN-2420<\/p>\n<\/li>\n<li class=\"\" data-start=\"1463\" data-end=\"1481\">\n<p class=\"\" data-start=\"1465\" data-end=\"1481\">Couleur : Noir<\/p>\n<\/li>\n<li class=\"\" data-start=\"1482\" data-end=\"1517\">\n<p class=\"\" data-start=\"1484\" data-end=\"1517\">Rendement : jusqu\u2019\u00e0 3 000 pages<\/p>\n<\/li>\n<li class=\"\" data-start=\"1518\" data-end=\"1552\">\n<p class=\"\" data-start=\"1520\" data-end=\"1552\">Technologie : laser monochrome<\/p>\n<\/li>\n<li class=\"\" data-start=\"1553\" data-end=\"1592\">\n<p class=\"\" data-start=\"1555\" data-end=\"1592\">Compatibilit\u00e9 : HL, DCP, MFC s\u00e9ries<\/p>\n<\/li>\n<li class=\"\" data-start=\"1593\" data-end=\"1627\">\n<p class=\"\" data-start=\"1595\" data-end=\"1627\">Utilisation avec tambour DR-2400<\/p>\n<\/li>\n<\/ul>\n<h3 data-start=\"1629\" data-end=\"1806\"><strong data-start=\"1629\" data-end=\"1655\">Efficacit\u00e9 et \u00e9conomie<\/strong><\/h3>\n<p class=\"\" data-start=\"1629\" data-end=\"1806\">Le TN-2420 combine performance et long\u00e9vit\u00e9. Il r\u00e9duit le co\u00fbt par page tout en maintenant une qualit\u00e9 constante, id\u00e9ale pour les bureaux exigeants.<\/p>","protected":false},"excerpt":{"rendered":"<p>Le toner Brother TN-2420 noir offre une impression laser de haute qualit\u00e9, id\u00e9ale pour un usage professionnel. Avec une capacit\u00e9 allant jusqu\u2019\u00e0 3 000 pages, il assure des impressions nettes, constantes et \u00e9conomiques. Compatible avec plusieurs mod\u00e8les d\u2019imprimantes Brother, il combine fiabilit\u00e9, rendement \u00e9lev\u00e9 et installation rapide.<\/p>","protected":false},"featured_media":1098,"comment_status":"open","ping_status":"closed","template":"","meta":{"_monsterinsights_skip_tracking":false,"_monsterinsights_sitenote_active":false,"_monsterinsights_sitenote_note":"","_monsterinsights_sitenote_category":0},"product_brand":[938],"product_cat":[224],"product_tag":[256,241,849,963,964,965,959,960,961,962,784,852,870,966,967,968,969,403,255,254],"class_list":{"0":"post-647","1":"product","2":"type-product","3":"status-publish","4":"has-post-thumbnail","6":"product_brand-brother","7":"product_cat-consemable","8":"product_tag-256","9":"product_tag-brother","10":"product_tag-consomable","11":"product_tag-dcp-l2510d","12":"product_tag-dcp-l2530dw","13":"product_tag-dcp-l2550dn","14":"product_tag-hl-l2310d","15":"product_tag-hl-l2350dw","16":"product_tag-hl-l2370dn","17":"product_tag-hl-l2375dw","18":"product_tag-imprimante","19":"product_tag-laser","20":"product_tag-lazer","21":"product_tag-mfc-l2710dn","22":"product_tag-mfc-l2710dw","23":"product_tag-mfc-l2730dw","24":"product_tag-mfc-l2750dw","25":"product_tag-noir","26":"product_tag-tn2420","27":"product_tag-toner","29":"first","30":"instock","31":"purchasable","32":"product-type-simple"},"yoast_head":"<!-- This site is optimized with the Yoast SEO plugin v27.4 - https:\/\/yoast.com\/product\/yoast-seo-wordpress\/ -->\n<title>Toner Brother TN2420 - mersatradedz<\/title>\n<meta name=\"robots\" content=\"index, follow, max-snippet:-1, max-image-preview:large, max-video-preview:-1\" \/>\n<link rel=\"canonical\" href=\"https:\/\/mersatradedz.com\/ar\/product\/toner-brother-tn2420\/\" \/>\n<meta property=\"og:locale\" content=\"ar_AR\" \/>\n<meta property=\"og:type\" content=\"article\" \/>\n<meta property=\"og:title\" content=\"Toner Brother TN2420 - mersatradedz\" \/>\n<meta property=\"og:description\" content=\"Le toner Brother TN-2420 noir offre une impression laser de haute qualit\u00e9, id\u00e9ale pour un usage professionnel. Avec une capacit\u00e9 allant jusqu\u2019\u00e0 3 000 pages, il assure des impressions nettes, constantes et \u00e9conomiques. Compatible avec plusieurs mod\u00e8les d\u2019imprimantes Brother, il combine fiabilit\u00e9, rendement \u00e9lev\u00e9 et installation rapide.\" \/>\n<meta property=\"og:url\" content=\"https:\/\/mersatradedz.com\/ar\/product\/toner-brother-tn2420\/\" \/>\n<meta property=\"og:site_name\" content=\"mersatradedz\" \/>\n<meta property=\"article:publisher\" content=\"https:\/\/www.facebook.com\/ntbidz\" \/>\n<meta property=\"article:modified_time\" content=\"2025-05-21T12:32:13+00:00\" \/>\n<meta property=\"og:image\" content=\"https:\/\/mersatradedz.com\/wp-content\/uploads\/2023\/07\/2392.png\" \/>\n\t<meta property=\"og:image:width\" content=\"600\" \/>\n\t<meta property=\"og:image:height\" content=\"600\" \/>\n\t<meta property=\"og:image:type\" content=\"image\/png\" \/>\n<meta name=\"twitter:card\" content=\"summary_large_image\" \/>\n<meta name=\"twitter:label1\" content=\"\u0648\u0642\u062a \u0627\u0644\u0642\u0631\u0627\u0621\u0629 \u0627\u0644\u0645\u064f\u0642\u062f\u0651\u0631\" \/>\n\t<meta name=\"twitter:data1\" content=\"\u062f\u0642\u064a\u0642\u0629 \u0648\u0627\u062d\u062f\u0629\" \/>\n<script type=\"application\/ld+json\" class=\"yoast-schema-graph\">{\"@context\":\"https:\\\/\\\/schema.org\",\"@graph\":[{\"@type\":\"WebPage\",\"@id\":\"https:\\\/\\\/mersatradedz.com\\\/product\\\/toner-brother-tn2420\\\/\",\"url\":\"https:\\\/\\\/mersatradedz.com\\\/product\\\/toner-brother-tn2420\\\/\",\"name\":\"Toner Brother TN2420 - mersatradedz\",\"isPartOf\":{\"@id\":\"https:\\\/\\\/mersatradedz.com\\\/#website\"},\"primaryImageOfPage\":{\"@id\":\"https:\\\/\\\/mersatradedz.com\\\/product\\\/toner-brother-tn2420\\\/#primaryimage\"},\"image\":{\"@id\":\"https:\\\/\\\/mersatradedz.com\\\/product\\\/toner-brother-tn2420\\\/#primaryimage\"},\"thumbnailUrl\":\"https:\\\/\\\/mersatradedz.com\\\/wp-content\\\/uploads\\\/2023\\\/07\\\/2392.png\",\"datePublished\":\"2023-05-19T19:53:40+00:00\",\"dateModified\":\"2025-05-21T12:32:13+00:00\",\"breadcrumb\":{\"@id\":\"https:\\\/\\\/mersatradedz.com\\\/product\\\/toner-brother-tn2420\\\/#breadcrumb\"},\"inLanguage\":\"ar\",\"potentialAction\":[{\"@type\":\"ReadAction\",\"target\":[\"https:\\\/\\\/mersatradedz.com\\\/product\\\/toner-brother-tn2420\\\/\"]}]},{\"@type\":\"ImageObject\",\"inLanguage\":\"ar\",\"@id\":\"https:\\\/\\\/mersatradedz.com\\\/product\\\/toner-brother-tn2420\\\/#primaryimage\",\"url\":\"https:\\\/\\\/mersatradedz.com\\\/wp-content\\\/uploads\\\/2023\\\/07\\\/2392.png\",\"contentUrl\":\"https:\\\/\\\/mersatradedz.com\\\/wp-content\\\/uploads\\\/2023\\\/07\\\/2392.png\",\"width\":600,\"height\":600},{\"@type\":\"BreadcrumbList\",\"@id\":\"https:\\\/\\\/mersatradedz.com\\\/product\\\/toner-brother-tn2420\\\/#breadcrumb\",\"itemListElement\":[{\"@type\":\"ListItem\",\"position\":1,\"name\":\"Home\",\"item\":\"https:\\\/\\\/mersatradedz.com\\\/ar\\\/\"},{\"@type\":\"ListItem\",\"position\":2,\"name\":\"Boutique\",\"item\":\"https:\\\/\\\/mersatradedz.com\\\/shop\\\/\"},{\"@type\":\"ListItem\",\"position\":3,\"name\":\"Toner Brother TN2420\"}]},{\"@type\":\"WebSite\",\"@id\":\"https:\\\/\\\/mersatradedz.com\\\/#website\",\"url\":\"https:\\\/\\\/mersatradedz.com\\\/\",\"name\":\"mersatradedz\",\"description\":\"\",\"publisher\":{\"@id\":\"https:\\\/\\\/mersatradedz.com\\\/#organization\"},\"potentialAction\":[{\"@type\":\"SearchAction\",\"target\":{\"@type\":\"EntryPoint\",\"urlTemplate\":\"https:\\\/\\\/mersatradedz.com\\\/?s={search_term_string}\"},\"query-input\":{\"@type\":\"PropertyValueSpecification\",\"valueRequired\":true,\"valueName\":\"search_term_string\"}}],\"inLanguage\":\"ar\"},{\"@type\":\"Organization\",\"@id\":\"https:\\\/\\\/mersatradedz.com\\\/#organization\",\"name\":\"mersa trade\",\"url\":\"https:\\\/\\\/mersatradedz.com\\\/\",\"logo\":{\"@type\":\"ImageObject\",\"inLanguage\":\"ar\",\"@id\":\"https:\\\/\\\/mersatradedz.com\\\/#\\\/schema\\\/logo\\\/image\\\/\",\"url\":\"https:\\\/\\\/mersatradedz.com\\\/wp-content\\\/uploads\\\/2023\\\/07\\\/cropped-1684191296456.jpg\",\"contentUrl\":\"https:\\\/\\\/mersatradedz.com\\\/wp-content\\\/uploads\\\/2023\\\/07\\\/cropped-1684191296456.jpg\",\"width\":1451,\"height\":955,\"caption\":\"mersa trade\"},\"image\":{\"@id\":\"https:\\\/\\\/mersatradedz.com\\\/#\\\/schema\\\/logo\\\/image\\\/\"},\"sameAs\":[\"https:\\\/\\\/www.facebook.com\\\/ntbidz\"]}]}<\/script>\n<!-- \/ Yoast SEO plugin. -->","yoast_head_json":{"title":"Toner Brother TN2420 - mersatradedz","robots":{"index":"index","follow":"follow","max-snippet":"max-snippet:-1","max-image-preview":"max-image-preview:large","max-video-preview":"max-video-preview:-1"},"canonical":"https:\/\/mersatradedz.com\/ar\/product\/toner-brother-tn2420\/","og_locale":"ar_AR","og_type":"article","og_title":"Toner Brother TN2420 - mersatradedz","og_description":"Le toner Brother TN-2420 noir offre une impression laser de haute qualit\u00e9, id\u00e9ale pour un usage professionnel. Avec une capacit\u00e9 allant jusqu\u2019\u00e0 3 000 pages, il assure des impressions nettes, constantes et \u00e9conomiques. Compatible avec plusieurs mod\u00e8les d\u2019imprimantes Brother, il combine fiabilit\u00e9, rendement \u00e9lev\u00e9 et installation rapide.","og_url":"https:\/\/mersatradedz.com\/ar\/product\/toner-brother-tn2420\/","og_site_name":"mersatradedz","article_publisher":"https:\/\/www.facebook.com\/ntbidz","article_modified_time":"2025-05-21T12:32:13+00:00","og_image":[{"width":600,"height":600,"url":"https:\/\/mersatradedz.com\/wp-content\/uploads\/2023\/07\/2392.png","type":"image\/png"}],"twitter_card":"summary_large_image","twitter_misc":{"\u0648\u0642\u062a \u0627\u0644\u0642\u0631\u0627\u0621\u0629 \u0627\u0644\u0645\u064f\u0642\u062f\u0651\u0631":"\u062f\u0642\u064a\u0642\u0629 \u0648\u0627\u062d\u062f\u0629"},"schema":{"@context":"https:\/\/schema.org","@graph":[{"@type":"WebPage","@id":"https:\/\/mersatradedz.com\/product\/toner-brother-tn2420\/","url":"https:\/\/mersatradedz.com\/product\/toner-brother-tn2420\/","name":"Toner Brother TN2420 - mersatradedz","isPartOf":{"@id":"https:\/\/mersatradedz.com\/#website"},"primaryImageOfPage":{"@id":"https:\/\/mersatradedz.com\/product\/toner-brother-tn2420\/#primaryimage"},"image":{"@id":"https:\/\/mersatradedz.com\/product\/toner-brother-tn2420\/#primaryimage"},"thumbnailUrl":"https:\/\/mersatradedz.com\/wp-content\/uploads\/2023\/07\/2392.png","datePublished":"2023-05-19T19:53:40+00:00","dateModified":"2025-05-21T12:32:13+00:00","breadcrumb":{"@id":"https:\/\/mersatradedz.com\/product\/toner-brother-tn2420\/#breadcrumb"},"inLanguage":"ar","potentialAction":[{"@type":"ReadAction","target":["https:\/\/mersatradedz.com\/product\/toner-brother-tn2420\/"]}]},{"@type":"ImageObject","inLanguage":"ar","@id":"https:\/\/mersatradedz.com\/product\/toner-brother-tn2420\/#primaryimage","url":"https:\/\/mersatradedz.com\/wp-content\/uploads\/2023\/07\/2392.png","contentUrl":"https:\/\/mersatradedz.com\/wp-content\/uploads\/2023\/07\/2392.png","width":600,"height":600},{"@type":"BreadcrumbList","@id":"https:\/\/mersatradedz.com\/product\/toner-brother-tn2420\/#breadcrumb","itemListElement":[{"@type":"ListItem","position":1,"name":"Home","item":"https:\/\/mersatradedz.com\/ar\/"},{"@type":"ListItem","position":2,"name":"Boutique","item":"https:\/\/mersatradedz.com\/shop\/"},{"@type":"ListItem","position":3,"name":"Toner Brother TN2420"}]},{"@type":"WebSite","@id":"https:\/\/mersatradedz.com\/#website","url":"https:\/\/mersatradedz.com\/","name":"mersatradedz","description":"","publisher":{"@id":"https:\/\/mersatradedz.com\/#organization"},"potentialAction":[{"@type":"SearchAction","target":{"@type":"EntryPoint","urlTemplate":"https:\/\/mersatradedz.com\/?s={search_term_string}"},"query-input":{"@type":"PropertyValueSpecification","valueRequired":true,"valueName":"search_term_string"}}],"inLanguage":"ar"},{"@type":"Organization","@id":"https:\/\/mersatradedz.com\/#organization","name":"mersa trade","url":"https:\/\/mersatradedz.com\/","logo":{"@type":"ImageObject","inLanguage":"ar","@id":"https:\/\/mersatradedz.com\/#\/schema\/logo\/image\/","url":"https:\/\/mersatradedz.com\/wp-content\/uploads\/2023\/07\/cropped-1684191296456.jpg","contentUrl":"https:\/\/mersatradedz.com\/wp-content\/uploads\/2023\/07\/cropped-1684191296456.jpg","width":1451,"height":955,"caption":"mersa trade"},"image":{"@id":"https:\/\/mersatradedz.com\/#\/schema\/logo\/image\/"},"sameAs":["https:\/\/www.facebook.com\/ntbidz"]}]}},"jetpack_sharing_enabled":true,"_links":{"self":[{"href":"https:\/\/mersatradedz.com\/ar\/wp-json\/wp\/v2\/product\/647","targetHints":{"allow":["GET"]}}],"collection":[{"href":"https:\/\/mersatradedz.com\/ar\/wp-json\/wp\/v2\/product"}],"about":[{"href":"https:\/\/mersatradedz.com\/ar\/wp-json\/wp\/v2\/types\/product"}],"replies":[{"embeddable":true,"href":"https:\/\/mersatradedz.com\/ar\/wp-json\/wp\/v2\/comments?post=647"}],"wp:featuredmedia":[{"embeddable":true,"href":"https:\/\/mersatradedz.com\/ar\/wp-json\/wp\/v2\/media\/1098"}],"wp:attachment":[{"href":"https:\/\/mersatradedz.com\/ar\/wp-json\/wp\/v2\/media?parent=647"}],"wp:term":[{"taxonomy":"product_brand","embeddable":true,"href":"https:\/\/mersatradedz.com\/ar\/wp-json\/wp\/v2\/product_brand?post=647"},{"taxonomy":"product_cat","embeddable":true,"href":"https:\/\/mersatradedz.com\/ar\/wp-json\/wp\/v2\/product_cat?post=647"},{"taxonomy":"product_tag","embeddable":true,"href":"https:\/\/mersatradedz.com\/ar\/wp-json\/wp\/v2\/product_tag?post=647"}],"curies":[{"name":"wp","href":"https:\/\/api.w.org\/{rel}","templated":true}]}}