{"id":649,"date":"2023-05-19T19:55:02","date_gmt":"2023-05-19T19:55:02","guid":{"rendered":"https:\/\/mersatradedz.com\/?post_type=product&#038;p=649"},"modified":"2025-05-21T13:38:09","modified_gmt":"2025-05-21T12:38:09","slug":"toner-brother-tn1050","status":"publish","type":"product","link":"https:\/\/mersatradedz.com\/ar\/product\/toner-brother-tn1050\/","title":{"rendered":"Toner Brother TN1050"},"content":{"rendered":"<h3><strong data-start=\"692\" data-end=\"713\">Impression claire<\/strong><\/h3>\n<p>Le TN-1050 garantit des impressions monochromes pr\u00e9cises avec des noirs profonds et des d\u00e9tails nets. Il convient parfaitement aux documents administratifs, aux textes et aux graphiques simples.<\/p>\n<h3><strong data-start=\"912\" data-end=\"938\">Compatibilit\u00e9 parfaite<\/strong><\/h3>\n<p>Ce toner est compatible avec plusieurs mod\u00e8les Brother tels que les DCP-1510, HL-1110 et MFC-1810. Il s\u2019installe rapidement et fonctionne sans erreur avec les imprimantes d\u2019origine.<\/p>\n<p style=\"padding-left: 40px\">Brother HL 11 , Brother HL 1110 , Brother HL 1112A , Brother HL 1210W , Brother HL 1212W , Brother DCP 1510 , Brother DCP 1512A , Brother DCP 1610W , Brother DCP 1612W , Brother DCP 1612WVB , Brother DCP 1616 , Brother MFC 1810 , Brother MFC 1815 , Brother MFC 1910W , Brother MFC 1911<\/p>\n<h3><strong data-start=\"1124\" data-end=\"1141\">Bon rendement<\/strong><\/h3>\n<p>Avec une capacit\u00e9 d\u2019environ 1 000 pages, il est con\u00e7u pour les utilisateurs \u00e0 volume mod\u00e9r\u00e9, tout en maintenant une qualit\u00e9 constante du d\u00e9but \u00e0 la fin.<\/p>\n<h3><strong data-start=\"1298\" data-end=\"1320\">Fiabilit\u00e9 \u00e9prouv\u00e9e<\/strong><\/h3>\n<p>Chaque cartouche TN-1050 est test\u00e9e pour assurer une performance sans bavure, sans tache et avec un minimum d\u2019entretien. Un choix fiable pour une impression sans interruption.<\/p>\n<h3><strong data-start=\"1500\" data-end=\"1532\">Caract\u00e9ristiques principales<\/strong><\/h3>\n<ul>\n<li>Mod\u00e8le : Brother TN-1050<\/li>\n<li>Rendement : jusqu\u2019\u00e0 1 000 pages<\/li>\n<li>Impression monochrome de qualit\u00e9<\/li>\n<li>Installation simple et rapide<\/li>\n<li>Compatibilit\u00e9 : DCP-1510, HL-1110, MFC-1810, etc.<\/li>\n<\/ul>\n<h3><strong data-start=\"1724\" data-end=\"1744\">Usage \u00e9conomique<\/strong><\/h3>\n<p>Avec son faible co\u00fbt par page, le TN-1050 combine performance, durabilit\u00e9 et \u00e9conomies. Un choix id\u00e9al pour les particuliers et les petites entreprises.<\/p>","protected":false},"excerpt":{"rendered":"<p>Le toner Brother TN-1050 offre une impression monochrome fiable et de haute qualit\u00e9. Con\u00e7u pour les imprimantes Brother Laser, il produit jusqu\u2019\u00e0 1 000 pages nettes et uniformes. Facile \u00e0 installer, il est id\u00e9al pour un usage domestique ou professionnel l\u00e9ger, garantissant des documents toujours clairs et bien d\u00e9finis.<\/p>","protected":false},"featured_media":1078,"comment_status":"open","ping_status":"closed","template":"","meta":{"_monsterinsights_skip_tracking":false,"_monsterinsights_sitenote_active":false,"_monsterinsights_sitenote_note":"","_monsterinsights_sitenote_category":0},"product_brand":[938],"product_cat":[224],"product_tag":[258,873,241,975,976,977,978,979,980,970,971,972,973,974,981,982,983,984,876,257,254,877],"class_list":{"0":"post-649","1":"product","2":"type-product","3":"status-publish","4":"has-post-thumbnail","6":"product_brand-brother","7":"product_cat-consemable","8":"product_tag-258","9":"product_tag-algerie","10":"product_tag-brother","11":"product_tag-brother-dcp-1510","12":"product_tag-brother-dcp-1512a","13":"product_tag-brother-dcp-1610w","14":"product_tag-brother-dcp-1612w","15":"product_tag-brother-dcp-1612wvb","16":"product_tag-brother-dcp-1616","17":"product_tag-brother-hl-11","18":"product_tag-brother-hl-1110","19":"product_tag-brother-hl-1112a","20":"product_tag-brother-hl-1210w","21":"product_tag-brother-hl-1212w","22":"product_tag-brother-mfc-1810","23":"product_tag-brother-mfc-1815","24":"product_tag-brother-mfc-1910w","25":"product_tag-brother-mfc-1911","26":"product_tag-compatible","27":"product_tag-tn1050","28":"product_tag-toner","29":"product_tag-toner-algerie","31":"first","32":"instock","33":"purchasable","34":"product-type-simple"},"yoast_head":"<!-- This site is optimized with the Yoast SEO plugin v27.4 - https:\/\/yoast.com\/product\/yoast-seo-wordpress\/ -->\n<title>Toner Brother TN1050 - mersatradedz<\/title>\n<meta name=\"robots\" content=\"index, follow, max-snippet:-1, max-image-preview:large, max-video-preview:-1\" \/>\n<link rel=\"canonical\" href=\"https:\/\/mersatradedz.com\/ar\/product\/toner-brother-tn1050\/\" \/>\n<meta property=\"og:locale\" content=\"ar_AR\" \/>\n<meta property=\"og:type\" content=\"article\" \/>\n<meta property=\"og:title\" content=\"Toner Brother TN1050 - mersatradedz\" \/>\n<meta property=\"og:description\" content=\"Le toner Brother TN-1050 offre une impression monochrome fiable et de haute qualit\u00e9. Con\u00e7u pour les imprimantes Brother Laser, il produit jusqu\u2019\u00e0 1 000 pages nettes et uniformes. Facile \u00e0 installer, il est id\u00e9al pour un usage domestique ou professionnel l\u00e9ger, garantissant des documents toujours clairs et bien d\u00e9finis.\" \/>\n<meta property=\"og:url\" content=\"https:\/\/mersatradedz.com\/ar\/product\/toner-brother-tn1050\/\" \/>\n<meta property=\"og:site_name\" content=\"mersatradedz\" \/>\n<meta property=\"article:publisher\" content=\"https:\/\/www.facebook.com\/ntbidz\" \/>\n<meta property=\"article:modified_time\" content=\"2025-05-21T12:38:09+00:00\" \/>\n<meta property=\"og:image\" content=\"https:\/\/mersatradedz.com\/wp-content\/uploads\/2023\/07\/0700.png\" \/>\n\t<meta property=\"og:image:width\" content=\"236\" \/>\n\t<meta property=\"og:image:height\" content=\"305\" \/>\n\t<meta property=\"og:image:type\" content=\"image\/png\" \/>\n<meta name=\"twitter:card\" content=\"summary_large_image\" \/>\n<meta name=\"twitter:label1\" content=\"\u0648\u0642\u062a \u0627\u0644\u0642\u0631\u0627\u0621\u0629 \u0627\u0644\u0645\u064f\u0642\u062f\u0651\u0631\" \/>\n\t<meta name=\"twitter:data1\" content=\"\u062f\u0642\u064a\u0642\u0629 \u0648\u0627\u062d\u062f\u0629\" \/>\n<script type=\"application\/ld+json\" class=\"yoast-schema-graph\">{\"@context\":\"https:\\\/\\\/schema.org\",\"@graph\":[{\"@type\":\"WebPage\",\"@id\":\"https:\\\/\\\/mersatradedz.com\\\/product\\\/toner-brother-tn1050\\\/\",\"url\":\"https:\\\/\\\/mersatradedz.com\\\/product\\\/toner-brother-tn1050\\\/\",\"name\":\"Toner Brother TN1050 - mersatradedz\",\"isPartOf\":{\"@id\":\"https:\\\/\\\/mersatradedz.com\\\/#website\"},\"primaryImageOfPage\":{\"@id\":\"https:\\\/\\\/mersatradedz.com\\\/product\\\/toner-brother-tn1050\\\/#primaryimage\"},\"image\":{\"@id\":\"https:\\\/\\\/mersatradedz.com\\\/product\\\/toner-brother-tn1050\\\/#primaryimage\"},\"thumbnailUrl\":\"https:\\\/\\\/mersatradedz.com\\\/wp-content\\\/uploads\\\/2023\\\/07\\\/0700.png\",\"datePublished\":\"2023-05-19T19:55:02+00:00\",\"dateModified\":\"2025-05-21T12:38:09+00:00\",\"breadcrumb\":{\"@id\":\"https:\\\/\\\/mersatradedz.com\\\/product\\\/toner-brother-tn1050\\\/#breadcrumb\"},\"inLanguage\":\"ar\",\"potentialAction\":[{\"@type\":\"ReadAction\",\"target\":[\"https:\\\/\\\/mersatradedz.com\\\/product\\\/toner-brother-tn1050\\\/\"]}]},{\"@type\":\"ImageObject\",\"inLanguage\":\"ar\",\"@id\":\"https:\\\/\\\/mersatradedz.com\\\/product\\\/toner-brother-tn1050\\\/#primaryimage\",\"url\":\"https:\\\/\\\/mersatradedz.com\\\/wp-content\\\/uploads\\\/2023\\\/07\\\/0700.png\",\"contentUrl\":\"https:\\\/\\\/mersatradedz.com\\\/wp-content\\\/uploads\\\/2023\\\/07\\\/0700.png\",\"width\":236,\"height\":305},{\"@type\":\"BreadcrumbList\",\"@id\":\"https:\\\/\\\/mersatradedz.com\\\/product\\\/toner-brother-tn1050\\\/#breadcrumb\",\"itemListElement\":[{\"@type\":\"ListItem\",\"position\":1,\"name\":\"Home\",\"item\":\"https:\\\/\\\/mersatradedz.com\\\/ar\\\/\"},{\"@type\":\"ListItem\",\"position\":2,\"name\":\"Boutique\",\"item\":\"https:\\\/\\\/mersatradedz.com\\\/shop\\\/\"},{\"@type\":\"ListItem\",\"position\":3,\"name\":\"Toner Brother TN1050\"}]},{\"@type\":\"WebSite\",\"@id\":\"https:\\\/\\\/mersatradedz.com\\\/#website\",\"url\":\"https:\\\/\\\/mersatradedz.com\\\/\",\"name\":\"mersatradedz\",\"description\":\"\",\"publisher\":{\"@id\":\"https:\\\/\\\/mersatradedz.com\\\/#organization\"},\"potentialAction\":[{\"@type\":\"SearchAction\",\"target\":{\"@type\":\"EntryPoint\",\"urlTemplate\":\"https:\\\/\\\/mersatradedz.com\\\/?s={search_term_string}\"},\"query-input\":{\"@type\":\"PropertyValueSpecification\",\"valueRequired\":true,\"valueName\":\"search_term_string\"}}],\"inLanguage\":\"ar\"},{\"@type\":\"Organization\",\"@id\":\"https:\\\/\\\/mersatradedz.com\\\/#organization\",\"name\":\"mersa trade\",\"url\":\"https:\\\/\\\/mersatradedz.com\\\/\",\"logo\":{\"@type\":\"ImageObject\",\"inLanguage\":\"ar\",\"@id\":\"https:\\\/\\\/mersatradedz.com\\\/#\\\/schema\\\/logo\\\/image\\\/\",\"url\":\"https:\\\/\\\/mersatradedz.com\\\/wp-content\\\/uploads\\\/2023\\\/07\\\/cropped-1684191296456.jpg\",\"contentUrl\":\"https:\\\/\\\/mersatradedz.com\\\/wp-content\\\/uploads\\\/2023\\\/07\\\/cropped-1684191296456.jpg\",\"width\":1451,\"height\":955,\"caption\":\"mersa trade\"},\"image\":{\"@id\":\"https:\\\/\\\/mersatradedz.com\\\/#\\\/schema\\\/logo\\\/image\\\/\"},\"sameAs\":[\"https:\\\/\\\/www.facebook.com\\\/ntbidz\"]}]}<\/script>\n<!-- \/ Yoast SEO plugin. -->","yoast_head_json":{"title":"Toner Brother TN1050 - mersatradedz","robots":{"index":"index","follow":"follow","max-snippet":"max-snippet:-1","max-image-preview":"max-image-preview:large","max-video-preview":"max-video-preview:-1"},"canonical":"https:\/\/mersatradedz.com\/ar\/product\/toner-brother-tn1050\/","og_locale":"ar_AR","og_type":"article","og_title":"Toner Brother TN1050 - mersatradedz","og_description":"Le toner Brother TN-1050 offre une impression monochrome fiable et de haute qualit\u00e9. Con\u00e7u pour les imprimantes Brother Laser, il produit jusqu\u2019\u00e0 1 000 pages nettes et uniformes. Facile \u00e0 installer, il est id\u00e9al pour un usage domestique ou professionnel l\u00e9ger, garantissant des documents toujours clairs et bien d\u00e9finis.","og_url":"https:\/\/mersatradedz.com\/ar\/product\/toner-brother-tn1050\/","og_site_name":"mersatradedz","article_publisher":"https:\/\/www.facebook.com\/ntbidz","article_modified_time":"2025-05-21T12:38:09+00:00","og_image":[{"width":236,"height":305,"url":"https:\/\/mersatradedz.com\/wp-content\/uploads\/2023\/07\/0700.png","type":"image\/png"}],"twitter_card":"summary_large_image","twitter_misc":{"\u0648\u0642\u062a \u0627\u0644\u0642\u0631\u0627\u0621\u0629 \u0627\u0644\u0645\u064f\u0642\u062f\u0651\u0631":"\u062f\u0642\u064a\u0642\u0629 \u0648\u0627\u062d\u062f\u0629"},"schema":{"@context":"https:\/\/schema.org","@graph":[{"@type":"WebPage","@id":"https:\/\/mersatradedz.com\/product\/toner-brother-tn1050\/","url":"https:\/\/mersatradedz.com\/product\/toner-brother-tn1050\/","name":"Toner Brother TN1050 - mersatradedz","isPartOf":{"@id":"https:\/\/mersatradedz.com\/#website"},"primaryImageOfPage":{"@id":"https:\/\/mersatradedz.com\/product\/toner-brother-tn1050\/#primaryimage"},"image":{"@id":"https:\/\/mersatradedz.com\/product\/toner-brother-tn1050\/#primaryimage"},"thumbnailUrl":"https:\/\/mersatradedz.com\/wp-content\/uploads\/2023\/07\/0700.png","datePublished":"2023-05-19T19:55:02+00:00","dateModified":"2025-05-21T12:38:09+00:00","breadcrumb":{"@id":"https:\/\/mersatradedz.com\/product\/toner-brother-tn1050\/#breadcrumb"},"inLanguage":"ar","potentialAction":[{"@type":"ReadAction","target":["https:\/\/mersatradedz.com\/product\/toner-brother-tn1050\/"]}]},{"@type":"ImageObject","inLanguage":"ar","@id":"https:\/\/mersatradedz.com\/product\/toner-brother-tn1050\/#primaryimage","url":"https:\/\/mersatradedz.com\/wp-content\/uploads\/2023\/07\/0700.png","contentUrl":"https:\/\/mersatradedz.com\/wp-content\/uploads\/2023\/07\/0700.png","width":236,"height":305},{"@type":"BreadcrumbList","@id":"https:\/\/mersatradedz.com\/product\/toner-brother-tn1050\/#breadcrumb","itemListElement":[{"@type":"ListItem","position":1,"name":"Home","item":"https:\/\/mersatradedz.com\/ar\/"},{"@type":"ListItem","position":2,"name":"Boutique","item":"https:\/\/mersatradedz.com\/shop\/"},{"@type":"ListItem","position":3,"name":"Toner Brother TN1050"}]},{"@type":"WebSite","@id":"https:\/\/mersatradedz.com\/#website","url":"https:\/\/mersatradedz.com\/","name":"mersatradedz","description":"","publisher":{"@id":"https:\/\/mersatradedz.com\/#organization"},"potentialAction":[{"@type":"SearchAction","target":{"@type":"EntryPoint","urlTemplate":"https:\/\/mersatradedz.com\/?s={search_term_string}"},"query-input":{"@type":"PropertyValueSpecification","valueRequired":true,"valueName":"search_term_string"}}],"inLanguage":"ar"},{"@type":"Organization","@id":"https:\/\/mersatradedz.com\/#organization","name":"mersa trade","url":"https:\/\/mersatradedz.com\/","logo":{"@type":"ImageObject","inLanguage":"ar","@id":"https:\/\/mersatradedz.com\/#\/schema\/logo\/image\/","url":"https:\/\/mersatradedz.com\/wp-content\/uploads\/2023\/07\/cropped-1684191296456.jpg","contentUrl":"https:\/\/mersatradedz.com\/wp-content\/uploads\/2023\/07\/cropped-1684191296456.jpg","width":1451,"height":955,"caption":"mersa trade"},"image":{"@id":"https:\/\/mersatradedz.com\/#\/schema\/logo\/image\/"},"sameAs":["https:\/\/www.facebook.com\/ntbidz"]}]}},"jetpack_sharing_enabled":true,"_links":{"self":[{"href":"https:\/\/mersatradedz.com\/ar\/wp-json\/wp\/v2\/product\/649","targetHints":{"allow":["GET"]}}],"collection":[{"href":"https:\/\/mersatradedz.com\/ar\/wp-json\/wp\/v2\/product"}],"about":[{"href":"https:\/\/mersatradedz.com\/ar\/wp-json\/wp\/v2\/types\/product"}],"replies":[{"embeddable":true,"href":"https:\/\/mersatradedz.com\/ar\/wp-json\/wp\/v2\/comments?post=649"}],"wp:featuredmedia":[{"embeddable":true,"href":"https:\/\/mersatradedz.com\/ar\/wp-json\/wp\/v2\/media\/1078"}],"wp:attachment":[{"href":"https:\/\/mersatradedz.com\/ar\/wp-json\/wp\/v2\/media?parent=649"}],"wp:term":[{"taxonomy":"product_brand","embeddable":true,"href":"https:\/\/mersatradedz.com\/ar\/wp-json\/wp\/v2\/product_brand?post=649"},{"taxonomy":"product_cat","embeddable":true,"href":"https:\/\/mersatradedz.com\/ar\/wp-json\/wp\/v2\/product_cat?post=649"},{"taxonomy":"product_tag","embeddable":true,"href":"https:\/\/mersatradedz.com\/ar\/wp-json\/wp\/v2\/product_tag?post=649"}],"curies":[{"name":"wp","href":"https:\/\/api.w.org\/{rel}","templated":true}]}}