{"id":661,"date":"2023-05-19T20:07:07","date_gmt":"2023-05-19T20:07:07","guid":{"rendered":"https:\/\/mersatradedz.com\/?post_type=product&#038;p=661"},"modified":"2025-05-24T08:20:09","modified_gmt":"2025-05-24T07:20:09","slug":"toner-kyocera-fs-1025-tk-1120-tk-1110","status":"publish","type":"product","link":"https:\/\/mersatradedz.com\/ar\/product\/toner-kyocera-fs-1025-tk-1120-tk-1110\/","title":{"rendered":"TONER KYOCERA FS -1025-TK 1120 \/ TK 1110"},"content":{"rendered":"<div class=\"flex basis-auto flex-col -mb-(--composer-overlap-px) [--composer-overlap-px:24px] grow overflow-hidden\">\n<div class=\"relative h-full\">\n<div class=\"flex h-full flex-col overflow-y-auto [scrollbar-gutter:stable_both-edges] @[84rem]\/thread:pt-(--header-height)\">\n<div class=\"@thread-xl\/thread:pt-header-height mt-1.5 flex flex-col text-sm pb-25\">\n<article class=\"text-token-text-primary w-full\" dir=\"auto\" data-testid=\"conversation-turn-22\" data-scroll-anchor=\"true\">\n<div class=\"text-base my-auto mx-auto py-5 [--thread-content-margin:--spacing(4)] @[37rem]:[--thread-content-margin:--spacing(6)] @[72rem]:[--thread-content-margin:--spacing(16)] px-(--thread-content-margin)\">\n<div class=\"[--thread-content-max-width:32rem] @[34rem]:[--thread-content-max-width:40rem] @[64rem]:[--thread-content-max-width:48rem] mx-auto flex max-w-(--thread-content-max-width) flex-1 text-base gap-4 md:gap-5 lg:gap-6 group\/turn-messages focus-visible:outline-hidden\">\n<div class=\"group\/conversation-turn relative flex w-full min-w-0 flex-col agent-turn\">\n<div class=\"relative flex-col gap-1 md:gap-3\">\n<div class=\"flex max-w-full flex-col grow\">\n<div class=\"min-h-8 text-message relative flex w-full flex-col items-end gap-2 text-start break-words whitespace-normal [.text-message+&amp;]:mt-5\" dir=\"auto\" data-message-author-role=\"assistant\" data-message-id=\"cf02f954-60c2-4263-91d6-1ffc8f8cfad5\" data-message-model-slug=\"gpt-4o\">\n<div class=\"flex w-full flex-col gap-1 empty:hidden first:pt-[3px]\">\n<div class=\"markdown prose dark:prose-invert w-full break-words light\">\n<h3 style=\"text-align: left\" data-start=\"671\" data-end=\"899\"><strong data-start=\"671\" data-end=\"698\">Qualit\u00e9 professionnelle<\/strong><\/h3>\n<p class=\"\" style=\"text-align: left\" data-start=\"671\" data-end=\"899\">Le TK-1120 de Kyocera fournit des impressions monochromes pr\u00e9cises, avec des noirs profonds et des textes parfaitement d\u00e9finis. Id\u00e9al pour les documents administratifs, les factures ou les rapports.<\/p>\n<h3 style=\"text-align: left\" data-start=\"901\" data-end=\"1113\"><strong data-start=\"901\" data-end=\"927\">Compatibilit\u00e9 garantie<\/strong><\/h3>\n<p class=\"\" style=\"text-align: left\" data-start=\"901\" data-end=\"1113\">Con\u00e7u pour fonctionner avec des mod\u00e8les sp\u00e9cifiques comme les Kyocera FS-1060DN, FS-1025MFP et FS-1125MFP, ce toner s\u2019installe facilement et s\u2019int\u00e8gre parfaitement \u00e0 votre imprimante.<\/p>\n<p style=\"text-align: left\" data-start=\"901\" data-end=\"1113\">Kyocer\u0430 FS-1040, 1120MFP, 1020MFP, 1122, 1041<br \/>\nECOSYS FS-1020MFP, M1520H, 1320, MFP<br \/>\nKyocera FS-1125MFP, FS-1060DN, FS-1025MFP<\/p>\n<h3 style=\"text-align: left\" data-start=\"1115\" data-end=\"1330\"><strong data-start=\"1115\" data-end=\"1134\">Rendement \u00e9lev\u00e9<\/strong><\/h3>\n<p class=\"\" style=\"text-align: left\" data-start=\"1115\" data-end=\"1330\">Avec une capacit\u00e9 d\u2019impression pouvant atteindre 2 500 pages, le TK-1120 est id\u00e9al pour les environnements \u00e0 volume moyen. Il permet de r\u00e9duire les interruptions et d\u2019optimiser la productivit\u00e9.<\/p>\n<h3 style=\"text-align: left\" data-start=\"1332\" data-end=\"1527\"><strong data-start=\"1332\" data-end=\"1354\">Performance stable<\/strong><\/h3>\n<p class=\"\" style=\"text-align: left\" data-start=\"1332\" data-end=\"1527\">Chaque impression reste nette et r\u00e9guli\u00e8re tout au long de la dur\u00e9e de vie du toner. La formulation de l\u2019encre garantit une fiabilit\u00e9 sans bavure, m\u00eame en usage intensif.<\/p>\n<h3 style=\"text-align: left\" data-start=\"1529\" data-end=\"1563\"><strong data-start=\"1529\" data-end=\"1561\">Caract\u00e9ristiques principales<\/strong><\/h3>\n<ul>\n<li style=\"text-align: left\" data-start=\"1566\" data-end=\"1595\">R\u00e9f\u00e9rence : Kyocera TK-1120<\/li>\n<li style=\"text-align: left\" data-start=\"1598\" data-end=\"1629\">Rendement jusqu\u2019\u00e0 2 500 pages<\/li>\n<li style=\"text-align: left\" data-start=\"1632\" data-end=\"1666\">Impression monochrome de qualit\u00e9<\/li>\n<li style=\"text-align: left\" data-start=\"1669\" data-end=\"1720\">Compatibilit\u00e9 : FS-1060DN, FS-1025MFP, FS-1125MFP<\/li>\n<li style=\"text-align: left\" data-start=\"1723\" data-end=\"1754\">Installation rapide et propre<\/li>\n<\/ul>\n<h3 style=\"text-align: left\" data-start=\"1756\" data-end=\"1956\"><strong data-start=\"1756\" data-end=\"1779\">Solution \u00e9conomique<\/strong><\/h3>\n<p class=\"\" style=\"text-align: left\" data-start=\"1756\" data-end=\"1956\">Le TK-1120 allie qualit\u00e9 d\u2019impression, durabilit\u00e9 et faible co\u00fbt par page, faisant de lui un choix judicieux pour les utilisateurs professionnels \u00e0 la recherche de fiabilit\u00e9.<\/p>\n<\/div>\n<\/div>\n<\/div>\n<\/div>\n<\/div>\n<\/div>\n<\/div>\n<\/div>\n<\/article>\n<\/div>\n<\/div>\n<\/div>\n<\/div>\n<div id=\"thread-bottom-container\" class=\"isolate z-3 w-full basis-auto has-data-has-thread-error:pt-2 has-data-has-thread-error:[box-shadow:var(--sharp-edge-bottom-shadow)] md:border-transparent md:pt-0 dark:border-white\/20 md:dark:border-transparent flex flex-col\">\n<div id=\"thread-bottom\">\n<div class=\"text-base mx-auto [--thread-content-margin:--spacing(4)] @[37rem]:[--thread-content-margin:--spacing(6)] @[72rem]:[--thread-content-margin:--spacing(16)] px-(--thread-content-margin)\">\n<div class=\"[--thread-content-max-width:32rem] @[34rem]:[--thread-content-max-width:40rem] @[64rem]:[--thread-content-max-width:48rem] mx-auto flex max-w-(--thread-content-max-width) flex-1 text-base gap-4 md:gap-5 lg:gap-6\">\n<div class=\"max-xs:[--force-hide-label:none] relative z-1 flex h-full max-w-full flex-1 flex-col\" aria-expanded=\"false\" aria-controls=\"radix-\u00abr8u\u00bb\" data-state=\"closed\">\n<div class=\"absolute start-0 end-0 bottom-full z-20\" style=\"text-align: left\"><\/div>\n<div class=\"flex w-full cursor-text flex-col items-center justify-center rounded-[28px] bg-clip-padding contain-inline-size overflow-clip shadow-short bg-token-bg-primary dark:bg-[#303030]\">\n<div class=\"relative flex w-full items-end px-3 py-3\">\n<div class=\"relative flex w-full flex-auto flex-col\">\n<div class=\"relative ms-1.5 grid grid-cols-[auto_minmax(0,1fr)]\">\n<div class=\"items-top flex justify-center\">\n<div style=\"text-align: left\"><\/div>\n<\/div>\n<\/div>\n<\/div>\n<\/div>\n<\/div>\n<\/div>\n<\/div>\n<\/div>\n<\/div>\n<\/div>\n","protected":false},"excerpt":{"rendered":"<p class=\"\" data-start=\"271\" data-end=\"597\">Le toner Kyocera TK-1120 est con\u00e7u pour garantir une impression nette, rapide et fiable sur les imprimantes monochromes Kyocera. Offrant un rendement d\u2019environ 3 000 pages, il convient parfaitement \u00e0 un usage professionnel r\u00e9gulier. Sa technologie assure des r\u00e9sultats pr\u00e9cis, page apr\u00e8s page, avec une compatibilit\u00e9 optimale.<\/p>","protected":false},"featured_media":1079,"comment_status":"open","ping_status":"closed","template":"","meta":{"_monsterinsights_skip_tracking":false,"_monsterinsights_sitenote_active":false,"_monsterinsights_sitenote_note":"","_monsterinsights_sitenote_category":0},"product_brand":[830],"product_cat":[224],"product_tag":[273,323,327,846,845,847,876,849,267,852,272,254],"class_list":{"0":"post-661","1":"product","2":"type-product","3":"status-publish","4":"has-post-thumbnail","6":"product_brand-kyocera","7":"product_cat-consemable","8":"product_tag-273","9":"product_tag-323","10":"product_tag-327","11":"product_tag-846","12":"product_tag-845","13":"product_tag-847","14":"product_tag-compatible","15":"product_tag-consomable","16":"product_tag-kyocera","17":"product_tag-laser","18":"product_tag-tk1120","19":"product_tag-toner","21":"first","22":"instock","23":"purchasable","24":"product-type-simple"},"yoast_head":"<!-- This site is optimized with the Yoast SEO plugin v27.4 - https:\/\/yoast.com\/product\/yoast-seo-wordpress\/ -->\n<title>TONER KYOCERA FS -1025-TK 1120 \/ TK 1110 - mersatradedz<\/title>\n<meta name=\"robots\" content=\"index, follow, max-snippet:-1, max-image-preview:large, max-video-preview:-1\" \/>\n<link rel=\"canonical\" href=\"https:\/\/mersatradedz.com\/ar\/product\/toner-kyocera-fs-1025-tk-1120-tk-1110\/\" \/>\n<meta property=\"og:locale\" content=\"ar_AR\" \/>\n<meta property=\"og:type\" content=\"article\" \/>\n<meta property=\"og:title\" content=\"TONER KYOCERA FS -1025-TK 1120 \/ TK 1110 - mersatradedz\" \/>\n<meta property=\"og:description\" content=\"Le toner Kyocera TK-1120 est con\u00e7u pour garantir une impression nette, rapide et fiable sur les imprimantes monochromes Kyocera. Offrant un rendement d\u2019environ 3 000 pages, il convient parfaitement \u00e0 un usage professionnel r\u00e9gulier. Sa technologie assure des r\u00e9sultats pr\u00e9cis, page apr\u00e8s page, avec une compatibilit\u00e9 optimale.\" \/>\n<meta property=\"og:url\" content=\"https:\/\/mersatradedz.com\/ar\/product\/toner-kyocera-fs-1025-tk-1120-tk-1110\/\" \/>\n<meta property=\"og:site_name\" content=\"mersatradedz\" \/>\n<meta property=\"article:publisher\" content=\"https:\/\/www.facebook.com\/ntbidz\" \/>\n<meta property=\"article:modified_time\" content=\"2025-05-24T07:20:09+00:00\" \/>\n<meta property=\"og:image\" content=\"https:\/\/mersatradedz.com\/wp-content\/uploads\/2023\/07\/0752.jpg\" \/>\n\t<meta property=\"og:image:width\" content=\"350\" \/>\n\t<meta property=\"og:image:height\" content=\"350\" \/>\n\t<meta property=\"og:image:type\" content=\"image\/jpeg\" \/>\n<meta name=\"twitter:card\" content=\"summary_large_image\" \/>\n<meta name=\"twitter:label1\" content=\"\u0648\u0642\u062a \u0627\u0644\u0642\u0631\u0627\u0621\u0629 \u0627\u0644\u0645\u064f\u0642\u062f\u0651\u0631\" \/>\n\t<meta name=\"twitter:data1\" content=\"\u062f\u0642\u064a\u0642\u0629 \u0648\u0627\u062d\u062f\u0629\" \/>\n<script type=\"application\/ld+json\" class=\"yoast-schema-graph\">{\"@context\":\"https:\\\/\\\/schema.org\",\"@graph\":[{\"@type\":\"WebPage\",\"@id\":\"https:\\\/\\\/mersatradedz.com\\\/product\\\/toner-kyocera-fs-1025-tk-1120-tk-1110\\\/\",\"url\":\"https:\\\/\\\/mersatradedz.com\\\/product\\\/toner-kyocera-fs-1025-tk-1120-tk-1110\\\/\",\"name\":\"TONER KYOCERA FS -1025-TK 1120 \\\/ TK 1110 - mersatradedz\",\"isPartOf\":{\"@id\":\"https:\\\/\\\/mersatradedz.com\\\/#website\"},\"primaryImageOfPage\":{\"@id\":\"https:\\\/\\\/mersatradedz.com\\\/product\\\/toner-kyocera-fs-1025-tk-1120-tk-1110\\\/#primaryimage\"},\"image\":{\"@id\":\"https:\\\/\\\/mersatradedz.com\\\/product\\\/toner-kyocera-fs-1025-tk-1120-tk-1110\\\/#primaryimage\"},\"thumbnailUrl\":\"https:\\\/\\\/mersatradedz.com\\\/wp-content\\\/uploads\\\/2023\\\/07\\\/0752.jpg\",\"datePublished\":\"2023-05-19T20:07:07+00:00\",\"dateModified\":\"2025-05-24T07:20:09+00:00\",\"breadcrumb\":{\"@id\":\"https:\\\/\\\/mersatradedz.com\\\/product\\\/toner-kyocera-fs-1025-tk-1120-tk-1110\\\/#breadcrumb\"},\"inLanguage\":\"ar\",\"potentialAction\":[{\"@type\":\"ReadAction\",\"target\":[\"https:\\\/\\\/mersatradedz.com\\\/product\\\/toner-kyocera-fs-1025-tk-1120-tk-1110\\\/\"]}]},{\"@type\":\"ImageObject\",\"inLanguage\":\"ar\",\"@id\":\"https:\\\/\\\/mersatradedz.com\\\/product\\\/toner-kyocera-fs-1025-tk-1120-tk-1110\\\/#primaryimage\",\"url\":\"https:\\\/\\\/mersatradedz.com\\\/wp-content\\\/uploads\\\/2023\\\/07\\\/0752.jpg\",\"contentUrl\":\"https:\\\/\\\/mersatradedz.com\\\/wp-content\\\/uploads\\\/2023\\\/07\\\/0752.jpg\",\"width\":350,\"height\":350},{\"@type\":\"BreadcrumbList\",\"@id\":\"https:\\\/\\\/mersatradedz.com\\\/product\\\/toner-kyocera-fs-1025-tk-1120-tk-1110\\\/#breadcrumb\",\"itemListElement\":[{\"@type\":\"ListItem\",\"position\":1,\"name\":\"Home\",\"item\":\"https:\\\/\\\/mersatradedz.com\\\/ar\\\/\"},{\"@type\":\"ListItem\",\"position\":2,\"name\":\"Boutique\",\"item\":\"https:\\\/\\\/mersatradedz.com\\\/shop\\\/\"},{\"@type\":\"ListItem\",\"position\":3,\"name\":\"TONER KYOCERA FS -1025-TK 1120 \\\/ TK 1110\"}]},{\"@type\":\"WebSite\",\"@id\":\"https:\\\/\\\/mersatradedz.com\\\/#website\",\"url\":\"https:\\\/\\\/mersatradedz.com\\\/\",\"name\":\"mersatradedz\",\"description\":\"\",\"publisher\":{\"@id\":\"https:\\\/\\\/mersatradedz.com\\\/#organization\"},\"potentialAction\":[{\"@type\":\"SearchAction\",\"target\":{\"@type\":\"EntryPoint\",\"urlTemplate\":\"https:\\\/\\\/mersatradedz.com\\\/?s={search_term_string}\"},\"query-input\":{\"@type\":\"PropertyValueSpecification\",\"valueRequired\":true,\"valueName\":\"search_term_string\"}}],\"inLanguage\":\"ar\"},{\"@type\":\"Organization\",\"@id\":\"https:\\\/\\\/mersatradedz.com\\\/#organization\",\"name\":\"mersa trade\",\"url\":\"https:\\\/\\\/mersatradedz.com\\\/\",\"logo\":{\"@type\":\"ImageObject\",\"inLanguage\":\"ar\",\"@id\":\"https:\\\/\\\/mersatradedz.com\\\/#\\\/schema\\\/logo\\\/image\\\/\",\"url\":\"https:\\\/\\\/mersatradedz.com\\\/wp-content\\\/uploads\\\/2023\\\/07\\\/cropped-1684191296456.jpg\",\"contentUrl\":\"https:\\\/\\\/mersatradedz.com\\\/wp-content\\\/uploads\\\/2023\\\/07\\\/cropped-1684191296456.jpg\",\"width\":1451,\"height\":955,\"caption\":\"mersa trade\"},\"image\":{\"@id\":\"https:\\\/\\\/mersatradedz.com\\\/#\\\/schema\\\/logo\\\/image\\\/\"},\"sameAs\":[\"https:\\\/\\\/www.facebook.com\\\/ntbidz\"]}]}<\/script>\n<!-- \/ Yoast SEO plugin. -->","yoast_head_json":{"title":"TONER KYOCERA FS -1025-TK 1120 \/ TK 1110 - mersatradedz","robots":{"index":"index","follow":"follow","max-snippet":"max-snippet:-1","max-image-preview":"max-image-preview:large","max-video-preview":"max-video-preview:-1"},"canonical":"https:\/\/mersatradedz.com\/ar\/product\/toner-kyocera-fs-1025-tk-1120-tk-1110\/","og_locale":"ar_AR","og_type":"article","og_title":"TONER KYOCERA FS -1025-TK 1120 \/ TK 1110 - mersatradedz","og_description":"Le toner Kyocera TK-1120 est con\u00e7u pour garantir une impression nette, rapide et fiable sur les imprimantes monochromes Kyocera. Offrant un rendement d\u2019environ 3 000 pages, il convient parfaitement \u00e0 un usage professionnel r\u00e9gulier. Sa technologie assure des r\u00e9sultats pr\u00e9cis, page apr\u00e8s page, avec une compatibilit\u00e9 optimale.","og_url":"https:\/\/mersatradedz.com\/ar\/product\/toner-kyocera-fs-1025-tk-1120-tk-1110\/","og_site_name":"mersatradedz","article_publisher":"https:\/\/www.facebook.com\/ntbidz","article_modified_time":"2025-05-24T07:20:09+00:00","og_image":[{"width":350,"height":350,"url":"https:\/\/mersatradedz.com\/wp-content\/uploads\/2023\/07\/0752.jpg","type":"image\/jpeg"}],"twitter_card":"summary_large_image","twitter_misc":{"\u0648\u0642\u062a \u0627\u0644\u0642\u0631\u0627\u0621\u0629 \u0627\u0644\u0645\u064f\u0642\u062f\u0651\u0631":"\u062f\u0642\u064a\u0642\u0629 \u0648\u0627\u062d\u062f\u0629"},"schema":{"@context":"https:\/\/schema.org","@graph":[{"@type":"WebPage","@id":"https:\/\/mersatradedz.com\/product\/toner-kyocera-fs-1025-tk-1120-tk-1110\/","url":"https:\/\/mersatradedz.com\/product\/toner-kyocera-fs-1025-tk-1120-tk-1110\/","name":"TONER KYOCERA FS -1025-TK 1120 \/ TK 1110 - mersatradedz","isPartOf":{"@id":"https:\/\/mersatradedz.com\/#website"},"primaryImageOfPage":{"@id":"https:\/\/mersatradedz.com\/product\/toner-kyocera-fs-1025-tk-1120-tk-1110\/#primaryimage"},"image":{"@id":"https:\/\/mersatradedz.com\/product\/toner-kyocera-fs-1025-tk-1120-tk-1110\/#primaryimage"},"thumbnailUrl":"https:\/\/mersatradedz.com\/wp-content\/uploads\/2023\/07\/0752.jpg","datePublished":"2023-05-19T20:07:07+00:00","dateModified":"2025-05-24T07:20:09+00:00","breadcrumb":{"@id":"https:\/\/mersatradedz.com\/product\/toner-kyocera-fs-1025-tk-1120-tk-1110\/#breadcrumb"},"inLanguage":"ar","potentialAction":[{"@type":"ReadAction","target":["https:\/\/mersatradedz.com\/product\/toner-kyocera-fs-1025-tk-1120-tk-1110\/"]}]},{"@type":"ImageObject","inLanguage":"ar","@id":"https:\/\/mersatradedz.com\/product\/toner-kyocera-fs-1025-tk-1120-tk-1110\/#primaryimage","url":"https:\/\/mersatradedz.com\/wp-content\/uploads\/2023\/07\/0752.jpg","contentUrl":"https:\/\/mersatradedz.com\/wp-content\/uploads\/2023\/07\/0752.jpg","width":350,"height":350},{"@type":"BreadcrumbList","@id":"https:\/\/mersatradedz.com\/product\/toner-kyocera-fs-1025-tk-1120-tk-1110\/#breadcrumb","itemListElement":[{"@type":"ListItem","position":1,"name":"Home","item":"https:\/\/mersatradedz.com\/ar\/"},{"@type":"ListItem","position":2,"name":"Boutique","item":"https:\/\/mersatradedz.com\/shop\/"},{"@type":"ListItem","position":3,"name":"TONER KYOCERA FS -1025-TK 1120 \/ TK 1110"}]},{"@type":"WebSite","@id":"https:\/\/mersatradedz.com\/#website","url":"https:\/\/mersatradedz.com\/","name":"mersatradedz","description":"","publisher":{"@id":"https:\/\/mersatradedz.com\/#organization"},"potentialAction":[{"@type":"SearchAction","target":{"@type":"EntryPoint","urlTemplate":"https:\/\/mersatradedz.com\/?s={search_term_string}"},"query-input":{"@type":"PropertyValueSpecification","valueRequired":true,"valueName":"search_term_string"}}],"inLanguage":"ar"},{"@type":"Organization","@id":"https:\/\/mersatradedz.com\/#organization","name":"mersa trade","url":"https:\/\/mersatradedz.com\/","logo":{"@type":"ImageObject","inLanguage":"ar","@id":"https:\/\/mersatradedz.com\/#\/schema\/logo\/image\/","url":"https:\/\/mersatradedz.com\/wp-content\/uploads\/2023\/07\/cropped-1684191296456.jpg","contentUrl":"https:\/\/mersatradedz.com\/wp-content\/uploads\/2023\/07\/cropped-1684191296456.jpg","width":1451,"height":955,"caption":"mersa trade"},"image":{"@id":"https:\/\/mersatradedz.com\/#\/schema\/logo\/image\/"},"sameAs":["https:\/\/www.facebook.com\/ntbidz"]}]}},"jetpack_sharing_enabled":true,"_links":{"self":[{"href":"https:\/\/mersatradedz.com\/ar\/wp-json\/wp\/v2\/product\/661","targetHints":{"allow":["GET"]}}],"collection":[{"href":"https:\/\/mersatradedz.com\/ar\/wp-json\/wp\/v2\/product"}],"about":[{"href":"https:\/\/mersatradedz.com\/ar\/wp-json\/wp\/v2\/types\/product"}],"replies":[{"embeddable":true,"href":"https:\/\/mersatradedz.com\/ar\/wp-json\/wp\/v2\/comments?post=661"}],"wp:featuredmedia":[{"embeddable":true,"href":"https:\/\/mersatradedz.com\/ar\/wp-json\/wp\/v2\/media\/1079"}],"wp:attachment":[{"href":"https:\/\/mersatradedz.com\/ar\/wp-json\/wp\/v2\/media?parent=661"}],"wp:term":[{"taxonomy":"product_brand","embeddable":true,"href":"https:\/\/mersatradedz.com\/ar\/wp-json\/wp\/v2\/product_brand?post=661"},{"taxonomy":"product_cat","embeddable":true,"href":"https:\/\/mersatradedz.com\/ar\/wp-json\/wp\/v2\/product_cat?post=661"},{"taxonomy":"product_tag","embeddable":true,"href":"https:\/\/mersatradedz.com\/ar\/wp-json\/wp\/v2\/product_tag?post=661"}],"curies":[{"name":"wp","href":"https:\/\/api.w.org\/{rel}","templated":true}]}}