{"id":663,"date":"2023-05-19T20:08:54","date_gmt":"2023-05-19T20:08:54","guid":{"rendered":"https:\/\/mersatradedz.com\/?post_type=product&#038;p=663"},"modified":"2025-05-24T08:31:02","modified_gmt":"2025-05-24T07:31:02","slug":"toner-kyocera-tk-120","status":"publish","type":"product","link":"https:\/\/mersatradedz.com\/ar\/product\/toner-kyocera-tk-120\/","title":{"rendered":"Toner Kyocera TK 120"},"content":{"rendered":"<h3 data-start=\"687\" data-end=\"846\"><strong data-start=\"687\" data-end=\"705\">Qualit\u00e9 fiable<\/strong><\/h3>\n<p data-start=\"687\" data-end=\"846\">Le toner TK-120 offre des impressions nettes avec une densit\u00e9 de noir homog\u00e8ne, id\u00e9al pour les documents professionnels et administratifs.<\/p>\n<h3 data-start=\"848\" data-end=\"903\"><strong data-start=\"848\" data-end=\"874\">Compatibilit\u00e9 garantie<\/strong><\/h3>\n<p data-start=\"848\" data-end=\"903\">Con\u00e7u pour les mod\u00e8les :<\/p>\n<ul data-start=\"904\" data-end=\"1014\">\n<li data-start=\"904\" data-end=\"923\">\n<p data-start=\"906\" data-end=\"923\">Kyocera FS-1000<\/p>\n<\/li>\n<li data-start=\"924\" data-end=\"943\">\n<p data-start=\"926\" data-end=\"943\">Kyocera FS-1010<\/p>\n<\/li>\n<li data-start=\"944\" data-end=\"1014\">\n<p data-start=\"946\" data-end=\"1014\">Kyocera FS-1050<br data-start=\"961\" data-end=\"964\" \/>Installation facile, aucun param\u00e9trage n\u00e9cessaire.<\/p>\n<\/li>\n<\/ul>\n<h3 data-start=\"1016\" data-end=\"1149\"><strong data-start=\"1016\" data-end=\"1037\">Rendement optimal<\/strong><\/h3>\n<p data-start=\"1016\" data-end=\"1149\">Imprime jusqu\u2019\u00e0 <strong data-start=\"1056\" data-end=\"1071\">6 000 pages<\/strong> \u00e0 5 % de couverture. Convient aux bureaux, \u00e9coles et services administratifs.<\/p>\n<h3 data-start=\"1151\" data-end=\"1264\"><strong data-start=\"1151\" data-end=\"1174\">Manipulation simple<\/strong><\/h3>\n<p data-start=\"1151\" data-end=\"1264\">Cartouche r\u00e9sistante, facile \u00e0 installer et propre \u00e0 manipuler. Aucun risque de bavure.<\/p>\n<h3 data-start=\"1266\" data-end=\"1300\"><strong data-start=\"1266\" data-end=\"1298\">Caract\u00e9ristiques principales<\/strong><\/h3>\n<ul data-start=\"1301\" data-end=\"1441\">\n<li data-start=\"1301\" data-end=\"1323\">\n<p data-start=\"1303\" data-end=\"1323\">R\u00e9f\u00e9rence : TK-120<\/p>\n<\/li>\n<li data-start=\"1324\" data-end=\"1342\">\n<p data-start=\"1326\" data-end=\"1342\">Couleur : Noir<\/p>\n<\/li>\n<li data-start=\"1343\" data-end=\"1366\">\n<p data-start=\"1345\" data-end=\"1366\">Technologie : Laser<\/p>\n<\/li>\n<li data-start=\"1367\" data-end=\"1393\">\n<p data-start=\"1369\" data-end=\"1393\">Capacit\u00e9 : 6 000 pages<\/p>\n<\/li>\n<li data-start=\"1394\" data-end=\"1441\">\n<p data-start=\"1396\" data-end=\"1441\">Compatibilit\u00e9 : Kyocera FS-1000 \/ 1010 \/ 1050<\/p>\n<\/li>\n<\/ul>\n<h3><strong data-start=\"1443\" data-end=\"1464\">Fiabilit\u00e9 Kyocera<\/strong><\/h3>\n<p>Un toner original con\u00e7u pour garantir des performances stables, prolonger la dur\u00e9e de vie de l\u2019imprimante et maintenir une qualit\u00e9 constante.<\/p>","protected":false},"excerpt":{"rendered":"<p data-start=\"376\" data-end=\"613\">Le toner Kyocera TK-120 noir assure une qualit\u00e9 d\u2019impression constante et fiable. Con\u00e7u pour les imprimantes FS-1000, FS-1010 et FS-1050, il offre un rendement allant jusqu\u2019\u00e0 <strong data-start=\"551\" data-end=\"566\">6 000 pages<\/strong>, id\u00e9al pour les environnements professionnels.<\/p>","protected":false},"featured_media":1077,"comment_status":"open","ping_status":"closed","template":"","meta":{"_monsterinsights_skip_tracking":false,"_monsterinsights_sitenote_active":false,"_monsterinsights_sitenote_note":"","_monsterinsights_sitenote_category":0},"product_brand":[],"product_cat":[224],"product_tag":[276,275,876,849,784,267,1281,1282,1283,852,403,274,254],"class_list":{"0":"post-663","1":"product","2":"type-product","3":"status-publish","4":"has-post-thumbnail","6":"product_cat-consemable","7":"product_tag-276","8":"product_tag-275","9":"product_tag-compatible","10":"product_tag-consomable","11":"product_tag-imprimante","12":"product_tag-kyocera","13":"product_tag-kyocera-fs-1000","14":"product_tag-kyocera-fs-1010","15":"product_tag-kyocera-fs-1050","16":"product_tag-laser","17":"product_tag-noir","18":"product_tag-tk","19":"product_tag-toner","21":"first","22":"instock","23":"purchasable","24":"product-type-simple"},"yoast_head":"<!-- This site is optimized with the Yoast SEO plugin v27.4 - https:\/\/yoast.com\/product\/yoast-seo-wordpress\/ -->\n<title>Toner Kyocera TK 120 - mersatradedz<\/title>\n<meta name=\"robots\" content=\"index, follow, max-snippet:-1, max-image-preview:large, max-video-preview:-1\" \/>\n<link rel=\"canonical\" href=\"https:\/\/mersatradedz.com\/ar\/product\/toner-kyocera-tk-120\/\" \/>\n<meta property=\"og:locale\" content=\"ar_AR\" \/>\n<meta property=\"og:type\" content=\"article\" \/>\n<meta property=\"og:title\" content=\"Toner Kyocera TK 120 - mersatradedz\" \/>\n<meta property=\"og:description\" content=\"Le toner Kyocera TK-120 noir assure une qualit\u00e9 d\u2019impression constante et fiable. Con\u00e7u pour les imprimantes FS-1000, FS-1010 et FS-1050, il offre un rendement allant jusqu\u2019\u00e0 6 000 pages, id\u00e9al pour les environnements professionnels.\" \/>\n<meta property=\"og:url\" content=\"https:\/\/mersatradedz.com\/ar\/product\/toner-kyocera-tk-120\/\" \/>\n<meta property=\"og:site_name\" content=\"mersatradedz\" \/>\n<meta property=\"article:publisher\" content=\"https:\/\/www.facebook.com\/ntbidz\" \/>\n<meta property=\"article:modified_time\" content=\"2025-05-24T07:31:02+00:00\" \/>\n<meta property=\"og:image\" content=\"https:\/\/mersatradedz.com\/wp-content\/uploads\/2023\/07\/0670.jpg\" \/>\n\t<meta property=\"og:image:width\" content=\"680\" \/>\n\t<meta property=\"og:image:height\" content=\"680\" \/>\n\t<meta property=\"og:image:type\" content=\"image\/jpeg\" \/>\n<meta name=\"twitter:card\" content=\"summary_large_image\" \/>\n<meta name=\"twitter:label1\" content=\"\u0648\u0642\u062a \u0627\u0644\u0642\u0631\u0627\u0621\u0629 \u0627\u0644\u0645\u064f\u0642\u062f\u0651\u0631\" \/>\n\t<meta name=\"twitter:data1\" content=\"\u062f\u0642\u064a\u0642\u0629 \u0648\u0627\u062d\u062f\u0629\" \/>\n<script type=\"application\/ld+json\" class=\"yoast-schema-graph\">{\"@context\":\"https:\\\/\\\/schema.org\",\"@graph\":[{\"@type\":\"WebPage\",\"@id\":\"https:\\\/\\\/mersatradedz.com\\\/product\\\/toner-kyocera-tk-120\\\/\",\"url\":\"https:\\\/\\\/mersatradedz.com\\\/product\\\/toner-kyocera-tk-120\\\/\",\"name\":\"Toner Kyocera TK 120 - mersatradedz\",\"isPartOf\":{\"@id\":\"https:\\\/\\\/mersatradedz.com\\\/#website\"},\"primaryImageOfPage\":{\"@id\":\"https:\\\/\\\/mersatradedz.com\\\/product\\\/toner-kyocera-tk-120\\\/#primaryimage\"},\"image\":{\"@id\":\"https:\\\/\\\/mersatradedz.com\\\/product\\\/toner-kyocera-tk-120\\\/#primaryimage\"},\"thumbnailUrl\":\"https:\\\/\\\/mersatradedz.com\\\/wp-content\\\/uploads\\\/2023\\\/07\\\/0670.jpg\",\"datePublished\":\"2023-05-19T20:08:54+00:00\",\"dateModified\":\"2025-05-24T07:31:02+00:00\",\"breadcrumb\":{\"@id\":\"https:\\\/\\\/mersatradedz.com\\\/product\\\/toner-kyocera-tk-120\\\/#breadcrumb\"},\"inLanguage\":\"ar\",\"potentialAction\":[{\"@type\":\"ReadAction\",\"target\":[\"https:\\\/\\\/mersatradedz.com\\\/product\\\/toner-kyocera-tk-120\\\/\"]}]},{\"@type\":\"ImageObject\",\"inLanguage\":\"ar\",\"@id\":\"https:\\\/\\\/mersatradedz.com\\\/product\\\/toner-kyocera-tk-120\\\/#primaryimage\",\"url\":\"https:\\\/\\\/mersatradedz.com\\\/wp-content\\\/uploads\\\/2023\\\/07\\\/0670.jpg\",\"contentUrl\":\"https:\\\/\\\/mersatradedz.com\\\/wp-content\\\/uploads\\\/2023\\\/07\\\/0670.jpg\",\"width\":680,\"height\":680},{\"@type\":\"BreadcrumbList\",\"@id\":\"https:\\\/\\\/mersatradedz.com\\\/product\\\/toner-kyocera-tk-120\\\/#breadcrumb\",\"itemListElement\":[{\"@type\":\"ListItem\",\"position\":1,\"name\":\"Home\",\"item\":\"https:\\\/\\\/mersatradedz.com\\\/ar\\\/\"},{\"@type\":\"ListItem\",\"position\":2,\"name\":\"Boutique\",\"item\":\"https:\\\/\\\/mersatradedz.com\\\/shop\\\/\"},{\"@type\":\"ListItem\",\"position\":3,\"name\":\"Toner Kyocera TK 120\"}]},{\"@type\":\"WebSite\",\"@id\":\"https:\\\/\\\/mersatradedz.com\\\/#website\",\"url\":\"https:\\\/\\\/mersatradedz.com\\\/\",\"name\":\"mersatradedz\",\"description\":\"\",\"publisher\":{\"@id\":\"https:\\\/\\\/mersatradedz.com\\\/#organization\"},\"potentialAction\":[{\"@type\":\"SearchAction\",\"target\":{\"@type\":\"EntryPoint\",\"urlTemplate\":\"https:\\\/\\\/mersatradedz.com\\\/?s={search_term_string}\"},\"query-input\":{\"@type\":\"PropertyValueSpecification\",\"valueRequired\":true,\"valueName\":\"search_term_string\"}}],\"inLanguage\":\"ar\"},{\"@type\":\"Organization\",\"@id\":\"https:\\\/\\\/mersatradedz.com\\\/#organization\",\"name\":\"mersa trade\",\"url\":\"https:\\\/\\\/mersatradedz.com\\\/\",\"logo\":{\"@type\":\"ImageObject\",\"inLanguage\":\"ar\",\"@id\":\"https:\\\/\\\/mersatradedz.com\\\/#\\\/schema\\\/logo\\\/image\\\/\",\"url\":\"https:\\\/\\\/mersatradedz.com\\\/wp-content\\\/uploads\\\/2023\\\/07\\\/cropped-1684191296456.jpg\",\"contentUrl\":\"https:\\\/\\\/mersatradedz.com\\\/wp-content\\\/uploads\\\/2023\\\/07\\\/cropped-1684191296456.jpg\",\"width\":1451,\"height\":955,\"caption\":\"mersa trade\"},\"image\":{\"@id\":\"https:\\\/\\\/mersatradedz.com\\\/#\\\/schema\\\/logo\\\/image\\\/\"},\"sameAs\":[\"https:\\\/\\\/www.facebook.com\\\/ntbidz\"]}]}<\/script>\n<!-- \/ Yoast SEO plugin. -->","yoast_head_json":{"title":"Toner Kyocera TK 120 - mersatradedz","robots":{"index":"index","follow":"follow","max-snippet":"max-snippet:-1","max-image-preview":"max-image-preview:large","max-video-preview":"max-video-preview:-1"},"canonical":"https:\/\/mersatradedz.com\/ar\/product\/toner-kyocera-tk-120\/","og_locale":"ar_AR","og_type":"article","og_title":"Toner Kyocera TK 120 - mersatradedz","og_description":"Le toner Kyocera TK-120 noir assure une qualit\u00e9 d\u2019impression constante et fiable. Con\u00e7u pour les imprimantes FS-1000, FS-1010 et FS-1050, il offre un rendement allant jusqu\u2019\u00e0 6 000 pages, id\u00e9al pour les environnements professionnels.","og_url":"https:\/\/mersatradedz.com\/ar\/product\/toner-kyocera-tk-120\/","og_site_name":"mersatradedz","article_publisher":"https:\/\/www.facebook.com\/ntbidz","article_modified_time":"2025-05-24T07:31:02+00:00","og_image":[{"width":680,"height":680,"url":"https:\/\/mersatradedz.com\/wp-content\/uploads\/2023\/07\/0670.jpg","type":"image\/jpeg"}],"twitter_card":"summary_large_image","twitter_misc":{"\u0648\u0642\u062a \u0627\u0644\u0642\u0631\u0627\u0621\u0629 \u0627\u0644\u0645\u064f\u0642\u062f\u0651\u0631":"\u062f\u0642\u064a\u0642\u0629 \u0648\u0627\u062d\u062f\u0629"},"schema":{"@context":"https:\/\/schema.org","@graph":[{"@type":"WebPage","@id":"https:\/\/mersatradedz.com\/product\/toner-kyocera-tk-120\/","url":"https:\/\/mersatradedz.com\/product\/toner-kyocera-tk-120\/","name":"Toner Kyocera TK 120 - mersatradedz","isPartOf":{"@id":"https:\/\/mersatradedz.com\/#website"},"primaryImageOfPage":{"@id":"https:\/\/mersatradedz.com\/product\/toner-kyocera-tk-120\/#primaryimage"},"image":{"@id":"https:\/\/mersatradedz.com\/product\/toner-kyocera-tk-120\/#primaryimage"},"thumbnailUrl":"https:\/\/mersatradedz.com\/wp-content\/uploads\/2023\/07\/0670.jpg","datePublished":"2023-05-19T20:08:54+00:00","dateModified":"2025-05-24T07:31:02+00:00","breadcrumb":{"@id":"https:\/\/mersatradedz.com\/product\/toner-kyocera-tk-120\/#breadcrumb"},"inLanguage":"ar","potentialAction":[{"@type":"ReadAction","target":["https:\/\/mersatradedz.com\/product\/toner-kyocera-tk-120\/"]}]},{"@type":"ImageObject","inLanguage":"ar","@id":"https:\/\/mersatradedz.com\/product\/toner-kyocera-tk-120\/#primaryimage","url":"https:\/\/mersatradedz.com\/wp-content\/uploads\/2023\/07\/0670.jpg","contentUrl":"https:\/\/mersatradedz.com\/wp-content\/uploads\/2023\/07\/0670.jpg","width":680,"height":680},{"@type":"BreadcrumbList","@id":"https:\/\/mersatradedz.com\/product\/toner-kyocera-tk-120\/#breadcrumb","itemListElement":[{"@type":"ListItem","position":1,"name":"Home","item":"https:\/\/mersatradedz.com\/ar\/"},{"@type":"ListItem","position":2,"name":"Boutique","item":"https:\/\/mersatradedz.com\/shop\/"},{"@type":"ListItem","position":3,"name":"Toner Kyocera TK 120"}]},{"@type":"WebSite","@id":"https:\/\/mersatradedz.com\/#website","url":"https:\/\/mersatradedz.com\/","name":"mersatradedz","description":"","publisher":{"@id":"https:\/\/mersatradedz.com\/#organization"},"potentialAction":[{"@type":"SearchAction","target":{"@type":"EntryPoint","urlTemplate":"https:\/\/mersatradedz.com\/?s={search_term_string}"},"query-input":{"@type":"PropertyValueSpecification","valueRequired":true,"valueName":"search_term_string"}}],"inLanguage":"ar"},{"@type":"Organization","@id":"https:\/\/mersatradedz.com\/#organization","name":"mersa trade","url":"https:\/\/mersatradedz.com\/","logo":{"@type":"ImageObject","inLanguage":"ar","@id":"https:\/\/mersatradedz.com\/#\/schema\/logo\/image\/","url":"https:\/\/mersatradedz.com\/wp-content\/uploads\/2023\/07\/cropped-1684191296456.jpg","contentUrl":"https:\/\/mersatradedz.com\/wp-content\/uploads\/2023\/07\/cropped-1684191296456.jpg","width":1451,"height":955,"caption":"mersa trade"},"image":{"@id":"https:\/\/mersatradedz.com\/#\/schema\/logo\/image\/"},"sameAs":["https:\/\/www.facebook.com\/ntbidz"]}]}},"jetpack_sharing_enabled":true,"_links":{"self":[{"href":"https:\/\/mersatradedz.com\/ar\/wp-json\/wp\/v2\/product\/663","targetHints":{"allow":["GET"]}}],"collection":[{"href":"https:\/\/mersatradedz.com\/ar\/wp-json\/wp\/v2\/product"}],"about":[{"href":"https:\/\/mersatradedz.com\/ar\/wp-json\/wp\/v2\/types\/product"}],"replies":[{"embeddable":true,"href":"https:\/\/mersatradedz.com\/ar\/wp-json\/wp\/v2\/comments?post=663"}],"wp:featuredmedia":[{"embeddable":true,"href":"https:\/\/mersatradedz.com\/ar\/wp-json\/wp\/v2\/media\/1077"}],"wp:attachment":[{"href":"https:\/\/mersatradedz.com\/ar\/wp-json\/wp\/v2\/media?parent=663"}],"wp:term":[{"taxonomy":"product_brand","embeddable":true,"href":"https:\/\/mersatradedz.com\/ar\/wp-json\/wp\/v2\/product_brand?post=663"},{"taxonomy":"product_cat","embeddable":true,"href":"https:\/\/mersatradedz.com\/ar\/wp-json\/wp\/v2\/product_cat?post=663"},{"taxonomy":"product_tag","embeddable":true,"href":"https:\/\/mersatradedz.com\/ar\/wp-json\/wp\/v2\/product_tag?post=663"}],"curies":[{"name":"wp","href":"https:\/\/api.w.org\/{rel}","templated":true}]}}