{"id":665,"date":"2023-05-19T20:09:31","date_gmt":"2023-05-19T20:09:31","guid":{"rendered":"https:\/\/mersatradedz.com\/?post_type=product&#038;p=665"},"modified":"2025-05-24T08:36:28","modified_gmt":"2025-05-24T07:36:28","slug":"toner-kyocera-tk-1130","status":"publish","type":"product","link":"https:\/\/mersatradedz.com\/ar\/product\/toner-kyocera-tk-1130\/","title":{"rendered":"Toner Kyocera TK 1130"},"content":{"rendered":"<h3 data-start=\"685\" data-end=\"825\"><strong data-start=\"685\" data-end=\"701\">Texte pr\u00e9cis<\/strong><\/h3>\n<p data-start=\"685\" data-end=\"825\">Le toner TK-1130 produit un noir uniforme et dense, id\u00e9al pour les documents professionnels, administratifs et \u00e9ducatifs.<\/p>\n<h3 data-start=\"827\" data-end=\"896\"><strong data-start=\"827\" data-end=\"853\">Compatibilit\u00e9 parfaite<\/strong><\/h3>\n<p data-start=\"827\" data-end=\"896\">Fonctionne avec les mod\u00e8les suivants :<\/p>\n<ul data-start=\"897\" data-end=\"1011\">\n<li data-start=\"897\" data-end=\"920\">\n<p data-start=\"899\" data-end=\"920\">Kyocera FS-1030 MFP<\/p>\n<\/li>\n<li data-start=\"921\" data-end=\"944\">\n<p data-start=\"923\" data-end=\"944\">Kyocera FS-1130 MFP<\/p>\n<\/li>\n<li data-start=\"945\" data-end=\"1011\">\n<p data-start=\"947\" data-end=\"1011\">Kyocera FS-2030dn<br data-start=\"964\" data-end=\"967\" \/>Reconnaissance instantan\u00e9e \u00e0 l\u2019installation.<\/p>\n<\/li>\n<\/ul>\n<h3 data-start=\"1013\" data-end=\"1157\"><strong data-start=\"1013\" data-end=\"1030\">Bon rendement<\/strong><\/h3>\n<p data-start=\"1013\" data-end=\"1157\">Jusqu\u2019\u00e0 <strong data-start=\"1041\" data-end=\"1056\">3 000 pages<\/strong> \u00e0 5 % de couverture. Parfait pour les bureaux, les \u00e9tablissements scolaires ou les services publics.<\/p>\n<h3 data-start=\"1159\" data-end=\"1244\"><strong data-start=\"1159\" data-end=\"1181\">Utilisation simple<\/strong><\/h3>\n<p data-start=\"1159\" data-end=\"1244\">Cartouche fiable, facile \u00e0 remplacer, sans bavure ni r\u00e9sidu.<\/p>\n<h3 data-start=\"1246\" data-end=\"1270\"><strong data-start=\"1246\" data-end=\"1268\">Donn\u00e9es techniques<\/strong><\/h3>\n<ul data-start=\"1271\" data-end=\"1404\">\n<li data-start=\"1271\" data-end=\"1294\">\n<p data-start=\"1273\" data-end=\"1294\">R\u00e9f\u00e9rence : TK-1130<\/p>\n<\/li>\n<li data-start=\"1295\" data-end=\"1313\">\n<p data-start=\"1297\" data-end=\"1313\">Couleur : Noir<\/p>\n<\/li>\n<li data-start=\"1314\" data-end=\"1337\">\n<p data-start=\"1316\" data-end=\"1337\">Technologie : Laser<\/p>\n<\/li>\n<li data-start=\"1338\" data-end=\"1364\">\n<p data-start=\"1340\" data-end=\"1364\">Capacit\u00e9 : 3 000 pages<\/p>\n<\/li>\n<li data-start=\"1365\" data-end=\"1404\">\n<p data-start=\"1367\" data-end=\"1404\">Compatibilit\u00e9 : FS-1030 \/ 1130 \/ 2030<\/p>\n<\/li>\n<\/ul>\n<h3 data-start=\"1406\" data-end=\"1558\"><strong data-start=\"1406\" data-end=\"1429\">Performance Kyocera<\/strong><\/h3>\n<p data-start=\"1406\" data-end=\"1558\">Con\u00e7u pour maintenir une qualit\u00e9 constante et pr\u00e9server la dur\u00e9e de vie de votre imprimante, m\u00eame en usage quotidien intensif.<\/p>","protected":false},"excerpt":{"rendered":"<p>Le toner Kyocera TK-1130 offre des impressions nettes et durables. Con\u00e7u pour les imprimantes FS-1030, FS-1130 et FS-2030, il permet un rendement jusqu\u2019\u00e0 <strong data-start=\"531\" data-end=\"546\">3 000 pages<\/strong>, id\u00e9al pour les petites et moyennes structures \u00e0 usage intensif.<\/p>","protected":false},"featured_media":1058,"comment_status":"open","ping_status":"closed","template":"","meta":{"_monsterinsights_skip_tracking":false,"_monsterinsights_sitenote_active":false,"_monsterinsights_sitenote_note":"","_monsterinsights_sitenote_category":0},"product_brand":[830],"product_cat":[224],"product_tag":[278,277,876,849,784,267,1288,1289,1290,852,274,254],"class_list":{"0":"post-665","1":"product","2":"type-product","3":"status-publish","4":"has-post-thumbnail","6":"product_brand-kyocera","7":"product_cat-consemable","8":"product_tag-278","9":"product_tag-277","10":"product_tag-compatible","11":"product_tag-consomable","12":"product_tag-imprimante","13":"product_tag-kyocera","14":"product_tag-kyocera-fs-1030-mfp","15":"product_tag-kyocera-fs-1130-mfp","16":"product_tag-kyocera-fs-2030dn","17":"product_tag-laser","18":"product_tag-tk","19":"product_tag-toner","21":"first","22":"instock","23":"purchasable","24":"product-type-simple"},"yoast_head":"<!-- This site is optimized with the Yoast SEO plugin v27.4 - https:\/\/yoast.com\/product\/yoast-seo-wordpress\/ -->\n<title>Toner Kyocera TK 1130 - mersatradedz<\/title>\n<meta name=\"robots\" content=\"index, follow, max-snippet:-1, max-image-preview:large, max-video-preview:-1\" \/>\n<link rel=\"canonical\" href=\"https:\/\/mersatradedz.com\/ar\/product\/toner-kyocera-tk-1130\/\" \/>\n<meta property=\"og:locale\" content=\"ar_AR\" \/>\n<meta property=\"og:type\" content=\"article\" \/>\n<meta property=\"og:title\" content=\"Toner Kyocera TK 1130 - mersatradedz\" \/>\n<meta property=\"og:description\" content=\"Le toner Kyocera TK-1130 offre des impressions nettes et durables. Con\u00e7u pour les imprimantes FS-1030, FS-1130 et FS-2030, il permet un rendement jusqu\u2019\u00e0 3 000 pages, id\u00e9al pour les petites et moyennes structures \u00e0 usage intensif.\" \/>\n<meta property=\"og:url\" content=\"https:\/\/mersatradedz.com\/ar\/product\/toner-kyocera-tk-1130\/\" \/>\n<meta property=\"og:site_name\" content=\"mersatradedz\" \/>\n<meta property=\"article:publisher\" content=\"https:\/\/www.facebook.com\/ntbidz\" \/>\n<meta property=\"article:modified_time\" content=\"2025-05-24T07:36:28+00:00\" \/>\n<meta property=\"og:image\" content=\"https:\/\/mersatradedz.com\/wp-content\/uploads\/2023\/07\/0369.jpg\" \/>\n\t<meta property=\"og:image:width\" content=\"500\" \/>\n\t<meta property=\"og:image:height\" content=\"500\" \/>\n\t<meta property=\"og:image:type\" content=\"image\/jpeg\" \/>\n<meta name=\"twitter:card\" content=\"summary_large_image\" \/>\n<meta name=\"twitter:label1\" content=\"\u0648\u0642\u062a \u0627\u0644\u0642\u0631\u0627\u0621\u0629 \u0627\u0644\u0645\u064f\u0642\u062f\u0651\u0631\" \/>\n\t<meta name=\"twitter:data1\" content=\"\u062f\u0642\u064a\u0642\u0629 \u0648\u0627\u062d\u062f\u0629\" \/>\n<script type=\"application\/ld+json\" class=\"yoast-schema-graph\">{\"@context\":\"https:\\\/\\\/schema.org\",\"@graph\":[{\"@type\":\"WebPage\",\"@id\":\"https:\\\/\\\/mersatradedz.com\\\/product\\\/toner-kyocera-tk-1130\\\/\",\"url\":\"https:\\\/\\\/mersatradedz.com\\\/product\\\/toner-kyocera-tk-1130\\\/\",\"name\":\"Toner Kyocera TK 1130 - mersatradedz\",\"isPartOf\":{\"@id\":\"https:\\\/\\\/mersatradedz.com\\\/#website\"},\"primaryImageOfPage\":{\"@id\":\"https:\\\/\\\/mersatradedz.com\\\/product\\\/toner-kyocera-tk-1130\\\/#primaryimage\"},\"image\":{\"@id\":\"https:\\\/\\\/mersatradedz.com\\\/product\\\/toner-kyocera-tk-1130\\\/#primaryimage\"},\"thumbnailUrl\":\"https:\\\/\\\/mersatradedz.com\\\/wp-content\\\/uploads\\\/2023\\\/07\\\/0369.jpg\",\"datePublished\":\"2023-05-19T20:09:31+00:00\",\"dateModified\":\"2025-05-24T07:36:28+00:00\",\"breadcrumb\":{\"@id\":\"https:\\\/\\\/mersatradedz.com\\\/product\\\/toner-kyocera-tk-1130\\\/#breadcrumb\"},\"inLanguage\":\"ar\",\"potentialAction\":[{\"@type\":\"ReadAction\",\"target\":[\"https:\\\/\\\/mersatradedz.com\\\/product\\\/toner-kyocera-tk-1130\\\/\"]}]},{\"@type\":\"ImageObject\",\"inLanguage\":\"ar\",\"@id\":\"https:\\\/\\\/mersatradedz.com\\\/product\\\/toner-kyocera-tk-1130\\\/#primaryimage\",\"url\":\"https:\\\/\\\/mersatradedz.com\\\/wp-content\\\/uploads\\\/2023\\\/07\\\/0369.jpg\",\"contentUrl\":\"https:\\\/\\\/mersatradedz.com\\\/wp-content\\\/uploads\\\/2023\\\/07\\\/0369.jpg\",\"width\":500,\"height\":500},{\"@type\":\"BreadcrumbList\",\"@id\":\"https:\\\/\\\/mersatradedz.com\\\/product\\\/toner-kyocera-tk-1130\\\/#breadcrumb\",\"itemListElement\":[{\"@type\":\"ListItem\",\"position\":1,\"name\":\"Home\",\"item\":\"https:\\\/\\\/mersatradedz.com\\\/ar\\\/\"},{\"@type\":\"ListItem\",\"position\":2,\"name\":\"Boutique\",\"item\":\"https:\\\/\\\/mersatradedz.com\\\/shop\\\/\"},{\"@type\":\"ListItem\",\"position\":3,\"name\":\"Toner Kyocera TK 1130\"}]},{\"@type\":\"WebSite\",\"@id\":\"https:\\\/\\\/mersatradedz.com\\\/#website\",\"url\":\"https:\\\/\\\/mersatradedz.com\\\/\",\"name\":\"mersatradedz\",\"description\":\"\",\"publisher\":{\"@id\":\"https:\\\/\\\/mersatradedz.com\\\/#organization\"},\"potentialAction\":[{\"@type\":\"SearchAction\",\"target\":{\"@type\":\"EntryPoint\",\"urlTemplate\":\"https:\\\/\\\/mersatradedz.com\\\/?s={search_term_string}\"},\"query-input\":{\"@type\":\"PropertyValueSpecification\",\"valueRequired\":true,\"valueName\":\"search_term_string\"}}],\"inLanguage\":\"ar\"},{\"@type\":\"Organization\",\"@id\":\"https:\\\/\\\/mersatradedz.com\\\/#organization\",\"name\":\"mersa trade\",\"url\":\"https:\\\/\\\/mersatradedz.com\\\/\",\"logo\":{\"@type\":\"ImageObject\",\"inLanguage\":\"ar\",\"@id\":\"https:\\\/\\\/mersatradedz.com\\\/#\\\/schema\\\/logo\\\/image\\\/\",\"url\":\"https:\\\/\\\/mersatradedz.com\\\/wp-content\\\/uploads\\\/2023\\\/07\\\/cropped-1684191296456.jpg\",\"contentUrl\":\"https:\\\/\\\/mersatradedz.com\\\/wp-content\\\/uploads\\\/2023\\\/07\\\/cropped-1684191296456.jpg\",\"width\":1451,\"height\":955,\"caption\":\"mersa trade\"},\"image\":{\"@id\":\"https:\\\/\\\/mersatradedz.com\\\/#\\\/schema\\\/logo\\\/image\\\/\"},\"sameAs\":[\"https:\\\/\\\/www.facebook.com\\\/ntbidz\"]}]}<\/script>\n<!-- \/ Yoast SEO plugin. -->","yoast_head_json":{"title":"Toner Kyocera TK 1130 - mersatradedz","robots":{"index":"index","follow":"follow","max-snippet":"max-snippet:-1","max-image-preview":"max-image-preview:large","max-video-preview":"max-video-preview:-1"},"canonical":"https:\/\/mersatradedz.com\/ar\/product\/toner-kyocera-tk-1130\/","og_locale":"ar_AR","og_type":"article","og_title":"Toner Kyocera TK 1130 - mersatradedz","og_description":"Le toner Kyocera TK-1130 offre des impressions nettes et durables. Con\u00e7u pour les imprimantes FS-1030, FS-1130 et FS-2030, il permet un rendement jusqu\u2019\u00e0 3 000 pages, id\u00e9al pour les petites et moyennes structures \u00e0 usage intensif.","og_url":"https:\/\/mersatradedz.com\/ar\/product\/toner-kyocera-tk-1130\/","og_site_name":"mersatradedz","article_publisher":"https:\/\/www.facebook.com\/ntbidz","article_modified_time":"2025-05-24T07:36:28+00:00","og_image":[{"width":500,"height":500,"url":"https:\/\/mersatradedz.com\/wp-content\/uploads\/2023\/07\/0369.jpg","type":"image\/jpeg"}],"twitter_card":"summary_large_image","twitter_misc":{"\u0648\u0642\u062a \u0627\u0644\u0642\u0631\u0627\u0621\u0629 \u0627\u0644\u0645\u064f\u0642\u062f\u0651\u0631":"\u062f\u0642\u064a\u0642\u0629 \u0648\u0627\u062d\u062f\u0629"},"schema":{"@context":"https:\/\/schema.org","@graph":[{"@type":"WebPage","@id":"https:\/\/mersatradedz.com\/product\/toner-kyocera-tk-1130\/","url":"https:\/\/mersatradedz.com\/product\/toner-kyocera-tk-1130\/","name":"Toner Kyocera TK 1130 - mersatradedz","isPartOf":{"@id":"https:\/\/mersatradedz.com\/#website"},"primaryImageOfPage":{"@id":"https:\/\/mersatradedz.com\/product\/toner-kyocera-tk-1130\/#primaryimage"},"image":{"@id":"https:\/\/mersatradedz.com\/product\/toner-kyocera-tk-1130\/#primaryimage"},"thumbnailUrl":"https:\/\/mersatradedz.com\/wp-content\/uploads\/2023\/07\/0369.jpg","datePublished":"2023-05-19T20:09:31+00:00","dateModified":"2025-05-24T07:36:28+00:00","breadcrumb":{"@id":"https:\/\/mersatradedz.com\/product\/toner-kyocera-tk-1130\/#breadcrumb"},"inLanguage":"ar","potentialAction":[{"@type":"ReadAction","target":["https:\/\/mersatradedz.com\/product\/toner-kyocera-tk-1130\/"]}]},{"@type":"ImageObject","inLanguage":"ar","@id":"https:\/\/mersatradedz.com\/product\/toner-kyocera-tk-1130\/#primaryimage","url":"https:\/\/mersatradedz.com\/wp-content\/uploads\/2023\/07\/0369.jpg","contentUrl":"https:\/\/mersatradedz.com\/wp-content\/uploads\/2023\/07\/0369.jpg","width":500,"height":500},{"@type":"BreadcrumbList","@id":"https:\/\/mersatradedz.com\/product\/toner-kyocera-tk-1130\/#breadcrumb","itemListElement":[{"@type":"ListItem","position":1,"name":"Home","item":"https:\/\/mersatradedz.com\/ar\/"},{"@type":"ListItem","position":2,"name":"Boutique","item":"https:\/\/mersatradedz.com\/shop\/"},{"@type":"ListItem","position":3,"name":"Toner Kyocera TK 1130"}]},{"@type":"WebSite","@id":"https:\/\/mersatradedz.com\/#website","url":"https:\/\/mersatradedz.com\/","name":"mersatradedz","description":"","publisher":{"@id":"https:\/\/mersatradedz.com\/#organization"},"potentialAction":[{"@type":"SearchAction","target":{"@type":"EntryPoint","urlTemplate":"https:\/\/mersatradedz.com\/?s={search_term_string}"},"query-input":{"@type":"PropertyValueSpecification","valueRequired":true,"valueName":"search_term_string"}}],"inLanguage":"ar"},{"@type":"Organization","@id":"https:\/\/mersatradedz.com\/#organization","name":"mersa trade","url":"https:\/\/mersatradedz.com\/","logo":{"@type":"ImageObject","inLanguage":"ar","@id":"https:\/\/mersatradedz.com\/#\/schema\/logo\/image\/","url":"https:\/\/mersatradedz.com\/wp-content\/uploads\/2023\/07\/cropped-1684191296456.jpg","contentUrl":"https:\/\/mersatradedz.com\/wp-content\/uploads\/2023\/07\/cropped-1684191296456.jpg","width":1451,"height":955,"caption":"mersa trade"},"image":{"@id":"https:\/\/mersatradedz.com\/#\/schema\/logo\/image\/"},"sameAs":["https:\/\/www.facebook.com\/ntbidz"]}]}},"jetpack_sharing_enabled":true,"_links":{"self":[{"href":"https:\/\/mersatradedz.com\/ar\/wp-json\/wp\/v2\/product\/665","targetHints":{"allow":["GET"]}}],"collection":[{"href":"https:\/\/mersatradedz.com\/ar\/wp-json\/wp\/v2\/product"}],"about":[{"href":"https:\/\/mersatradedz.com\/ar\/wp-json\/wp\/v2\/types\/product"}],"replies":[{"embeddable":true,"href":"https:\/\/mersatradedz.com\/ar\/wp-json\/wp\/v2\/comments?post=665"}],"wp:featuredmedia":[{"embeddable":true,"href":"https:\/\/mersatradedz.com\/ar\/wp-json\/wp\/v2\/media\/1058"}],"wp:attachment":[{"href":"https:\/\/mersatradedz.com\/ar\/wp-json\/wp\/v2\/media?parent=665"}],"wp:term":[{"taxonomy":"product_brand","embeddable":true,"href":"https:\/\/mersatradedz.com\/ar\/wp-json\/wp\/v2\/product_brand?post=665"},{"taxonomy":"product_cat","embeddable":true,"href":"https:\/\/mersatradedz.com\/ar\/wp-json\/wp\/v2\/product_cat?post=665"},{"taxonomy":"product_tag","embeddable":true,"href":"https:\/\/mersatradedz.com\/ar\/wp-json\/wp\/v2\/product_tag?post=665"}],"curies":[{"name":"wp","href":"https:\/\/api.w.org\/{rel}","templated":true}]}}