{"id":670,"date":"2023-05-19T20:14:28","date_gmt":"2023-05-19T20:14:28","guid":{"rendered":"https:\/\/mersatradedz.com\/?post_type=product&#038;p=670"},"modified":"2025-05-24T09:08:58","modified_gmt":"2025-05-24T08:08:58","slug":"toner-kyocera-tk-1150","status":"publish","type":"product","link":"https:\/\/mersatradedz.com\/ar\/product\/toner-kyocera-tk-1150\/","title":{"rendered":"Toner Kyocera TK 1150"},"content":{"rendered":"<h3 data-start=\"716\" data-end=\"844\"><strong data-start=\"716\" data-end=\"736\">Impression nette<\/strong><\/h3>\n<p data-start=\"716\" data-end=\"844\">Le TK-1150 produit un noir dense et r\u00e9gulier, assurant une qualit\u00e9 constante sur tous types de documents.<\/p>\n<h3 data-start=\"846\" data-end=\"894\"><strong data-start=\"846\" data-end=\"872\">Compatibilit\u00e9 parfaite<\/strong><\/h3>\n<p data-start=\"846\" data-end=\"894\">Compatible avec :<\/p>\n<ul data-start=\"895\" data-end=\"1014\">\n<li data-start=\"895\" data-end=\"921\">\n<p data-start=\"897\" data-end=\"921\">Kyocera ECOSYS M2135dn<\/p>\n<\/li>\n<li data-start=\"922\" data-end=\"948\">\n<p data-start=\"924\" data-end=\"948\">Kyocera ECOSYS M2635dn<\/p>\n<\/li>\n<li data-start=\"949\" data-end=\"1014\">\n<p data-start=\"951\" data-end=\"1014\">Kyocera ECOSYS M2735dn<br data-start=\"973\" data-end=\"976\" \/>Installation instantan\u00e9e sans r\u00e9glage.<\/p>\n<\/li>\n<\/ul>\n<h3 data-start=\"1016\" data-end=\"1144\"><strong data-start=\"1016\" data-end=\"1033\">Bon rendement<\/strong><\/h3>\n<p data-start=\"1016\" data-end=\"1144\">Jusqu\u2019\u00e0 <strong data-start=\"1044\" data-end=\"1059\">3 000 pages<\/strong> \u00e0 5 % de couverture. Parfait pour les PME, professions lib\u00e9rales et administrations.<\/p>\n<h3 data-start=\"1146\" data-end=\"1269\"><strong data-start=\"1146\" data-end=\"1170\">Utilisation pratique<\/strong><\/h3>\n<p data-start=\"1146\" data-end=\"1269\">Facile \u00e0 remplacer, sans bavure ni entretien sp\u00e9cifique. Con\u00e7u pour un usage r\u00e9gulier et fluide.<\/p>\n<h3 data-start=\"1271\" data-end=\"1302\"><strong data-start=\"1271\" data-end=\"1300\">Sp\u00e9cifications techniques<\/strong><\/h3>\n<ul data-start=\"1303\" data-end=\"1436\">\n<li data-start=\"1303\" data-end=\"1326\">\n<p data-start=\"1305\" data-end=\"1326\">R\u00e9f\u00e9rence : TK-1150<\/p>\n<\/li>\n<li data-start=\"1327\" data-end=\"1345\">\n<p data-start=\"1329\" data-end=\"1345\">Couleur : Noir<\/p>\n<\/li>\n<li data-start=\"1346\" data-end=\"1369\">\n<p data-start=\"1348\" data-end=\"1369\">Technologie : Laser<\/p>\n<\/li>\n<li data-start=\"1370\" data-end=\"1396\">\n<p data-start=\"1372\" data-end=\"1396\">Capacit\u00e9 : 3 000 pages<\/p>\n<\/li>\n<li data-start=\"1397\" data-end=\"1436\">\n<p data-start=\"1399\" data-end=\"1436\">Compatibilit\u00e9 : M2135 \/ M2635 \/ M2735<\/p>\n<\/li>\n<\/ul>\n<h3 data-start=\"1438\" data-end=\"1557\"><strong data-start=\"1438\" data-end=\"1461\">Performance Kyocera<\/strong><\/h3>\n<p data-start=\"1438\" data-end=\"1557\">Un toner d\u2019origine qui prot\u00e8ge votre imprimante tout en maintenant une productivit\u00e9 optimale.<\/p>","protected":false},"excerpt":{"rendered":"<p>Le toner Kyocera TK-1150 offre une impression laser noire pr\u00e9cise et professionnelle. Compatible avec les mod\u00e8les M2135dn, M2635dn et M2735dn, il garantit un rendement jusqu\u2019\u00e0 <strong data-start=\"570\" data-end=\"585\">3 000 pages<\/strong>, id\u00e9al pour les bureaux et les professionnels exigeants.<\/p>","protected":false},"featured_media":1088,"comment_status":"open","ping_status":"closed","template":"","meta":{"_monsterinsights_skip_tracking":false,"_monsterinsights_sitenote_active":false,"_monsterinsights_sitenote_note":"","_monsterinsights_sitenote_category":0},"product_brand":[830],"product_cat":[224],"product_tag":[281,282,876,849,784,267,1303,1304,1305,274,254],"class_list":{"0":"post-670","1":"product","2":"type-product","3":"status-publish","4":"has-post-thumbnail","6":"product_brand-kyocera","7":"product_cat-consemable","8":"product_tag-281","9":"product_tag-282","10":"product_tag-compatible","11":"product_tag-consomable","12":"product_tag-imprimante","13":"product_tag-kyocera","14":"product_tag-kyocera-ecosys-m2135dn","15":"product_tag-kyocera-ecosys-m2635dn","16":"product_tag-kyocera-ecosys-m2735dn","17":"product_tag-tk","18":"product_tag-toner","20":"first","21":"instock","22":"purchasable","23":"product-type-simple"},"yoast_head":"<!-- This site is optimized with the Yoast SEO plugin v27.4 - https:\/\/yoast.com\/product\/yoast-seo-wordpress\/ -->\n<title>Toner Kyocera TK 1150 - mersatradedz<\/title>\n<meta name=\"robots\" content=\"index, follow, max-snippet:-1, max-image-preview:large, max-video-preview:-1\" \/>\n<link rel=\"canonical\" href=\"https:\/\/mersatradedz.com\/ar\/product\/toner-kyocera-tk-1150\/\" \/>\n<meta property=\"og:locale\" content=\"ar_AR\" \/>\n<meta property=\"og:type\" content=\"article\" \/>\n<meta property=\"og:title\" content=\"Toner Kyocera TK 1150 - mersatradedz\" \/>\n<meta property=\"og:description\" content=\"Le toner Kyocera TK-1150 offre une impression laser noire pr\u00e9cise et professionnelle. Compatible avec les mod\u00e8les M2135dn, M2635dn et M2735dn, il garantit un rendement jusqu\u2019\u00e0 3 000 pages, id\u00e9al pour les bureaux et les professionnels exigeants.\" \/>\n<meta property=\"og:url\" content=\"https:\/\/mersatradedz.com\/ar\/product\/toner-kyocera-tk-1150\/\" \/>\n<meta property=\"og:site_name\" content=\"mersatradedz\" \/>\n<meta property=\"article:publisher\" content=\"https:\/\/www.facebook.com\/ntbidz\" \/>\n<meta property=\"article:modified_time\" content=\"2025-05-24T08:08:58+00:00\" \/>\n<meta property=\"og:image\" content=\"https:\/\/mersatradedz.com\/wp-content\/uploads\/2023\/07\/1455.jpg\" \/>\n\t<meta property=\"og:image:width\" content=\"780\" \/>\n\t<meta property=\"og:image:height\" content=\"780\" \/>\n\t<meta property=\"og:image:type\" content=\"image\/jpeg\" \/>\n<meta name=\"twitter:card\" content=\"summary_large_image\" \/>\n<meta name=\"twitter:label1\" content=\"\u0648\u0642\u062a \u0627\u0644\u0642\u0631\u0627\u0621\u0629 \u0627\u0644\u0645\u064f\u0642\u062f\u0651\u0631\" \/>\n\t<meta name=\"twitter:data1\" content=\"\u062f\u0642\u064a\u0642\u0629 \u0648\u0627\u062d\u062f\u0629\" \/>\n<script type=\"application\/ld+json\" class=\"yoast-schema-graph\">{\"@context\":\"https:\\\/\\\/schema.org\",\"@graph\":[{\"@type\":\"WebPage\",\"@id\":\"https:\\\/\\\/mersatradedz.com\\\/product\\\/toner-kyocera-tk-1150\\\/\",\"url\":\"https:\\\/\\\/mersatradedz.com\\\/product\\\/toner-kyocera-tk-1150\\\/\",\"name\":\"Toner Kyocera TK 1150 - mersatradedz\",\"isPartOf\":{\"@id\":\"https:\\\/\\\/mersatradedz.com\\\/#website\"},\"primaryImageOfPage\":{\"@id\":\"https:\\\/\\\/mersatradedz.com\\\/product\\\/toner-kyocera-tk-1150\\\/#primaryimage\"},\"image\":{\"@id\":\"https:\\\/\\\/mersatradedz.com\\\/product\\\/toner-kyocera-tk-1150\\\/#primaryimage\"},\"thumbnailUrl\":\"https:\\\/\\\/mersatradedz.com\\\/wp-content\\\/uploads\\\/2023\\\/07\\\/1455.jpg\",\"datePublished\":\"2023-05-19T20:14:28+00:00\",\"dateModified\":\"2025-05-24T08:08:58+00:00\",\"breadcrumb\":{\"@id\":\"https:\\\/\\\/mersatradedz.com\\\/product\\\/toner-kyocera-tk-1150\\\/#breadcrumb\"},\"inLanguage\":\"ar\",\"potentialAction\":[{\"@type\":\"ReadAction\",\"target\":[\"https:\\\/\\\/mersatradedz.com\\\/product\\\/toner-kyocera-tk-1150\\\/\"]}]},{\"@type\":\"ImageObject\",\"inLanguage\":\"ar\",\"@id\":\"https:\\\/\\\/mersatradedz.com\\\/product\\\/toner-kyocera-tk-1150\\\/#primaryimage\",\"url\":\"https:\\\/\\\/mersatradedz.com\\\/wp-content\\\/uploads\\\/2023\\\/07\\\/1455.jpg\",\"contentUrl\":\"https:\\\/\\\/mersatradedz.com\\\/wp-content\\\/uploads\\\/2023\\\/07\\\/1455.jpg\",\"width\":780,\"height\":780},{\"@type\":\"BreadcrumbList\",\"@id\":\"https:\\\/\\\/mersatradedz.com\\\/product\\\/toner-kyocera-tk-1150\\\/#breadcrumb\",\"itemListElement\":[{\"@type\":\"ListItem\",\"position\":1,\"name\":\"Home\",\"item\":\"https:\\\/\\\/mersatradedz.com\\\/ar\\\/\"},{\"@type\":\"ListItem\",\"position\":2,\"name\":\"Boutique\",\"item\":\"https:\\\/\\\/mersatradedz.com\\\/shop\\\/\"},{\"@type\":\"ListItem\",\"position\":3,\"name\":\"Toner Kyocera TK 1150\"}]},{\"@type\":\"WebSite\",\"@id\":\"https:\\\/\\\/mersatradedz.com\\\/#website\",\"url\":\"https:\\\/\\\/mersatradedz.com\\\/\",\"name\":\"mersatradedz\",\"description\":\"\",\"publisher\":{\"@id\":\"https:\\\/\\\/mersatradedz.com\\\/#organization\"},\"potentialAction\":[{\"@type\":\"SearchAction\",\"target\":{\"@type\":\"EntryPoint\",\"urlTemplate\":\"https:\\\/\\\/mersatradedz.com\\\/?s={search_term_string}\"},\"query-input\":{\"@type\":\"PropertyValueSpecification\",\"valueRequired\":true,\"valueName\":\"search_term_string\"}}],\"inLanguage\":\"ar\"},{\"@type\":\"Organization\",\"@id\":\"https:\\\/\\\/mersatradedz.com\\\/#organization\",\"name\":\"mersa trade\",\"url\":\"https:\\\/\\\/mersatradedz.com\\\/\",\"logo\":{\"@type\":\"ImageObject\",\"inLanguage\":\"ar\",\"@id\":\"https:\\\/\\\/mersatradedz.com\\\/#\\\/schema\\\/logo\\\/image\\\/\",\"url\":\"https:\\\/\\\/mersatradedz.com\\\/wp-content\\\/uploads\\\/2023\\\/07\\\/cropped-1684191296456.jpg\",\"contentUrl\":\"https:\\\/\\\/mersatradedz.com\\\/wp-content\\\/uploads\\\/2023\\\/07\\\/cropped-1684191296456.jpg\",\"width\":1451,\"height\":955,\"caption\":\"mersa trade\"},\"image\":{\"@id\":\"https:\\\/\\\/mersatradedz.com\\\/#\\\/schema\\\/logo\\\/image\\\/\"},\"sameAs\":[\"https:\\\/\\\/www.facebook.com\\\/ntbidz\"]}]}<\/script>\n<!-- \/ Yoast SEO plugin. -->","yoast_head_json":{"title":"Toner Kyocera TK 1150 - mersatradedz","robots":{"index":"index","follow":"follow","max-snippet":"max-snippet:-1","max-image-preview":"max-image-preview:large","max-video-preview":"max-video-preview:-1"},"canonical":"https:\/\/mersatradedz.com\/ar\/product\/toner-kyocera-tk-1150\/","og_locale":"ar_AR","og_type":"article","og_title":"Toner Kyocera TK 1150 - mersatradedz","og_description":"Le toner Kyocera TK-1150 offre une impression laser noire pr\u00e9cise et professionnelle. Compatible avec les mod\u00e8les M2135dn, M2635dn et M2735dn, il garantit un rendement jusqu\u2019\u00e0 3 000 pages, id\u00e9al pour les bureaux et les professionnels exigeants.","og_url":"https:\/\/mersatradedz.com\/ar\/product\/toner-kyocera-tk-1150\/","og_site_name":"mersatradedz","article_publisher":"https:\/\/www.facebook.com\/ntbidz","article_modified_time":"2025-05-24T08:08:58+00:00","og_image":[{"width":780,"height":780,"url":"https:\/\/mersatradedz.com\/wp-content\/uploads\/2023\/07\/1455.jpg","type":"image\/jpeg"}],"twitter_card":"summary_large_image","twitter_misc":{"\u0648\u0642\u062a \u0627\u0644\u0642\u0631\u0627\u0621\u0629 \u0627\u0644\u0645\u064f\u0642\u062f\u0651\u0631":"\u062f\u0642\u064a\u0642\u0629 \u0648\u0627\u062d\u062f\u0629"},"schema":{"@context":"https:\/\/schema.org","@graph":[{"@type":"WebPage","@id":"https:\/\/mersatradedz.com\/product\/toner-kyocera-tk-1150\/","url":"https:\/\/mersatradedz.com\/product\/toner-kyocera-tk-1150\/","name":"Toner Kyocera TK 1150 - mersatradedz","isPartOf":{"@id":"https:\/\/mersatradedz.com\/#website"},"primaryImageOfPage":{"@id":"https:\/\/mersatradedz.com\/product\/toner-kyocera-tk-1150\/#primaryimage"},"image":{"@id":"https:\/\/mersatradedz.com\/product\/toner-kyocera-tk-1150\/#primaryimage"},"thumbnailUrl":"https:\/\/mersatradedz.com\/wp-content\/uploads\/2023\/07\/1455.jpg","datePublished":"2023-05-19T20:14:28+00:00","dateModified":"2025-05-24T08:08:58+00:00","breadcrumb":{"@id":"https:\/\/mersatradedz.com\/product\/toner-kyocera-tk-1150\/#breadcrumb"},"inLanguage":"ar","potentialAction":[{"@type":"ReadAction","target":["https:\/\/mersatradedz.com\/product\/toner-kyocera-tk-1150\/"]}]},{"@type":"ImageObject","inLanguage":"ar","@id":"https:\/\/mersatradedz.com\/product\/toner-kyocera-tk-1150\/#primaryimage","url":"https:\/\/mersatradedz.com\/wp-content\/uploads\/2023\/07\/1455.jpg","contentUrl":"https:\/\/mersatradedz.com\/wp-content\/uploads\/2023\/07\/1455.jpg","width":780,"height":780},{"@type":"BreadcrumbList","@id":"https:\/\/mersatradedz.com\/product\/toner-kyocera-tk-1150\/#breadcrumb","itemListElement":[{"@type":"ListItem","position":1,"name":"Home","item":"https:\/\/mersatradedz.com\/ar\/"},{"@type":"ListItem","position":2,"name":"Boutique","item":"https:\/\/mersatradedz.com\/shop\/"},{"@type":"ListItem","position":3,"name":"Toner Kyocera TK 1150"}]},{"@type":"WebSite","@id":"https:\/\/mersatradedz.com\/#website","url":"https:\/\/mersatradedz.com\/","name":"mersatradedz","description":"","publisher":{"@id":"https:\/\/mersatradedz.com\/#organization"},"potentialAction":[{"@type":"SearchAction","target":{"@type":"EntryPoint","urlTemplate":"https:\/\/mersatradedz.com\/?s={search_term_string}"},"query-input":{"@type":"PropertyValueSpecification","valueRequired":true,"valueName":"search_term_string"}}],"inLanguage":"ar"},{"@type":"Organization","@id":"https:\/\/mersatradedz.com\/#organization","name":"mersa trade","url":"https:\/\/mersatradedz.com\/","logo":{"@type":"ImageObject","inLanguage":"ar","@id":"https:\/\/mersatradedz.com\/#\/schema\/logo\/image\/","url":"https:\/\/mersatradedz.com\/wp-content\/uploads\/2023\/07\/cropped-1684191296456.jpg","contentUrl":"https:\/\/mersatradedz.com\/wp-content\/uploads\/2023\/07\/cropped-1684191296456.jpg","width":1451,"height":955,"caption":"mersa trade"},"image":{"@id":"https:\/\/mersatradedz.com\/#\/schema\/logo\/image\/"},"sameAs":["https:\/\/www.facebook.com\/ntbidz"]}]}},"jetpack_sharing_enabled":true,"_links":{"self":[{"href":"https:\/\/mersatradedz.com\/ar\/wp-json\/wp\/v2\/product\/670","targetHints":{"allow":["GET"]}}],"collection":[{"href":"https:\/\/mersatradedz.com\/ar\/wp-json\/wp\/v2\/product"}],"about":[{"href":"https:\/\/mersatradedz.com\/ar\/wp-json\/wp\/v2\/types\/product"}],"replies":[{"embeddable":true,"href":"https:\/\/mersatradedz.com\/ar\/wp-json\/wp\/v2\/comments?post=670"}],"wp:featuredmedia":[{"embeddable":true,"href":"https:\/\/mersatradedz.com\/ar\/wp-json\/wp\/v2\/media\/1088"}],"wp:attachment":[{"href":"https:\/\/mersatradedz.com\/ar\/wp-json\/wp\/v2\/media?parent=670"}],"wp:term":[{"taxonomy":"product_brand","embeddable":true,"href":"https:\/\/mersatradedz.com\/ar\/wp-json\/wp\/v2\/product_brand?post=670"},{"taxonomy":"product_cat","embeddable":true,"href":"https:\/\/mersatradedz.com\/ar\/wp-json\/wp\/v2\/product_cat?post=670"},{"taxonomy":"product_tag","embeddable":true,"href":"https:\/\/mersatradedz.com\/ar\/wp-json\/wp\/v2\/product_tag?post=670"}],"curies":[{"name":"wp","href":"https:\/\/api.w.org\/{rel}","templated":true}]}}