{"id":677,"date":"2023-05-19T20:19:14","date_gmt":"2023-05-19T20:19:14","guid":{"rendered":"https:\/\/mersatradedz.com\/?post_type=product&#038;p=677"},"modified":"2025-05-24T08:51:25","modified_gmt":"2025-05-24T07:51:25","slug":"toner-kyocera-tk-130","status":"publish","type":"product","link":"https:\/\/mersatradedz.com\/ar\/product\/toner-kyocera-tk-130\/","title":{"rendered":"Toner Kyocera TK 130"},"content":{"rendered":"<h3 data-start=\"703\" data-end=\"874\"><strong data-start=\"703\" data-end=\"724\">Impression fiable<\/strong><\/h3>\n<p data-start=\"703\" data-end=\"874\">Le toner TK-130 fournit des documents nets, avec un noir intense et uniforme. Id\u00e9al pour les dossiers, rapports et communications professionnelles.<\/p>\n<h3 data-start=\"876\" data-end=\"936\"><strong data-start=\"876\" data-end=\"901\">Compatibilit\u00e9 assur\u00e9e<\/strong><\/h3>\n<p data-start=\"876\" data-end=\"936\">Fonctionne parfaitement avec :<\/p>\n<ul data-start=\"937\" data-end=\"1053\">\n<li data-start=\"937\" data-end=\"957\">\n<p data-start=\"939\" data-end=\"957\">Kyocera FS-1300D<\/p>\n<\/li>\n<li data-start=\"958\" data-end=\"980\">\n<p data-start=\"960\" data-end=\"980\">Kyocera FS-1028MFP<\/p>\n<\/li>\n<li data-start=\"981\" data-end=\"1053\">\n<p data-start=\"983\" data-end=\"1053\">Kyocera FS-1128MFP<br data-start=\"1001\" data-end=\"1004\" \/>Installation facile, sans configuration manuelle.<\/p>\n<\/li>\n<\/ul>\n<h3 data-start=\"1055\" data-end=\"1198\"><strong data-start=\"1055\" data-end=\"1082\">Rendement professionnel<\/strong><\/h3>\n<p data-start=\"1055\" data-end=\"1198\">Jusqu\u2019\u00e0 <strong data-start=\"1093\" data-end=\"1108\">7 200 pages<\/strong> \u00e0 5 % de couverture. Convient aux entreprises, administrations et utilisateurs exigeants.<\/p>\n<h3 data-start=\"1200\" data-end=\"1320\"><strong data-start=\"1200\" data-end=\"1224\">Utilisation pratique<\/strong><\/h3>\n<p data-start=\"1200\" data-end=\"1320\">Cartouche r\u00e9sistante, propre et simple \u00e0 remplacer. Aucun risque de fuites ni d\u2019interruption.<\/p>\n<h3 data-start=\"1322\" data-end=\"1355\"><strong data-start=\"1322\" data-end=\"1353\">Caract\u00e9ristiques techniques<\/strong><\/h3>\n<ul data-start=\"1356\" data-end=\"1488\">\n<li data-start=\"1356\" data-end=\"1378\">\n<p data-start=\"1358\" data-end=\"1378\">R\u00e9f\u00e9rence : TK-130<\/p>\n<\/li>\n<li data-start=\"1379\" data-end=\"1397\">\n<p data-start=\"1381\" data-end=\"1397\">Couleur : Noir<\/p>\n<\/li>\n<li data-start=\"1398\" data-end=\"1421\">\n<p data-start=\"1400\" data-end=\"1421\">Technologie : Laser<\/p>\n<\/li>\n<li data-start=\"1422\" data-end=\"1448\">\n<p data-start=\"1424\" data-end=\"1448\">Capacit\u00e9 : 7 200 pages<\/p>\n<\/li>\n<li data-start=\"1449\" data-end=\"1488\">\n<p data-start=\"1451\" data-end=\"1488\">Compatibilit\u00e9 : FS-1300 \/ 1028 \/ 1128<\/p>\n<\/li>\n<\/ul>\n<h3 data-start=\"1490\" data-end=\"1628\"><strong data-start=\"1490\" data-end=\"1513\">Performance Kyocera<\/strong><\/h3>\n<p data-start=\"1490\" data-end=\"1628\">Un consommable d\u2019origine con\u00e7u pour assurer des performances durables et pr\u00e9server la long\u00e9vit\u00e9 de l\u2019imprimante.<\/p>","protected":false},"excerpt":{"rendered":"<p>Le toner Kyocera TK-130 noir garantit une impression professionnelle et r\u00e9guli\u00e8re. Con\u00e7u pour les mod\u00e8les FS-1300, FS-1028 et FS-1128, il offre un rendement jusqu\u2019\u00e0 <strong data-start=\"548\" data-end=\"563\">7 200 pages<\/strong>, parfaitement adapt\u00e9 aux environnements de bureau \u00e0 volume \u00e9lev\u00e9.<\/p>","protected":false},"featured_media":1071,"comment_status":"open","ping_status":"closed","template":"","meta":{"_monsterinsights_skip_tracking":false,"_monsterinsights_sitenote_active":false,"_monsterinsights_sitenote_note":"","_monsterinsights_sitenote_category":0},"product_brand":[830],"product_cat":[224],"product_tag":[288,287,876,849,1296,1297,267,1294,1295,1293,274,254],"class_list":{"0":"post-677","1":"product","2":"type-product","3":"status-publish","4":"has-post-thumbnail","6":"product_brand-kyocera","7":"product_cat-consemable","8":"product_tag-288","9":"product_tag-287","10":"product_tag-compatible","11":"product_tag-consomable","12":"product_tag-fs","13":"product_tag-imprimente","14":"product_tag-kyocera","15":"product_tag-kyocera-fs-1028mfp","16":"product_tag-kyocera-fs-1128mfp","17":"product_tag-kyocera-fs-1300d","18":"product_tag-tk","19":"product_tag-toner","21":"first","22":"instock","23":"purchasable","24":"product-type-simple"},"yoast_head":"<!-- This site is optimized with the Yoast SEO plugin v27.4 - https:\/\/yoast.com\/product\/yoast-seo-wordpress\/ -->\n<title>Toner Kyocera TK 130 - mersatradedz<\/title>\n<meta name=\"robots\" content=\"index, follow, max-snippet:-1, max-image-preview:large, max-video-preview:-1\" \/>\n<link rel=\"canonical\" href=\"https:\/\/mersatradedz.com\/ar\/product\/toner-kyocera-tk-130\/\" \/>\n<meta property=\"og:locale\" content=\"ar_AR\" \/>\n<meta property=\"og:type\" content=\"article\" \/>\n<meta property=\"og:title\" content=\"Toner Kyocera TK 130 - mersatradedz\" \/>\n<meta property=\"og:description\" content=\"Le toner Kyocera TK-130 noir garantit une impression professionnelle et r\u00e9guli\u00e8re. Con\u00e7u pour les mod\u00e8les FS-1300, FS-1028 et FS-1128, il offre un rendement jusqu\u2019\u00e0 7 200 pages, parfaitement adapt\u00e9 aux environnements de bureau \u00e0 volume \u00e9lev\u00e9.\" \/>\n<meta property=\"og:url\" content=\"https:\/\/mersatradedz.com\/ar\/product\/toner-kyocera-tk-130\/\" \/>\n<meta property=\"og:site_name\" content=\"mersatradedz\" \/>\n<meta property=\"article:publisher\" content=\"https:\/\/www.facebook.com\/ntbidz\" \/>\n<meta property=\"article:modified_time\" content=\"2025-05-24T07:51:25+00:00\" \/>\n<meta property=\"og:image\" content=\"https:\/\/mersatradedz.com\/wp-content\/uploads\/2023\/07\/0502.jpg\" \/>\n\t<meta property=\"og:image:width\" content=\"400\" \/>\n\t<meta property=\"og:image:height\" content=\"400\" \/>\n\t<meta property=\"og:image:type\" content=\"image\/jpeg\" \/>\n<meta name=\"twitter:card\" content=\"summary_large_image\" \/>\n<meta name=\"twitter:label1\" content=\"\u0648\u0642\u062a \u0627\u0644\u0642\u0631\u0627\u0621\u0629 \u0627\u0644\u0645\u064f\u0642\u062f\u0651\u0631\" \/>\n\t<meta name=\"twitter:data1\" content=\"\u062f\u0642\u064a\u0642\u0629 \u0648\u0627\u062d\u062f\u0629\" \/>\n<script type=\"application\/ld+json\" class=\"yoast-schema-graph\">{\"@context\":\"https:\\\/\\\/schema.org\",\"@graph\":[{\"@type\":\"WebPage\",\"@id\":\"https:\\\/\\\/mersatradedz.com\\\/product\\\/toner-kyocera-tk-130\\\/\",\"url\":\"https:\\\/\\\/mersatradedz.com\\\/product\\\/toner-kyocera-tk-130\\\/\",\"name\":\"Toner Kyocera TK 130 - mersatradedz\",\"isPartOf\":{\"@id\":\"https:\\\/\\\/mersatradedz.com\\\/#website\"},\"primaryImageOfPage\":{\"@id\":\"https:\\\/\\\/mersatradedz.com\\\/product\\\/toner-kyocera-tk-130\\\/#primaryimage\"},\"image\":{\"@id\":\"https:\\\/\\\/mersatradedz.com\\\/product\\\/toner-kyocera-tk-130\\\/#primaryimage\"},\"thumbnailUrl\":\"https:\\\/\\\/mersatradedz.com\\\/wp-content\\\/uploads\\\/2023\\\/07\\\/0502.jpg\",\"datePublished\":\"2023-05-19T20:19:14+00:00\",\"dateModified\":\"2025-05-24T07:51:25+00:00\",\"breadcrumb\":{\"@id\":\"https:\\\/\\\/mersatradedz.com\\\/product\\\/toner-kyocera-tk-130\\\/#breadcrumb\"},\"inLanguage\":\"ar\",\"potentialAction\":[{\"@type\":\"ReadAction\",\"target\":[\"https:\\\/\\\/mersatradedz.com\\\/product\\\/toner-kyocera-tk-130\\\/\"]}]},{\"@type\":\"ImageObject\",\"inLanguage\":\"ar\",\"@id\":\"https:\\\/\\\/mersatradedz.com\\\/product\\\/toner-kyocera-tk-130\\\/#primaryimage\",\"url\":\"https:\\\/\\\/mersatradedz.com\\\/wp-content\\\/uploads\\\/2023\\\/07\\\/0502.jpg\",\"contentUrl\":\"https:\\\/\\\/mersatradedz.com\\\/wp-content\\\/uploads\\\/2023\\\/07\\\/0502.jpg\",\"width\":400,\"height\":400},{\"@type\":\"BreadcrumbList\",\"@id\":\"https:\\\/\\\/mersatradedz.com\\\/product\\\/toner-kyocera-tk-130\\\/#breadcrumb\",\"itemListElement\":[{\"@type\":\"ListItem\",\"position\":1,\"name\":\"Home\",\"item\":\"https:\\\/\\\/mersatradedz.com\\\/ar\\\/\"},{\"@type\":\"ListItem\",\"position\":2,\"name\":\"Boutique\",\"item\":\"https:\\\/\\\/mersatradedz.com\\\/shop\\\/\"},{\"@type\":\"ListItem\",\"position\":3,\"name\":\"Toner Kyocera TK 130\"}]},{\"@type\":\"WebSite\",\"@id\":\"https:\\\/\\\/mersatradedz.com\\\/#website\",\"url\":\"https:\\\/\\\/mersatradedz.com\\\/\",\"name\":\"mersatradedz\",\"description\":\"\",\"publisher\":{\"@id\":\"https:\\\/\\\/mersatradedz.com\\\/#organization\"},\"potentialAction\":[{\"@type\":\"SearchAction\",\"target\":{\"@type\":\"EntryPoint\",\"urlTemplate\":\"https:\\\/\\\/mersatradedz.com\\\/?s={search_term_string}\"},\"query-input\":{\"@type\":\"PropertyValueSpecification\",\"valueRequired\":true,\"valueName\":\"search_term_string\"}}],\"inLanguage\":\"ar\"},{\"@type\":\"Organization\",\"@id\":\"https:\\\/\\\/mersatradedz.com\\\/#organization\",\"name\":\"mersa trade\",\"url\":\"https:\\\/\\\/mersatradedz.com\\\/\",\"logo\":{\"@type\":\"ImageObject\",\"inLanguage\":\"ar\",\"@id\":\"https:\\\/\\\/mersatradedz.com\\\/#\\\/schema\\\/logo\\\/image\\\/\",\"url\":\"https:\\\/\\\/mersatradedz.com\\\/wp-content\\\/uploads\\\/2023\\\/07\\\/cropped-1684191296456.jpg\",\"contentUrl\":\"https:\\\/\\\/mersatradedz.com\\\/wp-content\\\/uploads\\\/2023\\\/07\\\/cropped-1684191296456.jpg\",\"width\":1451,\"height\":955,\"caption\":\"mersa trade\"},\"image\":{\"@id\":\"https:\\\/\\\/mersatradedz.com\\\/#\\\/schema\\\/logo\\\/image\\\/\"},\"sameAs\":[\"https:\\\/\\\/www.facebook.com\\\/ntbidz\"]}]}<\/script>\n<!-- \/ Yoast SEO plugin. -->","yoast_head_json":{"title":"Toner Kyocera TK 130 - mersatradedz","robots":{"index":"index","follow":"follow","max-snippet":"max-snippet:-1","max-image-preview":"max-image-preview:large","max-video-preview":"max-video-preview:-1"},"canonical":"https:\/\/mersatradedz.com\/ar\/product\/toner-kyocera-tk-130\/","og_locale":"ar_AR","og_type":"article","og_title":"Toner Kyocera TK 130 - mersatradedz","og_description":"Le toner Kyocera TK-130 noir garantit une impression professionnelle et r\u00e9guli\u00e8re. Con\u00e7u pour les mod\u00e8les FS-1300, FS-1028 et FS-1128, il offre un rendement jusqu\u2019\u00e0 7 200 pages, parfaitement adapt\u00e9 aux environnements de bureau \u00e0 volume \u00e9lev\u00e9.","og_url":"https:\/\/mersatradedz.com\/ar\/product\/toner-kyocera-tk-130\/","og_site_name":"mersatradedz","article_publisher":"https:\/\/www.facebook.com\/ntbidz","article_modified_time":"2025-05-24T07:51:25+00:00","og_image":[{"width":400,"height":400,"url":"https:\/\/mersatradedz.com\/wp-content\/uploads\/2023\/07\/0502.jpg","type":"image\/jpeg"}],"twitter_card":"summary_large_image","twitter_misc":{"\u0648\u0642\u062a \u0627\u0644\u0642\u0631\u0627\u0621\u0629 \u0627\u0644\u0645\u064f\u0642\u062f\u0651\u0631":"\u062f\u0642\u064a\u0642\u0629 \u0648\u0627\u062d\u062f\u0629"},"schema":{"@context":"https:\/\/schema.org","@graph":[{"@type":"WebPage","@id":"https:\/\/mersatradedz.com\/product\/toner-kyocera-tk-130\/","url":"https:\/\/mersatradedz.com\/product\/toner-kyocera-tk-130\/","name":"Toner Kyocera TK 130 - mersatradedz","isPartOf":{"@id":"https:\/\/mersatradedz.com\/#website"},"primaryImageOfPage":{"@id":"https:\/\/mersatradedz.com\/product\/toner-kyocera-tk-130\/#primaryimage"},"image":{"@id":"https:\/\/mersatradedz.com\/product\/toner-kyocera-tk-130\/#primaryimage"},"thumbnailUrl":"https:\/\/mersatradedz.com\/wp-content\/uploads\/2023\/07\/0502.jpg","datePublished":"2023-05-19T20:19:14+00:00","dateModified":"2025-05-24T07:51:25+00:00","breadcrumb":{"@id":"https:\/\/mersatradedz.com\/product\/toner-kyocera-tk-130\/#breadcrumb"},"inLanguage":"ar","potentialAction":[{"@type":"ReadAction","target":["https:\/\/mersatradedz.com\/product\/toner-kyocera-tk-130\/"]}]},{"@type":"ImageObject","inLanguage":"ar","@id":"https:\/\/mersatradedz.com\/product\/toner-kyocera-tk-130\/#primaryimage","url":"https:\/\/mersatradedz.com\/wp-content\/uploads\/2023\/07\/0502.jpg","contentUrl":"https:\/\/mersatradedz.com\/wp-content\/uploads\/2023\/07\/0502.jpg","width":400,"height":400},{"@type":"BreadcrumbList","@id":"https:\/\/mersatradedz.com\/product\/toner-kyocera-tk-130\/#breadcrumb","itemListElement":[{"@type":"ListItem","position":1,"name":"Home","item":"https:\/\/mersatradedz.com\/ar\/"},{"@type":"ListItem","position":2,"name":"Boutique","item":"https:\/\/mersatradedz.com\/shop\/"},{"@type":"ListItem","position":3,"name":"Toner Kyocera TK 130"}]},{"@type":"WebSite","@id":"https:\/\/mersatradedz.com\/#website","url":"https:\/\/mersatradedz.com\/","name":"mersatradedz","description":"","publisher":{"@id":"https:\/\/mersatradedz.com\/#organization"},"potentialAction":[{"@type":"SearchAction","target":{"@type":"EntryPoint","urlTemplate":"https:\/\/mersatradedz.com\/?s={search_term_string}"},"query-input":{"@type":"PropertyValueSpecification","valueRequired":true,"valueName":"search_term_string"}}],"inLanguage":"ar"},{"@type":"Organization","@id":"https:\/\/mersatradedz.com\/#organization","name":"mersa trade","url":"https:\/\/mersatradedz.com\/","logo":{"@type":"ImageObject","inLanguage":"ar","@id":"https:\/\/mersatradedz.com\/#\/schema\/logo\/image\/","url":"https:\/\/mersatradedz.com\/wp-content\/uploads\/2023\/07\/cropped-1684191296456.jpg","contentUrl":"https:\/\/mersatradedz.com\/wp-content\/uploads\/2023\/07\/cropped-1684191296456.jpg","width":1451,"height":955,"caption":"mersa trade"},"image":{"@id":"https:\/\/mersatradedz.com\/#\/schema\/logo\/image\/"},"sameAs":["https:\/\/www.facebook.com\/ntbidz"]}]}},"jetpack_sharing_enabled":true,"_links":{"self":[{"href":"https:\/\/mersatradedz.com\/ar\/wp-json\/wp\/v2\/product\/677","targetHints":{"allow":["GET"]}}],"collection":[{"href":"https:\/\/mersatradedz.com\/ar\/wp-json\/wp\/v2\/product"}],"about":[{"href":"https:\/\/mersatradedz.com\/ar\/wp-json\/wp\/v2\/types\/product"}],"replies":[{"embeddable":true,"href":"https:\/\/mersatradedz.com\/ar\/wp-json\/wp\/v2\/comments?post=677"}],"wp:featuredmedia":[{"embeddable":true,"href":"https:\/\/mersatradedz.com\/ar\/wp-json\/wp\/v2\/media\/1071"}],"wp:attachment":[{"href":"https:\/\/mersatradedz.com\/ar\/wp-json\/wp\/v2\/media?parent=677"}],"wp:term":[{"taxonomy":"product_brand","embeddable":true,"href":"https:\/\/mersatradedz.com\/ar\/wp-json\/wp\/v2\/product_brand?post=677"},{"taxonomy":"product_cat","embeddable":true,"href":"https:\/\/mersatradedz.com\/ar\/wp-json\/wp\/v2\/product_cat?post=677"},{"taxonomy":"product_tag","embeddable":true,"href":"https:\/\/mersatradedz.com\/ar\/wp-json\/wp\/v2\/product_tag?post=677"}],"curies":[{"name":"wp","href":"https:\/\/api.w.org\/{rel}","templated":true}]}}