{"id":740,"date":"2023-05-21T20:18:21","date_gmt":"2023-05-21T20:18:21","guid":{"rendered":"https:\/\/mersatradedz.com\/?post_type=product&#038;p=740"},"modified":"2025-05-21T10:23:04","modified_gmt":"2025-05-21T09:23:04","slug":"pack-toner-canon-055","status":"publish","type":"product","link":"https:\/\/mersatradedz.com\/ar\/product\/pack-toner-canon-055\/","title":{"rendered":"Pack Toner Canon 055"},"content":{"rendered":"<h3 data-start=\"760\" data-end=\"976\"><strong data-start=\"760\" data-end=\"782\">Qualit\u00e9 sup\u00e9rieure<\/strong><\/h3>\n<p class=\"\" data-start=\"760\" data-end=\"976\">Le pack Canon 055 offre une impression nette, avec des noirs profonds et des couleurs \u00e9clatantes. Il est con\u00e7u pour produire des documents professionnels avec une grande fid\u00e9lit\u00e9 des d\u00e9tails.<\/p>\n<h3 data-start=\"978\" data-end=\"1024\"><strong data-start=\"978\" data-end=\"1001\">4 couleurs incluses<\/strong><\/h3>\n<p class=\"\" data-start=\"978\" data-end=\"1024\">Le pack comprend :<\/p>\n<ul data-start=\"1025\" data-end=\"1189\">\n<li class=\"\" data-start=\"1025\" data-end=\"1048\">\n<p class=\"\" data-start=\"1027\" data-end=\"1048\">Toner noir (055 BK)<\/p>\n<\/li>\n<li class=\"\" data-start=\"1049\" data-end=\"1071\">\n<p class=\"\" data-start=\"1051\" data-end=\"1071\">Toner cyan (055 C)<\/p>\n<\/li>\n<li class=\"\" data-start=\"1072\" data-end=\"1097\">\n<p class=\"\" data-start=\"1074\" data-end=\"1097\">Toner magenta (055 M)<\/p>\n<\/li>\n<li class=\"\" data-start=\"1098\" data-end=\"1189\">\n<p class=\"\" data-start=\"1100\" data-end=\"1189\">Toner jaune (055 Y)<br data-start=\"1119\" data-end=\"1122\" \/>Un ensemble complet pour des impressions couleur sans interruption.<\/p>\n<\/li>\n<\/ul>\n<h3 data-start=\"1191\" data-end=\"1393\"><strong data-start=\"1191\" data-end=\"1217\">Compatibilit\u00e9 garantie<\/strong><\/h3>\n<p class=\"\" data-start=\"1191\" data-end=\"1393\">Compatible avec les imprimantes Canon i-SENSYS MF740, MF742Cdw, MF744Cdw, MF746Cx, et LBP660 s\u00e9ries. Il s\u2019installe facilement et assure un fonctionnement fluide sans erreur.<\/p>\n<p data-start=\"1191\" data-end=\"1393\">i-SENSYS LBP660CSeries \/ LBP661C \/ LBP662C \/ LEP663cdw \/ LBP663Cdn \/ LBP664cx.<\/p>\n<p data-start=\"1191\" data-end=\"1393\">Color imageCLASS MF740C Series \/ MF741cdw \/ MF742cdw \/ MF743cdw \/ MF744cdw \/ MF745cdw \/ MF746cx.<\/p>\n<h3 data-start=\"1395\" data-end=\"1464\"><strong data-start=\"1395\" data-end=\"1412\">Bon rendement<\/strong><\/h3>\n<p class=\"\" data-start=\"1395\" data-end=\"1464\">Chaque cartouche offre un rendement d\u2019environ :<\/p>\n<ul data-start=\"1465\" data-end=\"1585\">\n<li class=\"\" data-start=\"1465\" data-end=\"1493\">\n<p class=\"\" data-start=\"1467\" data-end=\"1493\">2 300 pages pour le noir<\/p>\n<\/li>\n<li class=\"\" data-start=\"1494\" data-end=\"1585\">\n<p class=\"\" data-start=\"1496\" data-end=\"1585\">2 100 pages pour chaque couleur<br data-start=\"1527\" data-end=\"1530\" \/>Parfait pour les environnements \u00e0 volume moyen \u00e0 \u00e9lev\u00e9.<\/p>\n<\/li>\n<\/ul>\n<h3 data-start=\"1587\" data-end=\"1621\"><strong data-start=\"1587\" data-end=\"1619\">Caract\u00e9ristiques principales<\/strong><\/h3>\n<ul data-start=\"1622\" data-end=\"1843\">\n<li class=\"\" data-start=\"1622\" data-end=\"1656\">\n<p class=\"\" data-start=\"1624\" data-end=\"1656\">Mod\u00e8le : Canon 055 (pack de 4)<\/p>\n<\/li>\n<li class=\"\" data-start=\"1657\" data-end=\"1685\">\n<p class=\"\" data-start=\"1659\" data-end=\"1685\">Impression couleur laser<\/p>\n<\/li>\n<li class=\"\" data-start=\"1686\" data-end=\"1734\">\n<p class=\"\" data-start=\"1688\" data-end=\"1734\">Compatibilit\u00e9 : i-SENSYS MF740, LBP660, etc.<\/p>\n<\/li>\n<li class=\"\" data-start=\"1735\" data-end=\"1801\">\n<p class=\"\" data-start=\"1737\" data-end=\"1801\">Rendement : jusqu\u2019\u00e0 2 300 pages (noir), 2 100 pages (couleurs)<\/p>\n<\/li>\n<li class=\"\" data-start=\"1802\" data-end=\"1843\">\n<p class=\"\" data-start=\"1804\" data-end=\"1843\">Installation rapide et sans salissure<\/p>\n<\/li>\n<\/ul>\n<h3 data-start=\"1845\" data-end=\"2055\"><strong data-start=\"1845\" data-end=\"1866\">Solution rentable<\/strong><\/h3>\n<p class=\"\" data-start=\"1845\" data-end=\"2055\">Ce pack permet de r\u00e9aliser des \u00e9conomies tout en assurant une impression professionnelle constante. Id\u00e9al pour les entreprises souhaitant ma\u00eetriser leurs co\u00fbts sans sacrifier la qualit\u00e9.<\/p>","protected":false},"excerpt":{"rendered":"<p>Le pack toner Canon 055 contient les quatre couleurs essentielles pour une impression laser couleur de haute qualit\u00e9 : noir, cyan, magenta et jaune. Con\u00e7u pour les imprimantes Canon i-SENSYS, il offre une excellente pr\u00e9cision des couleurs, un texte net et un rendement fiable. Id\u00e9al pour les entreprises exigeant des r\u00e9sultats professionnels \u00e0 chaque page.<\/p>","protected":false},"featured_media":3344,"comment_status":"open","ping_status":"closed","template":"","meta":{"_monsterinsights_skip_tracking":false,"_monsterinsights_sitenote_active":false,"_monsterinsights_sitenote_note":"","_monsterinsights_sitenote_category":0},"product_brand":[826],"product_cat":[224],"product_tag":[345,346,875,874,873,236,872,876,871,784,852,870,851,855,856,857,859,860,858,869,861,862,863,864,865,866,867,225,347,868,254,877],"class_list":{"0":"post-740","1":"product","2":"type-product","3":"status-publish","4":"has-post-thumbnail","6":"product_brand-canon","7":"product_cat-consemable","8":"product_tag-345","9":"product_tag-346","10":"product_tag-alger","11":"product_tag-algeria","12":"product_tag-algerie","13":"product_tag-canon","14":"product_tag-color","15":"product_tag-compatible","16":"product_tag-couleur","17":"product_tag-imprimante","18":"product_tag-laser","19":"product_tag-lazer","20":"product_tag-lbp","21":"product_tag-lbp660c","22":"product_tag-lbp661c","23":"product_tag-lbp662c","24":"product_tag-lbp663cdn","25":"product_tag-lbp664cx","26":"product_tag-lep663cdw","27":"product_tag-mf","28":"product_tag-mf740c","29":"product_tag-mf741cdw","30":"product_tag-mf742cdw","31":"product_tag-mf743cdw","32":"product_tag-mf744cdw","33":"product_tag-mf745cdw","34":"product_tag-mf746cx","35":"product_tag-pack","36":"product_tag-pack-toner-canon-055","37":"product_tag-sensys","38":"product_tag-toner","39":"product_tag-toner-algerie","41":"first","42":"instock","43":"purchasable","44":"product-type-simple"},"yoast_head":"<!-- This site is optimized with the Yoast SEO plugin v27.4 - https:\/\/yoast.com\/product\/yoast-seo-wordpress\/ -->\n<title>Pack Toner Canon 055 - mersatradedz<\/title>\n<meta name=\"robots\" content=\"index, follow, max-snippet:-1, max-image-preview:large, max-video-preview:-1\" \/>\n<link rel=\"canonical\" href=\"https:\/\/mersatradedz.com\/ar\/product\/pack-toner-canon-055\/\" \/>\n<meta property=\"og:locale\" content=\"ar_AR\" \/>\n<meta property=\"og:type\" content=\"article\" \/>\n<meta property=\"og:title\" content=\"Pack Toner Canon 055 - mersatradedz\" \/>\n<meta property=\"og:description\" content=\"Le pack toner Canon 055 contient les quatre couleurs essentielles pour une impression laser couleur de haute qualit\u00e9 : noir, cyan, magenta et jaune. Con\u00e7u pour les imprimantes Canon i-SENSYS, il offre une excellente pr\u00e9cision des couleurs, un texte net et un rendement fiable. Id\u00e9al pour les entreprises exigeant des r\u00e9sultats professionnels \u00e0 chaque page.\" \/>\n<meta property=\"og:url\" content=\"https:\/\/mersatradedz.com\/ar\/product\/pack-toner-canon-055\/\" \/>\n<meta property=\"og:site_name\" content=\"mersatradedz\" \/>\n<meta property=\"article:publisher\" content=\"https:\/\/www.facebook.com\/ntbidz\" \/>\n<meta property=\"article:modified_time\" content=\"2025-05-21T09:23:04+00:00\" \/>\n<meta property=\"og:image\" content=\"https:\/\/mersatradedz.com\/wp-content\/uploads\/2023\/05\/products-Toner-Compatible-055.jpg\" \/>\n\t<meta property=\"og:image:width\" content=\"750\" \/>\n\t<meta property=\"og:image:height\" content=\"750\" \/>\n\t<meta property=\"og:image:type\" content=\"image\/jpeg\" \/>\n<meta name=\"twitter:card\" content=\"summary_large_image\" \/>\n<meta name=\"twitter:label1\" content=\"\u0648\u0642\u062a \u0627\u0644\u0642\u0631\u0627\u0621\u0629 \u0627\u0644\u0645\u064f\u0642\u062f\u0651\u0631\" \/>\n\t<meta name=\"twitter:data1\" content=\"\u062f\u0642\u064a\u0642\u0629 \u0648\u0627\u062d\u062f\u0629\" \/>\n<script type=\"application\/ld+json\" class=\"yoast-schema-graph\">{\"@context\":\"https:\\\/\\\/schema.org\",\"@graph\":[{\"@type\":\"WebPage\",\"@id\":\"https:\\\/\\\/mersatradedz.com\\\/product\\\/pack-toner-canon-055\\\/\",\"url\":\"https:\\\/\\\/mersatradedz.com\\\/product\\\/pack-toner-canon-055\\\/\",\"name\":\"Pack Toner Canon 055 - mersatradedz\",\"isPartOf\":{\"@id\":\"https:\\\/\\\/mersatradedz.com\\\/#website\"},\"primaryImageOfPage\":{\"@id\":\"https:\\\/\\\/mersatradedz.com\\\/product\\\/pack-toner-canon-055\\\/#primaryimage\"},\"image\":{\"@id\":\"https:\\\/\\\/mersatradedz.com\\\/product\\\/pack-toner-canon-055\\\/#primaryimage\"},\"thumbnailUrl\":\"https:\\\/\\\/mersatradedz.com\\\/wp-content\\\/uploads\\\/2023\\\/05\\\/products-Toner-Compatible-055.jpg\",\"datePublished\":\"2023-05-21T20:18:21+00:00\",\"dateModified\":\"2025-05-21T09:23:04+00:00\",\"breadcrumb\":{\"@id\":\"https:\\\/\\\/mersatradedz.com\\\/product\\\/pack-toner-canon-055\\\/#breadcrumb\"},\"inLanguage\":\"ar\",\"potentialAction\":[{\"@type\":\"ReadAction\",\"target\":[\"https:\\\/\\\/mersatradedz.com\\\/product\\\/pack-toner-canon-055\\\/\"]}]},{\"@type\":\"ImageObject\",\"inLanguage\":\"ar\",\"@id\":\"https:\\\/\\\/mersatradedz.com\\\/product\\\/pack-toner-canon-055\\\/#primaryimage\",\"url\":\"https:\\\/\\\/mersatradedz.com\\\/wp-content\\\/uploads\\\/2023\\\/05\\\/products-Toner-Compatible-055.jpg\",\"contentUrl\":\"https:\\\/\\\/mersatradedz.com\\\/wp-content\\\/uploads\\\/2023\\\/05\\\/products-Toner-Compatible-055.jpg\",\"width\":750,\"height\":750},{\"@type\":\"BreadcrumbList\",\"@id\":\"https:\\\/\\\/mersatradedz.com\\\/product\\\/pack-toner-canon-055\\\/#breadcrumb\",\"itemListElement\":[{\"@type\":\"ListItem\",\"position\":1,\"name\":\"Home\",\"item\":\"https:\\\/\\\/mersatradedz.com\\\/ar\\\/\"},{\"@type\":\"ListItem\",\"position\":2,\"name\":\"Boutique\",\"item\":\"https:\\\/\\\/mersatradedz.com\\\/shop\\\/\"},{\"@type\":\"ListItem\",\"position\":3,\"name\":\"Pack Toner Canon 055\"}]},{\"@type\":\"WebSite\",\"@id\":\"https:\\\/\\\/mersatradedz.com\\\/#website\",\"url\":\"https:\\\/\\\/mersatradedz.com\\\/\",\"name\":\"mersatradedz\",\"description\":\"\",\"publisher\":{\"@id\":\"https:\\\/\\\/mersatradedz.com\\\/#organization\"},\"potentialAction\":[{\"@type\":\"SearchAction\",\"target\":{\"@type\":\"EntryPoint\",\"urlTemplate\":\"https:\\\/\\\/mersatradedz.com\\\/?s={search_term_string}\"},\"query-input\":{\"@type\":\"PropertyValueSpecification\",\"valueRequired\":true,\"valueName\":\"search_term_string\"}}],\"inLanguage\":\"ar\"},{\"@type\":\"Organization\",\"@id\":\"https:\\\/\\\/mersatradedz.com\\\/#organization\",\"name\":\"mersa trade\",\"url\":\"https:\\\/\\\/mersatradedz.com\\\/\",\"logo\":{\"@type\":\"ImageObject\",\"inLanguage\":\"ar\",\"@id\":\"https:\\\/\\\/mersatradedz.com\\\/#\\\/schema\\\/logo\\\/image\\\/\",\"url\":\"https:\\\/\\\/mersatradedz.com\\\/wp-content\\\/uploads\\\/2023\\\/07\\\/cropped-1684191296456.jpg\",\"contentUrl\":\"https:\\\/\\\/mersatradedz.com\\\/wp-content\\\/uploads\\\/2023\\\/07\\\/cropped-1684191296456.jpg\",\"width\":1451,\"height\":955,\"caption\":\"mersa trade\"},\"image\":{\"@id\":\"https:\\\/\\\/mersatradedz.com\\\/#\\\/schema\\\/logo\\\/image\\\/\"},\"sameAs\":[\"https:\\\/\\\/www.facebook.com\\\/ntbidz\"]}]}<\/script>\n<!-- \/ Yoast SEO plugin. -->","yoast_head_json":{"title":"Pack Toner Canon 055 - mersatradedz","robots":{"index":"index","follow":"follow","max-snippet":"max-snippet:-1","max-image-preview":"max-image-preview:large","max-video-preview":"max-video-preview:-1"},"canonical":"https:\/\/mersatradedz.com\/ar\/product\/pack-toner-canon-055\/","og_locale":"ar_AR","og_type":"article","og_title":"Pack Toner Canon 055 - mersatradedz","og_description":"Le pack toner Canon 055 contient les quatre couleurs essentielles pour une impression laser couleur de haute qualit\u00e9 : noir, cyan, magenta et jaune. Con\u00e7u pour les imprimantes Canon i-SENSYS, il offre une excellente pr\u00e9cision des couleurs, un texte net et un rendement fiable. Id\u00e9al pour les entreprises exigeant des r\u00e9sultats professionnels \u00e0 chaque page.","og_url":"https:\/\/mersatradedz.com\/ar\/product\/pack-toner-canon-055\/","og_site_name":"mersatradedz","article_publisher":"https:\/\/www.facebook.com\/ntbidz","article_modified_time":"2025-05-21T09:23:04+00:00","og_image":[{"width":750,"height":750,"url":"https:\/\/mersatradedz.com\/wp-content\/uploads\/2023\/05\/products-Toner-Compatible-055.jpg","type":"image\/jpeg"}],"twitter_card":"summary_large_image","twitter_misc":{"\u0648\u0642\u062a \u0627\u0644\u0642\u0631\u0627\u0621\u0629 \u0627\u0644\u0645\u064f\u0642\u062f\u0651\u0631":"\u062f\u0642\u064a\u0642\u0629 \u0648\u0627\u062d\u062f\u0629"},"schema":{"@context":"https:\/\/schema.org","@graph":[{"@type":"WebPage","@id":"https:\/\/mersatradedz.com\/product\/pack-toner-canon-055\/","url":"https:\/\/mersatradedz.com\/product\/pack-toner-canon-055\/","name":"Pack Toner Canon 055 - mersatradedz","isPartOf":{"@id":"https:\/\/mersatradedz.com\/#website"},"primaryImageOfPage":{"@id":"https:\/\/mersatradedz.com\/product\/pack-toner-canon-055\/#primaryimage"},"image":{"@id":"https:\/\/mersatradedz.com\/product\/pack-toner-canon-055\/#primaryimage"},"thumbnailUrl":"https:\/\/mersatradedz.com\/wp-content\/uploads\/2023\/05\/products-Toner-Compatible-055.jpg","datePublished":"2023-05-21T20:18:21+00:00","dateModified":"2025-05-21T09:23:04+00:00","breadcrumb":{"@id":"https:\/\/mersatradedz.com\/product\/pack-toner-canon-055\/#breadcrumb"},"inLanguage":"ar","potentialAction":[{"@type":"ReadAction","target":["https:\/\/mersatradedz.com\/product\/pack-toner-canon-055\/"]}]},{"@type":"ImageObject","inLanguage":"ar","@id":"https:\/\/mersatradedz.com\/product\/pack-toner-canon-055\/#primaryimage","url":"https:\/\/mersatradedz.com\/wp-content\/uploads\/2023\/05\/products-Toner-Compatible-055.jpg","contentUrl":"https:\/\/mersatradedz.com\/wp-content\/uploads\/2023\/05\/products-Toner-Compatible-055.jpg","width":750,"height":750},{"@type":"BreadcrumbList","@id":"https:\/\/mersatradedz.com\/product\/pack-toner-canon-055\/#breadcrumb","itemListElement":[{"@type":"ListItem","position":1,"name":"Home","item":"https:\/\/mersatradedz.com\/ar\/"},{"@type":"ListItem","position":2,"name":"Boutique","item":"https:\/\/mersatradedz.com\/shop\/"},{"@type":"ListItem","position":3,"name":"Pack Toner Canon 055"}]},{"@type":"WebSite","@id":"https:\/\/mersatradedz.com\/#website","url":"https:\/\/mersatradedz.com\/","name":"mersatradedz","description":"","publisher":{"@id":"https:\/\/mersatradedz.com\/#organization"},"potentialAction":[{"@type":"SearchAction","target":{"@type":"EntryPoint","urlTemplate":"https:\/\/mersatradedz.com\/?s={search_term_string}"},"query-input":{"@type":"PropertyValueSpecification","valueRequired":true,"valueName":"search_term_string"}}],"inLanguage":"ar"},{"@type":"Organization","@id":"https:\/\/mersatradedz.com\/#organization","name":"mersa trade","url":"https:\/\/mersatradedz.com\/","logo":{"@type":"ImageObject","inLanguage":"ar","@id":"https:\/\/mersatradedz.com\/#\/schema\/logo\/image\/","url":"https:\/\/mersatradedz.com\/wp-content\/uploads\/2023\/07\/cropped-1684191296456.jpg","contentUrl":"https:\/\/mersatradedz.com\/wp-content\/uploads\/2023\/07\/cropped-1684191296456.jpg","width":1451,"height":955,"caption":"mersa trade"},"image":{"@id":"https:\/\/mersatradedz.com\/#\/schema\/logo\/image\/"},"sameAs":["https:\/\/www.facebook.com\/ntbidz"]}]}},"jetpack_sharing_enabled":true,"_links":{"self":[{"href":"https:\/\/mersatradedz.com\/ar\/wp-json\/wp\/v2\/product\/740","targetHints":{"allow":["GET"]}}],"collection":[{"href":"https:\/\/mersatradedz.com\/ar\/wp-json\/wp\/v2\/product"}],"about":[{"href":"https:\/\/mersatradedz.com\/ar\/wp-json\/wp\/v2\/types\/product"}],"replies":[{"embeddable":true,"href":"https:\/\/mersatradedz.com\/ar\/wp-json\/wp\/v2\/comments?post=740"}],"wp:featuredmedia":[{"embeddable":true,"href":"https:\/\/mersatradedz.com\/ar\/wp-json\/wp\/v2\/media\/3344"}],"wp:attachment":[{"href":"https:\/\/mersatradedz.com\/ar\/wp-json\/wp\/v2\/media?parent=740"}],"wp:term":[{"taxonomy":"product_brand","embeddable":true,"href":"https:\/\/mersatradedz.com\/ar\/wp-json\/wp\/v2\/product_brand?post=740"},{"taxonomy":"product_cat","embeddable":true,"href":"https:\/\/mersatradedz.com\/ar\/wp-json\/wp\/v2\/product_cat?post=740"},{"taxonomy":"product_tag","embeddable":true,"href":"https:\/\/mersatradedz.com\/ar\/wp-json\/wp\/v2\/product_tag?post=740"}],"curies":[{"name":"wp","href":"https:\/\/api.w.org\/{rel}","templated":true}]}}