{"id":746,"date":"2023-05-21T20:24:25","date_gmt":"2023-05-21T20:24:25","guid":{"rendered":"https:\/\/mersatradedz.com\/?post_type=product&#038;p=746"},"modified":"2025-05-21T11:19:18","modified_gmt":"2025-05-21T10:19:18","slug":"pack-toner-canon-632-633-045","status":"publish","type":"product","link":"https:\/\/mersatradedz.com\/ar\/product\/pack-toner-canon-632-633-045\/","title":{"rendered":"Pack Toner Canon 400A-045-540A-054-067"},"content":{"rendered":"<h3 data-start=\"794\" data-end=\"1028\"><strong data-start=\"794\" data-end=\"822\">Impression couleur nette<\/strong><\/h3>\n<p class=\"\" data-start=\"794\" data-end=\"1028\">Le pack Canon 045 assure des impressions aux couleurs vives et bien \u00e9quilibr\u00e9es. Les textes noirs sont pr\u00e9cis et les images en couleur sont claires, id\u00e9ales pour les documents professionnels ou cr\u00e9atifs.<\/p>\n<h3 data-start=\"1030\" data-end=\"1091\"><strong data-start=\"1030\" data-end=\"1057\">Pack complet 4 couleurs<\/strong><\/h3>\n<p class=\"\" data-start=\"1030\" data-end=\"1091\">Il inclut les quatre toners :<\/p>\n<ul data-start=\"1092\" data-end=\"1246\">\n<li class=\"\" data-start=\"1092\" data-end=\"1109\">\n<p class=\"\" data-start=\"1094\" data-end=\"1109\">Noir (045 BK)<\/p>\n<\/li>\n<li class=\"\" data-start=\"1110\" data-end=\"1126\">\n<p class=\"\" data-start=\"1112\" data-end=\"1126\">Cyan (045 C)<\/p>\n<\/li>\n<li class=\"\" data-start=\"1127\" data-end=\"1146\">\n<p class=\"\" data-start=\"1129\" data-end=\"1146\">Magenta (045 M)<\/p>\n<\/li>\n<li class=\"\" data-start=\"1147\" data-end=\"1246\">\n<p class=\"\" data-start=\"1149\" data-end=\"1246\">Jaune (045 Y)<br data-start=\"1162\" data-end=\"1165\" \/>Parfait pour maintenir la qualit\u00e9 sans avoir \u00e0 acheter les cartouches s\u00e9par\u00e9ment.<\/p>\n<\/li>\n<\/ul>\n<h3 data-start=\"1248\" data-end=\"1447\"><strong data-start=\"1248\" data-end=\"1274\">Compatibilit\u00e9 parfaite<\/strong><\/h3>\n<p class=\"\" data-start=\"1248\" data-end=\"1447\">Con\u00e7u pour fonctionner avec les imprimantes Canon i-SENSYS LBP611, LBP613, MF631, MF633, MF635, le pack s\u2019installe facilement et est reconnu imm\u00e9diatement par l\u2019appareil.<\/p>\n<p>HP Color LaserJet Pro M252dn \/ 252n \/ M254 \/ M254dw \/ 254nw \/ MFP M277dw \/ 277n \/ M274n \/ M281cdw \/ 281fdn \/ 281fdw \/ 280 \/ 280nw<\/p>\n<p>Canon Color imageCLASS MF642Cdw \/ LBP612Cdw \/ LBP612c \/ LBP613Cdw \/ LBP611cn \/ LBP611c \/ MF634Cdw \/ 632Cdw \/ 631cn \/ 633Cdw \/ 635Cx \/ 634Cdw \/ 632Cdw \/ 657cdw<\/p>\n<h3 data-start=\"1449\" data-end=\"1669\"><strong data-start=\"1449\" data-end=\"1472\">Rendement \u00e9quilibr\u00e9<\/strong><\/h3>\n<p class=\"\" data-start=\"1449\" data-end=\"1669\">Chaque toner a une capacit\u00e9 d\u2019environ 1 400 pages (noir) et 1 400 pages (chaque couleur), ce qui en fait une solution adapt\u00e9e aux besoins d\u2019impression r\u00e9guliers, en entreprise ou en t\u00e9l\u00e9travail.<\/p>\n<h3 data-start=\"1671\" data-end=\"1705\"><strong data-start=\"1671\" data-end=\"1703\">Caract\u00e9ristiques principales<\/strong><\/h3>\n<ul data-start=\"1706\" data-end=\"1934\">\n<li class=\"\" data-start=\"1706\" data-end=\"1755\">\n<p class=\"\" data-start=\"1708\" data-end=\"1755\">Pack de 4 toners : Noir, Cyan, Magenta, Jaune<\/p>\n<\/li>\n<li class=\"\" data-start=\"1756\" data-end=\"1794\">\n<p class=\"\" data-start=\"1758\" data-end=\"1794\">Impression couleur professionnelle<\/p>\n<\/li>\n<li class=\"\" data-start=\"1795\" data-end=\"1850\">\n<p class=\"\" data-start=\"1797\" data-end=\"1850\">Compatibilit\u00e9 : i-SENSYS MF631, MF633, LBP611, etc.<\/p>\n<\/li>\n<li class=\"\" data-start=\"1851\" data-end=\"1900\">\n<p class=\"\" data-start=\"1853\" data-end=\"1900\">Rendement : jusqu\u2019\u00e0 1 400 pages par cartouche<\/p>\n<\/li>\n<li class=\"\" data-start=\"1901\" data-end=\"1934\">\n<p class=\"\" data-start=\"1903\" data-end=\"1934\">Installation rapide et propre<\/p>\n<\/li>\n<\/ul>\n<h3 data-start=\"1936\" data-end=\"2128\"><strong data-start=\"1936\" data-end=\"1956\">Choix \u00e9conomique<\/strong><\/h3>\n<p class=\"\" data-start=\"1936\" data-end=\"2128\">Opter pour le pack Canon 045 permet d\u2019optimiser le co\u00fbt par page tout en conservant une qualit\u00e9 d\u2019impression \u00e9lev\u00e9e. Un achat intelligent pour des performances durables.<\/p>","protected":false},"excerpt":{"rendered":"<p>Le pack toner Canon 045 comprend les quatre couleurs essentielles : noir, cyan, magenta et jaune. Con\u00e7u pour les imprimantes Canon couleur, il garantit des impressions nettes, \u00e9clatantes et homog\u00e8nes. Id\u00e9al pour les bureaux et les professionnels de l\u2019image, ce pack offre une performance constante, une installation simple et un excellent rendement pour chaque cartouche.<\/p>","protected":false},"featured_media":2531,"comment_status":"open","ping_status":"closed","template":"","meta":{"_monsterinsights_skip_tracking":false,"_monsterinsights_sitenote_active":false,"_monsterinsights_sitenote_note":"","_monsterinsights_sitenote_category":0},"product_brand":[826,848],"product_cat":[224],"product_tag":[850,880,881,878,879,354,236,849,34,852,853,851,854,225,355,254],"class_list":{"0":"post-746","1":"product","2":"type-product","3":"status-publish","4":"has-post-thumbnail","6":"product_brand-canon","7":"product_brand-hp","8":"product_cat-consemable","9":"product_tag-850","10":"product_tag-880","11":"product_tag-881","12":"product_tag-400a","13":"product_tag-540a","14":"product_tag-632-633-045","15":"product_tag-canon","16":"product_tag-consomable","17":"product_tag-hp","18":"product_tag-laser","19":"product_tag-laserjet","20":"product_tag-lbp","21":"product_tag-mfp","22":"product_tag-pack","23":"product_tag-pack-toner-canon-632-633-045","24":"product_tag-toner","26":"first","27":"instock","28":"purchasable","29":"product-type-simple"},"yoast_head":"<!-- This site is optimized with the Yoast SEO plugin v27.4 - https:\/\/yoast.com\/product\/yoast-seo-wordpress\/ -->\n<title>Pack Toner Canon 400A-045-540A-054-067 - mersatradedz<\/title>\n<meta name=\"robots\" content=\"index, follow, max-snippet:-1, max-image-preview:large, max-video-preview:-1\" \/>\n<link rel=\"canonical\" href=\"https:\/\/mersatradedz.com\/ar\/product\/pack-toner-canon-632-633-045\/\" \/>\n<meta property=\"og:locale\" content=\"ar_AR\" \/>\n<meta property=\"og:type\" content=\"article\" \/>\n<meta property=\"og:title\" content=\"Pack Toner Canon 400A-045-540A-054-067 - mersatradedz\" \/>\n<meta property=\"og:description\" content=\"Le pack toner Canon 045 comprend les quatre couleurs essentielles : noir, cyan, magenta et jaune. Con\u00e7u pour les imprimantes Canon couleur, il garantit des impressions nettes, \u00e9clatantes et homog\u00e8nes. Id\u00e9al pour les bureaux et les professionnels de l\u2019image, ce pack offre une performance constante, une installation simple et un excellent rendement pour chaque cartouche.\" \/>\n<meta property=\"og:url\" content=\"https:\/\/mersatradedz.com\/ar\/product\/pack-toner-canon-632-633-045\/\" \/>\n<meta property=\"og:site_name\" content=\"mersatradedz\" \/>\n<meta property=\"article:publisher\" content=\"https:\/\/www.facebook.com\/ntbidz\" \/>\n<meta property=\"article:modified_time\" content=\"2025-05-21T10:19:18+00:00\" \/>\n<meta property=\"og:image\" content=\"https:\/\/mersatradedz.com\/wp-content\/uploads\/2024\/08\/toner-canon-pack-coulours-045-lbp-611-610-613-632-634-mf-630.jpg\" \/>\n\t<meta property=\"og:image:width\" content=\"381\" \/>\n\t<meta property=\"og:image:height\" content=\"492\" \/>\n\t<meta property=\"og:image:type\" content=\"image\/jpeg\" \/>\n<meta name=\"twitter:card\" content=\"summary_large_image\" \/>\n<meta name=\"twitter:label1\" content=\"\u0648\u0642\u062a \u0627\u0644\u0642\u0631\u0627\u0621\u0629 \u0627\u0644\u0645\u064f\u0642\u062f\u0651\u0631\" \/>\n\t<meta name=\"twitter:data1\" content=\"\u062f\u0642\u064a\u0642\u0629 \u0648\u0627\u062d\u062f\u0629\" \/>\n<script type=\"application\/ld+json\" class=\"yoast-schema-graph\">{\"@context\":\"https:\\\/\\\/schema.org\",\"@graph\":[{\"@type\":\"WebPage\",\"@id\":\"https:\\\/\\\/mersatradedz.com\\\/product\\\/pack-toner-canon-632-633-045\\\/\",\"url\":\"https:\\\/\\\/mersatradedz.com\\\/product\\\/pack-toner-canon-632-633-045\\\/\",\"name\":\"Pack Toner Canon 400A-045-540A-054-067 - mersatradedz\",\"isPartOf\":{\"@id\":\"https:\\\/\\\/mersatradedz.com\\\/#website\"},\"primaryImageOfPage\":{\"@id\":\"https:\\\/\\\/mersatradedz.com\\\/product\\\/pack-toner-canon-632-633-045\\\/#primaryimage\"},\"image\":{\"@id\":\"https:\\\/\\\/mersatradedz.com\\\/product\\\/pack-toner-canon-632-633-045\\\/#primaryimage\"},\"thumbnailUrl\":\"https:\\\/\\\/mersatradedz.com\\\/wp-content\\\/uploads\\\/2024\\\/08\\\/toner-canon-pack-coulours-045-lbp-611-610-613-632-634-mf-630.jpg\",\"datePublished\":\"2023-05-21T20:24:25+00:00\",\"dateModified\":\"2025-05-21T10:19:18+00:00\",\"breadcrumb\":{\"@id\":\"https:\\\/\\\/mersatradedz.com\\\/product\\\/pack-toner-canon-632-633-045\\\/#breadcrumb\"},\"inLanguage\":\"ar\",\"potentialAction\":[{\"@type\":\"ReadAction\",\"target\":[\"https:\\\/\\\/mersatradedz.com\\\/product\\\/pack-toner-canon-632-633-045\\\/\"]}]},{\"@type\":\"ImageObject\",\"inLanguage\":\"ar\",\"@id\":\"https:\\\/\\\/mersatradedz.com\\\/product\\\/pack-toner-canon-632-633-045\\\/#primaryimage\",\"url\":\"https:\\\/\\\/mersatradedz.com\\\/wp-content\\\/uploads\\\/2024\\\/08\\\/toner-canon-pack-coulours-045-lbp-611-610-613-632-634-mf-630.jpg\",\"contentUrl\":\"https:\\\/\\\/mersatradedz.com\\\/wp-content\\\/uploads\\\/2024\\\/08\\\/toner-canon-pack-coulours-045-lbp-611-610-613-632-634-mf-630.jpg\",\"width\":381,\"height\":492},{\"@type\":\"BreadcrumbList\",\"@id\":\"https:\\\/\\\/mersatradedz.com\\\/product\\\/pack-toner-canon-632-633-045\\\/#breadcrumb\",\"itemListElement\":[{\"@type\":\"ListItem\",\"position\":1,\"name\":\"Home\",\"item\":\"https:\\\/\\\/mersatradedz.com\\\/ar\\\/\"},{\"@type\":\"ListItem\",\"position\":2,\"name\":\"Boutique\",\"item\":\"https:\\\/\\\/mersatradedz.com\\\/shop\\\/\"},{\"@type\":\"ListItem\",\"position\":3,\"name\":\"Pack Toner Canon 400A-045-540A-054-067\"}]},{\"@type\":\"WebSite\",\"@id\":\"https:\\\/\\\/mersatradedz.com\\\/#website\",\"url\":\"https:\\\/\\\/mersatradedz.com\\\/\",\"name\":\"mersatradedz\",\"description\":\"\",\"publisher\":{\"@id\":\"https:\\\/\\\/mersatradedz.com\\\/#organization\"},\"potentialAction\":[{\"@type\":\"SearchAction\",\"target\":{\"@type\":\"EntryPoint\",\"urlTemplate\":\"https:\\\/\\\/mersatradedz.com\\\/?s={search_term_string}\"},\"query-input\":{\"@type\":\"PropertyValueSpecification\",\"valueRequired\":true,\"valueName\":\"search_term_string\"}}],\"inLanguage\":\"ar\"},{\"@type\":\"Organization\",\"@id\":\"https:\\\/\\\/mersatradedz.com\\\/#organization\",\"name\":\"mersa trade\",\"url\":\"https:\\\/\\\/mersatradedz.com\\\/\",\"logo\":{\"@type\":\"ImageObject\",\"inLanguage\":\"ar\",\"@id\":\"https:\\\/\\\/mersatradedz.com\\\/#\\\/schema\\\/logo\\\/image\\\/\",\"url\":\"https:\\\/\\\/mersatradedz.com\\\/wp-content\\\/uploads\\\/2023\\\/07\\\/cropped-1684191296456.jpg\",\"contentUrl\":\"https:\\\/\\\/mersatradedz.com\\\/wp-content\\\/uploads\\\/2023\\\/07\\\/cropped-1684191296456.jpg\",\"width\":1451,\"height\":955,\"caption\":\"mersa trade\"},\"image\":{\"@id\":\"https:\\\/\\\/mersatradedz.com\\\/#\\\/schema\\\/logo\\\/image\\\/\"},\"sameAs\":[\"https:\\\/\\\/www.facebook.com\\\/ntbidz\"]}]}<\/script>\n<!-- \/ Yoast SEO plugin. -->","yoast_head_json":{"title":"Pack Toner Canon 400A-045-540A-054-067 - mersatradedz","robots":{"index":"index","follow":"follow","max-snippet":"max-snippet:-1","max-image-preview":"max-image-preview:large","max-video-preview":"max-video-preview:-1"},"canonical":"https:\/\/mersatradedz.com\/ar\/product\/pack-toner-canon-632-633-045\/","og_locale":"ar_AR","og_type":"article","og_title":"Pack Toner Canon 400A-045-540A-054-067 - mersatradedz","og_description":"Le pack toner Canon 045 comprend les quatre couleurs essentielles : noir, cyan, magenta et jaune. Con\u00e7u pour les imprimantes Canon couleur, il garantit des impressions nettes, \u00e9clatantes et homog\u00e8nes. Id\u00e9al pour les bureaux et les professionnels de l\u2019image, ce pack offre une performance constante, une installation simple et un excellent rendement pour chaque cartouche.","og_url":"https:\/\/mersatradedz.com\/ar\/product\/pack-toner-canon-632-633-045\/","og_site_name":"mersatradedz","article_publisher":"https:\/\/www.facebook.com\/ntbidz","article_modified_time":"2025-05-21T10:19:18+00:00","og_image":[{"width":381,"height":492,"url":"https:\/\/mersatradedz.com\/wp-content\/uploads\/2024\/08\/toner-canon-pack-coulours-045-lbp-611-610-613-632-634-mf-630.jpg","type":"image\/jpeg"}],"twitter_card":"summary_large_image","twitter_misc":{"\u0648\u0642\u062a \u0627\u0644\u0642\u0631\u0627\u0621\u0629 \u0627\u0644\u0645\u064f\u0642\u062f\u0651\u0631":"\u062f\u0642\u064a\u0642\u0629 \u0648\u0627\u062d\u062f\u0629"},"schema":{"@context":"https:\/\/schema.org","@graph":[{"@type":"WebPage","@id":"https:\/\/mersatradedz.com\/product\/pack-toner-canon-632-633-045\/","url":"https:\/\/mersatradedz.com\/product\/pack-toner-canon-632-633-045\/","name":"Pack Toner Canon 400A-045-540A-054-067 - mersatradedz","isPartOf":{"@id":"https:\/\/mersatradedz.com\/#website"},"primaryImageOfPage":{"@id":"https:\/\/mersatradedz.com\/product\/pack-toner-canon-632-633-045\/#primaryimage"},"image":{"@id":"https:\/\/mersatradedz.com\/product\/pack-toner-canon-632-633-045\/#primaryimage"},"thumbnailUrl":"https:\/\/mersatradedz.com\/wp-content\/uploads\/2024\/08\/toner-canon-pack-coulours-045-lbp-611-610-613-632-634-mf-630.jpg","datePublished":"2023-05-21T20:24:25+00:00","dateModified":"2025-05-21T10:19:18+00:00","breadcrumb":{"@id":"https:\/\/mersatradedz.com\/product\/pack-toner-canon-632-633-045\/#breadcrumb"},"inLanguage":"ar","potentialAction":[{"@type":"ReadAction","target":["https:\/\/mersatradedz.com\/product\/pack-toner-canon-632-633-045\/"]}]},{"@type":"ImageObject","inLanguage":"ar","@id":"https:\/\/mersatradedz.com\/product\/pack-toner-canon-632-633-045\/#primaryimage","url":"https:\/\/mersatradedz.com\/wp-content\/uploads\/2024\/08\/toner-canon-pack-coulours-045-lbp-611-610-613-632-634-mf-630.jpg","contentUrl":"https:\/\/mersatradedz.com\/wp-content\/uploads\/2024\/08\/toner-canon-pack-coulours-045-lbp-611-610-613-632-634-mf-630.jpg","width":381,"height":492},{"@type":"BreadcrumbList","@id":"https:\/\/mersatradedz.com\/product\/pack-toner-canon-632-633-045\/#breadcrumb","itemListElement":[{"@type":"ListItem","position":1,"name":"Home","item":"https:\/\/mersatradedz.com\/ar\/"},{"@type":"ListItem","position":2,"name":"Boutique","item":"https:\/\/mersatradedz.com\/shop\/"},{"@type":"ListItem","position":3,"name":"Pack Toner Canon 400A-045-540A-054-067"}]},{"@type":"WebSite","@id":"https:\/\/mersatradedz.com\/#website","url":"https:\/\/mersatradedz.com\/","name":"mersatradedz","description":"","publisher":{"@id":"https:\/\/mersatradedz.com\/#organization"},"potentialAction":[{"@type":"SearchAction","target":{"@type":"EntryPoint","urlTemplate":"https:\/\/mersatradedz.com\/?s={search_term_string}"},"query-input":{"@type":"PropertyValueSpecification","valueRequired":true,"valueName":"search_term_string"}}],"inLanguage":"ar"},{"@type":"Organization","@id":"https:\/\/mersatradedz.com\/#organization","name":"mersa trade","url":"https:\/\/mersatradedz.com\/","logo":{"@type":"ImageObject","inLanguage":"ar","@id":"https:\/\/mersatradedz.com\/#\/schema\/logo\/image\/","url":"https:\/\/mersatradedz.com\/wp-content\/uploads\/2023\/07\/cropped-1684191296456.jpg","contentUrl":"https:\/\/mersatradedz.com\/wp-content\/uploads\/2023\/07\/cropped-1684191296456.jpg","width":1451,"height":955,"caption":"mersa trade"},"image":{"@id":"https:\/\/mersatradedz.com\/#\/schema\/logo\/image\/"},"sameAs":["https:\/\/www.facebook.com\/ntbidz"]}]}},"jetpack_sharing_enabled":true,"_links":{"self":[{"href":"https:\/\/mersatradedz.com\/ar\/wp-json\/wp\/v2\/product\/746","targetHints":{"allow":["GET"]}}],"collection":[{"href":"https:\/\/mersatradedz.com\/ar\/wp-json\/wp\/v2\/product"}],"about":[{"href":"https:\/\/mersatradedz.com\/ar\/wp-json\/wp\/v2\/types\/product"}],"replies":[{"embeddable":true,"href":"https:\/\/mersatradedz.com\/ar\/wp-json\/wp\/v2\/comments?post=746"}],"wp:featuredmedia":[{"embeddable":true,"href":"https:\/\/mersatradedz.com\/ar\/wp-json\/wp\/v2\/media\/2531"}],"wp:attachment":[{"href":"https:\/\/mersatradedz.com\/ar\/wp-json\/wp\/v2\/media?parent=746"}],"wp:term":[{"taxonomy":"product_brand","embeddable":true,"href":"https:\/\/mersatradedz.com\/ar\/wp-json\/wp\/v2\/product_brand?post=746"},{"taxonomy":"product_cat","embeddable":true,"href":"https:\/\/mersatradedz.com\/ar\/wp-json\/wp\/v2\/product_cat?post=746"},{"taxonomy":"product_tag","embeddable":true,"href":"https:\/\/mersatradedz.com\/ar\/wp-json\/wp\/v2\/product_tag?post=746"}],"curies":[{"name":"wp","href":"https:\/\/api.w.org\/{rel}","templated":true}]}}