{"id":752,"date":"2023-05-21T20:30:57","date_gmt":"2023-05-21T20:30:57","guid":{"rendered":"https:\/\/mersatradedz.com\/?post_type=product&#038;p=752"},"modified":"2025-05-22T09:25:20","modified_gmt":"2025-05-22T08:25:20","slug":"toner-epson-m2010-m2000","status":"publish","type":"product","link":"https:\/\/mersatradedz.com\/ar\/product\/toner-epson-m2010-m2000\/","title":{"rendered":"Toner Epson m2010\/m2000"},"content":{"rendered":"<h3 data-start=\"700\" data-end=\"849\"><strong data-start=\"700\" data-end=\"724\">Qualit\u00e9 d\u2019impression<\/strong><\/h3>\n<p class=\"\" data-start=\"700\" data-end=\"849\">Le toner Epson M2000\/M2010 assure des impressions nettes, avec un noir profond, parfait pour les documents professionnels.<\/p>\n<h3 data-start=\"851\" data-end=\"919\"><strong data-start=\"851\" data-end=\"876\">Compatibilit\u00e9 \u00e9tendue<\/strong><\/h3>\n<p class=\"\" data-start=\"851\" data-end=\"919\">Compatible avec les mod\u00e8les suivants :<\/p>\n<ul data-start=\"920\" data-end=\"1086\">\n<li class=\"\" data-start=\"920\" data-end=\"944\">\n<p class=\"\" data-start=\"922\" data-end=\"944\">Epson AcuLaser M2000<\/p>\n<\/li>\n<li class=\"\" data-start=\"945\" data-end=\"970\">\n<p class=\"\" data-start=\"947\" data-end=\"970\">Epson AcuLaser M2000D<\/p>\n<\/li>\n<li class=\"\" data-start=\"971\" data-end=\"997\">\n<p class=\"\" data-start=\"973\" data-end=\"997\">Epson AcuLaser M2000DN<\/p>\n<\/li>\n<li class=\"\" data-start=\"998\" data-end=\"1086\">\n<p class=\"\" data-start=\"1000\" data-end=\"1086\">Epson AcuLaser M2010<br data-start=\"1020\" data-end=\"1023\" \/>Facile \u00e0 installer et reconnu automatiquement par l\u2019imprimante.<\/p>\n<\/li>\n<\/ul>\n<h3 data-start=\"1088\" data-end=\"1223\"><strong data-start=\"1088\" data-end=\"1107\">Rendement \u00e9lev\u00e9<\/strong><\/h3>\n<p class=\"\" data-start=\"1088\" data-end=\"1223\">Jusqu\u2019\u00e0 <strong data-start=\"1118\" data-end=\"1133\">3 200 pages<\/strong> \u00e0 5 % de couverture. Con\u00e7u pour les environnements de travail \u00e0 fort volume d\u2019impression.<\/p>\n<h3 data-start=\"1225\" data-end=\"1337\"><strong data-start=\"1225\" data-end=\"1247\">Utilisation simple<\/strong><\/h3>\n<p class=\"\" data-start=\"1225\" data-end=\"1337\">Cartouche rempla\u00e7able sans effort, pour un usage quotidien fluide et sans interruption.<\/p>\n<h3 data-start=\"1339\" data-end=\"1370\"><strong data-start=\"1339\" data-end=\"1368\">Sp\u00e9cifications techniques<\/strong><\/h3>\n<ul data-start=\"1371\" data-end=\"1525\">\n<li class=\"\" data-start=\"1371\" data-end=\"1394\">\n<p class=\"\" data-start=\"1373\" data-end=\"1394\">R\u00e9f\u00e9rence : S050435<\/p>\n<\/li>\n<li class=\"\" data-start=\"1395\" data-end=\"1429\">\n<p class=\"\" data-start=\"1397\" data-end=\"1429\">Technologie : Laser monochrome<\/p>\n<\/li>\n<li class=\"\" data-start=\"1430\" data-end=\"1448\">\n<p class=\"\" data-start=\"1432\" data-end=\"1448\">Couleur : Noir<\/p>\n<\/li>\n<li class=\"\" data-start=\"1449\" data-end=\"1476\">\n<p class=\"\" data-start=\"1451\" data-end=\"1476\">Rendement : 3 200 pages<\/p>\n<\/li>\n<li class=\"\" data-start=\"1477\" data-end=\"1525\">\n<p class=\"\" data-start=\"1479\" data-end=\"1525\">Compatibilit\u00e9 : Epson M2000 \/ M2010 \/ M2000DN\u2026<\/p>\n<\/li>\n<\/ul>\n<h3 data-start=\"1527\" data-end=\"1663\"><strong data-start=\"1527\" data-end=\"1546\">Fiabilit\u00e9 Epson<\/strong><\/h3>\n<p class=\"\" data-start=\"1527\" data-end=\"1663\">Ce toner original garantit performance, long\u00e9vit\u00e9 et \u00e9conomies sur le long terme, avec un excellent co\u00fbt par page.<\/p>","protected":false},"excerpt":{"rendered":"<p>Le toner Epson S050435 est con\u00e7u pour les imprimantes monochromes M2000 et M2010. Il offre une qualit\u00e9 d\u2019impression laser pr\u00e9cise et un rendement allant jusqu\u2019\u00e0 <strong data-start=\"513\" data-end=\"528\">3 200 pages<\/strong>. Id\u00e9al pour les professionnels, il garantit fiabilit\u00e9, nettet\u00e9 et efficacit\u00e9 \u00e0 chaque impression.<\/p>","protected":false},"featured_media":1072,"comment_status":"open","ping_status":"closed","template":"","meta":{"_monsterinsights_skip_tracking":false,"_monsterinsights_sitenote_active":false,"_monsterinsights_sitenote_note":"","_monsterinsights_sitenote_category":0},"product_brand":[1185],"product_cat":[224],"product_tag":[363,876,849,227,1194,1195,1196,362,254,364],"class_list":{"0":"post-752","1":"product","2":"type-product","3":"status-publish","4":"has-post-thumbnail","6":"product_brand-epson","7":"product_cat-consemable","8":"product_tag-363","9":"product_tag-compatible","10":"product_tag-consomable","11":"product_tag-epson","12":"product_tag-epson-aculaser-m2000","13":"product_tag-epson-aculaser-m2000d","14":"product_tag-epson-aculaser-m2000dn","15":"product_tag-m2010-m2000","16":"product_tag-toner","17":"product_tag-toner-epson-m2010-m2000","19":"first","20":"instock","21":"purchasable","22":"product-type-simple"},"yoast_head":"<!-- This site is optimized with the Yoast SEO plugin v27.4 - https:\/\/yoast.com\/product\/yoast-seo-wordpress\/ -->\n<title>Toner Epson m2010\/m2000 - mersatradedz<\/title>\n<meta name=\"robots\" content=\"index, follow, max-snippet:-1, max-image-preview:large, max-video-preview:-1\" \/>\n<link rel=\"canonical\" href=\"https:\/\/mersatradedz.com\/ar\/product\/toner-epson-m2010-m2000\/\" \/>\n<meta property=\"og:locale\" content=\"ar_AR\" \/>\n<meta property=\"og:type\" content=\"article\" \/>\n<meta property=\"og:title\" content=\"Toner Epson m2010\/m2000 - mersatradedz\" \/>\n<meta property=\"og:description\" content=\"Le toner Epson S050435 est con\u00e7u pour les imprimantes monochromes M2000 et M2010. Il offre une qualit\u00e9 d\u2019impression laser pr\u00e9cise et un rendement allant jusqu\u2019\u00e0 3 200 pages. Id\u00e9al pour les professionnels, il garantit fiabilit\u00e9, nettet\u00e9 et efficacit\u00e9 \u00e0 chaque impression.\" \/>\n<meta property=\"og:url\" content=\"https:\/\/mersatradedz.com\/ar\/product\/toner-epson-m2010-m2000\/\" \/>\n<meta property=\"og:site_name\" content=\"mersatradedz\" \/>\n<meta property=\"article:publisher\" content=\"https:\/\/www.facebook.com\/ntbidz\" \/>\n<meta property=\"article:modified_time\" content=\"2025-05-22T08:25:20+00:00\" \/>\n<meta property=\"og:image\" content=\"https:\/\/mersatradedz.com\/wp-content\/uploads\/2023\/07\/0505.jpg\" \/>\n\t<meta property=\"og:image:width\" content=\"576\" \/>\n\t<meta property=\"og:image:height\" content=\"389\" \/>\n\t<meta property=\"og:image:type\" content=\"image\/jpeg\" \/>\n<meta name=\"twitter:card\" content=\"summary_large_image\" \/>\n<meta name=\"twitter:label1\" content=\"\u0648\u0642\u062a \u0627\u0644\u0642\u0631\u0627\u0621\u0629 \u0627\u0644\u0645\u064f\u0642\u062f\u0651\u0631\" \/>\n\t<meta name=\"twitter:data1\" content=\"\u062f\u0642\u064a\u0642\u0629 \u0648\u0627\u062d\u062f\u0629\" \/>\n<script type=\"application\/ld+json\" class=\"yoast-schema-graph\">{\"@context\":\"https:\\\/\\\/schema.org\",\"@graph\":[{\"@type\":\"WebPage\",\"@id\":\"https:\\\/\\\/mersatradedz.com\\\/product\\\/toner-epson-m2010-m2000\\\/\",\"url\":\"https:\\\/\\\/mersatradedz.com\\\/product\\\/toner-epson-m2010-m2000\\\/\",\"name\":\"Toner Epson m2010\\\/m2000 - mersatradedz\",\"isPartOf\":{\"@id\":\"https:\\\/\\\/mersatradedz.com\\\/#website\"},\"primaryImageOfPage\":{\"@id\":\"https:\\\/\\\/mersatradedz.com\\\/product\\\/toner-epson-m2010-m2000\\\/#primaryimage\"},\"image\":{\"@id\":\"https:\\\/\\\/mersatradedz.com\\\/product\\\/toner-epson-m2010-m2000\\\/#primaryimage\"},\"thumbnailUrl\":\"https:\\\/\\\/mersatradedz.com\\\/wp-content\\\/uploads\\\/2023\\\/07\\\/0505.jpg\",\"datePublished\":\"2023-05-21T20:30:57+00:00\",\"dateModified\":\"2025-05-22T08:25:20+00:00\",\"breadcrumb\":{\"@id\":\"https:\\\/\\\/mersatradedz.com\\\/product\\\/toner-epson-m2010-m2000\\\/#breadcrumb\"},\"inLanguage\":\"ar\",\"potentialAction\":[{\"@type\":\"ReadAction\",\"target\":[\"https:\\\/\\\/mersatradedz.com\\\/product\\\/toner-epson-m2010-m2000\\\/\"]}]},{\"@type\":\"ImageObject\",\"inLanguage\":\"ar\",\"@id\":\"https:\\\/\\\/mersatradedz.com\\\/product\\\/toner-epson-m2010-m2000\\\/#primaryimage\",\"url\":\"https:\\\/\\\/mersatradedz.com\\\/wp-content\\\/uploads\\\/2023\\\/07\\\/0505.jpg\",\"contentUrl\":\"https:\\\/\\\/mersatradedz.com\\\/wp-content\\\/uploads\\\/2023\\\/07\\\/0505.jpg\",\"width\":576,\"height\":389},{\"@type\":\"BreadcrumbList\",\"@id\":\"https:\\\/\\\/mersatradedz.com\\\/product\\\/toner-epson-m2010-m2000\\\/#breadcrumb\",\"itemListElement\":[{\"@type\":\"ListItem\",\"position\":1,\"name\":\"Home\",\"item\":\"https:\\\/\\\/mersatradedz.com\\\/ar\\\/\"},{\"@type\":\"ListItem\",\"position\":2,\"name\":\"Boutique\",\"item\":\"https:\\\/\\\/mersatradedz.com\\\/shop\\\/\"},{\"@type\":\"ListItem\",\"position\":3,\"name\":\"Toner Epson m2010\\\/m2000\"}]},{\"@type\":\"WebSite\",\"@id\":\"https:\\\/\\\/mersatradedz.com\\\/#website\",\"url\":\"https:\\\/\\\/mersatradedz.com\\\/\",\"name\":\"mersatradedz\",\"description\":\"\",\"publisher\":{\"@id\":\"https:\\\/\\\/mersatradedz.com\\\/#organization\"},\"potentialAction\":[{\"@type\":\"SearchAction\",\"target\":{\"@type\":\"EntryPoint\",\"urlTemplate\":\"https:\\\/\\\/mersatradedz.com\\\/?s={search_term_string}\"},\"query-input\":{\"@type\":\"PropertyValueSpecification\",\"valueRequired\":true,\"valueName\":\"search_term_string\"}}],\"inLanguage\":\"ar\"},{\"@type\":\"Organization\",\"@id\":\"https:\\\/\\\/mersatradedz.com\\\/#organization\",\"name\":\"mersa trade\",\"url\":\"https:\\\/\\\/mersatradedz.com\\\/\",\"logo\":{\"@type\":\"ImageObject\",\"inLanguage\":\"ar\",\"@id\":\"https:\\\/\\\/mersatradedz.com\\\/#\\\/schema\\\/logo\\\/image\\\/\",\"url\":\"https:\\\/\\\/mersatradedz.com\\\/wp-content\\\/uploads\\\/2023\\\/07\\\/cropped-1684191296456.jpg\",\"contentUrl\":\"https:\\\/\\\/mersatradedz.com\\\/wp-content\\\/uploads\\\/2023\\\/07\\\/cropped-1684191296456.jpg\",\"width\":1451,\"height\":955,\"caption\":\"mersa trade\"},\"image\":{\"@id\":\"https:\\\/\\\/mersatradedz.com\\\/#\\\/schema\\\/logo\\\/image\\\/\"},\"sameAs\":[\"https:\\\/\\\/www.facebook.com\\\/ntbidz\"]}]}<\/script>\n<!-- \/ Yoast SEO plugin. -->","yoast_head_json":{"title":"Toner Epson m2010\/m2000 - mersatradedz","robots":{"index":"index","follow":"follow","max-snippet":"max-snippet:-1","max-image-preview":"max-image-preview:large","max-video-preview":"max-video-preview:-1"},"canonical":"https:\/\/mersatradedz.com\/ar\/product\/toner-epson-m2010-m2000\/","og_locale":"ar_AR","og_type":"article","og_title":"Toner Epson m2010\/m2000 - mersatradedz","og_description":"Le toner Epson S050435 est con\u00e7u pour les imprimantes monochromes M2000 et M2010. Il offre une qualit\u00e9 d\u2019impression laser pr\u00e9cise et un rendement allant jusqu\u2019\u00e0 3 200 pages. Id\u00e9al pour les professionnels, il garantit fiabilit\u00e9, nettet\u00e9 et efficacit\u00e9 \u00e0 chaque impression.","og_url":"https:\/\/mersatradedz.com\/ar\/product\/toner-epson-m2010-m2000\/","og_site_name":"mersatradedz","article_publisher":"https:\/\/www.facebook.com\/ntbidz","article_modified_time":"2025-05-22T08:25:20+00:00","og_image":[{"width":576,"height":389,"url":"https:\/\/mersatradedz.com\/wp-content\/uploads\/2023\/07\/0505.jpg","type":"image\/jpeg"}],"twitter_card":"summary_large_image","twitter_misc":{"\u0648\u0642\u062a \u0627\u0644\u0642\u0631\u0627\u0621\u0629 \u0627\u0644\u0645\u064f\u0642\u062f\u0651\u0631":"\u062f\u0642\u064a\u0642\u0629 \u0648\u0627\u062d\u062f\u0629"},"schema":{"@context":"https:\/\/schema.org","@graph":[{"@type":"WebPage","@id":"https:\/\/mersatradedz.com\/product\/toner-epson-m2010-m2000\/","url":"https:\/\/mersatradedz.com\/product\/toner-epson-m2010-m2000\/","name":"Toner Epson m2010\/m2000 - mersatradedz","isPartOf":{"@id":"https:\/\/mersatradedz.com\/#website"},"primaryImageOfPage":{"@id":"https:\/\/mersatradedz.com\/product\/toner-epson-m2010-m2000\/#primaryimage"},"image":{"@id":"https:\/\/mersatradedz.com\/product\/toner-epson-m2010-m2000\/#primaryimage"},"thumbnailUrl":"https:\/\/mersatradedz.com\/wp-content\/uploads\/2023\/07\/0505.jpg","datePublished":"2023-05-21T20:30:57+00:00","dateModified":"2025-05-22T08:25:20+00:00","breadcrumb":{"@id":"https:\/\/mersatradedz.com\/product\/toner-epson-m2010-m2000\/#breadcrumb"},"inLanguage":"ar","potentialAction":[{"@type":"ReadAction","target":["https:\/\/mersatradedz.com\/product\/toner-epson-m2010-m2000\/"]}]},{"@type":"ImageObject","inLanguage":"ar","@id":"https:\/\/mersatradedz.com\/product\/toner-epson-m2010-m2000\/#primaryimage","url":"https:\/\/mersatradedz.com\/wp-content\/uploads\/2023\/07\/0505.jpg","contentUrl":"https:\/\/mersatradedz.com\/wp-content\/uploads\/2023\/07\/0505.jpg","width":576,"height":389},{"@type":"BreadcrumbList","@id":"https:\/\/mersatradedz.com\/product\/toner-epson-m2010-m2000\/#breadcrumb","itemListElement":[{"@type":"ListItem","position":1,"name":"Home","item":"https:\/\/mersatradedz.com\/ar\/"},{"@type":"ListItem","position":2,"name":"Boutique","item":"https:\/\/mersatradedz.com\/shop\/"},{"@type":"ListItem","position":3,"name":"Toner Epson m2010\/m2000"}]},{"@type":"WebSite","@id":"https:\/\/mersatradedz.com\/#website","url":"https:\/\/mersatradedz.com\/","name":"mersatradedz","description":"","publisher":{"@id":"https:\/\/mersatradedz.com\/#organization"},"potentialAction":[{"@type":"SearchAction","target":{"@type":"EntryPoint","urlTemplate":"https:\/\/mersatradedz.com\/?s={search_term_string}"},"query-input":{"@type":"PropertyValueSpecification","valueRequired":true,"valueName":"search_term_string"}}],"inLanguage":"ar"},{"@type":"Organization","@id":"https:\/\/mersatradedz.com\/#organization","name":"mersa trade","url":"https:\/\/mersatradedz.com\/","logo":{"@type":"ImageObject","inLanguage":"ar","@id":"https:\/\/mersatradedz.com\/#\/schema\/logo\/image\/","url":"https:\/\/mersatradedz.com\/wp-content\/uploads\/2023\/07\/cropped-1684191296456.jpg","contentUrl":"https:\/\/mersatradedz.com\/wp-content\/uploads\/2023\/07\/cropped-1684191296456.jpg","width":1451,"height":955,"caption":"mersa trade"},"image":{"@id":"https:\/\/mersatradedz.com\/#\/schema\/logo\/image\/"},"sameAs":["https:\/\/www.facebook.com\/ntbidz"]}]}},"jetpack_sharing_enabled":true,"_links":{"self":[{"href":"https:\/\/mersatradedz.com\/ar\/wp-json\/wp\/v2\/product\/752","targetHints":{"allow":["GET"]}}],"collection":[{"href":"https:\/\/mersatradedz.com\/ar\/wp-json\/wp\/v2\/product"}],"about":[{"href":"https:\/\/mersatradedz.com\/ar\/wp-json\/wp\/v2\/types\/product"}],"replies":[{"embeddable":true,"href":"https:\/\/mersatradedz.com\/ar\/wp-json\/wp\/v2\/comments?post=752"}],"wp:featuredmedia":[{"embeddable":true,"href":"https:\/\/mersatradedz.com\/ar\/wp-json\/wp\/v2\/media\/1072"}],"wp:attachment":[{"href":"https:\/\/mersatradedz.com\/ar\/wp-json\/wp\/v2\/media?parent=752"}],"wp:term":[{"taxonomy":"product_brand","embeddable":true,"href":"https:\/\/mersatradedz.com\/ar\/wp-json\/wp\/v2\/product_brand?post=752"},{"taxonomy":"product_cat","embeddable":true,"href":"https:\/\/mersatradedz.com\/ar\/wp-json\/wp\/v2\/product_cat?post=752"},{"taxonomy":"product_tag","embeddable":true,"href":"https:\/\/mersatradedz.com\/ar\/wp-json\/wp\/v2\/product_tag?post=752"}],"curies":[{"name":"wp","href":"https:\/\/api.w.org\/{rel}","templated":true}]}}