{"id":760,"date":"2023-05-21T20:40:29","date_gmt":"2023-05-21T20:40:29","guid":{"rendered":"https:\/\/mersatradedz.com\/?post_type=product&#038;p=760"},"modified":"2025-05-21T14:26:43","modified_gmt":"2025-05-21T13:26:43","slug":"toner-canon-ir2520-2525-2530-exv33","status":"publish","type":"product","link":"https:\/\/mersatradedz.com\/ar\/product\/toner-canon-ir2520-2525-2530-exv33\/","title":{"rendered":"Toner Canon ir2520\/2525\/2530-exv33"},"content":{"rendered":"<h3 data-start=\"678\" data-end=\"849\"><strong data-start=\"678\" data-end=\"702\">Texte net et profond<\/strong><\/h3>\n<p class=\"\" data-start=\"678\" data-end=\"849\">Le Canon C-EXV 33 imprime des documents avec un noir dense et une excellente pr\u00e9cision, id\u00e9al pour les rapports et impressions professionnelles.<\/p>\n<h3 data-start=\"851\" data-end=\"914\"><strong data-start=\"851\" data-end=\"876\">Compatibilit\u00e9 \u00e9tendue<\/strong><\/h3>\n<p class=\"\" data-start=\"851\" data-end=\"914\">Fonctionne avec les imprimantes :<\/p>\n<p style=\"padding-left: 40px\">Canon imageRUNNER 2520 , Canon IR 2520 , Canon imageRUNNER 2520i , Canon IR 2520i , Canon imageRUNNER 2525 , Canon IR 2525 , Canon imageRUNNER 2525i , Canon IR 2525i , Canon imageRUNNER 2530 , Canon IR 2530 , Canon imageRUNNER 2530i , Canon IR 2530i<\/p>\n<h3 data-start=\"1021\" data-end=\"1171\"><strong data-start=\"1021\" data-end=\"1040\">Rendement \u00e9lev\u00e9<\/strong><\/h3>\n<p class=\"\" data-start=\"1021\" data-end=\"1171\">Avec un rendement jusqu\u2019\u00e0 <strong data-start=\"1069\" data-end=\"1085\">14 600 pages<\/strong> (\u00e0 5 % de couverture), ce toner est adapt\u00e9 aux besoins des entreprises \u00e0 fort volume.<\/p>\n<h3 data-start=\"1173\" data-end=\"1277\"><strong data-start=\"1173\" data-end=\"1195\">Facile \u00e0 remplacer<\/strong><\/h3>\n<p class=\"\" data-start=\"1173\" data-end=\"1277\">La cartouche s\u2019installe simplement et proprement, sans interruption de travail.<\/p>\n<h3 data-start=\"1279\" data-end=\"1313\"><strong data-start=\"1279\" data-end=\"1311\">Caract\u00e9ristiques principales<\/strong><\/h3>\n<ul data-start=\"1314\" data-end=\"1476\">\n<li class=\"\" data-start=\"1314\" data-end=\"1341\">\n<p class=\"\" data-start=\"1316\" data-end=\"1341\">Mod\u00e8le : Canon C-EXV 33<\/p>\n<\/li>\n<li class=\"\" data-start=\"1342\" data-end=\"1360\">\n<p class=\"\" data-start=\"1344\" data-end=\"1360\">Couleur : Noir<\/p>\n<\/li>\n<li class=\"\" data-start=\"1361\" data-end=\"1395\">\n<p class=\"\" data-start=\"1363\" data-end=\"1395\">Technologie : laser monochrome<\/p>\n<\/li>\n<li class=\"\" data-start=\"1396\" data-end=\"1432\">\n<p class=\"\" data-start=\"1398\" data-end=\"1432\">Rendement : jusqu\u2019\u00e0 14 600 pages<\/p>\n<\/li>\n<li class=\"\" data-start=\"1433\" data-end=\"1476\">\n<p class=\"\" data-start=\"1435\" data-end=\"1476\">Compatibilit\u00e9 : Canon iR 2520, 2525, 2530<\/p>\n<\/li>\n<\/ul>\n<h3 data-start=\"1478\" data-end=\"1650\"><strong data-start=\"1478\" data-end=\"1505\">\u00c9conomie et performance<\/strong><\/h3>\n<p class=\"\" data-start=\"1478\" data-end=\"1650\">Le C-EXV 33 assure un excellent rapport qualit\u00e9\/prix, avec une fiabilit\u00e9 \u00e0 long terme, id\u00e9ale pour un usage quotidien en milieu professionnel.<\/p>","protected":false},"excerpt":{"rendered":"<p class=\"\" data-start=\"303\" data-end=\"604\">Le toner Canon C-EXV 33 noir est con\u00e7u pour offrir des impressions nettes et professionnelles sur les copieurs Canon. Avec un rendement \u00e9lev\u00e9 atteignant environ 14 600 pages, il est id\u00e9al pour les environnements de travail intensifs. Installation facile, fiabilit\u00e9 constante et qualit\u00e9 Canon garantie.<\/p>","protected":false},"featured_media":1051,"comment_status":"open","ping_status":"closed","template":"","meta":{"_monsterinsights_skip_tracking":false,"_monsterinsights_sitenote_active":false,"_monsterinsights_sitenote_note":"","_monsterinsights_sitenote_category":0},"product_brand":[826],"product_cat":[224],"product_tag":[375,236,1084,1086,1088,1090,1092,1094,1085,1087,1089,1091,1093,1095,876,849,1073,784,374,852,870,403,837,254,376],"class_list":{"0":"post-760","1":"product","2":"type-product","3":"status-publish","4":"has-post-thumbnail","6":"product_brand-canon","7":"product_cat-consemable","8":"product_tag-375","9":"product_tag-canon","10":"product_tag-canon-imagerunner-2520","11":"product_tag-canon-imagerunner-2520i","12":"product_tag-canon-imagerunner-2525","13":"product_tag-canon-imagerunner-2525i","14":"product_tag-canon-imagerunner-2530","15":"product_tag-canon-imagerunner-2530i","16":"product_tag-canon-ir-2520","17":"product_tag-canon-ir-2520i","18":"product_tag-canon-ir-2525","19":"product_tag-canon-ir-2525i","20":"product_tag-canon-ir-2530","21":"product_tag-canon-ir-2530i","22":"product_tag-compatible","23":"product_tag-consomable","24":"product_tag-exv","25":"product_tag-imprimante","26":"product_tag-ir2520-2525-2530-exv33","27":"product_tag-laser","28":"product_tag-lazer","29":"product_tag-noir","30":"product_tag-noir-et-blanc","31":"product_tag-toner","32":"product_tag-toner-canon-ir2520-2525-2530-exv33","34":"first","35":"instock","36":"shipping-taxable","37":"purchasable","38":"product-type-simple"},"yoast_head":"<!-- This site is optimized with the Yoast SEO plugin v27.4 - https:\/\/yoast.com\/product\/yoast-seo-wordpress\/ -->\n<title>Toner Canon ir2520\/2525\/2530-exv33 - mersatradedz<\/title>\n<meta name=\"robots\" content=\"index, follow, max-snippet:-1, max-image-preview:large, max-video-preview:-1\" \/>\n<link rel=\"canonical\" href=\"https:\/\/mersatradedz.com\/ar\/product\/toner-canon-ir2520-2525-2530-exv33\/\" \/>\n<meta property=\"og:locale\" content=\"ar_AR\" \/>\n<meta property=\"og:type\" content=\"article\" \/>\n<meta property=\"og:title\" content=\"Toner Canon ir2520\/2525\/2530-exv33 - mersatradedz\" \/>\n<meta property=\"og:description\" content=\"Le toner Canon C-EXV 33 noir est con\u00e7u pour offrir des impressions nettes et professionnelles sur les copieurs Canon. Avec un rendement \u00e9lev\u00e9 atteignant environ 14 600 pages, il est id\u00e9al pour les environnements de travail intensifs. Installation facile, fiabilit\u00e9 constante et qualit\u00e9 Canon garantie.\" \/>\n<meta property=\"og:url\" content=\"https:\/\/mersatradedz.com\/ar\/product\/toner-canon-ir2520-2525-2530-exv33\/\" \/>\n<meta property=\"og:site_name\" content=\"mersatradedz\" \/>\n<meta property=\"article:publisher\" content=\"https:\/\/www.facebook.com\/ntbidz\" \/>\n<meta property=\"article:modified_time\" content=\"2025-05-21T13:26:43+00:00\" \/>\n<meta property=\"og:image\" content=\"https:\/\/mersatradedz.com\/wp-content\/uploads\/2023\/07\/0238.jpg\" \/>\n\t<meta property=\"og:image:width\" content=\"1000\" \/>\n\t<meta property=\"og:image:height\" content=\"1000\" \/>\n\t<meta property=\"og:image:type\" content=\"image\/jpeg\" \/>\n<meta name=\"twitter:card\" content=\"summary_large_image\" \/>\n<meta name=\"twitter:label1\" content=\"\u0648\u0642\u062a \u0627\u0644\u0642\u0631\u0627\u0621\u0629 \u0627\u0644\u0645\u064f\u0642\u062f\u0651\u0631\" \/>\n\t<meta name=\"twitter:data1\" content=\"\u062f\u0642\u064a\u0642\u0629 \u0648\u0627\u062d\u062f\u0629\" \/>\n<script type=\"application\/ld+json\" class=\"yoast-schema-graph\">{\"@context\":\"https:\\\/\\\/schema.org\",\"@graph\":[{\"@type\":\"WebPage\",\"@id\":\"https:\\\/\\\/mersatradedz.com\\\/product\\\/toner-canon-ir2520-2525-2530-exv33\\\/\",\"url\":\"https:\\\/\\\/mersatradedz.com\\\/product\\\/toner-canon-ir2520-2525-2530-exv33\\\/\",\"name\":\"Toner Canon ir2520\\\/2525\\\/2530-exv33 - mersatradedz\",\"isPartOf\":{\"@id\":\"https:\\\/\\\/mersatradedz.com\\\/#website\"},\"primaryImageOfPage\":{\"@id\":\"https:\\\/\\\/mersatradedz.com\\\/product\\\/toner-canon-ir2520-2525-2530-exv33\\\/#primaryimage\"},\"image\":{\"@id\":\"https:\\\/\\\/mersatradedz.com\\\/product\\\/toner-canon-ir2520-2525-2530-exv33\\\/#primaryimage\"},\"thumbnailUrl\":\"https:\\\/\\\/mersatradedz.com\\\/wp-content\\\/uploads\\\/2023\\\/07\\\/0238.jpg\",\"datePublished\":\"2023-05-21T20:40:29+00:00\",\"dateModified\":\"2025-05-21T13:26:43+00:00\",\"breadcrumb\":{\"@id\":\"https:\\\/\\\/mersatradedz.com\\\/product\\\/toner-canon-ir2520-2525-2530-exv33\\\/#breadcrumb\"},\"inLanguage\":\"ar\",\"potentialAction\":[{\"@type\":\"ReadAction\",\"target\":[\"https:\\\/\\\/mersatradedz.com\\\/product\\\/toner-canon-ir2520-2525-2530-exv33\\\/\"]}]},{\"@type\":\"ImageObject\",\"inLanguage\":\"ar\",\"@id\":\"https:\\\/\\\/mersatradedz.com\\\/product\\\/toner-canon-ir2520-2525-2530-exv33\\\/#primaryimage\",\"url\":\"https:\\\/\\\/mersatradedz.com\\\/wp-content\\\/uploads\\\/2023\\\/07\\\/0238.jpg\",\"contentUrl\":\"https:\\\/\\\/mersatradedz.com\\\/wp-content\\\/uploads\\\/2023\\\/07\\\/0238.jpg\",\"width\":1000,\"height\":1000},{\"@type\":\"BreadcrumbList\",\"@id\":\"https:\\\/\\\/mersatradedz.com\\\/product\\\/toner-canon-ir2520-2525-2530-exv33\\\/#breadcrumb\",\"itemListElement\":[{\"@type\":\"ListItem\",\"position\":1,\"name\":\"Home\",\"item\":\"https:\\\/\\\/mersatradedz.com\\\/ar\\\/\"},{\"@type\":\"ListItem\",\"position\":2,\"name\":\"Boutique\",\"item\":\"https:\\\/\\\/mersatradedz.com\\\/shop\\\/\"},{\"@type\":\"ListItem\",\"position\":3,\"name\":\"Toner Canon ir2520\\\/2525\\\/2530-exv33\"}]},{\"@type\":\"WebSite\",\"@id\":\"https:\\\/\\\/mersatradedz.com\\\/#website\",\"url\":\"https:\\\/\\\/mersatradedz.com\\\/\",\"name\":\"mersatradedz\",\"description\":\"\",\"publisher\":{\"@id\":\"https:\\\/\\\/mersatradedz.com\\\/#organization\"},\"potentialAction\":[{\"@type\":\"SearchAction\",\"target\":{\"@type\":\"EntryPoint\",\"urlTemplate\":\"https:\\\/\\\/mersatradedz.com\\\/?s={search_term_string}\"},\"query-input\":{\"@type\":\"PropertyValueSpecification\",\"valueRequired\":true,\"valueName\":\"search_term_string\"}}],\"inLanguage\":\"ar\"},{\"@type\":\"Organization\",\"@id\":\"https:\\\/\\\/mersatradedz.com\\\/#organization\",\"name\":\"mersa trade\",\"url\":\"https:\\\/\\\/mersatradedz.com\\\/\",\"logo\":{\"@type\":\"ImageObject\",\"inLanguage\":\"ar\",\"@id\":\"https:\\\/\\\/mersatradedz.com\\\/#\\\/schema\\\/logo\\\/image\\\/\",\"url\":\"https:\\\/\\\/mersatradedz.com\\\/wp-content\\\/uploads\\\/2023\\\/07\\\/cropped-1684191296456.jpg\",\"contentUrl\":\"https:\\\/\\\/mersatradedz.com\\\/wp-content\\\/uploads\\\/2023\\\/07\\\/cropped-1684191296456.jpg\",\"width\":1451,\"height\":955,\"caption\":\"mersa trade\"},\"image\":{\"@id\":\"https:\\\/\\\/mersatradedz.com\\\/#\\\/schema\\\/logo\\\/image\\\/\"},\"sameAs\":[\"https:\\\/\\\/www.facebook.com\\\/ntbidz\"]}]}<\/script>\n<!-- \/ Yoast SEO plugin. -->","yoast_head_json":{"title":"Toner Canon ir2520\/2525\/2530-exv33 - mersatradedz","robots":{"index":"index","follow":"follow","max-snippet":"max-snippet:-1","max-image-preview":"max-image-preview:large","max-video-preview":"max-video-preview:-1"},"canonical":"https:\/\/mersatradedz.com\/ar\/product\/toner-canon-ir2520-2525-2530-exv33\/","og_locale":"ar_AR","og_type":"article","og_title":"Toner Canon ir2520\/2525\/2530-exv33 - mersatradedz","og_description":"Le toner Canon C-EXV 33 noir est con\u00e7u pour offrir des impressions nettes et professionnelles sur les copieurs Canon. Avec un rendement \u00e9lev\u00e9 atteignant environ 14 600 pages, il est id\u00e9al pour les environnements de travail intensifs. Installation facile, fiabilit\u00e9 constante et qualit\u00e9 Canon garantie.","og_url":"https:\/\/mersatradedz.com\/ar\/product\/toner-canon-ir2520-2525-2530-exv33\/","og_site_name":"mersatradedz","article_publisher":"https:\/\/www.facebook.com\/ntbidz","article_modified_time":"2025-05-21T13:26:43+00:00","og_image":[{"width":1000,"height":1000,"url":"https:\/\/mersatradedz.com\/wp-content\/uploads\/2023\/07\/0238.jpg","type":"image\/jpeg"}],"twitter_card":"summary_large_image","twitter_misc":{"\u0648\u0642\u062a \u0627\u0644\u0642\u0631\u0627\u0621\u0629 \u0627\u0644\u0645\u064f\u0642\u062f\u0651\u0631":"\u062f\u0642\u064a\u0642\u0629 \u0648\u0627\u062d\u062f\u0629"},"schema":{"@context":"https:\/\/schema.org","@graph":[{"@type":"WebPage","@id":"https:\/\/mersatradedz.com\/product\/toner-canon-ir2520-2525-2530-exv33\/","url":"https:\/\/mersatradedz.com\/product\/toner-canon-ir2520-2525-2530-exv33\/","name":"Toner Canon ir2520\/2525\/2530-exv33 - mersatradedz","isPartOf":{"@id":"https:\/\/mersatradedz.com\/#website"},"primaryImageOfPage":{"@id":"https:\/\/mersatradedz.com\/product\/toner-canon-ir2520-2525-2530-exv33\/#primaryimage"},"image":{"@id":"https:\/\/mersatradedz.com\/product\/toner-canon-ir2520-2525-2530-exv33\/#primaryimage"},"thumbnailUrl":"https:\/\/mersatradedz.com\/wp-content\/uploads\/2023\/07\/0238.jpg","datePublished":"2023-05-21T20:40:29+00:00","dateModified":"2025-05-21T13:26:43+00:00","breadcrumb":{"@id":"https:\/\/mersatradedz.com\/product\/toner-canon-ir2520-2525-2530-exv33\/#breadcrumb"},"inLanguage":"ar","potentialAction":[{"@type":"ReadAction","target":["https:\/\/mersatradedz.com\/product\/toner-canon-ir2520-2525-2530-exv33\/"]}]},{"@type":"ImageObject","inLanguage":"ar","@id":"https:\/\/mersatradedz.com\/product\/toner-canon-ir2520-2525-2530-exv33\/#primaryimage","url":"https:\/\/mersatradedz.com\/wp-content\/uploads\/2023\/07\/0238.jpg","contentUrl":"https:\/\/mersatradedz.com\/wp-content\/uploads\/2023\/07\/0238.jpg","width":1000,"height":1000},{"@type":"BreadcrumbList","@id":"https:\/\/mersatradedz.com\/product\/toner-canon-ir2520-2525-2530-exv33\/#breadcrumb","itemListElement":[{"@type":"ListItem","position":1,"name":"Home","item":"https:\/\/mersatradedz.com\/ar\/"},{"@type":"ListItem","position":2,"name":"Boutique","item":"https:\/\/mersatradedz.com\/shop\/"},{"@type":"ListItem","position":3,"name":"Toner Canon ir2520\/2525\/2530-exv33"}]},{"@type":"WebSite","@id":"https:\/\/mersatradedz.com\/#website","url":"https:\/\/mersatradedz.com\/","name":"mersatradedz","description":"","publisher":{"@id":"https:\/\/mersatradedz.com\/#organization"},"potentialAction":[{"@type":"SearchAction","target":{"@type":"EntryPoint","urlTemplate":"https:\/\/mersatradedz.com\/?s={search_term_string}"},"query-input":{"@type":"PropertyValueSpecification","valueRequired":true,"valueName":"search_term_string"}}],"inLanguage":"ar"},{"@type":"Organization","@id":"https:\/\/mersatradedz.com\/#organization","name":"mersa trade","url":"https:\/\/mersatradedz.com\/","logo":{"@type":"ImageObject","inLanguage":"ar","@id":"https:\/\/mersatradedz.com\/#\/schema\/logo\/image\/","url":"https:\/\/mersatradedz.com\/wp-content\/uploads\/2023\/07\/cropped-1684191296456.jpg","contentUrl":"https:\/\/mersatradedz.com\/wp-content\/uploads\/2023\/07\/cropped-1684191296456.jpg","width":1451,"height":955,"caption":"mersa trade"},"image":{"@id":"https:\/\/mersatradedz.com\/#\/schema\/logo\/image\/"},"sameAs":["https:\/\/www.facebook.com\/ntbidz"]}]}},"jetpack_sharing_enabled":true,"_links":{"self":[{"href":"https:\/\/mersatradedz.com\/ar\/wp-json\/wp\/v2\/product\/760","targetHints":{"allow":["GET"]}}],"collection":[{"href":"https:\/\/mersatradedz.com\/ar\/wp-json\/wp\/v2\/product"}],"about":[{"href":"https:\/\/mersatradedz.com\/ar\/wp-json\/wp\/v2\/types\/product"}],"replies":[{"embeddable":true,"href":"https:\/\/mersatradedz.com\/ar\/wp-json\/wp\/v2\/comments?post=760"}],"wp:featuredmedia":[{"embeddable":true,"href":"https:\/\/mersatradedz.com\/ar\/wp-json\/wp\/v2\/media\/1051"}],"wp:attachment":[{"href":"https:\/\/mersatradedz.com\/ar\/wp-json\/wp\/v2\/media?parent=760"}],"wp:term":[{"taxonomy":"product_brand","embeddable":true,"href":"https:\/\/mersatradedz.com\/ar\/wp-json\/wp\/v2\/product_brand?post=760"},{"taxonomy":"product_cat","embeddable":true,"href":"https:\/\/mersatradedz.com\/ar\/wp-json\/wp\/v2\/product_cat?post=760"},{"taxonomy":"product_tag","embeddable":true,"href":"https:\/\/mersatradedz.com\/ar\/wp-json\/wp\/v2\/product_tag?post=760"}],"curies":[{"name":"wp","href":"https:\/\/api.w.org\/{rel}","templated":true}]}}