{"id":762,"date":"2023-05-21T20:42:08","date_gmt":"2023-05-21T20:42:08","guid":{"rendered":"https:\/\/mersatradedz.com\/?post_type=product&#038;p=762"},"modified":"2025-05-21T14:34:13","modified_gmt":"2025-05-21T13:34:13","slug":"toner-canon-lbp112-113-mf112-047","status":"publish","type":"product","link":"https:\/\/mersatradedz.com\/ar\/product\/toner-canon-lbp112-113-mf112-047\/","title":{"rendered":"Toner Canon lbp112\/113\/mf112-047"},"content":{"rendered":"<h3 data-start=\"681\" data-end=\"840\"><strong data-start=\"681\" data-end=\"713\">Impression claire et pr\u00e9cise<\/strong><\/h3>\n<p class=\"\" data-start=\"681\" data-end=\"840\">Le Canon 047 produit un noir intense et homog\u00e8ne, parfait pour les documents professionnels et les impressions quotidiennes.<\/p>\n<h3 data-start=\"842\" data-end=\"914\"><strong data-start=\"842\" data-end=\"866\">Compatibilit\u00e9 fiable<\/strong><\/h3>\n<p class=\"\" data-start=\"842\" data-end=\"914\">Fonctionne avec les imprimantes suivantes :<\/p>\n<ul data-start=\"915\" data-end=\"1016\">\n<li class=\"\" data-start=\"915\" data-end=\"940\">\n<p class=\"\" data-start=\"917\" data-end=\"940\">Canon i-SENSYS LBP112<\/p>\n<\/li>\n<li class=\"\" data-start=\"941\" data-end=\"967\">\n<p class=\"\" data-start=\"943\" data-end=\"967\">Canon i-SENSYS LBP113w<\/p>\n<\/li>\n<li class=\"\" data-start=\"968\" data-end=\"992\">\n<p class=\"\" data-start=\"970\" data-end=\"992\">Canon i-SENSYS MF112<\/p>\n<\/li>\n<li class=\"\" data-start=\"993\" data-end=\"1016\">\n<p class=\"\" data-start=\"995\" data-end=\"1016\">Canon i-SENSYS MF113w<\/p>\n<\/li>\n<\/ul>\n<h3 data-start=\"1018\" data-end=\"1189\"><strong data-start=\"1018\" data-end=\"1038\">Rendement adapt\u00e9<\/strong><\/h3>\n<p class=\"\" data-start=\"1018\" data-end=\"1189\">Ce toner permet d\u2019imprimer jusqu\u2019\u00e0 <strong data-start=\"1076\" data-end=\"1091\">1 600 pages<\/strong> (\u00e0 5 % de couverture), ce qui convient aux besoins des particuliers, \u00e9tudiants ou bureaux l\u00e9gers.<\/p>\n<h3 data-start=\"1191\" data-end=\"1322\"><strong data-start=\"1191\" data-end=\"1214\">Installation rapide<\/strong><\/h3>\n<p class=\"\" data-start=\"1191\" data-end=\"1322\">Insertion simple, reconnaissance automatique par l\u2019imprimante. Pas de bavure ni de manipulation complexe.<\/p>\n<h3 data-start=\"1324\" data-end=\"1358\"><strong data-start=\"1324\" data-end=\"1356\">Caract\u00e9ristiques principales<\/strong><\/h3>\n<ul data-start=\"1359\" data-end=\"1523\">\n<li class=\"\" data-start=\"1359\" data-end=\"1381\">\n<p class=\"\" data-start=\"1361\" data-end=\"1381\">Mod\u00e8le : Canon 047<\/p>\n<\/li>\n<li class=\"\" data-start=\"1382\" data-end=\"1400\">\n<p class=\"\" data-start=\"1384\" data-end=\"1400\">Couleur : Noir<\/p>\n<\/li>\n<li class=\"\" data-start=\"1401\" data-end=\"1435\">\n<p class=\"\" data-start=\"1403\" data-end=\"1435\">Technologie : laser monochrome<\/p>\n<\/li>\n<li class=\"\" data-start=\"1436\" data-end=\"1471\">\n<p class=\"\" data-start=\"1438\" data-end=\"1471\">Rendement : jusqu\u2019\u00e0 1 600 pages<\/p>\n<\/li>\n<li class=\"\" data-start=\"1472\" data-end=\"1523\">\n<p class=\"\" data-start=\"1474\" data-end=\"1523\">Compatibilit\u00e9 : i-SENSYS LBP112 \/ MF112 \/ MF113w\u2026<\/p>\n<\/li>\n<\/ul>\n<h3 data-start=\"1525\" data-end=\"1663\"><strong data-start=\"1525\" data-end=\"1546\">Performance Canon<\/strong><\/h3>\n<p class=\"\" data-start=\"1525\" data-end=\"1663\">Le Canon 047 offre une impression stable et \u00e9conomique, tout en conservant une excellente qualit\u00e9 de page en page.<\/p>","protected":false},"excerpt":{"rendered":"<p>Le toner Canon 047 noir garantit des impressions nettes et fiables pour les imprimantes laser Canon compactes. Avec une capacit\u00e9 d\u2019environ 1 600 pages, il est id\u00e9al pour les utilisateurs domestiques et les petits bureaux. Facile \u00e0 installer, il assure une qualit\u00e9 constante \u00e0 chaque tirage.<\/p>","protected":false},"featured_media":1099,"comment_status":"open","ping_status":"closed","template":"","meta":{"_monsterinsights_skip_tracking":false,"_monsterinsights_sitenote_active":false,"_monsterinsights_sitenote_note":"","_monsterinsights_sitenote_category":0},"product_brand":[826],"product_cat":[224],"product_tag":[378,236,1096,1097,1098,1099,876,849,852,870,377,254,379],"class_list":{"0":"post-762","1":"product","2":"type-product","3":"status-publish","4":"has-post-thumbnail","6":"product_brand-canon","7":"product_cat-consemable","8":"product_tag-378","9":"product_tag-canon","10":"product_tag-canon-i-sensys-lbp112","11":"product_tag-canon-i-sensys-lbp113w","12":"product_tag-canon-i-sensys-mf112","13":"product_tag-canon-i-sensys-mf113w","14":"product_tag-compatible","15":"product_tag-consomable","16":"product_tag-laser","17":"product_tag-lazer","18":"product_tag-lbp112-113-mf112-047","19":"product_tag-toner","20":"product_tag-toner-canon-lbp112-113-mf112-047","22":"first","23":"instock","24":"purchasable","25":"product-type-simple"},"yoast_head":"<!-- This site is optimized with the Yoast SEO plugin v27.4 - https:\/\/yoast.com\/product\/yoast-seo-wordpress\/ -->\n<title>Toner Canon lbp112\/113\/mf112-047 - mersatradedz<\/title>\n<meta name=\"robots\" content=\"index, follow, max-snippet:-1, max-image-preview:large, max-video-preview:-1\" \/>\n<link rel=\"canonical\" href=\"https:\/\/mersatradedz.com\/ar\/product\/toner-canon-lbp112-113-mf112-047\/\" \/>\n<meta property=\"og:locale\" content=\"ar_AR\" \/>\n<meta property=\"og:type\" content=\"article\" \/>\n<meta property=\"og:title\" content=\"Toner Canon lbp112\/113\/mf112-047 - mersatradedz\" \/>\n<meta property=\"og:description\" content=\"Le toner Canon 047 noir garantit des impressions nettes et fiables pour les imprimantes laser Canon compactes. Avec une capacit\u00e9 d\u2019environ 1 600 pages, il est id\u00e9al pour les utilisateurs domestiques et les petits bureaux. Facile \u00e0 installer, il assure une qualit\u00e9 constante \u00e0 chaque tirage.\" \/>\n<meta property=\"og:url\" content=\"https:\/\/mersatradedz.com\/ar\/product\/toner-canon-lbp112-113-mf112-047\/\" \/>\n<meta property=\"og:site_name\" content=\"mersatradedz\" \/>\n<meta property=\"article:publisher\" content=\"https:\/\/www.facebook.com\/ntbidz\" \/>\n<meta property=\"article:modified_time\" content=\"2025-05-21T13:34:13+00:00\" \/>\n<meta property=\"og:image\" content=\"https:\/\/mersatradedz.com\/wp-content\/uploads\/2023\/07\/2550.jpg\" \/>\n\t<meta property=\"og:image:width\" content=\"680\" \/>\n\t<meta property=\"og:image:height\" content=\"680\" \/>\n\t<meta property=\"og:image:type\" content=\"image\/jpeg\" \/>\n<meta name=\"twitter:card\" content=\"summary_large_image\" \/>\n<meta name=\"twitter:label1\" content=\"\u0648\u0642\u062a \u0627\u0644\u0642\u0631\u0627\u0621\u0629 \u0627\u0644\u0645\u064f\u0642\u062f\u0651\u0631\" \/>\n\t<meta name=\"twitter:data1\" content=\"\u062f\u0642\u064a\u0642\u0629 \u0648\u0627\u062d\u062f\u0629\" \/>\n<script type=\"application\/ld+json\" class=\"yoast-schema-graph\">{\"@context\":\"https:\\\/\\\/schema.org\",\"@graph\":[{\"@type\":\"WebPage\",\"@id\":\"https:\\\/\\\/mersatradedz.com\\\/product\\\/toner-canon-lbp112-113-mf112-047\\\/\",\"url\":\"https:\\\/\\\/mersatradedz.com\\\/product\\\/toner-canon-lbp112-113-mf112-047\\\/\",\"name\":\"Toner Canon lbp112\\\/113\\\/mf112-047 - mersatradedz\",\"isPartOf\":{\"@id\":\"https:\\\/\\\/mersatradedz.com\\\/#website\"},\"primaryImageOfPage\":{\"@id\":\"https:\\\/\\\/mersatradedz.com\\\/product\\\/toner-canon-lbp112-113-mf112-047\\\/#primaryimage\"},\"image\":{\"@id\":\"https:\\\/\\\/mersatradedz.com\\\/product\\\/toner-canon-lbp112-113-mf112-047\\\/#primaryimage\"},\"thumbnailUrl\":\"https:\\\/\\\/mersatradedz.com\\\/wp-content\\\/uploads\\\/2023\\\/07\\\/2550.jpg\",\"datePublished\":\"2023-05-21T20:42:08+00:00\",\"dateModified\":\"2025-05-21T13:34:13+00:00\",\"breadcrumb\":{\"@id\":\"https:\\\/\\\/mersatradedz.com\\\/product\\\/toner-canon-lbp112-113-mf112-047\\\/#breadcrumb\"},\"inLanguage\":\"ar\",\"potentialAction\":[{\"@type\":\"ReadAction\",\"target\":[\"https:\\\/\\\/mersatradedz.com\\\/product\\\/toner-canon-lbp112-113-mf112-047\\\/\"]}]},{\"@type\":\"ImageObject\",\"inLanguage\":\"ar\",\"@id\":\"https:\\\/\\\/mersatradedz.com\\\/product\\\/toner-canon-lbp112-113-mf112-047\\\/#primaryimage\",\"url\":\"https:\\\/\\\/mersatradedz.com\\\/wp-content\\\/uploads\\\/2023\\\/07\\\/2550.jpg\",\"contentUrl\":\"https:\\\/\\\/mersatradedz.com\\\/wp-content\\\/uploads\\\/2023\\\/07\\\/2550.jpg\",\"width\":680,\"height\":680},{\"@type\":\"BreadcrumbList\",\"@id\":\"https:\\\/\\\/mersatradedz.com\\\/product\\\/toner-canon-lbp112-113-mf112-047\\\/#breadcrumb\",\"itemListElement\":[{\"@type\":\"ListItem\",\"position\":1,\"name\":\"Home\",\"item\":\"https:\\\/\\\/mersatradedz.com\\\/ar\\\/\"},{\"@type\":\"ListItem\",\"position\":2,\"name\":\"Boutique\",\"item\":\"https:\\\/\\\/mersatradedz.com\\\/shop\\\/\"},{\"@type\":\"ListItem\",\"position\":3,\"name\":\"Toner Canon lbp112\\\/113\\\/mf112-047\"}]},{\"@type\":\"WebSite\",\"@id\":\"https:\\\/\\\/mersatradedz.com\\\/#website\",\"url\":\"https:\\\/\\\/mersatradedz.com\\\/\",\"name\":\"mersatradedz\",\"description\":\"\",\"publisher\":{\"@id\":\"https:\\\/\\\/mersatradedz.com\\\/#organization\"},\"potentialAction\":[{\"@type\":\"SearchAction\",\"target\":{\"@type\":\"EntryPoint\",\"urlTemplate\":\"https:\\\/\\\/mersatradedz.com\\\/?s={search_term_string}\"},\"query-input\":{\"@type\":\"PropertyValueSpecification\",\"valueRequired\":true,\"valueName\":\"search_term_string\"}}],\"inLanguage\":\"ar\"},{\"@type\":\"Organization\",\"@id\":\"https:\\\/\\\/mersatradedz.com\\\/#organization\",\"name\":\"mersa trade\",\"url\":\"https:\\\/\\\/mersatradedz.com\\\/\",\"logo\":{\"@type\":\"ImageObject\",\"inLanguage\":\"ar\",\"@id\":\"https:\\\/\\\/mersatradedz.com\\\/#\\\/schema\\\/logo\\\/image\\\/\",\"url\":\"https:\\\/\\\/mersatradedz.com\\\/wp-content\\\/uploads\\\/2023\\\/07\\\/cropped-1684191296456.jpg\",\"contentUrl\":\"https:\\\/\\\/mersatradedz.com\\\/wp-content\\\/uploads\\\/2023\\\/07\\\/cropped-1684191296456.jpg\",\"width\":1451,\"height\":955,\"caption\":\"mersa trade\"},\"image\":{\"@id\":\"https:\\\/\\\/mersatradedz.com\\\/#\\\/schema\\\/logo\\\/image\\\/\"},\"sameAs\":[\"https:\\\/\\\/www.facebook.com\\\/ntbidz\"]}]}<\/script>\n<!-- \/ Yoast SEO plugin. -->","yoast_head_json":{"title":"Toner Canon lbp112\/113\/mf112-047 - mersatradedz","robots":{"index":"index","follow":"follow","max-snippet":"max-snippet:-1","max-image-preview":"max-image-preview:large","max-video-preview":"max-video-preview:-1"},"canonical":"https:\/\/mersatradedz.com\/ar\/product\/toner-canon-lbp112-113-mf112-047\/","og_locale":"ar_AR","og_type":"article","og_title":"Toner Canon lbp112\/113\/mf112-047 - mersatradedz","og_description":"Le toner Canon 047 noir garantit des impressions nettes et fiables pour les imprimantes laser Canon compactes. Avec une capacit\u00e9 d\u2019environ 1 600 pages, il est id\u00e9al pour les utilisateurs domestiques et les petits bureaux. Facile \u00e0 installer, il assure une qualit\u00e9 constante \u00e0 chaque tirage.","og_url":"https:\/\/mersatradedz.com\/ar\/product\/toner-canon-lbp112-113-mf112-047\/","og_site_name":"mersatradedz","article_publisher":"https:\/\/www.facebook.com\/ntbidz","article_modified_time":"2025-05-21T13:34:13+00:00","og_image":[{"width":680,"height":680,"url":"https:\/\/mersatradedz.com\/wp-content\/uploads\/2023\/07\/2550.jpg","type":"image\/jpeg"}],"twitter_card":"summary_large_image","twitter_misc":{"\u0648\u0642\u062a \u0627\u0644\u0642\u0631\u0627\u0621\u0629 \u0627\u0644\u0645\u064f\u0642\u062f\u0651\u0631":"\u062f\u0642\u064a\u0642\u0629 \u0648\u0627\u062d\u062f\u0629"},"schema":{"@context":"https:\/\/schema.org","@graph":[{"@type":"WebPage","@id":"https:\/\/mersatradedz.com\/product\/toner-canon-lbp112-113-mf112-047\/","url":"https:\/\/mersatradedz.com\/product\/toner-canon-lbp112-113-mf112-047\/","name":"Toner Canon lbp112\/113\/mf112-047 - mersatradedz","isPartOf":{"@id":"https:\/\/mersatradedz.com\/#website"},"primaryImageOfPage":{"@id":"https:\/\/mersatradedz.com\/product\/toner-canon-lbp112-113-mf112-047\/#primaryimage"},"image":{"@id":"https:\/\/mersatradedz.com\/product\/toner-canon-lbp112-113-mf112-047\/#primaryimage"},"thumbnailUrl":"https:\/\/mersatradedz.com\/wp-content\/uploads\/2023\/07\/2550.jpg","datePublished":"2023-05-21T20:42:08+00:00","dateModified":"2025-05-21T13:34:13+00:00","breadcrumb":{"@id":"https:\/\/mersatradedz.com\/product\/toner-canon-lbp112-113-mf112-047\/#breadcrumb"},"inLanguage":"ar","potentialAction":[{"@type":"ReadAction","target":["https:\/\/mersatradedz.com\/product\/toner-canon-lbp112-113-mf112-047\/"]}]},{"@type":"ImageObject","inLanguage":"ar","@id":"https:\/\/mersatradedz.com\/product\/toner-canon-lbp112-113-mf112-047\/#primaryimage","url":"https:\/\/mersatradedz.com\/wp-content\/uploads\/2023\/07\/2550.jpg","contentUrl":"https:\/\/mersatradedz.com\/wp-content\/uploads\/2023\/07\/2550.jpg","width":680,"height":680},{"@type":"BreadcrumbList","@id":"https:\/\/mersatradedz.com\/product\/toner-canon-lbp112-113-mf112-047\/#breadcrumb","itemListElement":[{"@type":"ListItem","position":1,"name":"Home","item":"https:\/\/mersatradedz.com\/ar\/"},{"@type":"ListItem","position":2,"name":"Boutique","item":"https:\/\/mersatradedz.com\/shop\/"},{"@type":"ListItem","position":3,"name":"Toner Canon lbp112\/113\/mf112-047"}]},{"@type":"WebSite","@id":"https:\/\/mersatradedz.com\/#website","url":"https:\/\/mersatradedz.com\/","name":"mersatradedz","description":"","publisher":{"@id":"https:\/\/mersatradedz.com\/#organization"},"potentialAction":[{"@type":"SearchAction","target":{"@type":"EntryPoint","urlTemplate":"https:\/\/mersatradedz.com\/?s={search_term_string}"},"query-input":{"@type":"PropertyValueSpecification","valueRequired":true,"valueName":"search_term_string"}}],"inLanguage":"ar"},{"@type":"Organization","@id":"https:\/\/mersatradedz.com\/#organization","name":"mersa trade","url":"https:\/\/mersatradedz.com\/","logo":{"@type":"ImageObject","inLanguage":"ar","@id":"https:\/\/mersatradedz.com\/#\/schema\/logo\/image\/","url":"https:\/\/mersatradedz.com\/wp-content\/uploads\/2023\/07\/cropped-1684191296456.jpg","contentUrl":"https:\/\/mersatradedz.com\/wp-content\/uploads\/2023\/07\/cropped-1684191296456.jpg","width":1451,"height":955,"caption":"mersa trade"},"image":{"@id":"https:\/\/mersatradedz.com\/#\/schema\/logo\/image\/"},"sameAs":["https:\/\/www.facebook.com\/ntbidz"]}]}},"jetpack_sharing_enabled":true,"_links":{"self":[{"href":"https:\/\/mersatradedz.com\/ar\/wp-json\/wp\/v2\/product\/762","targetHints":{"allow":["GET"]}}],"collection":[{"href":"https:\/\/mersatradedz.com\/ar\/wp-json\/wp\/v2\/product"}],"about":[{"href":"https:\/\/mersatradedz.com\/ar\/wp-json\/wp\/v2\/types\/product"}],"replies":[{"embeddable":true,"href":"https:\/\/mersatradedz.com\/ar\/wp-json\/wp\/v2\/comments?post=762"}],"wp:featuredmedia":[{"embeddable":true,"href":"https:\/\/mersatradedz.com\/ar\/wp-json\/wp\/v2\/media\/1099"}],"wp:attachment":[{"href":"https:\/\/mersatradedz.com\/ar\/wp-json\/wp\/v2\/media?parent=762"}],"wp:term":[{"taxonomy":"product_brand","embeddable":true,"href":"https:\/\/mersatradedz.com\/ar\/wp-json\/wp\/v2\/product_brand?post=762"},{"taxonomy":"product_cat","embeddable":true,"href":"https:\/\/mersatradedz.com\/ar\/wp-json\/wp\/v2\/product_cat?post=762"},{"taxonomy":"product_tag","embeddable":true,"href":"https:\/\/mersatradedz.com\/ar\/wp-json\/wp\/v2\/product_tag?post=762"}],"curies":[{"name":"wp","href":"https:\/\/api.w.org\/{rel}","templated":true}]}}