{"id":764,"date":"2023-05-21T20:43:48","date_gmt":"2023-05-21T20:43:48","guid":{"rendered":"https:\/\/mersatradedz.com\/?post_type=product&#038;p=764"},"modified":"2025-05-21T15:32:36","modified_gmt":"2025-05-21T14:32:36","slug":"toner-canon-mf421-052","status":"publish","type":"product","link":"https:\/\/mersatradedz.com\/ar\/product\/toner-canon-mf421-052\/","title":{"rendered":"Toner Canon mf421-052"},"content":{"rendered":"<h3 data-start=\"693\" data-end=\"888\"><strong data-start=\"693\" data-end=\"719\">R\u00e9sultat professionnel<\/strong><\/h3>\n<p class=\"\" data-start=\"693\" data-end=\"888\">Le Canon 052 offre une qualit\u00e9 d\u2019impression constante, avec un noir profond et bien d\u00e9fini. Parfait pour les documents texte, rapports et impressions administratives.<\/p>\n<h3 data-start=\"890\" data-end=\"960\"><strong data-start=\"890\" data-end=\"916\">Compatibilit\u00e9 parfaite<\/strong><\/h3>\n<p class=\"\" data-start=\"890\" data-end=\"960\">Compatible avec les imprimantes Canon :<\/p>\n<p style=\"padding-left: 40px\">Canon LBP 212dw , Canon LBP 214dw , Canon LBP 215x , Canon MF 421dw , Canon MF 426dw , Canon MF 428x , Canon MF 429x , Canon i-Sensys LBP212dw , Canon i-Sensys LBP214dw , Canon i-Sensys LBP215x , Canon i-Sensys MF421dw , Canon i-Sensys MF426dw , Canon i-Sensys MF428x , Canon i-Sensys MF429x.<\/p>\n<h3 data-start=\"1107\" data-end=\"1264\"><strong data-start=\"1107\" data-end=\"1124\">Bon rendement<\/strong><\/h3>\n<p class=\"\" data-start=\"1107\" data-end=\"1264\">Jusqu\u2019\u00e0 <strong data-start=\"1135\" data-end=\"1150\">3 100 pages<\/strong> \u00e0 5 % de couverture. Con\u00e7u pour les besoins des petites entreprises ou des utilisateurs professionnels r\u00e9guliers.<\/p>\n<h3 data-start=\"1266\" data-end=\"1389\"><strong data-start=\"1266\" data-end=\"1288\">Utilisation facile<\/strong><\/h3>\n<p class=\"\" data-start=\"1266\" data-end=\"1389\">Installation rapide, d\u00e9tection imm\u00e9diate par l\u2019imprimante. Aucun entretien particulier n\u00e9cessaire.<\/p>\n<h3 data-start=\"1391\" data-end=\"1418\"><strong data-start=\"1391\" data-end=\"1416\">Caract\u00e9ristiques cl\u00e9s<\/strong><\/h3>\n<ul data-start=\"1419\" data-end=\"1571\">\n<li class=\"\" data-start=\"1419\" data-end=\"1441\">\n<p class=\"\" data-start=\"1421\" data-end=\"1441\">Mod\u00e8le : Canon 052<\/p>\n<\/li>\n<li class=\"\" data-start=\"1442\" data-end=\"1460\">\n<p class=\"\" data-start=\"1444\" data-end=\"1460\">Couleur : Noir<\/p>\n<\/li>\n<li class=\"\" data-start=\"1461\" data-end=\"1495\">\n<p class=\"\" data-start=\"1463\" data-end=\"1495\">Technologie : laser monochrome<\/p>\n<\/li>\n<li class=\"\" data-start=\"1496\" data-end=\"1523\">\n<p class=\"\" data-start=\"1498\" data-end=\"1523\">Rendement : 3 100 pages<\/p>\n<\/li>\n<li class=\"\" data-start=\"1524\" data-end=\"1571\">\n<p class=\"\" data-start=\"1526\" data-end=\"1571\">Compatibilit\u00e9 : S\u00e9rie Canon i-SENSYS MF \/ LBP<\/p>\n<\/li>\n<\/ul>\n<h3 data-start=\"1573\" data-end=\"1733\"><strong data-start=\"1573\" data-end=\"1592\">Fiabilit\u00e9 Canon<\/strong><\/h3>\n<p class=\"\" data-start=\"1573\" data-end=\"1733\">Le toner 052 allie performance, stabilit\u00e9 et ma\u00eetrise des co\u00fbts d\u2019impression. Un choix s\u00fbr pour les utilisateurs professionnels exigeants.<\/p>","protected":false},"excerpt":{"rendered":"<p class=\"\" data-start=\"331\" data-end=\"619\">Le toner Canon 052 noir garantit des impressions laser nettes et professionnelles, avec un rendement d\u2019environ 3 100 pages. Id\u00e9al pour les bureaux et environnements \u00e0 usage mod\u00e9r\u00e9, il est compatible avec plusieurs imprimantes i-SENSYS. Fiable, rapide \u00e0 installer, et \u00e9conomique \u00e0 l\u2019usage.<\/p>","protected":false},"featured_media":1092,"comment_status":"open","ping_status":"closed","template":"","meta":{"_monsterinsights_skip_tracking":false,"_monsterinsights_sitenote_active":false,"_monsterinsights_sitenote_note":"","_monsterinsights_sitenote_category":0},"product_brand":[826],"product_cat":[224],"product_tag":[381,236,1140,1141,1142,1143,1144,1145,1146,1133,1134,1135,1136,1137,1138,1139,876,849,852,870,380,254,382],"class_list":{"0":"post-764","1":"product","2":"type-product","3":"status-publish","4":"has-post-thumbnail","6":"product_brand-canon","7":"product_cat-consemable","8":"product_tag-381","9":"product_tag-canon","10":"product_tag-canon-i-sensys-lbp212dw","11":"product_tag-canon-i-sensys-lbp214dw","12":"product_tag-canon-i-sensys-lbp215x","13":"product_tag-canon-i-sensys-mf421dw","14":"product_tag-canon-i-sensys-mf426dw","15":"product_tag-canon-i-sensys-mf428x","16":"product_tag-canon-i-sensys-mf429x","17":"product_tag-canon-lbp-212dw","18":"product_tag-canon-lbp-214dw","19":"product_tag-canon-lbp-215x","20":"product_tag-canon-mf-421dw","21":"product_tag-canon-mf-426dw","22":"product_tag-canon-mf-428x","23":"product_tag-canon-mf-429x","24":"product_tag-compatible","25":"product_tag-consomable","26":"product_tag-laser","27":"product_tag-lazer","28":"product_tag-mf421-052","29":"product_tag-toner","30":"product_tag-toner-canon-mf421-052","32":"first","33":"instock","34":"purchasable","35":"product-type-simple"},"yoast_head":"<!-- This site is optimized with the Yoast SEO plugin v27.4 - https:\/\/yoast.com\/product\/yoast-seo-wordpress\/ -->\n<title>Toner Canon mf421-052 - mersatradedz<\/title>\n<meta name=\"robots\" content=\"index, follow, max-snippet:-1, max-image-preview:large, max-video-preview:-1\" \/>\n<link rel=\"canonical\" href=\"https:\/\/mersatradedz.com\/ar\/product\/toner-canon-mf421-052\/\" \/>\n<meta property=\"og:locale\" content=\"ar_AR\" \/>\n<meta property=\"og:type\" content=\"article\" \/>\n<meta property=\"og:title\" content=\"Toner Canon mf421-052 - mersatradedz\" \/>\n<meta property=\"og:description\" content=\"Le toner Canon 052 noir garantit des impressions laser nettes et professionnelles, avec un rendement d\u2019environ 3 100 pages. Id\u00e9al pour les bureaux et environnements \u00e0 usage mod\u00e9r\u00e9, il est compatible avec plusieurs imprimantes i-SENSYS. Fiable, rapide \u00e0 installer, et \u00e9conomique \u00e0 l\u2019usage.\" \/>\n<meta property=\"og:url\" content=\"https:\/\/mersatradedz.com\/ar\/product\/toner-canon-mf421-052\/\" \/>\n<meta property=\"og:site_name\" content=\"mersatradedz\" \/>\n<meta property=\"article:publisher\" content=\"https:\/\/www.facebook.com\/ntbidz\" \/>\n<meta property=\"article:modified_time\" content=\"2025-05-21T14:32:36+00:00\" \/>\n<meta property=\"og:image\" content=\"https:\/\/mersatradedz.com\/wp-content\/uploads\/2023\/07\/1922.jpg\" \/>\n\t<meta property=\"og:image:width\" content=\"400\" \/>\n\t<meta property=\"og:image:height\" content=\"300\" \/>\n\t<meta property=\"og:image:type\" content=\"image\/jpeg\" \/>\n<meta name=\"twitter:card\" content=\"summary_large_image\" \/>\n<meta name=\"twitter:label1\" content=\"\u0648\u0642\u062a \u0627\u0644\u0642\u0631\u0627\u0621\u0629 \u0627\u0644\u0645\u064f\u0642\u062f\u0651\u0631\" \/>\n\t<meta name=\"twitter:data1\" content=\"\u062f\u0642\u064a\u0642\u0629 \u0648\u0627\u062d\u062f\u0629\" \/>\n<script type=\"application\/ld+json\" class=\"yoast-schema-graph\">{\"@context\":\"https:\\\/\\\/schema.org\",\"@graph\":[{\"@type\":\"WebPage\",\"@id\":\"https:\\\/\\\/mersatradedz.com\\\/product\\\/toner-canon-mf421-052\\\/\",\"url\":\"https:\\\/\\\/mersatradedz.com\\\/product\\\/toner-canon-mf421-052\\\/\",\"name\":\"Toner Canon mf421-052 - mersatradedz\",\"isPartOf\":{\"@id\":\"https:\\\/\\\/mersatradedz.com\\\/#website\"},\"primaryImageOfPage\":{\"@id\":\"https:\\\/\\\/mersatradedz.com\\\/product\\\/toner-canon-mf421-052\\\/#primaryimage\"},\"image\":{\"@id\":\"https:\\\/\\\/mersatradedz.com\\\/product\\\/toner-canon-mf421-052\\\/#primaryimage\"},\"thumbnailUrl\":\"https:\\\/\\\/mersatradedz.com\\\/wp-content\\\/uploads\\\/2023\\\/07\\\/1922.jpg\",\"datePublished\":\"2023-05-21T20:43:48+00:00\",\"dateModified\":\"2025-05-21T14:32:36+00:00\",\"breadcrumb\":{\"@id\":\"https:\\\/\\\/mersatradedz.com\\\/product\\\/toner-canon-mf421-052\\\/#breadcrumb\"},\"inLanguage\":\"ar\",\"potentialAction\":[{\"@type\":\"ReadAction\",\"target\":[\"https:\\\/\\\/mersatradedz.com\\\/product\\\/toner-canon-mf421-052\\\/\"]}]},{\"@type\":\"ImageObject\",\"inLanguage\":\"ar\",\"@id\":\"https:\\\/\\\/mersatradedz.com\\\/product\\\/toner-canon-mf421-052\\\/#primaryimage\",\"url\":\"https:\\\/\\\/mersatradedz.com\\\/wp-content\\\/uploads\\\/2023\\\/07\\\/1922.jpg\",\"contentUrl\":\"https:\\\/\\\/mersatradedz.com\\\/wp-content\\\/uploads\\\/2023\\\/07\\\/1922.jpg\",\"width\":400,\"height\":300},{\"@type\":\"BreadcrumbList\",\"@id\":\"https:\\\/\\\/mersatradedz.com\\\/product\\\/toner-canon-mf421-052\\\/#breadcrumb\",\"itemListElement\":[{\"@type\":\"ListItem\",\"position\":1,\"name\":\"Home\",\"item\":\"https:\\\/\\\/mersatradedz.com\\\/ar\\\/\"},{\"@type\":\"ListItem\",\"position\":2,\"name\":\"Boutique\",\"item\":\"https:\\\/\\\/mersatradedz.com\\\/shop\\\/\"},{\"@type\":\"ListItem\",\"position\":3,\"name\":\"Toner Canon mf421-052\"}]},{\"@type\":\"WebSite\",\"@id\":\"https:\\\/\\\/mersatradedz.com\\\/#website\",\"url\":\"https:\\\/\\\/mersatradedz.com\\\/\",\"name\":\"mersatradedz\",\"description\":\"\",\"publisher\":{\"@id\":\"https:\\\/\\\/mersatradedz.com\\\/#organization\"},\"potentialAction\":[{\"@type\":\"SearchAction\",\"target\":{\"@type\":\"EntryPoint\",\"urlTemplate\":\"https:\\\/\\\/mersatradedz.com\\\/?s={search_term_string}\"},\"query-input\":{\"@type\":\"PropertyValueSpecification\",\"valueRequired\":true,\"valueName\":\"search_term_string\"}}],\"inLanguage\":\"ar\"},{\"@type\":\"Organization\",\"@id\":\"https:\\\/\\\/mersatradedz.com\\\/#organization\",\"name\":\"mersa trade\",\"url\":\"https:\\\/\\\/mersatradedz.com\\\/\",\"logo\":{\"@type\":\"ImageObject\",\"inLanguage\":\"ar\",\"@id\":\"https:\\\/\\\/mersatradedz.com\\\/#\\\/schema\\\/logo\\\/image\\\/\",\"url\":\"https:\\\/\\\/mersatradedz.com\\\/wp-content\\\/uploads\\\/2023\\\/07\\\/cropped-1684191296456.jpg\",\"contentUrl\":\"https:\\\/\\\/mersatradedz.com\\\/wp-content\\\/uploads\\\/2023\\\/07\\\/cropped-1684191296456.jpg\",\"width\":1451,\"height\":955,\"caption\":\"mersa trade\"},\"image\":{\"@id\":\"https:\\\/\\\/mersatradedz.com\\\/#\\\/schema\\\/logo\\\/image\\\/\"},\"sameAs\":[\"https:\\\/\\\/www.facebook.com\\\/ntbidz\"]}]}<\/script>\n<!-- \/ Yoast SEO plugin. -->","yoast_head_json":{"title":"Toner Canon mf421-052 - mersatradedz","robots":{"index":"index","follow":"follow","max-snippet":"max-snippet:-1","max-image-preview":"max-image-preview:large","max-video-preview":"max-video-preview:-1"},"canonical":"https:\/\/mersatradedz.com\/ar\/product\/toner-canon-mf421-052\/","og_locale":"ar_AR","og_type":"article","og_title":"Toner Canon mf421-052 - mersatradedz","og_description":"Le toner Canon 052 noir garantit des impressions laser nettes et professionnelles, avec un rendement d\u2019environ 3 100 pages. Id\u00e9al pour les bureaux et environnements \u00e0 usage mod\u00e9r\u00e9, il est compatible avec plusieurs imprimantes i-SENSYS. Fiable, rapide \u00e0 installer, et \u00e9conomique \u00e0 l\u2019usage.","og_url":"https:\/\/mersatradedz.com\/ar\/product\/toner-canon-mf421-052\/","og_site_name":"mersatradedz","article_publisher":"https:\/\/www.facebook.com\/ntbidz","article_modified_time":"2025-05-21T14:32:36+00:00","og_image":[{"width":400,"height":300,"url":"https:\/\/mersatradedz.com\/wp-content\/uploads\/2023\/07\/1922.jpg","type":"image\/jpeg"}],"twitter_card":"summary_large_image","twitter_misc":{"\u0648\u0642\u062a \u0627\u0644\u0642\u0631\u0627\u0621\u0629 \u0627\u0644\u0645\u064f\u0642\u062f\u0651\u0631":"\u062f\u0642\u064a\u0642\u0629 \u0648\u0627\u062d\u062f\u0629"},"schema":{"@context":"https:\/\/schema.org","@graph":[{"@type":"WebPage","@id":"https:\/\/mersatradedz.com\/product\/toner-canon-mf421-052\/","url":"https:\/\/mersatradedz.com\/product\/toner-canon-mf421-052\/","name":"Toner Canon mf421-052 - mersatradedz","isPartOf":{"@id":"https:\/\/mersatradedz.com\/#website"},"primaryImageOfPage":{"@id":"https:\/\/mersatradedz.com\/product\/toner-canon-mf421-052\/#primaryimage"},"image":{"@id":"https:\/\/mersatradedz.com\/product\/toner-canon-mf421-052\/#primaryimage"},"thumbnailUrl":"https:\/\/mersatradedz.com\/wp-content\/uploads\/2023\/07\/1922.jpg","datePublished":"2023-05-21T20:43:48+00:00","dateModified":"2025-05-21T14:32:36+00:00","breadcrumb":{"@id":"https:\/\/mersatradedz.com\/product\/toner-canon-mf421-052\/#breadcrumb"},"inLanguage":"ar","potentialAction":[{"@type":"ReadAction","target":["https:\/\/mersatradedz.com\/product\/toner-canon-mf421-052\/"]}]},{"@type":"ImageObject","inLanguage":"ar","@id":"https:\/\/mersatradedz.com\/product\/toner-canon-mf421-052\/#primaryimage","url":"https:\/\/mersatradedz.com\/wp-content\/uploads\/2023\/07\/1922.jpg","contentUrl":"https:\/\/mersatradedz.com\/wp-content\/uploads\/2023\/07\/1922.jpg","width":400,"height":300},{"@type":"BreadcrumbList","@id":"https:\/\/mersatradedz.com\/product\/toner-canon-mf421-052\/#breadcrumb","itemListElement":[{"@type":"ListItem","position":1,"name":"Home","item":"https:\/\/mersatradedz.com\/ar\/"},{"@type":"ListItem","position":2,"name":"Boutique","item":"https:\/\/mersatradedz.com\/shop\/"},{"@type":"ListItem","position":3,"name":"Toner Canon mf421-052"}]},{"@type":"WebSite","@id":"https:\/\/mersatradedz.com\/#website","url":"https:\/\/mersatradedz.com\/","name":"mersatradedz","description":"","publisher":{"@id":"https:\/\/mersatradedz.com\/#organization"},"potentialAction":[{"@type":"SearchAction","target":{"@type":"EntryPoint","urlTemplate":"https:\/\/mersatradedz.com\/?s={search_term_string}"},"query-input":{"@type":"PropertyValueSpecification","valueRequired":true,"valueName":"search_term_string"}}],"inLanguage":"ar"},{"@type":"Organization","@id":"https:\/\/mersatradedz.com\/#organization","name":"mersa trade","url":"https:\/\/mersatradedz.com\/","logo":{"@type":"ImageObject","inLanguage":"ar","@id":"https:\/\/mersatradedz.com\/#\/schema\/logo\/image\/","url":"https:\/\/mersatradedz.com\/wp-content\/uploads\/2023\/07\/cropped-1684191296456.jpg","contentUrl":"https:\/\/mersatradedz.com\/wp-content\/uploads\/2023\/07\/cropped-1684191296456.jpg","width":1451,"height":955,"caption":"mersa trade"},"image":{"@id":"https:\/\/mersatradedz.com\/#\/schema\/logo\/image\/"},"sameAs":["https:\/\/www.facebook.com\/ntbidz"]}]}},"jetpack_sharing_enabled":true,"_links":{"self":[{"href":"https:\/\/mersatradedz.com\/ar\/wp-json\/wp\/v2\/product\/764","targetHints":{"allow":["GET"]}}],"collection":[{"href":"https:\/\/mersatradedz.com\/ar\/wp-json\/wp\/v2\/product"}],"about":[{"href":"https:\/\/mersatradedz.com\/ar\/wp-json\/wp\/v2\/types\/product"}],"replies":[{"embeddable":true,"href":"https:\/\/mersatradedz.com\/ar\/wp-json\/wp\/v2\/comments?post=764"}],"wp:featuredmedia":[{"embeddable":true,"href":"https:\/\/mersatradedz.com\/ar\/wp-json\/wp\/v2\/media\/1092"}],"wp:attachment":[{"href":"https:\/\/mersatradedz.com\/ar\/wp-json\/wp\/v2\/media?parent=764"}],"wp:term":[{"taxonomy":"product_brand","embeddable":true,"href":"https:\/\/mersatradedz.com\/ar\/wp-json\/wp\/v2\/product_brand?post=764"},{"taxonomy":"product_cat","embeddable":true,"href":"https:\/\/mersatradedz.com\/ar\/wp-json\/wp\/v2\/product_cat?post=764"},{"taxonomy":"product_tag","embeddable":true,"href":"https:\/\/mersatradedz.com\/ar\/wp-json\/wp\/v2\/product_tag?post=764"}],"curies":[{"name":"wp","href":"https:\/\/api.w.org\/{rel}","templated":true}]}}