{"id":806,"date":"2023-05-22T19:24:56","date_gmt":"2023-05-22T18:24:56","guid":{"rendered":"https:\/\/mersatradedz.com\/?post_type=product&#038;p=806"},"modified":"2025-03-22T22:33:27","modified_gmt":"2025-03-22T21:33:27","slug":"chaise-operateur-76a","status":"publish","type":"product","link":"https:\/\/mersatradedz.com\/ar\/product\/chaise-operateur-76a\/","title":{"rendered":"CHAISE PDG 76A"},"content":{"rendered":"","protected":false},"excerpt":{"rendered":"<div class=\"woocommerce\">\n<div class=\"woocommerce-notices-wrapper\"><\/div>\n<div class=\"woocommerce-form-coupon-toggle\">\n<div class=\"woocommerce-info\">\n\t\tAvez-vous un code promo\u00a0? <a href=\"#\" class=\"showcoupon\">Cliquez ici pour saisir votre code<\/a>\t<\/div>\n<\/div>\n<p>Si vous poss\u00e9dez un code promo, veuillez l\u2019appliquer ci-dessous.<\/p>\n<p class=\"form-row form-row-first\">\n\t\t<label for=\"coupon_code\" class=\"screen-reader-text\">Code promo\u00a0:<\/label><\/p>\n<p class=\"form-row form-row-last\">\n\t\t<button type=\"submit\" class=\"button\" name=\"apply_coupon\" value=\"Appliquer le code promo\">Appliquer le code promo<\/button>\n\t<\/p>\n<div class=\"clear\"><\/div>\n<div class=\"woocommerce-notices-wrapper\"><\/div>\n<div class=\"col2-set\" id=\"customer_details\">\n<div class=\"col-1\">\n<div class=\"woocommerce-billing-fields\">\n<h3>D\u00e9tails de facturation<\/h3>\n<div class=\"woocommerce-billing-fields__field-wrapper\">\n<p class=\"form-row form-row-first thwcfd-required thwcfd-field-wrapper thwcfd-field-text validate-required\" id=\"billing_first_name_field\" data-priority=\"10\"><label for=\"billing_first_name\" class=\"required_field\">Pr\u00e9nom&nbsp;<span class=\"required\" aria-hidden=\"true\">*<\/span><\/label><span class=\"woocommerce-input-wrapper\"><\/span><\/p>\n<p class=\"form-row form-row-last thwcfd-required thwcfd-field-wrapper thwcfd-field-text validate-required\" id=\"billing_last_name_field\" data-priority=\"20\"><label for=\"billing_last_name\" class=\"required_field\">Nom&nbsp;<span class=\"required\" aria-hidden=\"true\">*<\/span><\/label><span class=\"woocommerce-input-wrapper\"><\/span><\/p>\n<p class=\"form-row form-row-wide address-field update_totals_on_change thwcfd-required thwcfd-field-wrapper thwcfd-field-country validate-required\" id=\"billing_country_field\" data-priority=\"30\"><label for=\"billing_country\" class=\"required_field\">Pays\/r\u00e9gion&nbsp;<span class=\"required\" aria-hidden=\"true\">*<\/span><\/label><span class=\"woocommerce-input-wrapper\"><strong>Alg\u00e9rie<\/strong><\/span><\/p>\n<p class=\"form-row form-row-wide address-field thwcfd-required thwcfd-field-wrapper thwcfd-field-state validate-required validate-state\" id=\"billing_state_field\" data-priority=\"60\"><label for=\"billing_state\" class=\"required_field\">R\u00e9gion\u00a0\/\u00a0D\u00e9partement&nbsp;<span class=\"required\" aria-hidden=\"true\">*<\/span><\/label><span class=\"woocommerce-input-wrapper\"><br \/>\n\t\t\t\t\t\tS\u00e9lectionner une option\u2026AdrarChlefLaghouatOum El BouaghiBatnaB\u00e9ja\u00efaBiskraB\u00e9charBlidaBouiraTamanrassetT\u00e9bessaTlemcenTiaretTizi OuzouAlgerDjelfaJijelS\u00e9tifSa\u00efdaSkikdaSidi Bel Abb\u00e8sAnnabaGuelmaConstantineM\u00e9d\u00e9aMostaganemM\u2019SilaMascaraOuarglaOranEl BayadhIlliziBordj Bou Arr\u00e9ridjBoumerd\u00e8sEl TarfTindoufTissemsiltEl OuedKhenchelaSouk AhrasTipasaMilaA\u00efn DeflaNa\u00e2maA\u00efn T\u00e9mouchentGharda\u00efaRelizane<\/span><\/p>\n<p class=\"form-row form-row-wide thwcfd-required thwcfd-field-wrapper thwcfd-field-tel validate-required validate-phone\" id=\"billing_phone_field\" data-priority=\"80\"><label for=\"billing_phone\" class=\"required_field\">T\u00e9l\u00e9phone&nbsp;<span class=\"required\" aria-hidden=\"true\">*<\/span><\/label><span class=\"woocommerce-input-wrapper\"><\/span><\/p>\n<\/p><\/div>\n<\/p><\/div>\n<\/p><\/div>\n<div class=\"col-2\">\n<div class=\"woocommerce-shipping-fields\">\n<h3 id=\"ship-to-different-address\">\n\t\t\t<label class=\"woocommerce-form__label woocommerce-form__label-for-checkbox checkbox\"><br \/>\n\t\t\t\t <span>Exp\u00e9dier \u00e0 une adresse diff\u00e9rente\u00a0?<\/span><br \/>\n\t\t\t<\/label><br \/>\n\t\t<\/h3>\n<div class=\"shipping_address\">\n<div class=\"woocommerce-shipping-fields__field-wrapper\">\n\t\t\t\t\t\t\t<\/div>\n<\/p><\/div>\n<\/p><\/div>\n<div class=\"woocommerce-additional-fields\">\n<div class=\"woocommerce-additional-fields__field-wrapper\">\n<p class=\"form-row notes thwcfd-field-wrapper thwcfd-field-textarea\" id=\"order_comments_field\" data-priority=\"\"><label for=\"order_comments\" class=\"\">Notes de commande&nbsp;<span class=\"optional\">(facultatif)<\/span><\/label><span class=\"woocommerce-input-wrapper\"><textarea name=\"order_comments\" class=\"input-text\" id=\"order_comments\" rows=\"2\" cols=\"5\"><\/textarea><\/span><\/p>\n<\/p><\/div>\n<\/p><\/div>\n<\/p><\/div>\n<\/p><\/div>\n<h3 id=\"order_review_heading\">Votre commande<\/h3>\n<div id=\"order_review\" class=\"woocommerce-checkout-review-order\">\n<table class=\"shop_table woocommerce-checkout-review-order-table\">\n<thead>\n<tr>\n<th class=\"product-name\">Produit<\/th>\n<th class=\"product-total\">Sous-total<\/th>\n<\/tr>\n<\/thead>\n<tbody>\n<tr class=\"cart_item\">\n<td class=\"product-name\">\n\t\t\t\t\t\tSUPORT LAPTOP HOCO AVEC REFROIDISSEMENT&nbsp;\t\t\t\t\t\t <strong class=\"product-quantity\">&times;&nbsp;1<\/strong>\t\t\t\t\t\t\t\t\t\t\t<\/td>\n<td class=\"product-total\">\n\t\t\t\t\t\t<span class=\"woocommerce-Price-amount amount\"><span class=\"woocommerce-Price-currencySymbol\">&#x62f;.&#x62c;<\/span>7,000.00<\/span>\t\t\t\t\t<\/td>\n<\/tr>\n<\/tbody>\n<tfoot>\n<tr class=\"cart-subtotal\">\n<th>Sous-total<\/th>\n<td><span class=\"woocommerce-Price-amount amount\"><span class=\"woocommerce-Price-currencySymbol\">&#x62f;.&#x62c;<\/span>7,000.00<\/span><\/td>\n<\/tr>\n<tr class=\"woocommerce-shipping-totals shipping\">\n<th>Exp\u00e9dition<\/th>\n<td colspan=\"2\" data-title=\"Exp\u00e9dition\">\n\t\tSaisissez votre adresse pour voir les options de livraison.<\/p>\n<\/td>\n<\/tr>\n<tr class=\"order-total\">\n<th>Total<\/th>\n<td><strong><span class=\"woocommerce-Price-amount amount\"><span class=\"woocommerce-Price-currencySymbol\">&#x62f;.&#x62c;<\/span>7,000.00<\/span><\/strong> <\/td>\n<\/tr>\n<\/tfoot>\n<\/table>\n<div id=\"payment\" class=\"woocommerce-checkout-payment\">\n<ul class=\"wc_payment_methods payment_methods methods\">\n<li class=\"wc_payment_method payment_method_cod\">\n<p>\t<label for=\"payment_method_cod\"><br \/>\n\t\tCash on delivery \t<\/label><\/p>\n<div class=\"payment_box payment_method_cod\">\n<p>Pay with cash upon delivery.<\/p>\n<\/p><\/div>\n<\/li>\n<\/ul>\n<div class=\"form-row place-order\">\n<p>\t\t\tVotre navigateur ne supporte pas JavaScript ou bien il est d\u00e9sactiv\u00e9, assurez vous de cliquer sur le bouton <em>Mise \u00e0 Jour Totaux<\/em> avant de passer votre commande. Vous pouvez \u00eatre factur\u00e9 plus que le montant indiqu\u00e9 ci-dessus si vous omettez de le faire.\t\t\t<br \/><button type=\"submit\" class=\"button alt\" name=\"woocommerce_checkout_update_totals\" value=\"Mise \u00e0 jour des totaux\">Mise \u00e0 jour des totaux<\/button><\/p>\n<div class=\"woocommerce-terms-and-conditions-wrapper\">\n<div class=\"woocommerce-privacy-policy-text\">\n<p>Your personal data will be used to process your order, support your experience throughout this website, and for other purposes described in our <a href=\"https:\/\/mersatradedz.com\/ar\/?page_id=3\" class=\"woocommerce-privacy-policy-link\" target=\"_blank\" rel=\"noopener\">politique de confidentialit\u00e9<\/a>.<\/p>\n<\/div><\/div>\n<p>\t\t<button type=\"submit\" class=\"button alt\" name=\"woocommerce_checkout_place_order\" id=\"place_order\" value=\"Acheter\" data-value=\"Acheter\">Acheter<\/button><\/p><\/div>\n<\/div><\/div>\n<p>\t<button type=\"submit\" class=\"button alt\" name=\"woocommerce_checkout_place_order\" id=\"place_order\" value=\"Acheter\" data-value=\"Acheter\">Acheter<\/button><\/p>\n<\/div>","protected":false},"featured_media":1008,"comment_status":"open","ping_status":"closed","template":"","meta":{"_monsterinsights_skip_tracking":false,"_monsterinsights_sitenote_active":false,"_monsterinsights_sitenote_note":"","_monsterinsights_sitenote_category":0},"product_brand":[],"product_cat":[384,383],"product_tag":[455,454,385,456,386],"class_list":{"0":"post-806","1":"product","2":"type-product","3":"status-publish","4":"has-post-thumbnail","6":"product_cat-chaiserie","7":"product_cat-mobilier-bureau","8":"product_tag-455","9":"product_tag-76a","10":"product_tag-chaise","11":"product_tag-chaise-operateur-76a","12":"product_tag-operateur","14":"first","15":"instock","16":"shipping-taxable","17":"purchasable","18":"product-type-simple"},"yoast_head":"<!-- This site is optimized with the Yoast SEO plugin v27.4 - https:\/\/yoast.com\/product\/yoast-seo-wordpress\/ -->\n<title>CHAISE PDG 76A - mersatradedz<\/title>\n<meta name=\"robots\" content=\"index, follow, max-snippet:-1, max-image-preview:large, max-video-preview:-1\" \/>\n<link rel=\"canonical\" href=\"https:\/\/mersatradedz.com\/ar\/product\/chaise-operateur-76a\/\" \/>\n<meta property=\"og:locale\" content=\"ar_AR\" \/>\n<meta property=\"og:type\" content=\"article\" \/>\n<meta property=\"og:title\" content=\"CHAISE PDG 76A - mersatradedz\" \/>\n<meta property=\"og:description\" content=\"Avez-vous un code promo\u00a0? Cliquez ici pour saisir votre code    Si vous poss\u00e9dez un code promo, veuillez l\u2019appliquer ci-dessous.   Code promo\u00a0:      Appliquer le code promo                D\u00e9tails de facturation     Pr\u00e9nom&nbsp;*Nom&nbsp;*Pays\/r\u00e9gion&nbsp;*Alg\u00e9rieR\u00e9gion\u00a0\/\u00a0D\u00e9partement&nbsp;*    S\u00e9lectionner une option\u2026AdrarChlefLaghouatOum El BouaghiBatnaB\u00e9ja\u00efaBiskraB\u00e9charBlidaBouiraTamanrassetT\u00e9bessaTlemcenTiaretTizi OuzouAlgerDjelfaJijelS\u00e9tifSa\u00efdaSkikdaSidi Bel Abb\u00e8sAnnabaGuelmaConstantineM\u00e9d\u00e9aMostaganemM\u2019SilaMascaraOuarglaOranEl BayadhIlliziBordj Bou Arr\u00e9ridjBoumerd\u00e8sEl TarfTindoufTissemsiltEl OuedKhenchelaSouk AhrasTipasaMilaA\u00efn DeflaNa\u00e2maA\u00efn T\u00e9mouchentGharda\u00efaRelizaneT\u00e9l\u00e9phone&nbsp;*                 Exp\u00e9dier \u00e0 une adresse diff\u00e9rente\u00a0?                             Notes de commande&nbsp;(facultatif)               Votre commande         Produit  Sous-total              SUPORT LAPTOP HOCO AVEC REFROIDISSEMENT&nbsp;    &times;&nbsp;1            &#x62f;.&#x62c;7,000.00             Sous-total  &#x62f;.&#x62c;7,000.00          Exp\u00e9dition   Saisissez votre adresse pour voir les options de livraison.                      Total  &#x62f;.&#x62c;7,000.00              Cash on delivery     Pay with cash upon delivery.         Votre navigateur ne supporte pas JavaScript ou bien il est d\u00e9sactiv\u00e9, assurez vous de cliquer sur le bouton Mise \u00e0 Jour Totaux avant de passer votre commande. Vous pouvez \u00eatre factur\u00e9 plus que le montant indiqu\u00e9 ci-dessus si vous omettez de le faire.  Mise \u00e0 jour des totaux      Your personal data will be used to process your order, support your experience throughout this website, and for other purposes described in our politique de confidentialit\u00e9.       Acheter       Acheter\" \/>\n<meta property=\"og:url\" content=\"https:\/\/mersatradedz.com\/ar\/product\/chaise-operateur-76a\/\" \/>\n<meta property=\"og:site_name\" content=\"mersatradedz\" \/>\n<meta property=\"article:publisher\" content=\"https:\/\/www.facebook.com\/ntbidz\" \/>\n<meta property=\"article:modified_time\" content=\"2025-03-22T21:33:27+00:00\" \/>\n<meta property=\"og:image\" content=\"https:\/\/mersatradedz.com\/wp-content\/uploads\/2023\/07\/3494.jpg\" \/>\n\t<meta property=\"og:image:width\" content=\"169\" \/>\n\t<meta property=\"og:image:height\" content=\"299\" \/>\n\t<meta property=\"og:image:type\" content=\"image\/jpeg\" \/>\n<meta name=\"twitter:card\" content=\"summary_large_image\" \/>\n<script type=\"application\/ld+json\" class=\"yoast-schema-graph\">{\"@context\":\"https:\\\/\\\/schema.org\",\"@graph\":[{\"@type\":\"WebPage\",\"@id\":\"https:\\\/\\\/mersatradedz.com\\\/product\\\/chaise-operateur-76a\\\/\",\"url\":\"https:\\\/\\\/mersatradedz.com\\\/product\\\/chaise-operateur-76a\\\/\",\"name\":\"CHAISE PDG 76A - mersatradedz\",\"isPartOf\":{\"@id\":\"https:\\\/\\\/mersatradedz.com\\\/#website\"},\"primaryImageOfPage\":{\"@id\":\"https:\\\/\\\/mersatradedz.com\\\/product\\\/chaise-operateur-76a\\\/#primaryimage\"},\"image\":{\"@id\":\"https:\\\/\\\/mersatradedz.com\\\/product\\\/chaise-operateur-76a\\\/#primaryimage\"},\"thumbnailUrl\":\"https:\\\/\\\/mersatradedz.com\\\/wp-content\\\/uploads\\\/2023\\\/07\\\/3494.jpg\",\"datePublished\":\"2023-05-22T18:24:56+00:00\",\"dateModified\":\"2025-03-22T21:33:27+00:00\",\"breadcrumb\":{\"@id\":\"https:\\\/\\\/mersatradedz.com\\\/product\\\/chaise-operateur-76a\\\/#breadcrumb\"},\"inLanguage\":\"ar\",\"potentialAction\":[{\"@type\":\"ReadAction\",\"target\":[\"https:\\\/\\\/mersatradedz.com\\\/product\\\/chaise-operateur-76a\\\/\"]}]},{\"@type\":\"ImageObject\",\"inLanguage\":\"ar\",\"@id\":\"https:\\\/\\\/mersatradedz.com\\\/product\\\/chaise-operateur-76a\\\/#primaryimage\",\"url\":\"https:\\\/\\\/mersatradedz.com\\\/wp-content\\\/uploads\\\/2023\\\/07\\\/3494.jpg\",\"contentUrl\":\"https:\\\/\\\/mersatradedz.com\\\/wp-content\\\/uploads\\\/2023\\\/07\\\/3494.jpg\",\"width\":169,\"height\":299},{\"@type\":\"BreadcrumbList\",\"@id\":\"https:\\\/\\\/mersatradedz.com\\\/product\\\/chaise-operateur-76a\\\/#breadcrumb\",\"itemListElement\":[{\"@type\":\"ListItem\",\"position\":1,\"name\":\"Home\",\"item\":\"https:\\\/\\\/mersatradedz.com\\\/ar\\\/\"},{\"@type\":\"ListItem\",\"position\":2,\"name\":\"Boutique\",\"item\":\"https:\\\/\\\/mersatradedz.com\\\/shop\\\/\"},{\"@type\":\"ListItem\",\"position\":3,\"name\":\"CHAISE PDG 76A\"}]},{\"@type\":\"WebSite\",\"@id\":\"https:\\\/\\\/mersatradedz.com\\\/#website\",\"url\":\"https:\\\/\\\/mersatradedz.com\\\/\",\"name\":\"mersatradedz\",\"description\":\"\",\"publisher\":{\"@id\":\"https:\\\/\\\/mersatradedz.com\\\/#organization\"},\"potentialAction\":[{\"@type\":\"SearchAction\",\"target\":{\"@type\":\"EntryPoint\",\"urlTemplate\":\"https:\\\/\\\/mersatradedz.com\\\/?s={search_term_string}\"},\"query-input\":{\"@type\":\"PropertyValueSpecification\",\"valueRequired\":true,\"valueName\":\"search_term_string\"}}],\"inLanguage\":\"ar\"},{\"@type\":\"Organization\",\"@id\":\"https:\\\/\\\/mersatradedz.com\\\/#organization\",\"name\":\"mersa trade\",\"url\":\"https:\\\/\\\/mersatradedz.com\\\/\",\"logo\":{\"@type\":\"ImageObject\",\"inLanguage\":\"ar\",\"@id\":\"https:\\\/\\\/mersatradedz.com\\\/#\\\/schema\\\/logo\\\/image\\\/\",\"url\":\"https:\\\/\\\/mersatradedz.com\\\/wp-content\\\/uploads\\\/2023\\\/07\\\/cropped-1684191296456.jpg\",\"contentUrl\":\"https:\\\/\\\/mersatradedz.com\\\/wp-content\\\/uploads\\\/2023\\\/07\\\/cropped-1684191296456.jpg\",\"width\":1451,\"height\":955,\"caption\":\"mersa trade\"},\"image\":{\"@id\":\"https:\\\/\\\/mersatradedz.com\\\/#\\\/schema\\\/logo\\\/image\\\/\"},\"sameAs\":[\"https:\\\/\\\/www.facebook.com\\\/ntbidz\"]}]}<\/script>\n<!-- \/ Yoast SEO plugin. -->","yoast_head_json":{"title":"CHAISE PDG 76A - mersatradedz","robots":{"index":"index","follow":"follow","max-snippet":"max-snippet:-1","max-image-preview":"max-image-preview:large","max-video-preview":"max-video-preview:-1"},"canonical":"https:\/\/mersatradedz.com\/ar\/product\/chaise-operateur-76a\/","og_locale":"ar_AR","og_type":"article","og_title":"CHAISE PDG 76A - mersatradedz","og_description":"Avez-vous un code promo\u00a0? Cliquez ici pour saisir votre code    Si vous poss\u00e9dez un code promo, veuillez l\u2019appliquer ci-dessous.   Code promo\u00a0:      Appliquer le code promo                D\u00e9tails de facturation     Pr\u00e9nom&nbsp;*Nom&nbsp;*Pays\/r\u00e9gion&nbsp;*Alg\u00e9rieR\u00e9gion\u00a0\/\u00a0D\u00e9partement&nbsp;*    S\u00e9lectionner une option\u2026AdrarChlefLaghouatOum El BouaghiBatnaB\u00e9ja\u00efaBiskraB\u00e9charBlidaBouiraTamanrassetT\u00e9bessaTlemcenTiaretTizi OuzouAlgerDjelfaJijelS\u00e9tifSa\u00efdaSkikdaSidi Bel Abb\u00e8sAnnabaGuelmaConstantineM\u00e9d\u00e9aMostaganemM\u2019SilaMascaraOuarglaOranEl BayadhIlliziBordj Bou Arr\u00e9ridjBoumerd\u00e8sEl TarfTindoufTissemsiltEl OuedKhenchelaSouk AhrasTipasaMilaA\u00efn DeflaNa\u00e2maA\u00efn T\u00e9mouchentGharda\u00efaRelizaneT\u00e9l\u00e9phone&nbsp;*                 Exp\u00e9dier \u00e0 une adresse diff\u00e9rente\u00a0?                             Notes de commande&nbsp;(facultatif)               Votre commande         Produit  Sous-total              SUPORT LAPTOP HOCO AVEC REFROIDISSEMENT&nbsp;    &times;&nbsp;1            &#x62f;.&#x62c;7,000.00             Sous-total  &#x62f;.&#x62c;7,000.00          Exp\u00e9dition   Saisissez votre adresse pour voir les options de livraison.                      Total  &#x62f;.&#x62c;7,000.00              Cash on delivery     Pay with cash upon delivery.         Votre navigateur ne supporte pas JavaScript ou bien il est d\u00e9sactiv\u00e9, assurez vous de cliquer sur le bouton Mise \u00e0 Jour Totaux avant de passer votre commande. Vous pouvez \u00eatre factur\u00e9 plus que le montant indiqu\u00e9 ci-dessus si vous omettez de le faire.  Mise \u00e0 jour des totaux      Your personal data will be used to process your order, support your experience throughout this website, and for other purposes described in our politique de confidentialit\u00e9.       Acheter       Acheter","og_url":"https:\/\/mersatradedz.com\/ar\/product\/chaise-operateur-76a\/","og_site_name":"mersatradedz","article_publisher":"https:\/\/www.facebook.com\/ntbidz","article_modified_time":"2025-03-22T21:33:27+00:00","og_image":[{"width":169,"height":299,"url":"https:\/\/mersatradedz.com\/wp-content\/uploads\/2023\/07\/3494.jpg","type":"image\/jpeg"}],"twitter_card":"summary_large_image","schema":{"@context":"https:\/\/schema.org","@graph":[{"@type":"WebPage","@id":"https:\/\/mersatradedz.com\/product\/chaise-operateur-76a\/","url":"https:\/\/mersatradedz.com\/product\/chaise-operateur-76a\/","name":"CHAISE PDG 76A - mersatradedz","isPartOf":{"@id":"https:\/\/mersatradedz.com\/#website"},"primaryImageOfPage":{"@id":"https:\/\/mersatradedz.com\/product\/chaise-operateur-76a\/#primaryimage"},"image":{"@id":"https:\/\/mersatradedz.com\/product\/chaise-operateur-76a\/#primaryimage"},"thumbnailUrl":"https:\/\/mersatradedz.com\/wp-content\/uploads\/2023\/07\/3494.jpg","datePublished":"2023-05-22T18:24:56+00:00","dateModified":"2025-03-22T21:33:27+00:00","breadcrumb":{"@id":"https:\/\/mersatradedz.com\/product\/chaise-operateur-76a\/#breadcrumb"},"inLanguage":"ar","potentialAction":[{"@type":"ReadAction","target":["https:\/\/mersatradedz.com\/product\/chaise-operateur-76a\/"]}]},{"@type":"ImageObject","inLanguage":"ar","@id":"https:\/\/mersatradedz.com\/product\/chaise-operateur-76a\/#primaryimage","url":"https:\/\/mersatradedz.com\/wp-content\/uploads\/2023\/07\/3494.jpg","contentUrl":"https:\/\/mersatradedz.com\/wp-content\/uploads\/2023\/07\/3494.jpg","width":169,"height":299},{"@type":"BreadcrumbList","@id":"https:\/\/mersatradedz.com\/product\/chaise-operateur-76a\/#breadcrumb","itemListElement":[{"@type":"ListItem","position":1,"name":"Home","item":"https:\/\/mersatradedz.com\/ar\/"},{"@type":"ListItem","position":2,"name":"Boutique","item":"https:\/\/mersatradedz.com\/shop\/"},{"@type":"ListItem","position":3,"name":"CHAISE PDG 76A"}]},{"@type":"WebSite","@id":"https:\/\/mersatradedz.com\/#website","url":"https:\/\/mersatradedz.com\/","name":"mersatradedz","description":"","publisher":{"@id":"https:\/\/mersatradedz.com\/#organization"},"potentialAction":[{"@type":"SearchAction","target":{"@type":"EntryPoint","urlTemplate":"https:\/\/mersatradedz.com\/?s={search_term_string}"},"query-input":{"@type":"PropertyValueSpecification","valueRequired":true,"valueName":"search_term_string"}}],"inLanguage":"ar"},{"@type":"Organization","@id":"https:\/\/mersatradedz.com\/#organization","name":"mersa trade","url":"https:\/\/mersatradedz.com\/","logo":{"@type":"ImageObject","inLanguage":"ar","@id":"https:\/\/mersatradedz.com\/#\/schema\/logo\/image\/","url":"https:\/\/mersatradedz.com\/wp-content\/uploads\/2023\/07\/cropped-1684191296456.jpg","contentUrl":"https:\/\/mersatradedz.com\/wp-content\/uploads\/2023\/07\/cropped-1684191296456.jpg","width":1451,"height":955,"caption":"mersa trade"},"image":{"@id":"https:\/\/mersatradedz.com\/#\/schema\/logo\/image\/"},"sameAs":["https:\/\/www.facebook.com\/ntbidz"]}]}},"jetpack_sharing_enabled":true,"_links":{"self":[{"href":"https:\/\/mersatradedz.com\/ar\/wp-json\/wp\/v2\/product\/806","targetHints":{"allow":["GET"]}}],"collection":[{"href":"https:\/\/mersatradedz.com\/ar\/wp-json\/wp\/v2\/product"}],"about":[{"href":"https:\/\/mersatradedz.com\/ar\/wp-json\/wp\/v2\/types\/product"}],"replies":[{"embeddable":true,"href":"https:\/\/mersatradedz.com\/ar\/wp-json\/wp\/v2\/comments?post=806"}],"wp:featuredmedia":[{"embeddable":true,"href":"https:\/\/mersatradedz.com\/ar\/wp-json\/wp\/v2\/media\/1008"}],"wp:attachment":[{"href":"https:\/\/mersatradedz.com\/ar\/wp-json\/wp\/v2\/media?parent=806"}],"wp:term":[{"taxonomy":"product_brand","embeddable":true,"href":"https:\/\/mersatradedz.com\/ar\/wp-json\/wp\/v2\/product_brand?post=806"},{"taxonomy":"product_cat","embeddable":true,"href":"https:\/\/mersatradedz.com\/ar\/wp-json\/wp\/v2\/product_cat?post=806"},{"taxonomy":"product_tag","embeddable":true,"href":"https:\/\/mersatradedz.com\/ar\/wp-json\/wp\/v2\/product_tag?post=806"}],"curies":[{"name":"wp","href":"https:\/\/api.w.org\/{rel}","templated":true}]}}